{"id":82416,"date":"2024-05-10T14:18:13","date_gmt":"2024-05-10T14:18:13","guid":{"rendered":"https:\/\/www.loopkinglaces.com\/products\/platta-gula-skosnoren-av-bomull-med-guldspetsar\/"},"modified":"2024-05-10T14:18:13","modified_gmt":"2024-05-10T14:18:13","slug":"platta-gula-skosnoren-av-bomull-med-guldspetsar","status":"publish","type":"product","link":"https:\/\/www.loopkinglaces.com\/sv\/products\/platta-gula-skosnoren-av-bomull-med-guldspetsar\/","title":{"rendered":"Platta gula skosn\u00f6ren av bomull med guldspetsar"},"content":{"rendered":"<p>G\u00e5 med sj\u00e4lvf\u00f6rtroende i v\u00e5ra gula skosn\u00f6ren i platt bomull, prydda med sofistikerade guldspetsar.<br \/>\nDessa tunna skosn\u00f6ren \u00e4r tillverkade av mjuk premiumbomull och kompletterar enkelt dina st\u00f6vlar, kl\u00e4nningsskor, sneakers och andra skor fr\u00e5n ledande m\u00e4rken.<br \/>\nByt dem s\u00f6ml\u00f6st och forts\u00e4tt att r\u00f6ra dig med stil!  <\/p>\n","protected":false},"excerpt":{"rendered":"<p><strong>Platta gula skosn\u00f6ren av bomull med guldspetsar<\/strong><\/p>\n<p>H\u00e5ll dig i r\u00f6relse med stil med v\u00e5ra eleganta Flat Cotton Yellow skosn\u00f6ren med lyxiga guldspetsar. Dessa m\u00e5ngsidiga tunna skosn\u00f6ren \u00e4r tillverkade av premium soft-touch bomull och lyfter dina st\u00f6vlar, kl\u00e4nningsskor, sneakers och mycket mer. Byt enkelt ut dem mellan dina favoritpar och g\u00e5 ut med sj\u00e4lvf\u00f6rtroende! Viktiga funktioner inkluderar:  <\/p>\n<ul>\n<li style=\"font-weight: 400;\" aria-level=\"1\">Material av h\u00f6gsta kvalitet<\/li>\n<li style=\"font-weight: 400;\" aria-level=\"1\">F\u00f6rseglad och fantastisk f\u00f6rpackning<\/li>\n<li style=\"font-weight: 400;\" aria-level=\"1\">Olika l\u00e4ngder finns tillg\u00e4ngliga<\/li>\n<li style=\"font-weight: 400;\" aria-level=\"1\">Passar alla st\u00f6rre m\u00e4rken (Nike, Adidas, Reebok, Converse, Vans)<\/li>\n<li style=\"font-weight: 400;\" aria-level=\"1\">Pr\u00e4glade guldspetsar<\/li>\n<\/ul>\n","protected":false},"featured_media":82424,"comment_status":"open","ping_status":"closed","template":"","meta":{"_acf_changed":false},"product_brand":[],"product_cat":[2032,2175,2198,2298,2297,2295,2301,2265,2296,2201,2299,2220,2213,2300,2033,2134],"product_tag":[2063,2065,2303,2302,2064,2068,2066,2304],"woo-feed-brand":[],"class_list":{"0":"post-82416","1":"product","2":"type-product","3":"status-publish","4":"has-post-thumbnail","6":"product_cat-alla-skosnoren","7":"product_cat-de-basta-alexander-mcqueen-skosnorena-for-dina-avancerade-sneakers","8":"product_cat-fantastiska-jordan-skosnoren-for-att-uppdatera-dina-sparkar-i-manga-farger","9":"product_cat-gula-skosnoren-som-ger-dina-skor-en-solstrale","10":"product_cat-gula-skosnoren-som-overglanser-alla-andra-och-passar-perfekt","11":"product_cat-hogklassiga-adidas-skosnoren-for-att-forbattra-din-look","12":"product_cat-kiwi-skosnoren-mer-an-bara-en-trend","13":"product_cat-lanvin-skosnoren-forhoj-varje-steg-du-tar","14":"product_cat-moderiktiga-fargade-skosnoren-for-sneakers","15":"product_cat-moderna-och-forstklassiga-nike-sb-skosnoren","16":"product_cat-premium-svarta-och-gula-skosnoren-perfekta-for-alla-stilar","17":"product_cat-robusta-thorogood-skosnoren-som-aldrig-kommer-att-svika-dig","18":"product_cat-skosnoren-for-idrottare-inte-bara-en-knytningslek","19":"product_cat-skosnoren-i-premiumbomull-som-overtraffar-andra-marken-pa-alla-satt","20":"product_cat-skosnoren-med-guldspets","21":"product_cat-valj-fran-var-hogklassiga-kollektion-av-fargade-skosnoren","22":"product_tag-loop-king-sv","23":"product_tag-metallspets","24":"product_tag-platt","25":"product_tag-plattvaxad","26":"product_tag-skosnoren","27":"product_tag-skosnoren-med-guldspets","28":"product_tag-svart","29":"product_tag-vaxad","31":"first","32":"instock","33":"taxable","34":"shipping-taxable","35":"purchasable","36":"product-type-variable"},"acf":[],"yoast_head":"<!-- This site is optimized with the Yoast SEO plugin v27.4 - https:\/\/yoast.com\/product\/yoast-seo-wordpress\/ -->\n<title>Platta gula skosn\u00f6ren av bomull med guldspetsar<\/title>\n<meta name=\"description\" content=\"Uppgradera dina skor med v\u00e5ra Flat Cotton Yellow skosn\u00f6ren med guldspetsar. Dessa snygga skosn\u00f6ren \u00e4r tillverkade av premiummaterial och ger 3x h\u00e5llbarhet.\" \/>\n<meta name=\"robots\" content=\"index, follow, max-snippet:-1, max-image-preview:large, max-video-preview:-1\" \/>\n<link rel=\"canonical\" href=\"https:\/\/www.loopkinglaces.com\/sv\/products\/platta-gula-skosnoren-av-bomull-med-guldspetsar\/\" \/>\n<meta property=\"og:locale\" content=\"sv_SE\" \/>\n<meta property=\"og:type\" content=\"article\" \/>\n<meta property=\"og:title\" content=\"Platta gula skosn\u00f6ren av bomull med guldspetsar\" \/>\n<meta property=\"og:description\" content=\"Uppgradera dina skor med v\u00e5ra Flat Cotton Yellow skosn\u00f6ren med guldspetsar. Dessa snygga skosn\u00f6ren \u00e4r tillverkade av premiummaterial och ger 3x h\u00e5llbarhet.\" \/>\n<meta property=\"og:url\" content=\"https:\/\/www.loopkinglaces.com\/sv\/products\/platta-gula-skosnoren-av-bomull-med-guldspetsar\/\" \/>\n<meta property=\"og:site_name\" content=\"Luxury Gold Tip Shoelaces by Loop King Laces\" \/>\n<meta property=\"article:publisher\" content=\"https:\/\/www.facebook.com\/LoopKingLaces\/\" \/>\n<meta property=\"og:image\" content=\"https:\/\/www.loopkinglaces.com\/wp-content\/uploads\/0415A-17-scaled.jpg\" \/>\n\t<meta property=\"og:image:width\" content=\"2560\" \/>\n\t<meta property=\"og:image:height\" content=\"1707\" \/>\n\t<meta property=\"og:image:type\" content=\"image\/jpeg\" \/>\n<meta name=\"twitter:card\" content=\"summary_large_image\" \/>\n<meta name=\"twitter:site\" content=\"@loopkinglaces\" \/>\n<script type=\"application\/ld+json\" class=\"yoast-schema-graph\">{\"@context\":\"https:\\\/\\\/schema.org\",\"@graph\":[{\"@type\":[\"WebPage\",\"ItemPage\"],\"@id\":\"https:\\\/\\\/www.loopkinglaces.com\\\/sv\\\/products\\\/platta-gula-skosnoren-av-bomull-med-guldspetsar\\\/\",\"url\":\"https:\\\/\\\/www.loopkinglaces.com\\\/sv\\\/products\\\/platta-gula-skosnoren-av-bomull-med-guldspetsar\\\/\",\"name\":\"Platta gula skosn\u00f6ren av bomull med guldspetsar\",\"isPartOf\":{\"@id\":\"https:\\\/\\\/www.loopkinglaces.com\\\/sv\\\/#website\"},\"primaryImageOfPage\":{\"@id\":\"https:\\\/\\\/www.loopkinglaces.com\\\/sv\\\/products\\\/platta-gula-skosnoren-av-bomull-med-guldspetsar\\\/#primaryimage\"},\"image\":{\"@id\":\"https:\\\/\\\/www.loopkinglaces.com\\\/sv\\\/products\\\/platta-gula-skosnoren-av-bomull-med-guldspetsar\\\/#primaryimage\"},\"thumbnailUrl\":\"https:\\\/\\\/www.loopkinglaces.com\\\/wp-content\\\/uploads\\\/0415A-17-scaled.jpg\",\"datePublished\":\"2024-05-10T14:18:13+00:00\",\"description\":\"Uppgradera dina skor med v\u00e5ra Flat Cotton Yellow skosn\u00f6ren med guldspetsar. Dessa snygga skosn\u00f6ren \u00e4r tillverkade av premiummaterial och ger 3x h\u00e5llbarhet.\",\"breadcrumb\":{\"@id\":\"https:\\\/\\\/www.loopkinglaces.com\\\/sv\\\/products\\\/platta-gula-skosnoren-av-bomull-med-guldspetsar\\\/#breadcrumb\"},\"inLanguage\":\"sv-SE\",\"potentialAction\":[{\"@type\":\"ReadAction\",\"target\":[\"https:\\\/\\\/www.loopkinglaces.com\\\/sv\\\/products\\\/platta-gula-skosnoren-av-bomull-med-guldspetsar\\\/\"]}]},{\"@type\":\"ImageObject\",\"inLanguage\":\"sv-SE\",\"@id\":\"https:\\\/\\\/www.loopkinglaces.com\\\/sv\\\/products\\\/platta-gula-skosnoren-av-bomull-med-guldspetsar\\\/#primaryimage\",\"url\":\"https:\\\/\\\/www.loopkinglaces.com\\\/wp-content\\\/uploads\\\/0415A-17-scaled.jpg\",\"contentUrl\":\"https:\\\/\\\/www.loopkinglaces.com\\\/wp-content\\\/uploads\\\/0415A-17-scaled.jpg\",\"width\":2560,\"height\":1707},{\"@type\":\"BreadcrumbList\",\"@id\":\"https:\\\/\\\/www.loopkinglaces.com\\\/sv\\\/products\\\/platta-gula-skosnoren-av-bomull-med-guldspetsar\\\/#breadcrumb\",\"itemListElement\":[{\"@type\":\"ListItem\",\"position\":1,\"name\":\"Home\",\"item\":\"https:\\\/\\\/www.loopkinglaces.com\\\/sv\\\/\"},{\"@type\":\"ListItem\",\"position\":2,\"name\":\"BUY LACES\",\"item\":\"https:\\\/\\\/www.loopkinglaces.com\\\/buy-laces\\\/\"},{\"@type\":\"ListItem\",\"position\":3,\"name\":\"Platta gula skosn\u00f6ren av bomull med guldspetsar\"}]},{\"@type\":\"WebSite\",\"@id\":\"https:\\\/\\\/www.loopkinglaces.com\\\/sv\\\/#website\",\"url\":\"https:\\\/\\\/www.loopkinglaces.com\\\/sv\\\/\",\"name\":\"Luxury Gold Tip Shoelaces by Loop King Laces\",\"description\":\"Rope Laces, Flat Waxed Laces and Leather Laces. All With Gold Tips.\",\"publisher\":{\"@id\":\"https:\\\/\\\/www.loopkinglaces.com\\\/sv\\\/#organization\"},\"potentialAction\":[{\"@type\":\"SearchAction\",\"target\":{\"@type\":\"EntryPoint\",\"urlTemplate\":\"https:\\\/\\\/www.loopkinglaces.com\\\/sv\\\/?s={search_term_string}\"},\"query-input\":{\"@type\":\"PropertyValueSpecification\",\"valueRequired\":true,\"valueName\":\"search_term_string\"}}],\"inLanguage\":\"sv-SE\"},{\"@type\":\"Organization\",\"@id\":\"https:\\\/\\\/www.loopkinglaces.com\\\/sv\\\/#organization\",\"name\":\"Loop King Laces\",\"url\":\"https:\\\/\\\/www.loopkinglaces.com\\\/sv\\\/\",\"logo\":{\"@type\":\"ImageObject\",\"inLanguage\":\"sv-SE\",\"@id\":\"https:\\\/\\\/www.loopkinglaces.com\\\/sv\\\/#\\\/schema\\\/logo\\\/image\\\/\",\"url\":\"https:\\\/\\\/www.loopkinglaces.com\\\/wp-content\\\/uploads\\\/LOOP-KING-LACES.1.1-01-LOGO-HI-RES-OFFICIAL-1.png\",\"contentUrl\":\"https:\\\/\\\/www.loopkinglaces.com\\\/wp-content\\\/uploads\\\/LOOP-KING-LACES.1.1-01-LOGO-HI-RES-OFFICIAL-1.png\",\"width\":128,\"height\":91,\"caption\":\"Loop King Laces\"},\"image\":{\"@id\":\"https:\\\/\\\/www.loopkinglaces.com\\\/sv\\\/#\\\/schema\\\/logo\\\/image\\\/\"},\"sameAs\":[\"https:\\\/\\\/www.facebook.com\\\/LoopKingLaces\\\/\",\"https:\\\/\\\/x.com\\\/loopkinglaces\",\"https:\\\/\\\/www.instagram.com\\\/loopkinglaces\\\/\"]}]}<\/script>\n<!-- \/ Yoast SEO plugin. -->","yoast_head_json":{"title":"Platta gula skosn\u00f6ren av bomull med guldspetsar","description":"Uppgradera dina skor med v\u00e5ra Flat Cotton Yellow skosn\u00f6ren med guldspetsar. Dessa snygga skosn\u00f6ren \u00e4r tillverkade av premiummaterial och ger 3x h\u00e5llbarhet.","robots":{"index":"index","follow":"follow","max-snippet":"max-snippet:-1","max-image-preview":"max-image-preview:large","max-video-preview":"max-video-preview:-1"},"canonical":"https:\/\/www.loopkinglaces.com\/sv\/products\/platta-gula-skosnoren-av-bomull-med-guldspetsar\/","og_locale":"sv_SE","og_type":"article","og_title":"Platta gula skosn\u00f6ren av bomull med guldspetsar","og_description":"Uppgradera dina skor med v\u00e5ra Flat Cotton Yellow skosn\u00f6ren med guldspetsar. Dessa snygga skosn\u00f6ren \u00e4r tillverkade av premiummaterial och ger 3x h\u00e5llbarhet.","og_url":"https:\/\/www.loopkinglaces.com\/sv\/products\/platta-gula-skosnoren-av-bomull-med-guldspetsar\/","og_site_name":"Luxury Gold Tip Shoelaces by Loop King Laces","article_publisher":"https:\/\/www.facebook.com\/LoopKingLaces\/","og_image":[{"width":2560,"height":1707,"url":"https:\/\/www.loopkinglaces.com\/wp-content\/uploads\/0415A-17-scaled.jpg","type":"image\/jpeg"}],"twitter_card":"summary_large_image","twitter_site":"@loopkinglaces","schema":{"@context":"https:\/\/schema.org","@graph":[{"@type":["WebPage","ItemPage"],"@id":"https:\/\/www.loopkinglaces.com\/sv\/products\/platta-gula-skosnoren-av-bomull-med-guldspetsar\/","url":"https:\/\/www.loopkinglaces.com\/sv\/products\/platta-gula-skosnoren-av-bomull-med-guldspetsar\/","name":"Platta gula skosn\u00f6ren av bomull med guldspetsar","isPartOf":{"@id":"https:\/\/www.loopkinglaces.com\/sv\/#website"},"primaryImageOfPage":{"@id":"https:\/\/www.loopkinglaces.com\/sv\/products\/platta-gula-skosnoren-av-bomull-med-guldspetsar\/#primaryimage"},"image":{"@id":"https:\/\/www.loopkinglaces.com\/sv\/products\/platta-gula-skosnoren-av-bomull-med-guldspetsar\/#primaryimage"},"thumbnailUrl":"https:\/\/www.loopkinglaces.com\/wp-content\/uploads\/0415A-17-scaled.jpg","datePublished":"2024-05-10T14:18:13+00:00","description":"Uppgradera dina skor med v\u00e5ra Flat Cotton Yellow skosn\u00f6ren med guldspetsar. Dessa snygga skosn\u00f6ren \u00e4r tillverkade av premiummaterial och ger 3x h\u00e5llbarhet.","breadcrumb":{"@id":"https:\/\/www.loopkinglaces.com\/sv\/products\/platta-gula-skosnoren-av-bomull-med-guldspetsar\/#breadcrumb"},"inLanguage":"sv-SE","potentialAction":[{"@type":"ReadAction","target":["https:\/\/www.loopkinglaces.com\/sv\/products\/platta-gula-skosnoren-av-bomull-med-guldspetsar\/"]}]},{"@type":"ImageObject","inLanguage":"sv-SE","@id":"https:\/\/www.loopkinglaces.com\/sv\/products\/platta-gula-skosnoren-av-bomull-med-guldspetsar\/#primaryimage","url":"https:\/\/www.loopkinglaces.com\/wp-content\/uploads\/0415A-17-scaled.jpg","contentUrl":"https:\/\/www.loopkinglaces.com\/wp-content\/uploads\/0415A-17-scaled.jpg","width":2560,"height":1707},{"@type":"BreadcrumbList","@id":"https:\/\/www.loopkinglaces.com\/sv\/products\/platta-gula-skosnoren-av-bomull-med-guldspetsar\/#breadcrumb","itemListElement":[{"@type":"ListItem","position":1,"name":"Home","item":"https:\/\/www.loopkinglaces.com\/sv\/"},{"@type":"ListItem","position":2,"name":"BUY LACES","item":"https:\/\/www.loopkinglaces.com\/buy-laces\/"},{"@type":"ListItem","position":3,"name":"Platta gula skosn\u00f6ren av bomull med guldspetsar"}]},{"@type":"WebSite","@id":"https:\/\/www.loopkinglaces.com\/sv\/#website","url":"https:\/\/www.loopkinglaces.com\/sv\/","name":"Luxury Gold Tip Shoelaces by Loop King Laces","description":"Rope Laces, Flat Waxed Laces and Leather Laces. All With Gold Tips.","publisher":{"@id":"https:\/\/www.loopkinglaces.com\/sv\/#organization"},"potentialAction":[{"@type":"SearchAction","target":{"@type":"EntryPoint","urlTemplate":"https:\/\/www.loopkinglaces.com\/sv\/?s={search_term_string}"},"query-input":{"@type":"PropertyValueSpecification","valueRequired":true,"valueName":"search_term_string"}}],"inLanguage":"sv-SE"},{"@type":"Organization","@id":"https:\/\/www.loopkinglaces.com\/sv\/#organization","name":"Loop King Laces","url":"https:\/\/www.loopkinglaces.com\/sv\/","logo":{"@type":"ImageObject","inLanguage":"sv-SE","@id":"https:\/\/www.loopkinglaces.com\/sv\/#\/schema\/logo\/image\/","url":"https:\/\/www.loopkinglaces.com\/wp-content\/uploads\/LOOP-KING-LACES.1.1-01-LOGO-HI-RES-OFFICIAL-1.png","contentUrl":"https:\/\/www.loopkinglaces.com\/wp-content\/uploads\/LOOP-KING-LACES.1.1-01-LOGO-HI-RES-OFFICIAL-1.png","width":128,"height":91,"caption":"Loop King Laces"},"image":{"@id":"https:\/\/www.loopkinglaces.com\/sv\/#\/schema\/logo\/image\/"},"sameAs":["https:\/\/www.facebook.com\/LoopKingLaces\/","https:\/\/x.com\/loopkinglaces","https:\/\/www.instagram.com\/loopkinglaces\/"]}]}},"_links":{"self":[{"href":"https:\/\/www.loopkinglaces.com\/sv\/wp-json\/wp\/v2\/product\/82416","targetHints":{"allow":["GET"]}}],"collection":[{"href":"https:\/\/www.loopkinglaces.com\/sv\/wp-json\/wp\/v2\/product"}],"about":[{"href":"https:\/\/www.loopkinglaces.com\/sv\/wp-json\/wp\/v2\/types\/product"}],"replies":[{"embeddable":true,"href":"https:\/\/www.loopkinglaces.com\/sv\/wp-json\/wp\/v2\/comments?post=82416"}],"wp:featuredmedia":[{"embeddable":true,"href":"https:\/\/www.loopkinglaces.com\/sv\/wp-json\/wp\/v2\/media\/82424"}],"wp:attachment":[{"href":"https:\/\/www.loopkinglaces.com\/sv\/wp-json\/wp\/v2\/media?parent=82416"}],"wp:term":[{"taxonomy":"product_brand","embeddable":true,"href":"https:\/\/www.loopkinglaces.com\/sv\/wp-json\/wp\/v2\/product_brand?post=82416"},{"taxonomy":"product_cat","embeddable":true,"href":"https:\/\/www.loopkinglaces.com\/sv\/wp-json\/wp\/v2\/product_cat?post=82416"},{"taxonomy":"product_tag","embeddable":true,"href":"https:\/\/www.loopkinglaces.com\/sv\/wp-json\/wp\/v2\/product_tag?post=82416"},{"taxonomy":"woo-feed-brand","embeddable":true,"href":"https:\/\/www.loopkinglaces.com\/sv\/wp-json\/wp\/v2\/woo-feed-brand?post=82416"}],"curies":[{"name":"wp","href":"https:\/\/api.w.org\/{rel}","templated":true}]}}