{"id":81611,"date":"2023-12-07T18:25:17","date_gmt":"2023-12-07T18:25:17","guid":{"rendered":"https:\/\/www.loopkinglaces.com\/products\/rope-reflekterande-vita-skosnoren-med-tydliga-spetsar\/"},"modified":"2023-12-07T18:25:17","modified_gmt":"2023-12-07T18:25:17","slug":"rope-reflekterande-vita-skosnoren-med-tydliga-spetsar","status":"publish","type":"product","link":"https:\/\/www.loopkinglaces.com\/sv\/products\/rope-reflekterande-vita-skosnoren-med-tydliga-spetsar\/","title":{"rendered":"Rope Reflekterande vita skosn\u00f6ren med tydliga spetsar"},"content":{"rendered":"<h3><a href=\"https:\/\/www.loopkinglaces.com\/\">Lyxiga sn\u00f6ren f\u00f6r sneakers<\/a><\/h3>\n<p>Loop King Laces presenterar en revolution inom design av skosn\u00f6ren. V\u00e5ra Luxury Rope Shoelaces, kompletterade med transparenta plastspetsar, \u00e4r tillverkade av \u00f6verl\u00e4gsna material f\u00f6r ultimat kvalitet. F\u00f6rv\u00e4nta dig upp till tre g\u00e5nger s\u00e5 l\u00e5ng livsl\u00e4ngd som vanliga skosn\u00f6ren. V\u00e5ra skosn\u00f6ren passar alla olika typer av sneakers och varum\u00e4rken inklusive Adidas, Nike, VANS och s\u00e5 vidare, bes\u00f6k v\u00e5r <a href=\"\/shoelace-size-chart\/\">storleksguide<\/a> d\u00e4r du kan hitta den perfekta storleken p\u00e5 skosn\u00f6ren som passar dina skor.  <\/p>\n<p>&nbsp;<\/p>\n","protected":false},"excerpt":{"rendered":"<p><strong>Rope Reflekterande vita skosn\u00f6ren med tydliga spetsar<\/strong><\/p>\n<p>Uppt\u00e4ck fusionen av styrka och stil med Loop King Laces. V\u00e5ra Luxury Rope Shoelaces, med genomskinliga plastspetsar f\u00f6r en raffinerad finish, \u00e4r tillverkade av material av h\u00f6gsta kvalitet. Dessa skosn\u00f6ren \u00e4r inte bara eleganta; de \u00e4r konstruerade f\u00f6r att h\u00e5lla, och h\u00e5ller tre g\u00e5nger l\u00e4ngre \u00e4n vanliga skosn\u00f6ren. Utforska hela listan med funktioner nedan:   <\/p>\n<ul>\n<li>4 mm bredd (rund)<\/li>\n<li>F\u00f6rstklassiga material<\/li>\n<li>H\u00e5ller <strong>3 g\u00e5nger l\u00e4ngre<\/strong> \u00e4n vanliga sn\u00f6ren<\/li>\n<li>Tips i genomskinlig plast<\/li>\n<li>Beautiful Loop King F\u00f6rpackningar per spets<\/li>\n<\/ul>\n","protected":false},"featured_media":81613,"comment_status":"open","ping_status":"closed","template":"","meta":{"_acf_changed":false},"product_brand":[],"product_cat":[2132,2032,2088,2246,2283,2286,2285,2042,2271,2200,2100,2281,2090],"product_tag":[2069,2063,2065,2064,2067,2068,2066],"woo-feed-brand":[],"class_list":{"0":"post-81611","1":"product","2":"type-product","3":"status-publish","4":"has-post-thumbnail","6":"product_cat-52-tums-skosnoren","7":"product_cat-alla-skosnoren","8":"product_cat-elite-level-jordan-1-bordeaux-vita-skosnoren-som-ser-lyxiga-ut","9":"product_cat-forbattra-dina-skor-med-columbia-boot-laces","10":"product_cat-gavi-shoelaces-berattelsen-om-fc-barcelonas-fotbollsstjarna-som-loste-upp-skosnorena","11":"product_cat-ge-din-stil-en-kick-med-tvafargade-skosnoren","12":"product_cat-militara-skosnoren-snora-upp-som-ett-proffs","13":"product_cat-premium-fotbollssnoren-slitstarka-och-snygga","14":"product_cat-premium-rope-skosnoren-exceptionell-och-forstklassig-kvalitet","15":"product_cat-skosnoren-pa-moln-lyfter-skodon-en-spets-i-taget","16":"product_cat-snora-upp-de-roliga-skosnorena-en-djupdykning-i-spannande-skosnoren","17":"product_cat-utsokta-reflekterande-skosnoren-for-nattjoggning-fester-eller-bara-for-att-se-snygg-ut","18":"product_cat-vita-nike-skosnoren-som-lyser-lika-klart-som-en-stjarna","19":"product_tag-gra","20":"product_tag-loop-king-sv","21":"product_tag-metallspets","22":"product_tag-skosnoren","23":"product_tag-skosnoren-av-rep","24":"product_tag-skosnoren-med-guldspets","25":"product_tag-svart","27":"first","28":"instock","29":"taxable","30":"shipping-taxable","31":"product-type-variable"},"acf":[],"yoast_head":"<!-- This site is optimized with the Yoast SEO plugin v27.4 - https:\/\/yoast.com\/product\/yoast-seo-wordpress\/ -->\n<title>Rope Reflekterande vita skosn\u00f6ren med tydliga spetsar - fr\u00e5n Loop King<\/title>\n<meta name=\"description\" content=\"Loop King Laces erbjuder mer \u00e4n bara skosn\u00f6ren; vi levererar ett l\u00f6fte om kvalitet och stil. Uppgradera dina skor med v\u00e5ra h\u00e5llbara och eleganta skosn\u00f6ren.\" \/>\n<meta name=\"robots\" content=\"index, follow, max-snippet:-1, max-image-preview:large, max-video-preview:-1\" \/>\n<link rel=\"canonical\" href=\"https:\/\/www.loopkinglaces.com\/sv\/products\/rope-reflekterande-vita-skosnoren-med-tydliga-spetsar\/\" \/>\n<meta property=\"og:locale\" content=\"sv_SE\" \/>\n<meta property=\"og:type\" content=\"article\" \/>\n<meta property=\"og:title\" content=\"Rope Reflekterande vita skosn\u00f6ren med tydliga spetsar - fr\u00e5n Loop King\" \/>\n<meta property=\"og:description\" content=\"Loop King Laces erbjuder mer \u00e4n bara skosn\u00f6ren; vi levererar ett l\u00f6fte om kvalitet och stil. Uppgradera dina skor med v\u00e5ra h\u00e5llbara och eleganta skosn\u00f6ren.\" \/>\n<meta property=\"og:url\" content=\"https:\/\/www.loopkinglaces.com\/sv\/products\/rope-reflekterande-vita-skosnoren-med-tydliga-spetsar\/\" \/>\n<meta property=\"og:site_name\" content=\"Luxury Gold Tip Shoelaces by Loop King Laces\" \/>\n<meta property=\"article:publisher\" content=\"https:\/\/www.facebook.com\/LoopKingLaces\/\" \/>\n<meta property=\"og:image\" content=\"https:\/\/www.loopkinglaces.com\/wp-content\/uploads\/White-Rope-Reflective-scaled.jpg\" \/>\n\t<meta property=\"og:image:width\" content=\"2560\" \/>\n\t<meta property=\"og:image:height\" content=\"2560\" \/>\n\t<meta property=\"og:image:type\" content=\"image\/jpeg\" \/>\n<meta name=\"twitter:card\" content=\"summary_large_image\" \/>\n<meta name=\"twitter:site\" content=\"@loopkinglaces\" \/>\n<script type=\"application\/ld+json\" class=\"yoast-schema-graph\">{\"@context\":\"https:\\\/\\\/schema.org\",\"@graph\":[{\"@type\":[\"WebPage\",\"ItemPage\"],\"@id\":\"https:\\\/\\\/www.loopkinglaces.com\\\/sv\\\/products\\\/rope-reflekterande-vita-skosnoren-med-tydliga-spetsar\\\/\",\"url\":\"https:\\\/\\\/www.loopkinglaces.com\\\/sv\\\/products\\\/rope-reflekterande-vita-skosnoren-med-tydliga-spetsar\\\/\",\"name\":\"Rope Reflekterande vita skosn\u00f6ren med tydliga spetsar - fr\u00e5n Loop King\",\"isPartOf\":{\"@id\":\"https:\\\/\\\/www.loopkinglaces.com\\\/sv\\\/#website\"},\"primaryImageOfPage\":{\"@id\":\"https:\\\/\\\/www.loopkinglaces.com\\\/sv\\\/products\\\/rope-reflekterande-vita-skosnoren-med-tydliga-spetsar\\\/#primaryimage\"},\"image\":{\"@id\":\"https:\\\/\\\/www.loopkinglaces.com\\\/sv\\\/products\\\/rope-reflekterande-vita-skosnoren-med-tydliga-spetsar\\\/#primaryimage\"},\"thumbnailUrl\":\"https:\\\/\\\/www.loopkinglaces.com\\\/wp-content\\\/uploads\\\/White-Rope-Reflective-scaled.jpg\",\"datePublished\":\"2023-12-07T18:25:17+00:00\",\"description\":\"Loop King Laces erbjuder mer \u00e4n bara skosn\u00f6ren; vi levererar ett l\u00f6fte om kvalitet och stil. Uppgradera dina skor med v\u00e5ra h\u00e5llbara och eleganta skosn\u00f6ren.\",\"breadcrumb\":{\"@id\":\"https:\\\/\\\/www.loopkinglaces.com\\\/sv\\\/products\\\/rope-reflekterande-vita-skosnoren-med-tydliga-spetsar\\\/#breadcrumb\"},\"inLanguage\":\"sv-SE\",\"potentialAction\":[{\"@type\":\"ReadAction\",\"target\":[\"https:\\\/\\\/www.loopkinglaces.com\\\/sv\\\/products\\\/rope-reflekterande-vita-skosnoren-med-tydliga-spetsar\\\/\"]}]},{\"@type\":\"ImageObject\",\"inLanguage\":\"sv-SE\",\"@id\":\"https:\\\/\\\/www.loopkinglaces.com\\\/sv\\\/products\\\/rope-reflekterande-vita-skosnoren-med-tydliga-spetsar\\\/#primaryimage\",\"url\":\"https:\\\/\\\/www.loopkinglaces.com\\\/wp-content\\\/uploads\\\/White-Rope-Reflective-scaled.jpg\",\"contentUrl\":\"https:\\\/\\\/www.loopkinglaces.com\\\/wp-content\\\/uploads\\\/White-Rope-Reflective-scaled.jpg\",\"width\":2560,\"height\":2560},{\"@type\":\"BreadcrumbList\",\"@id\":\"https:\\\/\\\/www.loopkinglaces.com\\\/sv\\\/products\\\/rope-reflekterande-vita-skosnoren-med-tydliga-spetsar\\\/#breadcrumb\",\"itemListElement\":[{\"@type\":\"ListItem\",\"position\":1,\"name\":\"Home\",\"item\":\"https:\\\/\\\/www.loopkinglaces.com\\\/sv\\\/\"},{\"@type\":\"ListItem\",\"position\":2,\"name\":\"BUY LACES\",\"item\":\"https:\\\/\\\/www.loopkinglaces.com\\\/buy-laces\\\/\"},{\"@type\":\"ListItem\",\"position\":3,\"name\":\"Rope Reflekterande vita skosn\u00f6ren med tydliga spetsar\"}]},{\"@type\":\"WebSite\",\"@id\":\"https:\\\/\\\/www.loopkinglaces.com\\\/sv\\\/#website\",\"url\":\"https:\\\/\\\/www.loopkinglaces.com\\\/sv\\\/\",\"name\":\"Luxury Gold Tip Shoelaces by Loop King Laces\",\"description\":\"Rope Laces, Flat Waxed Laces and Leather Laces. All With Gold Tips.\",\"publisher\":{\"@id\":\"https:\\\/\\\/www.loopkinglaces.com\\\/sv\\\/#organization\"},\"potentialAction\":[{\"@type\":\"SearchAction\",\"target\":{\"@type\":\"EntryPoint\",\"urlTemplate\":\"https:\\\/\\\/www.loopkinglaces.com\\\/sv\\\/?s={search_term_string}\"},\"query-input\":{\"@type\":\"PropertyValueSpecification\",\"valueRequired\":true,\"valueName\":\"search_term_string\"}}],\"inLanguage\":\"sv-SE\"},{\"@type\":\"Organization\",\"@id\":\"https:\\\/\\\/www.loopkinglaces.com\\\/sv\\\/#organization\",\"name\":\"Loop King Laces\",\"url\":\"https:\\\/\\\/www.loopkinglaces.com\\\/sv\\\/\",\"logo\":{\"@type\":\"ImageObject\",\"inLanguage\":\"sv-SE\",\"@id\":\"https:\\\/\\\/www.loopkinglaces.com\\\/sv\\\/#\\\/schema\\\/logo\\\/image\\\/\",\"url\":\"https:\\\/\\\/www.loopkinglaces.com\\\/wp-content\\\/uploads\\\/LOOP-KING-LACES.1.1-01-LOGO-HI-RES-OFFICIAL-1.png\",\"contentUrl\":\"https:\\\/\\\/www.loopkinglaces.com\\\/wp-content\\\/uploads\\\/LOOP-KING-LACES.1.1-01-LOGO-HI-RES-OFFICIAL-1.png\",\"width\":128,\"height\":91,\"caption\":\"Loop King Laces\"},\"image\":{\"@id\":\"https:\\\/\\\/www.loopkinglaces.com\\\/sv\\\/#\\\/schema\\\/logo\\\/image\\\/\"},\"sameAs\":[\"https:\\\/\\\/www.facebook.com\\\/LoopKingLaces\\\/\",\"https:\\\/\\\/x.com\\\/loopkinglaces\",\"https:\\\/\\\/www.instagram.com\\\/loopkinglaces\\\/\"]}]}<\/script>\n<!-- \/ Yoast SEO plugin. -->","yoast_head_json":{"title":"Rope Reflekterande vita skosn\u00f6ren med tydliga spetsar - fr\u00e5n Loop King","description":"Loop King Laces erbjuder mer \u00e4n bara skosn\u00f6ren; vi levererar ett l\u00f6fte om kvalitet och stil. Uppgradera dina skor med v\u00e5ra h\u00e5llbara och eleganta skosn\u00f6ren.","robots":{"index":"index","follow":"follow","max-snippet":"max-snippet:-1","max-image-preview":"max-image-preview:large","max-video-preview":"max-video-preview:-1"},"canonical":"https:\/\/www.loopkinglaces.com\/sv\/products\/rope-reflekterande-vita-skosnoren-med-tydliga-spetsar\/","og_locale":"sv_SE","og_type":"article","og_title":"Rope Reflekterande vita skosn\u00f6ren med tydliga spetsar - fr\u00e5n Loop King","og_description":"Loop King Laces erbjuder mer \u00e4n bara skosn\u00f6ren; vi levererar ett l\u00f6fte om kvalitet och stil. Uppgradera dina skor med v\u00e5ra h\u00e5llbara och eleganta skosn\u00f6ren.","og_url":"https:\/\/www.loopkinglaces.com\/sv\/products\/rope-reflekterande-vita-skosnoren-med-tydliga-spetsar\/","og_site_name":"Luxury Gold Tip Shoelaces by Loop King Laces","article_publisher":"https:\/\/www.facebook.com\/LoopKingLaces\/","og_image":[{"width":2560,"height":2560,"url":"https:\/\/www.loopkinglaces.com\/wp-content\/uploads\/White-Rope-Reflective-scaled.jpg","type":"image\/jpeg"}],"twitter_card":"summary_large_image","twitter_site":"@loopkinglaces","schema":{"@context":"https:\/\/schema.org","@graph":[{"@type":["WebPage","ItemPage"],"@id":"https:\/\/www.loopkinglaces.com\/sv\/products\/rope-reflekterande-vita-skosnoren-med-tydliga-spetsar\/","url":"https:\/\/www.loopkinglaces.com\/sv\/products\/rope-reflekterande-vita-skosnoren-med-tydliga-spetsar\/","name":"Rope Reflekterande vita skosn\u00f6ren med tydliga spetsar - fr\u00e5n Loop King","isPartOf":{"@id":"https:\/\/www.loopkinglaces.com\/sv\/#website"},"primaryImageOfPage":{"@id":"https:\/\/www.loopkinglaces.com\/sv\/products\/rope-reflekterande-vita-skosnoren-med-tydliga-spetsar\/#primaryimage"},"image":{"@id":"https:\/\/www.loopkinglaces.com\/sv\/products\/rope-reflekterande-vita-skosnoren-med-tydliga-spetsar\/#primaryimage"},"thumbnailUrl":"https:\/\/www.loopkinglaces.com\/wp-content\/uploads\/White-Rope-Reflective-scaled.jpg","datePublished":"2023-12-07T18:25:17+00:00","description":"Loop King Laces erbjuder mer \u00e4n bara skosn\u00f6ren; vi levererar ett l\u00f6fte om kvalitet och stil. Uppgradera dina skor med v\u00e5ra h\u00e5llbara och eleganta skosn\u00f6ren.","breadcrumb":{"@id":"https:\/\/www.loopkinglaces.com\/sv\/products\/rope-reflekterande-vita-skosnoren-med-tydliga-spetsar\/#breadcrumb"},"inLanguage":"sv-SE","potentialAction":[{"@type":"ReadAction","target":["https:\/\/www.loopkinglaces.com\/sv\/products\/rope-reflekterande-vita-skosnoren-med-tydliga-spetsar\/"]}]},{"@type":"ImageObject","inLanguage":"sv-SE","@id":"https:\/\/www.loopkinglaces.com\/sv\/products\/rope-reflekterande-vita-skosnoren-med-tydliga-spetsar\/#primaryimage","url":"https:\/\/www.loopkinglaces.com\/wp-content\/uploads\/White-Rope-Reflective-scaled.jpg","contentUrl":"https:\/\/www.loopkinglaces.com\/wp-content\/uploads\/White-Rope-Reflective-scaled.jpg","width":2560,"height":2560},{"@type":"BreadcrumbList","@id":"https:\/\/www.loopkinglaces.com\/sv\/products\/rope-reflekterande-vita-skosnoren-med-tydliga-spetsar\/#breadcrumb","itemListElement":[{"@type":"ListItem","position":1,"name":"Home","item":"https:\/\/www.loopkinglaces.com\/sv\/"},{"@type":"ListItem","position":2,"name":"BUY LACES","item":"https:\/\/www.loopkinglaces.com\/buy-laces\/"},{"@type":"ListItem","position":3,"name":"Rope Reflekterande vita skosn\u00f6ren med tydliga spetsar"}]},{"@type":"WebSite","@id":"https:\/\/www.loopkinglaces.com\/sv\/#website","url":"https:\/\/www.loopkinglaces.com\/sv\/","name":"Luxury Gold Tip Shoelaces by Loop King Laces","description":"Rope Laces, Flat Waxed Laces and Leather Laces. All With Gold Tips.","publisher":{"@id":"https:\/\/www.loopkinglaces.com\/sv\/#organization"},"potentialAction":[{"@type":"SearchAction","target":{"@type":"EntryPoint","urlTemplate":"https:\/\/www.loopkinglaces.com\/sv\/?s={search_term_string}"},"query-input":{"@type":"PropertyValueSpecification","valueRequired":true,"valueName":"search_term_string"}}],"inLanguage":"sv-SE"},{"@type":"Organization","@id":"https:\/\/www.loopkinglaces.com\/sv\/#organization","name":"Loop King Laces","url":"https:\/\/www.loopkinglaces.com\/sv\/","logo":{"@type":"ImageObject","inLanguage":"sv-SE","@id":"https:\/\/www.loopkinglaces.com\/sv\/#\/schema\/logo\/image\/","url":"https:\/\/www.loopkinglaces.com\/wp-content\/uploads\/LOOP-KING-LACES.1.1-01-LOGO-HI-RES-OFFICIAL-1.png","contentUrl":"https:\/\/www.loopkinglaces.com\/wp-content\/uploads\/LOOP-KING-LACES.1.1-01-LOGO-HI-RES-OFFICIAL-1.png","width":128,"height":91,"caption":"Loop King Laces"},"image":{"@id":"https:\/\/www.loopkinglaces.com\/sv\/#\/schema\/logo\/image\/"},"sameAs":["https:\/\/www.facebook.com\/LoopKingLaces\/","https:\/\/x.com\/loopkinglaces","https:\/\/www.instagram.com\/loopkinglaces\/"]}]}},"_links":{"self":[{"href":"https:\/\/www.loopkinglaces.com\/sv\/wp-json\/wp\/v2\/product\/81611","targetHints":{"allow":["GET"]}}],"collection":[{"href":"https:\/\/www.loopkinglaces.com\/sv\/wp-json\/wp\/v2\/product"}],"about":[{"href":"https:\/\/www.loopkinglaces.com\/sv\/wp-json\/wp\/v2\/types\/product"}],"replies":[{"embeddable":true,"href":"https:\/\/www.loopkinglaces.com\/sv\/wp-json\/wp\/v2\/comments?post=81611"}],"wp:featuredmedia":[{"embeddable":true,"href":"https:\/\/www.loopkinglaces.com\/sv\/wp-json\/wp\/v2\/media\/81613"}],"wp:attachment":[{"href":"https:\/\/www.loopkinglaces.com\/sv\/wp-json\/wp\/v2\/media?parent=81611"}],"wp:term":[{"taxonomy":"product_brand","embeddable":true,"href":"https:\/\/www.loopkinglaces.com\/sv\/wp-json\/wp\/v2\/product_brand?post=81611"},{"taxonomy":"product_cat","embeddable":true,"href":"https:\/\/www.loopkinglaces.com\/sv\/wp-json\/wp\/v2\/product_cat?post=81611"},{"taxonomy":"product_tag","embeddable":true,"href":"https:\/\/www.loopkinglaces.com\/sv\/wp-json\/wp\/v2\/product_tag?post=81611"},{"taxonomy":"woo-feed-brand","embeddable":true,"href":"https:\/\/www.loopkinglaces.com\/sv\/wp-json\/wp\/v2\/woo-feed-brand?post=81611"}],"curies":[{"name":"wp","href":"https:\/\/api.w.org\/{rel}","templated":true}]}}