{"id":81573,"date":"2023-12-07T18:10:35","date_gmt":"2023-12-07T18:10:35","guid":{"rendered":"https:\/\/www.loopkinglaces.com\/products\/rope-reflekterande-svarta-skosnoren-med-tydliga-spetsar\/"},"modified":"2023-12-07T18:10:35","modified_gmt":"2023-12-07T18:10:35","slug":"rope-reflekterande-svarta-skosnoren-med-tydliga-spetsar","status":"publish","type":"product","link":"https:\/\/www.loopkinglaces.com\/sv\/products\/rope-reflekterande-svarta-skosnoren-med-tydliga-spetsar\/","title":{"rendered":"Rope Reflekterande svarta skosn\u00f6ren med tydliga spetsar"},"content":{"rendered":"<h3><a href=\"https:\/\/www.loopkinglaces.com\/\">Lyxiga sn\u00f6ren f\u00f6r sneakers<\/a><\/h3>\n<p>Loop King Laces omdefinierar lyxiga skosn\u00f6ren. V\u00e5ra avancerade Rope Shoelaces, med distinkta genomskinliga plastspetsar, tillverkas endast av material av h\u00f6gsta kvalitet. Dessa skosn\u00f6ren \u00e4r inte bara ett stilmedel, de \u00e4r byggda f\u00f6r att h\u00e5lla tre g\u00e5nger l\u00e4ngre \u00e4n genomsnittliga skosn\u00f6ren. V\u00e5ra skosn\u00f6ren passar alla olika typer av sneakers och varum\u00e4rken, inklusive Adidas, Nike, VANS och s\u00e5 vidare, bes\u00f6k v\u00e5r <a href=\"\/shoelace-size-chart\/\">storleksguide<\/a> d\u00e4r du kan hitta den perfekta storleken p\u00e5 skosn\u00f6ren som passar dina skor.  <\/p>\n<p>&nbsp;<\/p>\n","protected":false},"excerpt":{"rendered":"<p><strong>Rope Reflekterande svarta skosn\u00f6ren med tydliga spetsar<\/strong><\/p>\n<p>V\u00e4lkommen till Loop King Laces v\u00e4rld, d\u00e4r lyx \u00e4r inv\u00e4vt i varje skosn\u00f6re. V\u00e5ra Luxury Rope Shoelaces, med eleganta spetsar i klar plast, \u00e4r tillverkade av de b\u00e4sta materialen f\u00f6r h\u00f6gsta kvalitet. De har en livsl\u00e4ngd som \u00e4r tre g\u00e5nger l\u00e4ngre \u00e4n vanliga skosn\u00f6ren och \u00e4r ett bevis p\u00e5 h\u00e5llbarhet. Se alla deras funktioner nedan:   <\/p>\n<ul>\n<li>4 mm bredd (rund)<\/li>\n<li>F\u00f6rstklassiga material<\/li>\n<li>H\u00e5ller <strong>3 g\u00e5nger l\u00e4ngre<\/strong> \u00e4n vanliga sn\u00f6ren<\/li>\n<li>Tips i genomskinlig plast<\/li>\n<li>Beautiful Loop King F\u00f6rpackningar per spets<\/li>\n<\/ul>\n","protected":false},"featured_media":81575,"comment_status":"open","ping_status":"closed","template":"","meta":{"_acf_changed":false},"product_brand":[],"product_cat":[2032,2177,2246,2286,2154,2251,2178,2290,2285,2042,2271,2200,2100,2137,2281,2158],"product_tag":[2069,2063,2065,2064,2067,2068,2066],"woo-feed-brand":[],"class_list":{"0":"post-81573","1":"product","2":"type-product","3":"status-publish","4":"has-post-thumbnail","6":"product_cat-alla-skosnoren","7":"product_cat-djarva-svarta-skosnoren-som-kommer-att-overglansa-alla-andra","8":"product_cat-forbattra-dina-skor-med-columbia-boot-laces","9":"product_cat-ge-din-stil-en-kick-med-tvafargade-skosnoren","10":"product_cat-hogklassiga-vans-old-skool-snoren-som-ar-slitstarka-och-lyxiga","11":"product_cat-human-race-skosnoren","12":"product_cat-keen-skosnoren-att-bemastra-konsten-att-kombinera-svart-och-gratt","13":"product_cat-merrell-skosnoren-karlek-hat-relation","14":"product_cat-militara-skosnoren-snora-upp-som-ett-proffs","15":"product_cat-premium-fotbollssnoren-slitstarka-och-snygga","16":"product_cat-premium-rope-skosnoren-exceptionell-och-forstklassig-kvalitet","17":"product_cat-skosnoren-pa-moln-lyfter-skodon-en-spets-i-taget","18":"product_cat-snora-upp-de-roliga-skosnorena-en-djupdykning-i-spannande-skosnoren","19":"product_cat-spiralformade-skosnoren-en-funkig-twist-till-vardagens-skomode","20":"product_cat-utsokta-reflekterande-skosnoren-for-nattjoggning-fester-eller-bara-for-att-se-snygg-ut","21":"product_cat-veja-skosnoren-nar-skorna-skoter-snacket","22":"product_tag-gra","23":"product_tag-loop-king-sv","24":"product_tag-metallspets","25":"product_tag-skosnoren","26":"product_tag-skosnoren-av-rep","27":"product_tag-skosnoren-med-guldspets","28":"product_tag-svart","30":"first","31":"instock","32":"taxable","33":"shipping-taxable","34":"purchasable","35":"product-type-variable"},"acf":[],"yoast_head":"<!-- This site is optimized with the Yoast SEO plugin v27.4 - https:\/\/yoast.com\/product\/yoast-seo-wordpress\/ -->\n<title>Rope Reflekterande svarta skosn\u00f6ren med tydliga spetsar - fr\u00e5n Loop King<\/title>\n<meta name=\"description\" content=\"Stig in i Loop King Laces v\u00e4rld och upplev lyx med v\u00e5ra Rope Laces med Clear Tips, tillverkade av premiummaterial f\u00f6r h\u00e5llbarhet.\" \/>\n<meta name=\"robots\" content=\"index, follow, max-snippet:-1, max-image-preview:large, max-video-preview:-1\" \/>\n<link rel=\"canonical\" href=\"https:\/\/www.loopkinglaces.com\/sv\/products\/rope-reflekterande-svarta-skosnoren-med-tydliga-spetsar\/\" \/>\n<meta property=\"og:locale\" content=\"sv_SE\" \/>\n<meta property=\"og:type\" content=\"article\" \/>\n<meta property=\"og:title\" content=\"Rope Reflekterande svarta skosn\u00f6ren med tydliga spetsar - fr\u00e5n Loop King\" \/>\n<meta property=\"og:description\" content=\"Stig in i Loop King Laces v\u00e4rld och upplev lyx med v\u00e5ra Rope Laces med Clear Tips, tillverkade av premiummaterial f\u00f6r h\u00e5llbarhet.\" \/>\n<meta property=\"og:url\" content=\"https:\/\/www.loopkinglaces.com\/sv\/products\/rope-reflekterande-svarta-skosnoren-med-tydliga-spetsar\/\" \/>\n<meta property=\"og:site_name\" content=\"Luxury Gold Tip Shoelaces by Loop King Laces\" \/>\n<meta property=\"article:publisher\" content=\"https:\/\/www.facebook.com\/LoopKingLaces\/\" \/>\n<meta property=\"og:image\" content=\"https:\/\/www.loopkinglaces.com\/wp-content\/uploads\/Black-Rope-Reflective.jpg\" \/>\n\t<meta property=\"og:image:width\" content=\"2450\" \/>\n\t<meta property=\"og:image:height\" content=\"2451\" \/>\n\t<meta property=\"og:image:type\" content=\"image\/jpeg\" \/>\n<meta name=\"twitter:card\" content=\"summary_large_image\" \/>\n<meta name=\"twitter:site\" content=\"@loopkinglaces\" \/>\n<script type=\"application\/ld+json\" class=\"yoast-schema-graph\">{\"@context\":\"https:\\\/\\\/schema.org\",\"@graph\":[{\"@type\":[\"WebPage\",\"ItemPage\"],\"@id\":\"https:\\\/\\\/www.loopkinglaces.com\\\/sv\\\/products\\\/rope-reflekterande-svarta-skosnoren-med-tydliga-spetsar\\\/\",\"url\":\"https:\\\/\\\/www.loopkinglaces.com\\\/sv\\\/products\\\/rope-reflekterande-svarta-skosnoren-med-tydliga-spetsar\\\/\",\"name\":\"Rope Reflekterande svarta skosn\u00f6ren med tydliga spetsar - fr\u00e5n Loop King\",\"isPartOf\":{\"@id\":\"https:\\\/\\\/www.loopkinglaces.com\\\/sv\\\/#website\"},\"primaryImageOfPage\":{\"@id\":\"https:\\\/\\\/www.loopkinglaces.com\\\/sv\\\/products\\\/rope-reflekterande-svarta-skosnoren-med-tydliga-spetsar\\\/#primaryimage\"},\"image\":{\"@id\":\"https:\\\/\\\/www.loopkinglaces.com\\\/sv\\\/products\\\/rope-reflekterande-svarta-skosnoren-med-tydliga-spetsar\\\/#primaryimage\"},\"thumbnailUrl\":\"https:\\\/\\\/www.loopkinglaces.com\\\/wp-content\\\/uploads\\\/Black-Rope-Reflective.jpg\",\"datePublished\":\"2023-12-07T18:10:35+00:00\",\"description\":\"Stig in i Loop King Laces v\u00e4rld och upplev lyx med v\u00e5ra Rope Laces med Clear Tips, tillverkade av premiummaterial f\u00f6r h\u00e5llbarhet.\",\"breadcrumb\":{\"@id\":\"https:\\\/\\\/www.loopkinglaces.com\\\/sv\\\/products\\\/rope-reflekterande-svarta-skosnoren-med-tydliga-spetsar\\\/#breadcrumb\"},\"inLanguage\":\"sv-SE\",\"potentialAction\":[{\"@type\":\"ReadAction\",\"target\":[\"https:\\\/\\\/www.loopkinglaces.com\\\/sv\\\/products\\\/rope-reflekterande-svarta-skosnoren-med-tydliga-spetsar\\\/\"]}]},{\"@type\":\"ImageObject\",\"inLanguage\":\"sv-SE\",\"@id\":\"https:\\\/\\\/www.loopkinglaces.com\\\/sv\\\/products\\\/rope-reflekterande-svarta-skosnoren-med-tydliga-spetsar\\\/#primaryimage\",\"url\":\"https:\\\/\\\/www.loopkinglaces.com\\\/wp-content\\\/uploads\\\/Black-Rope-Reflective.jpg\",\"contentUrl\":\"https:\\\/\\\/www.loopkinglaces.com\\\/wp-content\\\/uploads\\\/Black-Rope-Reflective.jpg\",\"width\":2450,\"height\":2451},{\"@type\":\"BreadcrumbList\",\"@id\":\"https:\\\/\\\/www.loopkinglaces.com\\\/sv\\\/products\\\/rope-reflekterande-svarta-skosnoren-med-tydliga-spetsar\\\/#breadcrumb\",\"itemListElement\":[{\"@type\":\"ListItem\",\"position\":1,\"name\":\"Home\",\"item\":\"https:\\\/\\\/www.loopkinglaces.com\\\/sv\\\/\"},{\"@type\":\"ListItem\",\"position\":2,\"name\":\"BUY LACES\",\"item\":\"https:\\\/\\\/www.loopkinglaces.com\\\/buy-laces\\\/\"},{\"@type\":\"ListItem\",\"position\":3,\"name\":\"Rope Reflekterande svarta skosn\u00f6ren med tydliga spetsar\"}]},{\"@type\":\"WebSite\",\"@id\":\"https:\\\/\\\/www.loopkinglaces.com\\\/sv\\\/#website\",\"url\":\"https:\\\/\\\/www.loopkinglaces.com\\\/sv\\\/\",\"name\":\"Luxury Gold Tip Shoelaces by Loop King Laces\",\"description\":\"Rope Laces, Flat Waxed Laces and Leather Laces. All With Gold Tips.\",\"publisher\":{\"@id\":\"https:\\\/\\\/www.loopkinglaces.com\\\/sv\\\/#organization\"},\"potentialAction\":[{\"@type\":\"SearchAction\",\"target\":{\"@type\":\"EntryPoint\",\"urlTemplate\":\"https:\\\/\\\/www.loopkinglaces.com\\\/sv\\\/?s={search_term_string}\"},\"query-input\":{\"@type\":\"PropertyValueSpecification\",\"valueRequired\":true,\"valueName\":\"search_term_string\"}}],\"inLanguage\":\"sv-SE\"},{\"@type\":\"Organization\",\"@id\":\"https:\\\/\\\/www.loopkinglaces.com\\\/sv\\\/#organization\",\"name\":\"Loop King Laces\",\"url\":\"https:\\\/\\\/www.loopkinglaces.com\\\/sv\\\/\",\"logo\":{\"@type\":\"ImageObject\",\"inLanguage\":\"sv-SE\",\"@id\":\"https:\\\/\\\/www.loopkinglaces.com\\\/sv\\\/#\\\/schema\\\/logo\\\/image\\\/\",\"url\":\"https:\\\/\\\/www.loopkinglaces.com\\\/wp-content\\\/uploads\\\/LOOP-KING-LACES.1.1-01-LOGO-HI-RES-OFFICIAL-1.png\",\"contentUrl\":\"https:\\\/\\\/www.loopkinglaces.com\\\/wp-content\\\/uploads\\\/LOOP-KING-LACES.1.1-01-LOGO-HI-RES-OFFICIAL-1.png\",\"width\":128,\"height\":91,\"caption\":\"Loop King Laces\"},\"image\":{\"@id\":\"https:\\\/\\\/www.loopkinglaces.com\\\/sv\\\/#\\\/schema\\\/logo\\\/image\\\/\"},\"sameAs\":[\"https:\\\/\\\/www.facebook.com\\\/LoopKingLaces\\\/\",\"https:\\\/\\\/x.com\\\/loopkinglaces\",\"https:\\\/\\\/www.instagram.com\\\/loopkinglaces\\\/\"]}]}<\/script>\n<!-- \/ Yoast SEO plugin. -->","yoast_head_json":{"title":"Rope Reflekterande svarta skosn\u00f6ren med tydliga spetsar - fr\u00e5n Loop King","description":"Stig in i Loop King Laces v\u00e4rld och upplev lyx med v\u00e5ra Rope Laces med Clear Tips, tillverkade av premiummaterial f\u00f6r h\u00e5llbarhet.","robots":{"index":"index","follow":"follow","max-snippet":"max-snippet:-1","max-image-preview":"max-image-preview:large","max-video-preview":"max-video-preview:-1"},"canonical":"https:\/\/www.loopkinglaces.com\/sv\/products\/rope-reflekterande-svarta-skosnoren-med-tydliga-spetsar\/","og_locale":"sv_SE","og_type":"article","og_title":"Rope Reflekterande svarta skosn\u00f6ren med tydliga spetsar - fr\u00e5n Loop King","og_description":"Stig in i Loop King Laces v\u00e4rld och upplev lyx med v\u00e5ra Rope Laces med Clear Tips, tillverkade av premiummaterial f\u00f6r h\u00e5llbarhet.","og_url":"https:\/\/www.loopkinglaces.com\/sv\/products\/rope-reflekterande-svarta-skosnoren-med-tydliga-spetsar\/","og_site_name":"Luxury Gold Tip Shoelaces by Loop King Laces","article_publisher":"https:\/\/www.facebook.com\/LoopKingLaces\/","og_image":[{"width":2450,"height":2451,"url":"https:\/\/www.loopkinglaces.com\/wp-content\/uploads\/Black-Rope-Reflective.jpg","type":"image\/jpeg"}],"twitter_card":"summary_large_image","twitter_site":"@loopkinglaces","schema":{"@context":"https:\/\/schema.org","@graph":[{"@type":["WebPage","ItemPage"],"@id":"https:\/\/www.loopkinglaces.com\/sv\/products\/rope-reflekterande-svarta-skosnoren-med-tydliga-spetsar\/","url":"https:\/\/www.loopkinglaces.com\/sv\/products\/rope-reflekterande-svarta-skosnoren-med-tydliga-spetsar\/","name":"Rope Reflekterande svarta skosn\u00f6ren med tydliga spetsar - fr\u00e5n Loop King","isPartOf":{"@id":"https:\/\/www.loopkinglaces.com\/sv\/#website"},"primaryImageOfPage":{"@id":"https:\/\/www.loopkinglaces.com\/sv\/products\/rope-reflekterande-svarta-skosnoren-med-tydliga-spetsar\/#primaryimage"},"image":{"@id":"https:\/\/www.loopkinglaces.com\/sv\/products\/rope-reflekterande-svarta-skosnoren-med-tydliga-spetsar\/#primaryimage"},"thumbnailUrl":"https:\/\/www.loopkinglaces.com\/wp-content\/uploads\/Black-Rope-Reflective.jpg","datePublished":"2023-12-07T18:10:35+00:00","description":"Stig in i Loop King Laces v\u00e4rld och upplev lyx med v\u00e5ra Rope Laces med Clear Tips, tillverkade av premiummaterial f\u00f6r h\u00e5llbarhet.","breadcrumb":{"@id":"https:\/\/www.loopkinglaces.com\/sv\/products\/rope-reflekterande-svarta-skosnoren-med-tydliga-spetsar\/#breadcrumb"},"inLanguage":"sv-SE","potentialAction":[{"@type":"ReadAction","target":["https:\/\/www.loopkinglaces.com\/sv\/products\/rope-reflekterande-svarta-skosnoren-med-tydliga-spetsar\/"]}]},{"@type":"ImageObject","inLanguage":"sv-SE","@id":"https:\/\/www.loopkinglaces.com\/sv\/products\/rope-reflekterande-svarta-skosnoren-med-tydliga-spetsar\/#primaryimage","url":"https:\/\/www.loopkinglaces.com\/wp-content\/uploads\/Black-Rope-Reflective.jpg","contentUrl":"https:\/\/www.loopkinglaces.com\/wp-content\/uploads\/Black-Rope-Reflective.jpg","width":2450,"height":2451},{"@type":"BreadcrumbList","@id":"https:\/\/www.loopkinglaces.com\/sv\/products\/rope-reflekterande-svarta-skosnoren-med-tydliga-spetsar\/#breadcrumb","itemListElement":[{"@type":"ListItem","position":1,"name":"Home","item":"https:\/\/www.loopkinglaces.com\/sv\/"},{"@type":"ListItem","position":2,"name":"BUY LACES","item":"https:\/\/www.loopkinglaces.com\/buy-laces\/"},{"@type":"ListItem","position":3,"name":"Rope Reflekterande svarta skosn\u00f6ren med tydliga spetsar"}]},{"@type":"WebSite","@id":"https:\/\/www.loopkinglaces.com\/sv\/#website","url":"https:\/\/www.loopkinglaces.com\/sv\/","name":"Luxury Gold Tip Shoelaces by Loop King Laces","description":"Rope Laces, Flat Waxed Laces and Leather Laces. All With Gold Tips.","publisher":{"@id":"https:\/\/www.loopkinglaces.com\/sv\/#organization"},"potentialAction":[{"@type":"SearchAction","target":{"@type":"EntryPoint","urlTemplate":"https:\/\/www.loopkinglaces.com\/sv\/?s={search_term_string}"},"query-input":{"@type":"PropertyValueSpecification","valueRequired":true,"valueName":"search_term_string"}}],"inLanguage":"sv-SE"},{"@type":"Organization","@id":"https:\/\/www.loopkinglaces.com\/sv\/#organization","name":"Loop King Laces","url":"https:\/\/www.loopkinglaces.com\/sv\/","logo":{"@type":"ImageObject","inLanguage":"sv-SE","@id":"https:\/\/www.loopkinglaces.com\/sv\/#\/schema\/logo\/image\/","url":"https:\/\/www.loopkinglaces.com\/wp-content\/uploads\/LOOP-KING-LACES.1.1-01-LOGO-HI-RES-OFFICIAL-1.png","contentUrl":"https:\/\/www.loopkinglaces.com\/wp-content\/uploads\/LOOP-KING-LACES.1.1-01-LOGO-HI-RES-OFFICIAL-1.png","width":128,"height":91,"caption":"Loop King Laces"},"image":{"@id":"https:\/\/www.loopkinglaces.com\/sv\/#\/schema\/logo\/image\/"},"sameAs":["https:\/\/www.facebook.com\/LoopKingLaces\/","https:\/\/x.com\/loopkinglaces","https:\/\/www.instagram.com\/loopkinglaces\/"]}]}},"_links":{"self":[{"href":"https:\/\/www.loopkinglaces.com\/sv\/wp-json\/wp\/v2\/product\/81573","targetHints":{"allow":["GET"]}}],"collection":[{"href":"https:\/\/www.loopkinglaces.com\/sv\/wp-json\/wp\/v2\/product"}],"about":[{"href":"https:\/\/www.loopkinglaces.com\/sv\/wp-json\/wp\/v2\/types\/product"}],"replies":[{"embeddable":true,"href":"https:\/\/www.loopkinglaces.com\/sv\/wp-json\/wp\/v2\/comments?post=81573"}],"wp:featuredmedia":[{"embeddable":true,"href":"https:\/\/www.loopkinglaces.com\/sv\/wp-json\/wp\/v2\/media\/81575"}],"wp:attachment":[{"href":"https:\/\/www.loopkinglaces.com\/sv\/wp-json\/wp\/v2\/media?parent=81573"}],"wp:term":[{"taxonomy":"product_brand","embeddable":true,"href":"https:\/\/www.loopkinglaces.com\/sv\/wp-json\/wp\/v2\/product_brand?post=81573"},{"taxonomy":"product_cat","embeddable":true,"href":"https:\/\/www.loopkinglaces.com\/sv\/wp-json\/wp\/v2\/product_cat?post=81573"},{"taxonomy":"product_tag","embeddable":true,"href":"https:\/\/www.loopkinglaces.com\/sv\/wp-json\/wp\/v2\/product_tag?post=81573"},{"taxonomy":"woo-feed-brand","embeddable":true,"href":"https:\/\/www.loopkinglaces.com\/sv\/wp-json\/wp\/v2\/woo-feed-brand?post=81573"}],"curies":[{"name":"wp","href":"https:\/\/api.w.org\/{rel}","templated":true}]}}