{"id":81546,"date":"2023-12-07T16:59:00","date_gmt":"2023-12-07T16:59:00","guid":{"rendered":"https:\/\/www.loopkinglaces.com\/products\/rope-reflekterande-bla-skosnoren-med-tydliga-spetsar\/"},"modified":"2023-12-07T16:59:00","modified_gmt":"2023-12-07T16:59:00","slug":"rope-reflekterande-bla-skosnoren-med-tydliga-spetsar","status":"publish","type":"product","link":"https:\/\/www.loopkinglaces.com\/sv\/products\/rope-reflekterande-bla-skosnoren-med-tydliga-spetsar\/","title":{"rendered":"Rope Reflekterande bl\u00e5 skosn\u00f6ren med tydliga spetsar"},"content":{"rendered":"<h3><a href=\"https:\/\/www.loopkinglaces.com\/\">Lyxiga sn\u00f6ren f\u00f6r sneakers<\/a><\/h3>\n<p>Vi presenterar Loop King Laces &#8211; d\u00e4r lyx m\u00f6ter l\u00e5ng livsl\u00e4ngd. V\u00e5ra exklusiva Rope Shoelaces, prydda med genomskinliga plastspetsar, \u00e4r tillverkade av de finaste material som finns. V\u00e5ra Rope Laces \u00e4r designade f\u00f6r att h\u00e5lla l\u00e4ngre \u00e4n vanliga skosn\u00f6ren och har tre g\u00e5nger s\u00e5 l\u00e5ng h\u00e5llbarhet. V\u00e5ra skosn\u00f6ren passar alla olika typer av sneakers och varum\u00e4rken, inklusive Adidas, Nike, VANS och s\u00e5 vidare, bes\u00f6k v\u00e5r <a href=\"\/shoelace-size-chart\/\">storleksguide<\/a> d\u00e4r du kan hitta den perfekta storleken p\u00e5 skosn\u00f6ren som passar dina skor.  <\/p>\n<p>&nbsp;<\/p>\n","protected":false},"excerpt":{"rendered":"<p><strong>Rope Reflekterande bl\u00e5 skosn\u00f6ren med tydliga spetsar<\/strong><\/p>\n<p>Upplev sj\u00e4lva sinnebilden av elegans med Loop King Laces. V\u00e5ra Luxury Rope skosn\u00f6ren, kompletta med snygga klara plastspetsar, \u00e4r v\u00e4vda av toppmaterial f\u00f6r o\u00f6vertr\u00e4ffad kvalitet. De \u00e4r konstruerade f\u00f6r att vara tre g\u00e5nger mer h\u00e5llbara \u00e4n standardskosn\u00f6ren och erbjuder b\u00e5de stil och uth\u00e5llighet. Utforska deras omfattande funktioner nedan:   <\/p>\n<ul>\n<li>4 mm bredd (rund)<\/li>\n<li>F\u00f6rstklassiga material<\/li>\n<li>H\u00e5ller <strong>3 g\u00e5nger l\u00e4ngre<\/strong> \u00e4n vanliga sn\u00f6ren<\/li>\n<li>Tips i genomskinlig plast<\/li>\n<li>Beautiful Loop King F\u00f6rpackningar per spets<\/li>\n<\/ul>\n","protected":false},"featured_media":81552,"comment_status":"open","ping_status":"closed","template":"","meta":{"_acf_changed":false},"product_brand":[],"product_cat":[2117,2032,2283,2286,2154,2285,2042,2271,2135,2113,2181,2281],"product_tag":[2069,2063,2065,2064,2067,2068,2066],"woo-feed-brand":[],"class_list":{"0":"post-81546","1":"product","2":"type-product","3":"status-publish","4":"has-post-thumbnail","6":"product_cat-48-tums-skosnoren","7":"product_cat-alla-skosnoren","8":"product_cat-gavi-shoelaces-berattelsen-om-fc-barcelonas-fotbollsstjarna-som-loste-upp-skosnorena","9":"product_cat-ge-din-stil-en-kick-med-tvafargade-skosnoren","10":"product_cat-hogklassiga-vans-old-skool-snoren-som-ar-slitstarka-och-lyxiga","11":"product_cat-militara-skosnoren-snora-upp-som-ett-proffs","12":"product_cat-premium-fotbollssnoren-slitstarka-och-snygga","13":"product_cat-premium-rope-skosnoren-exceptionell-och-forstklassig-kvalitet","14":"product_cat-robusta-skosnoren-som-ser-fantastiska-ut-och-haller-lange","15":"product_cat-top-tier-trophy-room-jordan-1-blue-laces-for-att-se-fantastiska-ut","16":"product_cat-union-snoren-forbattra-din-union-jordan-1","17":"product_cat-utsokta-reflekterande-skosnoren-for-nattjoggning-fester-eller-bara-for-att-se-snygg-ut","18":"product_tag-gra","19":"product_tag-loop-king-sv","20":"product_tag-metallspets","21":"product_tag-skosnoren","22":"product_tag-skosnoren-av-rep","23":"product_tag-skosnoren-med-guldspets","24":"product_tag-svart","26":"first","27":"instock","28":"taxable","29":"shipping-taxable","30":"purchasable","31":"product-type-variable"},"acf":[],"yoast_head":"<!-- This site is optimized with the Yoast SEO plugin v27.4 - https:\/\/yoast.com\/product\/yoast-seo-wordpress\/ -->\n<title>Rope Reflekterande bl\u00e5 skosn\u00f6ren med tydliga spetsar - fr\u00e5n Loop King<\/title>\n<meta name=\"description\" content=\"Stig in i Loop King Laces v\u00e4rld och upplev lyx med v\u00e5ra Rope Laces med Clear Tips, tillverkade av premiummaterial f\u00f6r h\u00e5llbarhet.\" \/>\n<meta name=\"robots\" content=\"index, follow, max-snippet:-1, max-image-preview:large, max-video-preview:-1\" \/>\n<link rel=\"canonical\" href=\"https:\/\/www.loopkinglaces.com\/sv\/products\/rope-reflekterande-bla-skosnoren-med-tydliga-spetsar\/\" \/>\n<meta property=\"og:locale\" content=\"sv_SE\" \/>\n<meta property=\"og:type\" content=\"article\" \/>\n<meta property=\"og:title\" content=\"Rope Reflekterande bl\u00e5 skosn\u00f6ren med tydliga spetsar - fr\u00e5n Loop King\" \/>\n<meta property=\"og:description\" content=\"Stig in i Loop King Laces v\u00e4rld och upplev lyx med v\u00e5ra Rope Laces med Clear Tips, tillverkade av premiummaterial f\u00f6r h\u00e5llbarhet.\" \/>\n<meta property=\"og:url\" content=\"https:\/\/www.loopkinglaces.com\/sv\/products\/rope-reflekterande-bla-skosnoren-med-tydliga-spetsar\/\" \/>\n<meta property=\"og:site_name\" content=\"Luxury Gold Tip Shoelaces by Loop King Laces\" \/>\n<meta property=\"article:publisher\" content=\"https:\/\/www.facebook.com\/LoopKingLaces\/\" \/>\n<meta property=\"og:image\" content=\"https:\/\/www.loopkinglaces.com\/wp-content\/uploads\/Blue-Rope-Reflective.jpg\" \/>\n\t<meta property=\"og:image:width\" content=\"2379\" \/>\n\t<meta property=\"og:image:height\" content=\"2378\" \/>\n\t<meta property=\"og:image:type\" content=\"image\/jpeg\" \/>\n<meta name=\"twitter:card\" content=\"summary_large_image\" \/>\n<meta name=\"twitter:site\" content=\"@loopkinglaces\" \/>\n<meta name=\"twitter:label1\" content=\"Ber\u00e4knad l\u00e4stid\" \/>\n\t<meta name=\"twitter:data1\" content=\"1 minut\" \/>\n<script type=\"application\/ld+json\" class=\"yoast-schema-graph\">{\"@context\":\"https:\\\/\\\/schema.org\",\"@graph\":[{\"@type\":[\"WebPage\",\"ItemPage\"],\"@id\":\"https:\\\/\\\/www.loopkinglaces.com\\\/sv\\\/products\\\/rope-reflekterande-bla-skosnoren-med-tydliga-spetsar\\\/\",\"url\":\"https:\\\/\\\/www.loopkinglaces.com\\\/sv\\\/products\\\/rope-reflekterande-bla-skosnoren-med-tydliga-spetsar\\\/\",\"name\":\"Rope Reflekterande bl\u00e5 skosn\u00f6ren med tydliga spetsar - fr\u00e5n Loop King\",\"isPartOf\":{\"@id\":\"https:\\\/\\\/www.loopkinglaces.com\\\/sv\\\/#website\"},\"primaryImageOfPage\":{\"@id\":\"https:\\\/\\\/www.loopkinglaces.com\\\/sv\\\/products\\\/rope-reflekterande-bla-skosnoren-med-tydliga-spetsar\\\/#primaryimage\"},\"image\":{\"@id\":\"https:\\\/\\\/www.loopkinglaces.com\\\/sv\\\/products\\\/rope-reflekterande-bla-skosnoren-med-tydliga-spetsar\\\/#primaryimage\"},\"thumbnailUrl\":\"https:\\\/\\\/www.loopkinglaces.com\\\/wp-content\\\/uploads\\\/Blue-Rope-Reflective.jpg\",\"datePublished\":\"2023-12-07T16:59:00+00:00\",\"description\":\"Stig in i Loop King Laces v\u00e4rld och upplev lyx med v\u00e5ra Rope Laces med Clear Tips, tillverkade av premiummaterial f\u00f6r h\u00e5llbarhet.\",\"breadcrumb\":{\"@id\":\"https:\\\/\\\/www.loopkinglaces.com\\\/sv\\\/products\\\/rope-reflekterande-bla-skosnoren-med-tydliga-spetsar\\\/#breadcrumb\"},\"inLanguage\":\"sv-SE\",\"potentialAction\":[{\"@type\":\"ReadAction\",\"target\":[\"https:\\\/\\\/www.loopkinglaces.com\\\/sv\\\/products\\\/rope-reflekterande-bla-skosnoren-med-tydliga-spetsar\\\/\"]}]},{\"@type\":\"ImageObject\",\"inLanguage\":\"sv-SE\",\"@id\":\"https:\\\/\\\/www.loopkinglaces.com\\\/sv\\\/products\\\/rope-reflekterande-bla-skosnoren-med-tydliga-spetsar\\\/#primaryimage\",\"url\":\"https:\\\/\\\/www.loopkinglaces.com\\\/wp-content\\\/uploads\\\/Blue-Rope-Reflective.jpg\",\"contentUrl\":\"https:\\\/\\\/www.loopkinglaces.com\\\/wp-content\\\/uploads\\\/Blue-Rope-Reflective.jpg\",\"width\":2379,\"height\":2378},{\"@type\":\"BreadcrumbList\",\"@id\":\"https:\\\/\\\/www.loopkinglaces.com\\\/sv\\\/products\\\/rope-reflekterande-bla-skosnoren-med-tydliga-spetsar\\\/#breadcrumb\",\"itemListElement\":[{\"@type\":\"ListItem\",\"position\":1,\"name\":\"Home\",\"item\":\"https:\\\/\\\/www.loopkinglaces.com\\\/sv\\\/\"},{\"@type\":\"ListItem\",\"position\":2,\"name\":\"BUY LACES\",\"item\":\"https:\\\/\\\/www.loopkinglaces.com\\\/buy-laces\\\/\"},{\"@type\":\"ListItem\",\"position\":3,\"name\":\"Rope Reflekterande bl\u00e5 skosn\u00f6ren med tydliga spetsar\"}]},{\"@type\":\"WebSite\",\"@id\":\"https:\\\/\\\/www.loopkinglaces.com\\\/sv\\\/#website\",\"url\":\"https:\\\/\\\/www.loopkinglaces.com\\\/sv\\\/\",\"name\":\"Luxury Gold Tip Shoelaces by Loop King Laces\",\"description\":\"Rope Laces, Flat Waxed Laces and Leather Laces. All With Gold Tips.\",\"publisher\":{\"@id\":\"https:\\\/\\\/www.loopkinglaces.com\\\/sv\\\/#organization\"},\"potentialAction\":[{\"@type\":\"SearchAction\",\"target\":{\"@type\":\"EntryPoint\",\"urlTemplate\":\"https:\\\/\\\/www.loopkinglaces.com\\\/sv\\\/?s={search_term_string}\"},\"query-input\":{\"@type\":\"PropertyValueSpecification\",\"valueRequired\":true,\"valueName\":\"search_term_string\"}}],\"inLanguage\":\"sv-SE\"},{\"@type\":\"Organization\",\"@id\":\"https:\\\/\\\/www.loopkinglaces.com\\\/sv\\\/#organization\",\"name\":\"Loop King Laces\",\"url\":\"https:\\\/\\\/www.loopkinglaces.com\\\/sv\\\/\",\"logo\":{\"@type\":\"ImageObject\",\"inLanguage\":\"sv-SE\",\"@id\":\"https:\\\/\\\/www.loopkinglaces.com\\\/sv\\\/#\\\/schema\\\/logo\\\/image\\\/\",\"url\":\"https:\\\/\\\/www.loopkinglaces.com\\\/wp-content\\\/uploads\\\/LOOP-KING-LACES.1.1-01-LOGO-HI-RES-OFFICIAL-1.png\",\"contentUrl\":\"https:\\\/\\\/www.loopkinglaces.com\\\/wp-content\\\/uploads\\\/LOOP-KING-LACES.1.1-01-LOGO-HI-RES-OFFICIAL-1.png\",\"width\":128,\"height\":91,\"caption\":\"Loop King Laces\"},\"image\":{\"@id\":\"https:\\\/\\\/www.loopkinglaces.com\\\/sv\\\/#\\\/schema\\\/logo\\\/image\\\/\"},\"sameAs\":[\"https:\\\/\\\/www.facebook.com\\\/LoopKingLaces\\\/\",\"https:\\\/\\\/x.com\\\/loopkinglaces\",\"https:\\\/\\\/www.instagram.com\\\/loopkinglaces\\\/\"]}]}<\/script>\n<!-- \/ Yoast SEO plugin. -->","yoast_head_json":{"title":"Rope Reflekterande bl\u00e5 skosn\u00f6ren med tydliga spetsar - fr\u00e5n Loop King","description":"Stig in i Loop King Laces v\u00e4rld och upplev lyx med v\u00e5ra Rope Laces med Clear Tips, tillverkade av premiummaterial f\u00f6r h\u00e5llbarhet.","robots":{"index":"index","follow":"follow","max-snippet":"max-snippet:-1","max-image-preview":"max-image-preview:large","max-video-preview":"max-video-preview:-1"},"canonical":"https:\/\/www.loopkinglaces.com\/sv\/products\/rope-reflekterande-bla-skosnoren-med-tydliga-spetsar\/","og_locale":"sv_SE","og_type":"article","og_title":"Rope Reflekterande bl\u00e5 skosn\u00f6ren med tydliga spetsar - fr\u00e5n Loop King","og_description":"Stig in i Loop King Laces v\u00e4rld och upplev lyx med v\u00e5ra Rope Laces med Clear Tips, tillverkade av premiummaterial f\u00f6r h\u00e5llbarhet.","og_url":"https:\/\/www.loopkinglaces.com\/sv\/products\/rope-reflekterande-bla-skosnoren-med-tydliga-spetsar\/","og_site_name":"Luxury Gold Tip Shoelaces by Loop King Laces","article_publisher":"https:\/\/www.facebook.com\/LoopKingLaces\/","og_image":[{"width":2379,"height":2378,"url":"https:\/\/www.loopkinglaces.com\/wp-content\/uploads\/Blue-Rope-Reflective.jpg","type":"image\/jpeg"}],"twitter_card":"summary_large_image","twitter_site":"@loopkinglaces","twitter_misc":{"Ber\u00e4knad l\u00e4stid":"1 minut"},"schema":{"@context":"https:\/\/schema.org","@graph":[{"@type":["WebPage","ItemPage"],"@id":"https:\/\/www.loopkinglaces.com\/sv\/products\/rope-reflekterande-bla-skosnoren-med-tydliga-spetsar\/","url":"https:\/\/www.loopkinglaces.com\/sv\/products\/rope-reflekterande-bla-skosnoren-med-tydliga-spetsar\/","name":"Rope Reflekterande bl\u00e5 skosn\u00f6ren med tydliga spetsar - fr\u00e5n Loop King","isPartOf":{"@id":"https:\/\/www.loopkinglaces.com\/sv\/#website"},"primaryImageOfPage":{"@id":"https:\/\/www.loopkinglaces.com\/sv\/products\/rope-reflekterande-bla-skosnoren-med-tydliga-spetsar\/#primaryimage"},"image":{"@id":"https:\/\/www.loopkinglaces.com\/sv\/products\/rope-reflekterande-bla-skosnoren-med-tydliga-spetsar\/#primaryimage"},"thumbnailUrl":"https:\/\/www.loopkinglaces.com\/wp-content\/uploads\/Blue-Rope-Reflective.jpg","datePublished":"2023-12-07T16:59:00+00:00","description":"Stig in i Loop King Laces v\u00e4rld och upplev lyx med v\u00e5ra Rope Laces med Clear Tips, tillverkade av premiummaterial f\u00f6r h\u00e5llbarhet.","breadcrumb":{"@id":"https:\/\/www.loopkinglaces.com\/sv\/products\/rope-reflekterande-bla-skosnoren-med-tydliga-spetsar\/#breadcrumb"},"inLanguage":"sv-SE","potentialAction":[{"@type":"ReadAction","target":["https:\/\/www.loopkinglaces.com\/sv\/products\/rope-reflekterande-bla-skosnoren-med-tydliga-spetsar\/"]}]},{"@type":"ImageObject","inLanguage":"sv-SE","@id":"https:\/\/www.loopkinglaces.com\/sv\/products\/rope-reflekterande-bla-skosnoren-med-tydliga-spetsar\/#primaryimage","url":"https:\/\/www.loopkinglaces.com\/wp-content\/uploads\/Blue-Rope-Reflective.jpg","contentUrl":"https:\/\/www.loopkinglaces.com\/wp-content\/uploads\/Blue-Rope-Reflective.jpg","width":2379,"height":2378},{"@type":"BreadcrumbList","@id":"https:\/\/www.loopkinglaces.com\/sv\/products\/rope-reflekterande-bla-skosnoren-med-tydliga-spetsar\/#breadcrumb","itemListElement":[{"@type":"ListItem","position":1,"name":"Home","item":"https:\/\/www.loopkinglaces.com\/sv\/"},{"@type":"ListItem","position":2,"name":"BUY LACES","item":"https:\/\/www.loopkinglaces.com\/buy-laces\/"},{"@type":"ListItem","position":3,"name":"Rope Reflekterande bl\u00e5 skosn\u00f6ren med tydliga spetsar"}]},{"@type":"WebSite","@id":"https:\/\/www.loopkinglaces.com\/sv\/#website","url":"https:\/\/www.loopkinglaces.com\/sv\/","name":"Luxury Gold Tip Shoelaces by Loop King Laces","description":"Rope Laces, Flat Waxed Laces and Leather Laces. All With Gold Tips.","publisher":{"@id":"https:\/\/www.loopkinglaces.com\/sv\/#organization"},"potentialAction":[{"@type":"SearchAction","target":{"@type":"EntryPoint","urlTemplate":"https:\/\/www.loopkinglaces.com\/sv\/?s={search_term_string}"},"query-input":{"@type":"PropertyValueSpecification","valueRequired":true,"valueName":"search_term_string"}}],"inLanguage":"sv-SE"},{"@type":"Organization","@id":"https:\/\/www.loopkinglaces.com\/sv\/#organization","name":"Loop King Laces","url":"https:\/\/www.loopkinglaces.com\/sv\/","logo":{"@type":"ImageObject","inLanguage":"sv-SE","@id":"https:\/\/www.loopkinglaces.com\/sv\/#\/schema\/logo\/image\/","url":"https:\/\/www.loopkinglaces.com\/wp-content\/uploads\/LOOP-KING-LACES.1.1-01-LOGO-HI-RES-OFFICIAL-1.png","contentUrl":"https:\/\/www.loopkinglaces.com\/wp-content\/uploads\/LOOP-KING-LACES.1.1-01-LOGO-HI-RES-OFFICIAL-1.png","width":128,"height":91,"caption":"Loop King Laces"},"image":{"@id":"https:\/\/www.loopkinglaces.com\/sv\/#\/schema\/logo\/image\/"},"sameAs":["https:\/\/www.facebook.com\/LoopKingLaces\/","https:\/\/x.com\/loopkinglaces","https:\/\/www.instagram.com\/loopkinglaces\/"]}]}},"_links":{"self":[{"href":"https:\/\/www.loopkinglaces.com\/sv\/wp-json\/wp\/v2\/product\/81546","targetHints":{"allow":["GET"]}}],"collection":[{"href":"https:\/\/www.loopkinglaces.com\/sv\/wp-json\/wp\/v2\/product"}],"about":[{"href":"https:\/\/www.loopkinglaces.com\/sv\/wp-json\/wp\/v2\/types\/product"}],"replies":[{"embeddable":true,"href":"https:\/\/www.loopkinglaces.com\/sv\/wp-json\/wp\/v2\/comments?post=81546"}],"wp:featuredmedia":[{"embeddable":true,"href":"https:\/\/www.loopkinglaces.com\/sv\/wp-json\/wp\/v2\/media\/81552"}],"wp:attachment":[{"href":"https:\/\/www.loopkinglaces.com\/sv\/wp-json\/wp\/v2\/media?parent=81546"}],"wp:term":[{"taxonomy":"product_brand","embeddable":true,"href":"https:\/\/www.loopkinglaces.com\/sv\/wp-json\/wp\/v2\/product_brand?post=81546"},{"taxonomy":"product_cat","embeddable":true,"href":"https:\/\/www.loopkinglaces.com\/sv\/wp-json\/wp\/v2\/product_cat?post=81546"},{"taxonomy":"product_tag","embeddable":true,"href":"https:\/\/www.loopkinglaces.com\/sv\/wp-json\/wp\/v2\/product_tag?post=81546"},{"taxonomy":"woo-feed-brand","embeddable":true,"href":"https:\/\/www.loopkinglaces.com\/sv\/wp-json\/wp\/v2\/woo-feed-brand?post=81546"}],"curies":[{"name":"wp","href":"https:\/\/api.w.org\/{rel}","templated":true}]}}