{"id":81528,"date":"2023-12-07T16:37:54","date_gmt":"2023-12-07T16:37:54","guid":{"rendered":"https:\/\/www.loopkinglaces.com\/products\/lyxiga-skosnoren-i-vinrott-lader-med-guldspetsar\/"},"modified":"2023-12-07T16:37:54","modified_gmt":"2023-12-07T16:37:54","slug":"lyxiga-skosnoren-i-vinrott-lader-med-guldspetsar","status":"publish","type":"product","link":"https:\/\/www.loopkinglaces.com\/sv\/products\/lyxiga-skosnoren-i-vinrott-lader-med-guldspetsar\/","title":{"rendered":"Lyxiga skosn\u00f6ren i vinr\u00f6tt l\u00e4der med guldspetsar"},"content":{"rendered":"<h3><a href=\"https:\/\/www.loopkinglaces.com\/\">Lyxiga sn\u00f6ren f\u00f6r sneakers<\/a><\/h3>\n<p>Platta, tjocka skosn\u00f6ren har ett naturligt exklusivt och kostsamt utseende, ett koncept som Loop King fullt ut anammar i v\u00e5ra l\u00e4dersn\u00f6ren. Dessa skosn\u00f6ren har en avsev\u00e4rd tjocklek, vilket framh\u00e4ver det uts\u00f6kta l\u00e4der som anv\u00e4nds vid tillverkningen. P\u00e5 Loop King \u00e4r kvalitet inte bara ett ord utan en praxis, vilket framg\u00e5r av v\u00e5ra h\u00f6gkvalitativa materialval. V\u00e5ra skosn\u00f6ren \u00e4r byggda f\u00f6r att h\u00e5lla och \u00f6vertr\u00e4ffar ofta andra m\u00e4rken med upp till 3x i livsl\u00e4ngd. F\u00f6r att minimera byten av skosn\u00f6ren, v\u00e4nd dig till Loop King l\u00e4derskosn\u00f6ren.    <\/p>\n","protected":false},"excerpt":{"rendered":"<p><strong>Lyxiga skosn\u00f6ren i vinr\u00f6tt l\u00e4der med guldspetsar<\/strong><\/p>\n<p>Det \u00e4r allm\u00e4nt erk\u00e4nt att tjockare, plattare skosn\u00f6ren ger ett mer sofistikerat och kostsamt utseende. Loop Kings l\u00e4der Den visuella charmen hos breda, rej\u00e4la skosn\u00f6ren \u00e4r obestridlig och f\u00f6rknippas ofta med ett exklusivt utseende. Loop Kings l\u00e4derskosn\u00f6ren \u00e4r sj\u00e4lva sinnebilden f\u00f6r detta, med en gener\u00f6s tjocklek som f\u00f6rst\u00e4rker premiuml\u00e4dret. V\u00e5rt engagemang f\u00f6r kvalitet \u00e4r obevekligt, vilket \u00e5terspeglas i v\u00e5rt urval av \u00f6verl\u00e4gsna material. Dessa skosn\u00f6ren \u00e4r inte bara estetiskt tilltalande utan ocks\u00e5 anm\u00e4rkningsv\u00e4rt l\u00e5ngvariga, ofta \u00f6vergl\u00e4nser de andra m\u00e4rken i h\u00e5llbarhet med upp till tre g\u00e5nger. F\u00f6r varaktig elegans, v\u00e4lj Loop King l\u00e4derskosn\u00f6ren. Viktiga funktioner inkluderar:  <\/p>\n<ul>\n<li>6mm bredd (platt)<\/li>\n<li>Fint l\u00e4der<\/li>\n<li>Pr\u00e4glade agletspetsar i guld med Loop King-namnet<\/li>\n<li>Passar de flesta st\u00f6rre skom\u00e4rken (Nike, Adidas, Reebok, Vans, Converse etc.)<\/li>\n<li>Kommer att h\u00e5lla l\u00e4ngre \u00e4n andra skosn\u00f6rsm\u00e4rken 3x<\/li>\n<li>Beautiful Loop King F\u00f6rpackningar per spets<\/li>\n<\/ul>\n","protected":false},"featured_media":81529,"comment_status":"open","ping_status":"closed","template":"","meta":{"_acf_changed":false},"product_brand":[],"product_cat":[2085,2032,2255,2234,2275,2231,2225,2201,2273,2277,2271,2111,2033,2222],"product_tag":[2063,2065,2235,2064,2237,2066],"woo-feed-brand":[],"class_list":{"0":"post-81528","1":"product","2":"type-product","3":"status-publish","4":"has-post-thumbnail","6":"product_cat-30-tums-skosnoren-alla-moderna-och-hogkvalitativa-skosnoren","7":"product_cat-alla-skosnoren","8":"product_cat-att-hitta-den-perfekta-matchningen-revolutionen-med-72-tums-skosnoren","9":"product_cat-extra-langa-skosnoren-mer-an-bara-en-trend-det-ar-en-livsstil","10":"product_cat-fantastiska-vinroda-skosnoren-som-kommer-att-forhoja-hela-din-outfit","11":"product_cat-forhoj-din-hoka-upplevelse-inte-bara-skosnoren-utan-uttalanden-i-neutrala-nyanser","12":"product_cat-lyxiga-skosnoren-i-lader","13":"product_cat-moderna-och-forstklassiga-nike-sb-skosnoren","14":"product_cat-nike-air-max-90-skosnoren-trendiga-shoestrings","15":"product_cat-nike-blazer-skosnoren-for-overlagsen-stil-och-trendsattning","16":"product_cat-premium-rope-skosnoren-exceptionell-och-forstklassig-kvalitet","17":"product_cat-premium-spetsbytesalternativ-som-ser-fantastiska-ut-och-haller","18":"product_cat-skosnoren-med-guldspets","19":"product_cat-snoren-i-mocka-en-spelforandrare-for-dina-skor","20":"product_tag-loop-king-sv","21":"product_tag-metallspets","22":"product_tag-skor","23":"product_tag-skosnoren","24":"product_tag-skosnoren-i-lader","25":"product_tag-svart","27":"first","28":"instock","29":"taxable","30":"shipping-taxable","31":"purchasable","32":"product-type-variable"},"acf":[],"yoast_head":"<!-- This site is optimized with the Yoast SEO plugin v27.4 - https:\/\/yoast.com\/product\/yoast-seo-wordpress\/ -->\n<title>Lyxiga burgunderf\u00e4rgade l\u00e4derskosn\u00f6ren med guldspetsar - fr\u00e5n Loop King<\/title>\n<meta name=\"description\" content=\"V\u00e5ra lyxiga l\u00e4derskosn\u00f6ren \u00e4r den perfekta f\u00f6rst\u00e4rkningen f\u00f6r popul\u00e4ra sneakers som Nike Dunks och Adidas Yeezys. De ger en fr\u00e4sch, exklusiv twist till alla m\u00e4rken.\" \/>\n<meta name=\"robots\" content=\"index, follow, max-snippet:-1, max-image-preview:large, max-video-preview:-1\" \/>\n<link rel=\"canonical\" href=\"https:\/\/www.loopkinglaces.com\/sv\/products\/lyxiga-skosnoren-i-vinrott-lader-med-guldspetsar\/\" \/>\n<meta property=\"og:locale\" content=\"sv_SE\" \/>\n<meta property=\"og:type\" content=\"article\" \/>\n<meta property=\"og:title\" content=\"Lyxiga burgunderf\u00e4rgade l\u00e4derskosn\u00f6ren med guldspetsar - fr\u00e5n Loop King\" \/>\n<meta property=\"og:description\" content=\"V\u00e5ra lyxiga l\u00e4derskosn\u00f6ren \u00e4r den perfekta f\u00f6rst\u00e4rkningen f\u00f6r popul\u00e4ra sneakers som Nike Dunks och Adidas Yeezys. De ger en fr\u00e4sch, exklusiv twist till alla m\u00e4rken.\" \/>\n<meta property=\"og:url\" content=\"https:\/\/www.loopkinglaces.com\/sv\/products\/lyxiga-skosnoren-i-vinrott-lader-med-guldspetsar\/\" \/>\n<meta property=\"og:site_name\" content=\"Luxury Gold Tip Shoelaces by Loop King Laces\" \/>\n<meta property=\"article:publisher\" content=\"https:\/\/www.facebook.com\/LoopKingLaces\/\" \/>\n<meta property=\"og:image\" content=\"https:\/\/www.loopkinglaces.com\/wp-content\/uploads\/Burgundy-Leather-scaled.jpg\" \/>\n\t<meta property=\"og:image:width\" content=\"2560\" \/>\n\t<meta property=\"og:image:height\" content=\"2560\" \/>\n\t<meta property=\"og:image:type\" content=\"image\/jpeg\" \/>\n<meta name=\"twitter:card\" content=\"summary_large_image\" \/>\n<meta name=\"twitter:site\" content=\"@loopkinglaces\" \/>\n<meta name=\"twitter:label1\" content=\"Ber\u00e4knad l\u00e4stid\" \/>\n\t<meta name=\"twitter:data1\" content=\"1 minut\" \/>\n<script type=\"application\/ld+json\" class=\"yoast-schema-graph\">{\"@context\":\"https:\\\/\\\/schema.org\",\"@graph\":[{\"@type\":[\"WebPage\",\"ItemPage\"],\"@id\":\"https:\\\/\\\/www.loopkinglaces.com\\\/sv\\\/products\\\/lyxiga-skosnoren-i-vinrott-lader-med-guldspetsar\\\/\",\"url\":\"https:\\\/\\\/www.loopkinglaces.com\\\/sv\\\/products\\\/lyxiga-skosnoren-i-vinrott-lader-med-guldspetsar\\\/\",\"name\":\"Lyxiga burgunderf\u00e4rgade l\u00e4derskosn\u00f6ren med guldspetsar - fr\u00e5n Loop King\",\"isPartOf\":{\"@id\":\"https:\\\/\\\/www.loopkinglaces.com\\\/sv\\\/#website\"},\"primaryImageOfPage\":{\"@id\":\"https:\\\/\\\/www.loopkinglaces.com\\\/sv\\\/products\\\/lyxiga-skosnoren-i-vinrott-lader-med-guldspetsar\\\/#primaryimage\"},\"image\":{\"@id\":\"https:\\\/\\\/www.loopkinglaces.com\\\/sv\\\/products\\\/lyxiga-skosnoren-i-vinrott-lader-med-guldspetsar\\\/#primaryimage\"},\"thumbnailUrl\":\"https:\\\/\\\/www.loopkinglaces.com\\\/wp-content\\\/uploads\\\/Burgundy-Leather-scaled.jpg\",\"datePublished\":\"2023-12-07T16:37:54+00:00\",\"description\":\"V\u00e5ra lyxiga l\u00e4derskosn\u00f6ren \u00e4r den perfekta f\u00f6rst\u00e4rkningen f\u00f6r popul\u00e4ra sneakers som Nike Dunks och Adidas Yeezys. De ger en fr\u00e4sch, exklusiv twist till alla m\u00e4rken.\",\"breadcrumb\":{\"@id\":\"https:\\\/\\\/www.loopkinglaces.com\\\/sv\\\/products\\\/lyxiga-skosnoren-i-vinrott-lader-med-guldspetsar\\\/#breadcrumb\"},\"inLanguage\":\"sv-SE\",\"potentialAction\":[{\"@type\":\"ReadAction\",\"target\":[\"https:\\\/\\\/www.loopkinglaces.com\\\/sv\\\/products\\\/lyxiga-skosnoren-i-vinrott-lader-med-guldspetsar\\\/\"]}]},{\"@type\":\"ImageObject\",\"inLanguage\":\"sv-SE\",\"@id\":\"https:\\\/\\\/www.loopkinglaces.com\\\/sv\\\/products\\\/lyxiga-skosnoren-i-vinrott-lader-med-guldspetsar\\\/#primaryimage\",\"url\":\"https:\\\/\\\/www.loopkinglaces.com\\\/wp-content\\\/uploads\\\/Burgundy-Leather-scaled.jpg\",\"contentUrl\":\"https:\\\/\\\/www.loopkinglaces.com\\\/wp-content\\\/uploads\\\/Burgundy-Leather-scaled.jpg\",\"width\":2560,\"height\":2560},{\"@type\":\"BreadcrumbList\",\"@id\":\"https:\\\/\\\/www.loopkinglaces.com\\\/sv\\\/products\\\/lyxiga-skosnoren-i-vinrott-lader-med-guldspetsar\\\/#breadcrumb\",\"itemListElement\":[{\"@type\":\"ListItem\",\"position\":1,\"name\":\"Home\",\"item\":\"https:\\\/\\\/www.loopkinglaces.com\\\/sv\\\/\"},{\"@type\":\"ListItem\",\"position\":2,\"name\":\"BUY LACES\",\"item\":\"https:\\\/\\\/www.loopkinglaces.com\\\/buy-laces\\\/\"},{\"@type\":\"ListItem\",\"position\":3,\"name\":\"Lyxiga skosn\u00f6ren i vinr\u00f6tt l\u00e4der med guldspetsar\"}]},{\"@type\":\"WebSite\",\"@id\":\"https:\\\/\\\/www.loopkinglaces.com\\\/sv\\\/#website\",\"url\":\"https:\\\/\\\/www.loopkinglaces.com\\\/sv\\\/\",\"name\":\"Luxury Gold Tip Shoelaces by Loop King Laces\",\"description\":\"Rope Laces, Flat Waxed Laces and Leather Laces. All With Gold Tips.\",\"publisher\":{\"@id\":\"https:\\\/\\\/www.loopkinglaces.com\\\/sv\\\/#organization\"},\"potentialAction\":[{\"@type\":\"SearchAction\",\"target\":{\"@type\":\"EntryPoint\",\"urlTemplate\":\"https:\\\/\\\/www.loopkinglaces.com\\\/sv\\\/?s={search_term_string}\"},\"query-input\":{\"@type\":\"PropertyValueSpecification\",\"valueRequired\":true,\"valueName\":\"search_term_string\"}}],\"inLanguage\":\"sv-SE\"},{\"@type\":\"Organization\",\"@id\":\"https:\\\/\\\/www.loopkinglaces.com\\\/sv\\\/#organization\",\"name\":\"Loop King Laces\",\"url\":\"https:\\\/\\\/www.loopkinglaces.com\\\/sv\\\/\",\"logo\":{\"@type\":\"ImageObject\",\"inLanguage\":\"sv-SE\",\"@id\":\"https:\\\/\\\/www.loopkinglaces.com\\\/sv\\\/#\\\/schema\\\/logo\\\/image\\\/\",\"url\":\"https:\\\/\\\/www.loopkinglaces.com\\\/wp-content\\\/uploads\\\/LOOP-KING-LACES.1.1-01-LOGO-HI-RES-OFFICIAL-1.png\",\"contentUrl\":\"https:\\\/\\\/www.loopkinglaces.com\\\/wp-content\\\/uploads\\\/LOOP-KING-LACES.1.1-01-LOGO-HI-RES-OFFICIAL-1.png\",\"width\":128,\"height\":91,\"caption\":\"Loop King Laces\"},\"image\":{\"@id\":\"https:\\\/\\\/www.loopkinglaces.com\\\/sv\\\/#\\\/schema\\\/logo\\\/image\\\/\"},\"sameAs\":[\"https:\\\/\\\/www.facebook.com\\\/LoopKingLaces\\\/\",\"https:\\\/\\\/x.com\\\/loopkinglaces\",\"https:\\\/\\\/www.instagram.com\\\/loopkinglaces\\\/\"]}]}<\/script>\n<!-- \/ Yoast SEO plugin. -->","yoast_head_json":{"title":"Lyxiga burgunderf\u00e4rgade l\u00e4derskosn\u00f6ren med guldspetsar - fr\u00e5n Loop King","description":"V\u00e5ra lyxiga l\u00e4derskosn\u00f6ren \u00e4r den perfekta f\u00f6rst\u00e4rkningen f\u00f6r popul\u00e4ra sneakers som Nike Dunks och Adidas Yeezys. De ger en fr\u00e4sch, exklusiv twist till alla m\u00e4rken.","robots":{"index":"index","follow":"follow","max-snippet":"max-snippet:-1","max-image-preview":"max-image-preview:large","max-video-preview":"max-video-preview:-1"},"canonical":"https:\/\/www.loopkinglaces.com\/sv\/products\/lyxiga-skosnoren-i-vinrott-lader-med-guldspetsar\/","og_locale":"sv_SE","og_type":"article","og_title":"Lyxiga burgunderf\u00e4rgade l\u00e4derskosn\u00f6ren med guldspetsar - fr\u00e5n Loop King","og_description":"V\u00e5ra lyxiga l\u00e4derskosn\u00f6ren \u00e4r den perfekta f\u00f6rst\u00e4rkningen f\u00f6r popul\u00e4ra sneakers som Nike Dunks och Adidas Yeezys. De ger en fr\u00e4sch, exklusiv twist till alla m\u00e4rken.","og_url":"https:\/\/www.loopkinglaces.com\/sv\/products\/lyxiga-skosnoren-i-vinrott-lader-med-guldspetsar\/","og_site_name":"Luxury Gold Tip Shoelaces by Loop King Laces","article_publisher":"https:\/\/www.facebook.com\/LoopKingLaces\/","og_image":[{"width":2560,"height":2560,"url":"https:\/\/www.loopkinglaces.com\/wp-content\/uploads\/Burgundy-Leather-scaled.jpg","type":"image\/jpeg"}],"twitter_card":"summary_large_image","twitter_site":"@loopkinglaces","twitter_misc":{"Ber\u00e4knad l\u00e4stid":"1 minut"},"schema":{"@context":"https:\/\/schema.org","@graph":[{"@type":["WebPage","ItemPage"],"@id":"https:\/\/www.loopkinglaces.com\/sv\/products\/lyxiga-skosnoren-i-vinrott-lader-med-guldspetsar\/","url":"https:\/\/www.loopkinglaces.com\/sv\/products\/lyxiga-skosnoren-i-vinrott-lader-med-guldspetsar\/","name":"Lyxiga burgunderf\u00e4rgade l\u00e4derskosn\u00f6ren med guldspetsar - fr\u00e5n Loop King","isPartOf":{"@id":"https:\/\/www.loopkinglaces.com\/sv\/#website"},"primaryImageOfPage":{"@id":"https:\/\/www.loopkinglaces.com\/sv\/products\/lyxiga-skosnoren-i-vinrott-lader-med-guldspetsar\/#primaryimage"},"image":{"@id":"https:\/\/www.loopkinglaces.com\/sv\/products\/lyxiga-skosnoren-i-vinrott-lader-med-guldspetsar\/#primaryimage"},"thumbnailUrl":"https:\/\/www.loopkinglaces.com\/wp-content\/uploads\/Burgundy-Leather-scaled.jpg","datePublished":"2023-12-07T16:37:54+00:00","description":"V\u00e5ra lyxiga l\u00e4derskosn\u00f6ren \u00e4r den perfekta f\u00f6rst\u00e4rkningen f\u00f6r popul\u00e4ra sneakers som Nike Dunks och Adidas Yeezys. De ger en fr\u00e4sch, exklusiv twist till alla m\u00e4rken.","breadcrumb":{"@id":"https:\/\/www.loopkinglaces.com\/sv\/products\/lyxiga-skosnoren-i-vinrott-lader-med-guldspetsar\/#breadcrumb"},"inLanguage":"sv-SE","potentialAction":[{"@type":"ReadAction","target":["https:\/\/www.loopkinglaces.com\/sv\/products\/lyxiga-skosnoren-i-vinrott-lader-med-guldspetsar\/"]}]},{"@type":"ImageObject","inLanguage":"sv-SE","@id":"https:\/\/www.loopkinglaces.com\/sv\/products\/lyxiga-skosnoren-i-vinrott-lader-med-guldspetsar\/#primaryimage","url":"https:\/\/www.loopkinglaces.com\/wp-content\/uploads\/Burgundy-Leather-scaled.jpg","contentUrl":"https:\/\/www.loopkinglaces.com\/wp-content\/uploads\/Burgundy-Leather-scaled.jpg","width":2560,"height":2560},{"@type":"BreadcrumbList","@id":"https:\/\/www.loopkinglaces.com\/sv\/products\/lyxiga-skosnoren-i-vinrott-lader-med-guldspetsar\/#breadcrumb","itemListElement":[{"@type":"ListItem","position":1,"name":"Home","item":"https:\/\/www.loopkinglaces.com\/sv\/"},{"@type":"ListItem","position":2,"name":"BUY LACES","item":"https:\/\/www.loopkinglaces.com\/buy-laces\/"},{"@type":"ListItem","position":3,"name":"Lyxiga skosn\u00f6ren i vinr\u00f6tt l\u00e4der med guldspetsar"}]},{"@type":"WebSite","@id":"https:\/\/www.loopkinglaces.com\/sv\/#website","url":"https:\/\/www.loopkinglaces.com\/sv\/","name":"Luxury Gold Tip Shoelaces by Loop King Laces","description":"Rope Laces, Flat Waxed Laces and Leather Laces. All With Gold Tips.","publisher":{"@id":"https:\/\/www.loopkinglaces.com\/sv\/#organization"},"potentialAction":[{"@type":"SearchAction","target":{"@type":"EntryPoint","urlTemplate":"https:\/\/www.loopkinglaces.com\/sv\/?s={search_term_string}"},"query-input":{"@type":"PropertyValueSpecification","valueRequired":true,"valueName":"search_term_string"}}],"inLanguage":"sv-SE"},{"@type":"Organization","@id":"https:\/\/www.loopkinglaces.com\/sv\/#organization","name":"Loop King Laces","url":"https:\/\/www.loopkinglaces.com\/sv\/","logo":{"@type":"ImageObject","inLanguage":"sv-SE","@id":"https:\/\/www.loopkinglaces.com\/sv\/#\/schema\/logo\/image\/","url":"https:\/\/www.loopkinglaces.com\/wp-content\/uploads\/LOOP-KING-LACES.1.1-01-LOGO-HI-RES-OFFICIAL-1.png","contentUrl":"https:\/\/www.loopkinglaces.com\/wp-content\/uploads\/LOOP-KING-LACES.1.1-01-LOGO-HI-RES-OFFICIAL-1.png","width":128,"height":91,"caption":"Loop King Laces"},"image":{"@id":"https:\/\/www.loopkinglaces.com\/sv\/#\/schema\/logo\/image\/"},"sameAs":["https:\/\/www.facebook.com\/LoopKingLaces\/","https:\/\/x.com\/loopkinglaces","https:\/\/www.instagram.com\/loopkinglaces\/"]}]}},"_links":{"self":[{"href":"https:\/\/www.loopkinglaces.com\/sv\/wp-json\/wp\/v2\/product\/81528","targetHints":{"allow":["GET"]}}],"collection":[{"href":"https:\/\/www.loopkinglaces.com\/sv\/wp-json\/wp\/v2\/product"}],"about":[{"href":"https:\/\/www.loopkinglaces.com\/sv\/wp-json\/wp\/v2\/types\/product"}],"replies":[{"embeddable":true,"href":"https:\/\/www.loopkinglaces.com\/sv\/wp-json\/wp\/v2\/comments?post=81528"}],"wp:featuredmedia":[{"embeddable":true,"href":"https:\/\/www.loopkinglaces.com\/sv\/wp-json\/wp\/v2\/media\/81529"}],"wp:attachment":[{"href":"https:\/\/www.loopkinglaces.com\/sv\/wp-json\/wp\/v2\/media?parent=81528"}],"wp:term":[{"taxonomy":"product_brand","embeddable":true,"href":"https:\/\/www.loopkinglaces.com\/sv\/wp-json\/wp\/v2\/product_brand?post=81528"},{"taxonomy":"product_cat","embeddable":true,"href":"https:\/\/www.loopkinglaces.com\/sv\/wp-json\/wp\/v2\/product_cat?post=81528"},{"taxonomy":"product_tag","embeddable":true,"href":"https:\/\/www.loopkinglaces.com\/sv\/wp-json\/wp\/v2\/product_tag?post=81528"},{"taxonomy":"woo-feed-brand","embeddable":true,"href":"https:\/\/www.loopkinglaces.com\/sv\/wp-json\/wp\/v2\/woo-feed-brand?post=81528"}],"curies":[{"name":"wp","href":"https:\/\/api.w.org\/{rel}","templated":true}]}}