{"id":81486,"date":"2023-12-07T16:30:49","date_gmt":"2023-12-07T16:30:49","guid":{"rendered":"https:\/\/www.loopkinglaces.com\/products\/lyxiga-kelly-green-laderskosnoren-med-guldspetsar\/"},"modified":"2023-12-07T16:30:49","modified_gmt":"2023-12-07T16:30:49","slug":"lyxiga-kelly-green-laderskosnoren-med-guldspetsar","status":"publish","type":"product","link":"https:\/\/www.loopkinglaces.com\/sv\/products\/lyxiga-kelly-green-laderskosnoren-med-guldspetsar\/","title":{"rendered":"Lyxiga Kelly Green l\u00e4derskosn\u00f6ren med guldspetsar"},"content":{"rendered":"<h3><a href=\"https:\/\/www.loopkinglaces.com\/\">Lyxiga sn\u00f6ren f\u00f6r sneakers<\/a><\/h3>\n<p>Loop Kings l\u00e4dersn\u00f6ren \u00e4r medvetna om att tjockare och bredare sn\u00f6ren ofta ser mer exklusiva ut och \u00e4r d\u00e4rf\u00f6r avsiktligt tillverkade f\u00f6r att vara robusta, vilket f\u00f6rst\u00e4rker deras lyxiga utseende. Den rej\u00e4la tjockleken framh\u00e4ver ytterligare det premiuml\u00e4der vi anv\u00e4nder. Kvalitet \u00e4r v\u00e5rt mantra och vi f\u00f6ljer strikta standarder f\u00f6r v\u00e5ra material, vilket g\u00f6r v\u00e5ra skosn\u00f6ren betydligt mer h\u00e5llbara. I j\u00e4mf\u00f6relse med andra m\u00e4rken h\u00e5ller v\u00e5ra upp till 3 g\u00e5nger l\u00e4ngre. V\u00e4lj Loop King l\u00e4derskosn\u00f6ren f\u00f6r att undvika frekventa byten.    <\/p>\n","protected":false},"excerpt":{"rendered":"<p><strong>Lyxiga Kelly Green l\u00e4derskosn\u00f6ren med guldspetsar<\/strong><\/p>\n<p>Det \u00e4r allm\u00e4nt k\u00e4nt att tjockare, plattare skosn\u00f6ren ger ett mer sofistikerat och kostsamt utseende. Loop Kings l\u00e4dersn\u00f6ren \u00e4r gjorda f\u00f6r att f\u00f6rkroppsliga denna princip, med en rej\u00e4l konstruktion som understryker deras lyxiga natur. Tjockleken visar inte bara upp det fina l\u00e4dret utan \u00e5terspeglar ocks\u00e5 v\u00e5rt engagemang f\u00f6r kvalitet. Genom att anv\u00e4nda premiummaterial \u00e4r v\u00e5ra skosn\u00f6ren anm\u00e4rkningsv\u00e4rt h\u00e5llbara och h\u00e5ller ofta tre g\u00e5nger s\u00e5 l\u00e4nge som andra. Loop King l\u00e4derskosn\u00f6ren \u00e4r din l\u00f6sning f\u00f6r best\u00e5ende elegans. Viktiga egenskaper inkluderar: <\/p>\n<ul>\n<li>6mm bredd (platt)<\/li>\n<li>Fint l\u00e4der<\/li>\n<li>Pr\u00e4glade agletspetsar i guld med Loop King-namnet<\/li>\n<li>Passar de flesta st\u00f6rre skom\u00e4rken (Nike, Adidas, Reebok, Vans, Converse etc.)<\/li>\n<li>Kommer att h\u00e5lla l\u00e4ngre \u00e4n andra skosn\u00f6rsm\u00e4rken 3x<\/li>\n<li>Beautiful Loop King F\u00f6rpackningar per spets<\/li>\n<\/ul>\n","protected":false},"featured_media":81488,"comment_status":"open","ping_status":"closed","template":"","meta":{"_acf_changed":false},"product_brand":[],"product_cat":[2132,2057,2032,2094,2253,2255,2242,2167,2256,2231,2230,2251,2225,2201,2247,2241,2033,2248,2249],"product_tag":[2063,2065,2235,2064,2237,2066],"woo-feed-brand":[],"class_list":{"0":"post-81486","1":"product","2":"type-product","3":"status-publish","4":"has-post-thumbnail","6":"product_cat-52-tums-skosnoren","7":"product_cat-72-tums-skosnoren-for-att-slappa-loss-din-stil","8":"product_cat-alla-skosnoren","9":"product_cat-allen-edmonds-skosnoren-ett-steg-ovanfor-det-vanliga","10":"product_cat-att-hitta-de-perfekta-60-tums-skosnorena-ett-aventyr-i-den-verkliga-varlden","11":"product_cat-att-hitta-den-perfekta-matchningen-revolutionen-med-72-tums-skosnoren","12":"product_cat-ecco-skosnoren-perfekt-avslutning-pa-dina-statement-skor","13":"product_cat-fantastiska-snoren-for-timberland-boots-som-inte-kommer-att-svika-dig","14":"product_cat-forbattra-dina-skor-med-54-tums-skosnoren","15":"product_cat-forhoj-din-hoka-upplevelse-inte-bara-skosnoren-utan-uttalanden-i-neutrala-nyanser","16":"product_cat-golden-goose-skosnoren-ersattning-for-dina-alskade-skor","17":"product_cat-human-race-skosnoren","18":"product_cat-lyxiga-skosnoren-i-lader","19":"product_cat-moderna-och-forstklassiga-nike-sb-skosnoren","20":"product_cat-premium-grona-skosnoren-for-att-uppgradera-dina-skor","21":"product_cat-skechers-skosnoren-pa-hogsta-niva-som-ger-intriger-varde-och-komfort","22":"product_cat-skosnoren-med-guldspets","23":"product_cat-stan-smith-skosnoren-snygga-och-trendiga","24":"product_cat-vans-skosnoren-fantastiska-for-dina-sneakers","25":"product_tag-loop-king-sv","26":"product_tag-metallspets","27":"product_tag-skor","28":"product_tag-skosnoren","29":"product_tag-skosnoren-i-lader","30":"product_tag-svart","32":"first","33":"instock","34":"taxable","35":"shipping-taxable","36":"purchasable","37":"product-type-variable"},"acf":[],"yoast_head":"<!-- This site is optimized with the Yoast SEO plugin v27.4 - https:\/\/yoast.com\/product\/yoast-seo-wordpress\/ -->\n<title>Lyxiga Kelly Green l\u00e4derskosn\u00f6ren med guldspetsar - fr\u00e5n Loop King<\/title>\n<meta name=\"description\" content=\"F\u00f6rvandla dina sneakers med v\u00e5ra h\u00f6gkvalitativa sn\u00f6ren i l\u00e4der. De \u00e4r designade f\u00f6r att ge en touch av elegans till dina favoritpar. Kolla in v\u00e5rt urval idag.\" \/>\n<meta name=\"robots\" content=\"index, follow, max-snippet:-1, max-image-preview:large, max-video-preview:-1\" \/>\n<link rel=\"canonical\" href=\"https:\/\/www.loopkinglaces.com\/sv\/products\/lyxiga-kelly-green-laderskosnoren-med-guldspetsar\/\" \/>\n<meta property=\"og:locale\" content=\"sv_SE\" \/>\n<meta property=\"og:type\" content=\"article\" \/>\n<meta property=\"og:title\" content=\"Lyxiga Kelly Green l\u00e4derskosn\u00f6ren med guldspetsar - fr\u00e5n Loop King\" \/>\n<meta property=\"og:description\" content=\"F\u00f6rvandla dina sneakers med v\u00e5ra h\u00f6gkvalitativa sn\u00f6ren i l\u00e4der. De \u00e4r designade f\u00f6r att ge en touch av elegans till dina favoritpar. Kolla in v\u00e5rt urval idag.\" \/>\n<meta property=\"og:url\" content=\"https:\/\/www.loopkinglaces.com\/sv\/products\/lyxiga-kelly-green-laderskosnoren-med-guldspetsar\/\" \/>\n<meta property=\"og:site_name\" content=\"Luxury Gold Tip Shoelaces by Loop King Laces\" \/>\n<meta property=\"article:publisher\" content=\"https:\/\/www.facebook.com\/LoopKingLaces\/\" \/>\n<meta property=\"og:image\" content=\"https:\/\/www.loopkinglaces.com\/wp-content\/uploads\/Kelly-Green-Leather-scaled.jpg\" \/>\n\t<meta property=\"og:image:width\" content=\"2560\" \/>\n\t<meta property=\"og:image:height\" content=\"2560\" \/>\n\t<meta property=\"og:image:type\" content=\"image\/jpeg\" \/>\n<meta name=\"twitter:card\" content=\"summary_large_image\" \/>\n<meta name=\"twitter:site\" content=\"@loopkinglaces\" \/>\n<meta name=\"twitter:label1\" content=\"Ber\u00e4knad l\u00e4stid\" \/>\n\t<meta name=\"twitter:data1\" content=\"1 minut\" \/>\n<script type=\"application\/ld+json\" class=\"yoast-schema-graph\">{\"@context\":\"https:\\\/\\\/schema.org\",\"@graph\":[{\"@type\":[\"WebPage\",\"ItemPage\"],\"@id\":\"https:\\\/\\\/www.loopkinglaces.com\\\/sv\\\/products\\\/lyxiga-kelly-green-laderskosnoren-med-guldspetsar\\\/\",\"url\":\"https:\\\/\\\/www.loopkinglaces.com\\\/sv\\\/products\\\/lyxiga-kelly-green-laderskosnoren-med-guldspetsar\\\/\",\"name\":\"Lyxiga Kelly Green l\u00e4derskosn\u00f6ren med guldspetsar - fr\u00e5n Loop King\",\"isPartOf\":{\"@id\":\"https:\\\/\\\/www.loopkinglaces.com\\\/sv\\\/#website\"},\"primaryImageOfPage\":{\"@id\":\"https:\\\/\\\/www.loopkinglaces.com\\\/sv\\\/products\\\/lyxiga-kelly-green-laderskosnoren-med-guldspetsar\\\/#primaryimage\"},\"image\":{\"@id\":\"https:\\\/\\\/www.loopkinglaces.com\\\/sv\\\/products\\\/lyxiga-kelly-green-laderskosnoren-med-guldspetsar\\\/#primaryimage\"},\"thumbnailUrl\":\"https:\\\/\\\/www.loopkinglaces.com\\\/wp-content\\\/uploads\\\/Kelly-Green-Leather-scaled.jpg\",\"datePublished\":\"2023-12-07T16:30:49+00:00\",\"description\":\"F\u00f6rvandla dina sneakers med v\u00e5ra h\u00f6gkvalitativa sn\u00f6ren i l\u00e4der. De \u00e4r designade f\u00f6r att ge en touch av elegans till dina favoritpar. Kolla in v\u00e5rt urval idag.\",\"breadcrumb\":{\"@id\":\"https:\\\/\\\/www.loopkinglaces.com\\\/sv\\\/products\\\/lyxiga-kelly-green-laderskosnoren-med-guldspetsar\\\/#breadcrumb\"},\"inLanguage\":\"sv-SE\",\"potentialAction\":[{\"@type\":\"ReadAction\",\"target\":[\"https:\\\/\\\/www.loopkinglaces.com\\\/sv\\\/products\\\/lyxiga-kelly-green-laderskosnoren-med-guldspetsar\\\/\"]}]},{\"@type\":\"ImageObject\",\"inLanguage\":\"sv-SE\",\"@id\":\"https:\\\/\\\/www.loopkinglaces.com\\\/sv\\\/products\\\/lyxiga-kelly-green-laderskosnoren-med-guldspetsar\\\/#primaryimage\",\"url\":\"https:\\\/\\\/www.loopkinglaces.com\\\/wp-content\\\/uploads\\\/Kelly-Green-Leather-scaled.jpg\",\"contentUrl\":\"https:\\\/\\\/www.loopkinglaces.com\\\/wp-content\\\/uploads\\\/Kelly-Green-Leather-scaled.jpg\",\"width\":2560,\"height\":2560},{\"@type\":\"BreadcrumbList\",\"@id\":\"https:\\\/\\\/www.loopkinglaces.com\\\/sv\\\/products\\\/lyxiga-kelly-green-laderskosnoren-med-guldspetsar\\\/#breadcrumb\",\"itemListElement\":[{\"@type\":\"ListItem\",\"position\":1,\"name\":\"Home\",\"item\":\"https:\\\/\\\/www.loopkinglaces.com\\\/sv\\\/\"},{\"@type\":\"ListItem\",\"position\":2,\"name\":\"BUY LACES\",\"item\":\"https:\\\/\\\/www.loopkinglaces.com\\\/buy-laces\\\/\"},{\"@type\":\"ListItem\",\"position\":3,\"name\":\"Lyxiga Kelly Green l\u00e4derskosn\u00f6ren med guldspetsar\"}]},{\"@type\":\"WebSite\",\"@id\":\"https:\\\/\\\/www.loopkinglaces.com\\\/sv\\\/#website\",\"url\":\"https:\\\/\\\/www.loopkinglaces.com\\\/sv\\\/\",\"name\":\"Luxury Gold Tip Shoelaces by Loop King Laces\",\"description\":\"Rope Laces, Flat Waxed Laces and Leather Laces. All With Gold Tips.\",\"publisher\":{\"@id\":\"https:\\\/\\\/www.loopkinglaces.com\\\/sv\\\/#organization\"},\"potentialAction\":[{\"@type\":\"SearchAction\",\"target\":{\"@type\":\"EntryPoint\",\"urlTemplate\":\"https:\\\/\\\/www.loopkinglaces.com\\\/sv\\\/?s={search_term_string}\"},\"query-input\":{\"@type\":\"PropertyValueSpecification\",\"valueRequired\":true,\"valueName\":\"search_term_string\"}}],\"inLanguage\":\"sv-SE\"},{\"@type\":\"Organization\",\"@id\":\"https:\\\/\\\/www.loopkinglaces.com\\\/sv\\\/#organization\",\"name\":\"Loop King Laces\",\"url\":\"https:\\\/\\\/www.loopkinglaces.com\\\/sv\\\/\",\"logo\":{\"@type\":\"ImageObject\",\"inLanguage\":\"sv-SE\",\"@id\":\"https:\\\/\\\/www.loopkinglaces.com\\\/sv\\\/#\\\/schema\\\/logo\\\/image\\\/\",\"url\":\"https:\\\/\\\/www.loopkinglaces.com\\\/wp-content\\\/uploads\\\/LOOP-KING-LACES.1.1-01-LOGO-HI-RES-OFFICIAL-1.png\",\"contentUrl\":\"https:\\\/\\\/www.loopkinglaces.com\\\/wp-content\\\/uploads\\\/LOOP-KING-LACES.1.1-01-LOGO-HI-RES-OFFICIAL-1.png\",\"width\":128,\"height\":91,\"caption\":\"Loop King Laces\"},\"image\":{\"@id\":\"https:\\\/\\\/www.loopkinglaces.com\\\/sv\\\/#\\\/schema\\\/logo\\\/image\\\/\"},\"sameAs\":[\"https:\\\/\\\/www.facebook.com\\\/LoopKingLaces\\\/\",\"https:\\\/\\\/x.com\\\/loopkinglaces\",\"https:\\\/\\\/www.instagram.com\\\/loopkinglaces\\\/\"]}]}<\/script>\n<!-- \/ Yoast SEO plugin. -->","yoast_head_json":{"title":"Lyxiga Kelly Green l\u00e4derskosn\u00f6ren med guldspetsar - fr\u00e5n Loop King","description":"F\u00f6rvandla dina sneakers med v\u00e5ra h\u00f6gkvalitativa sn\u00f6ren i l\u00e4der. De \u00e4r designade f\u00f6r att ge en touch av elegans till dina favoritpar. Kolla in v\u00e5rt urval idag.","robots":{"index":"index","follow":"follow","max-snippet":"max-snippet:-1","max-image-preview":"max-image-preview:large","max-video-preview":"max-video-preview:-1"},"canonical":"https:\/\/www.loopkinglaces.com\/sv\/products\/lyxiga-kelly-green-laderskosnoren-med-guldspetsar\/","og_locale":"sv_SE","og_type":"article","og_title":"Lyxiga Kelly Green l\u00e4derskosn\u00f6ren med guldspetsar - fr\u00e5n Loop King","og_description":"F\u00f6rvandla dina sneakers med v\u00e5ra h\u00f6gkvalitativa sn\u00f6ren i l\u00e4der. De \u00e4r designade f\u00f6r att ge en touch av elegans till dina favoritpar. Kolla in v\u00e5rt urval idag.","og_url":"https:\/\/www.loopkinglaces.com\/sv\/products\/lyxiga-kelly-green-laderskosnoren-med-guldspetsar\/","og_site_name":"Luxury Gold Tip Shoelaces by Loop King Laces","article_publisher":"https:\/\/www.facebook.com\/LoopKingLaces\/","og_image":[{"width":2560,"height":2560,"url":"https:\/\/www.loopkinglaces.com\/wp-content\/uploads\/Kelly-Green-Leather-scaled.jpg","type":"image\/jpeg"}],"twitter_card":"summary_large_image","twitter_site":"@loopkinglaces","twitter_misc":{"Ber\u00e4knad l\u00e4stid":"1 minut"},"schema":{"@context":"https:\/\/schema.org","@graph":[{"@type":["WebPage","ItemPage"],"@id":"https:\/\/www.loopkinglaces.com\/sv\/products\/lyxiga-kelly-green-laderskosnoren-med-guldspetsar\/","url":"https:\/\/www.loopkinglaces.com\/sv\/products\/lyxiga-kelly-green-laderskosnoren-med-guldspetsar\/","name":"Lyxiga Kelly Green l\u00e4derskosn\u00f6ren med guldspetsar - fr\u00e5n Loop King","isPartOf":{"@id":"https:\/\/www.loopkinglaces.com\/sv\/#website"},"primaryImageOfPage":{"@id":"https:\/\/www.loopkinglaces.com\/sv\/products\/lyxiga-kelly-green-laderskosnoren-med-guldspetsar\/#primaryimage"},"image":{"@id":"https:\/\/www.loopkinglaces.com\/sv\/products\/lyxiga-kelly-green-laderskosnoren-med-guldspetsar\/#primaryimage"},"thumbnailUrl":"https:\/\/www.loopkinglaces.com\/wp-content\/uploads\/Kelly-Green-Leather-scaled.jpg","datePublished":"2023-12-07T16:30:49+00:00","description":"F\u00f6rvandla dina sneakers med v\u00e5ra h\u00f6gkvalitativa sn\u00f6ren i l\u00e4der. De \u00e4r designade f\u00f6r att ge en touch av elegans till dina favoritpar. Kolla in v\u00e5rt urval idag.","breadcrumb":{"@id":"https:\/\/www.loopkinglaces.com\/sv\/products\/lyxiga-kelly-green-laderskosnoren-med-guldspetsar\/#breadcrumb"},"inLanguage":"sv-SE","potentialAction":[{"@type":"ReadAction","target":["https:\/\/www.loopkinglaces.com\/sv\/products\/lyxiga-kelly-green-laderskosnoren-med-guldspetsar\/"]}]},{"@type":"ImageObject","inLanguage":"sv-SE","@id":"https:\/\/www.loopkinglaces.com\/sv\/products\/lyxiga-kelly-green-laderskosnoren-med-guldspetsar\/#primaryimage","url":"https:\/\/www.loopkinglaces.com\/wp-content\/uploads\/Kelly-Green-Leather-scaled.jpg","contentUrl":"https:\/\/www.loopkinglaces.com\/wp-content\/uploads\/Kelly-Green-Leather-scaled.jpg","width":2560,"height":2560},{"@type":"BreadcrumbList","@id":"https:\/\/www.loopkinglaces.com\/sv\/products\/lyxiga-kelly-green-laderskosnoren-med-guldspetsar\/#breadcrumb","itemListElement":[{"@type":"ListItem","position":1,"name":"Home","item":"https:\/\/www.loopkinglaces.com\/sv\/"},{"@type":"ListItem","position":2,"name":"BUY LACES","item":"https:\/\/www.loopkinglaces.com\/buy-laces\/"},{"@type":"ListItem","position":3,"name":"Lyxiga Kelly Green l\u00e4derskosn\u00f6ren med guldspetsar"}]},{"@type":"WebSite","@id":"https:\/\/www.loopkinglaces.com\/sv\/#website","url":"https:\/\/www.loopkinglaces.com\/sv\/","name":"Luxury Gold Tip Shoelaces by Loop King Laces","description":"Rope Laces, Flat Waxed Laces and Leather Laces. All With Gold Tips.","publisher":{"@id":"https:\/\/www.loopkinglaces.com\/sv\/#organization"},"potentialAction":[{"@type":"SearchAction","target":{"@type":"EntryPoint","urlTemplate":"https:\/\/www.loopkinglaces.com\/sv\/?s={search_term_string}"},"query-input":{"@type":"PropertyValueSpecification","valueRequired":true,"valueName":"search_term_string"}}],"inLanguage":"sv-SE"},{"@type":"Organization","@id":"https:\/\/www.loopkinglaces.com\/sv\/#organization","name":"Loop King Laces","url":"https:\/\/www.loopkinglaces.com\/sv\/","logo":{"@type":"ImageObject","inLanguage":"sv-SE","@id":"https:\/\/www.loopkinglaces.com\/sv\/#\/schema\/logo\/image\/","url":"https:\/\/www.loopkinglaces.com\/wp-content\/uploads\/LOOP-KING-LACES.1.1-01-LOGO-HI-RES-OFFICIAL-1.png","contentUrl":"https:\/\/www.loopkinglaces.com\/wp-content\/uploads\/LOOP-KING-LACES.1.1-01-LOGO-HI-RES-OFFICIAL-1.png","width":128,"height":91,"caption":"Loop King Laces"},"image":{"@id":"https:\/\/www.loopkinglaces.com\/sv\/#\/schema\/logo\/image\/"},"sameAs":["https:\/\/www.facebook.com\/LoopKingLaces\/","https:\/\/x.com\/loopkinglaces","https:\/\/www.instagram.com\/loopkinglaces\/"]}]}},"_links":{"self":[{"href":"https:\/\/www.loopkinglaces.com\/sv\/wp-json\/wp\/v2\/product\/81486","targetHints":{"allow":["GET"]}}],"collection":[{"href":"https:\/\/www.loopkinglaces.com\/sv\/wp-json\/wp\/v2\/product"}],"about":[{"href":"https:\/\/www.loopkinglaces.com\/sv\/wp-json\/wp\/v2\/types\/product"}],"replies":[{"embeddable":true,"href":"https:\/\/www.loopkinglaces.com\/sv\/wp-json\/wp\/v2\/comments?post=81486"}],"wp:featuredmedia":[{"embeddable":true,"href":"https:\/\/www.loopkinglaces.com\/sv\/wp-json\/wp\/v2\/media\/81488"}],"wp:attachment":[{"href":"https:\/\/www.loopkinglaces.com\/sv\/wp-json\/wp\/v2\/media?parent=81486"}],"wp:term":[{"taxonomy":"product_brand","embeddable":true,"href":"https:\/\/www.loopkinglaces.com\/sv\/wp-json\/wp\/v2\/product_brand?post=81486"},{"taxonomy":"product_cat","embeddable":true,"href":"https:\/\/www.loopkinglaces.com\/sv\/wp-json\/wp\/v2\/product_cat?post=81486"},{"taxonomy":"product_tag","embeddable":true,"href":"https:\/\/www.loopkinglaces.com\/sv\/wp-json\/wp\/v2\/product_tag?post=81486"},{"taxonomy":"woo-feed-brand","embeddable":true,"href":"https:\/\/www.loopkinglaces.com\/sv\/wp-json\/wp\/v2\/woo-feed-brand?post=81486"}],"curies":[{"name":"wp","href":"https:\/\/api.w.org\/{rel}","templated":true}]}}