{"id":81446,"date":"2023-12-07T14:48:34","date_gmt":"2023-12-07T14:48:34","guid":{"rendered":"https:\/\/www.loopkinglaces.com\/products\/lyxiga-skosnoren-i-brunt-lader-med-guldspetsar\/"},"modified":"2023-12-07T14:48:34","modified_gmt":"2023-12-07T14:48:34","slug":"lyxiga-skosnoren-i-brunt-lader-med-guldspetsar","status":"publish","type":"product","link":"https:\/\/www.loopkinglaces.com\/sv\/products\/lyxiga-skosnoren-i-brunt-lader-med-guldspetsar\/","title":{"rendered":"Lyxiga skosn\u00f6ren i brunt l\u00e4der med guldspetsar"},"content":{"rendered":"<h3><a href=\"https:\/\/www.loopkinglaces.com\/\">Lyxiga sn\u00f6ren f\u00f6r sneakers<\/a><\/h3>\n<p>Det g\u00e5r inte att underskatta tjusningen med platta, rej\u00e4la sn\u00f6ren; de utstr\u00e5lar en k\u00e4nsla av lyx. Det \u00e4r just d\u00e4rf\u00f6r Loop Kings l\u00e4dersn\u00f6ren \u00e4r tillverkade med en robust tjocklek, vilket visar deras premiumkvalitet. Den anm\u00e4rkningsv\u00e4rda tjockleken framh\u00e4ver inte bara det \u00f6verl\u00e4gsna l\u00e4der som anv\u00e4nds utan talar ocks\u00e5 till v\u00e5rt orubbliga engagemang f\u00f6r excellens. V\u00e5rt val av f\u00f6rstklassiga material s\u00e4kerst\u00e4ller att dessa skosn\u00f6ren h\u00e5ller l\u00e4ngre \u00e4n andra, ofta med en faktor tre. F\u00f6r dem som vill undvika frekventa byten av skosn\u00f6ren \u00e4r Loop Kings l\u00e4derskosn\u00f6ren det perfekta valet, med viktiga funktioner.    <\/p>\n","protected":false},"excerpt":{"rendered":"<p><strong>Lyxiga skosn\u00f6ren i brunt l\u00e4der med guldspetsar<\/strong><\/p>\n<p>Det g\u00e5r inte att f\u00f6rneka att bredare och tjockare skosn\u00f6ren ser lyxigare och dyrare ut. Loop King f\u00f6rst\u00e5r detta och d\u00e4rf\u00f6r \u00e4r v\u00e5ra l\u00e4dersn\u00f6ren designade f\u00f6r att vara b\u00e5de tjocka och snygga, vilket framh\u00e4ver det h\u00f6gkvalitativa l\u00e4dret. Vi l\u00e4gger stor vikt vid kvalitet och anv\u00e4nder bara de finaste materialen. Detta resulterar i skosn\u00f6ren som inte bara \u00e4r visuellt tilltalande utan ocks\u00e5 otroligt h\u00e5llbara, ofta tre g\u00e5nger l\u00e4ngre \u00e4n konkurrenternas skosn\u00f6ren. V\u00e4lj Loop King l\u00e4derskosn\u00f6ren om du letar efter en kombination av stil och l\u00e5ng livsl\u00e4ngd. Deras viktigaste funktioner inkluderar: <\/p>\n<ul>\n<li>6mm bredd (platt)<\/li>\n<li>Fint l\u00e4der<\/li>\n<li>Pr\u00e4glade agletspetsar i guld med Loop King-namnet<\/li>\n<li>Passar de flesta st\u00f6rre skom\u00e4rken (Nike, Adidas, Reebok, Vans, Converse etc.)<\/li>\n<li>Kommer att h\u00e5lla l\u00e4ngre \u00e4n andra skosn\u00f6rsm\u00e4rken 3x<\/li>\n<li>Beautiful Loop King F\u00f6rpackningar per spets<\/li>\n<\/ul>\n","protected":false},"featured_media":81447,"comment_status":"open","ping_status":"closed","template":"","meta":{"_acf_changed":false},"product_brand":[],"product_cat":[2032,2070,2175,2234,2231,2230,2227,2225,2220,2033,2179],"product_tag":[2063,2065,2235,2064,2237,2066],"woo-feed-brand":[],"class_list":{"0":"post-81446","1":"product","2":"type-product","3":"status-publish","4":"has-post-thumbnail","6":"product_cat-alla-skosnoren","7":"product_cat-bruna-skosnoren-for-att-forbattra-din-stil","8":"product_cat-de-basta-alexander-mcqueen-skosnorena-for-dina-avancerade-sneakers","9":"product_cat-extra-langa-skosnoren-mer-an-bara-en-trend-det-ar-en-livsstil","10":"product_cat-forhoj-din-hoka-upplevelse-inte-bara-skosnoren-utan-uttalanden-i-neutrala-nyanser","11":"product_cat-golden-goose-skosnoren-ersattning-for-dina-alskade-skor","12":"product_cat-hur-man-snorar-air-max-97-storleksguide-och-alternativ-for-skosnoren","13":"product_cat-lyxiga-skosnoren-i-lader","14":"product_cat-robusta-thorogood-skosnoren-som-aldrig-kommer-att-svika-dig","15":"product_cat-skosnoren-med-guldspets","16":"product_cat-travis-scott-skosnoren-hype-karlek-och-allt-vad-det-heter","17":"product_tag-loop-king-sv","18":"product_tag-metallspets","19":"product_tag-skor","20":"product_tag-skosnoren","21":"product_tag-skosnoren-i-lader","22":"product_tag-svart","24":"first","25":"instock","26":"taxable","27":"shipping-taxable","28":"purchasable","29":"product-type-variable"},"acf":[],"yoast_head":"<!-- This site is optimized with the Yoast SEO plugin v27.4 - https:\/\/yoast.com\/product\/yoast-seo-wordpress\/ -->\n<title>Lyxiga skosn\u00f6ren i brunt l\u00e4der med guldspetsar - fr\u00e5n Loop King<\/title>\n<meta name=\"description\" content=\"Ge din skosamling en snabb uppgradering med v\u00e5ra sn\u00f6ren i premiuml\u00e4der. De passar perfekt till Nike Dunks och en l\u00e5ng rad andra sneakersm\u00e4rken.\" \/>\n<meta name=\"robots\" content=\"index, follow, max-snippet:-1, max-image-preview:large, max-video-preview:-1\" \/>\n<link rel=\"canonical\" href=\"https:\/\/www.loopkinglaces.com\/sv\/products\/lyxiga-skosnoren-i-brunt-lader-med-guldspetsar\/\" \/>\n<meta property=\"og:locale\" content=\"sv_SE\" \/>\n<meta property=\"og:type\" content=\"article\" \/>\n<meta property=\"og:title\" content=\"Lyxiga skosn\u00f6ren i brunt l\u00e4der med guldspetsar - fr\u00e5n Loop King\" \/>\n<meta property=\"og:description\" content=\"Ge din skosamling en snabb uppgradering med v\u00e5ra sn\u00f6ren i premiuml\u00e4der. De passar perfekt till Nike Dunks och en l\u00e5ng rad andra sneakersm\u00e4rken.\" \/>\n<meta property=\"og:url\" content=\"https:\/\/www.loopkinglaces.com\/sv\/products\/lyxiga-skosnoren-i-brunt-lader-med-guldspetsar\/\" \/>\n<meta property=\"og:site_name\" content=\"Luxury Gold Tip Shoelaces by Loop King Laces\" \/>\n<meta property=\"article:publisher\" content=\"https:\/\/www.facebook.com\/LoopKingLaces\/\" \/>\n<meta property=\"og:image\" content=\"https:\/\/www.loopkinglaces.com\/wp-content\/uploads\/Brown-Leather-scaled.jpg\" \/>\n\t<meta property=\"og:image:width\" content=\"2560\" \/>\n\t<meta property=\"og:image:height\" content=\"2560\" \/>\n\t<meta property=\"og:image:type\" content=\"image\/jpeg\" \/>\n<meta name=\"twitter:card\" content=\"summary_large_image\" \/>\n<meta name=\"twitter:site\" content=\"@loopkinglaces\" \/>\n<meta name=\"twitter:label1\" content=\"Ber\u00e4knad l\u00e4stid\" \/>\n\t<meta name=\"twitter:data1\" content=\"1 minut\" \/>\n<script type=\"application\/ld+json\" class=\"yoast-schema-graph\">{\"@context\":\"https:\\\/\\\/schema.org\",\"@graph\":[{\"@type\":[\"WebPage\",\"ItemPage\"],\"@id\":\"https:\\\/\\\/www.loopkinglaces.com\\\/sv\\\/products\\\/lyxiga-skosnoren-i-brunt-lader-med-guldspetsar\\\/\",\"url\":\"https:\\\/\\\/www.loopkinglaces.com\\\/sv\\\/products\\\/lyxiga-skosnoren-i-brunt-lader-med-guldspetsar\\\/\",\"name\":\"Lyxiga skosn\u00f6ren i brunt l\u00e4der med guldspetsar - fr\u00e5n Loop King\",\"isPartOf\":{\"@id\":\"https:\\\/\\\/www.loopkinglaces.com\\\/sv\\\/#website\"},\"primaryImageOfPage\":{\"@id\":\"https:\\\/\\\/www.loopkinglaces.com\\\/sv\\\/products\\\/lyxiga-skosnoren-i-brunt-lader-med-guldspetsar\\\/#primaryimage\"},\"image\":{\"@id\":\"https:\\\/\\\/www.loopkinglaces.com\\\/sv\\\/products\\\/lyxiga-skosnoren-i-brunt-lader-med-guldspetsar\\\/#primaryimage\"},\"thumbnailUrl\":\"https:\\\/\\\/www.loopkinglaces.com\\\/wp-content\\\/uploads\\\/Brown-Leather-scaled.jpg\",\"datePublished\":\"2023-12-07T14:48:34+00:00\",\"description\":\"Ge din skosamling en snabb uppgradering med v\u00e5ra sn\u00f6ren i premiuml\u00e4der. De passar perfekt till Nike Dunks och en l\u00e5ng rad andra sneakersm\u00e4rken.\",\"breadcrumb\":{\"@id\":\"https:\\\/\\\/www.loopkinglaces.com\\\/sv\\\/products\\\/lyxiga-skosnoren-i-brunt-lader-med-guldspetsar\\\/#breadcrumb\"},\"inLanguage\":\"sv-SE\",\"potentialAction\":[{\"@type\":\"ReadAction\",\"target\":[\"https:\\\/\\\/www.loopkinglaces.com\\\/sv\\\/products\\\/lyxiga-skosnoren-i-brunt-lader-med-guldspetsar\\\/\"]}]},{\"@type\":\"ImageObject\",\"inLanguage\":\"sv-SE\",\"@id\":\"https:\\\/\\\/www.loopkinglaces.com\\\/sv\\\/products\\\/lyxiga-skosnoren-i-brunt-lader-med-guldspetsar\\\/#primaryimage\",\"url\":\"https:\\\/\\\/www.loopkinglaces.com\\\/wp-content\\\/uploads\\\/Brown-Leather-scaled.jpg\",\"contentUrl\":\"https:\\\/\\\/www.loopkinglaces.com\\\/wp-content\\\/uploads\\\/Brown-Leather-scaled.jpg\",\"width\":2560,\"height\":2560},{\"@type\":\"BreadcrumbList\",\"@id\":\"https:\\\/\\\/www.loopkinglaces.com\\\/sv\\\/products\\\/lyxiga-skosnoren-i-brunt-lader-med-guldspetsar\\\/#breadcrumb\",\"itemListElement\":[{\"@type\":\"ListItem\",\"position\":1,\"name\":\"Home\",\"item\":\"https:\\\/\\\/www.loopkinglaces.com\\\/sv\\\/\"},{\"@type\":\"ListItem\",\"position\":2,\"name\":\"BUY LACES\",\"item\":\"https:\\\/\\\/www.loopkinglaces.com\\\/buy-laces\\\/\"},{\"@type\":\"ListItem\",\"position\":3,\"name\":\"Lyxiga skosn\u00f6ren i brunt l\u00e4der med guldspetsar\"}]},{\"@type\":\"WebSite\",\"@id\":\"https:\\\/\\\/www.loopkinglaces.com\\\/sv\\\/#website\",\"url\":\"https:\\\/\\\/www.loopkinglaces.com\\\/sv\\\/\",\"name\":\"Luxury Gold Tip Shoelaces by Loop King Laces\",\"description\":\"Rope Laces, Flat Waxed Laces and Leather Laces. All With Gold Tips.\",\"publisher\":{\"@id\":\"https:\\\/\\\/www.loopkinglaces.com\\\/sv\\\/#organization\"},\"potentialAction\":[{\"@type\":\"SearchAction\",\"target\":{\"@type\":\"EntryPoint\",\"urlTemplate\":\"https:\\\/\\\/www.loopkinglaces.com\\\/sv\\\/?s={search_term_string}\"},\"query-input\":{\"@type\":\"PropertyValueSpecification\",\"valueRequired\":true,\"valueName\":\"search_term_string\"}}],\"inLanguage\":\"sv-SE\"},{\"@type\":\"Organization\",\"@id\":\"https:\\\/\\\/www.loopkinglaces.com\\\/sv\\\/#organization\",\"name\":\"Loop King Laces\",\"url\":\"https:\\\/\\\/www.loopkinglaces.com\\\/sv\\\/\",\"logo\":{\"@type\":\"ImageObject\",\"inLanguage\":\"sv-SE\",\"@id\":\"https:\\\/\\\/www.loopkinglaces.com\\\/sv\\\/#\\\/schema\\\/logo\\\/image\\\/\",\"url\":\"https:\\\/\\\/www.loopkinglaces.com\\\/wp-content\\\/uploads\\\/LOOP-KING-LACES.1.1-01-LOGO-HI-RES-OFFICIAL-1.png\",\"contentUrl\":\"https:\\\/\\\/www.loopkinglaces.com\\\/wp-content\\\/uploads\\\/LOOP-KING-LACES.1.1-01-LOGO-HI-RES-OFFICIAL-1.png\",\"width\":128,\"height\":91,\"caption\":\"Loop King Laces\"},\"image\":{\"@id\":\"https:\\\/\\\/www.loopkinglaces.com\\\/sv\\\/#\\\/schema\\\/logo\\\/image\\\/\"},\"sameAs\":[\"https:\\\/\\\/www.facebook.com\\\/LoopKingLaces\\\/\",\"https:\\\/\\\/x.com\\\/loopkinglaces\",\"https:\\\/\\\/www.instagram.com\\\/loopkinglaces\\\/\"]}]}<\/script>\n<!-- \/ Yoast SEO plugin. -->","yoast_head_json":{"title":"Lyxiga skosn\u00f6ren i brunt l\u00e4der med guldspetsar - fr\u00e5n Loop King","description":"Ge din skosamling en snabb uppgradering med v\u00e5ra sn\u00f6ren i premiuml\u00e4der. De passar perfekt till Nike Dunks och en l\u00e5ng rad andra sneakersm\u00e4rken.","robots":{"index":"index","follow":"follow","max-snippet":"max-snippet:-1","max-image-preview":"max-image-preview:large","max-video-preview":"max-video-preview:-1"},"canonical":"https:\/\/www.loopkinglaces.com\/sv\/products\/lyxiga-skosnoren-i-brunt-lader-med-guldspetsar\/","og_locale":"sv_SE","og_type":"article","og_title":"Lyxiga skosn\u00f6ren i brunt l\u00e4der med guldspetsar - fr\u00e5n Loop King","og_description":"Ge din skosamling en snabb uppgradering med v\u00e5ra sn\u00f6ren i premiuml\u00e4der. De passar perfekt till Nike Dunks och en l\u00e5ng rad andra sneakersm\u00e4rken.","og_url":"https:\/\/www.loopkinglaces.com\/sv\/products\/lyxiga-skosnoren-i-brunt-lader-med-guldspetsar\/","og_site_name":"Luxury Gold Tip Shoelaces by Loop King Laces","article_publisher":"https:\/\/www.facebook.com\/LoopKingLaces\/","og_image":[{"width":2560,"height":2560,"url":"https:\/\/www.loopkinglaces.com\/wp-content\/uploads\/Brown-Leather-scaled.jpg","type":"image\/jpeg"}],"twitter_card":"summary_large_image","twitter_site":"@loopkinglaces","twitter_misc":{"Ber\u00e4knad l\u00e4stid":"1 minut"},"schema":{"@context":"https:\/\/schema.org","@graph":[{"@type":["WebPage","ItemPage"],"@id":"https:\/\/www.loopkinglaces.com\/sv\/products\/lyxiga-skosnoren-i-brunt-lader-med-guldspetsar\/","url":"https:\/\/www.loopkinglaces.com\/sv\/products\/lyxiga-skosnoren-i-brunt-lader-med-guldspetsar\/","name":"Lyxiga skosn\u00f6ren i brunt l\u00e4der med guldspetsar - fr\u00e5n Loop King","isPartOf":{"@id":"https:\/\/www.loopkinglaces.com\/sv\/#website"},"primaryImageOfPage":{"@id":"https:\/\/www.loopkinglaces.com\/sv\/products\/lyxiga-skosnoren-i-brunt-lader-med-guldspetsar\/#primaryimage"},"image":{"@id":"https:\/\/www.loopkinglaces.com\/sv\/products\/lyxiga-skosnoren-i-brunt-lader-med-guldspetsar\/#primaryimage"},"thumbnailUrl":"https:\/\/www.loopkinglaces.com\/wp-content\/uploads\/Brown-Leather-scaled.jpg","datePublished":"2023-12-07T14:48:34+00:00","description":"Ge din skosamling en snabb uppgradering med v\u00e5ra sn\u00f6ren i premiuml\u00e4der. De passar perfekt till Nike Dunks och en l\u00e5ng rad andra sneakersm\u00e4rken.","breadcrumb":{"@id":"https:\/\/www.loopkinglaces.com\/sv\/products\/lyxiga-skosnoren-i-brunt-lader-med-guldspetsar\/#breadcrumb"},"inLanguage":"sv-SE","potentialAction":[{"@type":"ReadAction","target":["https:\/\/www.loopkinglaces.com\/sv\/products\/lyxiga-skosnoren-i-brunt-lader-med-guldspetsar\/"]}]},{"@type":"ImageObject","inLanguage":"sv-SE","@id":"https:\/\/www.loopkinglaces.com\/sv\/products\/lyxiga-skosnoren-i-brunt-lader-med-guldspetsar\/#primaryimage","url":"https:\/\/www.loopkinglaces.com\/wp-content\/uploads\/Brown-Leather-scaled.jpg","contentUrl":"https:\/\/www.loopkinglaces.com\/wp-content\/uploads\/Brown-Leather-scaled.jpg","width":2560,"height":2560},{"@type":"BreadcrumbList","@id":"https:\/\/www.loopkinglaces.com\/sv\/products\/lyxiga-skosnoren-i-brunt-lader-med-guldspetsar\/#breadcrumb","itemListElement":[{"@type":"ListItem","position":1,"name":"Home","item":"https:\/\/www.loopkinglaces.com\/sv\/"},{"@type":"ListItem","position":2,"name":"BUY LACES","item":"https:\/\/www.loopkinglaces.com\/buy-laces\/"},{"@type":"ListItem","position":3,"name":"Lyxiga skosn\u00f6ren i brunt l\u00e4der med guldspetsar"}]},{"@type":"WebSite","@id":"https:\/\/www.loopkinglaces.com\/sv\/#website","url":"https:\/\/www.loopkinglaces.com\/sv\/","name":"Luxury Gold Tip Shoelaces by Loop King Laces","description":"Rope Laces, Flat Waxed Laces and Leather Laces. All With Gold Tips.","publisher":{"@id":"https:\/\/www.loopkinglaces.com\/sv\/#organization"},"potentialAction":[{"@type":"SearchAction","target":{"@type":"EntryPoint","urlTemplate":"https:\/\/www.loopkinglaces.com\/sv\/?s={search_term_string}"},"query-input":{"@type":"PropertyValueSpecification","valueRequired":true,"valueName":"search_term_string"}}],"inLanguage":"sv-SE"},{"@type":"Organization","@id":"https:\/\/www.loopkinglaces.com\/sv\/#organization","name":"Loop King Laces","url":"https:\/\/www.loopkinglaces.com\/sv\/","logo":{"@type":"ImageObject","inLanguage":"sv-SE","@id":"https:\/\/www.loopkinglaces.com\/sv\/#\/schema\/logo\/image\/","url":"https:\/\/www.loopkinglaces.com\/wp-content\/uploads\/LOOP-KING-LACES.1.1-01-LOGO-HI-RES-OFFICIAL-1.png","contentUrl":"https:\/\/www.loopkinglaces.com\/wp-content\/uploads\/LOOP-KING-LACES.1.1-01-LOGO-HI-RES-OFFICIAL-1.png","width":128,"height":91,"caption":"Loop King Laces"},"image":{"@id":"https:\/\/www.loopkinglaces.com\/sv\/#\/schema\/logo\/image\/"},"sameAs":["https:\/\/www.facebook.com\/LoopKingLaces\/","https:\/\/x.com\/loopkinglaces","https:\/\/www.instagram.com\/loopkinglaces\/"]}]}},"_links":{"self":[{"href":"https:\/\/www.loopkinglaces.com\/sv\/wp-json\/wp\/v2\/product\/81446","targetHints":{"allow":["GET"]}}],"collection":[{"href":"https:\/\/www.loopkinglaces.com\/sv\/wp-json\/wp\/v2\/product"}],"about":[{"href":"https:\/\/www.loopkinglaces.com\/sv\/wp-json\/wp\/v2\/types\/product"}],"replies":[{"embeddable":true,"href":"https:\/\/www.loopkinglaces.com\/sv\/wp-json\/wp\/v2\/comments?post=81446"}],"wp:featuredmedia":[{"embeddable":true,"href":"https:\/\/www.loopkinglaces.com\/sv\/wp-json\/wp\/v2\/media\/81447"}],"wp:attachment":[{"href":"https:\/\/www.loopkinglaces.com\/sv\/wp-json\/wp\/v2\/media?parent=81446"}],"wp:term":[{"taxonomy":"product_brand","embeddable":true,"href":"https:\/\/www.loopkinglaces.com\/sv\/wp-json\/wp\/v2\/product_brand?post=81446"},{"taxonomy":"product_cat","embeddable":true,"href":"https:\/\/www.loopkinglaces.com\/sv\/wp-json\/wp\/v2\/product_cat?post=81446"},{"taxonomy":"product_tag","embeddable":true,"href":"https:\/\/www.loopkinglaces.com\/sv\/wp-json\/wp\/v2\/product_tag?post=81446"},{"taxonomy":"woo-feed-brand","embeddable":true,"href":"https:\/\/www.loopkinglaces.com\/sv\/wp-json\/wp\/v2\/woo-feed-brand?post=81446"}],"curies":[{"name":"wp","href":"https:\/\/api.w.org\/{rel}","templated":true}]}}