{"id":81221,"date":"2023-12-11T19:15:32","date_gmt":"2023-12-11T19:15:32","guid":{"rendered":"https:\/\/www.loopkinglaces.com\/products\/gra-vintage-faded-flat-cotton-skosnoren-med-tydliga-spetsar\/"},"modified":"2023-12-11T19:15:32","modified_gmt":"2023-12-11T19:15:32","slug":"gra-vintage-faded-flat-cotton-skosnoren-med-tydliga-spetsar","status":"publish","type":"product","link":"https:\/\/www.loopkinglaces.com\/sv\/products\/gra-vintage-faded-flat-cotton-skosnoren-med-tydliga-spetsar\/","title":{"rendered":"Gr\u00e5 Vintage Faded Flat Cotton skosn\u00f6ren med tydliga spetsar"},"content":{"rendered":"<p>Blandar gammaldags charm med modern uth\u00e5llighet. Dessa skosn\u00f6ren, som \u00e4r utformade f\u00f6r att f\u00f6r\u00e4dla dina skor, har en unik bleknad effekt som ger en retrok\u00e4nsla till alla skostilar. De \u00e4r tillverkade av h\u00f6gkvalitativ bomull och ger komfort och l\u00e5ng livsl\u00e4ngd. De genomskinliga spetsarna f\u00f6rst\u00e4rker inte bara skosn\u00f6rets vintagek\u00e4nsla utan ger ocks\u00e5 extra h\u00e5llbarhet mot slitage. De h\u00e4r skosn\u00f6rena \u00e4r m\u00e5ngsidiga och moderiktiga och passar till m\u00e5nga olika skostilar, fr\u00e5n avslappnade sneakers till formella kl\u00e4dskor. Uppgradera din skostil med dessa exceptionella skosn\u00f6ren, ett perfekt val f\u00f6r dig som uppskattar en blandning av klassisk elegans och modern kvalitet. V\u00e5ra skosn\u00f6ren passar alla olika typer av sneakers och m\u00e4rken, inklusive Adidas, Nike, VANS och s\u00e5 vidare, bes\u00f6k v\u00e5r <a href=\"\/shoelace-size-chart\/\">storleksguide<\/a> d\u00e4r du kan hitta den perfekta storleken p\u00e5 skosn\u00f6ren som passar dina skor.     <\/p>\n<p>&nbsp;<\/p>\n","protected":false},"excerpt":{"rendered":"<p><strong>Ljuslila Vintage Faded Flat Cotton Shoelaces med tydliga spetsar<\/strong><\/p>\n<p>Dessa skosn\u00f6ren, som \u00e4r utformade f\u00f6r att f\u00f6rb\u00e4ttra dina skor, har en distinkt blekt vintagedesign som ger en retrok\u00e4nsla till alla typer av skor. De \u00e4r tillverkade av h\u00f6gkvalitativ bomull och utlovar komfort och h\u00e5llbarhet. De genomskinliga spetsarna f\u00f6rst\u00e4rker inte bara skosn\u00f6rets retrolook utan skyddar dem ocks\u00e5 mot fransning. Dessa skosn\u00f6ren \u00e4r b\u00e5de m\u00e5ngsidiga och snygga och passar till en m\u00e4ngd olika skor, fr\u00e5n casual till formella. Ge dina skor en makeover med dessa uts\u00f6kta skosn\u00f6ren, idealiska f\u00f6r dig som uppskattar en kombination av tidl\u00f6s design och modern funktionalitet. Se funktioner nedan:    <\/p>\n<ul>\n<li>Handf\u00e4rgade med personlig touch (inget skosn\u00f6re \u00e4r det andra likt)<\/li>\n<li>F\u00f6rstklassiga material<\/li>\n<li>H\u00e5ller <strong>3 g\u00e5nger l\u00e4ngre<\/strong> \u00e4n vanliga sn\u00f6ren<\/li>\n<li>Klar plastspets av h\u00f6g kvalitet<\/li>\n<li>Polyester Bomull<\/li>\n<li>Beautiful Loop King F\u00f6rpackningar per spets<\/li>\n<\/ul>\n","protected":false},"featured_media":81225,"comment_status":"open","ping_status":"closed","template":"","meta":{"_acf_changed":false},"product_brand":[],"product_cat":[2117,2101,2218,2032,2153,2157,2178,2219,2083,2220,2221,2222,2136,2139],"product_tag":[2069,2063,2065,2064,2067,2068,2066],"woo-feed-brand":[],"class_list":{"0":"post-81221","1":"product","2":"type-product","3":"status-publish","4":"has-post-thumbnail","6":"product_cat-48-tums-skosnoren","7":"product_cat-60-tums-skosnoren-for-kangor-langre-snoren-for-det-ultimata-stiluttrycket","8":"product_cat-adidas-yeezy-700-snoren-moderiktiga-strangar","9":"product_cat-alla-skosnoren","10":"product_cat-balenciaga-skosnoren-hogklassiga-och-trendiga-skosnoren","11":"product_cat-elite-dallas-cowboys-skosnoren-for-att-stodja-ditt-favoritlag-med-stil","12":"product_cat-keen-skosnoren-att-bemastra-konsten-att-kombinera-svart-och-gratt","13":"product_cat-lyxiga-louis-vuitton-repsnoren-som-kompletterar-din-sofistikering-och-stil","14":"product_cat-new-balance-skosnoren-uppgradera-din-look","15":"product_cat-robusta-thorogood-skosnoren-som-aldrig-kommer-att-svika-dig","16":"product_cat-skosnoren-for-rullskridskor-den-obesjungna-hjalten-pa-rinken","17":"product_cat-snoren-i-mocka-en-spelforandrare-for-dina-skor","18":"product_cat-tie-dye-skosnoren-en-funkig-tolkning-av-klassiska-skor","19":"product_cat-upptack-charmen-med-loop-kings-vintage-faded-flat-cotton-skosnoren-med-tydliga-tips","20":"product_tag-gra","21":"product_tag-loop-king-sv","22":"product_tag-metallspets","23":"product_tag-skosnoren","24":"product_tag-skosnoren-av-rep","25":"product_tag-skosnoren-med-guldspets","26":"product_tag-svart","28":"first","29":"instock","30":"taxable","31":"shipping-taxable","32":"purchasable","33":"product-type-variable"},"acf":[],"yoast_head":"<!-- This site is optimized with the Yoast SEO plugin v27.4 - https:\/\/yoast.com\/product\/yoast-seo-wordpress\/ -->\n<title>Gr\u00e5 Vintage Faded Flat bomullsskosn\u00f6ren med tydliga spetsar - Loop King<\/title>\n<meta name=\"description\" content=\"F\u00f6rh\u00f6j dina skors charm med ett Pink Vintage Faded Shoelaces. Dessa skosn\u00f6ren \u00e4r en blinkning till klassisk elegans, uppdaterad f\u00f6r dagens mode. K\u00f6p nu!\" \/>\n<meta name=\"robots\" content=\"index, follow, max-snippet:-1, max-image-preview:large, max-video-preview:-1\" \/>\n<link rel=\"canonical\" href=\"https:\/\/www.loopkinglaces.com\/sv\/products\/gra-vintage-faded-flat-cotton-skosnoren-med-tydliga-spetsar\/\" \/>\n<meta property=\"og:locale\" content=\"sv_SE\" \/>\n<meta property=\"og:type\" content=\"article\" \/>\n<meta property=\"og:title\" content=\"Gr\u00e5 Vintage Faded Flat bomullsskosn\u00f6ren med tydliga spetsar - Loop King\" \/>\n<meta property=\"og:description\" content=\"F\u00f6rh\u00f6j dina skors charm med ett Pink Vintage Faded Shoelaces. Dessa skosn\u00f6ren \u00e4r en blinkning till klassisk elegans, uppdaterad f\u00f6r dagens mode. K\u00f6p nu!\" \/>\n<meta property=\"og:url\" content=\"https:\/\/www.loopkinglaces.com\/sv\/products\/gra-vintage-faded-flat-cotton-skosnoren-med-tydliga-spetsar\/\" \/>\n<meta property=\"og:site_name\" content=\"Luxury Gold Tip Shoelaces by Loop King Laces\" \/>\n<meta property=\"article:publisher\" content=\"https:\/\/www.facebook.com\/LoopKingLaces\/\" \/>\n<meta property=\"og:image\" content=\"https:\/\/www.loopkinglaces.com\/wp-content\/uploads\/Grey-Vintage-scaled.jpg\" \/>\n\t<meta property=\"og:image:width\" content=\"2560\" \/>\n\t<meta property=\"og:image:height\" content=\"2560\" \/>\n\t<meta property=\"og:image:type\" content=\"image\/jpeg\" \/>\n<meta name=\"twitter:card\" content=\"summary_large_image\" \/>\n<meta name=\"twitter:site\" content=\"@loopkinglaces\" \/>\n<meta name=\"twitter:label1\" content=\"Ber\u00e4knad l\u00e4stid\" \/>\n\t<meta name=\"twitter:data1\" content=\"1 minut\" \/>\n<script type=\"application\/ld+json\" class=\"yoast-schema-graph\">{\"@context\":\"https:\\\/\\\/schema.org\",\"@graph\":[{\"@type\":[\"WebPage\",\"ItemPage\"],\"@id\":\"https:\\\/\\\/www.loopkinglaces.com\\\/sv\\\/products\\\/gra-vintage-faded-flat-cotton-skosnoren-med-tydliga-spetsar\\\/\",\"url\":\"https:\\\/\\\/www.loopkinglaces.com\\\/sv\\\/products\\\/gra-vintage-faded-flat-cotton-skosnoren-med-tydliga-spetsar\\\/\",\"name\":\"Gr\u00e5 Vintage Faded Flat bomullsskosn\u00f6ren med tydliga spetsar - Loop King\",\"isPartOf\":{\"@id\":\"https:\\\/\\\/www.loopkinglaces.com\\\/sv\\\/#website\"},\"primaryImageOfPage\":{\"@id\":\"https:\\\/\\\/www.loopkinglaces.com\\\/sv\\\/products\\\/gra-vintage-faded-flat-cotton-skosnoren-med-tydliga-spetsar\\\/#primaryimage\"},\"image\":{\"@id\":\"https:\\\/\\\/www.loopkinglaces.com\\\/sv\\\/products\\\/gra-vintage-faded-flat-cotton-skosnoren-med-tydliga-spetsar\\\/#primaryimage\"},\"thumbnailUrl\":\"https:\\\/\\\/www.loopkinglaces.com\\\/wp-content\\\/uploads\\\/Grey-Vintage-scaled.jpg\",\"datePublished\":\"2023-12-11T19:15:32+00:00\",\"description\":\"F\u00f6rh\u00f6j dina skors charm med ett Pink Vintage Faded Shoelaces. Dessa skosn\u00f6ren \u00e4r en blinkning till klassisk elegans, uppdaterad f\u00f6r dagens mode. K\u00f6p nu!\",\"breadcrumb\":{\"@id\":\"https:\\\/\\\/www.loopkinglaces.com\\\/sv\\\/products\\\/gra-vintage-faded-flat-cotton-skosnoren-med-tydliga-spetsar\\\/#breadcrumb\"},\"inLanguage\":\"sv-SE\",\"potentialAction\":[{\"@type\":\"ReadAction\",\"target\":[\"https:\\\/\\\/www.loopkinglaces.com\\\/sv\\\/products\\\/gra-vintage-faded-flat-cotton-skosnoren-med-tydliga-spetsar\\\/\"]}]},{\"@type\":\"ImageObject\",\"inLanguage\":\"sv-SE\",\"@id\":\"https:\\\/\\\/www.loopkinglaces.com\\\/sv\\\/products\\\/gra-vintage-faded-flat-cotton-skosnoren-med-tydliga-spetsar\\\/#primaryimage\",\"url\":\"https:\\\/\\\/www.loopkinglaces.com\\\/wp-content\\\/uploads\\\/Grey-Vintage-scaled.jpg\",\"contentUrl\":\"https:\\\/\\\/www.loopkinglaces.com\\\/wp-content\\\/uploads\\\/Grey-Vintage-scaled.jpg\",\"width\":2560,\"height\":2560},{\"@type\":\"BreadcrumbList\",\"@id\":\"https:\\\/\\\/www.loopkinglaces.com\\\/sv\\\/products\\\/gra-vintage-faded-flat-cotton-skosnoren-med-tydliga-spetsar\\\/#breadcrumb\",\"itemListElement\":[{\"@type\":\"ListItem\",\"position\":1,\"name\":\"Home\",\"item\":\"https:\\\/\\\/www.loopkinglaces.com\\\/sv\\\/\"},{\"@type\":\"ListItem\",\"position\":2,\"name\":\"BUY LACES\",\"item\":\"https:\\\/\\\/www.loopkinglaces.com\\\/buy-laces\\\/\"},{\"@type\":\"ListItem\",\"position\":3,\"name\":\"Gr\u00e5 Vintage Faded Flat Cotton skosn\u00f6ren med tydliga spetsar\"}]},{\"@type\":\"WebSite\",\"@id\":\"https:\\\/\\\/www.loopkinglaces.com\\\/sv\\\/#website\",\"url\":\"https:\\\/\\\/www.loopkinglaces.com\\\/sv\\\/\",\"name\":\"Luxury Gold Tip Shoelaces by Loop King Laces\",\"description\":\"Rope Laces, Flat Waxed Laces and Leather Laces. All With Gold Tips.\",\"publisher\":{\"@id\":\"https:\\\/\\\/www.loopkinglaces.com\\\/sv\\\/#organization\"},\"potentialAction\":[{\"@type\":\"SearchAction\",\"target\":{\"@type\":\"EntryPoint\",\"urlTemplate\":\"https:\\\/\\\/www.loopkinglaces.com\\\/sv\\\/?s={search_term_string}\"},\"query-input\":{\"@type\":\"PropertyValueSpecification\",\"valueRequired\":true,\"valueName\":\"search_term_string\"}}],\"inLanguage\":\"sv-SE\"},{\"@type\":\"Organization\",\"@id\":\"https:\\\/\\\/www.loopkinglaces.com\\\/sv\\\/#organization\",\"name\":\"Loop King Laces\",\"url\":\"https:\\\/\\\/www.loopkinglaces.com\\\/sv\\\/\",\"logo\":{\"@type\":\"ImageObject\",\"inLanguage\":\"sv-SE\",\"@id\":\"https:\\\/\\\/www.loopkinglaces.com\\\/sv\\\/#\\\/schema\\\/logo\\\/image\\\/\",\"url\":\"https:\\\/\\\/www.loopkinglaces.com\\\/wp-content\\\/uploads\\\/LOOP-KING-LACES.1.1-01-LOGO-HI-RES-OFFICIAL-1.png\",\"contentUrl\":\"https:\\\/\\\/www.loopkinglaces.com\\\/wp-content\\\/uploads\\\/LOOP-KING-LACES.1.1-01-LOGO-HI-RES-OFFICIAL-1.png\",\"width\":128,\"height\":91,\"caption\":\"Loop King Laces\"},\"image\":{\"@id\":\"https:\\\/\\\/www.loopkinglaces.com\\\/sv\\\/#\\\/schema\\\/logo\\\/image\\\/\"},\"sameAs\":[\"https:\\\/\\\/www.facebook.com\\\/LoopKingLaces\\\/\",\"https:\\\/\\\/x.com\\\/loopkinglaces\",\"https:\\\/\\\/www.instagram.com\\\/loopkinglaces\\\/\"]}]}<\/script>\n<!-- \/ Yoast SEO plugin. -->","yoast_head_json":{"title":"Gr\u00e5 Vintage Faded Flat bomullsskosn\u00f6ren med tydliga spetsar - Loop King","description":"F\u00f6rh\u00f6j dina skors charm med ett Pink Vintage Faded Shoelaces. Dessa skosn\u00f6ren \u00e4r en blinkning till klassisk elegans, uppdaterad f\u00f6r dagens mode. K\u00f6p nu!","robots":{"index":"index","follow":"follow","max-snippet":"max-snippet:-1","max-image-preview":"max-image-preview:large","max-video-preview":"max-video-preview:-1"},"canonical":"https:\/\/www.loopkinglaces.com\/sv\/products\/gra-vintage-faded-flat-cotton-skosnoren-med-tydliga-spetsar\/","og_locale":"sv_SE","og_type":"article","og_title":"Gr\u00e5 Vintage Faded Flat bomullsskosn\u00f6ren med tydliga spetsar - Loop King","og_description":"F\u00f6rh\u00f6j dina skors charm med ett Pink Vintage Faded Shoelaces. Dessa skosn\u00f6ren \u00e4r en blinkning till klassisk elegans, uppdaterad f\u00f6r dagens mode. K\u00f6p nu!","og_url":"https:\/\/www.loopkinglaces.com\/sv\/products\/gra-vintage-faded-flat-cotton-skosnoren-med-tydliga-spetsar\/","og_site_name":"Luxury Gold Tip Shoelaces by Loop King Laces","article_publisher":"https:\/\/www.facebook.com\/LoopKingLaces\/","og_image":[{"width":2560,"height":2560,"url":"https:\/\/www.loopkinglaces.com\/wp-content\/uploads\/Grey-Vintage-scaled.jpg","type":"image\/jpeg"}],"twitter_card":"summary_large_image","twitter_site":"@loopkinglaces","twitter_misc":{"Ber\u00e4knad l\u00e4stid":"1 minut"},"schema":{"@context":"https:\/\/schema.org","@graph":[{"@type":["WebPage","ItemPage"],"@id":"https:\/\/www.loopkinglaces.com\/sv\/products\/gra-vintage-faded-flat-cotton-skosnoren-med-tydliga-spetsar\/","url":"https:\/\/www.loopkinglaces.com\/sv\/products\/gra-vintage-faded-flat-cotton-skosnoren-med-tydliga-spetsar\/","name":"Gr\u00e5 Vintage Faded Flat bomullsskosn\u00f6ren med tydliga spetsar - Loop King","isPartOf":{"@id":"https:\/\/www.loopkinglaces.com\/sv\/#website"},"primaryImageOfPage":{"@id":"https:\/\/www.loopkinglaces.com\/sv\/products\/gra-vintage-faded-flat-cotton-skosnoren-med-tydliga-spetsar\/#primaryimage"},"image":{"@id":"https:\/\/www.loopkinglaces.com\/sv\/products\/gra-vintage-faded-flat-cotton-skosnoren-med-tydliga-spetsar\/#primaryimage"},"thumbnailUrl":"https:\/\/www.loopkinglaces.com\/wp-content\/uploads\/Grey-Vintage-scaled.jpg","datePublished":"2023-12-11T19:15:32+00:00","description":"F\u00f6rh\u00f6j dina skors charm med ett Pink Vintage Faded Shoelaces. Dessa skosn\u00f6ren \u00e4r en blinkning till klassisk elegans, uppdaterad f\u00f6r dagens mode. K\u00f6p nu!","breadcrumb":{"@id":"https:\/\/www.loopkinglaces.com\/sv\/products\/gra-vintage-faded-flat-cotton-skosnoren-med-tydliga-spetsar\/#breadcrumb"},"inLanguage":"sv-SE","potentialAction":[{"@type":"ReadAction","target":["https:\/\/www.loopkinglaces.com\/sv\/products\/gra-vintage-faded-flat-cotton-skosnoren-med-tydliga-spetsar\/"]}]},{"@type":"ImageObject","inLanguage":"sv-SE","@id":"https:\/\/www.loopkinglaces.com\/sv\/products\/gra-vintage-faded-flat-cotton-skosnoren-med-tydliga-spetsar\/#primaryimage","url":"https:\/\/www.loopkinglaces.com\/wp-content\/uploads\/Grey-Vintage-scaled.jpg","contentUrl":"https:\/\/www.loopkinglaces.com\/wp-content\/uploads\/Grey-Vintage-scaled.jpg","width":2560,"height":2560},{"@type":"BreadcrumbList","@id":"https:\/\/www.loopkinglaces.com\/sv\/products\/gra-vintage-faded-flat-cotton-skosnoren-med-tydliga-spetsar\/#breadcrumb","itemListElement":[{"@type":"ListItem","position":1,"name":"Home","item":"https:\/\/www.loopkinglaces.com\/sv\/"},{"@type":"ListItem","position":2,"name":"BUY LACES","item":"https:\/\/www.loopkinglaces.com\/buy-laces\/"},{"@type":"ListItem","position":3,"name":"Gr\u00e5 Vintage Faded Flat Cotton skosn\u00f6ren med tydliga spetsar"}]},{"@type":"WebSite","@id":"https:\/\/www.loopkinglaces.com\/sv\/#website","url":"https:\/\/www.loopkinglaces.com\/sv\/","name":"Luxury Gold Tip Shoelaces by Loop King Laces","description":"Rope Laces, Flat Waxed Laces and Leather Laces. All With Gold Tips.","publisher":{"@id":"https:\/\/www.loopkinglaces.com\/sv\/#organization"},"potentialAction":[{"@type":"SearchAction","target":{"@type":"EntryPoint","urlTemplate":"https:\/\/www.loopkinglaces.com\/sv\/?s={search_term_string}"},"query-input":{"@type":"PropertyValueSpecification","valueRequired":true,"valueName":"search_term_string"}}],"inLanguage":"sv-SE"},{"@type":"Organization","@id":"https:\/\/www.loopkinglaces.com\/sv\/#organization","name":"Loop King Laces","url":"https:\/\/www.loopkinglaces.com\/sv\/","logo":{"@type":"ImageObject","inLanguage":"sv-SE","@id":"https:\/\/www.loopkinglaces.com\/sv\/#\/schema\/logo\/image\/","url":"https:\/\/www.loopkinglaces.com\/wp-content\/uploads\/LOOP-KING-LACES.1.1-01-LOGO-HI-RES-OFFICIAL-1.png","contentUrl":"https:\/\/www.loopkinglaces.com\/wp-content\/uploads\/LOOP-KING-LACES.1.1-01-LOGO-HI-RES-OFFICIAL-1.png","width":128,"height":91,"caption":"Loop King Laces"},"image":{"@id":"https:\/\/www.loopkinglaces.com\/sv\/#\/schema\/logo\/image\/"},"sameAs":["https:\/\/www.facebook.com\/LoopKingLaces\/","https:\/\/x.com\/loopkinglaces","https:\/\/www.instagram.com\/loopkinglaces\/"]}]}},"_links":{"self":[{"href":"https:\/\/www.loopkinglaces.com\/sv\/wp-json\/wp\/v2\/product\/81221","targetHints":{"allow":["GET"]}}],"collection":[{"href":"https:\/\/www.loopkinglaces.com\/sv\/wp-json\/wp\/v2\/product"}],"about":[{"href":"https:\/\/www.loopkinglaces.com\/sv\/wp-json\/wp\/v2\/types\/product"}],"replies":[{"embeddable":true,"href":"https:\/\/www.loopkinglaces.com\/sv\/wp-json\/wp\/v2\/comments?post=81221"}],"wp:featuredmedia":[{"embeddable":true,"href":"https:\/\/www.loopkinglaces.com\/sv\/wp-json\/wp\/v2\/media\/81225"}],"wp:attachment":[{"href":"https:\/\/www.loopkinglaces.com\/sv\/wp-json\/wp\/v2\/media?parent=81221"}],"wp:term":[{"taxonomy":"product_brand","embeddable":true,"href":"https:\/\/www.loopkinglaces.com\/sv\/wp-json\/wp\/v2\/product_brand?post=81221"},{"taxonomy":"product_cat","embeddable":true,"href":"https:\/\/www.loopkinglaces.com\/sv\/wp-json\/wp\/v2\/product_cat?post=81221"},{"taxonomy":"product_tag","embeddable":true,"href":"https:\/\/www.loopkinglaces.com\/sv\/wp-json\/wp\/v2\/product_tag?post=81221"},{"taxonomy":"woo-feed-brand","embeddable":true,"href":"https:\/\/www.loopkinglaces.com\/sv\/wp-json\/wp\/v2\/woo-feed-brand?post=81221"}],"curies":[{"name":"wp","href":"https:\/\/api.w.org\/{rel}","templated":true}]}}