{"id":81169,"date":"2023-12-11T19:03:47","date_gmt":"2023-12-11T19:03:47","guid":{"rendered":"https:\/\/www.loopkinglaces.com\/products\/lila-vintage-faded-flat-cotton-shoelaces-med-tydliga-spetsar\/"},"modified":"2023-12-11T19:03:47","modified_gmt":"2023-12-11T19:03:47","slug":"lila-vintage-faded-flat-cotton-shoelaces-med-tydliga-spetsar","status":"publish","type":"product","link":"https:\/\/www.loopkinglaces.com\/sv\/products\/lila-vintage-faded-flat-cotton-shoelaces-med-tydliga-spetsar\/","title":{"rendered":"Lila Vintage Faded Flat Cotton Shoelaces med tydliga spetsar"},"content":{"rendered":"<p>F\u00e5nga essensen av vintagestil och modern h\u00e5llbarhet med Loop Kings Vintage Faded Flat Cotton Shoelaces. Dessa skosn\u00f6ren, som \u00e4r utformade f\u00f6r att h\u00f6ja din skostil, visar en unik blekt vintageeffekt som ger en retro touch till alla skodesign. De \u00e4r tillverkade av h\u00f6gkvalitativ bomull och ger komfort och l\u00e5ng livsl\u00e4ngd. De transparenta spetsarna framh\u00e4ver inte bara skosn\u00f6rets retrok\u00e4nsla utan ger ocks\u00e5 \u00f6kat motst\u00e5nd mot fransning. De h\u00e4r skosn\u00f6rena \u00e4r m\u00e5ngsidiga och eleganta och passar alla typer av skor, fr\u00e5n avslappnade sneakers till formella kl\u00e4dskor. Uppgradera din skosamling med dessa uts\u00f6kta skosn\u00f6ren, som \u00e4r perfekta f\u00f6r dig som uppskattar en kombination av klassisk estetik och modern robusthet. V\u00e5ra skosn\u00f6ren passar alla olika typer av sneakers och m\u00e4rken inklusive Adidas, Nike, VANS och s\u00e5 vidare, bes\u00f6k v\u00e5r <a href=\"\/shoelace-size-chart\/\">storleksguide<\/a> d\u00e4r du kan hitta den perfekta storleken p\u00e5 skosn\u00f6ren som passar dina skor.     <\/p>\n<p>&nbsp;<\/p>\n","protected":false},"excerpt":{"rendered":"<p><strong>Lila Vintage Faded Flat Cotton Shoelaces med tydliga spetsar<\/strong><\/p>\n<p>F\u00f6rb\u00e4ttra din stil med Loop Kings Vintage Faded Flat Cotton skosn\u00f6ren: En blandning av nostalgisk k\u00e4nsla och modern h\u00e5llbarhet. Dessa skosn\u00f6ren \u00e4r designade f\u00f6r att f\u00f6rvandla dina skor, med en unik blekt effekt som f\u00f6r tankarna tillbaka till en svunnen tid. De \u00e4r tillverkade av premiumbomull och utlovar b\u00e5de komfort och uth\u00e5llighet. De genomskinliga spetsarna f\u00f6rst\u00e4rker skosn\u00f6rets vintage charm och ger extra skydd mot slitage. Dessa sn\u00f6ren \u00e4r perfekta f\u00f6r alla skostilar, fr\u00e5n sportiga sneakers till eleganta kl\u00e4dskor, och \u00e4r m\u00e5ngsidiga och eleganta. Ge dina skor en vintage makeover med dessa \u00f6verl\u00e4gsna skosn\u00f6ren, det perfekta valet f\u00f6r dig som v\u00e4rdes\u00e4tter en blandning av tidl\u00f6s stil och modern kvalitet Se funktioner nedan:   <\/p>\n<ul>\n<li>Handf\u00e4rgade med personlig touch (inget skosn\u00f6re \u00e4r det andra likt)<\/li>\n<li>F\u00f6rstklassiga material<\/li>\n<li>H\u00e5ller <strong>3 g\u00e5nger l\u00e4ngre<\/strong> \u00e4n vanliga sn\u00f6ren<\/li>\n<li>Klar plastspets av h\u00f6g kvalitet<\/li>\n<li>Polyester Bomull<\/li>\n<li>Beautiful Loop King F\u00f6rpackningar per spets<\/li>\n<\/ul>\n","protected":false},"featured_media":81171,"comment_status":"open","ping_status":"closed","template":"","meta":{"_acf_changed":false},"product_brand":[],"product_cat":[2032,2130,2201,2202,2203,2136,2139],"product_tag":[2069,2063,2065,2064,2067,2068,2066],"woo-feed-brand":[],"class_list":{"0":"post-81169","1":"product","2":"type-product","3":"status-publish","4":"has-post-thumbnail","6":"product_cat-alla-skosnoren","7":"product_cat-lila-skosnoren-som-smaller-passar-bra-och-gor-andra-avundsjuka","8":"product_cat-moderna-och-forstklassiga-nike-sb-skosnoren","9":"product_cat-premium-ultraboost-skosnoren-for-att-elektrifiera-dina-skor","10":"product_cat-spetsiga-skosnoren-nar-dina-fotter-har-nagot-att-saga","11":"product_cat-tie-dye-skosnoren-en-funkig-tolkning-av-klassiska-skor","12":"product_cat-upptack-charmen-med-loop-kings-vintage-faded-flat-cotton-skosnoren-med-tydliga-tips","13":"product_tag-gra","14":"product_tag-loop-king-sv","15":"product_tag-metallspets","16":"product_tag-skosnoren","17":"product_tag-skosnoren-av-rep","18":"product_tag-skosnoren-med-guldspets","19":"product_tag-svart","21":"first","22":"instock","23":"taxable","24":"shipping-taxable","25":"product-type-variable"},"acf":[],"yoast_head":"<!-- This site is optimized with the Yoast SEO plugin v27.4 - https:\/\/yoast.com\/product\/yoast-seo-wordpress\/ -->\n<title>Lila Vintage Faded Flat bomullsskosn\u00f6ren med tydliga spetsar - Loop King<\/title>\n<meta name=\"description\" content=\"Inf\u00f6rliva en vintagek\u00e4nsla i din skogarderob med Purple Vintage Faded Shoelaces. Designad f\u00f6r den perfekta balansen mellan klassiskt och modernt. Handla nu!\" \/>\n<meta name=\"robots\" content=\"index, follow, max-snippet:-1, max-image-preview:large, max-video-preview:-1\" \/>\n<link rel=\"canonical\" href=\"https:\/\/www.loopkinglaces.com\/sv\/products\/lila-vintage-faded-flat-cotton-shoelaces-med-tydliga-spetsar\/\" \/>\n<meta property=\"og:locale\" content=\"sv_SE\" \/>\n<meta property=\"og:type\" content=\"article\" \/>\n<meta property=\"og:title\" content=\"Lila Vintage Faded Flat bomullsskosn\u00f6ren med tydliga spetsar - Loop King\" \/>\n<meta property=\"og:description\" content=\"Inf\u00f6rliva en vintagek\u00e4nsla i din skogarderob med Purple Vintage Faded Shoelaces. Designad f\u00f6r den perfekta balansen mellan klassiskt och modernt. Handla nu!\" \/>\n<meta property=\"og:url\" content=\"https:\/\/www.loopkinglaces.com\/sv\/products\/lila-vintage-faded-flat-cotton-shoelaces-med-tydliga-spetsar\/\" \/>\n<meta property=\"og:site_name\" content=\"Luxury Gold Tip Shoelaces by Loop King Laces\" \/>\n<meta property=\"article:publisher\" content=\"https:\/\/www.facebook.com\/LoopKingLaces\/\" \/>\n<meta property=\"og:image\" content=\"https:\/\/www.loopkinglaces.com\/wp-content\/uploads\/Purple-Vintage-scaled.jpg\" \/>\n\t<meta property=\"og:image:width\" content=\"2560\" \/>\n\t<meta property=\"og:image:height\" content=\"2560\" \/>\n\t<meta property=\"og:image:type\" content=\"image\/jpeg\" \/>\n<meta name=\"twitter:card\" content=\"summary_large_image\" \/>\n<meta name=\"twitter:site\" content=\"@loopkinglaces\" \/>\n<meta name=\"twitter:label1\" content=\"Ber\u00e4knad l\u00e4stid\" \/>\n\t<meta name=\"twitter:data1\" content=\"1 minut\" \/>\n<script type=\"application\/ld+json\" class=\"yoast-schema-graph\">{\"@context\":\"https:\\\/\\\/schema.org\",\"@graph\":[{\"@type\":[\"WebPage\",\"ItemPage\"],\"@id\":\"https:\\\/\\\/www.loopkinglaces.com\\\/sv\\\/products\\\/lila-vintage-faded-flat-cotton-shoelaces-med-tydliga-spetsar\\\/\",\"url\":\"https:\\\/\\\/www.loopkinglaces.com\\\/sv\\\/products\\\/lila-vintage-faded-flat-cotton-shoelaces-med-tydliga-spetsar\\\/\",\"name\":\"Lila Vintage Faded Flat bomullsskosn\u00f6ren med tydliga spetsar - Loop King\",\"isPartOf\":{\"@id\":\"https:\\\/\\\/www.loopkinglaces.com\\\/sv\\\/#website\"},\"primaryImageOfPage\":{\"@id\":\"https:\\\/\\\/www.loopkinglaces.com\\\/sv\\\/products\\\/lila-vintage-faded-flat-cotton-shoelaces-med-tydliga-spetsar\\\/#primaryimage\"},\"image\":{\"@id\":\"https:\\\/\\\/www.loopkinglaces.com\\\/sv\\\/products\\\/lila-vintage-faded-flat-cotton-shoelaces-med-tydliga-spetsar\\\/#primaryimage\"},\"thumbnailUrl\":\"https:\\\/\\\/www.loopkinglaces.com\\\/wp-content\\\/uploads\\\/Purple-Vintage-scaled.jpg\",\"datePublished\":\"2023-12-11T19:03:47+00:00\",\"description\":\"Inf\u00f6rliva en vintagek\u00e4nsla i din skogarderob med Purple Vintage Faded Shoelaces. Designad f\u00f6r den perfekta balansen mellan klassiskt och modernt. Handla nu!\",\"breadcrumb\":{\"@id\":\"https:\\\/\\\/www.loopkinglaces.com\\\/sv\\\/products\\\/lila-vintage-faded-flat-cotton-shoelaces-med-tydliga-spetsar\\\/#breadcrumb\"},\"inLanguage\":\"sv-SE\",\"potentialAction\":[{\"@type\":\"ReadAction\",\"target\":[\"https:\\\/\\\/www.loopkinglaces.com\\\/sv\\\/products\\\/lila-vintage-faded-flat-cotton-shoelaces-med-tydliga-spetsar\\\/\"]}]},{\"@type\":\"ImageObject\",\"inLanguage\":\"sv-SE\",\"@id\":\"https:\\\/\\\/www.loopkinglaces.com\\\/sv\\\/products\\\/lila-vintage-faded-flat-cotton-shoelaces-med-tydliga-spetsar\\\/#primaryimage\",\"url\":\"https:\\\/\\\/www.loopkinglaces.com\\\/wp-content\\\/uploads\\\/Purple-Vintage-scaled.jpg\",\"contentUrl\":\"https:\\\/\\\/www.loopkinglaces.com\\\/wp-content\\\/uploads\\\/Purple-Vintage-scaled.jpg\",\"width\":2560,\"height\":2560},{\"@type\":\"BreadcrumbList\",\"@id\":\"https:\\\/\\\/www.loopkinglaces.com\\\/sv\\\/products\\\/lila-vintage-faded-flat-cotton-shoelaces-med-tydliga-spetsar\\\/#breadcrumb\",\"itemListElement\":[{\"@type\":\"ListItem\",\"position\":1,\"name\":\"Home\",\"item\":\"https:\\\/\\\/www.loopkinglaces.com\\\/sv\\\/\"},{\"@type\":\"ListItem\",\"position\":2,\"name\":\"BUY LACES\",\"item\":\"https:\\\/\\\/www.loopkinglaces.com\\\/buy-laces\\\/\"},{\"@type\":\"ListItem\",\"position\":3,\"name\":\"Lila Vintage Faded Flat Cotton Shoelaces med tydliga spetsar\"}]},{\"@type\":\"WebSite\",\"@id\":\"https:\\\/\\\/www.loopkinglaces.com\\\/sv\\\/#website\",\"url\":\"https:\\\/\\\/www.loopkinglaces.com\\\/sv\\\/\",\"name\":\"Luxury Gold Tip Shoelaces by Loop King Laces\",\"description\":\"Rope Laces, Flat Waxed Laces and Leather Laces. All With Gold Tips.\",\"publisher\":{\"@id\":\"https:\\\/\\\/www.loopkinglaces.com\\\/sv\\\/#organization\"},\"potentialAction\":[{\"@type\":\"SearchAction\",\"target\":{\"@type\":\"EntryPoint\",\"urlTemplate\":\"https:\\\/\\\/www.loopkinglaces.com\\\/sv\\\/?s={search_term_string}\"},\"query-input\":{\"@type\":\"PropertyValueSpecification\",\"valueRequired\":true,\"valueName\":\"search_term_string\"}}],\"inLanguage\":\"sv-SE\"},{\"@type\":\"Organization\",\"@id\":\"https:\\\/\\\/www.loopkinglaces.com\\\/sv\\\/#organization\",\"name\":\"Loop King Laces\",\"url\":\"https:\\\/\\\/www.loopkinglaces.com\\\/sv\\\/\",\"logo\":{\"@type\":\"ImageObject\",\"inLanguage\":\"sv-SE\",\"@id\":\"https:\\\/\\\/www.loopkinglaces.com\\\/sv\\\/#\\\/schema\\\/logo\\\/image\\\/\",\"url\":\"https:\\\/\\\/www.loopkinglaces.com\\\/wp-content\\\/uploads\\\/LOOP-KING-LACES.1.1-01-LOGO-HI-RES-OFFICIAL-1.png\",\"contentUrl\":\"https:\\\/\\\/www.loopkinglaces.com\\\/wp-content\\\/uploads\\\/LOOP-KING-LACES.1.1-01-LOGO-HI-RES-OFFICIAL-1.png\",\"width\":128,\"height\":91,\"caption\":\"Loop King Laces\"},\"image\":{\"@id\":\"https:\\\/\\\/www.loopkinglaces.com\\\/sv\\\/#\\\/schema\\\/logo\\\/image\\\/\"},\"sameAs\":[\"https:\\\/\\\/www.facebook.com\\\/LoopKingLaces\\\/\",\"https:\\\/\\\/x.com\\\/loopkinglaces\",\"https:\\\/\\\/www.instagram.com\\\/loopkinglaces\\\/\"]}]}<\/script>\n<!-- \/ Yoast SEO plugin. -->","yoast_head_json":{"title":"Lila Vintage Faded Flat bomullsskosn\u00f6ren med tydliga spetsar - Loop King","description":"Inf\u00f6rliva en vintagek\u00e4nsla i din skogarderob med Purple Vintage Faded Shoelaces. Designad f\u00f6r den perfekta balansen mellan klassiskt och modernt. Handla nu!","robots":{"index":"index","follow":"follow","max-snippet":"max-snippet:-1","max-image-preview":"max-image-preview:large","max-video-preview":"max-video-preview:-1"},"canonical":"https:\/\/www.loopkinglaces.com\/sv\/products\/lila-vintage-faded-flat-cotton-shoelaces-med-tydliga-spetsar\/","og_locale":"sv_SE","og_type":"article","og_title":"Lila Vintage Faded Flat bomullsskosn\u00f6ren med tydliga spetsar - Loop King","og_description":"Inf\u00f6rliva en vintagek\u00e4nsla i din skogarderob med Purple Vintage Faded Shoelaces. Designad f\u00f6r den perfekta balansen mellan klassiskt och modernt. Handla nu!","og_url":"https:\/\/www.loopkinglaces.com\/sv\/products\/lila-vintage-faded-flat-cotton-shoelaces-med-tydliga-spetsar\/","og_site_name":"Luxury Gold Tip Shoelaces by Loop King Laces","article_publisher":"https:\/\/www.facebook.com\/LoopKingLaces\/","og_image":[{"width":2560,"height":2560,"url":"https:\/\/www.loopkinglaces.com\/wp-content\/uploads\/Purple-Vintage-scaled.jpg","type":"image\/jpeg"}],"twitter_card":"summary_large_image","twitter_site":"@loopkinglaces","twitter_misc":{"Ber\u00e4knad l\u00e4stid":"1 minut"},"schema":{"@context":"https:\/\/schema.org","@graph":[{"@type":["WebPage","ItemPage"],"@id":"https:\/\/www.loopkinglaces.com\/sv\/products\/lila-vintage-faded-flat-cotton-shoelaces-med-tydliga-spetsar\/","url":"https:\/\/www.loopkinglaces.com\/sv\/products\/lila-vintage-faded-flat-cotton-shoelaces-med-tydliga-spetsar\/","name":"Lila Vintage Faded Flat bomullsskosn\u00f6ren med tydliga spetsar - Loop King","isPartOf":{"@id":"https:\/\/www.loopkinglaces.com\/sv\/#website"},"primaryImageOfPage":{"@id":"https:\/\/www.loopkinglaces.com\/sv\/products\/lila-vintage-faded-flat-cotton-shoelaces-med-tydliga-spetsar\/#primaryimage"},"image":{"@id":"https:\/\/www.loopkinglaces.com\/sv\/products\/lila-vintage-faded-flat-cotton-shoelaces-med-tydliga-spetsar\/#primaryimage"},"thumbnailUrl":"https:\/\/www.loopkinglaces.com\/wp-content\/uploads\/Purple-Vintage-scaled.jpg","datePublished":"2023-12-11T19:03:47+00:00","description":"Inf\u00f6rliva en vintagek\u00e4nsla i din skogarderob med Purple Vintage Faded Shoelaces. Designad f\u00f6r den perfekta balansen mellan klassiskt och modernt. Handla nu!","breadcrumb":{"@id":"https:\/\/www.loopkinglaces.com\/sv\/products\/lila-vintage-faded-flat-cotton-shoelaces-med-tydliga-spetsar\/#breadcrumb"},"inLanguage":"sv-SE","potentialAction":[{"@type":"ReadAction","target":["https:\/\/www.loopkinglaces.com\/sv\/products\/lila-vintage-faded-flat-cotton-shoelaces-med-tydliga-spetsar\/"]}]},{"@type":"ImageObject","inLanguage":"sv-SE","@id":"https:\/\/www.loopkinglaces.com\/sv\/products\/lila-vintage-faded-flat-cotton-shoelaces-med-tydliga-spetsar\/#primaryimage","url":"https:\/\/www.loopkinglaces.com\/wp-content\/uploads\/Purple-Vintage-scaled.jpg","contentUrl":"https:\/\/www.loopkinglaces.com\/wp-content\/uploads\/Purple-Vintage-scaled.jpg","width":2560,"height":2560},{"@type":"BreadcrumbList","@id":"https:\/\/www.loopkinglaces.com\/sv\/products\/lila-vintage-faded-flat-cotton-shoelaces-med-tydliga-spetsar\/#breadcrumb","itemListElement":[{"@type":"ListItem","position":1,"name":"Home","item":"https:\/\/www.loopkinglaces.com\/sv\/"},{"@type":"ListItem","position":2,"name":"BUY LACES","item":"https:\/\/www.loopkinglaces.com\/buy-laces\/"},{"@type":"ListItem","position":3,"name":"Lila Vintage Faded Flat Cotton Shoelaces med tydliga spetsar"}]},{"@type":"WebSite","@id":"https:\/\/www.loopkinglaces.com\/sv\/#website","url":"https:\/\/www.loopkinglaces.com\/sv\/","name":"Luxury Gold Tip Shoelaces by Loop King Laces","description":"Rope Laces, Flat Waxed Laces and Leather Laces. All With Gold Tips.","publisher":{"@id":"https:\/\/www.loopkinglaces.com\/sv\/#organization"},"potentialAction":[{"@type":"SearchAction","target":{"@type":"EntryPoint","urlTemplate":"https:\/\/www.loopkinglaces.com\/sv\/?s={search_term_string}"},"query-input":{"@type":"PropertyValueSpecification","valueRequired":true,"valueName":"search_term_string"}}],"inLanguage":"sv-SE"},{"@type":"Organization","@id":"https:\/\/www.loopkinglaces.com\/sv\/#organization","name":"Loop King Laces","url":"https:\/\/www.loopkinglaces.com\/sv\/","logo":{"@type":"ImageObject","inLanguage":"sv-SE","@id":"https:\/\/www.loopkinglaces.com\/sv\/#\/schema\/logo\/image\/","url":"https:\/\/www.loopkinglaces.com\/wp-content\/uploads\/LOOP-KING-LACES.1.1-01-LOGO-HI-RES-OFFICIAL-1.png","contentUrl":"https:\/\/www.loopkinglaces.com\/wp-content\/uploads\/LOOP-KING-LACES.1.1-01-LOGO-HI-RES-OFFICIAL-1.png","width":128,"height":91,"caption":"Loop King Laces"},"image":{"@id":"https:\/\/www.loopkinglaces.com\/sv\/#\/schema\/logo\/image\/"},"sameAs":["https:\/\/www.facebook.com\/LoopKingLaces\/","https:\/\/x.com\/loopkinglaces","https:\/\/www.instagram.com\/loopkinglaces\/"]}]}},"_links":{"self":[{"href":"https:\/\/www.loopkinglaces.com\/sv\/wp-json\/wp\/v2\/product\/81169","targetHints":{"allow":["GET"]}}],"collection":[{"href":"https:\/\/www.loopkinglaces.com\/sv\/wp-json\/wp\/v2\/product"}],"about":[{"href":"https:\/\/www.loopkinglaces.com\/sv\/wp-json\/wp\/v2\/types\/product"}],"replies":[{"embeddable":true,"href":"https:\/\/www.loopkinglaces.com\/sv\/wp-json\/wp\/v2\/comments?post=81169"}],"wp:featuredmedia":[{"embeddable":true,"href":"https:\/\/www.loopkinglaces.com\/sv\/wp-json\/wp\/v2\/media\/81171"}],"wp:attachment":[{"href":"https:\/\/www.loopkinglaces.com\/sv\/wp-json\/wp\/v2\/media?parent=81169"}],"wp:term":[{"taxonomy":"product_brand","embeddable":true,"href":"https:\/\/www.loopkinglaces.com\/sv\/wp-json\/wp\/v2\/product_brand?post=81169"},{"taxonomy":"product_cat","embeddable":true,"href":"https:\/\/www.loopkinglaces.com\/sv\/wp-json\/wp\/v2\/product_cat?post=81169"},{"taxonomy":"product_tag","embeddable":true,"href":"https:\/\/www.loopkinglaces.com\/sv\/wp-json\/wp\/v2\/product_tag?post=81169"},{"taxonomy":"woo-feed-brand","embeddable":true,"href":"https:\/\/www.loopkinglaces.com\/sv\/wp-json\/wp\/v2\/woo-feed-brand?post=81169"}],"curies":[{"name":"wp","href":"https:\/\/api.w.org\/{rel}","templated":true}]}}