{"id":81162,"date":"2023-12-11T18:43:31","date_gmt":"2023-12-11T18:43:31","guid":{"rendered":"https:\/\/www.loopkinglaces.com\/products\/royal-blue-vintage-faded-flat-cotton-shoelaces-med-tydliga-spetsar\/"},"modified":"2023-12-11T18:43:31","modified_gmt":"2023-12-11T18:43:31","slug":"royal-blue-vintage-faded-flat-cotton-shoelaces-med-tydliga-spetsar","status":"publish","type":"product","link":"https:\/\/www.loopkinglaces.com\/sv\/products\/royal-blue-vintage-faded-flat-cotton-shoelaces-med-tydliga-spetsar\/","title":{"rendered":"Royal Blue Vintage Faded Flat Cotton Shoelaces med tydliga spetsar"},"content":{"rendered":"<p>Loop Kings Vintage Faded Flat Cotton Shoelaces f\u00f6renar historisk charm med modern motst\u00e5ndskraft. Dessa skosn\u00f6ren, som \u00e4r skr\u00e4ddarsydda f\u00f6r att lyfta dina skor, har en distinkt vintage faded-stil som ger en retrok\u00e4nsla till alla typer av skor. De \u00e4r tillverkade av f\u00f6rstklassig bomull och erbjuder b\u00e5de komfort och l\u00e5ng livsl\u00e4ngd. De genomskinliga spetsarna f\u00f6rst\u00e4rker inte bara skosn\u00f6rets \u00e5lderdomliga utseende utan g\u00f6r det ocks\u00e5 extra t\u00e5ligt mot slitage. De \u00e4r idealiska f\u00f6r alla typer av skor, fr\u00e5n avslappnade sneakers till formella kl\u00e4dskor, och ger m\u00e5ngsidighet och elegans. Uppgradera ditt skomode med dessa exceptionella skosn\u00f6ren, som \u00e4r perfekta f\u00f6r dig som v\u00e4rdes\u00e4tter en blandning av tidl\u00f6s estetik och modern h\u00e5llbarhet. V\u00e5ra skosn\u00f6ren passar alla olika typer av sneakers och m\u00e4rken, inklusive Adidas, Nike, VANS och s\u00e5 vidare, bes\u00f6k v\u00e5r <a href=\"\/shoelace-size-chart\/\">storleksguide<\/a> d\u00e4r du kan hitta den perfekta storleken p\u00e5 skosn\u00f6ren som passar dina skor.     <\/p>\n<p>&nbsp;<\/p>\n","protected":false},"excerpt":{"rendered":"<p><strong>Royal Blue Vintage Faded Flat Cotton Shoelaces med tydliga spetsar<\/strong><\/p>\n<p>Med Loop Kings Vintage Faded Flat Cotton Shoelaces f\u00e5r du den perfekta mixen av vintage och dagens tuffhet. Dessa skosn\u00f6ren, som \u00e4r utformade f\u00f6r att lyfta dina skor, har en distinkt bleknad look som p\u00e5minner om en svunnen tid. De \u00e4r tillverkade av premiumbomull och garanterar b\u00e5de komfort och l\u00e5ngvarigt slitage. De transparenta spetsarna bidrar inte bara till skosn\u00f6rets retrocharm utan ger ocks\u00e5 \u00f6kad livsl\u00e4ngd mot fransning. Dessa skosn\u00f6ren \u00e4r l\u00e4mpliga f\u00f6r ett brett utbud av skor, fr\u00e5n casual kicks till formella skor, och erbjuder b\u00e5de anpassningsf\u00f6rm\u00e5ga och sofistikering. F\u00f6rh\u00f6j din skoensemble med dessa \u00f6verl\u00e4gsna skosn\u00f6ren, ett perfekt val f\u00f6r dem som uppskattar harmonin mellan klassisk design och modern kvalitet. Se funktioner nedan:  <\/p>\n<ul>\n<li>Handf\u00e4rgade med personlig touch (inget skosn\u00f6re \u00e4r det andra likt)<\/li>\n<li>F\u00f6rstklassiga material<\/li>\n<li>H\u00e5ller <strong>3 g\u00e5nger l\u00e4ngre<\/strong> \u00e4n vanliga sn\u00f6ren<\/li>\n<li>Klar plastspets av h\u00f6g kvalitet<\/li>\n<li>Polyester Bomull<\/li>\n<li>Beautiful Loop King F\u00f6rpackningar per spets<\/li>\n<\/ul>\n","protected":false},"featured_media":81163,"comment_status":"open","ping_status":"closed","template":"","meta":{"_acf_changed":false},"product_brand":[],"product_cat":[2032,2199,2198,2200,2100,2092,2136,2113,2139],"product_tag":[2069,2063,2065,2064,2067,2068,2066],"woo-feed-brand":[],"class_list":{"0":"post-81162","1":"product","2":"type-product","3":"status-publish","4":"has-post-thumbnail","6":"product_cat-alla-skosnoren","7":"product_cat-brooks-skosnoren-en-subtil-touch-for-att-hoja-din-fotspel","8":"product_cat-fantastiska-jordan-skosnoren-for-att-uppdatera-dina-sparkar-i-manga-farger","9":"product_cat-skosnoren-pa-moln-lyfter-skodon-en-spets-i-taget","10":"product_cat-snora-upp-de-roliga-skosnorena-en-djupdykning-i-spannande-skosnoren","11":"product_cat-sperry-skosnoren-sma-detaljer-for-olika-resultat","12":"product_cat-tie-dye-skosnoren-en-funkig-tolkning-av-klassiska-skor","13":"product_cat-top-tier-trophy-room-jordan-1-blue-laces-for-att-se-fantastiska-ut","14":"product_cat-upptack-charmen-med-loop-kings-vintage-faded-flat-cotton-skosnoren-med-tydliga-tips","15":"product_tag-gra","16":"product_tag-loop-king-sv","17":"product_tag-metallspets","18":"product_tag-skosnoren","19":"product_tag-skosnoren-av-rep","20":"product_tag-skosnoren-med-guldspets","21":"product_tag-svart","23":"first","24":"instock","25":"taxable","26":"shipping-taxable","27":"product-type-variable"},"acf":[],"yoast_head":"<!-- This site is optimized with the Yoast SEO plugin v27.4 - https:\/\/yoast.com\/product\/yoast-seo-wordpress\/ -->\n<title>Royal Blue Vintage Faded Flat Cotton skosn\u00f6ren med tydliga spetsar - Loop King<\/title>\n<meta name=\"description\" content=\"Ge dina skor en retro chic makeover med v\u00e5ra Royal Blue Vintage Faded skosn\u00f6ren. Perfekt f\u00f6r dig som \u00e4lskar en blandning av traditionella och moderna stilar.\" \/>\n<meta name=\"robots\" content=\"index, follow, max-snippet:-1, max-image-preview:large, max-video-preview:-1\" \/>\n<link rel=\"canonical\" href=\"https:\/\/www.loopkinglaces.com\/sv\/products\/royal-blue-vintage-faded-flat-cotton-shoelaces-med-tydliga-spetsar\/\" \/>\n<meta property=\"og:locale\" content=\"sv_SE\" \/>\n<meta property=\"og:type\" content=\"article\" \/>\n<meta property=\"og:title\" content=\"Royal Blue Vintage Faded Flat Cotton skosn\u00f6ren med tydliga spetsar - Loop King\" \/>\n<meta property=\"og:description\" content=\"Ge dina skor en retro chic makeover med v\u00e5ra Royal Blue Vintage Faded skosn\u00f6ren. Perfekt f\u00f6r dig som \u00e4lskar en blandning av traditionella och moderna stilar.\" \/>\n<meta property=\"og:url\" content=\"https:\/\/www.loopkinglaces.com\/sv\/products\/royal-blue-vintage-faded-flat-cotton-shoelaces-med-tydliga-spetsar\/\" \/>\n<meta property=\"og:site_name\" content=\"Luxury Gold Tip Shoelaces by Loop King Laces\" \/>\n<meta property=\"article:publisher\" content=\"https:\/\/www.facebook.com\/LoopKingLaces\/\" \/>\n<meta property=\"og:image\" content=\"https:\/\/www.loopkinglaces.com\/wp-content\/uploads\/Royal-Blue-Vintage-scaled.jpg\" \/>\n\t<meta property=\"og:image:width\" content=\"2560\" \/>\n\t<meta property=\"og:image:height\" content=\"2560\" \/>\n\t<meta property=\"og:image:type\" content=\"image\/jpeg\" \/>\n<meta name=\"twitter:card\" content=\"summary_large_image\" \/>\n<meta name=\"twitter:site\" content=\"@loopkinglaces\" \/>\n<meta name=\"twitter:label1\" content=\"Ber\u00e4knad l\u00e4stid\" \/>\n\t<meta name=\"twitter:data1\" content=\"1 minut\" \/>\n<script type=\"application\/ld+json\" class=\"yoast-schema-graph\">{\"@context\":\"https:\\\/\\\/schema.org\",\"@graph\":[{\"@type\":[\"WebPage\",\"ItemPage\"],\"@id\":\"https:\\\/\\\/www.loopkinglaces.com\\\/sv\\\/products\\\/royal-blue-vintage-faded-flat-cotton-shoelaces-med-tydliga-spetsar\\\/\",\"url\":\"https:\\\/\\\/www.loopkinglaces.com\\\/sv\\\/products\\\/royal-blue-vintage-faded-flat-cotton-shoelaces-med-tydliga-spetsar\\\/\",\"name\":\"Royal Blue Vintage Faded Flat Cotton skosn\u00f6ren med tydliga spetsar - Loop King\",\"isPartOf\":{\"@id\":\"https:\\\/\\\/www.loopkinglaces.com\\\/sv\\\/#website\"},\"primaryImageOfPage\":{\"@id\":\"https:\\\/\\\/www.loopkinglaces.com\\\/sv\\\/products\\\/royal-blue-vintage-faded-flat-cotton-shoelaces-med-tydliga-spetsar\\\/#primaryimage\"},\"image\":{\"@id\":\"https:\\\/\\\/www.loopkinglaces.com\\\/sv\\\/products\\\/royal-blue-vintage-faded-flat-cotton-shoelaces-med-tydliga-spetsar\\\/#primaryimage\"},\"thumbnailUrl\":\"https:\\\/\\\/www.loopkinglaces.com\\\/wp-content\\\/uploads\\\/Royal-Blue-Vintage-scaled.jpg\",\"datePublished\":\"2023-12-11T18:43:31+00:00\",\"description\":\"Ge dina skor en retro chic makeover med v\u00e5ra Royal Blue Vintage Faded skosn\u00f6ren. Perfekt f\u00f6r dig som \u00e4lskar en blandning av traditionella och moderna stilar.\",\"breadcrumb\":{\"@id\":\"https:\\\/\\\/www.loopkinglaces.com\\\/sv\\\/products\\\/royal-blue-vintage-faded-flat-cotton-shoelaces-med-tydliga-spetsar\\\/#breadcrumb\"},\"inLanguage\":\"sv-SE\",\"potentialAction\":[{\"@type\":\"ReadAction\",\"target\":[\"https:\\\/\\\/www.loopkinglaces.com\\\/sv\\\/products\\\/royal-blue-vintage-faded-flat-cotton-shoelaces-med-tydliga-spetsar\\\/\"]}]},{\"@type\":\"ImageObject\",\"inLanguage\":\"sv-SE\",\"@id\":\"https:\\\/\\\/www.loopkinglaces.com\\\/sv\\\/products\\\/royal-blue-vintage-faded-flat-cotton-shoelaces-med-tydliga-spetsar\\\/#primaryimage\",\"url\":\"https:\\\/\\\/www.loopkinglaces.com\\\/wp-content\\\/uploads\\\/Royal-Blue-Vintage-scaled.jpg\",\"contentUrl\":\"https:\\\/\\\/www.loopkinglaces.com\\\/wp-content\\\/uploads\\\/Royal-Blue-Vintage-scaled.jpg\",\"width\":2560,\"height\":2560},{\"@type\":\"BreadcrumbList\",\"@id\":\"https:\\\/\\\/www.loopkinglaces.com\\\/sv\\\/products\\\/royal-blue-vintage-faded-flat-cotton-shoelaces-med-tydliga-spetsar\\\/#breadcrumb\",\"itemListElement\":[{\"@type\":\"ListItem\",\"position\":1,\"name\":\"Home\",\"item\":\"https:\\\/\\\/www.loopkinglaces.com\\\/sv\\\/\"},{\"@type\":\"ListItem\",\"position\":2,\"name\":\"BUY LACES\",\"item\":\"https:\\\/\\\/www.loopkinglaces.com\\\/buy-laces\\\/\"},{\"@type\":\"ListItem\",\"position\":3,\"name\":\"Royal Blue Vintage Faded Flat Cotton Shoelaces med tydliga spetsar\"}]},{\"@type\":\"WebSite\",\"@id\":\"https:\\\/\\\/www.loopkinglaces.com\\\/sv\\\/#website\",\"url\":\"https:\\\/\\\/www.loopkinglaces.com\\\/sv\\\/\",\"name\":\"Luxury Gold Tip Shoelaces by Loop King Laces\",\"description\":\"Rope Laces, Flat Waxed Laces and Leather Laces. All With Gold Tips.\",\"publisher\":{\"@id\":\"https:\\\/\\\/www.loopkinglaces.com\\\/sv\\\/#organization\"},\"potentialAction\":[{\"@type\":\"SearchAction\",\"target\":{\"@type\":\"EntryPoint\",\"urlTemplate\":\"https:\\\/\\\/www.loopkinglaces.com\\\/sv\\\/?s={search_term_string}\"},\"query-input\":{\"@type\":\"PropertyValueSpecification\",\"valueRequired\":true,\"valueName\":\"search_term_string\"}}],\"inLanguage\":\"sv-SE\"},{\"@type\":\"Organization\",\"@id\":\"https:\\\/\\\/www.loopkinglaces.com\\\/sv\\\/#organization\",\"name\":\"Loop King Laces\",\"url\":\"https:\\\/\\\/www.loopkinglaces.com\\\/sv\\\/\",\"logo\":{\"@type\":\"ImageObject\",\"inLanguage\":\"sv-SE\",\"@id\":\"https:\\\/\\\/www.loopkinglaces.com\\\/sv\\\/#\\\/schema\\\/logo\\\/image\\\/\",\"url\":\"https:\\\/\\\/www.loopkinglaces.com\\\/wp-content\\\/uploads\\\/LOOP-KING-LACES.1.1-01-LOGO-HI-RES-OFFICIAL-1.png\",\"contentUrl\":\"https:\\\/\\\/www.loopkinglaces.com\\\/wp-content\\\/uploads\\\/LOOP-KING-LACES.1.1-01-LOGO-HI-RES-OFFICIAL-1.png\",\"width\":128,\"height\":91,\"caption\":\"Loop King Laces\"},\"image\":{\"@id\":\"https:\\\/\\\/www.loopkinglaces.com\\\/sv\\\/#\\\/schema\\\/logo\\\/image\\\/\"},\"sameAs\":[\"https:\\\/\\\/www.facebook.com\\\/LoopKingLaces\\\/\",\"https:\\\/\\\/x.com\\\/loopkinglaces\",\"https:\\\/\\\/www.instagram.com\\\/loopkinglaces\\\/\"]}]}<\/script>\n<!-- \/ Yoast SEO plugin. -->","yoast_head_json":{"title":"Royal Blue Vintage Faded Flat Cotton skosn\u00f6ren med tydliga spetsar - Loop King","description":"Ge dina skor en retro chic makeover med v\u00e5ra Royal Blue Vintage Faded skosn\u00f6ren. Perfekt f\u00f6r dig som \u00e4lskar en blandning av traditionella och moderna stilar.","robots":{"index":"index","follow":"follow","max-snippet":"max-snippet:-1","max-image-preview":"max-image-preview:large","max-video-preview":"max-video-preview:-1"},"canonical":"https:\/\/www.loopkinglaces.com\/sv\/products\/royal-blue-vintage-faded-flat-cotton-shoelaces-med-tydliga-spetsar\/","og_locale":"sv_SE","og_type":"article","og_title":"Royal Blue Vintage Faded Flat Cotton skosn\u00f6ren med tydliga spetsar - Loop King","og_description":"Ge dina skor en retro chic makeover med v\u00e5ra Royal Blue Vintage Faded skosn\u00f6ren. Perfekt f\u00f6r dig som \u00e4lskar en blandning av traditionella och moderna stilar.","og_url":"https:\/\/www.loopkinglaces.com\/sv\/products\/royal-blue-vintage-faded-flat-cotton-shoelaces-med-tydliga-spetsar\/","og_site_name":"Luxury Gold Tip Shoelaces by Loop King Laces","article_publisher":"https:\/\/www.facebook.com\/LoopKingLaces\/","og_image":[{"width":2560,"height":2560,"url":"https:\/\/www.loopkinglaces.com\/wp-content\/uploads\/Royal-Blue-Vintage-scaled.jpg","type":"image\/jpeg"}],"twitter_card":"summary_large_image","twitter_site":"@loopkinglaces","twitter_misc":{"Ber\u00e4knad l\u00e4stid":"1 minut"},"schema":{"@context":"https:\/\/schema.org","@graph":[{"@type":["WebPage","ItemPage"],"@id":"https:\/\/www.loopkinglaces.com\/sv\/products\/royal-blue-vintage-faded-flat-cotton-shoelaces-med-tydliga-spetsar\/","url":"https:\/\/www.loopkinglaces.com\/sv\/products\/royal-blue-vintage-faded-flat-cotton-shoelaces-med-tydliga-spetsar\/","name":"Royal Blue Vintage Faded Flat Cotton skosn\u00f6ren med tydliga spetsar - Loop King","isPartOf":{"@id":"https:\/\/www.loopkinglaces.com\/sv\/#website"},"primaryImageOfPage":{"@id":"https:\/\/www.loopkinglaces.com\/sv\/products\/royal-blue-vintage-faded-flat-cotton-shoelaces-med-tydliga-spetsar\/#primaryimage"},"image":{"@id":"https:\/\/www.loopkinglaces.com\/sv\/products\/royal-blue-vintage-faded-flat-cotton-shoelaces-med-tydliga-spetsar\/#primaryimage"},"thumbnailUrl":"https:\/\/www.loopkinglaces.com\/wp-content\/uploads\/Royal-Blue-Vintage-scaled.jpg","datePublished":"2023-12-11T18:43:31+00:00","description":"Ge dina skor en retro chic makeover med v\u00e5ra Royal Blue Vintage Faded skosn\u00f6ren. Perfekt f\u00f6r dig som \u00e4lskar en blandning av traditionella och moderna stilar.","breadcrumb":{"@id":"https:\/\/www.loopkinglaces.com\/sv\/products\/royal-blue-vintage-faded-flat-cotton-shoelaces-med-tydliga-spetsar\/#breadcrumb"},"inLanguage":"sv-SE","potentialAction":[{"@type":"ReadAction","target":["https:\/\/www.loopkinglaces.com\/sv\/products\/royal-blue-vintage-faded-flat-cotton-shoelaces-med-tydliga-spetsar\/"]}]},{"@type":"ImageObject","inLanguage":"sv-SE","@id":"https:\/\/www.loopkinglaces.com\/sv\/products\/royal-blue-vintage-faded-flat-cotton-shoelaces-med-tydliga-spetsar\/#primaryimage","url":"https:\/\/www.loopkinglaces.com\/wp-content\/uploads\/Royal-Blue-Vintage-scaled.jpg","contentUrl":"https:\/\/www.loopkinglaces.com\/wp-content\/uploads\/Royal-Blue-Vintage-scaled.jpg","width":2560,"height":2560},{"@type":"BreadcrumbList","@id":"https:\/\/www.loopkinglaces.com\/sv\/products\/royal-blue-vintage-faded-flat-cotton-shoelaces-med-tydliga-spetsar\/#breadcrumb","itemListElement":[{"@type":"ListItem","position":1,"name":"Home","item":"https:\/\/www.loopkinglaces.com\/sv\/"},{"@type":"ListItem","position":2,"name":"BUY LACES","item":"https:\/\/www.loopkinglaces.com\/buy-laces\/"},{"@type":"ListItem","position":3,"name":"Royal Blue Vintage Faded Flat Cotton Shoelaces med tydliga spetsar"}]},{"@type":"WebSite","@id":"https:\/\/www.loopkinglaces.com\/sv\/#website","url":"https:\/\/www.loopkinglaces.com\/sv\/","name":"Luxury Gold Tip Shoelaces by Loop King Laces","description":"Rope Laces, Flat Waxed Laces and Leather Laces. All With Gold Tips.","publisher":{"@id":"https:\/\/www.loopkinglaces.com\/sv\/#organization"},"potentialAction":[{"@type":"SearchAction","target":{"@type":"EntryPoint","urlTemplate":"https:\/\/www.loopkinglaces.com\/sv\/?s={search_term_string}"},"query-input":{"@type":"PropertyValueSpecification","valueRequired":true,"valueName":"search_term_string"}}],"inLanguage":"sv-SE"},{"@type":"Organization","@id":"https:\/\/www.loopkinglaces.com\/sv\/#organization","name":"Loop King Laces","url":"https:\/\/www.loopkinglaces.com\/sv\/","logo":{"@type":"ImageObject","inLanguage":"sv-SE","@id":"https:\/\/www.loopkinglaces.com\/sv\/#\/schema\/logo\/image\/","url":"https:\/\/www.loopkinglaces.com\/wp-content\/uploads\/LOOP-KING-LACES.1.1-01-LOGO-HI-RES-OFFICIAL-1.png","contentUrl":"https:\/\/www.loopkinglaces.com\/wp-content\/uploads\/LOOP-KING-LACES.1.1-01-LOGO-HI-RES-OFFICIAL-1.png","width":128,"height":91,"caption":"Loop King Laces"},"image":{"@id":"https:\/\/www.loopkinglaces.com\/sv\/#\/schema\/logo\/image\/"},"sameAs":["https:\/\/www.facebook.com\/LoopKingLaces\/","https:\/\/x.com\/loopkinglaces","https:\/\/www.instagram.com\/loopkinglaces\/"]}]}},"_links":{"self":[{"href":"https:\/\/www.loopkinglaces.com\/sv\/wp-json\/wp\/v2\/product\/81162","targetHints":{"allow":["GET"]}}],"collection":[{"href":"https:\/\/www.loopkinglaces.com\/sv\/wp-json\/wp\/v2\/product"}],"about":[{"href":"https:\/\/www.loopkinglaces.com\/sv\/wp-json\/wp\/v2\/types\/product"}],"replies":[{"embeddable":true,"href":"https:\/\/www.loopkinglaces.com\/sv\/wp-json\/wp\/v2\/comments?post=81162"}],"wp:featuredmedia":[{"embeddable":true,"href":"https:\/\/www.loopkinglaces.com\/sv\/wp-json\/wp\/v2\/media\/81163"}],"wp:attachment":[{"href":"https:\/\/www.loopkinglaces.com\/sv\/wp-json\/wp\/v2\/media?parent=81162"}],"wp:term":[{"taxonomy":"product_brand","embeddable":true,"href":"https:\/\/www.loopkinglaces.com\/sv\/wp-json\/wp\/v2\/product_brand?post=81162"},{"taxonomy":"product_cat","embeddable":true,"href":"https:\/\/www.loopkinglaces.com\/sv\/wp-json\/wp\/v2\/product_cat?post=81162"},{"taxonomy":"product_tag","embeddable":true,"href":"https:\/\/www.loopkinglaces.com\/sv\/wp-json\/wp\/v2\/product_tag?post=81162"},{"taxonomy":"woo-feed-brand","embeddable":true,"href":"https:\/\/www.loopkinglaces.com\/sv\/wp-json\/wp\/v2\/woo-feed-brand?post=81162"}],"curies":[{"name":"wp","href":"https:\/\/api.w.org\/{rel}","templated":true}]}}