{"id":81134,"date":"2023-12-11T18:37:03","date_gmt":"2023-12-11T18:37:03","guid":{"rendered":"https:\/\/www.loopkinglaces.com\/products\/svarta-vintage-faded-flat-cotton-skosnoren-med-tydliga-spetsar\/"},"modified":"2023-12-11T18:37:03","modified_gmt":"2023-12-11T18:37:03","slug":"svarta-vintage-faded-flat-cotton-skosnoren-med-tydliga-spetsar","status":"publish","type":"product","link":"https:\/\/www.loopkinglaces.com\/sv\/products\/svarta-vintage-faded-flat-cotton-skosnoren-med-tydliga-spetsar\/","title":{"rendered":"Svarta Vintage Faded Flat Cotton skosn\u00f6ren med tydliga spetsar"},"content":{"rendered":"<p>Upplev den perfekta blandningen av gammaldags lockelse och modern robusthet med Loop Kings Vintage Faded Flat Cotton Shoelaces. Dessa skosn\u00f6ren \u00e4r konstruerade f\u00f6r att f\u00f6rb\u00e4ttra dina skor, med en distinkt vintage faded finish som ger en klassisk touch till alla skor. De \u00e4r tillverkade av premiumbomull och utlovar komfort och l\u00e5ng livsl\u00e4ngd. De transparenta spetsarna f\u00f6rst\u00e4rker inte bara skosn\u00f6rets retroestetik utan ger ocks\u00e5 extra styrka mot fransning. Dessa skosn\u00f6ren \u00e4r idealiska f\u00f6r alla typer av skor, fr\u00e5n avslappnade sneakers till formella kl\u00e4dskor, och erbjuder b\u00e5de m\u00e5ngsidighet och mode. F\u00f6rvandla din skogarderob med dessa fantastiska skosn\u00f6ren, idealiska f\u00f6r beundrare av b\u00e5de vintagecharm och modernt hantverk. V\u00e5ra skosn\u00f6ren passar alla olika typer av sneakers och m\u00e4rken, inklusive Adidas, Nike, VANS och s\u00e5 vidare, bes\u00f6k v\u00e5r <a href=\"\/shoelace-size-chart\/\">storleksguide<\/a> d\u00e4r du kan hitta den perfekta storleken p\u00e5 skosn\u00f6ren som passar dina skor.     <\/p>\n<p>&nbsp;<\/p>\n","protected":false},"excerpt":{"rendered":"<p><strong>Svarta Vintage Faded Flat Cotton skosn\u00f6ren med tydliga spetsar<\/strong><\/p>\n<p>Med Loop Kings Vintage Faded Flat Cotton Shoelaces f\u00e5r du den perfekta kombinationen av retroelegans och nutida robusthet. Dessa skosn\u00f6ren \u00e4r utformade f\u00f6r att f\u00f6rfina dina skor och har en unik vintage faded-effekt f\u00f6r en nostalgisk k\u00e4nsla. De \u00e4r tillverkade av h\u00f6gkvalitativ bomull och garanterar komfort och h\u00e5llbarhet. De tydliga spetsarna f\u00f6rst\u00e4rker inte bara skosn\u00f6rets gammaldags charm utan skyddar ocks\u00e5 mot fransning. Dessa skosn\u00f6ren passar till m\u00e5nga olika skostilar, fr\u00e5n sportiga sneakers till eleganta kl\u00e4dskor, och ger m\u00e5ngsidighet och stil. F\u00f6rb\u00e4ttra din skostil med dessa enast\u00e5ende skosn\u00f6ren, perfekta f\u00f6r dem som \u00e4lskar att blanda klassiskt utseende med modern kvalitet. Se funktioner nedan: <\/p>\n<ul>\n<li>Handf\u00e4rgade med personlig touch (inget skosn\u00f6re \u00e4r det andra likt)<\/li>\n<li>F\u00f6rstklassiga material<\/li>\n<li>H\u00e5ller <strong>3 g\u00e5nger l\u00e4ngre<\/strong> \u00e4n vanliga sn\u00f6ren<\/li>\n<li>Klar plastspets av h\u00f6g kvalitet<\/li>\n<li>Polyester Bomull<\/li>\n<li>Beautiful Loop King F\u00f6rpackningar per spets<\/li>\n<\/ul>\n","protected":false},"featured_media":81136,"comment_status":"open","ping_status":"closed","template":"","meta":{"_acf_changed":false},"product_brand":[],"product_cat":[2172,2168,2032,2166,2175,2128,2177,2178,2073,2170,2133,2136,2181,2139],"product_tag":[2069,2063,2065,2064,2067,2068,2066],"woo-feed-brand":[],"class_list":{"0":"post-81134","1":"product","2":"type-product","3":"status-publish","4":"has-post-thumbnail","6":"product_cat-24-tums-skosnoren-var-samling-av-hogsta-kvalitet","7":"product_cat-alla-fantastiska-snoren-for-lebron-skor","8":"product_cat-alla-skosnoren","9":"product_cat-converse-skosnoren-for-att-fornya-dina-chucks","10":"product_cat-de-basta-alexander-mcqueen-skosnorena-for-dina-avancerade-sneakers","11":"product_cat-dina-nya-jordan-1-snoren-premiummaterial-i-lyxklass","12":"product_cat-djarva-svarta-skosnoren-som-kommer-att-overglansa-alla-andra","13":"product_cat-keen-skosnoren-att-bemastra-konsten-att-kombinera-svart-och-gratt","14":"product_cat-premium-yeezy-380-skosnoren-for-stil-komfort-och-hallbarhet","15":"product_cat-puma-fat-snoren-forstklassiga","16":"product_cat-snorning-for-snowboardkangor-ett-steg-fore-i-ditt-ridspel","17":"product_cat-tie-dye-skosnoren-en-funkig-tolkning-av-klassiska-skor","18":"product_cat-union-snoren-forbattra-din-union-jordan-1","19":"product_cat-upptack-charmen-med-loop-kings-vintage-faded-flat-cotton-skosnoren-med-tydliga-tips","20":"product_tag-gra","21":"product_tag-loop-king-sv","22":"product_tag-metallspets","23":"product_tag-skosnoren","24":"product_tag-skosnoren-av-rep","25":"product_tag-skosnoren-med-guldspets","26":"product_tag-svart","28":"first","29":"instock","30":"taxable","31":"shipping-taxable","32":"purchasable","33":"product-type-variable"},"acf":[],"yoast_head":"<!-- This site is optimized with the Yoast SEO plugin v27.4 - https:\/\/yoast.com\/product\/yoast-seo-wordpress\/ -->\n<title>Svarta Vintage Faded Flat bomullsskosn\u00f6ren med tydliga spetsar - Loop King<\/title>\n<meta name=\"description\" content=\"F\u00f6rvandla dina skor med den klassiska elegansen hos Loop King&#039;s Black Vintage Faded Shoelaces. En perfekt blandning av gammaldags elegans och modernt mode.\" \/>\n<meta name=\"robots\" content=\"index, follow, max-snippet:-1, max-image-preview:large, max-video-preview:-1\" \/>\n<link rel=\"canonical\" href=\"https:\/\/www.loopkinglaces.com\/sv\/products\/svarta-vintage-faded-flat-cotton-skosnoren-med-tydliga-spetsar\/\" \/>\n<meta property=\"og:locale\" content=\"sv_SE\" \/>\n<meta property=\"og:type\" content=\"article\" \/>\n<meta property=\"og:title\" content=\"Svarta Vintage Faded Flat bomullsskosn\u00f6ren med tydliga spetsar - Loop King\" \/>\n<meta property=\"og:description\" content=\"F\u00f6rvandla dina skor med den klassiska elegansen hos Loop King&#039;s Black Vintage Faded Shoelaces. En perfekt blandning av gammaldags elegans och modernt mode.\" \/>\n<meta property=\"og:url\" content=\"https:\/\/www.loopkinglaces.com\/sv\/products\/svarta-vintage-faded-flat-cotton-skosnoren-med-tydliga-spetsar\/\" \/>\n<meta property=\"og:site_name\" content=\"Luxury Gold Tip Shoelaces by Loop King Laces\" \/>\n<meta property=\"article:publisher\" content=\"https:\/\/www.facebook.com\/LoopKingLaces\/\" \/>\n<meta property=\"og:image\" content=\"https:\/\/www.loopkinglaces.com\/wp-content\/uploads\/Black-Vintage-scaled.jpg\" \/>\n\t<meta property=\"og:image:width\" content=\"2560\" \/>\n\t<meta property=\"og:image:height\" content=\"2560\" \/>\n\t<meta property=\"og:image:type\" content=\"image\/jpeg\" \/>\n<meta name=\"twitter:card\" content=\"summary_large_image\" \/>\n<meta name=\"twitter:site\" content=\"@loopkinglaces\" \/>\n<meta name=\"twitter:label1\" content=\"Ber\u00e4knad l\u00e4stid\" \/>\n\t<meta name=\"twitter:data1\" content=\"1 minut\" \/>\n<script type=\"application\/ld+json\" class=\"yoast-schema-graph\">{\"@context\":\"https:\\\/\\\/schema.org\",\"@graph\":[{\"@type\":[\"WebPage\",\"ItemPage\"],\"@id\":\"https:\\\/\\\/www.loopkinglaces.com\\\/sv\\\/products\\\/svarta-vintage-faded-flat-cotton-skosnoren-med-tydliga-spetsar\\\/\",\"url\":\"https:\\\/\\\/www.loopkinglaces.com\\\/sv\\\/products\\\/svarta-vintage-faded-flat-cotton-skosnoren-med-tydliga-spetsar\\\/\",\"name\":\"Svarta Vintage Faded Flat bomullsskosn\u00f6ren med tydliga spetsar - Loop King\",\"isPartOf\":{\"@id\":\"https:\\\/\\\/www.loopkinglaces.com\\\/sv\\\/#website\"},\"primaryImageOfPage\":{\"@id\":\"https:\\\/\\\/www.loopkinglaces.com\\\/sv\\\/products\\\/svarta-vintage-faded-flat-cotton-skosnoren-med-tydliga-spetsar\\\/#primaryimage\"},\"image\":{\"@id\":\"https:\\\/\\\/www.loopkinglaces.com\\\/sv\\\/products\\\/svarta-vintage-faded-flat-cotton-skosnoren-med-tydliga-spetsar\\\/#primaryimage\"},\"thumbnailUrl\":\"https:\\\/\\\/www.loopkinglaces.com\\\/wp-content\\\/uploads\\\/Black-Vintage-scaled.jpg\",\"datePublished\":\"2023-12-11T18:37:03+00:00\",\"description\":\"F\u00f6rvandla dina skor med den klassiska elegansen hos Loop King's Black Vintage Faded Shoelaces. En perfekt blandning av gammaldags elegans och modernt mode.\",\"breadcrumb\":{\"@id\":\"https:\\\/\\\/www.loopkinglaces.com\\\/sv\\\/products\\\/svarta-vintage-faded-flat-cotton-skosnoren-med-tydliga-spetsar\\\/#breadcrumb\"},\"inLanguage\":\"sv-SE\",\"potentialAction\":[{\"@type\":\"ReadAction\",\"target\":[\"https:\\\/\\\/www.loopkinglaces.com\\\/sv\\\/products\\\/svarta-vintage-faded-flat-cotton-skosnoren-med-tydliga-spetsar\\\/\"]}]},{\"@type\":\"ImageObject\",\"inLanguage\":\"sv-SE\",\"@id\":\"https:\\\/\\\/www.loopkinglaces.com\\\/sv\\\/products\\\/svarta-vintage-faded-flat-cotton-skosnoren-med-tydliga-spetsar\\\/#primaryimage\",\"url\":\"https:\\\/\\\/www.loopkinglaces.com\\\/wp-content\\\/uploads\\\/Black-Vintage-scaled.jpg\",\"contentUrl\":\"https:\\\/\\\/www.loopkinglaces.com\\\/wp-content\\\/uploads\\\/Black-Vintage-scaled.jpg\",\"width\":2560,\"height\":2560},{\"@type\":\"BreadcrumbList\",\"@id\":\"https:\\\/\\\/www.loopkinglaces.com\\\/sv\\\/products\\\/svarta-vintage-faded-flat-cotton-skosnoren-med-tydliga-spetsar\\\/#breadcrumb\",\"itemListElement\":[{\"@type\":\"ListItem\",\"position\":1,\"name\":\"Home\",\"item\":\"https:\\\/\\\/www.loopkinglaces.com\\\/sv\\\/\"},{\"@type\":\"ListItem\",\"position\":2,\"name\":\"BUY LACES\",\"item\":\"https:\\\/\\\/www.loopkinglaces.com\\\/buy-laces\\\/\"},{\"@type\":\"ListItem\",\"position\":3,\"name\":\"Svarta Vintage Faded Flat Cotton skosn\u00f6ren med tydliga spetsar\"}]},{\"@type\":\"WebSite\",\"@id\":\"https:\\\/\\\/www.loopkinglaces.com\\\/sv\\\/#website\",\"url\":\"https:\\\/\\\/www.loopkinglaces.com\\\/sv\\\/\",\"name\":\"Luxury Gold Tip Shoelaces by Loop King Laces\",\"description\":\"Rope Laces, Flat Waxed Laces and Leather Laces. All With Gold Tips.\",\"publisher\":{\"@id\":\"https:\\\/\\\/www.loopkinglaces.com\\\/sv\\\/#organization\"},\"potentialAction\":[{\"@type\":\"SearchAction\",\"target\":{\"@type\":\"EntryPoint\",\"urlTemplate\":\"https:\\\/\\\/www.loopkinglaces.com\\\/sv\\\/?s={search_term_string}\"},\"query-input\":{\"@type\":\"PropertyValueSpecification\",\"valueRequired\":true,\"valueName\":\"search_term_string\"}}],\"inLanguage\":\"sv-SE\"},{\"@type\":\"Organization\",\"@id\":\"https:\\\/\\\/www.loopkinglaces.com\\\/sv\\\/#organization\",\"name\":\"Loop King Laces\",\"url\":\"https:\\\/\\\/www.loopkinglaces.com\\\/sv\\\/\",\"logo\":{\"@type\":\"ImageObject\",\"inLanguage\":\"sv-SE\",\"@id\":\"https:\\\/\\\/www.loopkinglaces.com\\\/sv\\\/#\\\/schema\\\/logo\\\/image\\\/\",\"url\":\"https:\\\/\\\/www.loopkinglaces.com\\\/wp-content\\\/uploads\\\/LOOP-KING-LACES.1.1-01-LOGO-HI-RES-OFFICIAL-1.png\",\"contentUrl\":\"https:\\\/\\\/www.loopkinglaces.com\\\/wp-content\\\/uploads\\\/LOOP-KING-LACES.1.1-01-LOGO-HI-RES-OFFICIAL-1.png\",\"width\":128,\"height\":91,\"caption\":\"Loop King Laces\"},\"image\":{\"@id\":\"https:\\\/\\\/www.loopkinglaces.com\\\/sv\\\/#\\\/schema\\\/logo\\\/image\\\/\"},\"sameAs\":[\"https:\\\/\\\/www.facebook.com\\\/LoopKingLaces\\\/\",\"https:\\\/\\\/x.com\\\/loopkinglaces\",\"https:\\\/\\\/www.instagram.com\\\/loopkinglaces\\\/\"]}]}<\/script>\n<!-- \/ Yoast SEO plugin. -->","yoast_head_json":{"title":"Svarta Vintage Faded Flat bomullsskosn\u00f6ren med tydliga spetsar - Loop King","description":"F\u00f6rvandla dina skor med den klassiska elegansen hos Loop King's Black Vintage Faded Shoelaces. En perfekt blandning av gammaldags elegans och modernt mode.","robots":{"index":"index","follow":"follow","max-snippet":"max-snippet:-1","max-image-preview":"max-image-preview:large","max-video-preview":"max-video-preview:-1"},"canonical":"https:\/\/www.loopkinglaces.com\/sv\/products\/svarta-vintage-faded-flat-cotton-skosnoren-med-tydliga-spetsar\/","og_locale":"sv_SE","og_type":"article","og_title":"Svarta Vintage Faded Flat bomullsskosn\u00f6ren med tydliga spetsar - Loop King","og_description":"F\u00f6rvandla dina skor med den klassiska elegansen hos Loop King's Black Vintage Faded Shoelaces. En perfekt blandning av gammaldags elegans och modernt mode.","og_url":"https:\/\/www.loopkinglaces.com\/sv\/products\/svarta-vintage-faded-flat-cotton-skosnoren-med-tydliga-spetsar\/","og_site_name":"Luxury Gold Tip Shoelaces by Loop King Laces","article_publisher":"https:\/\/www.facebook.com\/LoopKingLaces\/","og_image":[{"width":2560,"height":2560,"url":"https:\/\/www.loopkinglaces.com\/wp-content\/uploads\/Black-Vintage-scaled.jpg","type":"image\/jpeg"}],"twitter_card":"summary_large_image","twitter_site":"@loopkinglaces","twitter_misc":{"Ber\u00e4knad l\u00e4stid":"1 minut"},"schema":{"@context":"https:\/\/schema.org","@graph":[{"@type":["WebPage","ItemPage"],"@id":"https:\/\/www.loopkinglaces.com\/sv\/products\/svarta-vintage-faded-flat-cotton-skosnoren-med-tydliga-spetsar\/","url":"https:\/\/www.loopkinglaces.com\/sv\/products\/svarta-vintage-faded-flat-cotton-skosnoren-med-tydliga-spetsar\/","name":"Svarta Vintage Faded Flat bomullsskosn\u00f6ren med tydliga spetsar - Loop King","isPartOf":{"@id":"https:\/\/www.loopkinglaces.com\/sv\/#website"},"primaryImageOfPage":{"@id":"https:\/\/www.loopkinglaces.com\/sv\/products\/svarta-vintage-faded-flat-cotton-skosnoren-med-tydliga-spetsar\/#primaryimage"},"image":{"@id":"https:\/\/www.loopkinglaces.com\/sv\/products\/svarta-vintage-faded-flat-cotton-skosnoren-med-tydliga-spetsar\/#primaryimage"},"thumbnailUrl":"https:\/\/www.loopkinglaces.com\/wp-content\/uploads\/Black-Vintage-scaled.jpg","datePublished":"2023-12-11T18:37:03+00:00","description":"F\u00f6rvandla dina skor med den klassiska elegansen hos Loop King's Black Vintage Faded Shoelaces. En perfekt blandning av gammaldags elegans och modernt mode.","breadcrumb":{"@id":"https:\/\/www.loopkinglaces.com\/sv\/products\/svarta-vintage-faded-flat-cotton-skosnoren-med-tydliga-spetsar\/#breadcrumb"},"inLanguage":"sv-SE","potentialAction":[{"@type":"ReadAction","target":["https:\/\/www.loopkinglaces.com\/sv\/products\/svarta-vintage-faded-flat-cotton-skosnoren-med-tydliga-spetsar\/"]}]},{"@type":"ImageObject","inLanguage":"sv-SE","@id":"https:\/\/www.loopkinglaces.com\/sv\/products\/svarta-vintage-faded-flat-cotton-skosnoren-med-tydliga-spetsar\/#primaryimage","url":"https:\/\/www.loopkinglaces.com\/wp-content\/uploads\/Black-Vintage-scaled.jpg","contentUrl":"https:\/\/www.loopkinglaces.com\/wp-content\/uploads\/Black-Vintage-scaled.jpg","width":2560,"height":2560},{"@type":"BreadcrumbList","@id":"https:\/\/www.loopkinglaces.com\/sv\/products\/svarta-vintage-faded-flat-cotton-skosnoren-med-tydliga-spetsar\/#breadcrumb","itemListElement":[{"@type":"ListItem","position":1,"name":"Home","item":"https:\/\/www.loopkinglaces.com\/sv\/"},{"@type":"ListItem","position":2,"name":"BUY LACES","item":"https:\/\/www.loopkinglaces.com\/buy-laces\/"},{"@type":"ListItem","position":3,"name":"Svarta Vintage Faded Flat Cotton skosn\u00f6ren med tydliga spetsar"}]},{"@type":"WebSite","@id":"https:\/\/www.loopkinglaces.com\/sv\/#website","url":"https:\/\/www.loopkinglaces.com\/sv\/","name":"Luxury Gold Tip Shoelaces by Loop King Laces","description":"Rope Laces, Flat Waxed Laces and Leather Laces. All With Gold Tips.","publisher":{"@id":"https:\/\/www.loopkinglaces.com\/sv\/#organization"},"potentialAction":[{"@type":"SearchAction","target":{"@type":"EntryPoint","urlTemplate":"https:\/\/www.loopkinglaces.com\/sv\/?s={search_term_string}"},"query-input":{"@type":"PropertyValueSpecification","valueRequired":true,"valueName":"search_term_string"}}],"inLanguage":"sv-SE"},{"@type":"Organization","@id":"https:\/\/www.loopkinglaces.com\/sv\/#organization","name":"Loop King Laces","url":"https:\/\/www.loopkinglaces.com\/sv\/","logo":{"@type":"ImageObject","inLanguage":"sv-SE","@id":"https:\/\/www.loopkinglaces.com\/sv\/#\/schema\/logo\/image\/","url":"https:\/\/www.loopkinglaces.com\/wp-content\/uploads\/LOOP-KING-LACES.1.1-01-LOGO-HI-RES-OFFICIAL-1.png","contentUrl":"https:\/\/www.loopkinglaces.com\/wp-content\/uploads\/LOOP-KING-LACES.1.1-01-LOGO-HI-RES-OFFICIAL-1.png","width":128,"height":91,"caption":"Loop King Laces"},"image":{"@id":"https:\/\/www.loopkinglaces.com\/sv\/#\/schema\/logo\/image\/"},"sameAs":["https:\/\/www.facebook.com\/LoopKingLaces\/","https:\/\/x.com\/loopkinglaces","https:\/\/www.instagram.com\/loopkinglaces\/"]}]}},"_links":{"self":[{"href":"https:\/\/www.loopkinglaces.com\/sv\/wp-json\/wp\/v2\/product\/81134","targetHints":{"allow":["GET"]}}],"collection":[{"href":"https:\/\/www.loopkinglaces.com\/sv\/wp-json\/wp\/v2\/product"}],"about":[{"href":"https:\/\/www.loopkinglaces.com\/sv\/wp-json\/wp\/v2\/types\/product"}],"replies":[{"embeddable":true,"href":"https:\/\/www.loopkinglaces.com\/sv\/wp-json\/wp\/v2\/comments?post=81134"}],"wp:featuredmedia":[{"embeddable":true,"href":"https:\/\/www.loopkinglaces.com\/sv\/wp-json\/wp\/v2\/media\/81136"}],"wp:attachment":[{"href":"https:\/\/www.loopkinglaces.com\/sv\/wp-json\/wp\/v2\/media?parent=81134"}],"wp:term":[{"taxonomy":"product_brand","embeddable":true,"href":"https:\/\/www.loopkinglaces.com\/sv\/wp-json\/wp\/v2\/product_brand?post=81134"},{"taxonomy":"product_cat","embeddable":true,"href":"https:\/\/www.loopkinglaces.com\/sv\/wp-json\/wp\/v2\/product_cat?post=81134"},{"taxonomy":"product_tag","embeddable":true,"href":"https:\/\/www.loopkinglaces.com\/sv\/wp-json\/wp\/v2\/product_tag?post=81134"},{"taxonomy":"woo-feed-brand","embeddable":true,"href":"https:\/\/www.loopkinglaces.com\/sv\/wp-json\/wp\/v2\/woo-feed-brand?post=81134"}],"curies":[{"name":"wp","href":"https:\/\/api.w.org\/{rel}","templated":true}]}}