{"id":81100,"date":"2023-12-11T18:13:05","date_gmt":"2023-12-11T18:13:05","guid":{"rendered":"https:\/\/www.loopkinglaces.com\/products\/sail-vintage-faded-flat-cotton-shoelaces-med-tydliga-spetsar\/"},"modified":"2023-12-11T18:13:05","modified_gmt":"2023-12-11T18:13:05","slug":"sail-vintage-faded-flat-cotton-shoelaces-med-tydliga-spetsar","status":"publish","type":"product","link":"https:\/\/www.loopkinglaces.com\/sv\/products\/sail-vintage-faded-flat-cotton-shoelaces-med-tydliga-spetsar\/","title":{"rendered":"Sail Vintage Faded Flat Cotton Shoelaces med tydliga spetsar"},"content":{"rendered":"<p>Loop Kings Vintage Faded Flat Cotton Shoelaces kombinerar tidl\u00f6s charm med modern t\u00e5lighet. Dessa skosn\u00f6ren \u00e4r designade f\u00f6r modeentusiaster och har en distinkt vintage faded-effekt som ger ett nostalgiskt inslag till alla skor. De \u00e4r tillverkade av \u00f6verl\u00e4gsen bomull och ger b\u00e5de komfort och uth\u00e5llighet. De transparenta spetsarna framh\u00e4ver inte bara retrolooken utan ger ocks\u00e5 \u00f6kat motst\u00e5nd mot fransning. De \u00e4r perfekta f\u00f6r allt fr\u00e5n trendiga sneakers till eleganta kl\u00e4dskor och ger anpassningsf\u00f6rm\u00e5ga och k\u00e4nsla. F\u00f6rb\u00e4ttra din skosamling med dessa premiumskosn\u00f6ren, ett m\u00e5ste f\u00f6r dig som v\u00e4rdes\u00e4tter en blandning av gammaldags elegans och modern funktionalitet. V\u00e5ra skosn\u00f6ren passar alla olika typer av sneakers och m\u00e4rken inklusive Adidas, Nike, VANS och s\u00e5 vidare, bes\u00f6k v\u00e5r <a href=\"\/shoelace-size-chart\/\">storleksguide<\/a> d\u00e4r du kan hitta den perfekta storleken p\u00e5 skosn\u00f6ren som passar dina skor.     <\/p>\n<p>&nbsp;<\/p>\n","protected":false},"excerpt":{"rendered":"<p><strong>Sail Vintage Faded Flat Cotton Shoelaces med tydliga spetsar<\/strong><\/p>\n<p>Loop King&#8217;s Vintage Faded Flat Cotton Shoelaces \u00e4r det perfekta valet n\u00e4r du vill kombinera charm fr\u00e5n f\u00f6rr med h\u00e5llbarhet fr\u00e5n idag. Dessa skosn\u00f6ren, med sitt unika vintage faded-utseende, ger en retrok\u00e4nsla till alla skor. De \u00e4r tillverkade av f\u00f6rstklassig bomull och garanterar komfort och l\u00e5ng h\u00e5llbarhet. De genomskinliga spetsarna g\u00f6r skosn\u00f6rena mer antika och f\u00f6rhindrar samtidigt slitage. Dessa skosn\u00f6ren \u00e4r l\u00e4mpliga f\u00f6r en rad olika skor, fr\u00e5n vardagssneakers till sofistikerade kl\u00e4nningsskor, och handlar om m\u00e5ngsidighet och chic stil. F\u00f6rh\u00f6j din skosamling med dessa exceptionella skosn\u00f6ren, perfekta f\u00f6r dig som gillar en blandning av traditionell design och modern kvalitet. Se funktioner nedan:  <\/p>\n<ul>\n<li>Handf\u00e4rgade med personlig touch (inget skosn\u00f6re \u00e4r det andra likt)<\/li>\n<li>F\u00f6rstklassiga material<\/li>\n<li>H\u00e5ller <strong>3 g\u00e5nger l\u00e4ngre<\/strong> \u00e4n vanliga sn\u00f6ren<\/li>\n<li>Klar plastspets av h\u00f6g kvalitet<\/li>\n<li>Polyester Bomull<\/li>\n<li>Beautiful Loop King F\u00f6rpackningar per spets<\/li>\n<\/ul>\n","protected":false},"featured_media":81107,"comment_status":"open","ping_status":"closed","template":"","meta":{"_acf_changed":false},"product_brand":[],"product_cat":[2096,2032,2153,2088,2154,2155,2100,2136,2139,2156,2152],"product_tag":[2069,2063,2065,2064,2067,2068,2066],"woo-feed-brand":[],"class_list":{"0":"post-81100","1":"product","2":"type-product","3":"status-publish","4":"has-post-thumbnail","6":"product_cat-80-tums-skosnoren-hemligheten-bakom-snygga-steg","7":"product_cat-alla-skosnoren","8":"product_cat-balenciaga-skosnoren-hogklassiga-och-trendiga-skosnoren","9":"product_cat-elite-level-jordan-1-bordeaux-vita-skosnoren-som-ser-lyxiga-ut","10":"product_cat-hogklassiga-vans-old-skool-snoren-som-ar-slitstarka-och-lyxiga","11":"product_cat-segelskosnoren-som-ger-en-retrokansla-till-alla-par-sneakers","12":"product_cat-snora-upp-de-roliga-skosnorena-en-djupdykning-i-spannande-skosnoren","13":"product_cat-tie-dye-skosnoren-en-funkig-tolkning-av-klassiska-skor","14":"product_cat-upptack-charmen-med-loop-kings-vintage-faded-flat-cotton-skosnoren-med-tydliga-tips","15":"product_cat-vackra-skosnoren-i-graddfil-for-att-ateruppfinna-dina-favoritskor","16":"product_cat-vans-sk8-hi-laces-hogkvalitativa-skosnoren","17":"product_tag-gra","18":"product_tag-loop-king-sv","19":"product_tag-metallspets","20":"product_tag-skosnoren","21":"product_tag-skosnoren-av-rep","22":"product_tag-skosnoren-med-guldspets","23":"product_tag-svart","25":"first","26":"instock","27":"taxable","28":"shipping-taxable","29":"product-type-variable"},"acf":[],"yoast_head":"<!-- This site is optimized with the Yoast SEO plugin v27.4 - https:\/\/yoast.com\/product\/yoast-seo-wordpress\/ -->\n<title>Sail Vintage Faded Flat bomullsskosn\u00f6ren med tydliga spetsar - Loop King<\/title>\n<meta name=\"description\" content=\"Lyft dina skor med Loop Kings Sail Vintage Faded Shoelaces, som blandar tidl\u00f6s charm med modern k\u00e4nsla. Perfekt f\u00f6r en sofistikerad, uppdaterad look.\" \/>\n<meta name=\"robots\" content=\"index, follow, max-snippet:-1, max-image-preview:large, max-video-preview:-1\" \/>\n<link rel=\"canonical\" href=\"https:\/\/www.loopkinglaces.com\/sv\/products\/sail-vintage-faded-flat-cotton-shoelaces-med-tydliga-spetsar\/\" \/>\n<meta property=\"og:locale\" content=\"sv_SE\" \/>\n<meta property=\"og:type\" content=\"article\" \/>\n<meta property=\"og:title\" content=\"Sail Vintage Faded Flat bomullsskosn\u00f6ren med tydliga spetsar - Loop King\" \/>\n<meta property=\"og:description\" content=\"Lyft dina skor med Loop Kings Sail Vintage Faded Shoelaces, som blandar tidl\u00f6s charm med modern k\u00e4nsla. Perfekt f\u00f6r en sofistikerad, uppdaterad look.\" \/>\n<meta property=\"og:url\" content=\"https:\/\/www.loopkinglaces.com\/sv\/products\/sail-vintage-faded-flat-cotton-shoelaces-med-tydliga-spetsar\/\" \/>\n<meta property=\"og:site_name\" content=\"Luxury Gold Tip Shoelaces by Loop King Laces\" \/>\n<meta property=\"article:publisher\" content=\"https:\/\/www.facebook.com\/LoopKingLaces\/\" \/>\n<meta property=\"og:image\" content=\"https:\/\/www.loopkinglaces.com\/wp-content\/uploads\/Sail-Vintage-800x800.jpg\" \/>\n\t<meta property=\"og:image:width\" content=\"800\" \/>\n\t<meta property=\"og:image:height\" content=\"800\" \/>\n\t<meta property=\"og:image:type\" content=\"image\/jpeg\" \/>\n<meta name=\"twitter:card\" content=\"summary_large_image\" \/>\n<meta name=\"twitter:site\" content=\"@loopkinglaces\" \/>\n<meta name=\"twitter:label1\" content=\"Ber\u00e4knad l\u00e4stid\" \/>\n\t<meta name=\"twitter:data1\" content=\"1 minut\" \/>\n<script type=\"application\/ld+json\" class=\"yoast-schema-graph\">{\"@context\":\"https:\\\/\\\/schema.org\",\"@graph\":[{\"@type\":[\"WebPage\",\"ItemPage\"],\"@id\":\"https:\\\/\\\/www.loopkinglaces.com\\\/sv\\\/products\\\/sail-vintage-faded-flat-cotton-shoelaces-med-tydliga-spetsar\\\/\",\"url\":\"https:\\\/\\\/www.loopkinglaces.com\\\/sv\\\/products\\\/sail-vintage-faded-flat-cotton-shoelaces-med-tydliga-spetsar\\\/\",\"name\":\"Sail Vintage Faded Flat bomullsskosn\u00f6ren med tydliga spetsar - Loop King\",\"isPartOf\":{\"@id\":\"https:\\\/\\\/www.loopkinglaces.com\\\/sv\\\/#website\"},\"primaryImageOfPage\":{\"@id\":\"https:\\\/\\\/www.loopkinglaces.com\\\/sv\\\/products\\\/sail-vintage-faded-flat-cotton-shoelaces-med-tydliga-spetsar\\\/#primaryimage\"},\"image\":{\"@id\":\"https:\\\/\\\/www.loopkinglaces.com\\\/sv\\\/products\\\/sail-vintage-faded-flat-cotton-shoelaces-med-tydliga-spetsar\\\/#primaryimage\"},\"thumbnailUrl\":\"https:\\\/\\\/www.loopkinglaces.com\\\/wp-content\\\/uploads\\\/Sail-Vintage.jpg\",\"datePublished\":\"2023-12-11T18:13:05+00:00\",\"description\":\"Lyft dina skor med Loop Kings Sail Vintage Faded Shoelaces, som blandar tidl\u00f6s charm med modern k\u00e4nsla. Perfekt f\u00f6r en sofistikerad, uppdaterad look.\",\"breadcrumb\":{\"@id\":\"https:\\\/\\\/www.loopkinglaces.com\\\/sv\\\/products\\\/sail-vintage-faded-flat-cotton-shoelaces-med-tydliga-spetsar\\\/#breadcrumb\"},\"inLanguage\":\"sv-SE\",\"potentialAction\":[{\"@type\":\"ReadAction\",\"target\":[\"https:\\\/\\\/www.loopkinglaces.com\\\/sv\\\/products\\\/sail-vintage-faded-flat-cotton-shoelaces-med-tydliga-spetsar\\\/\"]}]},{\"@type\":\"ImageObject\",\"inLanguage\":\"sv-SE\",\"@id\":\"https:\\\/\\\/www.loopkinglaces.com\\\/sv\\\/products\\\/sail-vintage-faded-flat-cotton-shoelaces-med-tydliga-spetsar\\\/#primaryimage\",\"url\":\"https:\\\/\\\/www.loopkinglaces.com\\\/wp-content\\\/uploads\\\/Sail-Vintage.jpg\",\"contentUrl\":\"https:\\\/\\\/www.loopkinglaces.com\\\/wp-content\\\/uploads\\\/Sail-Vintage.jpg\",\"width\":2456,\"height\":2456},{\"@type\":\"BreadcrumbList\",\"@id\":\"https:\\\/\\\/www.loopkinglaces.com\\\/sv\\\/products\\\/sail-vintage-faded-flat-cotton-shoelaces-med-tydliga-spetsar\\\/#breadcrumb\",\"itemListElement\":[{\"@type\":\"ListItem\",\"position\":1,\"name\":\"Home\",\"item\":\"https:\\\/\\\/www.loopkinglaces.com\\\/sv\\\/\"},{\"@type\":\"ListItem\",\"position\":2,\"name\":\"BUY LACES\",\"item\":\"https:\\\/\\\/www.loopkinglaces.com\\\/buy-laces\\\/\"},{\"@type\":\"ListItem\",\"position\":3,\"name\":\"Sail Vintage Faded Flat Cotton Shoelaces med tydliga spetsar\"}]},{\"@type\":\"WebSite\",\"@id\":\"https:\\\/\\\/www.loopkinglaces.com\\\/sv\\\/#website\",\"url\":\"https:\\\/\\\/www.loopkinglaces.com\\\/sv\\\/\",\"name\":\"Luxury Gold Tip Shoelaces by Loop King Laces\",\"description\":\"Rope Laces, Flat Waxed Laces and Leather Laces. All With Gold Tips.\",\"publisher\":{\"@id\":\"https:\\\/\\\/www.loopkinglaces.com\\\/sv\\\/#organization\"},\"potentialAction\":[{\"@type\":\"SearchAction\",\"target\":{\"@type\":\"EntryPoint\",\"urlTemplate\":\"https:\\\/\\\/www.loopkinglaces.com\\\/sv\\\/?s={search_term_string}\"},\"query-input\":{\"@type\":\"PropertyValueSpecification\",\"valueRequired\":true,\"valueName\":\"search_term_string\"}}],\"inLanguage\":\"sv-SE\"},{\"@type\":\"Organization\",\"@id\":\"https:\\\/\\\/www.loopkinglaces.com\\\/sv\\\/#organization\",\"name\":\"Loop King Laces\",\"url\":\"https:\\\/\\\/www.loopkinglaces.com\\\/sv\\\/\",\"logo\":{\"@type\":\"ImageObject\",\"inLanguage\":\"sv-SE\",\"@id\":\"https:\\\/\\\/www.loopkinglaces.com\\\/sv\\\/#\\\/schema\\\/logo\\\/image\\\/\",\"url\":\"https:\\\/\\\/www.loopkinglaces.com\\\/wp-content\\\/uploads\\\/LOOP-KING-LACES.1.1-01-LOGO-HI-RES-OFFICIAL-1.png\",\"contentUrl\":\"https:\\\/\\\/www.loopkinglaces.com\\\/wp-content\\\/uploads\\\/LOOP-KING-LACES.1.1-01-LOGO-HI-RES-OFFICIAL-1.png\",\"width\":128,\"height\":91,\"caption\":\"Loop King Laces\"},\"image\":{\"@id\":\"https:\\\/\\\/www.loopkinglaces.com\\\/sv\\\/#\\\/schema\\\/logo\\\/image\\\/\"},\"sameAs\":[\"https:\\\/\\\/www.facebook.com\\\/LoopKingLaces\\\/\",\"https:\\\/\\\/x.com\\\/loopkinglaces\",\"https:\\\/\\\/www.instagram.com\\\/loopkinglaces\\\/\"]}]}<\/script>\n<!-- \/ Yoast SEO plugin. -->","yoast_head_json":{"title":"Sail Vintage Faded Flat bomullsskosn\u00f6ren med tydliga spetsar - Loop King","description":"Lyft dina skor med Loop Kings Sail Vintage Faded Shoelaces, som blandar tidl\u00f6s charm med modern k\u00e4nsla. Perfekt f\u00f6r en sofistikerad, uppdaterad look.","robots":{"index":"index","follow":"follow","max-snippet":"max-snippet:-1","max-image-preview":"max-image-preview:large","max-video-preview":"max-video-preview:-1"},"canonical":"https:\/\/www.loopkinglaces.com\/sv\/products\/sail-vintage-faded-flat-cotton-shoelaces-med-tydliga-spetsar\/","og_locale":"sv_SE","og_type":"article","og_title":"Sail Vintage Faded Flat bomullsskosn\u00f6ren med tydliga spetsar - Loop King","og_description":"Lyft dina skor med Loop Kings Sail Vintage Faded Shoelaces, som blandar tidl\u00f6s charm med modern k\u00e4nsla. Perfekt f\u00f6r en sofistikerad, uppdaterad look.","og_url":"https:\/\/www.loopkinglaces.com\/sv\/products\/sail-vintage-faded-flat-cotton-shoelaces-med-tydliga-spetsar\/","og_site_name":"Luxury Gold Tip Shoelaces by Loop King Laces","article_publisher":"https:\/\/www.facebook.com\/LoopKingLaces\/","og_image":[{"width":800,"height":800,"url":"https:\/\/www.loopkinglaces.com\/wp-content\/uploads\/Sail-Vintage-800x800.jpg","type":"image\/jpeg"}],"twitter_card":"summary_large_image","twitter_site":"@loopkinglaces","twitter_misc":{"Ber\u00e4knad l\u00e4stid":"1 minut"},"schema":{"@context":"https:\/\/schema.org","@graph":[{"@type":["WebPage","ItemPage"],"@id":"https:\/\/www.loopkinglaces.com\/sv\/products\/sail-vintage-faded-flat-cotton-shoelaces-med-tydliga-spetsar\/","url":"https:\/\/www.loopkinglaces.com\/sv\/products\/sail-vintage-faded-flat-cotton-shoelaces-med-tydliga-spetsar\/","name":"Sail Vintage Faded Flat bomullsskosn\u00f6ren med tydliga spetsar - Loop King","isPartOf":{"@id":"https:\/\/www.loopkinglaces.com\/sv\/#website"},"primaryImageOfPage":{"@id":"https:\/\/www.loopkinglaces.com\/sv\/products\/sail-vintage-faded-flat-cotton-shoelaces-med-tydliga-spetsar\/#primaryimage"},"image":{"@id":"https:\/\/www.loopkinglaces.com\/sv\/products\/sail-vintage-faded-flat-cotton-shoelaces-med-tydliga-spetsar\/#primaryimage"},"thumbnailUrl":"https:\/\/www.loopkinglaces.com\/wp-content\/uploads\/Sail-Vintage.jpg","datePublished":"2023-12-11T18:13:05+00:00","description":"Lyft dina skor med Loop Kings Sail Vintage Faded Shoelaces, som blandar tidl\u00f6s charm med modern k\u00e4nsla. Perfekt f\u00f6r en sofistikerad, uppdaterad look.","breadcrumb":{"@id":"https:\/\/www.loopkinglaces.com\/sv\/products\/sail-vintage-faded-flat-cotton-shoelaces-med-tydliga-spetsar\/#breadcrumb"},"inLanguage":"sv-SE","potentialAction":[{"@type":"ReadAction","target":["https:\/\/www.loopkinglaces.com\/sv\/products\/sail-vintage-faded-flat-cotton-shoelaces-med-tydliga-spetsar\/"]}]},{"@type":"ImageObject","inLanguage":"sv-SE","@id":"https:\/\/www.loopkinglaces.com\/sv\/products\/sail-vintage-faded-flat-cotton-shoelaces-med-tydliga-spetsar\/#primaryimage","url":"https:\/\/www.loopkinglaces.com\/wp-content\/uploads\/Sail-Vintage.jpg","contentUrl":"https:\/\/www.loopkinglaces.com\/wp-content\/uploads\/Sail-Vintage.jpg","width":2456,"height":2456},{"@type":"BreadcrumbList","@id":"https:\/\/www.loopkinglaces.com\/sv\/products\/sail-vintage-faded-flat-cotton-shoelaces-med-tydliga-spetsar\/#breadcrumb","itemListElement":[{"@type":"ListItem","position":1,"name":"Home","item":"https:\/\/www.loopkinglaces.com\/sv\/"},{"@type":"ListItem","position":2,"name":"BUY LACES","item":"https:\/\/www.loopkinglaces.com\/buy-laces\/"},{"@type":"ListItem","position":3,"name":"Sail Vintage Faded Flat Cotton Shoelaces med tydliga spetsar"}]},{"@type":"WebSite","@id":"https:\/\/www.loopkinglaces.com\/sv\/#website","url":"https:\/\/www.loopkinglaces.com\/sv\/","name":"Luxury Gold Tip Shoelaces by Loop King Laces","description":"Rope Laces, Flat Waxed Laces and Leather Laces. All With Gold Tips.","publisher":{"@id":"https:\/\/www.loopkinglaces.com\/sv\/#organization"},"potentialAction":[{"@type":"SearchAction","target":{"@type":"EntryPoint","urlTemplate":"https:\/\/www.loopkinglaces.com\/sv\/?s={search_term_string}"},"query-input":{"@type":"PropertyValueSpecification","valueRequired":true,"valueName":"search_term_string"}}],"inLanguage":"sv-SE"},{"@type":"Organization","@id":"https:\/\/www.loopkinglaces.com\/sv\/#organization","name":"Loop King Laces","url":"https:\/\/www.loopkinglaces.com\/sv\/","logo":{"@type":"ImageObject","inLanguage":"sv-SE","@id":"https:\/\/www.loopkinglaces.com\/sv\/#\/schema\/logo\/image\/","url":"https:\/\/www.loopkinglaces.com\/wp-content\/uploads\/LOOP-KING-LACES.1.1-01-LOGO-HI-RES-OFFICIAL-1.png","contentUrl":"https:\/\/www.loopkinglaces.com\/wp-content\/uploads\/LOOP-KING-LACES.1.1-01-LOGO-HI-RES-OFFICIAL-1.png","width":128,"height":91,"caption":"Loop King Laces"},"image":{"@id":"https:\/\/www.loopkinglaces.com\/sv\/#\/schema\/logo\/image\/"},"sameAs":["https:\/\/www.facebook.com\/LoopKingLaces\/","https:\/\/x.com\/loopkinglaces","https:\/\/www.instagram.com\/loopkinglaces\/"]}]}},"_links":{"self":[{"href":"https:\/\/www.loopkinglaces.com\/sv\/wp-json\/wp\/v2\/product\/81100","targetHints":{"allow":["GET"]}}],"collection":[{"href":"https:\/\/www.loopkinglaces.com\/sv\/wp-json\/wp\/v2\/product"}],"about":[{"href":"https:\/\/www.loopkinglaces.com\/sv\/wp-json\/wp\/v2\/types\/product"}],"replies":[{"embeddable":true,"href":"https:\/\/www.loopkinglaces.com\/sv\/wp-json\/wp\/v2\/comments?post=81100"}],"wp:featuredmedia":[{"embeddable":true,"href":"https:\/\/www.loopkinglaces.com\/sv\/wp-json\/wp\/v2\/media\/81107"}],"wp:attachment":[{"href":"https:\/\/www.loopkinglaces.com\/sv\/wp-json\/wp\/v2\/media?parent=81100"}],"wp:term":[{"taxonomy":"product_brand","embeddable":true,"href":"https:\/\/www.loopkinglaces.com\/sv\/wp-json\/wp\/v2\/product_brand?post=81100"},{"taxonomy":"product_cat","embeddable":true,"href":"https:\/\/www.loopkinglaces.com\/sv\/wp-json\/wp\/v2\/product_cat?post=81100"},{"taxonomy":"product_tag","embeddable":true,"href":"https:\/\/www.loopkinglaces.com\/sv\/wp-json\/wp\/v2\/product_tag?post=81100"},{"taxonomy":"woo-feed-brand","embeddable":true,"href":"https:\/\/www.loopkinglaces.com\/sv\/wp-json\/wp\/v2\/woo-feed-brand?post=81100"}],"curies":[{"name":"wp","href":"https:\/\/api.w.org\/{rel}","templated":true}]}}