{"id":81079,"date":"2023-12-08T19:12:06","date_gmt":"2023-12-08T19:12:06","guid":{"rendered":"https:\/\/www.loopkinglaces.com\/products\/lila-skosnoren-med-tunn-lina-och-genomskinliga-spetsar\/"},"modified":"2023-12-08T19:12:06","modified_gmt":"2023-12-08T19:12:06","slug":"lila-skosnoren-med-tunn-lina-och-genomskinliga-spetsar","status":"publish","type":"product","link":"https:\/\/www.loopkinglaces.com\/sv\/products\/lila-skosnoren-med-tunn-lina-och-genomskinliga-spetsar\/","title":{"rendered":"Lila skosn\u00f6ren med tunn lina och genomskinliga spetsar"},"content":{"rendered":"<h3><a href=\"https:\/\/www.loopkinglaces.com\/\">Lyxiga sn\u00f6ren f\u00f6r sneakers<\/a><\/h3>\n<p>F\u00f6rb\u00e4ttra dina skors prestanda med Loop King Laces. Thin Rope-skosn\u00f6rena, som \u00e4r utrustade med genomskinliga plastspetsar, \u00e4r tillverkade av \u00f6verl\u00e4gsna material. De erbjuder en trefaldigt f\u00f6rl\u00e4ngd livsl\u00e4ngd j\u00e4mf\u00f6rt med vanliga skosn\u00f6ren. V\u00e5ra skosn\u00f6ren passar alla olika typer av sneakers och varum\u00e4rken inklusive Adidas, Nike, VANS och s\u00e5 vidare, bes\u00f6k v\u00e5r <a href=\"\/shoelace-size-chart\/\">storleksguide<\/a> d\u00e4r du kan hitta den perfekta storleken p\u00e5 skosn\u00f6ren som passar dina skor.  <\/p>\n<p>&nbsp;<\/p>\n","protected":false},"excerpt":{"rendered":"<p><strong>Lila skosn\u00f6ren med tunn lina och genomskinliga spetsar<\/strong><\/p>\n<p>F\u00f6rh\u00f6j ditt skomode med Loop King Laces. V\u00e5ra Thin Rope Shoelaces, kompletta med starka genomskinliga plastspetsar, \u00e4r tillverkade av material av h\u00f6gsta kvalitet. Dessa skosn\u00f6ren \u00e4r designade f\u00f6r l\u00e5ng h\u00e5llbarhet och h\u00e5ller tre g\u00e5nger l\u00e4ngre \u00e4n vanliga skosn\u00f6ren. Utforska deras omfattande funktioner nedan:   <\/p>\n<ul>\n<li>2,5 till 3 mm bredd (rund)<\/li>\n<li>F\u00f6rstklassiga material<\/li>\n<li>H\u00e5ller <strong>3 g\u00e5nger l\u00e4ngre<\/strong> \u00e4n vanliga sn\u00f6ren<\/li>\n<li>Klar plastspets av h\u00f6g kvalitet<\/li>\n<li>100% bomull med l\u00e5ng stapeltid<\/li>\n<li>Beautiful Loop King F\u00f6rpackningar per spets<\/li>\n<\/ul>\n","protected":false},"featured_media":81080,"comment_status":"open","ping_status":"closed","template":"","meta":{"_acf_changed":false},"product_brand":[],"product_cat":[2032,2045,2131,2130,2042,2111,2133,2044,2054,2062],"product_tag":[2069,2063,2065,2064,2067,2068,2066],"woo-feed-brand":[],"class_list":{"0":"post-81079","1":"product","2":"type-product","3":"status-publish","4":"has-post-thumbnail","6":"product_cat-alla-skosnoren","7":"product_cat-eleganta-och-slitstarka-golfskosnoren-for-att-glansa-pa-banan","8":"product_cat-fargade-skosnoren-som-ger-stil-komfort-och-elegans","9":"product_cat-lila-skosnoren-som-smaller-passar-bra-och-gor-andra-avundsjuka","10":"product_cat-premium-fotbollssnoren-slitstarka-och-snygga","11":"product_cat-premium-spetsbytesalternativ-som-ser-fantastiska-ut-och-haller","12":"product_cat-snorning-for-snowboardkangor-ett-steg-fore-i-ditt-ridspel","13":"product_cat-snygga-snoren-for-klanningskor-for-att-ga-ut-pa-stan-med-stil","14":"product_cat-tunna-skosnoren-en-liten-twist-till-din-klassiska-look","15":"product_cat-upptack-elegansen-hos-tunna-skosnoren-av-rep-med-hallbara-spetsar-i-klar-plast","16":"product_tag-gra","17":"product_tag-loop-king-sv","18":"product_tag-metallspets","19":"product_tag-skosnoren","20":"product_tag-skosnoren-av-rep","21":"product_tag-skosnoren-med-guldspets","22":"product_tag-svart","24":"first","25":"instock","26":"taxable","27":"shipping-taxable","28":"purchasable","29":"product-type-variable"},"acf":[],"yoast_head":"<!-- This site is optimized with the Yoast SEO plugin v27.4 - https:\/\/yoast.com\/product\/yoast-seo-wordpress\/ -->\n<title>Lila skosn\u00f6ren av tunn rep med tydliga spetsar - fr\u00e5n Loop King<\/title>\n<meta name=\"description\" content=\"H\u00f6j niv\u00e5n p\u00e5 dina skor med Loop Kings Purple Thin Rope Shoelaces. Snygga, h\u00e5llbara och med genomskinliga spetsar f\u00f6r en unik touch. Perfekt f\u00f6r alla typer av skor!\" \/>\n<meta name=\"robots\" content=\"index, follow, max-snippet:-1, max-image-preview:large, max-video-preview:-1\" \/>\n<link rel=\"canonical\" href=\"https:\/\/www.loopkinglaces.com\/sv\/products\/lila-skosnoren-med-tunn-lina-och-genomskinliga-spetsar\/\" \/>\n<meta property=\"og:locale\" content=\"sv_SE\" \/>\n<meta property=\"og:type\" content=\"article\" \/>\n<meta property=\"og:title\" content=\"Lila skosn\u00f6ren av tunn rep med tydliga spetsar - fr\u00e5n Loop King\" \/>\n<meta property=\"og:description\" content=\"H\u00f6j niv\u00e5n p\u00e5 dina skor med Loop Kings Purple Thin Rope Shoelaces. Snygga, h\u00e5llbara och med genomskinliga spetsar f\u00f6r en unik touch. Perfekt f\u00f6r alla typer av skor!\" \/>\n<meta property=\"og:url\" content=\"https:\/\/www.loopkinglaces.com\/sv\/products\/lila-skosnoren-med-tunn-lina-och-genomskinliga-spetsar\/\" \/>\n<meta property=\"og:site_name\" content=\"Luxury Gold Tip Shoelaces by Loop King Laces\" \/>\n<meta property=\"article:publisher\" content=\"https:\/\/www.facebook.com\/LoopKingLaces\/\" \/>\n<meta property=\"og:image\" content=\"https:\/\/www.loopkinglaces.com\/wp-content\/uploads\/Purple-Thin-Rope-800x800.jpg\" \/>\n\t<meta property=\"og:image:width\" content=\"800\" \/>\n\t<meta property=\"og:image:height\" content=\"800\" \/>\n\t<meta property=\"og:image:type\" content=\"image\/jpeg\" \/>\n<meta name=\"twitter:card\" content=\"summary_large_image\" \/>\n<meta name=\"twitter:site\" content=\"@loopkinglaces\" \/>\n<script type=\"application\/ld+json\" class=\"yoast-schema-graph\">{\"@context\":\"https:\\\/\\\/schema.org\",\"@graph\":[{\"@type\":[\"WebPage\",\"ItemPage\"],\"@id\":\"https:\\\/\\\/www.loopkinglaces.com\\\/sv\\\/products\\\/lila-skosnoren-med-tunn-lina-och-genomskinliga-spetsar\\\/\",\"url\":\"https:\\\/\\\/www.loopkinglaces.com\\\/sv\\\/products\\\/lila-skosnoren-med-tunn-lina-och-genomskinliga-spetsar\\\/\",\"name\":\"Lila skosn\u00f6ren av tunn rep med tydliga spetsar - fr\u00e5n Loop King\",\"isPartOf\":{\"@id\":\"https:\\\/\\\/www.loopkinglaces.com\\\/sv\\\/#website\"},\"primaryImageOfPage\":{\"@id\":\"https:\\\/\\\/www.loopkinglaces.com\\\/sv\\\/products\\\/lila-skosnoren-med-tunn-lina-och-genomskinliga-spetsar\\\/#primaryimage\"},\"image\":{\"@id\":\"https:\\\/\\\/www.loopkinglaces.com\\\/sv\\\/products\\\/lila-skosnoren-med-tunn-lina-och-genomskinliga-spetsar\\\/#primaryimage\"},\"thumbnailUrl\":\"https:\\\/\\\/www.loopkinglaces.com\\\/wp-content\\\/uploads\\\/Purple-Thin-Rope.jpg\",\"datePublished\":\"2023-12-08T19:12:06+00:00\",\"description\":\"H\u00f6j niv\u00e5n p\u00e5 dina skor med Loop Kings Purple Thin Rope Shoelaces. Snygga, h\u00e5llbara och med genomskinliga spetsar f\u00f6r en unik touch. Perfekt f\u00f6r alla typer av skor!\",\"breadcrumb\":{\"@id\":\"https:\\\/\\\/www.loopkinglaces.com\\\/sv\\\/products\\\/lila-skosnoren-med-tunn-lina-och-genomskinliga-spetsar\\\/#breadcrumb\"},\"inLanguage\":\"sv-SE\",\"potentialAction\":[{\"@type\":\"ReadAction\",\"target\":[\"https:\\\/\\\/www.loopkinglaces.com\\\/sv\\\/products\\\/lila-skosnoren-med-tunn-lina-och-genomskinliga-spetsar\\\/\"]}]},{\"@type\":\"ImageObject\",\"inLanguage\":\"sv-SE\",\"@id\":\"https:\\\/\\\/www.loopkinglaces.com\\\/sv\\\/products\\\/lila-skosnoren-med-tunn-lina-och-genomskinliga-spetsar\\\/#primaryimage\",\"url\":\"https:\\\/\\\/www.loopkinglaces.com\\\/wp-content\\\/uploads\\\/Purple-Thin-Rope.jpg\",\"contentUrl\":\"https:\\\/\\\/www.loopkinglaces.com\\\/wp-content\\\/uploads\\\/Purple-Thin-Rope.jpg\",\"width\":2474,\"height\":2475},{\"@type\":\"BreadcrumbList\",\"@id\":\"https:\\\/\\\/www.loopkinglaces.com\\\/sv\\\/products\\\/lila-skosnoren-med-tunn-lina-och-genomskinliga-spetsar\\\/#breadcrumb\",\"itemListElement\":[{\"@type\":\"ListItem\",\"position\":1,\"name\":\"Home\",\"item\":\"https:\\\/\\\/www.loopkinglaces.com\\\/sv\\\/\"},{\"@type\":\"ListItem\",\"position\":2,\"name\":\"BUY LACES\",\"item\":\"https:\\\/\\\/www.loopkinglaces.com\\\/buy-laces\\\/\"},{\"@type\":\"ListItem\",\"position\":3,\"name\":\"Lila skosn\u00f6ren med tunn lina och genomskinliga spetsar\"}]},{\"@type\":\"WebSite\",\"@id\":\"https:\\\/\\\/www.loopkinglaces.com\\\/sv\\\/#website\",\"url\":\"https:\\\/\\\/www.loopkinglaces.com\\\/sv\\\/\",\"name\":\"Luxury Gold Tip Shoelaces by Loop King Laces\",\"description\":\"Rope Laces, Flat Waxed Laces and Leather Laces. All With Gold Tips.\",\"publisher\":{\"@id\":\"https:\\\/\\\/www.loopkinglaces.com\\\/sv\\\/#organization\"},\"potentialAction\":[{\"@type\":\"SearchAction\",\"target\":{\"@type\":\"EntryPoint\",\"urlTemplate\":\"https:\\\/\\\/www.loopkinglaces.com\\\/sv\\\/?s={search_term_string}\"},\"query-input\":{\"@type\":\"PropertyValueSpecification\",\"valueRequired\":true,\"valueName\":\"search_term_string\"}}],\"inLanguage\":\"sv-SE\"},{\"@type\":\"Organization\",\"@id\":\"https:\\\/\\\/www.loopkinglaces.com\\\/sv\\\/#organization\",\"name\":\"Loop King Laces\",\"url\":\"https:\\\/\\\/www.loopkinglaces.com\\\/sv\\\/\",\"logo\":{\"@type\":\"ImageObject\",\"inLanguage\":\"sv-SE\",\"@id\":\"https:\\\/\\\/www.loopkinglaces.com\\\/sv\\\/#\\\/schema\\\/logo\\\/image\\\/\",\"url\":\"https:\\\/\\\/www.loopkinglaces.com\\\/wp-content\\\/uploads\\\/LOOP-KING-LACES.1.1-01-LOGO-HI-RES-OFFICIAL-1.png\",\"contentUrl\":\"https:\\\/\\\/www.loopkinglaces.com\\\/wp-content\\\/uploads\\\/LOOP-KING-LACES.1.1-01-LOGO-HI-RES-OFFICIAL-1.png\",\"width\":128,\"height\":91,\"caption\":\"Loop King Laces\"},\"image\":{\"@id\":\"https:\\\/\\\/www.loopkinglaces.com\\\/sv\\\/#\\\/schema\\\/logo\\\/image\\\/\"},\"sameAs\":[\"https:\\\/\\\/www.facebook.com\\\/LoopKingLaces\\\/\",\"https:\\\/\\\/x.com\\\/loopkinglaces\",\"https:\\\/\\\/www.instagram.com\\\/loopkinglaces\\\/\"]}]}<\/script>\n<!-- \/ Yoast SEO plugin. -->","yoast_head_json":{"title":"Lila skosn\u00f6ren av tunn rep med tydliga spetsar - fr\u00e5n Loop King","description":"H\u00f6j niv\u00e5n p\u00e5 dina skor med Loop Kings Purple Thin Rope Shoelaces. Snygga, h\u00e5llbara och med genomskinliga spetsar f\u00f6r en unik touch. Perfekt f\u00f6r alla typer av skor!","robots":{"index":"index","follow":"follow","max-snippet":"max-snippet:-1","max-image-preview":"max-image-preview:large","max-video-preview":"max-video-preview:-1"},"canonical":"https:\/\/www.loopkinglaces.com\/sv\/products\/lila-skosnoren-med-tunn-lina-och-genomskinliga-spetsar\/","og_locale":"sv_SE","og_type":"article","og_title":"Lila skosn\u00f6ren av tunn rep med tydliga spetsar - fr\u00e5n Loop King","og_description":"H\u00f6j niv\u00e5n p\u00e5 dina skor med Loop Kings Purple Thin Rope Shoelaces. Snygga, h\u00e5llbara och med genomskinliga spetsar f\u00f6r en unik touch. Perfekt f\u00f6r alla typer av skor!","og_url":"https:\/\/www.loopkinglaces.com\/sv\/products\/lila-skosnoren-med-tunn-lina-och-genomskinliga-spetsar\/","og_site_name":"Luxury Gold Tip Shoelaces by Loop King Laces","article_publisher":"https:\/\/www.facebook.com\/LoopKingLaces\/","og_image":[{"width":800,"height":800,"url":"https:\/\/www.loopkinglaces.com\/wp-content\/uploads\/Purple-Thin-Rope-800x800.jpg","type":"image\/jpeg"}],"twitter_card":"summary_large_image","twitter_site":"@loopkinglaces","schema":{"@context":"https:\/\/schema.org","@graph":[{"@type":["WebPage","ItemPage"],"@id":"https:\/\/www.loopkinglaces.com\/sv\/products\/lila-skosnoren-med-tunn-lina-och-genomskinliga-spetsar\/","url":"https:\/\/www.loopkinglaces.com\/sv\/products\/lila-skosnoren-med-tunn-lina-och-genomskinliga-spetsar\/","name":"Lila skosn\u00f6ren av tunn rep med tydliga spetsar - fr\u00e5n Loop King","isPartOf":{"@id":"https:\/\/www.loopkinglaces.com\/sv\/#website"},"primaryImageOfPage":{"@id":"https:\/\/www.loopkinglaces.com\/sv\/products\/lila-skosnoren-med-tunn-lina-och-genomskinliga-spetsar\/#primaryimage"},"image":{"@id":"https:\/\/www.loopkinglaces.com\/sv\/products\/lila-skosnoren-med-tunn-lina-och-genomskinliga-spetsar\/#primaryimage"},"thumbnailUrl":"https:\/\/www.loopkinglaces.com\/wp-content\/uploads\/Purple-Thin-Rope.jpg","datePublished":"2023-12-08T19:12:06+00:00","description":"H\u00f6j niv\u00e5n p\u00e5 dina skor med Loop Kings Purple Thin Rope Shoelaces. Snygga, h\u00e5llbara och med genomskinliga spetsar f\u00f6r en unik touch. Perfekt f\u00f6r alla typer av skor!","breadcrumb":{"@id":"https:\/\/www.loopkinglaces.com\/sv\/products\/lila-skosnoren-med-tunn-lina-och-genomskinliga-spetsar\/#breadcrumb"},"inLanguage":"sv-SE","potentialAction":[{"@type":"ReadAction","target":["https:\/\/www.loopkinglaces.com\/sv\/products\/lila-skosnoren-med-tunn-lina-och-genomskinliga-spetsar\/"]}]},{"@type":"ImageObject","inLanguage":"sv-SE","@id":"https:\/\/www.loopkinglaces.com\/sv\/products\/lila-skosnoren-med-tunn-lina-och-genomskinliga-spetsar\/#primaryimage","url":"https:\/\/www.loopkinglaces.com\/wp-content\/uploads\/Purple-Thin-Rope.jpg","contentUrl":"https:\/\/www.loopkinglaces.com\/wp-content\/uploads\/Purple-Thin-Rope.jpg","width":2474,"height":2475},{"@type":"BreadcrumbList","@id":"https:\/\/www.loopkinglaces.com\/sv\/products\/lila-skosnoren-med-tunn-lina-och-genomskinliga-spetsar\/#breadcrumb","itemListElement":[{"@type":"ListItem","position":1,"name":"Home","item":"https:\/\/www.loopkinglaces.com\/sv\/"},{"@type":"ListItem","position":2,"name":"BUY LACES","item":"https:\/\/www.loopkinglaces.com\/buy-laces\/"},{"@type":"ListItem","position":3,"name":"Lila skosn\u00f6ren med tunn lina och genomskinliga spetsar"}]},{"@type":"WebSite","@id":"https:\/\/www.loopkinglaces.com\/sv\/#website","url":"https:\/\/www.loopkinglaces.com\/sv\/","name":"Luxury Gold Tip Shoelaces by Loop King Laces","description":"Rope Laces, Flat Waxed Laces and Leather Laces. All With Gold Tips.","publisher":{"@id":"https:\/\/www.loopkinglaces.com\/sv\/#organization"},"potentialAction":[{"@type":"SearchAction","target":{"@type":"EntryPoint","urlTemplate":"https:\/\/www.loopkinglaces.com\/sv\/?s={search_term_string}"},"query-input":{"@type":"PropertyValueSpecification","valueRequired":true,"valueName":"search_term_string"}}],"inLanguage":"sv-SE"},{"@type":"Organization","@id":"https:\/\/www.loopkinglaces.com\/sv\/#organization","name":"Loop King Laces","url":"https:\/\/www.loopkinglaces.com\/sv\/","logo":{"@type":"ImageObject","inLanguage":"sv-SE","@id":"https:\/\/www.loopkinglaces.com\/sv\/#\/schema\/logo\/image\/","url":"https:\/\/www.loopkinglaces.com\/wp-content\/uploads\/LOOP-KING-LACES.1.1-01-LOGO-HI-RES-OFFICIAL-1.png","contentUrl":"https:\/\/www.loopkinglaces.com\/wp-content\/uploads\/LOOP-KING-LACES.1.1-01-LOGO-HI-RES-OFFICIAL-1.png","width":128,"height":91,"caption":"Loop King Laces"},"image":{"@id":"https:\/\/www.loopkinglaces.com\/sv\/#\/schema\/logo\/image\/"},"sameAs":["https:\/\/www.facebook.com\/LoopKingLaces\/","https:\/\/x.com\/loopkinglaces","https:\/\/www.instagram.com\/loopkinglaces\/"]}]}},"_links":{"self":[{"href":"https:\/\/www.loopkinglaces.com\/sv\/wp-json\/wp\/v2\/product\/81079","targetHints":{"allow":["GET"]}}],"collection":[{"href":"https:\/\/www.loopkinglaces.com\/sv\/wp-json\/wp\/v2\/product"}],"about":[{"href":"https:\/\/www.loopkinglaces.com\/sv\/wp-json\/wp\/v2\/types\/product"}],"replies":[{"embeddable":true,"href":"https:\/\/www.loopkinglaces.com\/sv\/wp-json\/wp\/v2\/comments?post=81079"}],"wp:featuredmedia":[{"embeddable":true,"href":"https:\/\/www.loopkinglaces.com\/sv\/wp-json\/wp\/v2\/media\/81080"}],"wp:attachment":[{"href":"https:\/\/www.loopkinglaces.com\/sv\/wp-json\/wp\/v2\/media?parent=81079"}],"wp:term":[{"taxonomy":"product_brand","embeddable":true,"href":"https:\/\/www.loopkinglaces.com\/sv\/wp-json\/wp\/v2\/product_brand?post=81079"},{"taxonomy":"product_cat","embeddable":true,"href":"https:\/\/www.loopkinglaces.com\/sv\/wp-json\/wp\/v2\/product_cat?post=81079"},{"taxonomy":"product_tag","embeddable":true,"href":"https:\/\/www.loopkinglaces.com\/sv\/wp-json\/wp\/v2\/product_tag?post=81079"},{"taxonomy":"woo-feed-brand","embeddable":true,"href":"https:\/\/www.loopkinglaces.com\/sv\/wp-json\/wp\/v2\/woo-feed-brand?post=81079"}],"curies":[{"name":"wp","href":"https:\/\/api.w.org\/{rel}","templated":true}]}}