{"id":81078,"date":"2023-12-11T16:32:01","date_gmt":"2023-12-11T16:32:01","guid":{"rendered":"https:\/\/www.loopkinglaces.com\/products\/red-vintage-faded-flat-cotton-shoelaces-med-tydliga-spetsar\/"},"modified":"2023-12-11T16:32:01","modified_gmt":"2023-12-11T16:32:01","slug":"red-vintage-faded-flat-cotton-shoelaces-med-tydliga-spetsar","status":"publish","type":"product","link":"https:\/\/www.loopkinglaces.com\/sv\/products\/red-vintage-faded-flat-cotton-shoelaces-med-tydliga-spetsar\/","title":{"rendered":"Red Vintage Faded Flat Cotton Shoelaces med tydliga spetsar"},"content":{"rendered":"<p>Uppt\u00e4ck den perfekta blandningen av retrocharm och modern h\u00e5llbarhet med Loop Kings Vintage Faded Flat Cotton Shoelaces. Dessa skosn\u00f6ren, som \u00e4r designade f\u00f6r att lyfta dina skor, har en unik vintage faded look som ger en nostalgisk touch till alla skostilar. De \u00e4r tillverkade av h\u00f6gkvalitativ bomull och utlovar b\u00e5de komfort och l\u00e5ng livsl\u00e4ngd. De genomskinliga spetsarna f\u00f6rst\u00e4rker inte bara skosn\u00f6rets vintagelook utan ger ocks\u00e5 extra h\u00e5llbarhet mot fransning. De h\u00e4r skosn\u00f6rena passar alla typer av skor, fr\u00e5n avslappnade sneakers till formella kl\u00e4dskor, och \u00e4r b\u00e5de m\u00e5ngsidiga och stilfulla. Uppgradera din skostil med dessa uts\u00f6kta skosn\u00f6ren, som \u00e4r perfekta f\u00f6r dig som uppskattar en blandning av klassisk estetik och modern kvalitet. V\u00e5ra skosn\u00f6ren passar alla olika typer av sneakers och m\u00e4rken, inklusive Adidas, Nike, VANS och s\u00e5 vidare, bes\u00f6k v\u00e5r <a href=\"\/shoelace-size-chart\/\">storleksguide<\/a> d\u00e4r du kan hitta den perfekta storleken p\u00e5 skosn\u00f6ren som passar dina skor.     <\/p>\n<p>&nbsp;<\/p>\n","protected":false},"excerpt":{"rendered":"<p><strong>Red Vintage Faded Flat Cotton Shoelaces med tydliga spetsar<\/strong><\/p>\n<p>Kliv in i en v\u00e4rld d\u00e4r klassisk stil och modernt hantverk m\u00f6ts med Loop Kings Vintage Faded Flat Cotton Shoelaces. Dessa skosn\u00f6ren, som \u00e4r utformade f\u00f6r den modemedvetna, har en distinkt blek design som ger dina skor en unik vintagek\u00e4nsla. Det h\u00f6gkvalitativa bomullsmaterialet s\u00e4kerst\u00e4ller att de inte bara \u00e4r snygga utan ocks\u00e5 robusta och bekv\u00e4ma f\u00f6r dagligt bruk. De innovativa, genomskinliga spetsarna g\u00f6r att skosn\u00f6rena inte fransar sig, vilket g\u00f6r att dina skor ser oklanderliga ut l\u00e4ngre. Oavsett om du f\u00f6ryngrar gamla favoriter eller l\u00e4gger till en speciell touch p\u00e5 nya ink\u00f6p, \u00e4r dessa skosn\u00f6ren det perfekta valet f\u00f6r en elegant, polerad look. Omfamna g\u00e5rdagens elegans med en modern twist med dessa uts\u00f6kta skosn\u00f6ren fr\u00e5n Loop King. Se funktioner nedan:  <\/p>\n<ul>\n<li>Handf\u00e4rgade med personlig touch (inget skosn\u00f6re \u00e4r det andra likt)<\/li>\n<li>F\u00f6rstklassiga material<\/li>\n<li>H\u00e5ller <strong>3 g\u00e5nger l\u00e4ngre<\/strong> \u00e4n vanliga sn\u00f6ren<\/li>\n<li>Klar plastspets av h\u00f6g kvalitet<\/li>\n<li>Polyester Bomull<\/li>\n<li>Beautiful Loop King F\u00f6rpackningar per spets<\/li>\n<\/ul>\n","protected":false},"featured_media":81086,"comment_status":"open","ping_status":"closed","template":"","meta":{"_acf_changed":false},"product_brand":[],"product_cat":[2132,2115,2032,2128,2120,2083,2129,2135,2074,2137,2136,2139,2134,2138],"product_tag":[2069,2063,2065,2064,2067,2068,2066],"woo-feed-brand":[],"class_list":{"0":"post-81078","1":"product","2":"type-product","3":"status-publish","4":"has-post-thumbnail","6":"product_cat-52-tums-skosnoren","7":"product_cat-63-tum-skosnoren-det-ultimata-skosnoret-som-forandrar-spelplanen","8":"product_cat-alla-skosnoren","9":"product_cat-dina-nya-jordan-1-snoren-premiummaterial-i-lyxklass","10":"product_cat-lush-red-snoren-for-vandringskangor-som-tal-tuffa-element","11":"product_cat-new-balance-skosnoren-uppgradera-din-look","12":"product_cat-reebok-skosnoren-fornya-dina-skor","13":"product_cat-robusta-skosnoren-som-ser-fantastiska-ut-och-haller-lange","14":"product_cat-skosnoren-for-herrskor-som-ar-battre-an-originalen","15":"product_cat-spiralformade-skosnoren-en-funkig-twist-till-vardagens-skomode","16":"product_cat-tie-dye-skosnoren-en-funkig-tolkning-av-klassiska-skor","17":"product_cat-upptack-charmen-med-loop-kings-vintage-faded-flat-cotton-skosnoren-med-tydliga-tips","18":"product_cat-valj-fran-var-hogklassiga-kollektion-av-fargade-skosnoren","19":"product_cat-varfor-skosnoren-for-lopning-ar-viktigare-an-du-tror","20":"product_tag-gra","21":"product_tag-loop-king-sv","22":"product_tag-metallspets","23":"product_tag-skosnoren","24":"product_tag-skosnoren-av-rep","25":"product_tag-skosnoren-med-guldspets","26":"product_tag-svart","28":"first","29":"instock","30":"taxable","31":"shipping-taxable","32":"purchasable","33":"product-type-variable"},"acf":[],"yoast_head":"<!-- This site is optimized with the Yoast SEO plugin v27.4 - https:\/\/yoast.com\/product\/yoast-seo-wordpress\/ -->\n<title>R\u00f6da Vintage Faded Flat bomullsskosn\u00f6ren med tydliga spetsar - Loop King<\/title>\n<meta name=\"description\" content=\"Ge dina skor en touch av vintage-elegans med Loop Kings Red Vintage Faded skosn\u00f6ren. Perfekt f\u00f6r en klassisk men \u00e4nd\u00e5 modern stil. Handla nu!\" \/>\n<meta name=\"robots\" content=\"index, follow, max-snippet:-1, max-image-preview:large, max-video-preview:-1\" \/>\n<link rel=\"canonical\" href=\"https:\/\/www.loopkinglaces.com\/sv\/products\/red-vintage-faded-flat-cotton-shoelaces-med-tydliga-spetsar\/\" \/>\n<meta property=\"og:locale\" content=\"sv_SE\" \/>\n<meta property=\"og:type\" content=\"article\" \/>\n<meta property=\"og:title\" content=\"R\u00f6da Vintage Faded Flat bomullsskosn\u00f6ren med tydliga spetsar - Loop King\" \/>\n<meta property=\"og:description\" content=\"Ge dina skor en touch av vintage-elegans med Loop Kings Red Vintage Faded skosn\u00f6ren. Perfekt f\u00f6r en klassisk men \u00e4nd\u00e5 modern stil. Handla nu!\" \/>\n<meta property=\"og:url\" content=\"https:\/\/www.loopkinglaces.com\/sv\/products\/red-vintage-faded-flat-cotton-shoelaces-med-tydliga-spetsar\/\" \/>\n<meta property=\"og:site_name\" content=\"Luxury Gold Tip Shoelaces by Loop King Laces\" \/>\n<meta property=\"article:publisher\" content=\"https:\/\/www.facebook.com\/LoopKingLaces\/\" \/>\n<meta property=\"og:image\" content=\"https:\/\/www.loopkinglaces.com\/wp-content\/uploads\/IMG_9926-scaled.jpg\" \/>\n\t<meta property=\"og:image:width\" content=\"2560\" \/>\n\t<meta property=\"og:image:height\" content=\"2560\" \/>\n\t<meta property=\"og:image:type\" content=\"image\/jpeg\" \/>\n<meta name=\"twitter:card\" content=\"summary_large_image\" \/>\n<meta name=\"twitter:site\" content=\"@loopkinglaces\" \/>\n<meta name=\"twitter:label1\" content=\"Ber\u00e4knad l\u00e4stid\" \/>\n\t<meta name=\"twitter:data1\" content=\"1 minut\" \/>\n<script type=\"application\/ld+json\" class=\"yoast-schema-graph\">{\"@context\":\"https:\\\/\\\/schema.org\",\"@graph\":[{\"@type\":[\"WebPage\",\"ItemPage\"],\"@id\":\"https:\\\/\\\/www.loopkinglaces.com\\\/sv\\\/products\\\/red-vintage-faded-flat-cotton-shoelaces-med-tydliga-spetsar\\\/\",\"url\":\"https:\\\/\\\/www.loopkinglaces.com\\\/sv\\\/products\\\/red-vintage-faded-flat-cotton-shoelaces-med-tydliga-spetsar\\\/\",\"name\":\"R\u00f6da Vintage Faded Flat bomullsskosn\u00f6ren med tydliga spetsar - Loop King\",\"isPartOf\":{\"@id\":\"https:\\\/\\\/www.loopkinglaces.com\\\/sv\\\/#website\"},\"primaryImageOfPage\":{\"@id\":\"https:\\\/\\\/www.loopkinglaces.com\\\/sv\\\/products\\\/red-vintage-faded-flat-cotton-shoelaces-med-tydliga-spetsar\\\/#primaryimage\"},\"image\":{\"@id\":\"https:\\\/\\\/www.loopkinglaces.com\\\/sv\\\/products\\\/red-vintage-faded-flat-cotton-shoelaces-med-tydliga-spetsar\\\/#primaryimage\"},\"thumbnailUrl\":\"https:\\\/\\\/www.loopkinglaces.com\\\/wp-content\\\/uploads\\\/IMG_9926-scaled.jpg\",\"datePublished\":\"2023-12-11T16:32:01+00:00\",\"description\":\"Ge dina skor en touch av vintage-elegans med Loop Kings Red Vintage Faded skosn\u00f6ren. Perfekt f\u00f6r en klassisk men \u00e4nd\u00e5 modern stil. Handla nu!\",\"breadcrumb\":{\"@id\":\"https:\\\/\\\/www.loopkinglaces.com\\\/sv\\\/products\\\/red-vintage-faded-flat-cotton-shoelaces-med-tydliga-spetsar\\\/#breadcrumb\"},\"inLanguage\":\"sv-SE\",\"potentialAction\":[{\"@type\":\"ReadAction\",\"target\":[\"https:\\\/\\\/www.loopkinglaces.com\\\/sv\\\/products\\\/red-vintage-faded-flat-cotton-shoelaces-med-tydliga-spetsar\\\/\"]}]},{\"@type\":\"ImageObject\",\"inLanguage\":\"sv-SE\",\"@id\":\"https:\\\/\\\/www.loopkinglaces.com\\\/sv\\\/products\\\/red-vintage-faded-flat-cotton-shoelaces-med-tydliga-spetsar\\\/#primaryimage\",\"url\":\"https:\\\/\\\/www.loopkinglaces.com\\\/wp-content\\\/uploads\\\/IMG_9926-scaled.jpg\",\"contentUrl\":\"https:\\\/\\\/www.loopkinglaces.com\\\/wp-content\\\/uploads\\\/IMG_9926-scaled.jpg\",\"width\":2560,\"height\":2560},{\"@type\":\"BreadcrumbList\",\"@id\":\"https:\\\/\\\/www.loopkinglaces.com\\\/sv\\\/products\\\/red-vintage-faded-flat-cotton-shoelaces-med-tydliga-spetsar\\\/#breadcrumb\",\"itemListElement\":[{\"@type\":\"ListItem\",\"position\":1,\"name\":\"Home\",\"item\":\"https:\\\/\\\/www.loopkinglaces.com\\\/sv\\\/\"},{\"@type\":\"ListItem\",\"position\":2,\"name\":\"BUY LACES\",\"item\":\"https:\\\/\\\/www.loopkinglaces.com\\\/buy-laces\\\/\"},{\"@type\":\"ListItem\",\"position\":3,\"name\":\"Red Vintage Faded Flat Cotton Shoelaces med tydliga spetsar\"}]},{\"@type\":\"WebSite\",\"@id\":\"https:\\\/\\\/www.loopkinglaces.com\\\/sv\\\/#website\",\"url\":\"https:\\\/\\\/www.loopkinglaces.com\\\/sv\\\/\",\"name\":\"Luxury Gold Tip Shoelaces by Loop King Laces\",\"description\":\"Rope Laces, Flat Waxed Laces and Leather Laces. All With Gold Tips.\",\"publisher\":{\"@id\":\"https:\\\/\\\/www.loopkinglaces.com\\\/sv\\\/#organization\"},\"potentialAction\":[{\"@type\":\"SearchAction\",\"target\":{\"@type\":\"EntryPoint\",\"urlTemplate\":\"https:\\\/\\\/www.loopkinglaces.com\\\/sv\\\/?s={search_term_string}\"},\"query-input\":{\"@type\":\"PropertyValueSpecification\",\"valueRequired\":true,\"valueName\":\"search_term_string\"}}],\"inLanguage\":\"sv-SE\"},{\"@type\":\"Organization\",\"@id\":\"https:\\\/\\\/www.loopkinglaces.com\\\/sv\\\/#organization\",\"name\":\"Loop King Laces\",\"url\":\"https:\\\/\\\/www.loopkinglaces.com\\\/sv\\\/\",\"logo\":{\"@type\":\"ImageObject\",\"inLanguage\":\"sv-SE\",\"@id\":\"https:\\\/\\\/www.loopkinglaces.com\\\/sv\\\/#\\\/schema\\\/logo\\\/image\\\/\",\"url\":\"https:\\\/\\\/www.loopkinglaces.com\\\/wp-content\\\/uploads\\\/LOOP-KING-LACES.1.1-01-LOGO-HI-RES-OFFICIAL-1.png\",\"contentUrl\":\"https:\\\/\\\/www.loopkinglaces.com\\\/wp-content\\\/uploads\\\/LOOP-KING-LACES.1.1-01-LOGO-HI-RES-OFFICIAL-1.png\",\"width\":128,\"height\":91,\"caption\":\"Loop King Laces\"},\"image\":{\"@id\":\"https:\\\/\\\/www.loopkinglaces.com\\\/sv\\\/#\\\/schema\\\/logo\\\/image\\\/\"},\"sameAs\":[\"https:\\\/\\\/www.facebook.com\\\/LoopKingLaces\\\/\",\"https:\\\/\\\/x.com\\\/loopkinglaces\",\"https:\\\/\\\/www.instagram.com\\\/loopkinglaces\\\/\"]}]}<\/script>\n<!-- \/ Yoast SEO plugin. -->","yoast_head_json":{"title":"R\u00f6da Vintage Faded Flat bomullsskosn\u00f6ren med tydliga spetsar - Loop King","description":"Ge dina skor en touch av vintage-elegans med Loop Kings Red Vintage Faded skosn\u00f6ren. Perfekt f\u00f6r en klassisk men \u00e4nd\u00e5 modern stil. Handla nu!","robots":{"index":"index","follow":"follow","max-snippet":"max-snippet:-1","max-image-preview":"max-image-preview:large","max-video-preview":"max-video-preview:-1"},"canonical":"https:\/\/www.loopkinglaces.com\/sv\/products\/red-vintage-faded-flat-cotton-shoelaces-med-tydliga-spetsar\/","og_locale":"sv_SE","og_type":"article","og_title":"R\u00f6da Vintage Faded Flat bomullsskosn\u00f6ren med tydliga spetsar - Loop King","og_description":"Ge dina skor en touch av vintage-elegans med Loop Kings Red Vintage Faded skosn\u00f6ren. Perfekt f\u00f6r en klassisk men \u00e4nd\u00e5 modern stil. Handla nu!","og_url":"https:\/\/www.loopkinglaces.com\/sv\/products\/red-vintage-faded-flat-cotton-shoelaces-med-tydliga-spetsar\/","og_site_name":"Luxury Gold Tip Shoelaces by Loop King Laces","article_publisher":"https:\/\/www.facebook.com\/LoopKingLaces\/","og_image":[{"width":2560,"height":2560,"url":"https:\/\/www.loopkinglaces.com\/wp-content\/uploads\/IMG_9926-scaled.jpg","type":"image\/jpeg"}],"twitter_card":"summary_large_image","twitter_site":"@loopkinglaces","twitter_misc":{"Ber\u00e4knad l\u00e4stid":"1 minut"},"schema":{"@context":"https:\/\/schema.org","@graph":[{"@type":["WebPage","ItemPage"],"@id":"https:\/\/www.loopkinglaces.com\/sv\/products\/red-vintage-faded-flat-cotton-shoelaces-med-tydliga-spetsar\/","url":"https:\/\/www.loopkinglaces.com\/sv\/products\/red-vintage-faded-flat-cotton-shoelaces-med-tydliga-spetsar\/","name":"R\u00f6da Vintage Faded Flat bomullsskosn\u00f6ren med tydliga spetsar - Loop King","isPartOf":{"@id":"https:\/\/www.loopkinglaces.com\/sv\/#website"},"primaryImageOfPage":{"@id":"https:\/\/www.loopkinglaces.com\/sv\/products\/red-vintage-faded-flat-cotton-shoelaces-med-tydliga-spetsar\/#primaryimage"},"image":{"@id":"https:\/\/www.loopkinglaces.com\/sv\/products\/red-vintage-faded-flat-cotton-shoelaces-med-tydliga-spetsar\/#primaryimage"},"thumbnailUrl":"https:\/\/www.loopkinglaces.com\/wp-content\/uploads\/IMG_9926-scaled.jpg","datePublished":"2023-12-11T16:32:01+00:00","description":"Ge dina skor en touch av vintage-elegans med Loop Kings Red Vintage Faded skosn\u00f6ren. Perfekt f\u00f6r en klassisk men \u00e4nd\u00e5 modern stil. Handla nu!","breadcrumb":{"@id":"https:\/\/www.loopkinglaces.com\/sv\/products\/red-vintage-faded-flat-cotton-shoelaces-med-tydliga-spetsar\/#breadcrumb"},"inLanguage":"sv-SE","potentialAction":[{"@type":"ReadAction","target":["https:\/\/www.loopkinglaces.com\/sv\/products\/red-vintage-faded-flat-cotton-shoelaces-med-tydliga-spetsar\/"]}]},{"@type":"ImageObject","inLanguage":"sv-SE","@id":"https:\/\/www.loopkinglaces.com\/sv\/products\/red-vintage-faded-flat-cotton-shoelaces-med-tydliga-spetsar\/#primaryimage","url":"https:\/\/www.loopkinglaces.com\/wp-content\/uploads\/IMG_9926-scaled.jpg","contentUrl":"https:\/\/www.loopkinglaces.com\/wp-content\/uploads\/IMG_9926-scaled.jpg","width":2560,"height":2560},{"@type":"BreadcrumbList","@id":"https:\/\/www.loopkinglaces.com\/sv\/products\/red-vintage-faded-flat-cotton-shoelaces-med-tydliga-spetsar\/#breadcrumb","itemListElement":[{"@type":"ListItem","position":1,"name":"Home","item":"https:\/\/www.loopkinglaces.com\/sv\/"},{"@type":"ListItem","position":2,"name":"BUY LACES","item":"https:\/\/www.loopkinglaces.com\/buy-laces\/"},{"@type":"ListItem","position":3,"name":"Red Vintage Faded Flat Cotton Shoelaces med tydliga spetsar"}]},{"@type":"WebSite","@id":"https:\/\/www.loopkinglaces.com\/sv\/#website","url":"https:\/\/www.loopkinglaces.com\/sv\/","name":"Luxury Gold Tip Shoelaces by Loop King Laces","description":"Rope Laces, Flat Waxed Laces and Leather Laces. All With Gold Tips.","publisher":{"@id":"https:\/\/www.loopkinglaces.com\/sv\/#organization"},"potentialAction":[{"@type":"SearchAction","target":{"@type":"EntryPoint","urlTemplate":"https:\/\/www.loopkinglaces.com\/sv\/?s={search_term_string}"},"query-input":{"@type":"PropertyValueSpecification","valueRequired":true,"valueName":"search_term_string"}}],"inLanguage":"sv-SE"},{"@type":"Organization","@id":"https:\/\/www.loopkinglaces.com\/sv\/#organization","name":"Loop King Laces","url":"https:\/\/www.loopkinglaces.com\/sv\/","logo":{"@type":"ImageObject","inLanguage":"sv-SE","@id":"https:\/\/www.loopkinglaces.com\/sv\/#\/schema\/logo\/image\/","url":"https:\/\/www.loopkinglaces.com\/wp-content\/uploads\/LOOP-KING-LACES.1.1-01-LOGO-HI-RES-OFFICIAL-1.png","contentUrl":"https:\/\/www.loopkinglaces.com\/wp-content\/uploads\/LOOP-KING-LACES.1.1-01-LOGO-HI-RES-OFFICIAL-1.png","width":128,"height":91,"caption":"Loop King Laces"},"image":{"@id":"https:\/\/www.loopkinglaces.com\/sv\/#\/schema\/logo\/image\/"},"sameAs":["https:\/\/www.facebook.com\/LoopKingLaces\/","https:\/\/x.com\/loopkinglaces","https:\/\/www.instagram.com\/loopkinglaces\/"]}]}},"_links":{"self":[{"href":"https:\/\/www.loopkinglaces.com\/sv\/wp-json\/wp\/v2\/product\/81078","targetHints":{"allow":["GET"]}}],"collection":[{"href":"https:\/\/www.loopkinglaces.com\/sv\/wp-json\/wp\/v2\/product"}],"about":[{"href":"https:\/\/www.loopkinglaces.com\/sv\/wp-json\/wp\/v2\/types\/product"}],"replies":[{"embeddable":true,"href":"https:\/\/www.loopkinglaces.com\/sv\/wp-json\/wp\/v2\/comments?post=81078"}],"wp:featuredmedia":[{"embeddable":true,"href":"https:\/\/www.loopkinglaces.com\/sv\/wp-json\/wp\/v2\/media\/81086"}],"wp:attachment":[{"href":"https:\/\/www.loopkinglaces.com\/sv\/wp-json\/wp\/v2\/media?parent=81078"}],"wp:term":[{"taxonomy":"product_brand","embeddable":true,"href":"https:\/\/www.loopkinglaces.com\/sv\/wp-json\/wp\/v2\/product_brand?post=81078"},{"taxonomy":"product_cat","embeddable":true,"href":"https:\/\/www.loopkinglaces.com\/sv\/wp-json\/wp\/v2\/product_cat?post=81078"},{"taxonomy":"product_tag","embeddable":true,"href":"https:\/\/www.loopkinglaces.com\/sv\/wp-json\/wp\/v2\/product_tag?post=81078"},{"taxonomy":"woo-feed-brand","embeddable":true,"href":"https:\/\/www.loopkinglaces.com\/sv\/wp-json\/wp\/v2\/woo-feed-brand?post=81078"}],"curies":[{"name":"wp","href":"https:\/\/api.w.org\/{rel}","templated":true}]}}