{"id":81046,"date":"2023-12-08T19:34:49","date_gmt":"2023-12-08T19:34:49","guid":{"rendered":"https:\/\/www.loopkinglaces.com\/products\/roda-skosnoren-med-tunn-lina-och-tydliga-spetsar\/"},"modified":"2023-12-08T19:34:49","modified_gmt":"2023-12-08T19:34:49","slug":"roda-skosnoren-med-tunn-lina-och-tydliga-spetsar","status":"publish","type":"product","link":"https:\/\/www.loopkinglaces.com\/sv\/products\/roda-skosnoren-med-tunn-lina-och-tydliga-spetsar\/","title":{"rendered":"R\u00f6da skosn\u00f6ren med tunn lina och tydliga spetsar"},"content":{"rendered":"<h3><a href=\"https:\/\/www.loopkinglaces.com\/\">Lyxiga sn\u00f6ren f\u00f6r sneakers<\/a><\/h3>\n<p>G\u00e5 in i stilen med Loop King Laces. V\u00e5ra Thin Rope Shoelaces, prydda med genomskinliga plastspetsar, \u00e4r utvecklade av h\u00f6gkvalitativa material. De \u00e4r designade f\u00f6r en l\u00e4ngre livsl\u00e4ngd, tre g\u00e5nger s\u00e5 l\u00e5ng som konventionella skosn\u00f6ren. V\u00e5ra skosn\u00f6ren passar alla olika typer av sneakers och m\u00e4rken inklusive Adidas, Nike, VANS och s\u00e5 vidare, bes\u00f6k v\u00e5r <a href=\"\/shoelace-size-chart\/\">storleksguide<\/a> d\u00e4r du kan hitta den perfekta storleken p\u00e5 skosn\u00f6ren som passar dina skor.  <\/p>\n<p>&nbsp;<\/p>\n","protected":false},"excerpt":{"rendered":"<p><strong>R\u00f6da skosn\u00f6ren med tunn lina och tydliga spetsar<\/strong><\/p>\n<p>Ge dina skor en lyxig uppgradering med Loop King Laces. V\u00e5ra skosn\u00f6ren i tunn rep, kompletta med genomskinliga plastspetsar, \u00e4r tillverkade av elitmaterial. F\u00f6rv\u00e4nta dig en livsl\u00e4ngd som \u00f6vertr\u00e4ffar vanliga skosn\u00f6ren med tre g\u00e5nger. Kolla in deras omfattande funktioner nedan:   <\/p>\n<ul>\n<li>2,5 till 3 mm bredd (rund)<\/li>\n<li>F\u00f6rstklassiga material<\/li>\n<li>H\u00e5ller <strong>3 g\u00e5nger l\u00e4ngre<\/strong> \u00e4n vanliga sn\u00f6ren<\/li>\n<li>Klar plastspets av h\u00f6g kvalitet<\/li>\n<li>100% bomull med l\u00e5ng stapeltid<\/li>\n<li>Beautiful Loop King F\u00f6rpackningar per spets<\/li>\n<\/ul>\n","protected":false},"featured_media":81053,"comment_status":"open","ping_status":"closed","template":"","meta":{"_acf_changed":false},"product_brand":[],"product_cat":[2117,2057,2032,2045,2119,2076,2120,2121,2042,2074,2100,2044,2052,2054,2062],"product_tag":[2069,2063,2065,2064,2067,2068,2066],"woo-feed-brand":[],"class_list":{"0":"post-81046","1":"product","2":"type-product","3":"status-publish","4":"has-post-thumbnail","6":"product_cat-48-tums-skosnoren","7":"product_cat-72-tums-skosnoren-for-att-slappa-loss-din-stil","8":"product_cat-alla-skosnoren","9":"product_cat-eleganta-och-slitstarka-golfskosnoren-for-att-glansa-pa-banan","10":"product_cat-fantastiska-yeezy-380-pepper-red-snoren-som-ser-enastaende-ut","11":"product_cat-fotbollsskosnoren-som-ar-mer-an-bara-en-fastanordning","12":"product_cat-lush-red-snoren-for-vandringskangor-som-tal-tuffa-element","13":"product_cat-pine-green-jordan-1-red-laces-for-att-sticka-ut-fran-mangden","14":"product_cat-premium-fotbollssnoren-slitstarka-och-snygga","15":"product_cat-skosnoren-for-herrskor-som-ar-battre-an-originalen","16":"product_cat-snora-upp-de-roliga-skosnorena-en-djupdykning-i-spannande-skosnoren","17":"product_cat-snygga-snoren-for-klanningskor-for-att-ga-ut-pa-stan-med-stil","18":"product_cat-sorel-skosnoren-mer-an-bara-ett-snore-till-din-sula","19":"product_cat-tunna-skosnoren-en-liten-twist-till-din-klassiska-look","20":"product_cat-upptack-elegansen-hos-tunna-skosnoren-av-rep-med-hallbara-spetsar-i-klar-plast","21":"product_tag-gra","22":"product_tag-loop-king-sv","23":"product_tag-metallspets","24":"product_tag-skosnoren","25":"product_tag-skosnoren-av-rep","26":"product_tag-skosnoren-med-guldspets","27":"product_tag-svart","29":"first","30":"instock","31":"taxable","32":"shipping-taxable","33":"purchasable","34":"product-type-variable"},"acf":[],"yoast_head":"<!-- This site is optimized with the Yoast SEO plugin v27.4 - https:\/\/yoast.com\/product\/yoast-seo-wordpress\/ -->\n<title>R\u00f6da skosn\u00f6ren av tunn rep med tydliga spetsar - fr\u00e5n Loop King<\/title>\n<meta name=\"description\" content=\"Revolutionera dina skor med Loop Kings Red Thin Rope Laces. F\u00f6rstklassiga material, tydliga spetsar, o\u00f6vertr\u00e4ffad stil. Valet f\u00f6r modeinriktade individer!\" \/>\n<meta name=\"robots\" content=\"index, follow, max-snippet:-1, max-image-preview:large, max-video-preview:-1\" \/>\n<link rel=\"canonical\" href=\"https:\/\/www.loopkinglaces.com\/sv\/products\/roda-skosnoren-med-tunn-lina-och-tydliga-spetsar\/\" \/>\n<meta property=\"og:locale\" content=\"sv_SE\" \/>\n<meta property=\"og:type\" content=\"article\" \/>\n<meta property=\"og:title\" content=\"R\u00f6da skosn\u00f6ren av tunn rep med tydliga spetsar - fr\u00e5n Loop King\" \/>\n<meta property=\"og:description\" content=\"Revolutionera dina skor med Loop Kings Red Thin Rope Laces. F\u00f6rstklassiga material, tydliga spetsar, o\u00f6vertr\u00e4ffad stil. Valet f\u00f6r modeinriktade individer!\" \/>\n<meta property=\"og:url\" content=\"https:\/\/www.loopkinglaces.com\/sv\/products\/roda-skosnoren-med-tunn-lina-och-tydliga-spetsar\/\" \/>\n<meta property=\"og:site_name\" content=\"Luxury Gold Tip Shoelaces by Loop King Laces\" \/>\n<meta property=\"article:publisher\" content=\"https:\/\/www.facebook.com\/LoopKingLaces\/\" \/>\n<meta property=\"og:image\" content=\"https:\/\/www.loopkinglaces.com\/wp-content\/uploads\/Red-Thin-Rope-scaled.jpg\" \/>\n\t<meta property=\"og:image:width\" content=\"2560\" \/>\n\t<meta property=\"og:image:height\" content=\"2560\" \/>\n\t<meta property=\"og:image:type\" content=\"image\/jpeg\" \/>\n<meta name=\"twitter:card\" content=\"summary_large_image\" \/>\n<meta name=\"twitter:site\" content=\"@loopkinglaces\" \/>\n<script type=\"application\/ld+json\" class=\"yoast-schema-graph\">{\"@context\":\"https:\\\/\\\/schema.org\",\"@graph\":[{\"@type\":[\"WebPage\",\"ItemPage\"],\"@id\":\"https:\\\/\\\/www.loopkinglaces.com\\\/sv\\\/products\\\/roda-skosnoren-med-tunn-lina-och-tydliga-spetsar\\\/\",\"url\":\"https:\\\/\\\/www.loopkinglaces.com\\\/sv\\\/products\\\/roda-skosnoren-med-tunn-lina-och-tydliga-spetsar\\\/\",\"name\":\"R\u00f6da skosn\u00f6ren av tunn rep med tydliga spetsar - fr\u00e5n Loop King\",\"isPartOf\":{\"@id\":\"https:\\\/\\\/www.loopkinglaces.com\\\/sv\\\/#website\"},\"primaryImageOfPage\":{\"@id\":\"https:\\\/\\\/www.loopkinglaces.com\\\/sv\\\/products\\\/roda-skosnoren-med-tunn-lina-och-tydliga-spetsar\\\/#primaryimage\"},\"image\":{\"@id\":\"https:\\\/\\\/www.loopkinglaces.com\\\/sv\\\/products\\\/roda-skosnoren-med-tunn-lina-och-tydliga-spetsar\\\/#primaryimage\"},\"thumbnailUrl\":\"https:\\\/\\\/www.loopkinglaces.com\\\/wp-content\\\/uploads\\\/Red-Thin-Rope-scaled.jpg\",\"datePublished\":\"2023-12-08T19:34:49+00:00\",\"description\":\"Revolutionera dina skor med Loop Kings Red Thin Rope Laces. F\u00f6rstklassiga material, tydliga spetsar, o\u00f6vertr\u00e4ffad stil. Valet f\u00f6r modeinriktade individer!\",\"breadcrumb\":{\"@id\":\"https:\\\/\\\/www.loopkinglaces.com\\\/sv\\\/products\\\/roda-skosnoren-med-tunn-lina-och-tydliga-spetsar\\\/#breadcrumb\"},\"inLanguage\":\"sv-SE\",\"potentialAction\":[{\"@type\":\"ReadAction\",\"target\":[\"https:\\\/\\\/www.loopkinglaces.com\\\/sv\\\/products\\\/roda-skosnoren-med-tunn-lina-och-tydliga-spetsar\\\/\"]}]},{\"@type\":\"ImageObject\",\"inLanguage\":\"sv-SE\",\"@id\":\"https:\\\/\\\/www.loopkinglaces.com\\\/sv\\\/products\\\/roda-skosnoren-med-tunn-lina-och-tydliga-spetsar\\\/#primaryimage\",\"url\":\"https:\\\/\\\/www.loopkinglaces.com\\\/wp-content\\\/uploads\\\/Red-Thin-Rope-scaled.jpg\",\"contentUrl\":\"https:\\\/\\\/www.loopkinglaces.com\\\/wp-content\\\/uploads\\\/Red-Thin-Rope-scaled.jpg\",\"width\":2560,\"height\":2560},{\"@type\":\"BreadcrumbList\",\"@id\":\"https:\\\/\\\/www.loopkinglaces.com\\\/sv\\\/products\\\/roda-skosnoren-med-tunn-lina-och-tydliga-spetsar\\\/#breadcrumb\",\"itemListElement\":[{\"@type\":\"ListItem\",\"position\":1,\"name\":\"Home\",\"item\":\"https:\\\/\\\/www.loopkinglaces.com\\\/sv\\\/\"},{\"@type\":\"ListItem\",\"position\":2,\"name\":\"BUY LACES\",\"item\":\"https:\\\/\\\/www.loopkinglaces.com\\\/buy-laces\\\/\"},{\"@type\":\"ListItem\",\"position\":3,\"name\":\"R\u00f6da skosn\u00f6ren med tunn lina och tydliga spetsar\"}]},{\"@type\":\"WebSite\",\"@id\":\"https:\\\/\\\/www.loopkinglaces.com\\\/sv\\\/#website\",\"url\":\"https:\\\/\\\/www.loopkinglaces.com\\\/sv\\\/\",\"name\":\"Luxury Gold Tip Shoelaces by Loop King Laces\",\"description\":\"Rope Laces, Flat Waxed Laces and Leather Laces. All With Gold Tips.\",\"publisher\":{\"@id\":\"https:\\\/\\\/www.loopkinglaces.com\\\/sv\\\/#organization\"},\"potentialAction\":[{\"@type\":\"SearchAction\",\"target\":{\"@type\":\"EntryPoint\",\"urlTemplate\":\"https:\\\/\\\/www.loopkinglaces.com\\\/sv\\\/?s={search_term_string}\"},\"query-input\":{\"@type\":\"PropertyValueSpecification\",\"valueRequired\":true,\"valueName\":\"search_term_string\"}}],\"inLanguage\":\"sv-SE\"},{\"@type\":\"Organization\",\"@id\":\"https:\\\/\\\/www.loopkinglaces.com\\\/sv\\\/#organization\",\"name\":\"Loop King Laces\",\"url\":\"https:\\\/\\\/www.loopkinglaces.com\\\/sv\\\/\",\"logo\":{\"@type\":\"ImageObject\",\"inLanguage\":\"sv-SE\",\"@id\":\"https:\\\/\\\/www.loopkinglaces.com\\\/sv\\\/#\\\/schema\\\/logo\\\/image\\\/\",\"url\":\"https:\\\/\\\/www.loopkinglaces.com\\\/wp-content\\\/uploads\\\/LOOP-KING-LACES.1.1-01-LOGO-HI-RES-OFFICIAL-1.png\",\"contentUrl\":\"https:\\\/\\\/www.loopkinglaces.com\\\/wp-content\\\/uploads\\\/LOOP-KING-LACES.1.1-01-LOGO-HI-RES-OFFICIAL-1.png\",\"width\":128,\"height\":91,\"caption\":\"Loop King Laces\"},\"image\":{\"@id\":\"https:\\\/\\\/www.loopkinglaces.com\\\/sv\\\/#\\\/schema\\\/logo\\\/image\\\/\"},\"sameAs\":[\"https:\\\/\\\/www.facebook.com\\\/LoopKingLaces\\\/\",\"https:\\\/\\\/x.com\\\/loopkinglaces\",\"https:\\\/\\\/www.instagram.com\\\/loopkinglaces\\\/\"]}]}<\/script>\n<!-- \/ Yoast SEO plugin. -->","yoast_head_json":{"title":"R\u00f6da skosn\u00f6ren av tunn rep med tydliga spetsar - fr\u00e5n Loop King","description":"Revolutionera dina skor med Loop Kings Red Thin Rope Laces. F\u00f6rstklassiga material, tydliga spetsar, o\u00f6vertr\u00e4ffad stil. Valet f\u00f6r modeinriktade individer!","robots":{"index":"index","follow":"follow","max-snippet":"max-snippet:-1","max-image-preview":"max-image-preview:large","max-video-preview":"max-video-preview:-1"},"canonical":"https:\/\/www.loopkinglaces.com\/sv\/products\/roda-skosnoren-med-tunn-lina-och-tydliga-spetsar\/","og_locale":"sv_SE","og_type":"article","og_title":"R\u00f6da skosn\u00f6ren av tunn rep med tydliga spetsar - fr\u00e5n Loop King","og_description":"Revolutionera dina skor med Loop Kings Red Thin Rope Laces. F\u00f6rstklassiga material, tydliga spetsar, o\u00f6vertr\u00e4ffad stil. Valet f\u00f6r modeinriktade individer!","og_url":"https:\/\/www.loopkinglaces.com\/sv\/products\/roda-skosnoren-med-tunn-lina-och-tydliga-spetsar\/","og_site_name":"Luxury Gold Tip Shoelaces by Loop King Laces","article_publisher":"https:\/\/www.facebook.com\/LoopKingLaces\/","og_image":[{"width":2560,"height":2560,"url":"https:\/\/www.loopkinglaces.com\/wp-content\/uploads\/Red-Thin-Rope-scaled.jpg","type":"image\/jpeg"}],"twitter_card":"summary_large_image","twitter_site":"@loopkinglaces","schema":{"@context":"https:\/\/schema.org","@graph":[{"@type":["WebPage","ItemPage"],"@id":"https:\/\/www.loopkinglaces.com\/sv\/products\/roda-skosnoren-med-tunn-lina-och-tydliga-spetsar\/","url":"https:\/\/www.loopkinglaces.com\/sv\/products\/roda-skosnoren-med-tunn-lina-och-tydliga-spetsar\/","name":"R\u00f6da skosn\u00f6ren av tunn rep med tydliga spetsar - fr\u00e5n Loop King","isPartOf":{"@id":"https:\/\/www.loopkinglaces.com\/sv\/#website"},"primaryImageOfPage":{"@id":"https:\/\/www.loopkinglaces.com\/sv\/products\/roda-skosnoren-med-tunn-lina-och-tydliga-spetsar\/#primaryimage"},"image":{"@id":"https:\/\/www.loopkinglaces.com\/sv\/products\/roda-skosnoren-med-tunn-lina-och-tydliga-spetsar\/#primaryimage"},"thumbnailUrl":"https:\/\/www.loopkinglaces.com\/wp-content\/uploads\/Red-Thin-Rope-scaled.jpg","datePublished":"2023-12-08T19:34:49+00:00","description":"Revolutionera dina skor med Loop Kings Red Thin Rope Laces. F\u00f6rstklassiga material, tydliga spetsar, o\u00f6vertr\u00e4ffad stil. Valet f\u00f6r modeinriktade individer!","breadcrumb":{"@id":"https:\/\/www.loopkinglaces.com\/sv\/products\/roda-skosnoren-med-tunn-lina-och-tydliga-spetsar\/#breadcrumb"},"inLanguage":"sv-SE","potentialAction":[{"@type":"ReadAction","target":["https:\/\/www.loopkinglaces.com\/sv\/products\/roda-skosnoren-med-tunn-lina-och-tydliga-spetsar\/"]}]},{"@type":"ImageObject","inLanguage":"sv-SE","@id":"https:\/\/www.loopkinglaces.com\/sv\/products\/roda-skosnoren-med-tunn-lina-och-tydliga-spetsar\/#primaryimage","url":"https:\/\/www.loopkinglaces.com\/wp-content\/uploads\/Red-Thin-Rope-scaled.jpg","contentUrl":"https:\/\/www.loopkinglaces.com\/wp-content\/uploads\/Red-Thin-Rope-scaled.jpg","width":2560,"height":2560},{"@type":"BreadcrumbList","@id":"https:\/\/www.loopkinglaces.com\/sv\/products\/roda-skosnoren-med-tunn-lina-och-tydliga-spetsar\/#breadcrumb","itemListElement":[{"@type":"ListItem","position":1,"name":"Home","item":"https:\/\/www.loopkinglaces.com\/sv\/"},{"@type":"ListItem","position":2,"name":"BUY LACES","item":"https:\/\/www.loopkinglaces.com\/buy-laces\/"},{"@type":"ListItem","position":3,"name":"R\u00f6da skosn\u00f6ren med tunn lina och tydliga spetsar"}]},{"@type":"WebSite","@id":"https:\/\/www.loopkinglaces.com\/sv\/#website","url":"https:\/\/www.loopkinglaces.com\/sv\/","name":"Luxury Gold Tip Shoelaces by Loop King Laces","description":"Rope Laces, Flat Waxed Laces and Leather Laces. All With Gold Tips.","publisher":{"@id":"https:\/\/www.loopkinglaces.com\/sv\/#organization"},"potentialAction":[{"@type":"SearchAction","target":{"@type":"EntryPoint","urlTemplate":"https:\/\/www.loopkinglaces.com\/sv\/?s={search_term_string}"},"query-input":{"@type":"PropertyValueSpecification","valueRequired":true,"valueName":"search_term_string"}}],"inLanguage":"sv-SE"},{"@type":"Organization","@id":"https:\/\/www.loopkinglaces.com\/sv\/#organization","name":"Loop King Laces","url":"https:\/\/www.loopkinglaces.com\/sv\/","logo":{"@type":"ImageObject","inLanguage":"sv-SE","@id":"https:\/\/www.loopkinglaces.com\/sv\/#\/schema\/logo\/image\/","url":"https:\/\/www.loopkinglaces.com\/wp-content\/uploads\/LOOP-KING-LACES.1.1-01-LOGO-HI-RES-OFFICIAL-1.png","contentUrl":"https:\/\/www.loopkinglaces.com\/wp-content\/uploads\/LOOP-KING-LACES.1.1-01-LOGO-HI-RES-OFFICIAL-1.png","width":128,"height":91,"caption":"Loop King Laces"},"image":{"@id":"https:\/\/www.loopkinglaces.com\/sv\/#\/schema\/logo\/image\/"},"sameAs":["https:\/\/www.facebook.com\/LoopKingLaces\/","https:\/\/x.com\/loopkinglaces","https:\/\/www.instagram.com\/loopkinglaces\/"]}]}},"_links":{"self":[{"href":"https:\/\/www.loopkinglaces.com\/sv\/wp-json\/wp\/v2\/product\/81046","targetHints":{"allow":["GET"]}}],"collection":[{"href":"https:\/\/www.loopkinglaces.com\/sv\/wp-json\/wp\/v2\/product"}],"about":[{"href":"https:\/\/www.loopkinglaces.com\/sv\/wp-json\/wp\/v2\/types\/product"}],"replies":[{"embeddable":true,"href":"https:\/\/www.loopkinglaces.com\/sv\/wp-json\/wp\/v2\/comments?post=81046"}],"wp:featuredmedia":[{"embeddable":true,"href":"https:\/\/www.loopkinglaces.com\/sv\/wp-json\/wp\/v2\/media\/81053"}],"wp:attachment":[{"href":"https:\/\/www.loopkinglaces.com\/sv\/wp-json\/wp\/v2\/media?parent=81046"}],"wp:term":[{"taxonomy":"product_brand","embeddable":true,"href":"https:\/\/www.loopkinglaces.com\/sv\/wp-json\/wp\/v2\/product_brand?post=81046"},{"taxonomy":"product_cat","embeddable":true,"href":"https:\/\/www.loopkinglaces.com\/sv\/wp-json\/wp\/v2\/product_cat?post=81046"},{"taxonomy":"product_tag","embeddable":true,"href":"https:\/\/www.loopkinglaces.com\/sv\/wp-json\/wp\/v2\/product_tag?post=81046"},{"taxonomy":"woo-feed-brand","embeddable":true,"href":"https:\/\/www.loopkinglaces.com\/sv\/wp-json\/wp\/v2\/woo-feed-brand?post=81046"}],"curies":[{"name":"wp","href":"https:\/\/api.w.org\/{rel}","templated":true}]}}