{"id":81016,"date":"2023-12-08T18:37:08","date_gmt":"2023-12-08T18:37:08","guid":{"rendered":"https:\/\/www.loopkinglaces.com\/products\/morkbruna-skosnoren-med-tunn-lina-och-tydliga-spetsar\/"},"modified":"2023-12-08T18:37:08","modified_gmt":"2023-12-08T18:37:08","slug":"morkbruna-skosnoren-med-tunn-lina-och-tydliga-spetsar","status":"publish","type":"product","link":"https:\/\/www.loopkinglaces.com\/sv\/products\/morkbruna-skosnoren-med-tunn-lina-och-tydliga-spetsar\/","title":{"rendered":"M\u00f6rkbruna skosn\u00f6ren med tunn lina och tydliga spetsar"},"content":{"rendered":"<h3><a href=\"https:\/\/www.loopkinglaces.com\/\">Lyxiga sn\u00f6ren f\u00f6r sneakers<\/a><\/h3>\n<p>F\u00f6rfina dina skor med Loop King Laces. V\u00e5ra Thin Rope Shoelaces, med genomskinliga plastspetsar, \u00e4r utvecklade av exceptionella material. Dessa skosn\u00f6ren h\u00e5ller tre g\u00e5nger l\u00e4ngre \u00e4n vanliga skosn\u00f6ren. V\u00e5ra skosn\u00f6ren passar alla olika typer av sneakers och varum\u00e4rken inklusive Adidas, Nike, VANS och s\u00e5 vidare, bes\u00f6k v\u00e5r <a href=\"\/shoelace-size-chart\/\">storleksguide<\/a> d\u00e4r du kan hitta den perfekta storleken p\u00e5 skosn\u00f6ren som passar dina skor.  <\/p>\n<p>&nbsp;<\/p>\n","protected":false},"excerpt":{"rendered":"<p><strong>M\u00f6rkbruna skosn\u00f6ren med tunn lina och tydliga spetsar<\/strong><\/p>\n<p>Omdefiniera dina skors utseende med Loop King Laces. Thin Rope-skosn\u00f6rena, med robusta spetsar i klar plast, \u00e4r smidda av de finaste materialen. De har en livsl\u00e4ngd som \u00f6vertr\u00e4ffar vanliga skosn\u00f6ren med tre g\u00e5nger och du kan l\u00e4sa mer om deras detaljerade egenskaper nedan:  <\/p>\n<ul>\n<li>2,5 till 3 mm bredd (rund)<\/li>\n<li>F\u00f6rstklassiga material<\/li>\n<li>H\u00e5ller <strong>3 g\u00e5nger l\u00e4ngre<\/strong> \u00e4n vanliga sn\u00f6ren<\/li>\n<li>Klar plastspets av h\u00f6g kvalitet<\/li>\n<li>100% bomull med l\u00e5ng stapeltid<\/li>\n<li>Beautiful Loop King F\u00f6rpackningar per spets<\/li>\n<\/ul>\n","protected":false},"featured_media":81022,"comment_status":"open","ping_status":"closed","template":"","meta":{"_acf_changed":false},"product_brand":[],"product_cat":[2060,2032,2094,2070,2045,2050,2044,2092,2054,2062],"product_tag":[2069,2063,2065,2064,2067,2068,2066],"woo-feed-brand":[],"class_list":{"0":"post-81016","1":"product","2":"type-product","3":"status-publish","4":"has-post-thumbnail","6":"product_cat-45-tum-boot-snoren-de-obesjungna-hjaltarna-i-ditt-skomode","7":"product_cat-alla-skosnoren","8":"product_cat-allen-edmonds-skosnoren-ett-steg-ovanfor-det-vanliga","9":"product_cat-bruna-skosnoren-for-att-forbattra-din-stil","10":"product_cat-eleganta-och-slitstarka-golfskosnoren-for-att-glansa-pa-banan","11":"product_cat-magin-med-salomons-skosnoren-och-loop-kings-obundna-ersattningsskosnoren","12":"product_cat-snygga-snoren-for-klanningskor-for-att-ga-ut-pa-stan-med-stil","13":"product_cat-sperry-skosnoren-sma-detaljer-for-olika-resultat","14":"product_cat-tunna-skosnoren-en-liten-twist-till-din-klassiska-look","15":"product_cat-upptack-elegansen-hos-tunna-skosnoren-av-rep-med-hallbara-spetsar-i-klar-plast","16":"product_tag-gra","17":"product_tag-loop-king-sv","18":"product_tag-metallspets","19":"product_tag-skosnoren","20":"product_tag-skosnoren-av-rep","21":"product_tag-skosnoren-med-guldspets","22":"product_tag-svart","24":"first","25":"instock","26":"taxable","27":"shipping-taxable","28":"product-type-variable"},"acf":[],"yoast_head":"<!-- This site is optimized with the Yoast SEO plugin v27.4 - https:\/\/yoast.com\/product\/yoast-seo-wordpress\/ -->\n<title>M\u00f6rkbruna tunna repskosn\u00f6ren med tydliga spetsar - fr\u00e5n Loop King<\/title>\n<meta name=\"description\" content=\"Ge dina skor en extra touch med Loop Kings m\u00f6rkbruna, tunna repskosn\u00f6ren med tydliga spetsar. Starka, snygga och m\u00e5ngsidiga - perfekta f\u00f6r alla typer av skor. Shoppa hela kollektionen!\" \/>\n<meta name=\"robots\" content=\"index, follow, max-snippet:-1, max-image-preview:large, max-video-preview:-1\" \/>\n<link rel=\"canonical\" href=\"https:\/\/www.loopkinglaces.com\/sv\/products\/morkbruna-skosnoren-med-tunn-lina-och-tydliga-spetsar\/\" \/>\n<meta property=\"og:locale\" content=\"sv_SE\" \/>\n<meta property=\"og:type\" content=\"article\" \/>\n<meta property=\"og:title\" content=\"M\u00f6rkbruna tunna repskosn\u00f6ren med tydliga spetsar - fr\u00e5n Loop King\" \/>\n<meta property=\"og:description\" content=\"Ge dina skor en extra touch med Loop Kings m\u00f6rkbruna, tunna repskosn\u00f6ren med tydliga spetsar. Starka, snygga och m\u00e5ngsidiga - perfekta f\u00f6r alla typer av skor. Shoppa hela kollektionen!\" \/>\n<meta property=\"og:url\" content=\"https:\/\/www.loopkinglaces.com\/sv\/products\/morkbruna-skosnoren-med-tunn-lina-och-tydliga-spetsar\/\" \/>\n<meta property=\"og:site_name\" content=\"Luxury Gold Tip Shoelaces by Loop King Laces\" \/>\n<meta property=\"article:publisher\" content=\"https:\/\/www.facebook.com\/LoopKingLaces\/\" \/>\n<meta property=\"og:image\" content=\"https:\/\/www.loopkinglaces.com\/wp-content\/uploads\/Dark-Brown-Thin-Rope-scaled.jpg\" \/>\n\t<meta property=\"og:image:width\" content=\"2560\" \/>\n\t<meta property=\"og:image:height\" content=\"2560\" \/>\n\t<meta property=\"og:image:type\" content=\"image\/jpeg\" \/>\n<meta name=\"twitter:card\" content=\"summary_large_image\" \/>\n<meta name=\"twitter:site\" content=\"@loopkinglaces\" \/>\n<script type=\"application\/ld+json\" class=\"yoast-schema-graph\">{\"@context\":\"https:\\\/\\\/schema.org\",\"@graph\":[{\"@type\":[\"WebPage\",\"ItemPage\"],\"@id\":\"https:\\\/\\\/www.loopkinglaces.com\\\/sv\\\/products\\\/morkbruna-skosnoren-med-tunn-lina-och-tydliga-spetsar\\\/\",\"url\":\"https:\\\/\\\/www.loopkinglaces.com\\\/sv\\\/products\\\/morkbruna-skosnoren-med-tunn-lina-och-tydliga-spetsar\\\/\",\"name\":\"M\u00f6rkbruna tunna repskosn\u00f6ren med tydliga spetsar - fr\u00e5n Loop King\",\"isPartOf\":{\"@id\":\"https:\\\/\\\/www.loopkinglaces.com\\\/sv\\\/#website\"},\"primaryImageOfPage\":{\"@id\":\"https:\\\/\\\/www.loopkinglaces.com\\\/sv\\\/products\\\/morkbruna-skosnoren-med-tunn-lina-och-tydliga-spetsar\\\/#primaryimage\"},\"image\":{\"@id\":\"https:\\\/\\\/www.loopkinglaces.com\\\/sv\\\/products\\\/morkbruna-skosnoren-med-tunn-lina-och-tydliga-spetsar\\\/#primaryimage\"},\"thumbnailUrl\":\"https:\\\/\\\/www.loopkinglaces.com\\\/wp-content\\\/uploads\\\/Dark-Brown-Thin-Rope-scaled.jpg\",\"datePublished\":\"2023-12-08T18:37:08+00:00\",\"description\":\"Ge dina skor en extra touch med Loop Kings m\u00f6rkbruna, tunna repskosn\u00f6ren med tydliga spetsar. Starka, snygga och m\u00e5ngsidiga - perfekta f\u00f6r alla typer av skor. Shoppa hela kollektionen!\",\"breadcrumb\":{\"@id\":\"https:\\\/\\\/www.loopkinglaces.com\\\/sv\\\/products\\\/morkbruna-skosnoren-med-tunn-lina-och-tydliga-spetsar\\\/#breadcrumb\"},\"inLanguage\":\"sv-SE\",\"potentialAction\":[{\"@type\":\"ReadAction\",\"target\":[\"https:\\\/\\\/www.loopkinglaces.com\\\/sv\\\/products\\\/morkbruna-skosnoren-med-tunn-lina-och-tydliga-spetsar\\\/\"]}]},{\"@type\":\"ImageObject\",\"inLanguage\":\"sv-SE\",\"@id\":\"https:\\\/\\\/www.loopkinglaces.com\\\/sv\\\/products\\\/morkbruna-skosnoren-med-tunn-lina-och-tydliga-spetsar\\\/#primaryimage\",\"url\":\"https:\\\/\\\/www.loopkinglaces.com\\\/wp-content\\\/uploads\\\/Dark-Brown-Thin-Rope-scaled.jpg\",\"contentUrl\":\"https:\\\/\\\/www.loopkinglaces.com\\\/wp-content\\\/uploads\\\/Dark-Brown-Thin-Rope-scaled.jpg\",\"width\":2560,\"height\":2560},{\"@type\":\"BreadcrumbList\",\"@id\":\"https:\\\/\\\/www.loopkinglaces.com\\\/sv\\\/products\\\/morkbruna-skosnoren-med-tunn-lina-och-tydliga-spetsar\\\/#breadcrumb\",\"itemListElement\":[{\"@type\":\"ListItem\",\"position\":1,\"name\":\"Home\",\"item\":\"https:\\\/\\\/www.loopkinglaces.com\\\/sv\\\/\"},{\"@type\":\"ListItem\",\"position\":2,\"name\":\"BUY LACES\",\"item\":\"https:\\\/\\\/www.loopkinglaces.com\\\/buy-laces\\\/\"},{\"@type\":\"ListItem\",\"position\":3,\"name\":\"M\u00f6rkbruna skosn\u00f6ren med tunn lina och tydliga spetsar\"}]},{\"@type\":\"WebSite\",\"@id\":\"https:\\\/\\\/www.loopkinglaces.com\\\/sv\\\/#website\",\"url\":\"https:\\\/\\\/www.loopkinglaces.com\\\/sv\\\/\",\"name\":\"Luxury Gold Tip Shoelaces by Loop King Laces\",\"description\":\"Rope Laces, Flat Waxed Laces and Leather Laces. All With Gold Tips.\",\"publisher\":{\"@id\":\"https:\\\/\\\/www.loopkinglaces.com\\\/sv\\\/#organization\"},\"potentialAction\":[{\"@type\":\"SearchAction\",\"target\":{\"@type\":\"EntryPoint\",\"urlTemplate\":\"https:\\\/\\\/www.loopkinglaces.com\\\/sv\\\/?s={search_term_string}\"},\"query-input\":{\"@type\":\"PropertyValueSpecification\",\"valueRequired\":true,\"valueName\":\"search_term_string\"}}],\"inLanguage\":\"sv-SE\"},{\"@type\":\"Organization\",\"@id\":\"https:\\\/\\\/www.loopkinglaces.com\\\/sv\\\/#organization\",\"name\":\"Loop King Laces\",\"url\":\"https:\\\/\\\/www.loopkinglaces.com\\\/sv\\\/\",\"logo\":{\"@type\":\"ImageObject\",\"inLanguage\":\"sv-SE\",\"@id\":\"https:\\\/\\\/www.loopkinglaces.com\\\/sv\\\/#\\\/schema\\\/logo\\\/image\\\/\",\"url\":\"https:\\\/\\\/www.loopkinglaces.com\\\/wp-content\\\/uploads\\\/LOOP-KING-LACES.1.1-01-LOGO-HI-RES-OFFICIAL-1.png\",\"contentUrl\":\"https:\\\/\\\/www.loopkinglaces.com\\\/wp-content\\\/uploads\\\/LOOP-KING-LACES.1.1-01-LOGO-HI-RES-OFFICIAL-1.png\",\"width\":128,\"height\":91,\"caption\":\"Loop King Laces\"},\"image\":{\"@id\":\"https:\\\/\\\/www.loopkinglaces.com\\\/sv\\\/#\\\/schema\\\/logo\\\/image\\\/\"},\"sameAs\":[\"https:\\\/\\\/www.facebook.com\\\/LoopKingLaces\\\/\",\"https:\\\/\\\/x.com\\\/loopkinglaces\",\"https:\\\/\\\/www.instagram.com\\\/loopkinglaces\\\/\"]}]}<\/script>\n<!-- \/ Yoast SEO plugin. -->","yoast_head_json":{"title":"M\u00f6rkbruna tunna repskosn\u00f6ren med tydliga spetsar - fr\u00e5n Loop King","description":"Ge dina skor en extra touch med Loop Kings m\u00f6rkbruna, tunna repskosn\u00f6ren med tydliga spetsar. Starka, snygga och m\u00e5ngsidiga - perfekta f\u00f6r alla typer av skor. Shoppa hela kollektionen!","robots":{"index":"index","follow":"follow","max-snippet":"max-snippet:-1","max-image-preview":"max-image-preview:large","max-video-preview":"max-video-preview:-1"},"canonical":"https:\/\/www.loopkinglaces.com\/sv\/products\/morkbruna-skosnoren-med-tunn-lina-och-tydliga-spetsar\/","og_locale":"sv_SE","og_type":"article","og_title":"M\u00f6rkbruna tunna repskosn\u00f6ren med tydliga spetsar - fr\u00e5n Loop King","og_description":"Ge dina skor en extra touch med Loop Kings m\u00f6rkbruna, tunna repskosn\u00f6ren med tydliga spetsar. Starka, snygga och m\u00e5ngsidiga - perfekta f\u00f6r alla typer av skor. Shoppa hela kollektionen!","og_url":"https:\/\/www.loopkinglaces.com\/sv\/products\/morkbruna-skosnoren-med-tunn-lina-och-tydliga-spetsar\/","og_site_name":"Luxury Gold Tip Shoelaces by Loop King Laces","article_publisher":"https:\/\/www.facebook.com\/LoopKingLaces\/","og_image":[{"width":2560,"height":2560,"url":"https:\/\/www.loopkinglaces.com\/wp-content\/uploads\/Dark-Brown-Thin-Rope-scaled.jpg","type":"image\/jpeg"}],"twitter_card":"summary_large_image","twitter_site":"@loopkinglaces","schema":{"@context":"https:\/\/schema.org","@graph":[{"@type":["WebPage","ItemPage"],"@id":"https:\/\/www.loopkinglaces.com\/sv\/products\/morkbruna-skosnoren-med-tunn-lina-och-tydliga-spetsar\/","url":"https:\/\/www.loopkinglaces.com\/sv\/products\/morkbruna-skosnoren-med-tunn-lina-och-tydliga-spetsar\/","name":"M\u00f6rkbruna tunna repskosn\u00f6ren med tydliga spetsar - fr\u00e5n Loop King","isPartOf":{"@id":"https:\/\/www.loopkinglaces.com\/sv\/#website"},"primaryImageOfPage":{"@id":"https:\/\/www.loopkinglaces.com\/sv\/products\/morkbruna-skosnoren-med-tunn-lina-och-tydliga-spetsar\/#primaryimage"},"image":{"@id":"https:\/\/www.loopkinglaces.com\/sv\/products\/morkbruna-skosnoren-med-tunn-lina-och-tydliga-spetsar\/#primaryimage"},"thumbnailUrl":"https:\/\/www.loopkinglaces.com\/wp-content\/uploads\/Dark-Brown-Thin-Rope-scaled.jpg","datePublished":"2023-12-08T18:37:08+00:00","description":"Ge dina skor en extra touch med Loop Kings m\u00f6rkbruna, tunna repskosn\u00f6ren med tydliga spetsar. Starka, snygga och m\u00e5ngsidiga - perfekta f\u00f6r alla typer av skor. Shoppa hela kollektionen!","breadcrumb":{"@id":"https:\/\/www.loopkinglaces.com\/sv\/products\/morkbruna-skosnoren-med-tunn-lina-och-tydliga-spetsar\/#breadcrumb"},"inLanguage":"sv-SE","potentialAction":[{"@type":"ReadAction","target":["https:\/\/www.loopkinglaces.com\/sv\/products\/morkbruna-skosnoren-med-tunn-lina-och-tydliga-spetsar\/"]}]},{"@type":"ImageObject","inLanguage":"sv-SE","@id":"https:\/\/www.loopkinglaces.com\/sv\/products\/morkbruna-skosnoren-med-tunn-lina-och-tydliga-spetsar\/#primaryimage","url":"https:\/\/www.loopkinglaces.com\/wp-content\/uploads\/Dark-Brown-Thin-Rope-scaled.jpg","contentUrl":"https:\/\/www.loopkinglaces.com\/wp-content\/uploads\/Dark-Brown-Thin-Rope-scaled.jpg","width":2560,"height":2560},{"@type":"BreadcrumbList","@id":"https:\/\/www.loopkinglaces.com\/sv\/products\/morkbruna-skosnoren-med-tunn-lina-och-tydliga-spetsar\/#breadcrumb","itemListElement":[{"@type":"ListItem","position":1,"name":"Home","item":"https:\/\/www.loopkinglaces.com\/sv\/"},{"@type":"ListItem","position":2,"name":"BUY LACES","item":"https:\/\/www.loopkinglaces.com\/buy-laces\/"},{"@type":"ListItem","position":3,"name":"M\u00f6rkbruna skosn\u00f6ren med tunn lina och tydliga spetsar"}]},{"@type":"WebSite","@id":"https:\/\/www.loopkinglaces.com\/sv\/#website","url":"https:\/\/www.loopkinglaces.com\/sv\/","name":"Luxury Gold Tip Shoelaces by Loop King Laces","description":"Rope Laces, Flat Waxed Laces and Leather Laces. All With Gold Tips.","publisher":{"@id":"https:\/\/www.loopkinglaces.com\/sv\/#organization"},"potentialAction":[{"@type":"SearchAction","target":{"@type":"EntryPoint","urlTemplate":"https:\/\/www.loopkinglaces.com\/sv\/?s={search_term_string}"},"query-input":{"@type":"PropertyValueSpecification","valueRequired":true,"valueName":"search_term_string"}}],"inLanguage":"sv-SE"},{"@type":"Organization","@id":"https:\/\/www.loopkinglaces.com\/sv\/#organization","name":"Loop King Laces","url":"https:\/\/www.loopkinglaces.com\/sv\/","logo":{"@type":"ImageObject","inLanguage":"sv-SE","@id":"https:\/\/www.loopkinglaces.com\/sv\/#\/schema\/logo\/image\/","url":"https:\/\/www.loopkinglaces.com\/wp-content\/uploads\/LOOP-KING-LACES.1.1-01-LOGO-HI-RES-OFFICIAL-1.png","contentUrl":"https:\/\/www.loopkinglaces.com\/wp-content\/uploads\/LOOP-KING-LACES.1.1-01-LOGO-HI-RES-OFFICIAL-1.png","width":128,"height":91,"caption":"Loop King Laces"},"image":{"@id":"https:\/\/www.loopkinglaces.com\/sv\/#\/schema\/logo\/image\/"},"sameAs":["https:\/\/www.facebook.com\/LoopKingLaces\/","https:\/\/x.com\/loopkinglaces","https:\/\/www.instagram.com\/loopkinglaces\/"]}]}},"_links":{"self":[{"href":"https:\/\/www.loopkinglaces.com\/sv\/wp-json\/wp\/v2\/product\/81016","targetHints":{"allow":["GET"]}}],"collection":[{"href":"https:\/\/www.loopkinglaces.com\/sv\/wp-json\/wp\/v2\/product"}],"about":[{"href":"https:\/\/www.loopkinglaces.com\/sv\/wp-json\/wp\/v2\/types\/product"}],"replies":[{"embeddable":true,"href":"https:\/\/www.loopkinglaces.com\/sv\/wp-json\/wp\/v2\/comments?post=81016"}],"wp:featuredmedia":[{"embeddable":true,"href":"https:\/\/www.loopkinglaces.com\/sv\/wp-json\/wp\/v2\/media\/81022"}],"wp:attachment":[{"href":"https:\/\/www.loopkinglaces.com\/sv\/wp-json\/wp\/v2\/media?parent=81016"}],"wp:term":[{"taxonomy":"product_brand","embeddable":true,"href":"https:\/\/www.loopkinglaces.com\/sv\/wp-json\/wp\/v2\/product_brand?post=81016"},{"taxonomy":"product_cat","embeddable":true,"href":"https:\/\/www.loopkinglaces.com\/sv\/wp-json\/wp\/v2\/product_cat?post=81016"},{"taxonomy":"product_tag","embeddable":true,"href":"https:\/\/www.loopkinglaces.com\/sv\/wp-json\/wp\/v2\/product_tag?post=81016"},{"taxonomy":"woo-feed-brand","embeddable":true,"href":"https:\/\/www.loopkinglaces.com\/sv\/wp-json\/wp\/v2\/woo-feed-brand?post=81016"}],"curies":[{"name":"wp","href":"https:\/\/api.w.org\/{rel}","templated":true}]}}