{"id":80981,"date":"2023-12-08T18:31:39","date_gmt":"2023-12-08T18:31:39","guid":{"rendered":"https:\/\/www.loopkinglaces.com\/products\/skosnoren-med-vit-tunn-lina-och-genomskinliga-spetsar\/"},"modified":"2023-12-08T18:31:39","modified_gmt":"2023-12-08T18:31:39","slug":"skosnoren-med-vit-tunn-lina-och-genomskinliga-spetsar","status":"publish","type":"product","link":"https:\/\/www.loopkinglaces.com\/sv\/products\/skosnoren-med-vit-tunn-lina-och-genomskinliga-spetsar\/","title":{"rendered":"Skosn\u00f6ren med vit tunn lina och genomskinliga spetsar"},"content":{"rendered":"<h3><a href=\"https:\/\/www.loopkinglaces.com\/\">Lyxiga sn\u00f6ren f\u00f6r sneakers<\/a><\/h3>\n<p>F\u00f6rnya dina skosulors elegans med Loop King Laces. Thin Rope Shoelaces, prydda med genomskinliga plastspetsar, \u00e4r tillverkade av \u00f6verl\u00e4gsna material f\u00f6r \u00f6kad h\u00e5llbarhet. Med en livsl\u00e4ngd som \u00e4r tre g\u00e5nger l\u00e4ngre \u00e4n vanliga skosn\u00f6ren kan du uppt\u00e4cka deras omfattande funktioner. V\u00e5ra skosn\u00f6ren passar alla olika typer av sneakers och m\u00e4rken inklusive Adidas, Nike, VANS och s\u00e5 vidare, bes\u00f6k v\u00e5r <a href=\"\/shoelace-size-chart\/\">storleksguide<\/a> d\u00e4r du kan hitta den perfekta storleken p\u00e5 skosn\u00f6ren som passar dina skor.  <\/p>\n<p>&nbsp;<\/p>\n","protected":false},"excerpt":{"rendered":"<p><strong>Skosn\u00f6ren med vit tunn lina och genomskinliga spetsar<\/strong><\/p>\n<p>F\u00f6rb\u00e4ttra din stil med Loop King Laces. V\u00e5ra skosn\u00f6ren med tunn lina och spetsar i transparent plast \u00e4r tillverkade av material av h\u00f6gsta kvalitet. De utlovar en tre g\u00e5nger l\u00e4ngre livsl\u00e4ngd j\u00e4mf\u00f6rt med vanliga skosn\u00f6ren och alla deras funktioner beskrivs nedan:  <\/p>\n<ul>\n<li>2,5 till 3 mm bredd (rund)<\/li>\n<li>F\u00f6rstklassiga material<\/li>\n<li>H\u00e5ller <strong>3 g\u00e5nger l\u00e4ngre<\/strong> \u00e4n vanliga sn\u00f6ren<\/li>\n<li>Klar plastspets av h\u00f6g kvalitet<\/li>\n<li>100% bomull med l\u00e5ng stapeltid<\/li>\n<li>Beautiful Loop King F\u00f6rpackningar per spets<\/li>\n<\/ul>\n","protected":false},"featured_media":80985,"comment_status":"open","ping_status":"closed","template":"","meta":{"_acf_changed":false},"product_brand":[],"product_cat":[2085,2086,2096,2032,2094,2045,2088,2083,2042,2073,2044,2092,2054,2062,2090],"product_tag":[2069,2063,2065,2064,2067,2068,2066],"woo-feed-brand":[],"class_list":{"0":"post-80981","1":"product","2":"type-product","3":"status-publish","4":"has-post-thumbnail","6":"product_cat-30-tums-skosnoren-alla-moderna-och-hogkvalitativa-skosnoren","7":"product_cat-54-skosnoren-alla-snygga-och-hogkvalitativa-snoren","8":"product_cat-80-tums-skosnoren-hemligheten-bakom-snygga-steg","9":"product_cat-alla-skosnoren","10":"product_cat-allen-edmonds-skosnoren-ett-steg-ovanfor-det-vanliga","11":"product_cat-eleganta-och-slitstarka-golfskosnoren-for-att-glansa-pa-banan","12":"product_cat-elite-level-jordan-1-bordeaux-vita-skosnoren-som-ser-lyxiga-ut","13":"product_cat-new-balance-skosnoren-uppgradera-din-look","14":"product_cat-premium-fotbollssnoren-slitstarka-och-snygga","15":"product_cat-premium-yeezy-380-skosnoren-for-stil-komfort-och-hallbarhet","16":"product_cat-snygga-snoren-for-klanningskor-for-att-ga-ut-pa-stan-med-stil","17":"product_cat-sperry-skosnoren-sma-detaljer-for-olika-resultat","18":"product_cat-tunna-skosnoren-en-liten-twist-till-din-klassiska-look","19":"product_cat-upptack-elegansen-hos-tunna-skosnoren-av-rep-med-hallbara-spetsar-i-klar-plast","20":"product_cat-vita-nike-skosnoren-som-lyser-lika-klart-som-en-stjarna","21":"product_tag-gra","22":"product_tag-loop-king-sv","23":"product_tag-metallspets","24":"product_tag-skosnoren","25":"product_tag-skosnoren-av-rep","26":"product_tag-skosnoren-med-guldspets","27":"product_tag-svart","29":"first","30":"instock","31":"taxable","32":"shipping-taxable","33":"purchasable","34":"product-type-variable"},"acf":[],"yoast_head":"<!-- This site is optimized with the Yoast SEO plugin v27.4 - https:\/\/yoast.com\/product\/yoast-seo-wordpress\/ -->\n<title>Vita skosn\u00f6ren av tunn rep med genomskinliga spetsar - fr\u00e5n Loop King<\/title>\n<meta name=\"description\" content=\"Uppgradera dina skor med Loop Kings White Thin Rope Shoelaces med tydliga spetsar. L\u00e5nglivade, eleganta och med tydliga spetsar f\u00f6r en modern twist. Skaffa dina nu!\" \/>\n<meta name=\"robots\" content=\"index, follow, max-snippet:-1, max-image-preview:large, max-video-preview:-1\" \/>\n<link rel=\"canonical\" href=\"https:\/\/www.loopkinglaces.com\/sv\/products\/skosnoren-med-vit-tunn-lina-och-genomskinliga-spetsar\/\" \/>\n<meta property=\"og:locale\" content=\"sv_SE\" \/>\n<meta property=\"og:type\" content=\"article\" \/>\n<meta property=\"og:title\" content=\"Vita skosn\u00f6ren av tunn rep med genomskinliga spetsar - fr\u00e5n Loop King\" \/>\n<meta property=\"og:description\" content=\"Uppgradera dina skor med Loop Kings White Thin Rope Shoelaces med tydliga spetsar. L\u00e5nglivade, eleganta och med tydliga spetsar f\u00f6r en modern twist. Skaffa dina nu!\" \/>\n<meta property=\"og:url\" content=\"https:\/\/www.loopkinglaces.com\/sv\/products\/skosnoren-med-vit-tunn-lina-och-genomskinliga-spetsar\/\" \/>\n<meta property=\"og:site_name\" content=\"Luxury Gold Tip Shoelaces by Loop King Laces\" \/>\n<meta property=\"article:publisher\" content=\"https:\/\/www.facebook.com\/LoopKingLaces\/\" \/>\n<meta property=\"og:image\" content=\"https:\/\/www.loopkinglaces.com\/wp-content\/uploads\/White-Thin-Rope-scaled.jpg\" \/>\n\t<meta property=\"og:image:width\" content=\"2560\" \/>\n\t<meta property=\"og:image:height\" content=\"2560\" \/>\n\t<meta property=\"og:image:type\" content=\"image\/jpeg\" \/>\n<meta name=\"twitter:card\" content=\"summary_large_image\" \/>\n<meta name=\"twitter:site\" content=\"@loopkinglaces\" \/>\n<script type=\"application\/ld+json\" class=\"yoast-schema-graph\">{\"@context\":\"https:\\\/\\\/schema.org\",\"@graph\":[{\"@type\":[\"WebPage\",\"ItemPage\"],\"@id\":\"https:\\\/\\\/www.loopkinglaces.com\\\/sv\\\/products\\\/skosnoren-med-vit-tunn-lina-och-genomskinliga-spetsar\\\/\",\"url\":\"https:\\\/\\\/www.loopkinglaces.com\\\/sv\\\/products\\\/skosnoren-med-vit-tunn-lina-och-genomskinliga-spetsar\\\/\",\"name\":\"Vita skosn\u00f6ren av tunn rep med genomskinliga spetsar - fr\u00e5n Loop King\",\"isPartOf\":{\"@id\":\"https:\\\/\\\/www.loopkinglaces.com\\\/sv\\\/#website\"},\"primaryImageOfPage\":{\"@id\":\"https:\\\/\\\/www.loopkinglaces.com\\\/sv\\\/products\\\/skosnoren-med-vit-tunn-lina-och-genomskinliga-spetsar\\\/#primaryimage\"},\"image\":{\"@id\":\"https:\\\/\\\/www.loopkinglaces.com\\\/sv\\\/products\\\/skosnoren-med-vit-tunn-lina-och-genomskinliga-spetsar\\\/#primaryimage\"},\"thumbnailUrl\":\"https:\\\/\\\/www.loopkinglaces.com\\\/wp-content\\\/uploads\\\/White-Thin-Rope-scaled.jpg\",\"datePublished\":\"2023-12-08T18:31:39+00:00\",\"description\":\"Uppgradera dina skor med Loop Kings White Thin Rope Shoelaces med tydliga spetsar. L\u00e5nglivade, eleganta och med tydliga spetsar f\u00f6r en modern twist. Skaffa dina nu!\",\"breadcrumb\":{\"@id\":\"https:\\\/\\\/www.loopkinglaces.com\\\/sv\\\/products\\\/skosnoren-med-vit-tunn-lina-och-genomskinliga-spetsar\\\/#breadcrumb\"},\"inLanguage\":\"sv-SE\",\"potentialAction\":[{\"@type\":\"ReadAction\",\"target\":[\"https:\\\/\\\/www.loopkinglaces.com\\\/sv\\\/products\\\/skosnoren-med-vit-tunn-lina-och-genomskinliga-spetsar\\\/\"]}]},{\"@type\":\"ImageObject\",\"inLanguage\":\"sv-SE\",\"@id\":\"https:\\\/\\\/www.loopkinglaces.com\\\/sv\\\/products\\\/skosnoren-med-vit-tunn-lina-och-genomskinliga-spetsar\\\/#primaryimage\",\"url\":\"https:\\\/\\\/www.loopkinglaces.com\\\/wp-content\\\/uploads\\\/White-Thin-Rope-scaled.jpg\",\"contentUrl\":\"https:\\\/\\\/www.loopkinglaces.com\\\/wp-content\\\/uploads\\\/White-Thin-Rope-scaled.jpg\",\"width\":2560,\"height\":2560},{\"@type\":\"BreadcrumbList\",\"@id\":\"https:\\\/\\\/www.loopkinglaces.com\\\/sv\\\/products\\\/skosnoren-med-vit-tunn-lina-och-genomskinliga-spetsar\\\/#breadcrumb\",\"itemListElement\":[{\"@type\":\"ListItem\",\"position\":1,\"name\":\"Home\",\"item\":\"https:\\\/\\\/www.loopkinglaces.com\\\/sv\\\/\"},{\"@type\":\"ListItem\",\"position\":2,\"name\":\"BUY LACES\",\"item\":\"https:\\\/\\\/www.loopkinglaces.com\\\/buy-laces\\\/\"},{\"@type\":\"ListItem\",\"position\":3,\"name\":\"Skosn\u00f6ren med vit tunn lina och genomskinliga spetsar\"}]},{\"@type\":\"WebSite\",\"@id\":\"https:\\\/\\\/www.loopkinglaces.com\\\/sv\\\/#website\",\"url\":\"https:\\\/\\\/www.loopkinglaces.com\\\/sv\\\/\",\"name\":\"Luxury Gold Tip Shoelaces by Loop King Laces\",\"description\":\"Rope Laces, Flat Waxed Laces and Leather Laces. All With Gold Tips.\",\"publisher\":{\"@id\":\"https:\\\/\\\/www.loopkinglaces.com\\\/sv\\\/#organization\"},\"potentialAction\":[{\"@type\":\"SearchAction\",\"target\":{\"@type\":\"EntryPoint\",\"urlTemplate\":\"https:\\\/\\\/www.loopkinglaces.com\\\/sv\\\/?s={search_term_string}\"},\"query-input\":{\"@type\":\"PropertyValueSpecification\",\"valueRequired\":true,\"valueName\":\"search_term_string\"}}],\"inLanguage\":\"sv-SE\"},{\"@type\":\"Organization\",\"@id\":\"https:\\\/\\\/www.loopkinglaces.com\\\/sv\\\/#organization\",\"name\":\"Loop King Laces\",\"url\":\"https:\\\/\\\/www.loopkinglaces.com\\\/sv\\\/\",\"logo\":{\"@type\":\"ImageObject\",\"inLanguage\":\"sv-SE\",\"@id\":\"https:\\\/\\\/www.loopkinglaces.com\\\/sv\\\/#\\\/schema\\\/logo\\\/image\\\/\",\"url\":\"https:\\\/\\\/www.loopkinglaces.com\\\/wp-content\\\/uploads\\\/LOOP-KING-LACES.1.1-01-LOGO-HI-RES-OFFICIAL-1.png\",\"contentUrl\":\"https:\\\/\\\/www.loopkinglaces.com\\\/wp-content\\\/uploads\\\/LOOP-KING-LACES.1.1-01-LOGO-HI-RES-OFFICIAL-1.png\",\"width\":128,\"height\":91,\"caption\":\"Loop King Laces\"},\"image\":{\"@id\":\"https:\\\/\\\/www.loopkinglaces.com\\\/sv\\\/#\\\/schema\\\/logo\\\/image\\\/\"},\"sameAs\":[\"https:\\\/\\\/www.facebook.com\\\/LoopKingLaces\\\/\",\"https:\\\/\\\/x.com\\\/loopkinglaces\",\"https:\\\/\\\/www.instagram.com\\\/loopkinglaces\\\/\"]}]}<\/script>\n<!-- \/ Yoast SEO plugin. -->","yoast_head_json":{"title":"Vita skosn\u00f6ren av tunn rep med genomskinliga spetsar - fr\u00e5n Loop King","description":"Uppgradera dina skor med Loop Kings White Thin Rope Shoelaces med tydliga spetsar. L\u00e5nglivade, eleganta och med tydliga spetsar f\u00f6r en modern twist. Skaffa dina nu!","robots":{"index":"index","follow":"follow","max-snippet":"max-snippet:-1","max-image-preview":"max-image-preview:large","max-video-preview":"max-video-preview:-1"},"canonical":"https:\/\/www.loopkinglaces.com\/sv\/products\/skosnoren-med-vit-tunn-lina-och-genomskinliga-spetsar\/","og_locale":"sv_SE","og_type":"article","og_title":"Vita skosn\u00f6ren av tunn rep med genomskinliga spetsar - fr\u00e5n Loop King","og_description":"Uppgradera dina skor med Loop Kings White Thin Rope Shoelaces med tydliga spetsar. L\u00e5nglivade, eleganta och med tydliga spetsar f\u00f6r en modern twist. Skaffa dina nu!","og_url":"https:\/\/www.loopkinglaces.com\/sv\/products\/skosnoren-med-vit-tunn-lina-och-genomskinliga-spetsar\/","og_site_name":"Luxury Gold Tip Shoelaces by Loop King Laces","article_publisher":"https:\/\/www.facebook.com\/LoopKingLaces\/","og_image":[{"width":2560,"height":2560,"url":"https:\/\/www.loopkinglaces.com\/wp-content\/uploads\/White-Thin-Rope-scaled.jpg","type":"image\/jpeg"}],"twitter_card":"summary_large_image","twitter_site":"@loopkinglaces","schema":{"@context":"https:\/\/schema.org","@graph":[{"@type":["WebPage","ItemPage"],"@id":"https:\/\/www.loopkinglaces.com\/sv\/products\/skosnoren-med-vit-tunn-lina-och-genomskinliga-spetsar\/","url":"https:\/\/www.loopkinglaces.com\/sv\/products\/skosnoren-med-vit-tunn-lina-och-genomskinliga-spetsar\/","name":"Vita skosn\u00f6ren av tunn rep med genomskinliga spetsar - fr\u00e5n Loop King","isPartOf":{"@id":"https:\/\/www.loopkinglaces.com\/sv\/#website"},"primaryImageOfPage":{"@id":"https:\/\/www.loopkinglaces.com\/sv\/products\/skosnoren-med-vit-tunn-lina-och-genomskinliga-spetsar\/#primaryimage"},"image":{"@id":"https:\/\/www.loopkinglaces.com\/sv\/products\/skosnoren-med-vit-tunn-lina-och-genomskinliga-spetsar\/#primaryimage"},"thumbnailUrl":"https:\/\/www.loopkinglaces.com\/wp-content\/uploads\/White-Thin-Rope-scaled.jpg","datePublished":"2023-12-08T18:31:39+00:00","description":"Uppgradera dina skor med Loop Kings White Thin Rope Shoelaces med tydliga spetsar. L\u00e5nglivade, eleganta och med tydliga spetsar f\u00f6r en modern twist. Skaffa dina nu!","breadcrumb":{"@id":"https:\/\/www.loopkinglaces.com\/sv\/products\/skosnoren-med-vit-tunn-lina-och-genomskinliga-spetsar\/#breadcrumb"},"inLanguage":"sv-SE","potentialAction":[{"@type":"ReadAction","target":["https:\/\/www.loopkinglaces.com\/sv\/products\/skosnoren-med-vit-tunn-lina-och-genomskinliga-spetsar\/"]}]},{"@type":"ImageObject","inLanguage":"sv-SE","@id":"https:\/\/www.loopkinglaces.com\/sv\/products\/skosnoren-med-vit-tunn-lina-och-genomskinliga-spetsar\/#primaryimage","url":"https:\/\/www.loopkinglaces.com\/wp-content\/uploads\/White-Thin-Rope-scaled.jpg","contentUrl":"https:\/\/www.loopkinglaces.com\/wp-content\/uploads\/White-Thin-Rope-scaled.jpg","width":2560,"height":2560},{"@type":"BreadcrumbList","@id":"https:\/\/www.loopkinglaces.com\/sv\/products\/skosnoren-med-vit-tunn-lina-och-genomskinliga-spetsar\/#breadcrumb","itemListElement":[{"@type":"ListItem","position":1,"name":"Home","item":"https:\/\/www.loopkinglaces.com\/sv\/"},{"@type":"ListItem","position":2,"name":"BUY LACES","item":"https:\/\/www.loopkinglaces.com\/buy-laces\/"},{"@type":"ListItem","position":3,"name":"Skosn\u00f6ren med vit tunn lina och genomskinliga spetsar"}]},{"@type":"WebSite","@id":"https:\/\/www.loopkinglaces.com\/sv\/#website","url":"https:\/\/www.loopkinglaces.com\/sv\/","name":"Luxury Gold Tip Shoelaces by Loop King Laces","description":"Rope Laces, Flat Waxed Laces and Leather Laces. All With Gold Tips.","publisher":{"@id":"https:\/\/www.loopkinglaces.com\/sv\/#organization"},"potentialAction":[{"@type":"SearchAction","target":{"@type":"EntryPoint","urlTemplate":"https:\/\/www.loopkinglaces.com\/sv\/?s={search_term_string}"},"query-input":{"@type":"PropertyValueSpecification","valueRequired":true,"valueName":"search_term_string"}}],"inLanguage":"sv-SE"},{"@type":"Organization","@id":"https:\/\/www.loopkinglaces.com\/sv\/#organization","name":"Loop King Laces","url":"https:\/\/www.loopkinglaces.com\/sv\/","logo":{"@type":"ImageObject","inLanguage":"sv-SE","@id":"https:\/\/www.loopkinglaces.com\/sv\/#\/schema\/logo\/image\/","url":"https:\/\/www.loopkinglaces.com\/wp-content\/uploads\/LOOP-KING-LACES.1.1-01-LOGO-HI-RES-OFFICIAL-1.png","contentUrl":"https:\/\/www.loopkinglaces.com\/wp-content\/uploads\/LOOP-KING-LACES.1.1-01-LOGO-HI-RES-OFFICIAL-1.png","width":128,"height":91,"caption":"Loop King Laces"},"image":{"@id":"https:\/\/www.loopkinglaces.com\/sv\/#\/schema\/logo\/image\/"},"sameAs":["https:\/\/www.facebook.com\/LoopKingLaces\/","https:\/\/x.com\/loopkinglaces","https:\/\/www.instagram.com\/loopkinglaces\/"]}]}},"_links":{"self":[{"href":"https:\/\/www.loopkinglaces.com\/sv\/wp-json\/wp\/v2\/product\/80981","targetHints":{"allow":["GET"]}}],"collection":[{"href":"https:\/\/www.loopkinglaces.com\/sv\/wp-json\/wp\/v2\/product"}],"about":[{"href":"https:\/\/www.loopkinglaces.com\/sv\/wp-json\/wp\/v2\/types\/product"}],"replies":[{"embeddable":true,"href":"https:\/\/www.loopkinglaces.com\/sv\/wp-json\/wp\/v2\/comments?post=80981"}],"wp:featuredmedia":[{"embeddable":true,"href":"https:\/\/www.loopkinglaces.com\/sv\/wp-json\/wp\/v2\/media\/80985"}],"wp:attachment":[{"href":"https:\/\/www.loopkinglaces.com\/sv\/wp-json\/wp\/v2\/media?parent=80981"}],"wp:term":[{"taxonomy":"product_brand","embeddable":true,"href":"https:\/\/www.loopkinglaces.com\/sv\/wp-json\/wp\/v2\/product_brand?post=80981"},{"taxonomy":"product_cat","embeddable":true,"href":"https:\/\/www.loopkinglaces.com\/sv\/wp-json\/wp\/v2\/product_cat?post=80981"},{"taxonomy":"product_tag","embeddable":true,"href":"https:\/\/www.loopkinglaces.com\/sv\/wp-json\/wp\/v2\/product_tag?post=80981"},{"taxonomy":"woo-feed-brand","embeddable":true,"href":"https:\/\/www.loopkinglaces.com\/sv\/wp-json\/wp\/v2\/woo-feed-brand?post=80981"}],"curies":[{"name":"wp","href":"https:\/\/api.w.org\/{rel}","templated":true}]}}