{"id":80434,"date":"2024-02-07T16:07:02","date_gmt":"2024-02-07T16:07:02","guid":{"rendered":"https:\/\/www.loopkinglaces.com\/products\/flexibla-sulskydd-for-att-forbattra-skydda-och-forstarka-snygga-skor\/"},"modified":"2024-02-07T16:07:02","modified_gmt":"2024-02-07T16:07:02","slug":"flexibla-sulskydd-for-att-forbattra-skydda-och-forstarka-snygga-skor","status":"publish","type":"product","link":"https:\/\/www.loopkinglaces.com\/sv\/products\/flexibla-sulskydd-for-att-forbattra-skydda-och-forstarka-snygga-skor\/","title":{"rendered":"Flexibla sulskydd f\u00f6r att f\u00f6rb\u00e4ttra, skydda och f\u00f6rst\u00e4rka snygga skor"},"content":{"rendered":"<p><i><span style=\"font-weight: 400;\">Har du precis k\u00f6pt ett par nya snygga l\u00e4derskor?<\/span><\/i><\/p>\n<p><span style=\"font-weight: 400;\">D\u00e5 m\u00e5ste du g\u00f6ra allt du kan f\u00f6r att de ska se helt nya ut.<br \/>\nI synnerhet,   <\/span><b>dina skosulor beh\u00f6ver skyddas mot slitage<\/b><span style=\"font-weight: 400;\">. <\/span> <\/p>\n<p><span style=\"font-weight: 400;\">T\u00e4nk p\u00e5 dina skor som en investering, p\u00e5 samma s\u00e4tt som en bil eller ett hem.<br \/>\nJa, s\u00e5 fort du tar med dem hem,   <\/span><b>v\u00e4rdet b\u00f6rjar sjunka<\/b><span style=\"font-weight: 400;\">. <\/span> <\/p>\n<p><span style=\"font-weight: 400;\">Det b\u00e4sta s\u00e4ttet att bevara v\u00e4rdet p\u00e5 din sko \u00e4r att anv\u00e4nda sulskydd.  <\/span><\/p>\n<p><span style=\"font-weight: 400;\">De g\u00f6r ocks\u00e5 att dina skor h\u00e5ller mycket l\u00e4ngre, vilket inneb\u00e4r att du kan anv\u00e4nda dem under l\u00e5ng tid utan att beh\u00f6va oroa dig f\u00f6r att f\u00e5 dem omlindade.  <\/span><\/p>\n","protected":false},"excerpt":{"rendered":"<p><span style=\"font-weight: 400;\">V\u00e5ra sulskydd har premiummaterial och en toppmodern design f\u00f6r att s\u00e4kerst\u00e4lla att varje kvadratcentimeter av din sula \u00e4r skyddad.  <\/span><\/p>\n<p><span style=\"font-weight: 400;\">Vad som \u00e4r \u00e4nnu b\u00e4ttre \u00e4r att de f\u00f6rhindrar oxidationsprocessen, som \u00e4r det som g\u00f6r att dina sulor f\u00e5r en ful gul nyans. V\u00e5ra sulskydd t\u00e4cker hela sulan f\u00f6r att s\u00e4kerst\u00e4lla att oxidation inte uppst\u00e5r.   <\/span><\/p>\n<p><span style=\"font-weight: 400;\">De har ocks\u00e5 ett elegant och raffinerat utseende, s\u00e5 du beh\u00f6ver inte oroa dig f\u00f6r att n\u00e5gon ska f\u00e5 en glimt av dina sulskydd som du skulle g\u00f6ra med andra m\u00e4rken.  <\/span><\/p>\n<p><span style=\"font-weight: 400;\">Dessutom g\u00f6r v\u00e5ra sulskydd <\/span><b>g\u00f6r att h\u00e4lsmitning h\u00f6r till det f\u00f6rflutna<\/b><span style=\"font-weight: 400;\">. <\/span> <\/p>\n<p><span style=\"font-weight: 400;\">Dina skor tar stryk av varje steg du tar, s\u00e4rskilt h\u00e4len, och det \u00e4r d\u00e4rf\u00f6r det \u00e4r s\u00e5 viktigt att f\u00f6rst\u00e4rka sulorna.  <\/span><\/p>\n<p><span style=\"font-weight: 400;\">Se den fullst\u00e4ndiga listan \u00f6ver funktioner nedan:<\/span><\/p>\n<ul>\n<li style=\"font-weight: 400;\" aria-level=\"1\"><span style=\"font-weight: 400;\">Material av h\u00f6gsta kvalitet<\/span><\/li>\n<li style=\"font-weight: 400;\" aria-level=\"1\"><span style=\"font-weight: 400;\">F\u00f6rseglad och fantastisk f\u00f6rpackning  <\/span><\/li>\n<li style=\"font-weight: 400;\" aria-level=\"1\"><span style=\"font-weight: 400;\">H\u00e5ller l\u00e4ngre \u00e4n andra m\u00e4rken<\/span><\/li>\n<li style=\"font-weight: 400;\" aria-level=\"1\"><span style=\"font-weight: 400;\">Fullt skydd f\u00f6r att f\u00f6rhindra oxidation och klackvandring<\/span><\/li>\n<\/ul>\n","protected":false},"featured_media":56260,"comment_status":"open","ping_status":"closed","template":"","meta":{"_acf_changed":false},"product_brand":[],"product_cat":[2032,2031,2033],"product_tag":[],"woo-feed-brand":[],"class_list":{"0":"post-80434","1":"product","2":"type-product","3":"status-publish","4":"has-post-thumbnail","6":"product_cat-alla-skosnoren","7":"product_cat-okategoriserade","8":"product_cat-skosnoren-med-guldspets","10":"first","11":"instock","12":"taxable","13":"shipping-taxable","14":"purchasable","15":"product-type-simple"},"acf":[],"yoast_head":"<!-- This site is optimized with the Yoast SEO plugin v27.3 - https:\/\/yoast.com\/product\/yoast-seo-wordpress\/ -->\n<title>Slitstarka sulskydd f\u00f6r att f\u00f6rl\u00e4nga livsl\u00e4ngden p\u00e5 dina skor<\/title>\n<meta name=\"description\" content=\"Vill du h\u00e5lla dina snygga kl\u00e4dskor i perfekt skick? D\u00e5 m\u00e5ste du kolla in v\u00e5ra f\u00f6rstklassiga sulskydd f\u00f6r att skydda dina skor fr\u00e5n v\u00e4der och vind.\" \/>\n<meta name=\"robots\" content=\"index, follow, max-snippet:-1, max-image-preview:large, max-video-preview:-1\" \/>\n<link rel=\"canonical\" href=\"https:\/\/www.loopkinglaces.com\/sv\/products\/flexibla-sulskydd-for-att-forbattra-skydda-och-forstarka-snygga-skor\/\" \/>\n<meta property=\"og:locale\" content=\"sv_SE\" \/>\n<meta property=\"og:type\" content=\"article\" \/>\n<meta property=\"og:title\" content=\"Slitstarka sulskydd f\u00f6r att f\u00f6rl\u00e4nga livsl\u00e4ngden p\u00e5 dina skor\" \/>\n<meta property=\"og:description\" content=\"Vill du h\u00e5lla dina snygga kl\u00e4dskor i perfekt skick? D\u00e5 m\u00e5ste du kolla in v\u00e5ra f\u00f6rstklassiga sulskydd f\u00f6r att skydda dina skor fr\u00e5n v\u00e4der och vind.\" \/>\n<meta property=\"og:url\" content=\"https:\/\/www.loopkinglaces.com\/sv\/products\/flexibla-sulskydd-for-att-forbattra-skydda-och-forstarka-snygga-skor\/\" \/>\n<meta property=\"og:site_name\" content=\"Luxury Gold Tip Shoelaces by Loop King Laces\" \/>\n<meta property=\"article:publisher\" content=\"https:\/\/www.facebook.com\/LoopKingLaces\/\" \/>\n<meta property=\"og:image\" content=\"https:\/\/www.loopkinglaces.com\/wp-content\/uploads\/LKL-Sole-Protector-Front.png\" \/>\n\t<meta property=\"og:image:width\" content=\"584\" \/>\n\t<meta property=\"og:image:height\" content=\"1575\" \/>\n\t<meta property=\"og:image:type\" content=\"image\/png\" \/>\n<meta name=\"twitter:card\" content=\"summary_large_image\" \/>\n<meta name=\"twitter:site\" content=\"@loopkinglaces\" \/>\n<meta name=\"twitter:label1\" content=\"Ber\u00e4knad l\u00e4stid\" \/>\n\t<meta name=\"twitter:data1\" content=\"1 minut\" \/>\n<script type=\"application\/ld+json\" class=\"yoast-schema-graph\">{\"@context\":\"https:\\\/\\\/schema.org\",\"@graph\":[{\"@type\":[\"WebPage\",\"ItemPage\"],\"@id\":\"https:\\\/\\\/www.loopkinglaces.com\\\/sv\\\/products\\\/flexibla-sulskydd-for-att-forbattra-skydda-och-forstarka-snygga-skor\\\/\",\"url\":\"https:\\\/\\\/www.loopkinglaces.com\\\/sv\\\/products\\\/flexibla-sulskydd-for-att-forbattra-skydda-och-forstarka-snygga-skor\\\/\",\"name\":\"Slitstarka sulskydd f\u00f6r att f\u00f6rl\u00e4nga livsl\u00e4ngden p\u00e5 dina skor\",\"isPartOf\":{\"@id\":\"https:\\\/\\\/www.loopkinglaces.com\\\/sv\\\/#website\"},\"primaryImageOfPage\":{\"@id\":\"https:\\\/\\\/www.loopkinglaces.com\\\/sv\\\/products\\\/flexibla-sulskydd-for-att-forbattra-skydda-och-forstarka-snygga-skor\\\/#primaryimage\"},\"image\":{\"@id\":\"https:\\\/\\\/www.loopkinglaces.com\\\/sv\\\/products\\\/flexibla-sulskydd-for-att-forbattra-skydda-och-forstarka-snygga-skor\\\/#primaryimage\"},\"thumbnailUrl\":\"https:\\\/\\\/www.loopkinglaces.com\\\/wp-content\\\/uploads\\\/LKL-Sole-Protector-Front.png\",\"datePublished\":\"2024-02-07T16:07:02+00:00\",\"description\":\"Vill du h\u00e5lla dina snygga kl\u00e4dskor i perfekt skick? D\u00e5 m\u00e5ste du kolla in v\u00e5ra f\u00f6rstklassiga sulskydd f\u00f6r att skydda dina skor fr\u00e5n v\u00e4der och vind.\",\"breadcrumb\":{\"@id\":\"https:\\\/\\\/www.loopkinglaces.com\\\/sv\\\/products\\\/flexibla-sulskydd-for-att-forbattra-skydda-och-forstarka-snygga-skor\\\/#breadcrumb\"},\"inLanguage\":\"sv-SE\",\"potentialAction\":[{\"@type\":\"ReadAction\",\"target\":[\"https:\\\/\\\/www.loopkinglaces.com\\\/sv\\\/products\\\/flexibla-sulskydd-for-att-forbattra-skydda-och-forstarka-snygga-skor\\\/\"]}]},{\"@type\":\"ImageObject\",\"inLanguage\":\"sv-SE\",\"@id\":\"https:\\\/\\\/www.loopkinglaces.com\\\/sv\\\/products\\\/flexibla-sulskydd-for-att-forbattra-skydda-och-forstarka-snygga-skor\\\/#primaryimage\",\"url\":\"https:\\\/\\\/www.loopkinglaces.com\\\/wp-content\\\/uploads\\\/LKL-Sole-Protector-Front.png\",\"contentUrl\":\"https:\\\/\\\/www.loopkinglaces.com\\\/wp-content\\\/uploads\\\/LKL-Sole-Protector-Front.png\",\"width\":584,\"height\":1575},{\"@type\":\"BreadcrumbList\",\"@id\":\"https:\\\/\\\/www.loopkinglaces.com\\\/sv\\\/products\\\/flexibla-sulskydd-for-att-forbattra-skydda-och-forstarka-snygga-skor\\\/#breadcrumb\",\"itemListElement\":[{\"@type\":\"ListItem\",\"position\":1,\"name\":\"Home\",\"item\":\"https:\\\/\\\/www.loopkinglaces.com\\\/sv\\\/\"},{\"@type\":\"ListItem\",\"position\":2,\"name\":\"BUY LACES\",\"item\":\"https:\\\/\\\/www.loopkinglaces.com\\\/buy-laces\\\/\"},{\"@type\":\"ListItem\",\"position\":3,\"name\":\"Flexibla sulskydd f\u00f6r att f\u00f6rb\u00e4ttra, skydda och f\u00f6rst\u00e4rka snygga skor\"}]},{\"@type\":\"WebSite\",\"@id\":\"https:\\\/\\\/www.loopkinglaces.com\\\/sv\\\/#website\",\"url\":\"https:\\\/\\\/www.loopkinglaces.com\\\/sv\\\/\",\"name\":\"Luxury Gold Tip Shoelaces by Loop King Laces\",\"description\":\"Rope Laces, Flat Waxed Laces and Leather Laces. All With Gold Tips.\",\"publisher\":{\"@id\":\"https:\\\/\\\/www.loopkinglaces.com\\\/sv\\\/#organization\"},\"potentialAction\":[{\"@type\":\"SearchAction\",\"target\":{\"@type\":\"EntryPoint\",\"urlTemplate\":\"https:\\\/\\\/www.loopkinglaces.com\\\/sv\\\/?s={search_term_string}\"},\"query-input\":{\"@type\":\"PropertyValueSpecification\",\"valueRequired\":true,\"valueName\":\"search_term_string\"}}],\"inLanguage\":\"sv-SE\"},{\"@type\":\"Organization\",\"@id\":\"https:\\\/\\\/www.loopkinglaces.com\\\/sv\\\/#organization\",\"name\":\"Loop King Laces\",\"url\":\"https:\\\/\\\/www.loopkinglaces.com\\\/sv\\\/\",\"logo\":{\"@type\":\"ImageObject\",\"inLanguage\":\"sv-SE\",\"@id\":\"https:\\\/\\\/www.loopkinglaces.com\\\/sv\\\/#\\\/schema\\\/logo\\\/image\\\/\",\"url\":\"https:\\\/\\\/www.loopkinglaces.com\\\/wp-content\\\/uploads\\\/LOOP-KING-LACES.1.1-01-LOGO-HI-RES-OFFICIAL-1.png\",\"contentUrl\":\"https:\\\/\\\/www.loopkinglaces.com\\\/wp-content\\\/uploads\\\/LOOP-KING-LACES.1.1-01-LOGO-HI-RES-OFFICIAL-1.png\",\"width\":128,\"height\":91,\"caption\":\"Loop King Laces\"},\"image\":{\"@id\":\"https:\\\/\\\/www.loopkinglaces.com\\\/sv\\\/#\\\/schema\\\/logo\\\/image\\\/\"},\"sameAs\":[\"https:\\\/\\\/www.facebook.com\\\/LoopKingLaces\\\/\",\"https:\\\/\\\/x.com\\\/loopkinglaces\",\"https:\\\/\\\/www.instagram.com\\\/loopkinglaces\\\/\"]}]}<\/script>\n<!-- \/ Yoast SEO plugin. -->","yoast_head_json":{"title":"Slitstarka sulskydd f\u00f6r att f\u00f6rl\u00e4nga livsl\u00e4ngden p\u00e5 dina skor","description":"Vill du h\u00e5lla dina snygga kl\u00e4dskor i perfekt skick? D\u00e5 m\u00e5ste du kolla in v\u00e5ra f\u00f6rstklassiga sulskydd f\u00f6r att skydda dina skor fr\u00e5n v\u00e4der och vind.","robots":{"index":"index","follow":"follow","max-snippet":"max-snippet:-1","max-image-preview":"max-image-preview:large","max-video-preview":"max-video-preview:-1"},"canonical":"https:\/\/www.loopkinglaces.com\/sv\/products\/flexibla-sulskydd-for-att-forbattra-skydda-och-forstarka-snygga-skor\/","og_locale":"sv_SE","og_type":"article","og_title":"Slitstarka sulskydd f\u00f6r att f\u00f6rl\u00e4nga livsl\u00e4ngden p\u00e5 dina skor","og_description":"Vill du h\u00e5lla dina snygga kl\u00e4dskor i perfekt skick? D\u00e5 m\u00e5ste du kolla in v\u00e5ra f\u00f6rstklassiga sulskydd f\u00f6r att skydda dina skor fr\u00e5n v\u00e4der och vind.","og_url":"https:\/\/www.loopkinglaces.com\/sv\/products\/flexibla-sulskydd-for-att-forbattra-skydda-och-forstarka-snygga-skor\/","og_site_name":"Luxury Gold Tip Shoelaces by Loop King Laces","article_publisher":"https:\/\/www.facebook.com\/LoopKingLaces\/","og_image":[{"width":584,"height":1575,"url":"https:\/\/www.loopkinglaces.com\/wp-content\/uploads\/LKL-Sole-Protector-Front.png","type":"image\/png"}],"twitter_card":"summary_large_image","twitter_site":"@loopkinglaces","twitter_misc":{"Ber\u00e4knad l\u00e4stid":"1 minut"},"schema":{"@context":"https:\/\/schema.org","@graph":[{"@type":["WebPage","ItemPage"],"@id":"https:\/\/www.loopkinglaces.com\/sv\/products\/flexibla-sulskydd-for-att-forbattra-skydda-och-forstarka-snygga-skor\/","url":"https:\/\/www.loopkinglaces.com\/sv\/products\/flexibla-sulskydd-for-att-forbattra-skydda-och-forstarka-snygga-skor\/","name":"Slitstarka sulskydd f\u00f6r att f\u00f6rl\u00e4nga livsl\u00e4ngden p\u00e5 dina skor","isPartOf":{"@id":"https:\/\/www.loopkinglaces.com\/sv\/#website"},"primaryImageOfPage":{"@id":"https:\/\/www.loopkinglaces.com\/sv\/products\/flexibla-sulskydd-for-att-forbattra-skydda-och-forstarka-snygga-skor\/#primaryimage"},"image":{"@id":"https:\/\/www.loopkinglaces.com\/sv\/products\/flexibla-sulskydd-for-att-forbattra-skydda-och-forstarka-snygga-skor\/#primaryimage"},"thumbnailUrl":"https:\/\/www.loopkinglaces.com\/wp-content\/uploads\/LKL-Sole-Protector-Front.png","datePublished":"2024-02-07T16:07:02+00:00","description":"Vill du h\u00e5lla dina snygga kl\u00e4dskor i perfekt skick? D\u00e5 m\u00e5ste du kolla in v\u00e5ra f\u00f6rstklassiga sulskydd f\u00f6r att skydda dina skor fr\u00e5n v\u00e4der och vind.","breadcrumb":{"@id":"https:\/\/www.loopkinglaces.com\/sv\/products\/flexibla-sulskydd-for-att-forbattra-skydda-och-forstarka-snygga-skor\/#breadcrumb"},"inLanguage":"sv-SE","potentialAction":[{"@type":"ReadAction","target":["https:\/\/www.loopkinglaces.com\/sv\/products\/flexibla-sulskydd-for-att-forbattra-skydda-och-forstarka-snygga-skor\/"]}]},{"@type":"ImageObject","inLanguage":"sv-SE","@id":"https:\/\/www.loopkinglaces.com\/sv\/products\/flexibla-sulskydd-for-att-forbattra-skydda-och-forstarka-snygga-skor\/#primaryimage","url":"https:\/\/www.loopkinglaces.com\/wp-content\/uploads\/LKL-Sole-Protector-Front.png","contentUrl":"https:\/\/www.loopkinglaces.com\/wp-content\/uploads\/LKL-Sole-Protector-Front.png","width":584,"height":1575},{"@type":"BreadcrumbList","@id":"https:\/\/www.loopkinglaces.com\/sv\/products\/flexibla-sulskydd-for-att-forbattra-skydda-och-forstarka-snygga-skor\/#breadcrumb","itemListElement":[{"@type":"ListItem","position":1,"name":"Home","item":"https:\/\/www.loopkinglaces.com\/sv\/"},{"@type":"ListItem","position":2,"name":"BUY LACES","item":"https:\/\/www.loopkinglaces.com\/buy-laces\/"},{"@type":"ListItem","position":3,"name":"Flexibla sulskydd f\u00f6r att f\u00f6rb\u00e4ttra, skydda och f\u00f6rst\u00e4rka snygga skor"}]},{"@type":"WebSite","@id":"https:\/\/www.loopkinglaces.com\/sv\/#website","url":"https:\/\/www.loopkinglaces.com\/sv\/","name":"Luxury Gold Tip Shoelaces by Loop King Laces","description":"Rope Laces, Flat Waxed Laces and Leather Laces. All With Gold Tips.","publisher":{"@id":"https:\/\/www.loopkinglaces.com\/sv\/#organization"},"potentialAction":[{"@type":"SearchAction","target":{"@type":"EntryPoint","urlTemplate":"https:\/\/www.loopkinglaces.com\/sv\/?s={search_term_string}"},"query-input":{"@type":"PropertyValueSpecification","valueRequired":true,"valueName":"search_term_string"}}],"inLanguage":"sv-SE"},{"@type":"Organization","@id":"https:\/\/www.loopkinglaces.com\/sv\/#organization","name":"Loop King Laces","url":"https:\/\/www.loopkinglaces.com\/sv\/","logo":{"@type":"ImageObject","inLanguage":"sv-SE","@id":"https:\/\/www.loopkinglaces.com\/sv\/#\/schema\/logo\/image\/","url":"https:\/\/www.loopkinglaces.com\/wp-content\/uploads\/LOOP-KING-LACES.1.1-01-LOGO-HI-RES-OFFICIAL-1.png","contentUrl":"https:\/\/www.loopkinglaces.com\/wp-content\/uploads\/LOOP-KING-LACES.1.1-01-LOGO-HI-RES-OFFICIAL-1.png","width":128,"height":91,"caption":"Loop King Laces"},"image":{"@id":"https:\/\/www.loopkinglaces.com\/sv\/#\/schema\/logo\/image\/"},"sameAs":["https:\/\/www.facebook.com\/LoopKingLaces\/","https:\/\/x.com\/loopkinglaces","https:\/\/www.instagram.com\/loopkinglaces\/"]}]}},"_links":{"self":[{"href":"https:\/\/www.loopkinglaces.com\/sv\/wp-json\/wp\/v2\/product\/80434","targetHints":{"allow":["GET"]}}],"collection":[{"href":"https:\/\/www.loopkinglaces.com\/sv\/wp-json\/wp\/v2\/product"}],"about":[{"href":"https:\/\/www.loopkinglaces.com\/sv\/wp-json\/wp\/v2\/types\/product"}],"replies":[{"embeddable":true,"href":"https:\/\/www.loopkinglaces.com\/sv\/wp-json\/wp\/v2\/comments?post=80434"}],"wp:featuredmedia":[{"embeddable":true,"href":"https:\/\/www.loopkinglaces.com\/sv\/wp-json\/wp\/v2\/media\/56260"}],"wp:attachment":[{"href":"https:\/\/www.loopkinglaces.com\/sv\/wp-json\/wp\/v2\/media?parent=80434"}],"wp:term":[{"taxonomy":"product_brand","embeddable":true,"href":"https:\/\/www.loopkinglaces.com\/sv\/wp-json\/wp\/v2\/product_brand?post=80434"},{"taxonomy":"product_cat","embeddable":true,"href":"https:\/\/www.loopkinglaces.com\/sv\/wp-json\/wp\/v2\/product_cat?post=80434"},{"taxonomy":"product_tag","embeddable":true,"href":"https:\/\/www.loopkinglaces.com\/sv\/wp-json\/wp\/v2\/product_tag?post=80434"},{"taxonomy":"woo-feed-brand","embeddable":true,"href":"https:\/\/www.loopkinglaces.com\/sv\/wp-json\/wp\/v2\/woo-feed-brand?post=80434"}],"curies":[{"name":"wp","href":"https:\/\/api.w.org\/{rel}","templated":true}]}}