{"id":80029,"date":"2024-05-10T14:33:25","date_gmt":"2024-05-10T14:33:25","guid":{"rendered":"https:\/\/www.loopkinglaces.com\/products\/cadarcos-planos-de-algodao-dourado-com-pontas-douradas\/"},"modified":"2024-05-10T14:33:25","modified_gmt":"2024-05-10T14:33:25","slug":"cadarcos-planos-de-algodao-dourado-com-pontas-douradas","status":"publish","type":"product","link":"https:\/\/www.loopkinglaces.com\/pt-br\/products\/cadarcos-planos-de-algodao-dourado-com-pontas-douradas\/","title":{"rendered":"Cadar\u00e7os planos de algod\u00e3o dourado com pontas douradas"},"content":{"rendered":"<p>Mantenha-se elegante e m\u00f3vel com nossos cadar\u00e7os dourados de algod\u00e3o plano com pontas douradas.<br \/>\nFeitos de algod\u00e3o macio e premium, esses cadar\u00e7os finos e vers\u00e1teis complementam suas botas, sapatos sociais, t\u00eanis e muito mais.<br \/>\nVoc\u00ea pode alternar entre os pares sem esfor\u00e7o e caminhar com confian\u00e7a!  <\/p>\n","protected":false},"excerpt":{"rendered":"<p><strong>Cadar\u00e7os planos de algod\u00e3o dourado com pontas douradas<\/strong><\/p>\n<p>D\u00ea um passo \u00e0 frente com nossos impressionantes cadar\u00e7os Flat Cotton Gold Shoelaces com pontas douradas. Esses cadar\u00e7os finos e vers\u00e1teis, feitos de algod\u00e3o premium de toque macio, d\u00e3o um toque de luxo \u00e0s suas botas, sapatos sociais, t\u00eanis e muito mais. Voc\u00ea pode troc\u00e1-los facilmente entre os pares e continuar se movimentando com estilo! Os principais recursos incluem:  <\/p>\n<ul>\n<li style=\"font-weight: 400;\" aria-level=\"1\">Materiais de qualidade superior<\/li>\n<li style=\"font-weight: 400;\" aria-level=\"1\">Embalagem selada e impressionante<\/li>\n<li style=\"font-weight: 400;\" aria-level=\"1\">V\u00e1rios comprimentos est\u00e3o dispon\u00edveis<\/li>\n<li style=\"font-weight: 400;\" aria-level=\"1\">Serve para todas as principais marcas (Nike, Adidas, Reebok, Converse, Vans)<\/li>\n<li style=\"font-weight: 400;\" aria-level=\"1\">Pontas douradas em relevo<\/li>\n<\/ul>\n","protected":false},"featured_media":80031,"comment_status":"open","ping_status":"closed","template":"","meta":{"_acf_changed":false},"product_brand":[],"product_cat":[2021,1858,2028,2025,1965,1880,2027,1856],"product_tag":[1868,1904,2019,2017,1867,2018,1870,1871],"woo-feed-brand":[],"class_list":{"0":"post-80029","1":"product","2":"type-product","3":"status-publish","4":"has-post-thumbnail","6":"product_cat-cadarcos-coloridos-da-moda-para-tenis","7":"product_cat-cadarcos-com-ponta-de-ouro","8":"product_cat-cadarcos-de-40-polegadas","9":"product_cat-cadarcos-de-algodao-premium-que-superam-as-outras-marcas-em-todos-os-sentidos","10":"product_cat-cadarcos-de-sapatos-lanvin-eleve-cada-passo-que-voce-da","11":"product_cat-cadarcos-para-sapatos-ecco-acabamento-perfeito-para-seus-calcados-marcantes","12":"product_cat-colecao-incrivel-de-cadarcos-nmd","13":"product_cat-todos-os-cadarcos","14":"product_tag-cadarcos","15":"product_tag-cadarcos-com-ponta-de-ouro","16":"product_tag-encerado-pt-br","17":"product_tag-encerado-plano","18":"product_tag-loop-king-pt-br","19":"product_tag-plano-pt-br","20":"product_tag-ponta-de-metal","21":"product_tag-preto","23":"first","24":"instock","25":"taxable","26":"shipping-taxable","27":"purchasable","28":"product-type-variable"},"acf":[],"yoast_head":"<!-- This site is optimized with the Yoast SEO plugin v27.5 - https:\/\/yoast.com\/product\/yoast-seo-wordpress\/ -->\n<title>Cadar\u00e7os planos de algod\u00e3o dourado com pontas douradas<\/title>\n<meta name=\"description\" content=\"Eleve seu estilo com nossos cadar\u00e7os Flat Cotton Gold Shoelaces. Fabricados com materiais de primeira linha, esses cadar\u00e7os chamativos oferecem durabilidade de 3x.\" \/>\n<meta name=\"robots\" content=\"index, follow, max-snippet:-1, max-image-preview:large, max-video-preview:-1\" \/>\n<link rel=\"canonical\" href=\"https:\/\/www.loopkinglaces.com\/pt-br\/products\/cadarcos-planos-de-algodao-dourado-com-pontas-douradas\/\" \/>\n<meta property=\"og:locale\" content=\"pt_BR\" \/>\n<meta property=\"og:type\" content=\"article\" \/>\n<meta property=\"og:title\" content=\"Cadar\u00e7os planos de algod\u00e3o dourado com pontas douradas\" \/>\n<meta property=\"og:description\" content=\"Eleve seu estilo com nossos cadar\u00e7os Flat Cotton Gold Shoelaces. Fabricados com materiais de primeira linha, esses cadar\u00e7os chamativos oferecem durabilidade de 3x.\" \/>\n<meta property=\"og:url\" content=\"https:\/\/www.loopkinglaces.com\/pt-br\/products\/cadarcos-planos-de-algodao-dourado-com-pontas-douradas\/\" \/>\n<meta property=\"og:site_name\" content=\"Luxury Gold Tip Shoelaces by Loop King Laces\" \/>\n<meta property=\"article:publisher\" content=\"https:\/\/www.facebook.com\/LoopKingLaces\/\" \/>\n<meta property=\"og:image\" content=\"https:\/\/www.loopkinglaces.com\/wp-content\/uploads\/0415A-16-scaled.jpg\" \/>\n\t<meta property=\"og:image:width\" content=\"2560\" \/>\n\t<meta property=\"og:image:height\" content=\"1707\" \/>\n\t<meta property=\"og:image:type\" content=\"image\/jpeg\" \/>\n<meta name=\"twitter:card\" content=\"summary_large_image\" \/>\n<meta name=\"twitter:site\" content=\"@loopkinglaces\" \/>\n<script type=\"application\/ld+json\" class=\"yoast-schema-graph\">{\"@context\":\"https:\\\/\\\/schema.org\",\"@graph\":[{\"@type\":[\"WebPage\",\"ItemPage\"],\"@id\":\"https:\\\/\\\/www.loopkinglaces.com\\\/pt-br\\\/products\\\/cadarcos-planos-de-algodao-dourado-com-pontas-douradas\\\/\",\"url\":\"https:\\\/\\\/www.loopkinglaces.com\\\/pt-br\\\/products\\\/cadarcos-planos-de-algodao-dourado-com-pontas-douradas\\\/\",\"name\":\"Cadar\u00e7os planos de algod\u00e3o dourado com pontas douradas\",\"isPartOf\":{\"@id\":\"https:\\\/\\\/www.loopkinglaces.com\\\/pt-br\\\/#website\"},\"primaryImageOfPage\":{\"@id\":\"https:\\\/\\\/www.loopkinglaces.com\\\/pt-br\\\/products\\\/cadarcos-planos-de-algodao-dourado-com-pontas-douradas\\\/#primaryimage\"},\"image\":{\"@id\":\"https:\\\/\\\/www.loopkinglaces.com\\\/pt-br\\\/products\\\/cadarcos-planos-de-algodao-dourado-com-pontas-douradas\\\/#primaryimage\"},\"thumbnailUrl\":\"https:\\\/\\\/www.loopkinglaces.com\\\/wp-content\\\/uploads\\\/0415A-16-scaled.jpg\",\"datePublished\":\"2024-05-10T14:33:25+00:00\",\"description\":\"Eleve seu estilo com nossos cadar\u00e7os Flat Cotton Gold Shoelaces. Fabricados com materiais de primeira linha, esses cadar\u00e7os chamativos oferecem durabilidade de 3x.\",\"breadcrumb\":{\"@id\":\"https:\\\/\\\/www.loopkinglaces.com\\\/pt-br\\\/products\\\/cadarcos-planos-de-algodao-dourado-com-pontas-douradas\\\/#breadcrumb\"},\"inLanguage\":\"pt-BR\",\"potentialAction\":[{\"@type\":\"ReadAction\",\"target\":[\"https:\\\/\\\/www.loopkinglaces.com\\\/pt-br\\\/products\\\/cadarcos-planos-de-algodao-dourado-com-pontas-douradas\\\/\"]}]},{\"@type\":\"ImageObject\",\"inLanguage\":\"pt-BR\",\"@id\":\"https:\\\/\\\/www.loopkinglaces.com\\\/pt-br\\\/products\\\/cadarcos-planos-de-algodao-dourado-com-pontas-douradas\\\/#primaryimage\",\"url\":\"https:\\\/\\\/www.loopkinglaces.com\\\/wp-content\\\/uploads\\\/0415A-16-scaled.jpg\",\"contentUrl\":\"https:\\\/\\\/www.loopkinglaces.com\\\/wp-content\\\/uploads\\\/0415A-16-scaled.jpg\",\"width\":2560,\"height\":1707},{\"@type\":\"BreadcrumbList\",\"@id\":\"https:\\\/\\\/www.loopkinglaces.com\\\/pt-br\\\/products\\\/cadarcos-planos-de-algodao-dourado-com-pontas-douradas\\\/#breadcrumb\",\"itemListElement\":[{\"@type\":\"ListItem\",\"position\":1,\"name\":\"Home\",\"item\":\"https:\\\/\\\/www.loopkinglaces.com\\\/pt-br\\\/\"},{\"@type\":\"ListItem\",\"position\":2,\"name\":\"BUY LACES\",\"item\":\"https:\\\/\\\/www.loopkinglaces.com\\\/buy-laces\\\/\"},{\"@type\":\"ListItem\",\"position\":3,\"name\":\"Cadar\u00e7os planos de algod\u00e3o dourado com pontas douradas\"}]},{\"@type\":\"WebSite\",\"@id\":\"https:\\\/\\\/www.loopkinglaces.com\\\/pt-br\\\/#website\",\"url\":\"https:\\\/\\\/www.loopkinglaces.com\\\/pt-br\\\/\",\"name\":\"Luxury Gold Tip Shoelaces by Loop King Laces\",\"description\":\"Rope Laces, Flat Waxed Laces and Leather Laces. All With Gold Tips.\",\"publisher\":{\"@id\":\"https:\\\/\\\/www.loopkinglaces.com\\\/pt-br\\\/#organization\"},\"potentialAction\":[{\"@type\":\"SearchAction\",\"target\":{\"@type\":\"EntryPoint\",\"urlTemplate\":\"https:\\\/\\\/www.loopkinglaces.com\\\/pt-br\\\/?s={search_term_string}\"},\"query-input\":{\"@type\":\"PropertyValueSpecification\",\"valueRequired\":true,\"valueName\":\"search_term_string\"}}],\"inLanguage\":\"pt-BR\"},{\"@type\":\"Organization\",\"@id\":\"https:\\\/\\\/www.loopkinglaces.com\\\/pt-br\\\/#organization\",\"name\":\"Loop King Laces\",\"url\":\"https:\\\/\\\/www.loopkinglaces.com\\\/pt-br\\\/\",\"logo\":{\"@type\":\"ImageObject\",\"inLanguage\":\"pt-BR\",\"@id\":\"https:\\\/\\\/www.loopkinglaces.com\\\/pt-br\\\/#\\\/schema\\\/logo\\\/image\\\/\",\"url\":\"https:\\\/\\\/www.loopkinglaces.com\\\/wp-content\\\/uploads\\\/LOOP-KING-LACES.1.1-01-LOGO-HI-RES-OFFICIAL-1.png\",\"contentUrl\":\"https:\\\/\\\/www.loopkinglaces.com\\\/wp-content\\\/uploads\\\/LOOP-KING-LACES.1.1-01-LOGO-HI-RES-OFFICIAL-1.png\",\"width\":128,\"height\":91,\"caption\":\"Loop King Laces\"},\"image\":{\"@id\":\"https:\\\/\\\/www.loopkinglaces.com\\\/pt-br\\\/#\\\/schema\\\/logo\\\/image\\\/\"},\"sameAs\":[\"https:\\\/\\\/www.facebook.com\\\/LoopKingLaces\\\/\",\"https:\\\/\\\/x.com\\\/loopkinglaces\",\"https:\\\/\\\/www.instagram.com\\\/loopkinglaces\\\/\"]}]}<\/script>\n<!-- \/ Yoast SEO plugin. -->","yoast_head_json":{"title":"Cadar\u00e7os planos de algod\u00e3o dourado com pontas douradas","description":"Eleve seu estilo com nossos cadar\u00e7os Flat Cotton Gold Shoelaces. Fabricados com materiais de primeira linha, esses cadar\u00e7os chamativos oferecem durabilidade de 3x.","robots":{"index":"index","follow":"follow","max-snippet":"max-snippet:-1","max-image-preview":"max-image-preview:large","max-video-preview":"max-video-preview:-1"},"canonical":"https:\/\/www.loopkinglaces.com\/pt-br\/products\/cadarcos-planos-de-algodao-dourado-com-pontas-douradas\/","og_locale":"pt_BR","og_type":"article","og_title":"Cadar\u00e7os planos de algod\u00e3o dourado com pontas douradas","og_description":"Eleve seu estilo com nossos cadar\u00e7os Flat Cotton Gold Shoelaces. Fabricados com materiais de primeira linha, esses cadar\u00e7os chamativos oferecem durabilidade de 3x.","og_url":"https:\/\/www.loopkinglaces.com\/pt-br\/products\/cadarcos-planos-de-algodao-dourado-com-pontas-douradas\/","og_site_name":"Luxury Gold Tip Shoelaces by Loop King Laces","article_publisher":"https:\/\/www.facebook.com\/LoopKingLaces\/","og_image":[{"width":2560,"height":1707,"url":"https:\/\/www.loopkinglaces.com\/wp-content\/uploads\/0415A-16-scaled.jpg","type":"image\/jpeg"}],"twitter_card":"summary_large_image","twitter_site":"@loopkinglaces","schema":{"@context":"https:\/\/schema.org","@graph":[{"@type":["WebPage","ItemPage"],"@id":"https:\/\/www.loopkinglaces.com\/pt-br\/products\/cadarcos-planos-de-algodao-dourado-com-pontas-douradas\/","url":"https:\/\/www.loopkinglaces.com\/pt-br\/products\/cadarcos-planos-de-algodao-dourado-com-pontas-douradas\/","name":"Cadar\u00e7os planos de algod\u00e3o dourado com pontas douradas","isPartOf":{"@id":"https:\/\/www.loopkinglaces.com\/pt-br\/#website"},"primaryImageOfPage":{"@id":"https:\/\/www.loopkinglaces.com\/pt-br\/products\/cadarcos-planos-de-algodao-dourado-com-pontas-douradas\/#primaryimage"},"image":{"@id":"https:\/\/www.loopkinglaces.com\/pt-br\/products\/cadarcos-planos-de-algodao-dourado-com-pontas-douradas\/#primaryimage"},"thumbnailUrl":"https:\/\/www.loopkinglaces.com\/wp-content\/uploads\/0415A-16-scaled.jpg","datePublished":"2024-05-10T14:33:25+00:00","description":"Eleve seu estilo com nossos cadar\u00e7os Flat Cotton Gold Shoelaces. Fabricados com materiais de primeira linha, esses cadar\u00e7os chamativos oferecem durabilidade de 3x.","breadcrumb":{"@id":"https:\/\/www.loopkinglaces.com\/pt-br\/products\/cadarcos-planos-de-algodao-dourado-com-pontas-douradas\/#breadcrumb"},"inLanguage":"pt-BR","potentialAction":[{"@type":"ReadAction","target":["https:\/\/www.loopkinglaces.com\/pt-br\/products\/cadarcos-planos-de-algodao-dourado-com-pontas-douradas\/"]}]},{"@type":"ImageObject","inLanguage":"pt-BR","@id":"https:\/\/www.loopkinglaces.com\/pt-br\/products\/cadarcos-planos-de-algodao-dourado-com-pontas-douradas\/#primaryimage","url":"https:\/\/www.loopkinglaces.com\/wp-content\/uploads\/0415A-16-scaled.jpg","contentUrl":"https:\/\/www.loopkinglaces.com\/wp-content\/uploads\/0415A-16-scaled.jpg","width":2560,"height":1707},{"@type":"BreadcrumbList","@id":"https:\/\/www.loopkinglaces.com\/pt-br\/products\/cadarcos-planos-de-algodao-dourado-com-pontas-douradas\/#breadcrumb","itemListElement":[{"@type":"ListItem","position":1,"name":"Home","item":"https:\/\/www.loopkinglaces.com\/pt-br\/"},{"@type":"ListItem","position":2,"name":"BUY LACES","item":"https:\/\/www.loopkinglaces.com\/buy-laces\/"},{"@type":"ListItem","position":3,"name":"Cadar\u00e7os planos de algod\u00e3o dourado com pontas douradas"}]},{"@type":"WebSite","@id":"https:\/\/www.loopkinglaces.com\/pt-br\/#website","url":"https:\/\/www.loopkinglaces.com\/pt-br\/","name":"Luxury Gold Tip Shoelaces by Loop King Laces","description":"Rope Laces, Flat Waxed Laces and Leather Laces. All With Gold Tips.","publisher":{"@id":"https:\/\/www.loopkinglaces.com\/pt-br\/#organization"},"potentialAction":[{"@type":"SearchAction","target":{"@type":"EntryPoint","urlTemplate":"https:\/\/www.loopkinglaces.com\/pt-br\/?s={search_term_string}"},"query-input":{"@type":"PropertyValueSpecification","valueRequired":true,"valueName":"search_term_string"}}],"inLanguage":"pt-BR"},{"@type":"Organization","@id":"https:\/\/www.loopkinglaces.com\/pt-br\/#organization","name":"Loop King Laces","url":"https:\/\/www.loopkinglaces.com\/pt-br\/","logo":{"@type":"ImageObject","inLanguage":"pt-BR","@id":"https:\/\/www.loopkinglaces.com\/pt-br\/#\/schema\/logo\/image\/","url":"https:\/\/www.loopkinglaces.com\/wp-content\/uploads\/LOOP-KING-LACES.1.1-01-LOGO-HI-RES-OFFICIAL-1.png","contentUrl":"https:\/\/www.loopkinglaces.com\/wp-content\/uploads\/LOOP-KING-LACES.1.1-01-LOGO-HI-RES-OFFICIAL-1.png","width":128,"height":91,"caption":"Loop King Laces"},"image":{"@id":"https:\/\/www.loopkinglaces.com\/pt-br\/#\/schema\/logo\/image\/"},"sameAs":["https:\/\/www.facebook.com\/LoopKingLaces\/","https:\/\/x.com\/loopkinglaces","https:\/\/www.instagram.com\/loopkinglaces\/"]}]}},"_links":{"self":[{"href":"https:\/\/www.loopkinglaces.com\/pt-br\/wp-json\/wp\/v2\/product\/80029","targetHints":{"allow":["GET"]}}],"collection":[{"href":"https:\/\/www.loopkinglaces.com\/pt-br\/wp-json\/wp\/v2\/product"}],"about":[{"href":"https:\/\/www.loopkinglaces.com\/pt-br\/wp-json\/wp\/v2\/types\/product"}],"replies":[{"embeddable":true,"href":"https:\/\/www.loopkinglaces.com\/pt-br\/wp-json\/wp\/v2\/comments?post=80029"}],"wp:featuredmedia":[{"embeddable":true,"href":"https:\/\/www.loopkinglaces.com\/pt-br\/wp-json\/wp\/v2\/media\/80031"}],"wp:attachment":[{"href":"https:\/\/www.loopkinglaces.com\/pt-br\/wp-json\/wp\/v2\/media?parent=80029"}],"wp:term":[{"taxonomy":"product_brand","embeddable":true,"href":"https:\/\/www.loopkinglaces.com\/pt-br\/wp-json\/wp\/v2\/product_brand?post=80029"},{"taxonomy":"product_cat","embeddable":true,"href":"https:\/\/www.loopkinglaces.com\/pt-br\/wp-json\/wp\/v2\/product_cat?post=80029"},{"taxonomy":"product_tag","embeddable":true,"href":"https:\/\/www.loopkinglaces.com\/pt-br\/wp-json\/wp\/v2\/product_tag?post=80029"},{"taxonomy":"woo-feed-brand","embeddable":true,"href":"https:\/\/www.loopkinglaces.com\/pt-br\/wp-json\/wp\/v2\/woo-feed-brand?post=80029"}],"curies":[{"name":"wp","href":"https:\/\/api.w.org\/{rel}","templated":true}]}}