{"id":80011,"date":"2024-05-10T16:50:48","date_gmt":"2024-05-10T16:50:48","guid":{"rendered":"https:\/\/www.loopkinglaces.com\/products\/bolsa-de-sapatos-preta-elegante-com-um-sofisticado-cordao-de-couro-branco\/"},"modified":"2024-05-10T16:50:48","modified_gmt":"2024-05-10T16:50:48","slug":"bolsa-de-sapatos-preta-elegante-com-um-sofisticado-cordao-de-couro-branco","status":"publish","type":"product","link":"https:\/\/www.loopkinglaces.com\/pt-br\/products\/bolsa-de-sapatos-preta-elegante-com-um-sofisticado-cordao-de-couro-branco\/","title":{"rendered":"Bolsa de sapatos preta elegante com um sofisticado cord\u00e3o de couro branco"},"content":{"rendered":"","protected":false},"excerpt":{"rendered":"<p><strong>Bolsa de sapatos preta com cord\u00e3o de couro branco<\/strong><\/p>\n<p>Melhore o armazenamento de seus cal\u00e7ados com esta Shoebag preta com um cord\u00e3o de couro branco. Elegante, dur\u00e1vel e projetada para ser pr\u00e1tica e estilosa. <\/p>\n<p><strong>Caracter\u00edsticas:<\/strong><\/p>\n<ul>\n<li><strong>Design elegante:<\/strong> Bolsa preta com um cord\u00e3o de couro branco contrastante.<\/li>\n<li><strong>Qualidade superior:<\/strong> Tecido dur\u00e1vel para uso prolongado.<\/li>\n<li><strong>Fechamento seguro:<\/strong> O cord\u00e3o de couro mant\u00e9m seus sapatos seguros e organizados.<\/li>\n<li><strong>F\u00e1cil de viajar:<\/strong> Leve e compacto para facilitar o transporte.<\/li>\n<\/ul>\n","protected":false},"featured_media":57159,"comment_status":"closed","ping_status":"closed","template":"","meta":{"_acf_changed":false},"product_brand":[],"product_cat":[2009],"product_tag":[],"woo-feed-brand":[],"class_list":{"0":"post-80011","1":"product","2":"type-product","3":"status-publish","4":"has-post-thumbnail","6":"product_cat-sem-categoria","8":"first","9":"instock","10":"taxable","11":"shipping-taxable","12":"purchasable","13":"product-type-simple"},"acf":[],"yoast_head":"<!-- This site is optimized with the Yoast SEO plugin v27.5 - https:\/\/yoast.com\/product\/yoast-seo-wordpress\/ -->\n<title>Sacola de sapatos preta com cord\u00e3o de couro branco - armazenamento elegante de cal\u00e7ados<\/title>\n<meta name=\"description\" content=\"Bolsa de sapatos preta elegante com um cord\u00e3o de couro branco. Elegante, dur\u00e1vel e perfeita para viagens ou para guardar sapatos em casa.\" \/>\n<meta name=\"robots\" content=\"index, follow, max-snippet:-1, max-image-preview:large, max-video-preview:-1\" \/>\n<link rel=\"canonical\" href=\"https:\/\/www.loopkinglaces.com\/pt-br\/products\/bolsa-de-sapatos-preta-elegante-com-um-sofisticado-cordao-de-couro-branco\/\" \/>\n<meta property=\"og:locale\" content=\"pt_BR\" \/>\n<meta property=\"og:type\" content=\"article\" \/>\n<meta property=\"og:title\" content=\"Sacola de sapatos preta com cord\u00e3o de couro branco - armazenamento elegante de cal\u00e7ados\" \/>\n<meta property=\"og:description\" content=\"Bolsa de sapatos preta elegante com um cord\u00e3o de couro branco. Elegante, dur\u00e1vel e perfeita para viagens ou para guardar sapatos em casa.\" \/>\n<meta property=\"og:url\" content=\"https:\/\/www.loopkinglaces.com\/pt-br\/products\/bolsa-de-sapatos-preta-elegante-com-um-sofisticado-cordao-de-couro-branco\/\" \/>\n<meta property=\"og:site_name\" content=\"Luxury Gold Tip Shoelaces by Loop King Laces\" \/>\n<meta property=\"article:publisher\" content=\"https:\/\/www.facebook.com\/LoopKingLaces\/\" \/>\n<meta property=\"og:image\" content=\"https:\/\/www.loopkinglaces.com\/wp-content\/uploads\/0412A-48-scaled.jpg\" \/>\n\t<meta property=\"og:image:width\" content=\"2560\" \/>\n\t<meta property=\"og:image:height\" content=\"1707\" \/>\n\t<meta property=\"og:image:type\" content=\"image\/jpeg\" \/>\n<meta name=\"twitter:card\" content=\"summary_large_image\" \/>\n<meta name=\"twitter:site\" content=\"@loopkinglaces\" \/>\n<script type=\"application\/ld+json\" class=\"yoast-schema-graph\">{\"@context\":\"https:\\\/\\\/schema.org\",\"@graph\":[{\"@type\":[\"WebPage\",\"ItemPage\"],\"@id\":\"https:\\\/\\\/www.loopkinglaces.com\\\/pt-br\\\/products\\\/bolsa-de-sapatos-preta-elegante-com-um-sofisticado-cordao-de-couro-branco\\\/\",\"url\":\"https:\\\/\\\/www.loopkinglaces.com\\\/pt-br\\\/products\\\/bolsa-de-sapatos-preta-elegante-com-um-sofisticado-cordao-de-couro-branco\\\/\",\"name\":\"Sacola de sapatos preta com cord\u00e3o de couro branco - armazenamento elegante de cal\u00e7ados\",\"isPartOf\":{\"@id\":\"https:\\\/\\\/www.loopkinglaces.com\\\/pt-br\\\/#website\"},\"primaryImageOfPage\":{\"@id\":\"https:\\\/\\\/www.loopkinglaces.com\\\/pt-br\\\/products\\\/bolsa-de-sapatos-preta-elegante-com-um-sofisticado-cordao-de-couro-branco\\\/#primaryimage\"},\"image\":{\"@id\":\"https:\\\/\\\/www.loopkinglaces.com\\\/pt-br\\\/products\\\/bolsa-de-sapatos-preta-elegante-com-um-sofisticado-cordao-de-couro-branco\\\/#primaryimage\"},\"thumbnailUrl\":\"https:\\\/\\\/www.loopkinglaces.com\\\/wp-content\\\/uploads\\\/0412A-48-scaled.jpg\",\"datePublished\":\"2024-05-10T16:50:48+00:00\",\"description\":\"Bolsa de sapatos preta elegante com um cord\u00e3o de couro branco. Elegante, dur\u00e1vel e perfeita para viagens ou para guardar sapatos em casa.\",\"breadcrumb\":{\"@id\":\"https:\\\/\\\/www.loopkinglaces.com\\\/pt-br\\\/products\\\/bolsa-de-sapatos-preta-elegante-com-um-sofisticado-cordao-de-couro-branco\\\/#breadcrumb\"},\"inLanguage\":\"pt-BR\",\"potentialAction\":[{\"@type\":\"ReadAction\",\"target\":[\"https:\\\/\\\/www.loopkinglaces.com\\\/pt-br\\\/products\\\/bolsa-de-sapatos-preta-elegante-com-um-sofisticado-cordao-de-couro-branco\\\/\"]}]},{\"@type\":\"ImageObject\",\"inLanguage\":\"pt-BR\",\"@id\":\"https:\\\/\\\/www.loopkinglaces.com\\\/pt-br\\\/products\\\/bolsa-de-sapatos-preta-elegante-com-um-sofisticado-cordao-de-couro-branco\\\/#primaryimage\",\"url\":\"https:\\\/\\\/www.loopkinglaces.com\\\/wp-content\\\/uploads\\\/0412A-48-scaled.jpg\",\"contentUrl\":\"https:\\\/\\\/www.loopkinglaces.com\\\/wp-content\\\/uploads\\\/0412A-48-scaled.jpg\",\"width\":2560,\"height\":1707},{\"@type\":\"BreadcrumbList\",\"@id\":\"https:\\\/\\\/www.loopkinglaces.com\\\/pt-br\\\/products\\\/bolsa-de-sapatos-preta-elegante-com-um-sofisticado-cordao-de-couro-branco\\\/#breadcrumb\",\"itemListElement\":[{\"@type\":\"ListItem\",\"position\":1,\"name\":\"Home\",\"item\":\"https:\\\/\\\/www.loopkinglaces.com\\\/pt-br\\\/\"},{\"@type\":\"ListItem\",\"position\":2,\"name\":\"BUY LACES\",\"item\":\"https:\\\/\\\/www.loopkinglaces.com\\\/buy-laces\\\/\"},{\"@type\":\"ListItem\",\"position\":3,\"name\":\"Bolsa de sapatos preta elegante com um sofisticado cord\u00e3o de couro branco\"}]},{\"@type\":\"WebSite\",\"@id\":\"https:\\\/\\\/www.loopkinglaces.com\\\/pt-br\\\/#website\",\"url\":\"https:\\\/\\\/www.loopkinglaces.com\\\/pt-br\\\/\",\"name\":\"Luxury Gold Tip Shoelaces by Loop King Laces\",\"description\":\"Rope Laces, Flat Waxed Laces and Leather Laces. All With Gold Tips.\",\"publisher\":{\"@id\":\"https:\\\/\\\/www.loopkinglaces.com\\\/pt-br\\\/#organization\"},\"potentialAction\":[{\"@type\":\"SearchAction\",\"target\":{\"@type\":\"EntryPoint\",\"urlTemplate\":\"https:\\\/\\\/www.loopkinglaces.com\\\/pt-br\\\/?s={search_term_string}\"},\"query-input\":{\"@type\":\"PropertyValueSpecification\",\"valueRequired\":true,\"valueName\":\"search_term_string\"}}],\"inLanguage\":\"pt-BR\"},{\"@type\":\"Organization\",\"@id\":\"https:\\\/\\\/www.loopkinglaces.com\\\/pt-br\\\/#organization\",\"name\":\"Loop King Laces\",\"url\":\"https:\\\/\\\/www.loopkinglaces.com\\\/pt-br\\\/\",\"logo\":{\"@type\":\"ImageObject\",\"inLanguage\":\"pt-BR\",\"@id\":\"https:\\\/\\\/www.loopkinglaces.com\\\/pt-br\\\/#\\\/schema\\\/logo\\\/image\\\/\",\"url\":\"https:\\\/\\\/www.loopkinglaces.com\\\/wp-content\\\/uploads\\\/LOOP-KING-LACES.1.1-01-LOGO-HI-RES-OFFICIAL-1.png\",\"contentUrl\":\"https:\\\/\\\/www.loopkinglaces.com\\\/wp-content\\\/uploads\\\/LOOP-KING-LACES.1.1-01-LOGO-HI-RES-OFFICIAL-1.png\",\"width\":128,\"height\":91,\"caption\":\"Loop King Laces\"},\"image\":{\"@id\":\"https:\\\/\\\/www.loopkinglaces.com\\\/pt-br\\\/#\\\/schema\\\/logo\\\/image\\\/\"},\"sameAs\":[\"https:\\\/\\\/www.facebook.com\\\/LoopKingLaces\\\/\",\"https:\\\/\\\/x.com\\\/loopkinglaces\",\"https:\\\/\\\/www.instagram.com\\\/loopkinglaces\\\/\"]}]}<\/script>\n<!-- \/ Yoast SEO plugin. -->","yoast_head_json":{"title":"Sacola de sapatos preta com cord\u00e3o de couro branco - armazenamento elegante de cal\u00e7ados","description":"Bolsa de sapatos preta elegante com um cord\u00e3o de couro branco. Elegante, dur\u00e1vel e perfeita para viagens ou para guardar sapatos em casa.","robots":{"index":"index","follow":"follow","max-snippet":"max-snippet:-1","max-image-preview":"max-image-preview:large","max-video-preview":"max-video-preview:-1"},"canonical":"https:\/\/www.loopkinglaces.com\/pt-br\/products\/bolsa-de-sapatos-preta-elegante-com-um-sofisticado-cordao-de-couro-branco\/","og_locale":"pt_BR","og_type":"article","og_title":"Sacola de sapatos preta com cord\u00e3o de couro branco - armazenamento elegante de cal\u00e7ados","og_description":"Bolsa de sapatos preta elegante com um cord\u00e3o de couro branco. Elegante, dur\u00e1vel e perfeita para viagens ou para guardar sapatos em casa.","og_url":"https:\/\/www.loopkinglaces.com\/pt-br\/products\/bolsa-de-sapatos-preta-elegante-com-um-sofisticado-cordao-de-couro-branco\/","og_site_name":"Luxury Gold Tip Shoelaces by Loop King Laces","article_publisher":"https:\/\/www.facebook.com\/LoopKingLaces\/","og_image":[{"width":2560,"height":1707,"url":"https:\/\/www.loopkinglaces.com\/wp-content\/uploads\/0412A-48-scaled.jpg","type":"image\/jpeg"}],"twitter_card":"summary_large_image","twitter_site":"@loopkinglaces","schema":{"@context":"https:\/\/schema.org","@graph":[{"@type":["WebPage","ItemPage"],"@id":"https:\/\/www.loopkinglaces.com\/pt-br\/products\/bolsa-de-sapatos-preta-elegante-com-um-sofisticado-cordao-de-couro-branco\/","url":"https:\/\/www.loopkinglaces.com\/pt-br\/products\/bolsa-de-sapatos-preta-elegante-com-um-sofisticado-cordao-de-couro-branco\/","name":"Sacola de sapatos preta com cord\u00e3o de couro branco - armazenamento elegante de cal\u00e7ados","isPartOf":{"@id":"https:\/\/www.loopkinglaces.com\/pt-br\/#website"},"primaryImageOfPage":{"@id":"https:\/\/www.loopkinglaces.com\/pt-br\/products\/bolsa-de-sapatos-preta-elegante-com-um-sofisticado-cordao-de-couro-branco\/#primaryimage"},"image":{"@id":"https:\/\/www.loopkinglaces.com\/pt-br\/products\/bolsa-de-sapatos-preta-elegante-com-um-sofisticado-cordao-de-couro-branco\/#primaryimage"},"thumbnailUrl":"https:\/\/www.loopkinglaces.com\/wp-content\/uploads\/0412A-48-scaled.jpg","datePublished":"2024-05-10T16:50:48+00:00","description":"Bolsa de sapatos preta elegante com um cord\u00e3o de couro branco. Elegante, dur\u00e1vel e perfeita para viagens ou para guardar sapatos em casa.","breadcrumb":{"@id":"https:\/\/www.loopkinglaces.com\/pt-br\/products\/bolsa-de-sapatos-preta-elegante-com-um-sofisticado-cordao-de-couro-branco\/#breadcrumb"},"inLanguage":"pt-BR","potentialAction":[{"@type":"ReadAction","target":["https:\/\/www.loopkinglaces.com\/pt-br\/products\/bolsa-de-sapatos-preta-elegante-com-um-sofisticado-cordao-de-couro-branco\/"]}]},{"@type":"ImageObject","inLanguage":"pt-BR","@id":"https:\/\/www.loopkinglaces.com\/pt-br\/products\/bolsa-de-sapatos-preta-elegante-com-um-sofisticado-cordao-de-couro-branco\/#primaryimage","url":"https:\/\/www.loopkinglaces.com\/wp-content\/uploads\/0412A-48-scaled.jpg","contentUrl":"https:\/\/www.loopkinglaces.com\/wp-content\/uploads\/0412A-48-scaled.jpg","width":2560,"height":1707},{"@type":"BreadcrumbList","@id":"https:\/\/www.loopkinglaces.com\/pt-br\/products\/bolsa-de-sapatos-preta-elegante-com-um-sofisticado-cordao-de-couro-branco\/#breadcrumb","itemListElement":[{"@type":"ListItem","position":1,"name":"Home","item":"https:\/\/www.loopkinglaces.com\/pt-br\/"},{"@type":"ListItem","position":2,"name":"BUY LACES","item":"https:\/\/www.loopkinglaces.com\/buy-laces\/"},{"@type":"ListItem","position":3,"name":"Bolsa de sapatos preta elegante com um sofisticado cord\u00e3o de couro branco"}]},{"@type":"WebSite","@id":"https:\/\/www.loopkinglaces.com\/pt-br\/#website","url":"https:\/\/www.loopkinglaces.com\/pt-br\/","name":"Luxury Gold Tip Shoelaces by Loop King Laces","description":"Rope Laces, Flat Waxed Laces and Leather Laces. All With Gold Tips.","publisher":{"@id":"https:\/\/www.loopkinglaces.com\/pt-br\/#organization"},"potentialAction":[{"@type":"SearchAction","target":{"@type":"EntryPoint","urlTemplate":"https:\/\/www.loopkinglaces.com\/pt-br\/?s={search_term_string}"},"query-input":{"@type":"PropertyValueSpecification","valueRequired":true,"valueName":"search_term_string"}}],"inLanguage":"pt-BR"},{"@type":"Organization","@id":"https:\/\/www.loopkinglaces.com\/pt-br\/#organization","name":"Loop King Laces","url":"https:\/\/www.loopkinglaces.com\/pt-br\/","logo":{"@type":"ImageObject","inLanguage":"pt-BR","@id":"https:\/\/www.loopkinglaces.com\/pt-br\/#\/schema\/logo\/image\/","url":"https:\/\/www.loopkinglaces.com\/wp-content\/uploads\/LOOP-KING-LACES.1.1-01-LOGO-HI-RES-OFFICIAL-1.png","contentUrl":"https:\/\/www.loopkinglaces.com\/wp-content\/uploads\/LOOP-KING-LACES.1.1-01-LOGO-HI-RES-OFFICIAL-1.png","width":128,"height":91,"caption":"Loop King Laces"},"image":{"@id":"https:\/\/www.loopkinglaces.com\/pt-br\/#\/schema\/logo\/image\/"},"sameAs":["https:\/\/www.facebook.com\/LoopKingLaces\/","https:\/\/x.com\/loopkinglaces","https:\/\/www.instagram.com\/loopkinglaces\/"]}]}},"_links":{"self":[{"href":"https:\/\/www.loopkinglaces.com\/pt-br\/wp-json\/wp\/v2\/product\/80011","targetHints":{"allow":["GET"]}}],"collection":[{"href":"https:\/\/www.loopkinglaces.com\/pt-br\/wp-json\/wp\/v2\/product"}],"about":[{"href":"https:\/\/www.loopkinglaces.com\/pt-br\/wp-json\/wp\/v2\/types\/product"}],"replies":[{"embeddable":true,"href":"https:\/\/www.loopkinglaces.com\/pt-br\/wp-json\/wp\/v2\/comments?post=80011"}],"wp:featuredmedia":[{"embeddable":true,"href":"https:\/\/www.loopkinglaces.com\/pt-br\/wp-json\/wp\/v2\/media\/57159"}],"wp:attachment":[{"href":"https:\/\/www.loopkinglaces.com\/pt-br\/wp-json\/wp\/v2\/media?parent=80011"}],"wp:term":[{"taxonomy":"product_brand","embeddable":true,"href":"https:\/\/www.loopkinglaces.com\/pt-br\/wp-json\/wp\/v2\/product_brand?post=80011"},{"taxonomy":"product_cat","embeddable":true,"href":"https:\/\/www.loopkinglaces.com\/pt-br\/wp-json\/wp\/v2\/product_cat?post=80011"},{"taxonomy":"product_tag","embeddable":true,"href":"https:\/\/www.loopkinglaces.com\/pt-br\/wp-json\/wp\/v2\/product_tag?post=80011"},{"taxonomy":"woo-feed-brand","embeddable":true,"href":"https:\/\/www.loopkinglaces.com\/pt-br\/wp-json\/wp\/v2\/woo-feed-brand?post=80011"}],"curies":[{"name":"wp","href":"https:\/\/api.w.org\/{rel}","templated":true}]}}