{"id":80010,"date":"2024-05-10T14:18:13","date_gmt":"2024-05-10T14:18:13","guid":{"rendered":"https:\/\/www.loopkinglaces.com\/products\/cadarcos-planos-de-algodao-amarelo-com-pontas-douradas\/"},"modified":"2024-05-10T14:18:13","modified_gmt":"2024-05-10T14:18:13","slug":"cadarcos-planos-de-algodao-amarelo-com-pontas-douradas","status":"publish","type":"product","link":"https:\/\/www.loopkinglaces.com\/pt-br\/products\/cadarcos-planos-de-algodao-amarelo-com-pontas-douradas\/","title":{"rendered":"Cadar\u00e7os planos de algod\u00e3o amarelo com pontas douradas"},"content":{"rendered":"<p>Voc\u00ea pode andar com confian\u00e7a com os nossos cadar\u00e7os amarelos de algod\u00e3o planos, adornados com sofisticadas pontas douradas.<br \/>\nFeitos de algod\u00e3o macio de primeira qualidade, esses cadar\u00e7os finos complementam sem esfor\u00e7o suas botas, sapatos sociais, t\u00eanis e outros cal\u00e7ados das principais marcas.<br \/>\nTroque-os sem problemas e continue andando com estilo!  <\/p>\n","protected":false},"excerpt":{"rendered":"<p><strong>Cadar\u00e7os planos de algod\u00e3o amarelo com pontas douradas<\/strong><\/p>\n<p>Voc\u00ea pode se movimentar com estilo com os nossos elegantes cadar\u00e7os amarelos de algod\u00e3o plano com luxuosas pontas douradas. Feitos de algod\u00e3o premium de toque macio, esses cadar\u00e7os finos e vers\u00e1teis elevam suas botas, sapatos sociais, t\u00eanis e muito mais. Troque-os facilmente entre seus pares favoritos e saia com confian\u00e7a! Os principais recursos incluem:  <\/p>\n<ul>\n<li style=\"font-weight: 400;\" aria-level=\"1\">Materiais de qualidade superior<\/li>\n<li style=\"font-weight: 400;\" aria-level=\"1\">Embalagem selada e impressionante<\/li>\n<li style=\"font-weight: 400;\" aria-level=\"1\">V\u00e1rios comprimentos est\u00e3o dispon\u00edveis<\/li>\n<li style=\"font-weight: 400;\" aria-level=\"1\">Serve para todas as principais marcas (Nike, Adidas, Reebok, Converse, Vans)<\/li>\n<li style=\"font-weight: 400;\" aria-level=\"1\">Pontas douradas em relevo<\/li>\n<\/ul>\n","protected":false},"featured_media":80016,"comment_status":"open","ping_status":"closed","template":"","meta":{"_acf_changed":false},"product_brand":[],"product_cat":[2020,2023,2022,2021,1858,2025,2026,1965,1956,1876,2024,1892,1936,1860,1861,1856],"product_tag":[1868,1904,2019,2017,1867,2018,1870,1871],"woo-feed-brand":[],"class_list":{"0":"post-80010","1":"product","2":"type-product","3":"status-publish","4":"has-post-thumbnail","6":"product_cat-cadarcos-adidas-de-alta-qualidade-para-melhorar-seu-visual","7":"product_cat-cadarcos-amarelos-para-adicionar-um-raio-de-sol-ao-seu-calcado","8":"product_cat-cadarcos-amarelos-para-botas-que-brilham-mais-do-que-todos-os-outros-e-se-encaixam-perfeitamente","9":"product_cat-cadarcos-coloridos-da-moda-para-tenis","10":"product_cat-cadarcos-com-ponta-de-ouro","11":"product_cat-cadarcos-de-algodao-premium-que-superam-as-outras-marcas-em-todos-os-sentidos","12":"product_cat-cadarcos-de-sapatos-kiwi-mais-do-que-apenas-uma-tendencia","13":"product_cat-cadarcos-de-sapatos-lanvin-eleve-cada-passo-que-voce-da","14":"product_cat-cadarcos-de-tenis-esportivos-nao-e-apenas-um-jogo-de-amarrar","15":"product_cat-cadarcos-nike-sb-modernos-e-de-primeira-linha","16":"product_cat-cadarcos-premium-pretos-e-amarelos-perfeitos-para-qualquer-estilo","17":"product_cat-escolha-entre-nossa-colecao-de-cadarcos-coloridos-de-alta-qualidade","18":"product_cat-excelentes-cadarcos-jordan-para-voce-renovar-seus-chutes-em-varias-cores","19":"product_cat-os-melhores-cadarcos-alexander-mcqueen-para-seus-tenis-de-ponta","20":"product_cat-os-resistentes-cadarcos-de-botas-thorogood-que-nunca-deixarao-voce-na-mao","21":"product_cat-todos-os-cadarcos","22":"product_tag-cadarcos","23":"product_tag-cadarcos-com-ponta-de-ouro","24":"product_tag-encerado-pt-br","25":"product_tag-encerado-plano","26":"product_tag-loop-king-pt-br","27":"product_tag-plano-pt-br","28":"product_tag-ponta-de-metal","29":"product_tag-preto","31":"first","32":"instock","33":"taxable","34":"shipping-taxable","35":"purchasable","36":"product-type-variable"},"acf":[],"yoast_head":"<!-- This site is optimized with the Yoast SEO plugin v27.5 - https:\/\/yoast.com\/product\/yoast-seo-wordpress\/ -->\n<title>Cadar\u00e7os planos de algod\u00e3o amarelo com pontas douradas<\/title>\n<meta name=\"description\" content=\"D\u00ea um upgrade em seus cal\u00e7ados com nossos cadar\u00e7os amarelos de algod\u00e3o plano com pontas douradas. Fabricados com materiais de primeira qualidade, esses cadar\u00e7os elegantes oferecem durabilidade de 3x.\" \/>\n<meta name=\"robots\" content=\"index, follow, max-snippet:-1, max-image-preview:large, max-video-preview:-1\" \/>\n<link rel=\"canonical\" href=\"https:\/\/www.loopkinglaces.com\/pt-br\/products\/cadarcos-planos-de-algodao-amarelo-com-pontas-douradas\/\" \/>\n<meta property=\"og:locale\" content=\"pt_BR\" \/>\n<meta property=\"og:type\" content=\"article\" \/>\n<meta property=\"og:title\" content=\"Cadar\u00e7os planos de algod\u00e3o amarelo com pontas douradas\" \/>\n<meta property=\"og:description\" content=\"D\u00ea um upgrade em seus cal\u00e7ados com nossos cadar\u00e7os amarelos de algod\u00e3o plano com pontas douradas. Fabricados com materiais de primeira qualidade, esses cadar\u00e7os elegantes oferecem durabilidade de 3x.\" \/>\n<meta property=\"og:url\" content=\"https:\/\/www.loopkinglaces.com\/pt-br\/products\/cadarcos-planos-de-algodao-amarelo-com-pontas-douradas\/\" \/>\n<meta property=\"og:site_name\" content=\"Luxury Gold Tip Shoelaces by Loop King Laces\" \/>\n<meta property=\"article:publisher\" content=\"https:\/\/www.facebook.com\/LoopKingLaces\/\" \/>\n<meta property=\"og:image\" content=\"https:\/\/www.loopkinglaces.com\/wp-content\/uploads\/0415A-17-scaled.jpg\" \/>\n\t<meta property=\"og:image:width\" content=\"2560\" \/>\n\t<meta property=\"og:image:height\" content=\"1707\" \/>\n\t<meta property=\"og:image:type\" content=\"image\/jpeg\" \/>\n<meta name=\"twitter:card\" content=\"summary_large_image\" \/>\n<meta name=\"twitter:site\" content=\"@loopkinglaces\" \/>\n<script type=\"application\/ld+json\" class=\"yoast-schema-graph\">{\"@context\":\"https:\\\/\\\/schema.org\",\"@graph\":[{\"@type\":[\"WebPage\",\"ItemPage\"],\"@id\":\"https:\\\/\\\/www.loopkinglaces.com\\\/pt-br\\\/products\\\/cadarcos-planos-de-algodao-amarelo-com-pontas-douradas\\\/\",\"url\":\"https:\\\/\\\/www.loopkinglaces.com\\\/pt-br\\\/products\\\/cadarcos-planos-de-algodao-amarelo-com-pontas-douradas\\\/\",\"name\":\"Cadar\u00e7os planos de algod\u00e3o amarelo com pontas douradas\",\"isPartOf\":{\"@id\":\"https:\\\/\\\/www.loopkinglaces.com\\\/pt-br\\\/#website\"},\"primaryImageOfPage\":{\"@id\":\"https:\\\/\\\/www.loopkinglaces.com\\\/pt-br\\\/products\\\/cadarcos-planos-de-algodao-amarelo-com-pontas-douradas\\\/#primaryimage\"},\"image\":{\"@id\":\"https:\\\/\\\/www.loopkinglaces.com\\\/pt-br\\\/products\\\/cadarcos-planos-de-algodao-amarelo-com-pontas-douradas\\\/#primaryimage\"},\"thumbnailUrl\":\"https:\\\/\\\/www.loopkinglaces.com\\\/wp-content\\\/uploads\\\/0415A-17-scaled.jpg\",\"datePublished\":\"2024-05-10T14:18:13+00:00\",\"description\":\"D\u00ea um upgrade em seus cal\u00e7ados com nossos cadar\u00e7os amarelos de algod\u00e3o plano com pontas douradas. Fabricados com materiais de primeira qualidade, esses cadar\u00e7os elegantes oferecem durabilidade de 3x.\",\"breadcrumb\":{\"@id\":\"https:\\\/\\\/www.loopkinglaces.com\\\/pt-br\\\/products\\\/cadarcos-planos-de-algodao-amarelo-com-pontas-douradas\\\/#breadcrumb\"},\"inLanguage\":\"pt-BR\",\"potentialAction\":[{\"@type\":\"ReadAction\",\"target\":[\"https:\\\/\\\/www.loopkinglaces.com\\\/pt-br\\\/products\\\/cadarcos-planos-de-algodao-amarelo-com-pontas-douradas\\\/\"]}]},{\"@type\":\"ImageObject\",\"inLanguage\":\"pt-BR\",\"@id\":\"https:\\\/\\\/www.loopkinglaces.com\\\/pt-br\\\/products\\\/cadarcos-planos-de-algodao-amarelo-com-pontas-douradas\\\/#primaryimage\",\"url\":\"https:\\\/\\\/www.loopkinglaces.com\\\/wp-content\\\/uploads\\\/0415A-17-scaled.jpg\",\"contentUrl\":\"https:\\\/\\\/www.loopkinglaces.com\\\/wp-content\\\/uploads\\\/0415A-17-scaled.jpg\",\"width\":2560,\"height\":1707},{\"@type\":\"BreadcrumbList\",\"@id\":\"https:\\\/\\\/www.loopkinglaces.com\\\/pt-br\\\/products\\\/cadarcos-planos-de-algodao-amarelo-com-pontas-douradas\\\/#breadcrumb\",\"itemListElement\":[{\"@type\":\"ListItem\",\"position\":1,\"name\":\"Home\",\"item\":\"https:\\\/\\\/www.loopkinglaces.com\\\/pt-br\\\/\"},{\"@type\":\"ListItem\",\"position\":2,\"name\":\"BUY LACES\",\"item\":\"https:\\\/\\\/www.loopkinglaces.com\\\/buy-laces\\\/\"},{\"@type\":\"ListItem\",\"position\":3,\"name\":\"Cadar\u00e7os planos de algod\u00e3o amarelo com pontas douradas\"}]},{\"@type\":\"WebSite\",\"@id\":\"https:\\\/\\\/www.loopkinglaces.com\\\/pt-br\\\/#website\",\"url\":\"https:\\\/\\\/www.loopkinglaces.com\\\/pt-br\\\/\",\"name\":\"Luxury Gold Tip Shoelaces by Loop King Laces\",\"description\":\"Rope Laces, Flat Waxed Laces and Leather Laces. All With Gold Tips.\",\"publisher\":{\"@id\":\"https:\\\/\\\/www.loopkinglaces.com\\\/pt-br\\\/#organization\"},\"potentialAction\":[{\"@type\":\"SearchAction\",\"target\":{\"@type\":\"EntryPoint\",\"urlTemplate\":\"https:\\\/\\\/www.loopkinglaces.com\\\/pt-br\\\/?s={search_term_string}\"},\"query-input\":{\"@type\":\"PropertyValueSpecification\",\"valueRequired\":true,\"valueName\":\"search_term_string\"}}],\"inLanguage\":\"pt-BR\"},{\"@type\":\"Organization\",\"@id\":\"https:\\\/\\\/www.loopkinglaces.com\\\/pt-br\\\/#organization\",\"name\":\"Loop King Laces\",\"url\":\"https:\\\/\\\/www.loopkinglaces.com\\\/pt-br\\\/\",\"logo\":{\"@type\":\"ImageObject\",\"inLanguage\":\"pt-BR\",\"@id\":\"https:\\\/\\\/www.loopkinglaces.com\\\/pt-br\\\/#\\\/schema\\\/logo\\\/image\\\/\",\"url\":\"https:\\\/\\\/www.loopkinglaces.com\\\/wp-content\\\/uploads\\\/LOOP-KING-LACES.1.1-01-LOGO-HI-RES-OFFICIAL-1.png\",\"contentUrl\":\"https:\\\/\\\/www.loopkinglaces.com\\\/wp-content\\\/uploads\\\/LOOP-KING-LACES.1.1-01-LOGO-HI-RES-OFFICIAL-1.png\",\"width\":128,\"height\":91,\"caption\":\"Loop King Laces\"},\"image\":{\"@id\":\"https:\\\/\\\/www.loopkinglaces.com\\\/pt-br\\\/#\\\/schema\\\/logo\\\/image\\\/\"},\"sameAs\":[\"https:\\\/\\\/www.facebook.com\\\/LoopKingLaces\\\/\",\"https:\\\/\\\/x.com\\\/loopkinglaces\",\"https:\\\/\\\/www.instagram.com\\\/loopkinglaces\\\/\"]}]}<\/script>\n<!-- \/ Yoast SEO plugin. -->","yoast_head_json":{"title":"Cadar\u00e7os planos de algod\u00e3o amarelo com pontas douradas","description":"D\u00ea um upgrade em seus cal\u00e7ados com nossos cadar\u00e7os amarelos de algod\u00e3o plano com pontas douradas. Fabricados com materiais de primeira qualidade, esses cadar\u00e7os elegantes oferecem durabilidade de 3x.","robots":{"index":"index","follow":"follow","max-snippet":"max-snippet:-1","max-image-preview":"max-image-preview:large","max-video-preview":"max-video-preview:-1"},"canonical":"https:\/\/www.loopkinglaces.com\/pt-br\/products\/cadarcos-planos-de-algodao-amarelo-com-pontas-douradas\/","og_locale":"pt_BR","og_type":"article","og_title":"Cadar\u00e7os planos de algod\u00e3o amarelo com pontas douradas","og_description":"D\u00ea um upgrade em seus cal\u00e7ados com nossos cadar\u00e7os amarelos de algod\u00e3o plano com pontas douradas. Fabricados com materiais de primeira qualidade, esses cadar\u00e7os elegantes oferecem durabilidade de 3x.","og_url":"https:\/\/www.loopkinglaces.com\/pt-br\/products\/cadarcos-planos-de-algodao-amarelo-com-pontas-douradas\/","og_site_name":"Luxury Gold Tip Shoelaces by Loop King Laces","article_publisher":"https:\/\/www.facebook.com\/LoopKingLaces\/","og_image":[{"width":2560,"height":1707,"url":"https:\/\/www.loopkinglaces.com\/wp-content\/uploads\/0415A-17-scaled.jpg","type":"image\/jpeg"}],"twitter_card":"summary_large_image","twitter_site":"@loopkinglaces","schema":{"@context":"https:\/\/schema.org","@graph":[{"@type":["WebPage","ItemPage"],"@id":"https:\/\/www.loopkinglaces.com\/pt-br\/products\/cadarcos-planos-de-algodao-amarelo-com-pontas-douradas\/","url":"https:\/\/www.loopkinglaces.com\/pt-br\/products\/cadarcos-planos-de-algodao-amarelo-com-pontas-douradas\/","name":"Cadar\u00e7os planos de algod\u00e3o amarelo com pontas douradas","isPartOf":{"@id":"https:\/\/www.loopkinglaces.com\/pt-br\/#website"},"primaryImageOfPage":{"@id":"https:\/\/www.loopkinglaces.com\/pt-br\/products\/cadarcos-planos-de-algodao-amarelo-com-pontas-douradas\/#primaryimage"},"image":{"@id":"https:\/\/www.loopkinglaces.com\/pt-br\/products\/cadarcos-planos-de-algodao-amarelo-com-pontas-douradas\/#primaryimage"},"thumbnailUrl":"https:\/\/www.loopkinglaces.com\/wp-content\/uploads\/0415A-17-scaled.jpg","datePublished":"2024-05-10T14:18:13+00:00","description":"D\u00ea um upgrade em seus cal\u00e7ados com nossos cadar\u00e7os amarelos de algod\u00e3o plano com pontas douradas. Fabricados com materiais de primeira qualidade, esses cadar\u00e7os elegantes oferecem durabilidade de 3x.","breadcrumb":{"@id":"https:\/\/www.loopkinglaces.com\/pt-br\/products\/cadarcos-planos-de-algodao-amarelo-com-pontas-douradas\/#breadcrumb"},"inLanguage":"pt-BR","potentialAction":[{"@type":"ReadAction","target":["https:\/\/www.loopkinglaces.com\/pt-br\/products\/cadarcos-planos-de-algodao-amarelo-com-pontas-douradas\/"]}]},{"@type":"ImageObject","inLanguage":"pt-BR","@id":"https:\/\/www.loopkinglaces.com\/pt-br\/products\/cadarcos-planos-de-algodao-amarelo-com-pontas-douradas\/#primaryimage","url":"https:\/\/www.loopkinglaces.com\/wp-content\/uploads\/0415A-17-scaled.jpg","contentUrl":"https:\/\/www.loopkinglaces.com\/wp-content\/uploads\/0415A-17-scaled.jpg","width":2560,"height":1707},{"@type":"BreadcrumbList","@id":"https:\/\/www.loopkinglaces.com\/pt-br\/products\/cadarcos-planos-de-algodao-amarelo-com-pontas-douradas\/#breadcrumb","itemListElement":[{"@type":"ListItem","position":1,"name":"Home","item":"https:\/\/www.loopkinglaces.com\/pt-br\/"},{"@type":"ListItem","position":2,"name":"BUY LACES","item":"https:\/\/www.loopkinglaces.com\/buy-laces\/"},{"@type":"ListItem","position":3,"name":"Cadar\u00e7os planos de algod\u00e3o amarelo com pontas douradas"}]},{"@type":"WebSite","@id":"https:\/\/www.loopkinglaces.com\/pt-br\/#website","url":"https:\/\/www.loopkinglaces.com\/pt-br\/","name":"Luxury Gold Tip Shoelaces by Loop King Laces","description":"Rope Laces, Flat Waxed Laces and Leather Laces. All With Gold Tips.","publisher":{"@id":"https:\/\/www.loopkinglaces.com\/pt-br\/#organization"},"potentialAction":[{"@type":"SearchAction","target":{"@type":"EntryPoint","urlTemplate":"https:\/\/www.loopkinglaces.com\/pt-br\/?s={search_term_string}"},"query-input":{"@type":"PropertyValueSpecification","valueRequired":true,"valueName":"search_term_string"}}],"inLanguage":"pt-BR"},{"@type":"Organization","@id":"https:\/\/www.loopkinglaces.com\/pt-br\/#organization","name":"Loop King Laces","url":"https:\/\/www.loopkinglaces.com\/pt-br\/","logo":{"@type":"ImageObject","inLanguage":"pt-BR","@id":"https:\/\/www.loopkinglaces.com\/pt-br\/#\/schema\/logo\/image\/","url":"https:\/\/www.loopkinglaces.com\/wp-content\/uploads\/LOOP-KING-LACES.1.1-01-LOGO-HI-RES-OFFICIAL-1.png","contentUrl":"https:\/\/www.loopkinglaces.com\/wp-content\/uploads\/LOOP-KING-LACES.1.1-01-LOGO-HI-RES-OFFICIAL-1.png","width":128,"height":91,"caption":"Loop King Laces"},"image":{"@id":"https:\/\/www.loopkinglaces.com\/pt-br\/#\/schema\/logo\/image\/"},"sameAs":["https:\/\/www.facebook.com\/LoopKingLaces\/","https:\/\/x.com\/loopkinglaces","https:\/\/www.instagram.com\/loopkinglaces\/"]}]}},"_links":{"self":[{"href":"https:\/\/www.loopkinglaces.com\/pt-br\/wp-json\/wp\/v2\/product\/80010","targetHints":{"allow":["GET"]}}],"collection":[{"href":"https:\/\/www.loopkinglaces.com\/pt-br\/wp-json\/wp\/v2\/product"}],"about":[{"href":"https:\/\/www.loopkinglaces.com\/pt-br\/wp-json\/wp\/v2\/types\/product"}],"replies":[{"embeddable":true,"href":"https:\/\/www.loopkinglaces.com\/pt-br\/wp-json\/wp\/v2\/comments?post=80010"}],"wp:featuredmedia":[{"embeddable":true,"href":"https:\/\/www.loopkinglaces.com\/pt-br\/wp-json\/wp\/v2\/media\/80016"}],"wp:attachment":[{"href":"https:\/\/www.loopkinglaces.com\/pt-br\/wp-json\/wp\/v2\/media?parent=80010"}],"wp:term":[{"taxonomy":"product_brand","embeddable":true,"href":"https:\/\/www.loopkinglaces.com\/pt-br\/wp-json\/wp\/v2\/product_brand?post=80010"},{"taxonomy":"product_cat","embeddable":true,"href":"https:\/\/www.loopkinglaces.com\/pt-br\/wp-json\/wp\/v2\/product_cat?post=80010"},{"taxonomy":"product_tag","embeddable":true,"href":"https:\/\/www.loopkinglaces.com\/pt-br\/wp-json\/wp\/v2\/product_tag?post=80010"},{"taxonomy":"woo-feed-brand","embeddable":true,"href":"https:\/\/www.loopkinglaces.com\/pt-br\/wp-json\/wp\/v2\/woo-feed-brand?post=80010"}],"curies":[{"name":"wp","href":"https:\/\/api.w.org\/{rel}","templated":true}]}}