{"id":79996,"date":"2024-05-10T16:18:11","date_gmt":"2024-05-10T16:18:11","guid":{"rendered":"https:\/\/www.loopkinglaces.com\/products\/elephant-black-grey-cement-laces-com-pontas-de-plastico-transparente\/"},"modified":"2024-05-10T16:18:11","modified_gmt":"2024-05-10T16:18:11","slug":"elephant-black-grey-cement-laces-com-pontas-de-plastico-transparente","status":"publish","type":"product","link":"https:\/\/www.loopkinglaces.com\/pt-br\/products\/elephant-black-grey-cement-laces-com-pontas-de-plastico-transparente\/","title":{"rendered":"Elephant Black Grey Cement Laces com pontas de pl\u00e1stico transparente"},"content":{"rendered":"<p>Quando seus t\u00eanis come\u00e7arem a perder o estilo, nossos cadar\u00e7os de cimento cinza-preto Elephant com pontas de pl\u00e1stico transparente s\u00e3o a atualiza\u00e7\u00e3o perfeita.<br \/>\nCom uma impress\u00e3o colorida realista com manchas dispersas, esses cadar\u00e7os revitalizar\u00e3o instantaneamente qualquer par antigo.<br \/>\nFabricados com materiais de primeira qualidade para maior durabilidade, as pontas em relevo n\u00e3o apenas oferecem um toque de luxo, mas tamb\u00e9m protegem contra o desgaste, proporcionando a voc\u00ea um design impec\u00e1vel e uma qualidade duradoura.  <\/p>\n","protected":false},"excerpt":{"rendered":"<p><strong>Elephant Black Grey Cement Laces com pontas de pl\u00e1stico transparente<\/strong><\/p>\n<p>Eleve o n\u00edvel dos seus t\u00eanis com os cadar\u00e7os de cimento cinza-preto Elephant com pontas de pl\u00e1stico transparente. Apresentando uma impress\u00e3o colorida impressionante com manchas espalhadas, eles dar\u00e3o nova vida a qualquer par cansado. Al\u00e9m de sua apar\u00eancia atraente, esses cadar\u00e7os s\u00e3o feitos de materiais de alta qualidade criados para durar. As pontas em relevo acrescentam um toque de sofistica\u00e7\u00e3o e evitam o desgaste, garantindo que voc\u00ea desfrute de um estilo marcante e de um acabamento superior. Os principais recursos incluem:   <\/p>\n<ul>\n<li><span style=\"font-weight: 400;\">Materiais de qualidade superior<\/span><\/li>\n<li><span style=\"font-weight: 400;\">Pontas em relevo<\/span><\/li>\n<li><span style=\"font-weight: 400;\">Embalagem selada e impressionante  <\/span><\/li>\n<li><span style=\"font-weight: 400;\">Linda estampa de cimento em cadar\u00e7os planos  <\/span><\/li>\n<li><span style=\"font-weight: 400;\">Durar\u00e1 mais do que outras marcas<\/span><\/li>\n<li><span style=\"font-weight: 400;\">V\u00e1rios comprimentos est\u00e3o dispon\u00edveis  <\/span><\/li>\n<\/ul>\n","protected":false},"featured_media":79999,"comment_status":"open","ping_status":"closed","template":"","meta":{"_acf_changed":false},"product_brand":[],"product_cat":[1895,1930,2016,2014,1956,2013,2015,1861,1856],"product_tag":[1868,1904,2019,2017,1867,2018,1870,1871],"woo-feed-brand":[],"class_list":{"0":"post-79996","1":"product","2":"type-product","3":"status-publish","4":"has-post-thumbnail","6":"product_cat-amarrando-os-cadarcos-divertidos-um-mergulho-em-cadarcos-empolgantes","7":"product_cat-cadarcos-de-botas-pretas-arrojadas-que-brilharao-mais-do-que-todos-os-outros","8":"product_cat-cadarcos-de-fita-um-divisor-de-aguas-na-moda-de-calcados","9":"product_cat-cadarcos-de-reposicao-de-luxo-para-tenis-tenis-botas-e-muito-mais","10":"product_cat-cadarcos-de-tenis-esportivos-nao-e-apenas-um-jogo-de-amarrar","11":"product_cat-cadarcos-pretos-premium-para-sapatos-elegantes-e-luxuosos","12":"product_cat-de-um-upgrade-no-estilo-de-seus-sapatos-com-cadarcos-de-cimento","13":"product_cat-os-resistentes-cadarcos-de-botas-thorogood-que-nunca-deixarao-voce-na-mao","14":"product_cat-todos-os-cadarcos","15":"product_tag-cadarcos","16":"product_tag-cadarcos-com-ponta-de-ouro","17":"product_tag-encerado-pt-br","18":"product_tag-encerado-plano","19":"product_tag-loop-king-pt-br","20":"product_tag-plano-pt-br","21":"product_tag-ponta-de-metal","22":"product_tag-preto","24":"first","25":"instock","26":"taxable","27":"shipping-taxable","28":"purchasable","29":"product-type-variable"},"acf":[],"yoast_head":"<!-- This site is optimized with the Yoast SEO plugin v27.5 - https:\/\/yoast.com\/product\/yoast-seo-wordpress\/ -->\n<title>Elephant Black Grey Cement Laces com pontas de pl\u00e1stico transparente<\/title>\n<meta name=\"description\" content=\"Melhore o estilo do seu cal\u00e7ado com facilidade! Nossos cadar\u00e7os Elephant Black Grey Cement com pontas de pl\u00e1stico transparente foram criados para destacar qualquer silhueta de t\u00eanis.\" \/>\n<meta name=\"robots\" content=\"index, follow, max-snippet:-1, max-image-preview:large, max-video-preview:-1\" \/>\n<link rel=\"canonical\" href=\"https:\/\/www.loopkinglaces.com\/pt-br\/products\/elephant-black-grey-cement-laces-com-pontas-de-plastico-transparente\/\" \/>\n<meta property=\"og:locale\" content=\"pt_BR\" \/>\n<meta property=\"og:type\" content=\"article\" \/>\n<meta property=\"og:title\" content=\"Elephant Black Grey Cement Laces com pontas de pl\u00e1stico transparente\" \/>\n<meta property=\"og:description\" content=\"Melhore o estilo do seu cal\u00e7ado com facilidade! Nossos cadar\u00e7os Elephant Black Grey Cement com pontas de pl\u00e1stico transparente foram criados para destacar qualquer silhueta de t\u00eanis.\" \/>\n<meta property=\"og:url\" content=\"https:\/\/www.loopkinglaces.com\/pt-br\/products\/elephant-black-grey-cement-laces-com-pontas-de-plastico-transparente\/\" \/>\n<meta property=\"og:site_name\" content=\"Luxury Gold Tip Shoelaces by Loop King Laces\" \/>\n<meta property=\"article:publisher\" content=\"https:\/\/www.facebook.com\/LoopKingLaces\/\" \/>\n<meta property=\"og:image\" content=\"https:\/\/www.loopkinglaces.com\/wp-content\/uploads\/0415A-22-scaled.jpg\" \/>\n\t<meta property=\"og:image:width\" content=\"2560\" \/>\n\t<meta property=\"og:image:height\" content=\"1707\" \/>\n\t<meta property=\"og:image:type\" content=\"image\/jpeg\" \/>\n<meta name=\"twitter:card\" content=\"summary_large_image\" \/>\n<meta name=\"twitter:site\" content=\"@loopkinglaces\" \/>\n<script type=\"application\/ld+json\" class=\"yoast-schema-graph\">{\"@context\":\"https:\\\/\\\/schema.org\",\"@graph\":[{\"@type\":[\"WebPage\",\"ItemPage\"],\"@id\":\"https:\\\/\\\/www.loopkinglaces.com\\\/pt-br\\\/products\\\/elephant-black-grey-cement-laces-com-pontas-de-plastico-transparente\\\/\",\"url\":\"https:\\\/\\\/www.loopkinglaces.com\\\/pt-br\\\/products\\\/elephant-black-grey-cement-laces-com-pontas-de-plastico-transparente\\\/\",\"name\":\"Elephant Black Grey Cement Laces com pontas de pl\u00e1stico transparente\",\"isPartOf\":{\"@id\":\"https:\\\/\\\/www.loopkinglaces.com\\\/pt-br\\\/#website\"},\"primaryImageOfPage\":{\"@id\":\"https:\\\/\\\/www.loopkinglaces.com\\\/pt-br\\\/products\\\/elephant-black-grey-cement-laces-com-pontas-de-plastico-transparente\\\/#primaryimage\"},\"image\":{\"@id\":\"https:\\\/\\\/www.loopkinglaces.com\\\/pt-br\\\/products\\\/elephant-black-grey-cement-laces-com-pontas-de-plastico-transparente\\\/#primaryimage\"},\"thumbnailUrl\":\"https:\\\/\\\/www.loopkinglaces.com\\\/wp-content\\\/uploads\\\/0415A-22-scaled.jpg\",\"datePublished\":\"2024-05-10T16:18:11+00:00\",\"description\":\"Melhore o estilo do seu cal\u00e7ado com facilidade! Nossos cadar\u00e7os Elephant Black Grey Cement com pontas de pl\u00e1stico transparente foram criados para destacar qualquer silhueta de t\u00eanis.\",\"breadcrumb\":{\"@id\":\"https:\\\/\\\/www.loopkinglaces.com\\\/pt-br\\\/products\\\/elephant-black-grey-cement-laces-com-pontas-de-plastico-transparente\\\/#breadcrumb\"},\"inLanguage\":\"pt-BR\",\"potentialAction\":[{\"@type\":\"ReadAction\",\"target\":[\"https:\\\/\\\/www.loopkinglaces.com\\\/pt-br\\\/products\\\/elephant-black-grey-cement-laces-com-pontas-de-plastico-transparente\\\/\"]}]},{\"@type\":\"ImageObject\",\"inLanguage\":\"pt-BR\",\"@id\":\"https:\\\/\\\/www.loopkinglaces.com\\\/pt-br\\\/products\\\/elephant-black-grey-cement-laces-com-pontas-de-plastico-transparente\\\/#primaryimage\",\"url\":\"https:\\\/\\\/www.loopkinglaces.com\\\/wp-content\\\/uploads\\\/0415A-22-scaled.jpg\",\"contentUrl\":\"https:\\\/\\\/www.loopkinglaces.com\\\/wp-content\\\/uploads\\\/0415A-22-scaled.jpg\",\"width\":2560,\"height\":1707},{\"@type\":\"BreadcrumbList\",\"@id\":\"https:\\\/\\\/www.loopkinglaces.com\\\/pt-br\\\/products\\\/elephant-black-grey-cement-laces-com-pontas-de-plastico-transparente\\\/#breadcrumb\",\"itemListElement\":[{\"@type\":\"ListItem\",\"position\":1,\"name\":\"Home\",\"item\":\"https:\\\/\\\/www.loopkinglaces.com\\\/pt-br\\\/\"},{\"@type\":\"ListItem\",\"position\":2,\"name\":\"BUY LACES\",\"item\":\"https:\\\/\\\/www.loopkinglaces.com\\\/buy-laces\\\/\"},{\"@type\":\"ListItem\",\"position\":3,\"name\":\"Elephant Black Grey Cement Laces com pontas de pl\u00e1stico transparente\"}]},{\"@type\":\"WebSite\",\"@id\":\"https:\\\/\\\/www.loopkinglaces.com\\\/pt-br\\\/#website\",\"url\":\"https:\\\/\\\/www.loopkinglaces.com\\\/pt-br\\\/\",\"name\":\"Luxury Gold Tip Shoelaces by Loop King Laces\",\"description\":\"Rope Laces, Flat Waxed Laces and Leather Laces. All With Gold Tips.\",\"publisher\":{\"@id\":\"https:\\\/\\\/www.loopkinglaces.com\\\/pt-br\\\/#organization\"},\"potentialAction\":[{\"@type\":\"SearchAction\",\"target\":{\"@type\":\"EntryPoint\",\"urlTemplate\":\"https:\\\/\\\/www.loopkinglaces.com\\\/pt-br\\\/?s={search_term_string}\"},\"query-input\":{\"@type\":\"PropertyValueSpecification\",\"valueRequired\":true,\"valueName\":\"search_term_string\"}}],\"inLanguage\":\"pt-BR\"},{\"@type\":\"Organization\",\"@id\":\"https:\\\/\\\/www.loopkinglaces.com\\\/pt-br\\\/#organization\",\"name\":\"Loop King Laces\",\"url\":\"https:\\\/\\\/www.loopkinglaces.com\\\/pt-br\\\/\",\"logo\":{\"@type\":\"ImageObject\",\"inLanguage\":\"pt-BR\",\"@id\":\"https:\\\/\\\/www.loopkinglaces.com\\\/pt-br\\\/#\\\/schema\\\/logo\\\/image\\\/\",\"url\":\"https:\\\/\\\/www.loopkinglaces.com\\\/wp-content\\\/uploads\\\/LOOP-KING-LACES.1.1-01-LOGO-HI-RES-OFFICIAL-1.png\",\"contentUrl\":\"https:\\\/\\\/www.loopkinglaces.com\\\/wp-content\\\/uploads\\\/LOOP-KING-LACES.1.1-01-LOGO-HI-RES-OFFICIAL-1.png\",\"width\":128,\"height\":91,\"caption\":\"Loop King Laces\"},\"image\":{\"@id\":\"https:\\\/\\\/www.loopkinglaces.com\\\/pt-br\\\/#\\\/schema\\\/logo\\\/image\\\/\"},\"sameAs\":[\"https:\\\/\\\/www.facebook.com\\\/LoopKingLaces\\\/\",\"https:\\\/\\\/x.com\\\/loopkinglaces\",\"https:\\\/\\\/www.instagram.com\\\/loopkinglaces\\\/\"]}]}<\/script>\n<!-- \/ Yoast SEO plugin. -->","yoast_head_json":{"title":"Elephant Black Grey Cement Laces com pontas de pl\u00e1stico transparente","description":"Melhore o estilo do seu cal\u00e7ado com facilidade! Nossos cadar\u00e7os Elephant Black Grey Cement com pontas de pl\u00e1stico transparente foram criados para destacar qualquer silhueta de t\u00eanis.","robots":{"index":"index","follow":"follow","max-snippet":"max-snippet:-1","max-image-preview":"max-image-preview:large","max-video-preview":"max-video-preview:-1"},"canonical":"https:\/\/www.loopkinglaces.com\/pt-br\/products\/elephant-black-grey-cement-laces-com-pontas-de-plastico-transparente\/","og_locale":"pt_BR","og_type":"article","og_title":"Elephant Black Grey Cement Laces com pontas de pl\u00e1stico transparente","og_description":"Melhore o estilo do seu cal\u00e7ado com facilidade! Nossos cadar\u00e7os Elephant Black Grey Cement com pontas de pl\u00e1stico transparente foram criados para destacar qualquer silhueta de t\u00eanis.","og_url":"https:\/\/www.loopkinglaces.com\/pt-br\/products\/elephant-black-grey-cement-laces-com-pontas-de-plastico-transparente\/","og_site_name":"Luxury Gold Tip Shoelaces by Loop King Laces","article_publisher":"https:\/\/www.facebook.com\/LoopKingLaces\/","og_image":[{"width":2560,"height":1707,"url":"https:\/\/www.loopkinglaces.com\/wp-content\/uploads\/0415A-22-scaled.jpg","type":"image\/jpeg"}],"twitter_card":"summary_large_image","twitter_site":"@loopkinglaces","schema":{"@context":"https:\/\/schema.org","@graph":[{"@type":["WebPage","ItemPage"],"@id":"https:\/\/www.loopkinglaces.com\/pt-br\/products\/elephant-black-grey-cement-laces-com-pontas-de-plastico-transparente\/","url":"https:\/\/www.loopkinglaces.com\/pt-br\/products\/elephant-black-grey-cement-laces-com-pontas-de-plastico-transparente\/","name":"Elephant Black Grey Cement Laces com pontas de pl\u00e1stico transparente","isPartOf":{"@id":"https:\/\/www.loopkinglaces.com\/pt-br\/#website"},"primaryImageOfPage":{"@id":"https:\/\/www.loopkinglaces.com\/pt-br\/products\/elephant-black-grey-cement-laces-com-pontas-de-plastico-transparente\/#primaryimage"},"image":{"@id":"https:\/\/www.loopkinglaces.com\/pt-br\/products\/elephant-black-grey-cement-laces-com-pontas-de-plastico-transparente\/#primaryimage"},"thumbnailUrl":"https:\/\/www.loopkinglaces.com\/wp-content\/uploads\/0415A-22-scaled.jpg","datePublished":"2024-05-10T16:18:11+00:00","description":"Melhore o estilo do seu cal\u00e7ado com facilidade! Nossos cadar\u00e7os Elephant Black Grey Cement com pontas de pl\u00e1stico transparente foram criados para destacar qualquer silhueta de t\u00eanis.","breadcrumb":{"@id":"https:\/\/www.loopkinglaces.com\/pt-br\/products\/elephant-black-grey-cement-laces-com-pontas-de-plastico-transparente\/#breadcrumb"},"inLanguage":"pt-BR","potentialAction":[{"@type":"ReadAction","target":["https:\/\/www.loopkinglaces.com\/pt-br\/products\/elephant-black-grey-cement-laces-com-pontas-de-plastico-transparente\/"]}]},{"@type":"ImageObject","inLanguage":"pt-BR","@id":"https:\/\/www.loopkinglaces.com\/pt-br\/products\/elephant-black-grey-cement-laces-com-pontas-de-plastico-transparente\/#primaryimage","url":"https:\/\/www.loopkinglaces.com\/wp-content\/uploads\/0415A-22-scaled.jpg","contentUrl":"https:\/\/www.loopkinglaces.com\/wp-content\/uploads\/0415A-22-scaled.jpg","width":2560,"height":1707},{"@type":"BreadcrumbList","@id":"https:\/\/www.loopkinglaces.com\/pt-br\/products\/elephant-black-grey-cement-laces-com-pontas-de-plastico-transparente\/#breadcrumb","itemListElement":[{"@type":"ListItem","position":1,"name":"Home","item":"https:\/\/www.loopkinglaces.com\/pt-br\/"},{"@type":"ListItem","position":2,"name":"BUY LACES","item":"https:\/\/www.loopkinglaces.com\/buy-laces\/"},{"@type":"ListItem","position":3,"name":"Elephant Black Grey Cement Laces com pontas de pl\u00e1stico transparente"}]},{"@type":"WebSite","@id":"https:\/\/www.loopkinglaces.com\/pt-br\/#website","url":"https:\/\/www.loopkinglaces.com\/pt-br\/","name":"Luxury Gold Tip Shoelaces by Loop King Laces","description":"Rope Laces, Flat Waxed Laces and Leather Laces. All With Gold Tips.","publisher":{"@id":"https:\/\/www.loopkinglaces.com\/pt-br\/#organization"},"potentialAction":[{"@type":"SearchAction","target":{"@type":"EntryPoint","urlTemplate":"https:\/\/www.loopkinglaces.com\/pt-br\/?s={search_term_string}"},"query-input":{"@type":"PropertyValueSpecification","valueRequired":true,"valueName":"search_term_string"}}],"inLanguage":"pt-BR"},{"@type":"Organization","@id":"https:\/\/www.loopkinglaces.com\/pt-br\/#organization","name":"Loop King Laces","url":"https:\/\/www.loopkinglaces.com\/pt-br\/","logo":{"@type":"ImageObject","inLanguage":"pt-BR","@id":"https:\/\/www.loopkinglaces.com\/pt-br\/#\/schema\/logo\/image\/","url":"https:\/\/www.loopkinglaces.com\/wp-content\/uploads\/LOOP-KING-LACES.1.1-01-LOGO-HI-RES-OFFICIAL-1.png","contentUrl":"https:\/\/www.loopkinglaces.com\/wp-content\/uploads\/LOOP-KING-LACES.1.1-01-LOGO-HI-RES-OFFICIAL-1.png","width":128,"height":91,"caption":"Loop King Laces"},"image":{"@id":"https:\/\/www.loopkinglaces.com\/pt-br\/#\/schema\/logo\/image\/"},"sameAs":["https:\/\/www.facebook.com\/LoopKingLaces\/","https:\/\/x.com\/loopkinglaces","https:\/\/www.instagram.com\/loopkinglaces\/"]}]}},"_links":{"self":[{"href":"https:\/\/www.loopkinglaces.com\/pt-br\/wp-json\/wp\/v2\/product\/79996","targetHints":{"allow":["GET"]}}],"collection":[{"href":"https:\/\/www.loopkinglaces.com\/pt-br\/wp-json\/wp\/v2\/product"}],"about":[{"href":"https:\/\/www.loopkinglaces.com\/pt-br\/wp-json\/wp\/v2\/types\/product"}],"replies":[{"embeddable":true,"href":"https:\/\/www.loopkinglaces.com\/pt-br\/wp-json\/wp\/v2\/comments?post=79996"}],"wp:featuredmedia":[{"embeddable":true,"href":"https:\/\/www.loopkinglaces.com\/pt-br\/wp-json\/wp\/v2\/media\/79999"}],"wp:attachment":[{"href":"https:\/\/www.loopkinglaces.com\/pt-br\/wp-json\/wp\/v2\/media?parent=79996"}],"wp:term":[{"taxonomy":"product_brand","embeddable":true,"href":"https:\/\/www.loopkinglaces.com\/pt-br\/wp-json\/wp\/v2\/product_brand?post=79996"},{"taxonomy":"product_cat","embeddable":true,"href":"https:\/\/www.loopkinglaces.com\/pt-br\/wp-json\/wp\/v2\/product_cat?post=79996"},{"taxonomy":"product_tag","embeddable":true,"href":"https:\/\/www.loopkinglaces.com\/pt-br\/wp-json\/wp\/v2\/product_tag?post=79996"},{"taxonomy":"woo-feed-brand","embeddable":true,"href":"https:\/\/www.loopkinglaces.com\/pt-br\/wp-json\/wp\/v2\/woo-feed-brand?post=79996"}],"curies":[{"name":"wp","href":"https:\/\/api.w.org\/{rel}","templated":true}]}}