{"id":79318,"date":"2023-12-08T18:43:21","date_gmt":"2023-12-08T18:43:21","guid":{"rendered":"https:\/\/www.loopkinglaces.com\/products\/cadarcos-de-corda-fina-marrom-claro-com-pontas-transparentes\/"},"modified":"2023-12-08T18:43:21","modified_gmt":"2023-12-08T18:43:21","slug":"cadarcos-de-corda-fina-marrom-claro-com-pontas-transparentes","status":"publish","type":"product","link":"https:\/\/www.loopkinglaces.com\/pt-br\/products\/cadarcos-de-corda-fina-marrom-claro-com-pontas-transparentes\/","title":{"rendered":"Cadar\u00e7os de corda fina marrom-claro com pontas transparentes"},"content":{"rendered":"<h3><a href=\"https:\/\/www.loopkinglaces.com\/\">Cadar\u00e7os de t\u00eanis de luxo<\/a><\/h3>\n<p>Aumente a atratividade do seu cal\u00e7ado com os cadar\u00e7os Loop King. Nossos cadar\u00e7os de corda fina, completos com pontas de pl\u00e1stico transparente dur\u00e1vel, s\u00e3o feitos com os melhores materiais dispon\u00edveis. Eles garantem uma vida \u00fatil tr\u00eas vezes maior que a dos cadar\u00e7os comuns. Explore seus recursos abrangentes abaixo. Nossos cadar\u00e7os se adaptam a todos os tipos diferentes de t\u00eanis e marcas, inclusive Adidas, Nike, VANS e assim por diante. Visite nosso <a href=\"\/shoelace-size-chart\/\">Guia de tamanhos<\/a>, onde voc\u00ea pode encontrar o tamanho perfeito de cadar\u00e7o para o seu t\u00eanis.   <\/p>\n<p>&nbsp;<\/p>\n","protected":false},"excerpt":{"rendered":"<p><strong>Cadar\u00e7os de corda fina marrom-claro com pontas transparentes<\/strong><\/p>\n<p>Melhore a est\u00e9tica de seus cal\u00e7ados com o Loop King Laces. Os cadar\u00e7os de corda fina, equipados com pontas de pl\u00e1stico transparente, s\u00e3o feitos de materiais de alta qualidade. Eles s\u00e3o feitos sob medida para durar tr\u00eas vezes mais do que os cadar\u00e7os comuns. Descubra abaixo a gama completa de seus recursos:   <\/p>\n<ul>\n<li>Largura de 2,5 a 3 mm (redondo)<\/li>\n<li>Materiais Premium<\/li>\n<li>Dura <strong>3 vezes mais<\/strong> do que os cadar\u00e7os comuns<\/li>\n<li>Pontas de pl\u00e1stico transparente de alta qualidade<\/li>\n<li>100% algod\u00e3o de fibra longa<\/li>\n<li>Embalagem de Beautiful Loop King por la\u00e7o<\/li>\n<\/ul>\n","protected":false},"featured_media":79319,"comment_status":"open","ping_status":"closed","template":"","meta":{"_acf_changed":false},"product_brand":[],"product_cat":[1889,1909,1915,1893,1984,1923,1891,1896,1921,1897,1857,1929,1901,1983,1856],"product_tag":[1868,1904,1903,1906,1867,1870,1871],"woo-feed-brand":[],"class_list":{"0":"post-79318","1":"product","2":"type-product","3":"status-publish","4":"has-post-thumbnail","6":"product_cat-cadarcos-cole-haan-tratamento-luxuoso-para-seus-calcados","7":"product_cat-cadarcos-de-futebol-premium-duraveis-e-elegantes","8":"product_cat-cadarcos-de-futebol-que-sao-mais-do-que-apenas-um-dispositivo-de-fixacao","9":"product_cat-cadarcos-de-golfe-elegantes-e-duraveis-para-voce-brilhar-no-campo","10":"product_cat-cadarcos-de-sapatos-columbia-unindo-estilo-e-funcao","11":"product_cat-cadarcos-de-sapatos-dior-o-que-muda-o-jogo-em-seu-guarda-roupa-de-calcados","12":"product_cat-cadarcos-de-sapatos-elegantes-para-voce-sair-na-cidade-com-estilo","13":"product_cat-cadarcos-de-sapatos-masculinos-que-sao-melhores-do-que-os-originais","14":"product_cat-cadarcos-de-sapatos-prada-que-acrescentam-ainda-mais-elegancia-e-glamour","15":"product_cat-cadarcos-finos-uma-pequena-reviravolta-em-seu-visual-classico","16":"product_cat-cadarcos-marrons-para-aprimorar-seu-estilo","17":"product_cat-cadarcos-premium-yeezy-380-para-dar-mais-estilo-conforto-e-durabilidade","18":"product_cat-descubra-a-elegancia-dos-cadarcos-finos-de-corda-com-pontas-de-plastico-transparente-duraveis","19":"product_cat-substituicao-de-cadarcos-roshe-atualizacao-de-alta-qualidade","20":"product_cat-todos-os-cadarcos","21":"product_tag-cadarcos","22":"product_tag-cadarcos-com-ponta-de-ouro","23":"product_tag-cadarcos-de-corda","24":"product_tag-cinza","25":"product_tag-loop-king-pt-br","26":"product_tag-ponta-de-metal","27":"product_tag-preto","29":"first","30":"instock","31":"taxable","32":"shipping-taxable","33":"product-type-variable"},"acf":[],"yoast_head":"<!-- This site is optimized with the Yoast SEO plugin v27.5 - https:\/\/yoast.com\/product\/yoast-seo-wordpress\/ -->\n<title>Cadar\u00e7os de corda fina marrom-claro com pontas transparentes - da Loop King<\/title>\n<meta name=\"description\" content=\"Cadar\u00e7os de corda fina marrom claro da Loop King: a melhor op\u00e7\u00e3o para os amantes de sapatos. Pontas transparentes dur\u00e1veis, design elegante. Transforme seus cal\u00e7ados hoje mesmo!\" \/>\n<meta name=\"robots\" content=\"index, follow, max-snippet:-1, max-image-preview:large, max-video-preview:-1\" \/>\n<link rel=\"canonical\" href=\"https:\/\/www.loopkinglaces.com\/pt-br\/products\/cadarcos-de-corda-fina-marrom-claro-com-pontas-transparentes\/\" \/>\n<meta property=\"og:locale\" content=\"pt_BR\" \/>\n<meta property=\"og:type\" content=\"article\" \/>\n<meta property=\"og:title\" content=\"Cadar\u00e7os de corda fina marrom-claro com pontas transparentes - da Loop King\" \/>\n<meta property=\"og:description\" content=\"Cadar\u00e7os de corda fina marrom claro da Loop King: a melhor op\u00e7\u00e3o para os amantes de sapatos. Pontas transparentes dur\u00e1veis, design elegante. Transforme seus cal\u00e7ados hoje mesmo!\" \/>\n<meta property=\"og:url\" content=\"https:\/\/www.loopkinglaces.com\/pt-br\/products\/cadarcos-de-corda-fina-marrom-claro-com-pontas-transparentes\/\" \/>\n<meta property=\"og:site_name\" content=\"Luxury Gold Tip Shoelaces by Loop King Laces\" \/>\n<meta property=\"article:publisher\" content=\"https:\/\/www.facebook.com\/LoopKingLaces\/\" \/>\n<meta property=\"og:image\" content=\"https:\/\/www.loopkinglaces.com\/wp-content\/uploads\/Light-Brown-Thin-Rope.jpg\" \/>\n\t<meta property=\"og:image:width\" content=\"2268\" \/>\n\t<meta property=\"og:image:height\" content=\"2267\" \/>\n\t<meta property=\"og:image:type\" content=\"image\/jpeg\" \/>\n<meta name=\"twitter:card\" content=\"summary_large_image\" \/>\n<meta name=\"twitter:site\" content=\"@loopkinglaces\" \/>\n<meta name=\"twitter:label1\" content=\"Est. tempo de leitura\" \/>\n\t<meta name=\"twitter:data1\" content=\"1 minuto\" \/>\n<script type=\"application\/ld+json\" class=\"yoast-schema-graph\">{\"@context\":\"https:\\\/\\\/schema.org\",\"@graph\":[{\"@type\":[\"WebPage\",\"ItemPage\"],\"@id\":\"https:\\\/\\\/www.loopkinglaces.com\\\/pt-br\\\/products\\\/cadarcos-de-corda-fina-marrom-claro-com-pontas-transparentes\\\/\",\"url\":\"https:\\\/\\\/www.loopkinglaces.com\\\/pt-br\\\/products\\\/cadarcos-de-corda-fina-marrom-claro-com-pontas-transparentes\\\/\",\"name\":\"Cadar\u00e7os de corda fina marrom-claro com pontas transparentes - da Loop King\",\"isPartOf\":{\"@id\":\"https:\\\/\\\/www.loopkinglaces.com\\\/pt-br\\\/#website\"},\"primaryImageOfPage\":{\"@id\":\"https:\\\/\\\/www.loopkinglaces.com\\\/pt-br\\\/products\\\/cadarcos-de-corda-fina-marrom-claro-com-pontas-transparentes\\\/#primaryimage\"},\"image\":{\"@id\":\"https:\\\/\\\/www.loopkinglaces.com\\\/pt-br\\\/products\\\/cadarcos-de-corda-fina-marrom-claro-com-pontas-transparentes\\\/#primaryimage\"},\"thumbnailUrl\":\"https:\\\/\\\/www.loopkinglaces.com\\\/wp-content\\\/uploads\\\/Light-Brown-Thin-Rope.jpg\",\"datePublished\":\"2023-12-08T18:43:21+00:00\",\"description\":\"Cadar\u00e7os de corda fina marrom claro da Loop King: a melhor op\u00e7\u00e3o para os amantes de sapatos. Pontas transparentes dur\u00e1veis, design elegante. Transforme seus cal\u00e7ados hoje mesmo!\",\"breadcrumb\":{\"@id\":\"https:\\\/\\\/www.loopkinglaces.com\\\/pt-br\\\/products\\\/cadarcos-de-corda-fina-marrom-claro-com-pontas-transparentes\\\/#breadcrumb\"},\"inLanguage\":\"pt-BR\",\"potentialAction\":[{\"@type\":\"ReadAction\",\"target\":[\"https:\\\/\\\/www.loopkinglaces.com\\\/pt-br\\\/products\\\/cadarcos-de-corda-fina-marrom-claro-com-pontas-transparentes\\\/\"]}]},{\"@type\":\"ImageObject\",\"inLanguage\":\"pt-BR\",\"@id\":\"https:\\\/\\\/www.loopkinglaces.com\\\/pt-br\\\/products\\\/cadarcos-de-corda-fina-marrom-claro-com-pontas-transparentes\\\/#primaryimage\",\"url\":\"https:\\\/\\\/www.loopkinglaces.com\\\/wp-content\\\/uploads\\\/Light-Brown-Thin-Rope.jpg\",\"contentUrl\":\"https:\\\/\\\/www.loopkinglaces.com\\\/wp-content\\\/uploads\\\/Light-Brown-Thin-Rope.jpg\",\"width\":2268,\"height\":2267},{\"@type\":\"BreadcrumbList\",\"@id\":\"https:\\\/\\\/www.loopkinglaces.com\\\/pt-br\\\/products\\\/cadarcos-de-corda-fina-marrom-claro-com-pontas-transparentes\\\/#breadcrumb\",\"itemListElement\":[{\"@type\":\"ListItem\",\"position\":1,\"name\":\"Home\",\"item\":\"https:\\\/\\\/www.loopkinglaces.com\\\/pt-br\\\/\"},{\"@type\":\"ListItem\",\"position\":2,\"name\":\"BUY LACES\",\"item\":\"https:\\\/\\\/www.loopkinglaces.com\\\/buy-laces\\\/\"},{\"@type\":\"ListItem\",\"position\":3,\"name\":\"Cadar\u00e7os de corda fina marrom-claro com pontas transparentes\"}]},{\"@type\":\"WebSite\",\"@id\":\"https:\\\/\\\/www.loopkinglaces.com\\\/pt-br\\\/#website\",\"url\":\"https:\\\/\\\/www.loopkinglaces.com\\\/pt-br\\\/\",\"name\":\"Luxury Gold Tip Shoelaces by Loop King Laces\",\"description\":\"Rope Laces, Flat Waxed Laces and Leather Laces. All With Gold Tips.\",\"publisher\":{\"@id\":\"https:\\\/\\\/www.loopkinglaces.com\\\/pt-br\\\/#organization\"},\"potentialAction\":[{\"@type\":\"SearchAction\",\"target\":{\"@type\":\"EntryPoint\",\"urlTemplate\":\"https:\\\/\\\/www.loopkinglaces.com\\\/pt-br\\\/?s={search_term_string}\"},\"query-input\":{\"@type\":\"PropertyValueSpecification\",\"valueRequired\":true,\"valueName\":\"search_term_string\"}}],\"inLanguage\":\"pt-BR\"},{\"@type\":\"Organization\",\"@id\":\"https:\\\/\\\/www.loopkinglaces.com\\\/pt-br\\\/#organization\",\"name\":\"Loop King Laces\",\"url\":\"https:\\\/\\\/www.loopkinglaces.com\\\/pt-br\\\/\",\"logo\":{\"@type\":\"ImageObject\",\"inLanguage\":\"pt-BR\",\"@id\":\"https:\\\/\\\/www.loopkinglaces.com\\\/pt-br\\\/#\\\/schema\\\/logo\\\/image\\\/\",\"url\":\"https:\\\/\\\/www.loopkinglaces.com\\\/wp-content\\\/uploads\\\/LOOP-KING-LACES.1.1-01-LOGO-HI-RES-OFFICIAL-1.png\",\"contentUrl\":\"https:\\\/\\\/www.loopkinglaces.com\\\/wp-content\\\/uploads\\\/LOOP-KING-LACES.1.1-01-LOGO-HI-RES-OFFICIAL-1.png\",\"width\":128,\"height\":91,\"caption\":\"Loop King Laces\"},\"image\":{\"@id\":\"https:\\\/\\\/www.loopkinglaces.com\\\/pt-br\\\/#\\\/schema\\\/logo\\\/image\\\/\"},\"sameAs\":[\"https:\\\/\\\/www.facebook.com\\\/LoopKingLaces\\\/\",\"https:\\\/\\\/x.com\\\/loopkinglaces\",\"https:\\\/\\\/www.instagram.com\\\/loopkinglaces\\\/\"]}]}<\/script>\n<!-- \/ Yoast SEO plugin. -->","yoast_head_json":{"title":"Cadar\u00e7os de corda fina marrom-claro com pontas transparentes - da Loop King","description":"Cadar\u00e7os de corda fina marrom claro da Loop King: a melhor op\u00e7\u00e3o para os amantes de sapatos. Pontas transparentes dur\u00e1veis, design elegante. Transforme seus cal\u00e7ados hoje mesmo!","robots":{"index":"index","follow":"follow","max-snippet":"max-snippet:-1","max-image-preview":"max-image-preview:large","max-video-preview":"max-video-preview:-1"},"canonical":"https:\/\/www.loopkinglaces.com\/pt-br\/products\/cadarcos-de-corda-fina-marrom-claro-com-pontas-transparentes\/","og_locale":"pt_BR","og_type":"article","og_title":"Cadar\u00e7os de corda fina marrom-claro com pontas transparentes - da Loop King","og_description":"Cadar\u00e7os de corda fina marrom claro da Loop King: a melhor op\u00e7\u00e3o para os amantes de sapatos. Pontas transparentes dur\u00e1veis, design elegante. Transforme seus cal\u00e7ados hoje mesmo!","og_url":"https:\/\/www.loopkinglaces.com\/pt-br\/products\/cadarcos-de-corda-fina-marrom-claro-com-pontas-transparentes\/","og_site_name":"Luxury Gold Tip Shoelaces by Loop King Laces","article_publisher":"https:\/\/www.facebook.com\/LoopKingLaces\/","og_image":[{"width":2268,"height":2267,"url":"https:\/\/www.loopkinglaces.com\/wp-content\/uploads\/Light-Brown-Thin-Rope.jpg","type":"image\/jpeg"}],"twitter_card":"summary_large_image","twitter_site":"@loopkinglaces","twitter_misc":{"Est. tempo de leitura":"1 minuto"},"schema":{"@context":"https:\/\/schema.org","@graph":[{"@type":["WebPage","ItemPage"],"@id":"https:\/\/www.loopkinglaces.com\/pt-br\/products\/cadarcos-de-corda-fina-marrom-claro-com-pontas-transparentes\/","url":"https:\/\/www.loopkinglaces.com\/pt-br\/products\/cadarcos-de-corda-fina-marrom-claro-com-pontas-transparentes\/","name":"Cadar\u00e7os de corda fina marrom-claro com pontas transparentes - da Loop King","isPartOf":{"@id":"https:\/\/www.loopkinglaces.com\/pt-br\/#website"},"primaryImageOfPage":{"@id":"https:\/\/www.loopkinglaces.com\/pt-br\/products\/cadarcos-de-corda-fina-marrom-claro-com-pontas-transparentes\/#primaryimage"},"image":{"@id":"https:\/\/www.loopkinglaces.com\/pt-br\/products\/cadarcos-de-corda-fina-marrom-claro-com-pontas-transparentes\/#primaryimage"},"thumbnailUrl":"https:\/\/www.loopkinglaces.com\/wp-content\/uploads\/Light-Brown-Thin-Rope.jpg","datePublished":"2023-12-08T18:43:21+00:00","description":"Cadar\u00e7os de corda fina marrom claro da Loop King: a melhor op\u00e7\u00e3o para os amantes de sapatos. Pontas transparentes dur\u00e1veis, design elegante. Transforme seus cal\u00e7ados hoje mesmo!","breadcrumb":{"@id":"https:\/\/www.loopkinglaces.com\/pt-br\/products\/cadarcos-de-corda-fina-marrom-claro-com-pontas-transparentes\/#breadcrumb"},"inLanguage":"pt-BR","potentialAction":[{"@type":"ReadAction","target":["https:\/\/www.loopkinglaces.com\/pt-br\/products\/cadarcos-de-corda-fina-marrom-claro-com-pontas-transparentes\/"]}]},{"@type":"ImageObject","inLanguage":"pt-BR","@id":"https:\/\/www.loopkinglaces.com\/pt-br\/products\/cadarcos-de-corda-fina-marrom-claro-com-pontas-transparentes\/#primaryimage","url":"https:\/\/www.loopkinglaces.com\/wp-content\/uploads\/Light-Brown-Thin-Rope.jpg","contentUrl":"https:\/\/www.loopkinglaces.com\/wp-content\/uploads\/Light-Brown-Thin-Rope.jpg","width":2268,"height":2267},{"@type":"BreadcrumbList","@id":"https:\/\/www.loopkinglaces.com\/pt-br\/products\/cadarcos-de-corda-fina-marrom-claro-com-pontas-transparentes\/#breadcrumb","itemListElement":[{"@type":"ListItem","position":1,"name":"Home","item":"https:\/\/www.loopkinglaces.com\/pt-br\/"},{"@type":"ListItem","position":2,"name":"BUY LACES","item":"https:\/\/www.loopkinglaces.com\/buy-laces\/"},{"@type":"ListItem","position":3,"name":"Cadar\u00e7os de corda fina marrom-claro com pontas transparentes"}]},{"@type":"WebSite","@id":"https:\/\/www.loopkinglaces.com\/pt-br\/#website","url":"https:\/\/www.loopkinglaces.com\/pt-br\/","name":"Luxury Gold Tip Shoelaces by Loop King Laces","description":"Rope Laces, Flat Waxed Laces and Leather Laces. All With Gold Tips.","publisher":{"@id":"https:\/\/www.loopkinglaces.com\/pt-br\/#organization"},"potentialAction":[{"@type":"SearchAction","target":{"@type":"EntryPoint","urlTemplate":"https:\/\/www.loopkinglaces.com\/pt-br\/?s={search_term_string}"},"query-input":{"@type":"PropertyValueSpecification","valueRequired":true,"valueName":"search_term_string"}}],"inLanguage":"pt-BR"},{"@type":"Organization","@id":"https:\/\/www.loopkinglaces.com\/pt-br\/#organization","name":"Loop King Laces","url":"https:\/\/www.loopkinglaces.com\/pt-br\/","logo":{"@type":"ImageObject","inLanguage":"pt-BR","@id":"https:\/\/www.loopkinglaces.com\/pt-br\/#\/schema\/logo\/image\/","url":"https:\/\/www.loopkinglaces.com\/wp-content\/uploads\/LOOP-KING-LACES.1.1-01-LOGO-HI-RES-OFFICIAL-1.png","contentUrl":"https:\/\/www.loopkinglaces.com\/wp-content\/uploads\/LOOP-KING-LACES.1.1-01-LOGO-HI-RES-OFFICIAL-1.png","width":128,"height":91,"caption":"Loop King Laces"},"image":{"@id":"https:\/\/www.loopkinglaces.com\/pt-br\/#\/schema\/logo\/image\/"},"sameAs":["https:\/\/www.facebook.com\/LoopKingLaces\/","https:\/\/x.com\/loopkinglaces","https:\/\/www.instagram.com\/loopkinglaces\/"]}]}},"_links":{"self":[{"href":"https:\/\/www.loopkinglaces.com\/pt-br\/wp-json\/wp\/v2\/product\/79318","targetHints":{"allow":["GET"]}}],"collection":[{"href":"https:\/\/www.loopkinglaces.com\/pt-br\/wp-json\/wp\/v2\/product"}],"about":[{"href":"https:\/\/www.loopkinglaces.com\/pt-br\/wp-json\/wp\/v2\/types\/product"}],"replies":[{"embeddable":true,"href":"https:\/\/www.loopkinglaces.com\/pt-br\/wp-json\/wp\/v2\/comments?post=79318"}],"wp:featuredmedia":[{"embeddable":true,"href":"https:\/\/www.loopkinglaces.com\/pt-br\/wp-json\/wp\/v2\/media\/79319"}],"wp:attachment":[{"href":"https:\/\/www.loopkinglaces.com\/pt-br\/wp-json\/wp\/v2\/media?parent=79318"}],"wp:term":[{"taxonomy":"product_brand","embeddable":true,"href":"https:\/\/www.loopkinglaces.com\/pt-br\/wp-json\/wp\/v2\/product_brand?post=79318"},{"taxonomy":"product_cat","embeddable":true,"href":"https:\/\/www.loopkinglaces.com\/pt-br\/wp-json\/wp\/v2\/product_cat?post=79318"},{"taxonomy":"product_tag","embeddable":true,"href":"https:\/\/www.loopkinglaces.com\/pt-br\/wp-json\/wp\/v2\/product_tag?post=79318"},{"taxonomy":"woo-feed-brand","embeddable":true,"href":"https:\/\/www.loopkinglaces.com\/pt-br\/wp-json\/wp\/v2\/woo-feed-brand?post=79318"}],"curies":[{"name":"wp","href":"https:\/\/api.w.org\/{rel}","templated":true}]}}