{"id":79059,"date":"2024-02-07T15:51:42","date_gmt":"2024-02-07T15:51:42","guid":{"rendered":"https:\/\/www.loopkinglaces.com\/products\/protetores-de-vinco-resistentes-que-mantem-os-tenis-em-otima-forma\/"},"modified":"2026-02-12T19:15:42","modified_gmt":"2026-02-12T19:15:42","slug":"protetores-de-vinco-resistentes-que-mantem-os-tenis-em-otima-forma","status":"publish","type":"product","link":"https:\/\/www.loopkinglaces.com\/pt-br\/products\/protetores-de-vinco-resistentes-que-mantem-os-tenis-em-otima-forma\/","title":{"rendered":"Protetores de vinco resistentes que mant\u00eam os t\u00eanis em \u00f3tima forma"},"content":{"rendered":"<p><span style=\"font-weight: 400;\">Portanto, se voc\u00ea quiser tirar o m\u00e1ximo proveito de um novo par de Yeezys, Jordans ou Chuck Taylors, os protetores de vinco devem ser sua pr\u00f3xima compra.  <\/span><\/p>\n<p><span style=\"font-weight: 400;\">N\u00e3o se contente com protetores de vinco inferiores que se dobram e quebram depois de apenas alguns meses.<br \/>\nNossos protetores de vinco apresentam   <\/span><b>materiais de qualidade premium <\/b><span style=\"font-weight: 400;\">para garantir que eles continuem funcionando para voc\u00ea por muito tempo. <\/span> <\/p>\n<p><span style=\"font-weight: 400;\">Com nossos protetores de vinco refor\u00e7ando seu par de t\u00eanis favorito, voc\u00ea n\u00e3o ter\u00e1 que se preocupar com a forma\u00e7\u00e3o de vincos desagrad\u00e1veis t\u00e3o cedo.  <\/span><\/p>\n","protected":false},"excerpt":{"rendered":"<p><i><span style=\"font-weight: 400;\">Voc\u00ea acabou de investir em um novo par de t\u00eanis de alta qualidade?<\/span><\/i><\/p>\n<p><span style=\"font-weight: 400;\">Se for o caso, voc\u00ea vai querer fazer tudo o que puder para mant\u00ea-los com apar\u00eancia de novos.<br \/>\nO mais importante \u00e9 que voc\u00ea precisa de um par de   <\/span><b>protetores de vinco<\/b><span style=\"font-weight: 400;\"> para garantir que as caixas dos dedos dos p\u00e9s n\u00e3o desenvolvam vincos pouco atraentes. <\/span> <\/p>\n<p><span style=\"font-weight: 400;\">Sem um protetor de vinco, o material das caixas dos dedos dos p\u00e9s se contorcer\u00e1 e dobrar\u00e1 a cada passo que voc\u00ea der. Com o tempo, come\u00e7ar\u00e3o a aparecer vincos profundos, o que far\u00e1 com que eles pare\u00e7am velhos e desgastados.   <\/span><\/p>\n<p><span style=\"font-weight: 400;\">Nossos protetores de vinco s\u00e3o incr\u00edveis porque aumentam a vida \u00fatil dos seus t\u00eanis.  <\/span><\/p>\n<p><span style=\"font-weight: 400;\">Veja a lista completa de recursos abaixo:<\/span><\/p>\n<ul>\n<li style=\"font-weight: 400;\" aria-level=\"1\"><span style=\"font-weight: 400;\">Materiais dur\u00e1veis para uma vida \u00fatil extra longa<\/span><\/li>\n<li style=\"font-weight: 400;\" aria-level=\"1\"><span style=\"font-weight: 400;\">Dispon\u00edvel em preto e branco<\/span><\/li>\n<li style=\"font-weight: 400;\" aria-level=\"1\"><span style=\"font-weight: 400;\">Embalagem selada e impressionante<\/span><\/li>\n<li style=\"font-weight: 400;\" aria-level=\"1\"><span style=\"font-weight: 400;\">Serve para todas as principais marcas de t\u00eanis<\/span><\/li>\n<li style=\"font-weight: 400;\" aria-level=\"1\"><span style=\"font-weight: 400;\">Evitar\u00e1 a forma\u00e7\u00e3o de vincos nas caixas dos dedos dos p\u00e9s<\/span><\/li>\n<\/ul>\n","protected":false},"featured_media":79060,"comment_status":"open","ping_status":"closed","template":"","meta":{"_acf_changed":false},"product_brand":[],"product_cat":[1858,2009,1856],"product_tag":[],"woo-feed-brand":[],"class_list":{"0":"post-79059","1":"product","2":"type-product","3":"status-publish","4":"has-post-thumbnail","6":"product_cat-cadarcos-com-ponta-de-ouro","7":"product_cat-sem-categoria","8":"product_cat-todos-os-cadarcos","10":"first","11":"instock","12":"taxable","13":"shipping-taxable","14":"purchasable","15":"product-type-variable"},"acf":[],"yoast_head":"<!-- This site is optimized with the Yoast SEO plugin v27.5 - https:\/\/yoast.com\/product\/yoast-seo-wordpress\/ -->\n<title>Protetores de vinco de alta qualidade para uma biqueira superior impec\u00e1vel<\/title>\n<meta name=\"description\" content=\"Os vincos profundos estragam o visual de qualquer t\u00eanis e a m\u00e1 not\u00edcia \u00e9 que eles s\u00e3o inevit\u00e1veis, a menos que voc\u00ea tenha prote\u00e7\u00e3o - portanto, confira nossos protetores de vinco.\" \/>\n<meta name=\"robots\" content=\"index, follow, max-snippet:-1, max-image-preview:large, max-video-preview:-1\" \/>\n<link rel=\"canonical\" href=\"https:\/\/www.loopkinglaces.com\/pt-br\/products\/protetores-de-vinco-resistentes-que-mantem-os-tenis-em-otima-forma\/\" \/>\n<meta property=\"og:locale\" content=\"pt_BR\" \/>\n<meta property=\"og:type\" content=\"article\" \/>\n<meta property=\"og:title\" content=\"Protetores de vinco de alta qualidade para uma biqueira superior impec\u00e1vel\" \/>\n<meta property=\"og:description\" content=\"Os vincos profundos estragam o visual de qualquer t\u00eanis e a m\u00e1 not\u00edcia \u00e9 que eles s\u00e3o inevit\u00e1veis, a menos que voc\u00ea tenha prote\u00e7\u00e3o - portanto, confira nossos protetores de vinco.\" \/>\n<meta property=\"og:url\" content=\"https:\/\/www.loopkinglaces.com\/pt-br\/products\/protetores-de-vinco-resistentes-que-mantem-os-tenis-em-otima-forma\/\" \/>\n<meta property=\"og:site_name\" content=\"Luxury Gold Tip Shoelaces by Loop King Laces\" \/>\n<meta property=\"article:publisher\" content=\"https:\/\/www.facebook.com\/LoopKingLaces\/\" \/>\n<meta property=\"article:modified_time\" content=\"2026-02-12T19:15:42+00:00\" \/>\n<meta property=\"og:image\" content=\"https:\/\/www.loopkinglaces.com\/wp-content\/uploads\/Crease-Protector-Yellow-3.jpg\" \/>\n\t<meta property=\"og:image:width\" content=\"578\" \/>\n\t<meta property=\"og:image:height\" content=\"575\" \/>\n\t<meta property=\"og:image:type\" content=\"image\/jpeg\" \/>\n<meta name=\"twitter:card\" content=\"summary_large_image\" \/>\n<meta name=\"twitter:site\" content=\"@loopkinglaces\" \/>\n<script type=\"application\/ld+json\" class=\"yoast-schema-graph\">{\"@context\":\"https:\\\/\\\/schema.org\",\"@graph\":[{\"@type\":[\"WebPage\",\"ItemPage\"],\"@id\":\"https:\\\/\\\/www.loopkinglaces.com\\\/pt-br\\\/products\\\/protetores-de-vinco-resistentes-que-mantem-os-tenis-em-otima-forma\\\/\",\"url\":\"https:\\\/\\\/www.loopkinglaces.com\\\/pt-br\\\/products\\\/protetores-de-vinco-resistentes-que-mantem-os-tenis-em-otima-forma\\\/\",\"name\":\"Protetores de vinco de alta qualidade para uma biqueira superior impec\u00e1vel\",\"isPartOf\":{\"@id\":\"https:\\\/\\\/www.loopkinglaces.com\\\/pt-br\\\/#website\"},\"primaryImageOfPage\":{\"@id\":\"https:\\\/\\\/www.loopkinglaces.com\\\/pt-br\\\/products\\\/protetores-de-vinco-resistentes-que-mantem-os-tenis-em-otima-forma\\\/#primaryimage\"},\"image\":{\"@id\":\"https:\\\/\\\/www.loopkinglaces.com\\\/pt-br\\\/products\\\/protetores-de-vinco-resistentes-que-mantem-os-tenis-em-otima-forma\\\/#primaryimage\"},\"thumbnailUrl\":\"https:\\\/\\\/www.loopkinglaces.com\\\/wp-content\\\/uploads\\\/Crease-Protector-Yellow-3.jpg\",\"datePublished\":\"2024-02-07T15:51:42+00:00\",\"dateModified\":\"2026-02-12T19:15:42+00:00\",\"description\":\"Os vincos profundos estragam o visual de qualquer t\u00eanis e a m\u00e1 not\u00edcia \u00e9 que eles s\u00e3o inevit\u00e1veis, a menos que voc\u00ea tenha prote\u00e7\u00e3o - portanto, confira nossos protetores de vinco.\",\"breadcrumb\":{\"@id\":\"https:\\\/\\\/www.loopkinglaces.com\\\/pt-br\\\/products\\\/protetores-de-vinco-resistentes-que-mantem-os-tenis-em-otima-forma\\\/#breadcrumb\"},\"inLanguage\":\"pt-BR\",\"potentialAction\":[{\"@type\":\"ReadAction\",\"target\":[\"https:\\\/\\\/www.loopkinglaces.com\\\/pt-br\\\/products\\\/protetores-de-vinco-resistentes-que-mantem-os-tenis-em-otima-forma\\\/\"]}]},{\"@type\":\"ImageObject\",\"inLanguage\":\"pt-BR\",\"@id\":\"https:\\\/\\\/www.loopkinglaces.com\\\/pt-br\\\/products\\\/protetores-de-vinco-resistentes-que-mantem-os-tenis-em-otima-forma\\\/#primaryimage\",\"url\":\"https:\\\/\\\/www.loopkinglaces.com\\\/wp-content\\\/uploads\\\/Crease-Protector-Yellow-3.jpg\",\"contentUrl\":\"https:\\\/\\\/www.loopkinglaces.com\\\/wp-content\\\/uploads\\\/Crease-Protector-Yellow-3.jpg\",\"width\":578,\"height\":575},{\"@type\":\"BreadcrumbList\",\"@id\":\"https:\\\/\\\/www.loopkinglaces.com\\\/pt-br\\\/products\\\/protetores-de-vinco-resistentes-que-mantem-os-tenis-em-otima-forma\\\/#breadcrumb\",\"itemListElement\":[{\"@type\":\"ListItem\",\"position\":1,\"name\":\"Home\",\"item\":\"https:\\\/\\\/www.loopkinglaces.com\\\/pt-br\\\/\"},{\"@type\":\"ListItem\",\"position\":2,\"name\":\"BUY LACES\",\"item\":\"https:\\\/\\\/www.loopkinglaces.com\\\/buy-laces\\\/\"},{\"@type\":\"ListItem\",\"position\":3,\"name\":\"Protetores de vinco resistentes que mant\u00eam os t\u00eanis em \u00f3tima forma\"}]},{\"@type\":\"WebSite\",\"@id\":\"https:\\\/\\\/www.loopkinglaces.com\\\/pt-br\\\/#website\",\"url\":\"https:\\\/\\\/www.loopkinglaces.com\\\/pt-br\\\/\",\"name\":\"Luxury Gold Tip Shoelaces by Loop King Laces\",\"description\":\"Rope Laces, Flat Waxed Laces and Leather Laces. All With Gold Tips.\",\"publisher\":{\"@id\":\"https:\\\/\\\/www.loopkinglaces.com\\\/pt-br\\\/#organization\"},\"potentialAction\":[{\"@type\":\"SearchAction\",\"target\":{\"@type\":\"EntryPoint\",\"urlTemplate\":\"https:\\\/\\\/www.loopkinglaces.com\\\/pt-br\\\/?s={search_term_string}\"},\"query-input\":{\"@type\":\"PropertyValueSpecification\",\"valueRequired\":true,\"valueName\":\"search_term_string\"}}],\"inLanguage\":\"pt-BR\"},{\"@type\":\"Organization\",\"@id\":\"https:\\\/\\\/www.loopkinglaces.com\\\/pt-br\\\/#organization\",\"name\":\"Loop King Laces\",\"url\":\"https:\\\/\\\/www.loopkinglaces.com\\\/pt-br\\\/\",\"logo\":{\"@type\":\"ImageObject\",\"inLanguage\":\"pt-BR\",\"@id\":\"https:\\\/\\\/www.loopkinglaces.com\\\/pt-br\\\/#\\\/schema\\\/logo\\\/image\\\/\",\"url\":\"https:\\\/\\\/www.loopkinglaces.com\\\/wp-content\\\/uploads\\\/LOOP-KING-LACES.1.1-01-LOGO-HI-RES-OFFICIAL-1.png\",\"contentUrl\":\"https:\\\/\\\/www.loopkinglaces.com\\\/wp-content\\\/uploads\\\/LOOP-KING-LACES.1.1-01-LOGO-HI-RES-OFFICIAL-1.png\",\"width\":128,\"height\":91,\"caption\":\"Loop King Laces\"},\"image\":{\"@id\":\"https:\\\/\\\/www.loopkinglaces.com\\\/pt-br\\\/#\\\/schema\\\/logo\\\/image\\\/\"},\"sameAs\":[\"https:\\\/\\\/www.facebook.com\\\/LoopKingLaces\\\/\",\"https:\\\/\\\/x.com\\\/loopkinglaces\",\"https:\\\/\\\/www.instagram.com\\\/loopkinglaces\\\/\"]}]}<\/script>\n<!-- \/ Yoast SEO plugin. -->","yoast_head_json":{"title":"Protetores de vinco de alta qualidade para uma biqueira superior impec\u00e1vel","description":"Os vincos profundos estragam o visual de qualquer t\u00eanis e a m\u00e1 not\u00edcia \u00e9 que eles s\u00e3o inevit\u00e1veis, a menos que voc\u00ea tenha prote\u00e7\u00e3o - portanto, confira nossos protetores de vinco.","robots":{"index":"index","follow":"follow","max-snippet":"max-snippet:-1","max-image-preview":"max-image-preview:large","max-video-preview":"max-video-preview:-1"},"canonical":"https:\/\/www.loopkinglaces.com\/pt-br\/products\/protetores-de-vinco-resistentes-que-mantem-os-tenis-em-otima-forma\/","og_locale":"pt_BR","og_type":"article","og_title":"Protetores de vinco de alta qualidade para uma biqueira superior impec\u00e1vel","og_description":"Os vincos profundos estragam o visual de qualquer t\u00eanis e a m\u00e1 not\u00edcia \u00e9 que eles s\u00e3o inevit\u00e1veis, a menos que voc\u00ea tenha prote\u00e7\u00e3o - portanto, confira nossos protetores de vinco.","og_url":"https:\/\/www.loopkinglaces.com\/pt-br\/products\/protetores-de-vinco-resistentes-que-mantem-os-tenis-em-otima-forma\/","og_site_name":"Luxury Gold Tip Shoelaces by Loop King Laces","article_publisher":"https:\/\/www.facebook.com\/LoopKingLaces\/","article_modified_time":"2026-02-12T19:15:42+00:00","og_image":[{"width":578,"height":575,"url":"https:\/\/www.loopkinglaces.com\/wp-content\/uploads\/Crease-Protector-Yellow-3.jpg","type":"image\/jpeg"}],"twitter_card":"summary_large_image","twitter_site":"@loopkinglaces","schema":{"@context":"https:\/\/schema.org","@graph":[{"@type":["WebPage","ItemPage"],"@id":"https:\/\/www.loopkinglaces.com\/pt-br\/products\/protetores-de-vinco-resistentes-que-mantem-os-tenis-em-otima-forma\/","url":"https:\/\/www.loopkinglaces.com\/pt-br\/products\/protetores-de-vinco-resistentes-que-mantem-os-tenis-em-otima-forma\/","name":"Protetores de vinco de alta qualidade para uma biqueira superior impec\u00e1vel","isPartOf":{"@id":"https:\/\/www.loopkinglaces.com\/pt-br\/#website"},"primaryImageOfPage":{"@id":"https:\/\/www.loopkinglaces.com\/pt-br\/products\/protetores-de-vinco-resistentes-que-mantem-os-tenis-em-otima-forma\/#primaryimage"},"image":{"@id":"https:\/\/www.loopkinglaces.com\/pt-br\/products\/protetores-de-vinco-resistentes-que-mantem-os-tenis-em-otima-forma\/#primaryimage"},"thumbnailUrl":"https:\/\/www.loopkinglaces.com\/wp-content\/uploads\/Crease-Protector-Yellow-3.jpg","datePublished":"2024-02-07T15:51:42+00:00","dateModified":"2026-02-12T19:15:42+00:00","description":"Os vincos profundos estragam o visual de qualquer t\u00eanis e a m\u00e1 not\u00edcia \u00e9 que eles s\u00e3o inevit\u00e1veis, a menos que voc\u00ea tenha prote\u00e7\u00e3o - portanto, confira nossos protetores de vinco.","breadcrumb":{"@id":"https:\/\/www.loopkinglaces.com\/pt-br\/products\/protetores-de-vinco-resistentes-que-mantem-os-tenis-em-otima-forma\/#breadcrumb"},"inLanguage":"pt-BR","potentialAction":[{"@type":"ReadAction","target":["https:\/\/www.loopkinglaces.com\/pt-br\/products\/protetores-de-vinco-resistentes-que-mantem-os-tenis-em-otima-forma\/"]}]},{"@type":"ImageObject","inLanguage":"pt-BR","@id":"https:\/\/www.loopkinglaces.com\/pt-br\/products\/protetores-de-vinco-resistentes-que-mantem-os-tenis-em-otima-forma\/#primaryimage","url":"https:\/\/www.loopkinglaces.com\/wp-content\/uploads\/Crease-Protector-Yellow-3.jpg","contentUrl":"https:\/\/www.loopkinglaces.com\/wp-content\/uploads\/Crease-Protector-Yellow-3.jpg","width":578,"height":575},{"@type":"BreadcrumbList","@id":"https:\/\/www.loopkinglaces.com\/pt-br\/products\/protetores-de-vinco-resistentes-que-mantem-os-tenis-em-otima-forma\/#breadcrumb","itemListElement":[{"@type":"ListItem","position":1,"name":"Home","item":"https:\/\/www.loopkinglaces.com\/pt-br\/"},{"@type":"ListItem","position":2,"name":"BUY LACES","item":"https:\/\/www.loopkinglaces.com\/buy-laces\/"},{"@type":"ListItem","position":3,"name":"Protetores de vinco resistentes que mant\u00eam os t\u00eanis em \u00f3tima forma"}]},{"@type":"WebSite","@id":"https:\/\/www.loopkinglaces.com\/pt-br\/#website","url":"https:\/\/www.loopkinglaces.com\/pt-br\/","name":"Luxury Gold Tip Shoelaces by Loop King Laces","description":"Rope Laces, Flat Waxed Laces and Leather Laces. All With Gold Tips.","publisher":{"@id":"https:\/\/www.loopkinglaces.com\/pt-br\/#organization"},"potentialAction":[{"@type":"SearchAction","target":{"@type":"EntryPoint","urlTemplate":"https:\/\/www.loopkinglaces.com\/pt-br\/?s={search_term_string}"},"query-input":{"@type":"PropertyValueSpecification","valueRequired":true,"valueName":"search_term_string"}}],"inLanguage":"pt-BR"},{"@type":"Organization","@id":"https:\/\/www.loopkinglaces.com\/pt-br\/#organization","name":"Loop King Laces","url":"https:\/\/www.loopkinglaces.com\/pt-br\/","logo":{"@type":"ImageObject","inLanguage":"pt-BR","@id":"https:\/\/www.loopkinglaces.com\/pt-br\/#\/schema\/logo\/image\/","url":"https:\/\/www.loopkinglaces.com\/wp-content\/uploads\/LOOP-KING-LACES.1.1-01-LOGO-HI-RES-OFFICIAL-1.png","contentUrl":"https:\/\/www.loopkinglaces.com\/wp-content\/uploads\/LOOP-KING-LACES.1.1-01-LOGO-HI-RES-OFFICIAL-1.png","width":128,"height":91,"caption":"Loop King Laces"},"image":{"@id":"https:\/\/www.loopkinglaces.com\/pt-br\/#\/schema\/logo\/image\/"},"sameAs":["https:\/\/www.facebook.com\/LoopKingLaces\/","https:\/\/x.com\/loopkinglaces","https:\/\/www.instagram.com\/loopkinglaces\/"]}]}},"_links":{"self":[{"href":"https:\/\/www.loopkinglaces.com\/pt-br\/wp-json\/wp\/v2\/product\/79059","targetHints":{"allow":["GET"]}}],"collection":[{"href":"https:\/\/www.loopkinglaces.com\/pt-br\/wp-json\/wp\/v2\/product"}],"about":[{"href":"https:\/\/www.loopkinglaces.com\/pt-br\/wp-json\/wp\/v2\/types\/product"}],"replies":[{"embeddable":true,"href":"https:\/\/www.loopkinglaces.com\/pt-br\/wp-json\/wp\/v2\/comments?post=79059"}],"wp:featuredmedia":[{"embeddable":true,"href":"https:\/\/www.loopkinglaces.com\/pt-br\/wp-json\/wp\/v2\/media\/79060"}],"wp:attachment":[{"href":"https:\/\/www.loopkinglaces.com\/pt-br\/wp-json\/wp\/v2\/media?parent=79059"}],"wp:term":[{"taxonomy":"product_brand","embeddable":true,"href":"https:\/\/www.loopkinglaces.com\/pt-br\/wp-json\/wp\/v2\/product_brand?post=79059"},{"taxonomy":"product_cat","embeddable":true,"href":"https:\/\/www.loopkinglaces.com\/pt-br\/wp-json\/wp\/v2\/product_cat?post=79059"},{"taxonomy":"product_tag","embeddable":true,"href":"https:\/\/www.loopkinglaces.com\/pt-br\/wp-json\/wp\/v2\/product_tag?post=79059"},{"taxonomy":"woo-feed-brand","embeddable":true,"href":"https:\/\/www.loopkinglaces.com\/pt-br\/wp-json\/wp\/v2\/woo-feed-brand?post=79059"}],"curies":[{"name":"wp","href":"https:\/\/api.w.org\/{rel}","templated":true}]}}