{"id":78989,"date":"2024-02-07T16:07:02","date_gmt":"2024-02-07T16:07:02","guid":{"rendered":"https:\/\/www.loopkinglaces.com\/products\/protetores-de-sola-flexiveis-para-aprimorar-proteger-e-reforcar-calcados-sofisticados\/"},"modified":"2024-02-07T16:07:02","modified_gmt":"2024-02-07T16:07:02","slug":"protetores-de-sola-flexiveis-para-aprimorar-proteger-e-reforcar-calcados-sofisticados","status":"publish","type":"product","link":"https:\/\/www.loopkinglaces.com\/pt-br\/products\/protetores-de-sola-flexiveis-para-aprimorar-proteger-e-reforcar-calcados-sofisticados\/","title":{"rendered":"Protetores de sola flex\u00edveis para aprimorar, proteger e refor\u00e7ar cal\u00e7ados sofisticados"},"content":{"rendered":"<p><i><span style=\"font-weight: 400;\">Voc\u00ea acabou de comprar um novo e elegante par de sapatos de couro?<\/span><\/i><\/p>\n<p><span style=\"font-weight: 400;\">Ent\u00e3o, voc\u00ea precisar\u00e1 fazer tudo o que puder para mant\u00ea-los com apar\u00eancia de novos.<br \/>\nEm especial,   <\/span><b>as solas de seus sapatos precisam de prote\u00e7\u00e3o contra o desgaste<\/b><span style=\"font-weight: 400;\">. <\/span> <\/p>\n<p><span style=\"font-weight: 400;\">Pense em seus cal\u00e7ados como um investimento semelhante a um carro ou uma casa.<br \/>\nBem, assim que voc\u00ea os levar para casa,   <\/span><b>o valor come\u00e7a a diminuir<\/b><span style=\"font-weight: 400;\">. <\/span> <\/p>\n<p><span style=\"font-weight: 400;\">A principal maneira de manter o valor do seu cal\u00e7ado \u00e9 usar protetores de sola.  <\/span><\/p>\n<p><span style=\"font-weight: 400;\">Elas tamb\u00e9m fazem com que seus cal\u00e7ados durem muito mais, o que significa que voc\u00ea pode us\u00e1-los por muito tempo sem se preocupar com o desgaste.  <\/span><\/p>\n","protected":false},"excerpt":{"rendered":"<p><span style=\"font-weight: 400;\">Nossos protetores de solado apresentam materiais de primeira qualidade e um design de \u00faltima gera\u00e7\u00e3o para garantir que cada cent\u00edmetro quadrado do seu solado permane\u00e7a protegido.  <\/span><\/p>\n<p><span style=\"font-weight: 400;\">O que \u00e9 ainda melhor \u00e9 que eles evitam o processo de oxida\u00e7\u00e3o, que \u00e9 o que faz com que suas solas fiquem com um tom feio de amarelo. Nossos protetores de sola cobrem a totalidade de cada sola para garantir que n\u00e3o ocorra oxida\u00e7\u00e3o.   <\/span><\/p>\n<p><span style=\"font-weight: 400;\">Eles tamb\u00e9m t\u00eam uma apar\u00eancia elegante e refinada, de modo que voc\u00ea n\u00e3o precisar\u00e1 se preocupar com a possibilidade de algu\u00e9m ver seus protetores de sola, como aconteceria com outras marcas.  <\/span><\/p>\n<p><span style=\"font-weight: 400;\">Al\u00e9m disso, nossos protetores de sola <\/span><b>tornam o arrasto do calcanhar uma coisa do passado<\/b><span style=\"font-weight: 400;\">. <\/span> <\/p>\n<p><span style=\"font-weight: 400;\">Seus sapatos sofrem muito a cada passo que voc\u00ea d\u00e1, especialmente o calcanhar, e \u00e9 por isso que refor\u00e7ar as solas \u00e9 t\u00e3o importante.  <\/span><\/p>\n<p><span style=\"font-weight: 400;\">Veja a lista completa de recursos abaixo:<\/span><\/p>\n<ul>\n<li style=\"font-weight: 400;\" aria-level=\"1\"><span style=\"font-weight: 400;\">Materiais de qualidade superior<\/span><\/li>\n<li style=\"font-weight: 400;\" aria-level=\"1\"><span style=\"font-weight: 400;\">Embalagem selada e impressionante  <\/span><\/li>\n<li style=\"font-weight: 400;\" aria-level=\"1\"><span style=\"font-weight: 400;\">Durar\u00e1 mais do que outras marcas<\/span><\/li>\n<li style=\"font-weight: 400;\" aria-level=\"1\"><span style=\"font-weight: 400;\">Prote\u00e7\u00e3o total para evitar oxida\u00e7\u00e3o e arrasto do calcanhar<\/span><\/li>\n<\/ul>\n","protected":false},"featured_media":56260,"comment_status":"open","ping_status":"closed","template":"","meta":{"_acf_changed":false},"product_brand":[],"product_cat":[1858,2009,1856],"product_tag":[],"woo-feed-brand":[],"class_list":{"0":"post-78989","1":"product","2":"type-product","3":"status-publish","4":"has-post-thumbnail","6":"product_cat-cadarcos-com-ponta-de-ouro","7":"product_cat-sem-categoria","8":"product_cat-todos-os-cadarcos","10":"first","11":"instock","12":"taxable","13":"shipping-taxable","14":"purchasable","15":"product-type-simple"},"acf":[],"yoast_head":"<!-- This site is optimized with the Yoast SEO plugin v27.5 - https:\/\/yoast.com\/product\/yoast-seo-wordpress\/ -->\n<title>Protetores de sola dur\u00e1veis para prolongar a vida \u00fatil de seus cal\u00e7ados<\/title>\n<meta name=\"description\" content=\"Voc\u00ea quer manter seus sapatos elegantes com apar\u00eancia impec\u00e1vel? Ent\u00e3o voc\u00ea precisa conferir nossos protetores de sola de primeira linha para proteger seus sapatos das intemp\u00e9ries.\" \/>\n<meta name=\"robots\" content=\"index, follow, max-snippet:-1, max-image-preview:large, max-video-preview:-1\" \/>\n<link rel=\"canonical\" href=\"https:\/\/www.loopkinglaces.com\/pt-br\/products\/protetores-de-sola-flexiveis-para-aprimorar-proteger-e-reforcar-calcados-sofisticados\/\" \/>\n<meta property=\"og:locale\" content=\"pt_BR\" \/>\n<meta property=\"og:type\" content=\"article\" \/>\n<meta property=\"og:title\" content=\"Protetores de sola dur\u00e1veis para prolongar a vida \u00fatil de seus cal\u00e7ados\" \/>\n<meta property=\"og:description\" content=\"Voc\u00ea quer manter seus sapatos elegantes com apar\u00eancia impec\u00e1vel? Ent\u00e3o voc\u00ea precisa conferir nossos protetores de sola de primeira linha para proteger seus sapatos das intemp\u00e9ries.\" \/>\n<meta property=\"og:url\" content=\"https:\/\/www.loopkinglaces.com\/pt-br\/products\/protetores-de-sola-flexiveis-para-aprimorar-proteger-e-reforcar-calcados-sofisticados\/\" \/>\n<meta property=\"og:site_name\" content=\"Luxury Gold Tip Shoelaces by Loop King Laces\" \/>\n<meta property=\"article:publisher\" content=\"https:\/\/www.facebook.com\/LoopKingLaces\/\" \/>\n<meta property=\"og:image\" content=\"https:\/\/www.loopkinglaces.com\/wp-content\/uploads\/LKL-Sole-Protector-Front.png\" \/>\n\t<meta property=\"og:image:width\" content=\"584\" \/>\n\t<meta property=\"og:image:height\" content=\"1575\" \/>\n\t<meta property=\"og:image:type\" content=\"image\/png\" \/>\n<meta name=\"twitter:card\" content=\"summary_large_image\" \/>\n<meta name=\"twitter:site\" content=\"@loopkinglaces\" \/>\n<meta name=\"twitter:label1\" content=\"Est. tempo de leitura\" \/>\n\t<meta name=\"twitter:data1\" content=\"1 minuto\" \/>\n<script type=\"application\/ld+json\" class=\"yoast-schema-graph\">{\"@context\":\"https:\\\/\\\/schema.org\",\"@graph\":[{\"@type\":[\"WebPage\",\"ItemPage\"],\"@id\":\"https:\\\/\\\/www.loopkinglaces.com\\\/pt-br\\\/products\\\/protetores-de-sola-flexiveis-para-aprimorar-proteger-e-reforcar-calcados-sofisticados\\\/\",\"url\":\"https:\\\/\\\/www.loopkinglaces.com\\\/pt-br\\\/products\\\/protetores-de-sola-flexiveis-para-aprimorar-proteger-e-reforcar-calcados-sofisticados\\\/\",\"name\":\"Protetores de sola dur\u00e1veis para prolongar a vida \u00fatil de seus cal\u00e7ados\",\"isPartOf\":{\"@id\":\"https:\\\/\\\/www.loopkinglaces.com\\\/pt-br\\\/#website\"},\"primaryImageOfPage\":{\"@id\":\"https:\\\/\\\/www.loopkinglaces.com\\\/pt-br\\\/products\\\/protetores-de-sola-flexiveis-para-aprimorar-proteger-e-reforcar-calcados-sofisticados\\\/#primaryimage\"},\"image\":{\"@id\":\"https:\\\/\\\/www.loopkinglaces.com\\\/pt-br\\\/products\\\/protetores-de-sola-flexiveis-para-aprimorar-proteger-e-reforcar-calcados-sofisticados\\\/#primaryimage\"},\"thumbnailUrl\":\"https:\\\/\\\/www.loopkinglaces.com\\\/wp-content\\\/uploads\\\/LKL-Sole-Protector-Front.png\",\"datePublished\":\"2024-02-07T16:07:02+00:00\",\"description\":\"Voc\u00ea quer manter seus sapatos elegantes com apar\u00eancia impec\u00e1vel? Ent\u00e3o voc\u00ea precisa conferir nossos protetores de sola de primeira linha para proteger seus sapatos das intemp\u00e9ries.\",\"breadcrumb\":{\"@id\":\"https:\\\/\\\/www.loopkinglaces.com\\\/pt-br\\\/products\\\/protetores-de-sola-flexiveis-para-aprimorar-proteger-e-reforcar-calcados-sofisticados\\\/#breadcrumb\"},\"inLanguage\":\"pt-BR\",\"potentialAction\":[{\"@type\":\"ReadAction\",\"target\":[\"https:\\\/\\\/www.loopkinglaces.com\\\/pt-br\\\/products\\\/protetores-de-sola-flexiveis-para-aprimorar-proteger-e-reforcar-calcados-sofisticados\\\/\"]}]},{\"@type\":\"ImageObject\",\"inLanguage\":\"pt-BR\",\"@id\":\"https:\\\/\\\/www.loopkinglaces.com\\\/pt-br\\\/products\\\/protetores-de-sola-flexiveis-para-aprimorar-proteger-e-reforcar-calcados-sofisticados\\\/#primaryimage\",\"url\":\"https:\\\/\\\/www.loopkinglaces.com\\\/wp-content\\\/uploads\\\/LKL-Sole-Protector-Front.png\",\"contentUrl\":\"https:\\\/\\\/www.loopkinglaces.com\\\/wp-content\\\/uploads\\\/LKL-Sole-Protector-Front.png\",\"width\":584,\"height\":1575},{\"@type\":\"BreadcrumbList\",\"@id\":\"https:\\\/\\\/www.loopkinglaces.com\\\/pt-br\\\/products\\\/protetores-de-sola-flexiveis-para-aprimorar-proteger-e-reforcar-calcados-sofisticados\\\/#breadcrumb\",\"itemListElement\":[{\"@type\":\"ListItem\",\"position\":1,\"name\":\"Home\",\"item\":\"https:\\\/\\\/www.loopkinglaces.com\\\/pt-br\\\/\"},{\"@type\":\"ListItem\",\"position\":2,\"name\":\"BUY LACES\",\"item\":\"https:\\\/\\\/www.loopkinglaces.com\\\/buy-laces\\\/\"},{\"@type\":\"ListItem\",\"position\":3,\"name\":\"Protetores de sola flex\u00edveis para aprimorar, proteger e refor\u00e7ar cal\u00e7ados sofisticados\"}]},{\"@type\":\"WebSite\",\"@id\":\"https:\\\/\\\/www.loopkinglaces.com\\\/pt-br\\\/#website\",\"url\":\"https:\\\/\\\/www.loopkinglaces.com\\\/pt-br\\\/\",\"name\":\"Luxury Gold Tip Shoelaces by Loop King Laces\",\"description\":\"Rope Laces, Flat Waxed Laces and Leather Laces. All With Gold Tips.\",\"publisher\":{\"@id\":\"https:\\\/\\\/www.loopkinglaces.com\\\/pt-br\\\/#organization\"},\"potentialAction\":[{\"@type\":\"SearchAction\",\"target\":{\"@type\":\"EntryPoint\",\"urlTemplate\":\"https:\\\/\\\/www.loopkinglaces.com\\\/pt-br\\\/?s={search_term_string}\"},\"query-input\":{\"@type\":\"PropertyValueSpecification\",\"valueRequired\":true,\"valueName\":\"search_term_string\"}}],\"inLanguage\":\"pt-BR\"},{\"@type\":\"Organization\",\"@id\":\"https:\\\/\\\/www.loopkinglaces.com\\\/pt-br\\\/#organization\",\"name\":\"Loop King Laces\",\"url\":\"https:\\\/\\\/www.loopkinglaces.com\\\/pt-br\\\/\",\"logo\":{\"@type\":\"ImageObject\",\"inLanguage\":\"pt-BR\",\"@id\":\"https:\\\/\\\/www.loopkinglaces.com\\\/pt-br\\\/#\\\/schema\\\/logo\\\/image\\\/\",\"url\":\"https:\\\/\\\/www.loopkinglaces.com\\\/wp-content\\\/uploads\\\/LOOP-KING-LACES.1.1-01-LOGO-HI-RES-OFFICIAL-1.png\",\"contentUrl\":\"https:\\\/\\\/www.loopkinglaces.com\\\/wp-content\\\/uploads\\\/LOOP-KING-LACES.1.1-01-LOGO-HI-RES-OFFICIAL-1.png\",\"width\":128,\"height\":91,\"caption\":\"Loop King Laces\"},\"image\":{\"@id\":\"https:\\\/\\\/www.loopkinglaces.com\\\/pt-br\\\/#\\\/schema\\\/logo\\\/image\\\/\"},\"sameAs\":[\"https:\\\/\\\/www.facebook.com\\\/LoopKingLaces\\\/\",\"https:\\\/\\\/x.com\\\/loopkinglaces\",\"https:\\\/\\\/www.instagram.com\\\/loopkinglaces\\\/\"]}]}<\/script>\n<!-- \/ Yoast SEO plugin. -->","yoast_head_json":{"title":"Protetores de sola dur\u00e1veis para prolongar a vida \u00fatil de seus cal\u00e7ados","description":"Voc\u00ea quer manter seus sapatos elegantes com apar\u00eancia impec\u00e1vel? Ent\u00e3o voc\u00ea precisa conferir nossos protetores de sola de primeira linha para proteger seus sapatos das intemp\u00e9ries.","robots":{"index":"index","follow":"follow","max-snippet":"max-snippet:-1","max-image-preview":"max-image-preview:large","max-video-preview":"max-video-preview:-1"},"canonical":"https:\/\/www.loopkinglaces.com\/pt-br\/products\/protetores-de-sola-flexiveis-para-aprimorar-proteger-e-reforcar-calcados-sofisticados\/","og_locale":"pt_BR","og_type":"article","og_title":"Protetores de sola dur\u00e1veis para prolongar a vida \u00fatil de seus cal\u00e7ados","og_description":"Voc\u00ea quer manter seus sapatos elegantes com apar\u00eancia impec\u00e1vel? Ent\u00e3o voc\u00ea precisa conferir nossos protetores de sola de primeira linha para proteger seus sapatos das intemp\u00e9ries.","og_url":"https:\/\/www.loopkinglaces.com\/pt-br\/products\/protetores-de-sola-flexiveis-para-aprimorar-proteger-e-reforcar-calcados-sofisticados\/","og_site_name":"Luxury Gold Tip Shoelaces by Loop King Laces","article_publisher":"https:\/\/www.facebook.com\/LoopKingLaces\/","og_image":[{"width":584,"height":1575,"url":"https:\/\/www.loopkinglaces.com\/wp-content\/uploads\/LKL-Sole-Protector-Front.png","type":"image\/png"}],"twitter_card":"summary_large_image","twitter_site":"@loopkinglaces","twitter_misc":{"Est. tempo de leitura":"1 minuto"},"schema":{"@context":"https:\/\/schema.org","@graph":[{"@type":["WebPage","ItemPage"],"@id":"https:\/\/www.loopkinglaces.com\/pt-br\/products\/protetores-de-sola-flexiveis-para-aprimorar-proteger-e-reforcar-calcados-sofisticados\/","url":"https:\/\/www.loopkinglaces.com\/pt-br\/products\/protetores-de-sola-flexiveis-para-aprimorar-proteger-e-reforcar-calcados-sofisticados\/","name":"Protetores de sola dur\u00e1veis para prolongar a vida \u00fatil de seus cal\u00e7ados","isPartOf":{"@id":"https:\/\/www.loopkinglaces.com\/pt-br\/#website"},"primaryImageOfPage":{"@id":"https:\/\/www.loopkinglaces.com\/pt-br\/products\/protetores-de-sola-flexiveis-para-aprimorar-proteger-e-reforcar-calcados-sofisticados\/#primaryimage"},"image":{"@id":"https:\/\/www.loopkinglaces.com\/pt-br\/products\/protetores-de-sola-flexiveis-para-aprimorar-proteger-e-reforcar-calcados-sofisticados\/#primaryimage"},"thumbnailUrl":"https:\/\/www.loopkinglaces.com\/wp-content\/uploads\/LKL-Sole-Protector-Front.png","datePublished":"2024-02-07T16:07:02+00:00","description":"Voc\u00ea quer manter seus sapatos elegantes com apar\u00eancia impec\u00e1vel? Ent\u00e3o voc\u00ea precisa conferir nossos protetores de sola de primeira linha para proteger seus sapatos das intemp\u00e9ries.","breadcrumb":{"@id":"https:\/\/www.loopkinglaces.com\/pt-br\/products\/protetores-de-sola-flexiveis-para-aprimorar-proteger-e-reforcar-calcados-sofisticados\/#breadcrumb"},"inLanguage":"pt-BR","potentialAction":[{"@type":"ReadAction","target":["https:\/\/www.loopkinglaces.com\/pt-br\/products\/protetores-de-sola-flexiveis-para-aprimorar-proteger-e-reforcar-calcados-sofisticados\/"]}]},{"@type":"ImageObject","inLanguage":"pt-BR","@id":"https:\/\/www.loopkinglaces.com\/pt-br\/products\/protetores-de-sola-flexiveis-para-aprimorar-proteger-e-reforcar-calcados-sofisticados\/#primaryimage","url":"https:\/\/www.loopkinglaces.com\/wp-content\/uploads\/LKL-Sole-Protector-Front.png","contentUrl":"https:\/\/www.loopkinglaces.com\/wp-content\/uploads\/LKL-Sole-Protector-Front.png","width":584,"height":1575},{"@type":"BreadcrumbList","@id":"https:\/\/www.loopkinglaces.com\/pt-br\/products\/protetores-de-sola-flexiveis-para-aprimorar-proteger-e-reforcar-calcados-sofisticados\/#breadcrumb","itemListElement":[{"@type":"ListItem","position":1,"name":"Home","item":"https:\/\/www.loopkinglaces.com\/pt-br\/"},{"@type":"ListItem","position":2,"name":"BUY LACES","item":"https:\/\/www.loopkinglaces.com\/buy-laces\/"},{"@type":"ListItem","position":3,"name":"Protetores de sola flex\u00edveis para aprimorar, proteger e refor\u00e7ar cal\u00e7ados sofisticados"}]},{"@type":"WebSite","@id":"https:\/\/www.loopkinglaces.com\/pt-br\/#website","url":"https:\/\/www.loopkinglaces.com\/pt-br\/","name":"Luxury Gold Tip Shoelaces by Loop King Laces","description":"Rope Laces, Flat Waxed Laces and Leather Laces. All With Gold Tips.","publisher":{"@id":"https:\/\/www.loopkinglaces.com\/pt-br\/#organization"},"potentialAction":[{"@type":"SearchAction","target":{"@type":"EntryPoint","urlTemplate":"https:\/\/www.loopkinglaces.com\/pt-br\/?s={search_term_string}"},"query-input":{"@type":"PropertyValueSpecification","valueRequired":true,"valueName":"search_term_string"}}],"inLanguage":"pt-BR"},{"@type":"Organization","@id":"https:\/\/www.loopkinglaces.com\/pt-br\/#organization","name":"Loop King Laces","url":"https:\/\/www.loopkinglaces.com\/pt-br\/","logo":{"@type":"ImageObject","inLanguage":"pt-BR","@id":"https:\/\/www.loopkinglaces.com\/pt-br\/#\/schema\/logo\/image\/","url":"https:\/\/www.loopkinglaces.com\/wp-content\/uploads\/LOOP-KING-LACES.1.1-01-LOGO-HI-RES-OFFICIAL-1.png","contentUrl":"https:\/\/www.loopkinglaces.com\/wp-content\/uploads\/LOOP-KING-LACES.1.1-01-LOGO-HI-RES-OFFICIAL-1.png","width":128,"height":91,"caption":"Loop King Laces"},"image":{"@id":"https:\/\/www.loopkinglaces.com\/pt-br\/#\/schema\/logo\/image\/"},"sameAs":["https:\/\/www.facebook.com\/LoopKingLaces\/","https:\/\/x.com\/loopkinglaces","https:\/\/www.instagram.com\/loopkinglaces\/"]}]}},"_links":{"self":[{"href":"https:\/\/www.loopkinglaces.com\/pt-br\/wp-json\/wp\/v2\/product\/78989","targetHints":{"allow":["GET"]}}],"collection":[{"href":"https:\/\/www.loopkinglaces.com\/pt-br\/wp-json\/wp\/v2\/product"}],"about":[{"href":"https:\/\/www.loopkinglaces.com\/pt-br\/wp-json\/wp\/v2\/types\/product"}],"replies":[{"embeddable":true,"href":"https:\/\/www.loopkinglaces.com\/pt-br\/wp-json\/wp\/v2\/comments?post=78989"}],"wp:featuredmedia":[{"embeddable":true,"href":"https:\/\/www.loopkinglaces.com\/pt-br\/wp-json\/wp\/v2\/media\/56260"}],"wp:attachment":[{"href":"https:\/\/www.loopkinglaces.com\/pt-br\/wp-json\/wp\/v2\/media?parent=78989"}],"wp:term":[{"taxonomy":"product_brand","embeddable":true,"href":"https:\/\/www.loopkinglaces.com\/pt-br\/wp-json\/wp\/v2\/product_brand?post=78989"},{"taxonomy":"product_cat","embeddable":true,"href":"https:\/\/www.loopkinglaces.com\/pt-br\/wp-json\/wp\/v2\/product_cat?post=78989"},{"taxonomy":"product_tag","embeddable":true,"href":"https:\/\/www.loopkinglaces.com\/pt-br\/wp-json\/wp\/v2\/product_tag?post=78989"},{"taxonomy":"woo-feed-brand","embeddable":true,"href":"https:\/\/www.loopkinglaces.com\/pt-br\/wp-json\/wp\/v2\/woo-feed-brand?post=78989"}],"curies":[{"name":"wp","href":"https:\/\/api.w.org\/{rel}","templated":true}]}}