{"id":77426,"date":"2023-12-07T16:43:52","date_gmt":"2023-12-07T16:43:52","guid":{"rendered":"https:\/\/www.loopkinglaces.com\/products\/cadarcos-de-couro-bronzeado-de-luxo-com-pontas-douradas\/"},"modified":"2023-12-07T16:43:52","modified_gmt":"2023-12-07T16:43:52","slug":"cadarcos-de-couro-bronzeado-de-luxo-com-pontas-douradas","status":"publish","type":"product","link":"https:\/\/www.loopkinglaces.com\/pt-br\/products\/cadarcos-de-couro-bronzeado-de-luxo-com-pontas-douradas\/","title":{"rendered":"Cadar\u00e7os de couro bronzeado de luxo com pontas douradas"},"content":{"rendered":"<h3><a href=\"https:\/\/www.loopkinglaces.com\/\">Cadar\u00e7os de t\u00eanis de luxo<\/a><\/h3>\n<p>O charme visual de cadar\u00e7os largos e substanciais \u00e9 ineg\u00e1vel, geralmente associado a um visual de alta qualidade. Os cadar\u00e7os de couro da Loop King s\u00e3o o ep\u00edtome disso, apresentando uma espessura generosa que real\u00e7a o couro premium. Nossa dedica\u00e7\u00e3o \u00e0 qualidade \u00e9 incans\u00e1vel e se reflete em nossa sele\u00e7\u00e3o de materiais superiores. Esses cadar\u00e7os n\u00e3o s\u00e3o apenas esteticamente agrad\u00e1veis, mas tamb\u00e9m notavelmente duradouros, muitas vezes superando outras marcas em durabilidade em at\u00e9 tr\u00eas vezes.   <\/p>\n","protected":false},"excerpt":{"rendered":"<p><strong>Cadar\u00e7os de couro bronzeado de luxo com pontas douradas<\/strong><\/p>\n<p>Reconhecendo o ineg\u00e1vel apelo dos cadar\u00e7os mais grossos e largos, a Loop King criou cadar\u00e7os de couro que representam essa est\u00e9tica. Com uma espessura significativa, eles destacam o couro fino, conferindo um visual luxuoso. A qualidade \u00e9 fundamental em nosso processo, pois utilizamos apenas materiais de primeira qualidade. Isso resulta em cadar\u00e7os que n\u00e3o s\u00e3o apenas visualmente deslumbrantes, mas tamb\u00e9m excepcionalmente dur\u00e1veis, muitas vezes superando os concorrentes por um fator de tr\u00eas. Para aqueles que buscam substitui\u00e7\u00f5es pouco frequentes de cadar\u00e7os, os cadar\u00e7os de couro Loop King s\u00e3o a escolha definitiva. Seus principais recursos incluem:  <\/p>\n<ul>\n<li>6 mm de largura (plano)<\/li>\n<li>Couro fino<\/li>\n<li>Pontas de agulhas douradas em relevo com o nome Loop King<\/li>\n<li>Serve para a maioria das principais marcas de cal\u00e7ados (Nike, Adidas, Reebok, Vans, Converse, etc.)<\/li>\n<li>Durar\u00e1 mais do que outras marcas de cadar\u00e7os 3x<\/li>\n<li>Embalagem de Beautiful Loop King por la\u00e7o<\/li>\n<\/ul>\n","protected":false},"featured_media":77427,"comment_status":"open","ping_status":"closed","template":"","meta":{"_acf_changed":false},"product_brand":[],"product_cat":[1958,1858,1981,1926,1878,1855,1880,1894,1973,1982,1856],"product_tag":[1868,1866,1869,1867,1870,1871],"woo-feed-brand":[],"class_list":{"0":"post-77426","1":"product","2":"type-product","3":"status-publish","4":"has-post-thumbnail","6":"product_cat-adidas-yeezy-700-laces-cordoes-da-moda","7":"product_cat-cadarcos-com-ponta-de-ouro","8":"product_cat-cadarcos-de-basquete-de-alto-nivel-para-um-visual-elegante-e-ajuste-confortavel-dentro-e-fora-da-quadra","9":"product_cat-cadarcos-de-botas-de-63-polegadas-de-o-no-com-estilo","10":"product_cat-cadarcos-de-calcados-skechers-de-alto-nivel-que-adicionam-intriga-valor-e-conforto","11":"product_cat-cadarcos-de-couro-de-luxo","12":"product_cat-cadarcos-para-sapatos-ecco-acabamento-perfeito-para-seus-calcados-marcantes","13":"product_cat-cadarcos-resistentes-para-botas-que-tem-um-visual-incrivel-e-duram-muito-tempo","14":"product_cat-melhore-seu-jogo-de-sapatos-com-os-cadarcos-de-botas-columbia","15":"product_cat-os-cadarcos-da-burberry-que-vao-atualizar-seus-calcados","16":"product_cat-todos-os-cadarcos","17":"product_tag-cadarcos","18":"product_tag-calcados","19":"product_tag-cordoes-de-couro","20":"product_tag-loop-king-pt-br","21":"product_tag-ponta-de-metal","22":"product_tag-preto","24":"first","25":"instock","26":"taxable","27":"shipping-taxable","28":"purchasable","29":"product-type-variable"},"acf":[],"yoast_head":"<!-- This site is optimized with the Yoast SEO plugin v27.5 - https:\/\/yoast.com\/product\/yoast-seo-wordpress\/ -->\n<title>Cadar\u00e7os de couro bronzeado de luxo com pontas douradas - da Loop King<\/title>\n<meta name=\"description\" content=\"Redefina seu estilo com nossos cadar\u00e7os de couro premium, perfeitamente adequados para as principais marcas de t\u00eanis. Com eles, voc\u00ea ter\u00e1 um upgrade instant\u00e2neo de estilo.\" \/>\n<meta name=\"robots\" content=\"index, follow, max-snippet:-1, max-image-preview:large, max-video-preview:-1\" \/>\n<link rel=\"canonical\" href=\"https:\/\/www.loopkinglaces.com\/pt-br\/products\/cadarcos-de-couro-bronzeado-de-luxo-com-pontas-douradas\/\" \/>\n<meta property=\"og:locale\" content=\"pt_BR\" \/>\n<meta property=\"og:type\" content=\"article\" \/>\n<meta property=\"og:title\" content=\"Cadar\u00e7os de couro bronzeado de luxo com pontas douradas - da Loop King\" \/>\n<meta property=\"og:description\" content=\"Redefina seu estilo com nossos cadar\u00e7os de couro premium, perfeitamente adequados para as principais marcas de t\u00eanis. Com eles, voc\u00ea ter\u00e1 um upgrade instant\u00e2neo de estilo.\" \/>\n<meta property=\"og:url\" content=\"https:\/\/www.loopkinglaces.com\/pt-br\/products\/cadarcos-de-couro-bronzeado-de-luxo-com-pontas-douradas\/\" \/>\n<meta property=\"og:site_name\" content=\"Luxury Gold Tip Shoelaces by Loop King Laces\" \/>\n<meta property=\"article:publisher\" content=\"https:\/\/www.facebook.com\/LoopKingLaces\/\" \/>\n<meta property=\"og:image\" content=\"https:\/\/www.loopkinglaces.com\/wp-content\/uploads\/Tan-Leather-scaled.jpg\" \/>\n\t<meta property=\"og:image:width\" content=\"2560\" \/>\n\t<meta property=\"og:image:height\" content=\"2560\" \/>\n\t<meta property=\"og:image:type\" content=\"image\/jpeg\" \/>\n<meta name=\"twitter:card\" content=\"summary_large_image\" \/>\n<meta name=\"twitter:site\" content=\"@loopkinglaces\" \/>\n<script type=\"application\/ld+json\" class=\"yoast-schema-graph\">{\"@context\":\"https:\\\/\\\/schema.org\",\"@graph\":[{\"@type\":[\"WebPage\",\"ItemPage\"],\"@id\":\"https:\\\/\\\/www.loopkinglaces.com\\\/pt-br\\\/products\\\/cadarcos-de-couro-bronzeado-de-luxo-com-pontas-douradas\\\/\",\"url\":\"https:\\\/\\\/www.loopkinglaces.com\\\/pt-br\\\/products\\\/cadarcos-de-couro-bronzeado-de-luxo-com-pontas-douradas\\\/\",\"name\":\"Cadar\u00e7os de couro bronzeado de luxo com pontas douradas - da Loop King\",\"isPartOf\":{\"@id\":\"https:\\\/\\\/www.loopkinglaces.com\\\/pt-br\\\/#website\"},\"primaryImageOfPage\":{\"@id\":\"https:\\\/\\\/www.loopkinglaces.com\\\/pt-br\\\/products\\\/cadarcos-de-couro-bronzeado-de-luxo-com-pontas-douradas\\\/#primaryimage\"},\"image\":{\"@id\":\"https:\\\/\\\/www.loopkinglaces.com\\\/pt-br\\\/products\\\/cadarcos-de-couro-bronzeado-de-luxo-com-pontas-douradas\\\/#primaryimage\"},\"thumbnailUrl\":\"https:\\\/\\\/www.loopkinglaces.com\\\/wp-content\\\/uploads\\\/Tan-Leather-scaled.jpg\",\"datePublished\":\"2023-12-07T16:43:52+00:00\",\"description\":\"Redefina seu estilo com nossos cadar\u00e7os de couro premium, perfeitamente adequados para as principais marcas de t\u00eanis. Com eles, voc\u00ea ter\u00e1 um upgrade instant\u00e2neo de estilo.\",\"breadcrumb\":{\"@id\":\"https:\\\/\\\/www.loopkinglaces.com\\\/pt-br\\\/products\\\/cadarcos-de-couro-bronzeado-de-luxo-com-pontas-douradas\\\/#breadcrumb\"},\"inLanguage\":\"pt-BR\",\"potentialAction\":[{\"@type\":\"ReadAction\",\"target\":[\"https:\\\/\\\/www.loopkinglaces.com\\\/pt-br\\\/products\\\/cadarcos-de-couro-bronzeado-de-luxo-com-pontas-douradas\\\/\"]}]},{\"@type\":\"ImageObject\",\"inLanguage\":\"pt-BR\",\"@id\":\"https:\\\/\\\/www.loopkinglaces.com\\\/pt-br\\\/products\\\/cadarcos-de-couro-bronzeado-de-luxo-com-pontas-douradas\\\/#primaryimage\",\"url\":\"https:\\\/\\\/www.loopkinglaces.com\\\/wp-content\\\/uploads\\\/Tan-Leather-scaled.jpg\",\"contentUrl\":\"https:\\\/\\\/www.loopkinglaces.com\\\/wp-content\\\/uploads\\\/Tan-Leather-scaled.jpg\",\"width\":2560,\"height\":2560},{\"@type\":\"BreadcrumbList\",\"@id\":\"https:\\\/\\\/www.loopkinglaces.com\\\/pt-br\\\/products\\\/cadarcos-de-couro-bronzeado-de-luxo-com-pontas-douradas\\\/#breadcrumb\",\"itemListElement\":[{\"@type\":\"ListItem\",\"position\":1,\"name\":\"Home\",\"item\":\"https:\\\/\\\/www.loopkinglaces.com\\\/pt-br\\\/\"},{\"@type\":\"ListItem\",\"position\":2,\"name\":\"BUY LACES\",\"item\":\"https:\\\/\\\/www.loopkinglaces.com\\\/buy-laces\\\/\"},{\"@type\":\"ListItem\",\"position\":3,\"name\":\"Cadar\u00e7os de couro bronzeado de luxo com pontas douradas\"}]},{\"@type\":\"WebSite\",\"@id\":\"https:\\\/\\\/www.loopkinglaces.com\\\/pt-br\\\/#website\",\"url\":\"https:\\\/\\\/www.loopkinglaces.com\\\/pt-br\\\/\",\"name\":\"Luxury Gold Tip Shoelaces by Loop King Laces\",\"description\":\"Rope Laces, Flat Waxed Laces and Leather Laces. All With Gold Tips.\",\"publisher\":{\"@id\":\"https:\\\/\\\/www.loopkinglaces.com\\\/pt-br\\\/#organization\"},\"potentialAction\":[{\"@type\":\"SearchAction\",\"target\":{\"@type\":\"EntryPoint\",\"urlTemplate\":\"https:\\\/\\\/www.loopkinglaces.com\\\/pt-br\\\/?s={search_term_string}\"},\"query-input\":{\"@type\":\"PropertyValueSpecification\",\"valueRequired\":true,\"valueName\":\"search_term_string\"}}],\"inLanguage\":\"pt-BR\"},{\"@type\":\"Organization\",\"@id\":\"https:\\\/\\\/www.loopkinglaces.com\\\/pt-br\\\/#organization\",\"name\":\"Loop King Laces\",\"url\":\"https:\\\/\\\/www.loopkinglaces.com\\\/pt-br\\\/\",\"logo\":{\"@type\":\"ImageObject\",\"inLanguage\":\"pt-BR\",\"@id\":\"https:\\\/\\\/www.loopkinglaces.com\\\/pt-br\\\/#\\\/schema\\\/logo\\\/image\\\/\",\"url\":\"https:\\\/\\\/www.loopkinglaces.com\\\/wp-content\\\/uploads\\\/LOOP-KING-LACES.1.1-01-LOGO-HI-RES-OFFICIAL-1.png\",\"contentUrl\":\"https:\\\/\\\/www.loopkinglaces.com\\\/wp-content\\\/uploads\\\/LOOP-KING-LACES.1.1-01-LOGO-HI-RES-OFFICIAL-1.png\",\"width\":128,\"height\":91,\"caption\":\"Loop King Laces\"},\"image\":{\"@id\":\"https:\\\/\\\/www.loopkinglaces.com\\\/pt-br\\\/#\\\/schema\\\/logo\\\/image\\\/\"},\"sameAs\":[\"https:\\\/\\\/www.facebook.com\\\/LoopKingLaces\\\/\",\"https:\\\/\\\/x.com\\\/loopkinglaces\",\"https:\\\/\\\/www.instagram.com\\\/loopkinglaces\\\/\"]}]}<\/script>\n<!-- \/ Yoast SEO plugin. -->","yoast_head_json":{"title":"Cadar\u00e7os de couro bronzeado de luxo com pontas douradas - da Loop King","description":"Redefina seu estilo com nossos cadar\u00e7os de couro premium, perfeitamente adequados para as principais marcas de t\u00eanis. Com eles, voc\u00ea ter\u00e1 um upgrade instant\u00e2neo de estilo.","robots":{"index":"index","follow":"follow","max-snippet":"max-snippet:-1","max-image-preview":"max-image-preview:large","max-video-preview":"max-video-preview:-1"},"canonical":"https:\/\/www.loopkinglaces.com\/pt-br\/products\/cadarcos-de-couro-bronzeado-de-luxo-com-pontas-douradas\/","og_locale":"pt_BR","og_type":"article","og_title":"Cadar\u00e7os de couro bronzeado de luxo com pontas douradas - da Loop King","og_description":"Redefina seu estilo com nossos cadar\u00e7os de couro premium, perfeitamente adequados para as principais marcas de t\u00eanis. Com eles, voc\u00ea ter\u00e1 um upgrade instant\u00e2neo de estilo.","og_url":"https:\/\/www.loopkinglaces.com\/pt-br\/products\/cadarcos-de-couro-bronzeado-de-luxo-com-pontas-douradas\/","og_site_name":"Luxury Gold Tip Shoelaces by Loop King Laces","article_publisher":"https:\/\/www.facebook.com\/LoopKingLaces\/","og_image":[{"width":2560,"height":2560,"url":"https:\/\/www.loopkinglaces.com\/wp-content\/uploads\/Tan-Leather-scaled.jpg","type":"image\/jpeg"}],"twitter_card":"summary_large_image","twitter_site":"@loopkinglaces","schema":{"@context":"https:\/\/schema.org","@graph":[{"@type":["WebPage","ItemPage"],"@id":"https:\/\/www.loopkinglaces.com\/pt-br\/products\/cadarcos-de-couro-bronzeado-de-luxo-com-pontas-douradas\/","url":"https:\/\/www.loopkinglaces.com\/pt-br\/products\/cadarcos-de-couro-bronzeado-de-luxo-com-pontas-douradas\/","name":"Cadar\u00e7os de couro bronzeado de luxo com pontas douradas - da Loop King","isPartOf":{"@id":"https:\/\/www.loopkinglaces.com\/pt-br\/#website"},"primaryImageOfPage":{"@id":"https:\/\/www.loopkinglaces.com\/pt-br\/products\/cadarcos-de-couro-bronzeado-de-luxo-com-pontas-douradas\/#primaryimage"},"image":{"@id":"https:\/\/www.loopkinglaces.com\/pt-br\/products\/cadarcos-de-couro-bronzeado-de-luxo-com-pontas-douradas\/#primaryimage"},"thumbnailUrl":"https:\/\/www.loopkinglaces.com\/wp-content\/uploads\/Tan-Leather-scaled.jpg","datePublished":"2023-12-07T16:43:52+00:00","description":"Redefina seu estilo com nossos cadar\u00e7os de couro premium, perfeitamente adequados para as principais marcas de t\u00eanis. Com eles, voc\u00ea ter\u00e1 um upgrade instant\u00e2neo de estilo.","breadcrumb":{"@id":"https:\/\/www.loopkinglaces.com\/pt-br\/products\/cadarcos-de-couro-bronzeado-de-luxo-com-pontas-douradas\/#breadcrumb"},"inLanguage":"pt-BR","potentialAction":[{"@type":"ReadAction","target":["https:\/\/www.loopkinglaces.com\/pt-br\/products\/cadarcos-de-couro-bronzeado-de-luxo-com-pontas-douradas\/"]}]},{"@type":"ImageObject","inLanguage":"pt-BR","@id":"https:\/\/www.loopkinglaces.com\/pt-br\/products\/cadarcos-de-couro-bronzeado-de-luxo-com-pontas-douradas\/#primaryimage","url":"https:\/\/www.loopkinglaces.com\/wp-content\/uploads\/Tan-Leather-scaled.jpg","contentUrl":"https:\/\/www.loopkinglaces.com\/wp-content\/uploads\/Tan-Leather-scaled.jpg","width":2560,"height":2560},{"@type":"BreadcrumbList","@id":"https:\/\/www.loopkinglaces.com\/pt-br\/products\/cadarcos-de-couro-bronzeado-de-luxo-com-pontas-douradas\/#breadcrumb","itemListElement":[{"@type":"ListItem","position":1,"name":"Home","item":"https:\/\/www.loopkinglaces.com\/pt-br\/"},{"@type":"ListItem","position":2,"name":"BUY LACES","item":"https:\/\/www.loopkinglaces.com\/buy-laces\/"},{"@type":"ListItem","position":3,"name":"Cadar\u00e7os de couro bronzeado de luxo com pontas douradas"}]},{"@type":"WebSite","@id":"https:\/\/www.loopkinglaces.com\/pt-br\/#website","url":"https:\/\/www.loopkinglaces.com\/pt-br\/","name":"Luxury Gold Tip Shoelaces by Loop King Laces","description":"Rope Laces, Flat Waxed Laces and Leather Laces. All With Gold Tips.","publisher":{"@id":"https:\/\/www.loopkinglaces.com\/pt-br\/#organization"},"potentialAction":[{"@type":"SearchAction","target":{"@type":"EntryPoint","urlTemplate":"https:\/\/www.loopkinglaces.com\/pt-br\/?s={search_term_string}"},"query-input":{"@type":"PropertyValueSpecification","valueRequired":true,"valueName":"search_term_string"}}],"inLanguage":"pt-BR"},{"@type":"Organization","@id":"https:\/\/www.loopkinglaces.com\/pt-br\/#organization","name":"Loop King Laces","url":"https:\/\/www.loopkinglaces.com\/pt-br\/","logo":{"@type":"ImageObject","inLanguage":"pt-BR","@id":"https:\/\/www.loopkinglaces.com\/pt-br\/#\/schema\/logo\/image\/","url":"https:\/\/www.loopkinglaces.com\/wp-content\/uploads\/LOOP-KING-LACES.1.1-01-LOGO-HI-RES-OFFICIAL-1.png","contentUrl":"https:\/\/www.loopkinglaces.com\/wp-content\/uploads\/LOOP-KING-LACES.1.1-01-LOGO-HI-RES-OFFICIAL-1.png","width":128,"height":91,"caption":"Loop King Laces"},"image":{"@id":"https:\/\/www.loopkinglaces.com\/pt-br\/#\/schema\/logo\/image\/"},"sameAs":["https:\/\/www.facebook.com\/LoopKingLaces\/","https:\/\/x.com\/loopkinglaces","https:\/\/www.instagram.com\/loopkinglaces\/"]}]}},"_links":{"self":[{"href":"https:\/\/www.loopkinglaces.com\/pt-br\/wp-json\/wp\/v2\/product\/77426","targetHints":{"allow":["GET"]}}],"collection":[{"href":"https:\/\/www.loopkinglaces.com\/pt-br\/wp-json\/wp\/v2\/product"}],"about":[{"href":"https:\/\/www.loopkinglaces.com\/pt-br\/wp-json\/wp\/v2\/types\/product"}],"replies":[{"embeddable":true,"href":"https:\/\/www.loopkinglaces.com\/pt-br\/wp-json\/wp\/v2\/comments?post=77426"}],"wp:featuredmedia":[{"embeddable":true,"href":"https:\/\/www.loopkinglaces.com\/pt-br\/wp-json\/wp\/v2\/media\/77427"}],"wp:attachment":[{"href":"https:\/\/www.loopkinglaces.com\/pt-br\/wp-json\/wp\/v2\/media?parent=77426"}],"wp:term":[{"taxonomy":"product_brand","embeddable":true,"href":"https:\/\/www.loopkinglaces.com\/pt-br\/wp-json\/wp\/v2\/product_brand?post=77426"},{"taxonomy":"product_cat","embeddable":true,"href":"https:\/\/www.loopkinglaces.com\/pt-br\/wp-json\/wp\/v2\/product_cat?post=77426"},{"taxonomy":"product_tag","embeddable":true,"href":"https:\/\/www.loopkinglaces.com\/pt-br\/wp-json\/wp\/v2\/product_tag?post=77426"},{"taxonomy":"woo-feed-brand","embeddable":true,"href":"https:\/\/www.loopkinglaces.com\/pt-br\/wp-json\/wp\/v2\/woo-feed-brand?post=77426"}],"curies":[{"name":"wp","href":"https:\/\/api.w.org\/{rel}","templated":true}]}}