{"id":77417,"date":"2023-12-07T16:37:54","date_gmt":"2023-12-07T16:37:54","guid":{"rendered":"https:\/\/www.loopkinglaces.com\/products\/cadarcos-de-couro-luxuosos-da-borgonha-com-pontas-douradas\/"},"modified":"2023-12-07T16:37:54","modified_gmt":"2023-12-07T16:37:54","slug":"cadarcos-de-couro-luxuosos-da-borgonha-com-pontas-douradas","status":"publish","type":"product","link":"https:\/\/www.loopkinglaces.com\/pt-br\/products\/cadarcos-de-couro-luxuosos-da-borgonha-com-pontas-douradas\/","title":{"rendered":"Cadar\u00e7os de couro luxuosos da Borgonha com pontas douradas"},"content":{"rendered":"<h3><a href=\"https:\/\/www.loopkinglaces.com\/\">Cadar\u00e7os de t\u00eanis de luxo<\/a><\/h3>\n<p>Os cadar\u00e7os planos e grossos t\u00eam uma apar\u00eancia inerentemente sofisticada e cara, um conceito totalmente adotado pela Loop King em nossos cadar\u00e7os de couro. Esses cadar\u00e7os t\u00eam uma espessura consider\u00e1vel, acentuando o couro requintado usado em sua fabrica\u00e7\u00e3o. Na Loop King, a qualidade n\u00e3o \u00e9 apenas uma palavra, mas uma pr\u00e1tica, evidente em nossas escolhas de materiais de alta qualidade. Nossos cadar\u00e7os s\u00e3o feitos para durar, muitas vezes superando outras marcas em at\u00e9 tr\u00eas vezes a longevidade. Para minimizar as substitui\u00e7\u00f5es de cadar\u00e7os, use os cadar\u00e7os de couro da Loop King.    <\/p>\n","protected":false},"excerpt":{"rendered":"<p><strong>Cadar\u00e7os de couro luxuosos da Borgonha com pontas douradas<\/strong><\/p>\n<p>\u00c9 amplamente reconhecido que os cadar\u00e7os mais grossos e lisos t\u00eam uma apar\u00eancia mais sofisticada e cara. O charme visual de cadar\u00e7os largos e substanciais \u00e9 ineg\u00e1vel, geralmente associado a um visual de alta qualidade. Os cadar\u00e7os de couro da Loop King s\u00e3o o ep\u00edtome disso, apresentando uma espessura generosa que real\u00e7a o couro premium. Nossa dedica\u00e7\u00e3o \u00e0 qualidade \u00e9 incans\u00e1vel e se reflete em nossa sele\u00e7\u00e3o de materiais superiores. Esses cadar\u00e7os n\u00e3o s\u00e3o apenas esteticamente agrad\u00e1veis, mas tamb\u00e9m notavelmente duradouros, muitas vezes superando outras marcas em durabilidade em at\u00e9 tr\u00eas vezes. Para que voc\u00ea tenha uma eleg\u00e2ncia duradoura, escolha os cadar\u00e7os de couro Loop King. Os principais recursos incluem:  <\/p>\n<ul>\n<li>6 mm de largura (plano)<\/li>\n<li>Couro fino<\/li>\n<li>Pontas de agulhas douradas em relevo com o nome Loop King<\/li>\n<li>Serve para a maioria das principais marcas de cal\u00e7ados (Nike, Adidas, Reebok, Vans, Converse, etc.)<\/li>\n<li>Durar\u00e1 mais do que outras marcas de cadar\u00e7os 3x<\/li>\n<li>Embalagem de Beautiful Loop King por la\u00e7o<\/li>\n<\/ul>\n","protected":false},"featured_media":77418,"comment_status":"open","ping_status":"closed","template":"","meta":{"_acf_changed":false},"product_brand":[],"product_cat":[1858,1961,1967,1855,1980,1979,1864,1978,1876,1920,1863,1884,1910,1856],"product_tag":[1868,1866,1869,1867,1870,1871],"woo-feed-brand":[],"class_list":{"0":"post-77417","1":"product","2":"type-product","3":"status-publish","4":"has-post-thumbnail","6":"product_cat-cadarcos-com-ponta-de-ouro","7":"product_cat-cadarcos-de-camurca-um-divisor-de-aguas-para-seus-calcados","8":"product_cat-cadarcos-de-corda-premium-qualidade-excepcional-e-premium","9":"product_cat-cadarcos-de-couro-de-luxo","10":"product_cat-cadarcos-do-nike-blazer-para-um-estilo-superior-e-para-voce-se-destacar-na-moda","11":"product_cat-cadarcos-em-borgonha-impressionantes-que-vao-valorizar-todo-o-seu-traje","12":"product_cat-cadarcos-extra-longos-mais-do-que-apenas-uma-tendencia-eles-sao-um-estilo-de-vida","13":"product_cat-cadarcos-nike-air-max-90-cadarcos-da-moda","14":"product_cat-cadarcos-nike-sb-modernos-e-de-primeira-linha","15":"product_cat-cordoes-de-30-polegadas-todos-os-cordoes-sao-modernos-e-de-alta-qualidade","16":"product_cat-eleve-sua-experiencia-hoka-nao-apenas-cadarcos-mas-declaracoes-em-tons-neutros","17":"product_cat-encontrando-a-combinacao-perfeita-a-revolucao-dos-cadarcos-de-72-polegadas","18":"product_cat-opcoes-de-substituicao-de-renda-premium-que-sao-otimas-e-duram-muito-tempo","19":"product_cat-todos-os-cadarcos","20":"product_tag-cadarcos","21":"product_tag-calcados","22":"product_tag-cordoes-de-couro","23":"product_tag-loop-king-pt-br","24":"product_tag-ponta-de-metal","25":"product_tag-preto","27":"first","28":"instock","29":"taxable","30":"shipping-taxable","31":"purchasable","32":"product-type-variable"},"acf":[],"yoast_head":"<!-- This site is optimized with the Yoast SEO plugin v27.5 - https:\/\/yoast.com\/product\/yoast-seo-wordpress\/ -->\n<title>Cadar\u00e7os de couro cor de vinho de luxo com pontas douradas - da Loop King<\/title>\n<meta name=\"description\" content=\"Nossos cadar\u00e7os de couro de luxo s\u00e3o o complemento ideal para t\u00eanis populares como Nike Dunks e Adidas Yeezys. Eles d\u00e3o um toque novo e sofisticado a qualquer marca.\" \/>\n<meta name=\"robots\" content=\"index, follow, max-snippet:-1, max-image-preview:large, max-video-preview:-1\" \/>\n<link rel=\"canonical\" href=\"https:\/\/www.loopkinglaces.com\/pt-br\/products\/cadarcos-de-couro-luxuosos-da-borgonha-com-pontas-douradas\/\" \/>\n<meta property=\"og:locale\" content=\"pt_BR\" \/>\n<meta property=\"og:type\" content=\"article\" \/>\n<meta property=\"og:title\" content=\"Cadar\u00e7os de couro cor de vinho de luxo com pontas douradas - da Loop King\" \/>\n<meta property=\"og:description\" content=\"Nossos cadar\u00e7os de couro de luxo s\u00e3o o complemento ideal para t\u00eanis populares como Nike Dunks e Adidas Yeezys. Eles d\u00e3o um toque novo e sofisticado a qualquer marca.\" \/>\n<meta property=\"og:url\" content=\"https:\/\/www.loopkinglaces.com\/pt-br\/products\/cadarcos-de-couro-luxuosos-da-borgonha-com-pontas-douradas\/\" \/>\n<meta property=\"og:site_name\" content=\"Luxury Gold Tip Shoelaces by Loop King Laces\" \/>\n<meta property=\"article:publisher\" content=\"https:\/\/www.facebook.com\/LoopKingLaces\/\" \/>\n<meta property=\"og:image\" content=\"https:\/\/www.loopkinglaces.com\/wp-content\/uploads\/Burgundy-Leather-scaled.jpg\" \/>\n\t<meta property=\"og:image:width\" content=\"2560\" \/>\n\t<meta property=\"og:image:height\" content=\"2560\" \/>\n\t<meta property=\"og:image:type\" content=\"image\/jpeg\" \/>\n<meta name=\"twitter:card\" content=\"summary_large_image\" \/>\n<meta name=\"twitter:site\" content=\"@loopkinglaces\" \/>\n<meta name=\"twitter:label1\" content=\"Est. tempo de leitura\" \/>\n\t<meta name=\"twitter:data1\" content=\"1 minuto\" \/>\n<script type=\"application\/ld+json\" class=\"yoast-schema-graph\">{\"@context\":\"https:\\\/\\\/schema.org\",\"@graph\":[{\"@type\":[\"WebPage\",\"ItemPage\"],\"@id\":\"https:\\\/\\\/www.loopkinglaces.com\\\/pt-br\\\/products\\\/cadarcos-de-couro-luxuosos-da-borgonha-com-pontas-douradas\\\/\",\"url\":\"https:\\\/\\\/www.loopkinglaces.com\\\/pt-br\\\/products\\\/cadarcos-de-couro-luxuosos-da-borgonha-com-pontas-douradas\\\/\",\"name\":\"Cadar\u00e7os de couro cor de vinho de luxo com pontas douradas - da Loop King\",\"isPartOf\":{\"@id\":\"https:\\\/\\\/www.loopkinglaces.com\\\/pt-br\\\/#website\"},\"primaryImageOfPage\":{\"@id\":\"https:\\\/\\\/www.loopkinglaces.com\\\/pt-br\\\/products\\\/cadarcos-de-couro-luxuosos-da-borgonha-com-pontas-douradas\\\/#primaryimage\"},\"image\":{\"@id\":\"https:\\\/\\\/www.loopkinglaces.com\\\/pt-br\\\/products\\\/cadarcos-de-couro-luxuosos-da-borgonha-com-pontas-douradas\\\/#primaryimage\"},\"thumbnailUrl\":\"https:\\\/\\\/www.loopkinglaces.com\\\/wp-content\\\/uploads\\\/Burgundy-Leather-scaled.jpg\",\"datePublished\":\"2023-12-07T16:37:54+00:00\",\"description\":\"Nossos cadar\u00e7os de couro de luxo s\u00e3o o complemento ideal para t\u00eanis populares como Nike Dunks e Adidas Yeezys. Eles d\u00e3o um toque novo e sofisticado a qualquer marca.\",\"breadcrumb\":{\"@id\":\"https:\\\/\\\/www.loopkinglaces.com\\\/pt-br\\\/products\\\/cadarcos-de-couro-luxuosos-da-borgonha-com-pontas-douradas\\\/#breadcrumb\"},\"inLanguage\":\"pt-BR\",\"potentialAction\":[{\"@type\":\"ReadAction\",\"target\":[\"https:\\\/\\\/www.loopkinglaces.com\\\/pt-br\\\/products\\\/cadarcos-de-couro-luxuosos-da-borgonha-com-pontas-douradas\\\/\"]}]},{\"@type\":\"ImageObject\",\"inLanguage\":\"pt-BR\",\"@id\":\"https:\\\/\\\/www.loopkinglaces.com\\\/pt-br\\\/products\\\/cadarcos-de-couro-luxuosos-da-borgonha-com-pontas-douradas\\\/#primaryimage\",\"url\":\"https:\\\/\\\/www.loopkinglaces.com\\\/wp-content\\\/uploads\\\/Burgundy-Leather-scaled.jpg\",\"contentUrl\":\"https:\\\/\\\/www.loopkinglaces.com\\\/wp-content\\\/uploads\\\/Burgundy-Leather-scaled.jpg\",\"width\":2560,\"height\":2560},{\"@type\":\"BreadcrumbList\",\"@id\":\"https:\\\/\\\/www.loopkinglaces.com\\\/pt-br\\\/products\\\/cadarcos-de-couro-luxuosos-da-borgonha-com-pontas-douradas\\\/#breadcrumb\",\"itemListElement\":[{\"@type\":\"ListItem\",\"position\":1,\"name\":\"Home\",\"item\":\"https:\\\/\\\/www.loopkinglaces.com\\\/pt-br\\\/\"},{\"@type\":\"ListItem\",\"position\":2,\"name\":\"BUY LACES\",\"item\":\"https:\\\/\\\/www.loopkinglaces.com\\\/buy-laces\\\/\"},{\"@type\":\"ListItem\",\"position\":3,\"name\":\"Cadar\u00e7os de couro luxuosos da Borgonha com pontas douradas\"}]},{\"@type\":\"WebSite\",\"@id\":\"https:\\\/\\\/www.loopkinglaces.com\\\/pt-br\\\/#website\",\"url\":\"https:\\\/\\\/www.loopkinglaces.com\\\/pt-br\\\/\",\"name\":\"Luxury Gold Tip Shoelaces by Loop King Laces\",\"description\":\"Rope Laces, Flat Waxed Laces and Leather Laces. All With Gold Tips.\",\"publisher\":{\"@id\":\"https:\\\/\\\/www.loopkinglaces.com\\\/pt-br\\\/#organization\"},\"potentialAction\":[{\"@type\":\"SearchAction\",\"target\":{\"@type\":\"EntryPoint\",\"urlTemplate\":\"https:\\\/\\\/www.loopkinglaces.com\\\/pt-br\\\/?s={search_term_string}\"},\"query-input\":{\"@type\":\"PropertyValueSpecification\",\"valueRequired\":true,\"valueName\":\"search_term_string\"}}],\"inLanguage\":\"pt-BR\"},{\"@type\":\"Organization\",\"@id\":\"https:\\\/\\\/www.loopkinglaces.com\\\/pt-br\\\/#organization\",\"name\":\"Loop King Laces\",\"url\":\"https:\\\/\\\/www.loopkinglaces.com\\\/pt-br\\\/\",\"logo\":{\"@type\":\"ImageObject\",\"inLanguage\":\"pt-BR\",\"@id\":\"https:\\\/\\\/www.loopkinglaces.com\\\/pt-br\\\/#\\\/schema\\\/logo\\\/image\\\/\",\"url\":\"https:\\\/\\\/www.loopkinglaces.com\\\/wp-content\\\/uploads\\\/LOOP-KING-LACES.1.1-01-LOGO-HI-RES-OFFICIAL-1.png\",\"contentUrl\":\"https:\\\/\\\/www.loopkinglaces.com\\\/wp-content\\\/uploads\\\/LOOP-KING-LACES.1.1-01-LOGO-HI-RES-OFFICIAL-1.png\",\"width\":128,\"height\":91,\"caption\":\"Loop King Laces\"},\"image\":{\"@id\":\"https:\\\/\\\/www.loopkinglaces.com\\\/pt-br\\\/#\\\/schema\\\/logo\\\/image\\\/\"},\"sameAs\":[\"https:\\\/\\\/www.facebook.com\\\/LoopKingLaces\\\/\",\"https:\\\/\\\/x.com\\\/loopkinglaces\",\"https:\\\/\\\/www.instagram.com\\\/loopkinglaces\\\/\"]}]}<\/script>\n<!-- \/ Yoast SEO plugin. -->","yoast_head_json":{"title":"Cadar\u00e7os de couro cor de vinho de luxo com pontas douradas - da Loop King","description":"Nossos cadar\u00e7os de couro de luxo s\u00e3o o complemento ideal para t\u00eanis populares como Nike Dunks e Adidas Yeezys. Eles d\u00e3o um toque novo e sofisticado a qualquer marca.","robots":{"index":"index","follow":"follow","max-snippet":"max-snippet:-1","max-image-preview":"max-image-preview:large","max-video-preview":"max-video-preview:-1"},"canonical":"https:\/\/www.loopkinglaces.com\/pt-br\/products\/cadarcos-de-couro-luxuosos-da-borgonha-com-pontas-douradas\/","og_locale":"pt_BR","og_type":"article","og_title":"Cadar\u00e7os de couro cor de vinho de luxo com pontas douradas - da Loop King","og_description":"Nossos cadar\u00e7os de couro de luxo s\u00e3o o complemento ideal para t\u00eanis populares como Nike Dunks e Adidas Yeezys. Eles d\u00e3o um toque novo e sofisticado a qualquer marca.","og_url":"https:\/\/www.loopkinglaces.com\/pt-br\/products\/cadarcos-de-couro-luxuosos-da-borgonha-com-pontas-douradas\/","og_site_name":"Luxury Gold Tip Shoelaces by Loop King Laces","article_publisher":"https:\/\/www.facebook.com\/LoopKingLaces\/","og_image":[{"width":2560,"height":2560,"url":"https:\/\/www.loopkinglaces.com\/wp-content\/uploads\/Burgundy-Leather-scaled.jpg","type":"image\/jpeg"}],"twitter_card":"summary_large_image","twitter_site":"@loopkinglaces","twitter_misc":{"Est. tempo de leitura":"1 minuto"},"schema":{"@context":"https:\/\/schema.org","@graph":[{"@type":["WebPage","ItemPage"],"@id":"https:\/\/www.loopkinglaces.com\/pt-br\/products\/cadarcos-de-couro-luxuosos-da-borgonha-com-pontas-douradas\/","url":"https:\/\/www.loopkinglaces.com\/pt-br\/products\/cadarcos-de-couro-luxuosos-da-borgonha-com-pontas-douradas\/","name":"Cadar\u00e7os de couro cor de vinho de luxo com pontas douradas - da Loop King","isPartOf":{"@id":"https:\/\/www.loopkinglaces.com\/pt-br\/#website"},"primaryImageOfPage":{"@id":"https:\/\/www.loopkinglaces.com\/pt-br\/products\/cadarcos-de-couro-luxuosos-da-borgonha-com-pontas-douradas\/#primaryimage"},"image":{"@id":"https:\/\/www.loopkinglaces.com\/pt-br\/products\/cadarcos-de-couro-luxuosos-da-borgonha-com-pontas-douradas\/#primaryimage"},"thumbnailUrl":"https:\/\/www.loopkinglaces.com\/wp-content\/uploads\/Burgundy-Leather-scaled.jpg","datePublished":"2023-12-07T16:37:54+00:00","description":"Nossos cadar\u00e7os de couro de luxo s\u00e3o o complemento ideal para t\u00eanis populares como Nike Dunks e Adidas Yeezys. Eles d\u00e3o um toque novo e sofisticado a qualquer marca.","breadcrumb":{"@id":"https:\/\/www.loopkinglaces.com\/pt-br\/products\/cadarcos-de-couro-luxuosos-da-borgonha-com-pontas-douradas\/#breadcrumb"},"inLanguage":"pt-BR","potentialAction":[{"@type":"ReadAction","target":["https:\/\/www.loopkinglaces.com\/pt-br\/products\/cadarcos-de-couro-luxuosos-da-borgonha-com-pontas-douradas\/"]}]},{"@type":"ImageObject","inLanguage":"pt-BR","@id":"https:\/\/www.loopkinglaces.com\/pt-br\/products\/cadarcos-de-couro-luxuosos-da-borgonha-com-pontas-douradas\/#primaryimage","url":"https:\/\/www.loopkinglaces.com\/wp-content\/uploads\/Burgundy-Leather-scaled.jpg","contentUrl":"https:\/\/www.loopkinglaces.com\/wp-content\/uploads\/Burgundy-Leather-scaled.jpg","width":2560,"height":2560},{"@type":"BreadcrumbList","@id":"https:\/\/www.loopkinglaces.com\/pt-br\/products\/cadarcos-de-couro-luxuosos-da-borgonha-com-pontas-douradas\/#breadcrumb","itemListElement":[{"@type":"ListItem","position":1,"name":"Home","item":"https:\/\/www.loopkinglaces.com\/pt-br\/"},{"@type":"ListItem","position":2,"name":"BUY LACES","item":"https:\/\/www.loopkinglaces.com\/buy-laces\/"},{"@type":"ListItem","position":3,"name":"Cadar\u00e7os de couro luxuosos da Borgonha com pontas douradas"}]},{"@type":"WebSite","@id":"https:\/\/www.loopkinglaces.com\/pt-br\/#website","url":"https:\/\/www.loopkinglaces.com\/pt-br\/","name":"Luxury Gold Tip Shoelaces by Loop King Laces","description":"Rope Laces, Flat Waxed Laces and Leather Laces. All With Gold Tips.","publisher":{"@id":"https:\/\/www.loopkinglaces.com\/pt-br\/#organization"},"potentialAction":[{"@type":"SearchAction","target":{"@type":"EntryPoint","urlTemplate":"https:\/\/www.loopkinglaces.com\/pt-br\/?s={search_term_string}"},"query-input":{"@type":"PropertyValueSpecification","valueRequired":true,"valueName":"search_term_string"}}],"inLanguage":"pt-BR"},{"@type":"Organization","@id":"https:\/\/www.loopkinglaces.com\/pt-br\/#organization","name":"Loop King Laces","url":"https:\/\/www.loopkinglaces.com\/pt-br\/","logo":{"@type":"ImageObject","inLanguage":"pt-BR","@id":"https:\/\/www.loopkinglaces.com\/pt-br\/#\/schema\/logo\/image\/","url":"https:\/\/www.loopkinglaces.com\/wp-content\/uploads\/LOOP-KING-LACES.1.1-01-LOGO-HI-RES-OFFICIAL-1.png","contentUrl":"https:\/\/www.loopkinglaces.com\/wp-content\/uploads\/LOOP-KING-LACES.1.1-01-LOGO-HI-RES-OFFICIAL-1.png","width":128,"height":91,"caption":"Loop King Laces"},"image":{"@id":"https:\/\/www.loopkinglaces.com\/pt-br\/#\/schema\/logo\/image\/"},"sameAs":["https:\/\/www.facebook.com\/LoopKingLaces\/","https:\/\/x.com\/loopkinglaces","https:\/\/www.instagram.com\/loopkinglaces\/"]}]}},"_links":{"self":[{"href":"https:\/\/www.loopkinglaces.com\/pt-br\/wp-json\/wp\/v2\/product\/77417","targetHints":{"allow":["GET"]}}],"collection":[{"href":"https:\/\/www.loopkinglaces.com\/pt-br\/wp-json\/wp\/v2\/product"}],"about":[{"href":"https:\/\/www.loopkinglaces.com\/pt-br\/wp-json\/wp\/v2\/types\/product"}],"replies":[{"embeddable":true,"href":"https:\/\/www.loopkinglaces.com\/pt-br\/wp-json\/wp\/v2\/comments?post=77417"}],"wp:featuredmedia":[{"embeddable":true,"href":"https:\/\/www.loopkinglaces.com\/pt-br\/wp-json\/wp\/v2\/media\/77418"}],"wp:attachment":[{"href":"https:\/\/www.loopkinglaces.com\/pt-br\/wp-json\/wp\/v2\/media?parent=77417"}],"wp:term":[{"taxonomy":"product_brand","embeddable":true,"href":"https:\/\/www.loopkinglaces.com\/pt-br\/wp-json\/wp\/v2\/product_brand?post=77417"},{"taxonomy":"product_cat","embeddable":true,"href":"https:\/\/www.loopkinglaces.com\/pt-br\/wp-json\/wp\/v2\/product_cat?post=77417"},{"taxonomy":"product_tag","embeddable":true,"href":"https:\/\/www.loopkinglaces.com\/pt-br\/wp-json\/wp\/v2\/product_tag?post=77417"},{"taxonomy":"woo-feed-brand","embeddable":true,"href":"https:\/\/www.loopkinglaces.com\/pt-br\/wp-json\/wp\/v2\/woo-feed-brand?post=77417"}],"curies":[{"name":"wp","href":"https:\/\/api.w.org\/{rel}","templated":true}]}}