{"id":77394,"date":"2023-12-07T18:25:17","date_gmt":"2023-12-07T18:25:17","guid":{"rendered":"https:\/\/www.loopkinglaces.com\/products\/cadarcos-brancos-refletivos-em-corda-com-pontas-transparentes\/"},"modified":"2023-12-07T18:25:17","modified_gmt":"2023-12-07T18:25:17","slug":"cadarcos-brancos-refletivos-em-corda-com-pontas-transparentes","status":"publish","type":"product","link":"https:\/\/www.loopkinglaces.com\/pt-br\/products\/cadarcos-brancos-refletivos-em-corda-com-pontas-transparentes\/","title":{"rendered":"Cadar\u00e7os brancos refletivos em corda com pontas transparentes"},"content":{"rendered":"<h3><a href=\"https:\/\/www.loopkinglaces.com\/\">Cadar\u00e7os de t\u00eanis de luxo<\/a><\/h3>\n<p>A Loop King Laces apresenta uma revolu\u00e7\u00e3o no design de cadar\u00e7os. Nossos cadar\u00e7os de corda de luxo, complementados por pontas de pl\u00e1stico transparente, s\u00e3o feitos de materiais superiores para que voc\u00ea tenha o m\u00e1ximo em qualidade. Voc\u00ea pode esperar uma vida \u00fatil at\u00e9 tr\u00eas vezes maior do que a dos cadar\u00e7os comuns. Nossos cadar\u00e7os se adaptam a todos os tipos de t\u00eanis e marcas, inclusive Adidas, Nike, VANS e outros. Visite nosso <a href=\"\/shoelace-size-chart\/\">Guia de tamanhos<\/a>, onde voc\u00ea pode encontrar o tamanho perfeito de cadar\u00e7o para o seu t\u00eanis.  <\/p>\n<p>&nbsp;<\/p>\n","protected":false},"excerpt":{"rendered":"<p><strong>Cadar\u00e7os brancos refletivos em corda com pontas transparentes<\/strong><\/p>\n<p>Descubra a fus\u00e3o de for\u00e7a e estilo com os cadar\u00e7os Loop King. Nossos cadar\u00e7os de corda de luxo, com pontas de pl\u00e1stico transparente para um acabamento refinado, s\u00e3o criados com materiais de qualidade superior. Esses cadar\u00e7os n\u00e3o s\u00e3o apenas elegantes; eles foram projetados para resistir, durando tr\u00eas vezes mais do que os cadar\u00e7os comuns. Explore a lista completa de recursos abaixo:   <\/p>\n<ul>\n<li>4 mm de largura (redondo)<\/li>\n<li>Materiais Premium<\/li>\n<li>Dura <strong>3 vezes mais<\/strong> do que os cadar\u00e7os comuns<\/li>\n<li>Pontas de pl\u00e1stico transparente<\/li>\n<li>Embalagem de Beautiful Loop King por la\u00e7o<\/li>\n<\/ul>\n","protected":false},"featured_media":77400,"comment_status":"open","ping_status":"closed","template":"","meta":{"_acf_changed":false},"product_brand":[],"product_cat":[1895,1974,1877,1967,1909,1969,1970,1968,1939,1971,1914,1973,1856],"product_tag":[1868,1904,1903,1906,1867,1870,1871],"woo-feed-brand":[],"class_list":{"0":"post-77394","1":"product","2":"type-product","3":"status-publish","4":"has-post-thumbnail","6":"product_cat-amarrando-os-cadarcos-divertidos-um-mergulho-em-cadarcos-empolgantes","7":"product_cat-cadarcos-brancos-da-nike-que-brilham-tanto-quanto-uma-estrela","8":"product_cat-cadarcos-de-52-polegadas","9":"product_cat-cadarcos-de-corda-premium-qualidade-excepcional-e-premium","10":"product_cat-cadarcos-de-futebol-premium-duraveis-e-elegantes","11":"product_cat-cadarcos-de-gavi-a-historia-dos-cadarcos-desamarrados-do-astro-do-futebol-do-fc-barcelona","12":"product_cat-cadarcos-militares-amarre-como-um-profissional","13":"product_cat-cadarcos-refletivos-requintados-para-corridas-noturnas-festas-ou-simplesmente-para-voce-ter-estilo","14":"product_cat-cordas-de-sapato-na-nuvem-elevando-os-calcados-um-cadarco-de-cada-vez","15":"product_cat-de-um-up-no-seu-estilo-com-cadarcos-de-dois-tons","16":"product_cat-jordan-1-de-nivel-de-elite-com-cadarcos-brancos-bordo-que-parecem-luxuosos","17":"product_cat-melhore-seu-jogo-de-sapatos-com-os-cadarcos-de-botas-columbia","18":"product_cat-todos-os-cadarcos","19":"product_tag-cadarcos","20":"product_tag-cadarcos-com-ponta-de-ouro","21":"product_tag-cadarcos-de-corda","22":"product_tag-cinza","23":"product_tag-loop-king-pt-br","24":"product_tag-ponta-de-metal","25":"product_tag-preto","27":"first","28":"instock","29":"taxable","30":"shipping-taxable","31":"product-type-variable"},"acf":[],"yoast_head":"<!-- This site is optimized with the Yoast SEO plugin v27.5 - https:\/\/yoast.com\/product\/yoast-seo-wordpress\/ -->\n<title>Cadar\u00e7os brancos refletivos de corda com pontas transparentes - da Loop King<\/title>\n<meta name=\"description\" content=\"A Loop King Laces oferece mais do que apenas cadar\u00e7os; oferecemos uma promessa de qualidade e estilo. Melhore seus cal\u00e7ados com nossos cadar\u00e7os dur\u00e1veis e elegantes.\" \/>\n<meta name=\"robots\" content=\"index, follow, max-snippet:-1, max-image-preview:large, max-video-preview:-1\" \/>\n<link rel=\"canonical\" href=\"https:\/\/www.loopkinglaces.com\/pt-br\/products\/cadarcos-brancos-refletivos-em-corda-com-pontas-transparentes\/\" \/>\n<meta property=\"og:locale\" content=\"pt_BR\" \/>\n<meta property=\"og:type\" content=\"article\" \/>\n<meta property=\"og:title\" content=\"Cadar\u00e7os brancos refletivos de corda com pontas transparentes - da Loop King\" \/>\n<meta property=\"og:description\" content=\"A Loop King Laces oferece mais do que apenas cadar\u00e7os; oferecemos uma promessa de qualidade e estilo. Melhore seus cal\u00e7ados com nossos cadar\u00e7os dur\u00e1veis e elegantes.\" \/>\n<meta property=\"og:url\" content=\"https:\/\/www.loopkinglaces.com\/pt-br\/products\/cadarcos-brancos-refletivos-em-corda-com-pontas-transparentes\/\" \/>\n<meta property=\"og:site_name\" content=\"Luxury Gold Tip Shoelaces by Loop King Laces\" \/>\n<meta property=\"article:publisher\" content=\"https:\/\/www.facebook.com\/LoopKingLaces\/\" \/>\n<meta property=\"og:image\" content=\"https:\/\/www.loopkinglaces.com\/wp-content\/uploads\/White-Rope-Reflective-scaled.jpg\" \/>\n\t<meta property=\"og:image:width\" content=\"2560\" \/>\n\t<meta property=\"og:image:height\" content=\"2560\" \/>\n\t<meta property=\"og:image:type\" content=\"image\/jpeg\" \/>\n<meta name=\"twitter:card\" content=\"summary_large_image\" \/>\n<meta name=\"twitter:site\" content=\"@loopkinglaces\" \/>\n<meta name=\"twitter:label1\" content=\"Est. tempo de leitura\" \/>\n\t<meta name=\"twitter:data1\" content=\"1 minuto\" \/>\n<script type=\"application\/ld+json\" class=\"yoast-schema-graph\">{\"@context\":\"https:\\\/\\\/schema.org\",\"@graph\":[{\"@type\":[\"WebPage\",\"ItemPage\"],\"@id\":\"https:\\\/\\\/www.loopkinglaces.com\\\/pt-br\\\/products\\\/cadarcos-brancos-refletivos-em-corda-com-pontas-transparentes\\\/\",\"url\":\"https:\\\/\\\/www.loopkinglaces.com\\\/pt-br\\\/products\\\/cadarcos-brancos-refletivos-em-corda-com-pontas-transparentes\\\/\",\"name\":\"Cadar\u00e7os brancos refletivos de corda com pontas transparentes - da Loop King\",\"isPartOf\":{\"@id\":\"https:\\\/\\\/www.loopkinglaces.com\\\/pt-br\\\/#website\"},\"primaryImageOfPage\":{\"@id\":\"https:\\\/\\\/www.loopkinglaces.com\\\/pt-br\\\/products\\\/cadarcos-brancos-refletivos-em-corda-com-pontas-transparentes\\\/#primaryimage\"},\"image\":{\"@id\":\"https:\\\/\\\/www.loopkinglaces.com\\\/pt-br\\\/products\\\/cadarcos-brancos-refletivos-em-corda-com-pontas-transparentes\\\/#primaryimage\"},\"thumbnailUrl\":\"https:\\\/\\\/www.loopkinglaces.com\\\/wp-content\\\/uploads\\\/White-Rope-Reflective-scaled.jpg\",\"datePublished\":\"2023-12-07T18:25:17+00:00\",\"description\":\"A Loop King Laces oferece mais do que apenas cadar\u00e7os; oferecemos uma promessa de qualidade e estilo. Melhore seus cal\u00e7ados com nossos cadar\u00e7os dur\u00e1veis e elegantes.\",\"breadcrumb\":{\"@id\":\"https:\\\/\\\/www.loopkinglaces.com\\\/pt-br\\\/products\\\/cadarcos-brancos-refletivos-em-corda-com-pontas-transparentes\\\/#breadcrumb\"},\"inLanguage\":\"pt-BR\",\"potentialAction\":[{\"@type\":\"ReadAction\",\"target\":[\"https:\\\/\\\/www.loopkinglaces.com\\\/pt-br\\\/products\\\/cadarcos-brancos-refletivos-em-corda-com-pontas-transparentes\\\/\"]}]},{\"@type\":\"ImageObject\",\"inLanguage\":\"pt-BR\",\"@id\":\"https:\\\/\\\/www.loopkinglaces.com\\\/pt-br\\\/products\\\/cadarcos-brancos-refletivos-em-corda-com-pontas-transparentes\\\/#primaryimage\",\"url\":\"https:\\\/\\\/www.loopkinglaces.com\\\/wp-content\\\/uploads\\\/White-Rope-Reflective-scaled.jpg\",\"contentUrl\":\"https:\\\/\\\/www.loopkinglaces.com\\\/wp-content\\\/uploads\\\/White-Rope-Reflective-scaled.jpg\",\"width\":2560,\"height\":2560},{\"@type\":\"BreadcrumbList\",\"@id\":\"https:\\\/\\\/www.loopkinglaces.com\\\/pt-br\\\/products\\\/cadarcos-brancos-refletivos-em-corda-com-pontas-transparentes\\\/#breadcrumb\",\"itemListElement\":[{\"@type\":\"ListItem\",\"position\":1,\"name\":\"Home\",\"item\":\"https:\\\/\\\/www.loopkinglaces.com\\\/pt-br\\\/\"},{\"@type\":\"ListItem\",\"position\":2,\"name\":\"BUY LACES\",\"item\":\"https:\\\/\\\/www.loopkinglaces.com\\\/buy-laces\\\/\"},{\"@type\":\"ListItem\",\"position\":3,\"name\":\"Cadar\u00e7os brancos refletivos em corda com pontas transparentes\"}]},{\"@type\":\"WebSite\",\"@id\":\"https:\\\/\\\/www.loopkinglaces.com\\\/pt-br\\\/#website\",\"url\":\"https:\\\/\\\/www.loopkinglaces.com\\\/pt-br\\\/\",\"name\":\"Luxury Gold Tip Shoelaces by Loop King Laces\",\"description\":\"Rope Laces, Flat Waxed Laces and Leather Laces. All With Gold Tips.\",\"publisher\":{\"@id\":\"https:\\\/\\\/www.loopkinglaces.com\\\/pt-br\\\/#organization\"},\"potentialAction\":[{\"@type\":\"SearchAction\",\"target\":{\"@type\":\"EntryPoint\",\"urlTemplate\":\"https:\\\/\\\/www.loopkinglaces.com\\\/pt-br\\\/?s={search_term_string}\"},\"query-input\":{\"@type\":\"PropertyValueSpecification\",\"valueRequired\":true,\"valueName\":\"search_term_string\"}}],\"inLanguage\":\"pt-BR\"},{\"@type\":\"Organization\",\"@id\":\"https:\\\/\\\/www.loopkinglaces.com\\\/pt-br\\\/#organization\",\"name\":\"Loop King Laces\",\"url\":\"https:\\\/\\\/www.loopkinglaces.com\\\/pt-br\\\/\",\"logo\":{\"@type\":\"ImageObject\",\"inLanguage\":\"pt-BR\",\"@id\":\"https:\\\/\\\/www.loopkinglaces.com\\\/pt-br\\\/#\\\/schema\\\/logo\\\/image\\\/\",\"url\":\"https:\\\/\\\/www.loopkinglaces.com\\\/wp-content\\\/uploads\\\/LOOP-KING-LACES.1.1-01-LOGO-HI-RES-OFFICIAL-1.png\",\"contentUrl\":\"https:\\\/\\\/www.loopkinglaces.com\\\/wp-content\\\/uploads\\\/LOOP-KING-LACES.1.1-01-LOGO-HI-RES-OFFICIAL-1.png\",\"width\":128,\"height\":91,\"caption\":\"Loop King Laces\"},\"image\":{\"@id\":\"https:\\\/\\\/www.loopkinglaces.com\\\/pt-br\\\/#\\\/schema\\\/logo\\\/image\\\/\"},\"sameAs\":[\"https:\\\/\\\/www.facebook.com\\\/LoopKingLaces\\\/\",\"https:\\\/\\\/x.com\\\/loopkinglaces\",\"https:\\\/\\\/www.instagram.com\\\/loopkinglaces\\\/\"]}]}<\/script>\n<!-- \/ Yoast SEO plugin. -->","yoast_head_json":{"title":"Cadar\u00e7os brancos refletivos de corda com pontas transparentes - da Loop King","description":"A Loop King Laces oferece mais do que apenas cadar\u00e7os; oferecemos uma promessa de qualidade e estilo. Melhore seus cal\u00e7ados com nossos cadar\u00e7os dur\u00e1veis e elegantes.","robots":{"index":"index","follow":"follow","max-snippet":"max-snippet:-1","max-image-preview":"max-image-preview:large","max-video-preview":"max-video-preview:-1"},"canonical":"https:\/\/www.loopkinglaces.com\/pt-br\/products\/cadarcos-brancos-refletivos-em-corda-com-pontas-transparentes\/","og_locale":"pt_BR","og_type":"article","og_title":"Cadar\u00e7os brancos refletivos de corda com pontas transparentes - da Loop King","og_description":"A Loop King Laces oferece mais do que apenas cadar\u00e7os; oferecemos uma promessa de qualidade e estilo. Melhore seus cal\u00e7ados com nossos cadar\u00e7os dur\u00e1veis e elegantes.","og_url":"https:\/\/www.loopkinglaces.com\/pt-br\/products\/cadarcos-brancos-refletivos-em-corda-com-pontas-transparentes\/","og_site_name":"Luxury Gold Tip Shoelaces by Loop King Laces","article_publisher":"https:\/\/www.facebook.com\/LoopKingLaces\/","og_image":[{"width":2560,"height":2560,"url":"https:\/\/www.loopkinglaces.com\/wp-content\/uploads\/White-Rope-Reflective-scaled.jpg","type":"image\/jpeg"}],"twitter_card":"summary_large_image","twitter_site":"@loopkinglaces","twitter_misc":{"Est. tempo de leitura":"1 minuto"},"schema":{"@context":"https:\/\/schema.org","@graph":[{"@type":["WebPage","ItemPage"],"@id":"https:\/\/www.loopkinglaces.com\/pt-br\/products\/cadarcos-brancos-refletivos-em-corda-com-pontas-transparentes\/","url":"https:\/\/www.loopkinglaces.com\/pt-br\/products\/cadarcos-brancos-refletivos-em-corda-com-pontas-transparentes\/","name":"Cadar\u00e7os brancos refletivos de corda com pontas transparentes - da Loop King","isPartOf":{"@id":"https:\/\/www.loopkinglaces.com\/pt-br\/#website"},"primaryImageOfPage":{"@id":"https:\/\/www.loopkinglaces.com\/pt-br\/products\/cadarcos-brancos-refletivos-em-corda-com-pontas-transparentes\/#primaryimage"},"image":{"@id":"https:\/\/www.loopkinglaces.com\/pt-br\/products\/cadarcos-brancos-refletivos-em-corda-com-pontas-transparentes\/#primaryimage"},"thumbnailUrl":"https:\/\/www.loopkinglaces.com\/wp-content\/uploads\/White-Rope-Reflective-scaled.jpg","datePublished":"2023-12-07T18:25:17+00:00","description":"A Loop King Laces oferece mais do que apenas cadar\u00e7os; oferecemos uma promessa de qualidade e estilo. Melhore seus cal\u00e7ados com nossos cadar\u00e7os dur\u00e1veis e elegantes.","breadcrumb":{"@id":"https:\/\/www.loopkinglaces.com\/pt-br\/products\/cadarcos-brancos-refletivos-em-corda-com-pontas-transparentes\/#breadcrumb"},"inLanguage":"pt-BR","potentialAction":[{"@type":"ReadAction","target":["https:\/\/www.loopkinglaces.com\/pt-br\/products\/cadarcos-brancos-refletivos-em-corda-com-pontas-transparentes\/"]}]},{"@type":"ImageObject","inLanguage":"pt-BR","@id":"https:\/\/www.loopkinglaces.com\/pt-br\/products\/cadarcos-brancos-refletivos-em-corda-com-pontas-transparentes\/#primaryimage","url":"https:\/\/www.loopkinglaces.com\/wp-content\/uploads\/White-Rope-Reflective-scaled.jpg","contentUrl":"https:\/\/www.loopkinglaces.com\/wp-content\/uploads\/White-Rope-Reflective-scaled.jpg","width":2560,"height":2560},{"@type":"BreadcrumbList","@id":"https:\/\/www.loopkinglaces.com\/pt-br\/products\/cadarcos-brancos-refletivos-em-corda-com-pontas-transparentes\/#breadcrumb","itemListElement":[{"@type":"ListItem","position":1,"name":"Home","item":"https:\/\/www.loopkinglaces.com\/pt-br\/"},{"@type":"ListItem","position":2,"name":"BUY LACES","item":"https:\/\/www.loopkinglaces.com\/buy-laces\/"},{"@type":"ListItem","position":3,"name":"Cadar\u00e7os brancos refletivos em corda com pontas transparentes"}]},{"@type":"WebSite","@id":"https:\/\/www.loopkinglaces.com\/pt-br\/#website","url":"https:\/\/www.loopkinglaces.com\/pt-br\/","name":"Luxury Gold Tip Shoelaces by Loop King Laces","description":"Rope Laces, Flat Waxed Laces and Leather Laces. All With Gold Tips.","publisher":{"@id":"https:\/\/www.loopkinglaces.com\/pt-br\/#organization"},"potentialAction":[{"@type":"SearchAction","target":{"@type":"EntryPoint","urlTemplate":"https:\/\/www.loopkinglaces.com\/pt-br\/?s={search_term_string}"},"query-input":{"@type":"PropertyValueSpecification","valueRequired":true,"valueName":"search_term_string"}}],"inLanguage":"pt-BR"},{"@type":"Organization","@id":"https:\/\/www.loopkinglaces.com\/pt-br\/#organization","name":"Loop King Laces","url":"https:\/\/www.loopkinglaces.com\/pt-br\/","logo":{"@type":"ImageObject","inLanguage":"pt-BR","@id":"https:\/\/www.loopkinglaces.com\/pt-br\/#\/schema\/logo\/image\/","url":"https:\/\/www.loopkinglaces.com\/wp-content\/uploads\/LOOP-KING-LACES.1.1-01-LOGO-HI-RES-OFFICIAL-1.png","contentUrl":"https:\/\/www.loopkinglaces.com\/wp-content\/uploads\/LOOP-KING-LACES.1.1-01-LOGO-HI-RES-OFFICIAL-1.png","width":128,"height":91,"caption":"Loop King Laces"},"image":{"@id":"https:\/\/www.loopkinglaces.com\/pt-br\/#\/schema\/logo\/image\/"},"sameAs":["https:\/\/www.facebook.com\/LoopKingLaces\/","https:\/\/x.com\/loopkinglaces","https:\/\/www.instagram.com\/loopkinglaces\/"]}]}},"_links":{"self":[{"href":"https:\/\/www.loopkinglaces.com\/pt-br\/wp-json\/wp\/v2\/product\/77394","targetHints":{"allow":["GET"]}}],"collection":[{"href":"https:\/\/www.loopkinglaces.com\/pt-br\/wp-json\/wp\/v2\/product"}],"about":[{"href":"https:\/\/www.loopkinglaces.com\/pt-br\/wp-json\/wp\/v2\/types\/product"}],"replies":[{"embeddable":true,"href":"https:\/\/www.loopkinglaces.com\/pt-br\/wp-json\/wp\/v2\/comments?post=77394"}],"wp:featuredmedia":[{"embeddable":true,"href":"https:\/\/www.loopkinglaces.com\/pt-br\/wp-json\/wp\/v2\/media\/77400"}],"wp:attachment":[{"href":"https:\/\/www.loopkinglaces.com\/pt-br\/wp-json\/wp\/v2\/media?parent=77394"}],"wp:term":[{"taxonomy":"product_brand","embeddable":true,"href":"https:\/\/www.loopkinglaces.com\/pt-br\/wp-json\/wp\/v2\/product_brand?post=77394"},{"taxonomy":"product_cat","embeddable":true,"href":"https:\/\/www.loopkinglaces.com\/pt-br\/wp-json\/wp\/v2\/product_cat?post=77394"},{"taxonomy":"product_tag","embeddable":true,"href":"https:\/\/www.loopkinglaces.com\/pt-br\/wp-json\/wp\/v2\/product_tag?post=77394"},{"taxonomy":"woo-feed-brand","embeddable":true,"href":"https:\/\/www.loopkinglaces.com\/pt-br\/wp-json\/wp\/v2\/woo-feed-brand?post=77394"}],"curies":[{"name":"wp","href":"https:\/\/api.w.org\/{rel}","templated":true}]}}