{"id":77355,"date":"2023-12-07T16:50:30","date_gmt":"2023-12-07T16:50:30","guid":{"rendered":"https:\/\/www.loopkinglaces.com\/products\/cadarcos-de-couro-rosa-claro-de-luxo-com-pontas-douradas\/"},"modified":"2023-12-07T16:50:30","modified_gmt":"2023-12-07T16:50:30","slug":"cadarcos-de-couro-rosa-claro-de-luxo-com-pontas-douradas","status":"publish","type":"product","link":"https:\/\/www.loopkinglaces.com\/pt-br\/products\/cadarcos-de-couro-rosa-claro-de-luxo-com-pontas-douradas\/","title":{"rendered":"Cadar\u00e7os de couro rosa claro de luxo com pontas douradas"},"content":{"rendered":"<h3><a href=\"https:\/\/www.loopkinglaces.com\/\">Cadar\u00e7os de t\u00eanis de luxo<\/a><\/h3>\n<p>O apelo de cadar\u00e7os grossos e planos \u00e9 um fato bem conhecido, geralmente associado a um visual caro. Os cadar\u00e7os de couro da Loop King s\u00e3o criados para capturar essa ess\u00eancia, com uma espessura substancial que mostra o couro de alta qualidade. Nosso compromisso com a qualidade \u00e9 inabal\u00e1vel, evidente em nossa escolha de materiais superiores. Esses cadar\u00e7os s\u00e3o projetados para durar muito tempo e, normalmente, superam em tr\u00eas vezes o desempenho de outras marcas. Para voc\u00ea que deseja evitar substitui\u00e7\u00f5es regulares de cadar\u00e7os, os cadar\u00e7os de couro da Loop King s\u00e3o a solu\u00e7\u00e3o ideal.    <\/p>\n","protected":false},"excerpt":{"rendered":"<p><strong>Cadar\u00e7os de couro rosa claro de luxo com pontas douradas<\/strong><\/p>\n<p>Voc\u00ea sabe que cadar\u00e7os mais grossos e lisos geralmente parecem mais sofisticados e caros. Na Loop King, esse \u00e9 um princ\u00edpio orientador no design de nossos cadar\u00e7os de couro, que s\u00e3o grossos e robustos, enfatizando o couro premium. Nosso foco na qualidade \u00e9 rigoroso, pois escolhemos apenas os materiais mais finos. Isso resulta em cadar\u00e7os que n\u00e3o s\u00e3o apenas visualmente atraentes, mas incrivelmente dur\u00e1veis, muitas vezes tr\u00eas vezes mais duradouros que os da concorr\u00eancia. Para evitar trocas frequentes de cadar\u00e7os, escolha os cadar\u00e7os de couro Loop King. Os principais recursos incluem: <\/p>\n<ul>\n<li>6 mm de largura (plano)<\/li>\n<li>Couro fino<\/li>\n<li>Pontas de agulhas douradas em relevo com o nome Loop King<\/li>\n<li>Serve para a maioria das principais marcas de cal\u00e7ados (Nike, Adidas, Reebok, Vans, Converse, etc.)<\/li>\n<li>Durar\u00e1 mais do que outras marcas de cadar\u00e7os 3x<\/li>\n<li>Embalagem de Beautiful Loop King por la\u00e7o<\/li>\n<\/ul>\n","protected":false},"featured_media":77357,"comment_status":"open","ping_status":"closed","template":"","meta":{"_acf_changed":false},"product_brand":[],"product_cat":[1889,1858,1855,1915,1962,1965,1948,1966,1950,1963,1949,1856,1964,1947],"product_tag":[1868,1866,1869,1867,1870,1871],"woo-feed-brand":[],"class_list":{"0":"post-77355","1":"product","2":"type-product","3":"status-publish","4":"has-post-thumbnail","6":"product_cat-cadarcos-cole-haan-tratamento-luxuoso-para-seus-calcados","7":"product_cat-cadarcos-com-ponta-de-ouro","8":"product_cat-cadarcos-de-couro-de-luxo","9":"product_cat-cadarcos-de-futebol-que-sao-mais-do-que-apenas-um-dispositivo-de-fixacao","10":"product_cat-cadarcos-de-sapato-rosa","11":"product_cat-cadarcos-de-sapatos-lanvin-eleve-cada-passo-que-voce-da","12":"product_cat-cadarcos-rosa-da-nike-para-dar-um-toque-de-cor-ao-seu-tenis","13":"product_cat-cadarcos-volumosos-os-herois-desconhecidos-da-moda-de-calcados","14":"product_cat-jordan-1-mocha-pink-laces-para-um-visual-novo-e-empolgante","15":"product_cat-lindos-cadarcos-do-air-max-270-que-se-ajustam-bem-e-duram","16":"product_cat-substituicao-de-cadarcos-de-tenis-nike-para-uma-atualizacao-visual-doentia","17":"product_cat-todos-os-cadarcos","18":"product_cat-travis-scott-pink-laces-para-uma-atualizacao-vibrante-dos-calcados","19":"product_cat-uma-atualizacao-dramatica-cadarco-rosa-superior-do-jordan-1-biohack","20":"product_tag-cadarcos","21":"product_tag-calcados","22":"product_tag-cordoes-de-couro","23":"product_tag-loop-king-pt-br","24":"product_tag-ponta-de-metal","25":"product_tag-preto","27":"first","28":"instock","29":"taxable","30":"shipping-taxable","31":"purchasable","32":"product-type-variable"},"acf":[],"yoast_head":"<!-- This site is optimized with the Yoast SEO plugin v27.5 - https:\/\/yoast.com\/product\/yoast-seo-wordpress\/ -->\n<title>Cadar\u00e7os de couro rosa claro de luxo com pontas douradas - da Loop King<\/title>\n<meta name=\"description\" content=\"Redefina seu estilo com nossos cadar\u00e7os de couro premium, perfeitamente adequados para as principais marcas de t\u00eanis. Com eles, voc\u00ea ter\u00e1 um upgrade instant\u00e2neo de estilo.\" \/>\n<meta name=\"robots\" content=\"index, follow, max-snippet:-1, max-image-preview:large, max-video-preview:-1\" \/>\n<link rel=\"canonical\" href=\"https:\/\/www.loopkinglaces.com\/pt-br\/products\/cadarcos-de-couro-rosa-claro-de-luxo-com-pontas-douradas\/\" \/>\n<meta property=\"og:locale\" content=\"pt_BR\" \/>\n<meta property=\"og:type\" content=\"article\" \/>\n<meta property=\"og:title\" content=\"Cadar\u00e7os de couro rosa claro de luxo com pontas douradas - da Loop King\" \/>\n<meta property=\"og:description\" content=\"Redefina seu estilo com nossos cadar\u00e7os de couro premium, perfeitamente adequados para as principais marcas de t\u00eanis. Com eles, voc\u00ea ter\u00e1 um upgrade instant\u00e2neo de estilo.\" \/>\n<meta property=\"og:url\" content=\"https:\/\/www.loopkinglaces.com\/pt-br\/products\/cadarcos-de-couro-rosa-claro-de-luxo-com-pontas-douradas\/\" \/>\n<meta property=\"og:site_name\" content=\"Luxury Gold Tip Shoelaces by Loop King Laces\" \/>\n<meta property=\"article:publisher\" content=\"https:\/\/www.facebook.com\/LoopKingLaces\/\" \/>\n<meta property=\"og:image\" content=\"https:\/\/www.loopkinglaces.com\/wp-content\/uploads\/Light-Pink-Leather-scaled.jpg\" \/>\n\t<meta property=\"og:image:width\" content=\"2560\" \/>\n\t<meta property=\"og:image:height\" content=\"2560\" \/>\n\t<meta property=\"og:image:type\" content=\"image\/jpeg\" \/>\n<meta name=\"twitter:card\" content=\"summary_large_image\" \/>\n<meta name=\"twitter:site\" content=\"@loopkinglaces\" \/>\n<meta name=\"twitter:label1\" content=\"Est. tempo de leitura\" \/>\n\t<meta name=\"twitter:data1\" content=\"1 minuto\" \/>\n<script type=\"application\/ld+json\" class=\"yoast-schema-graph\">{\"@context\":\"https:\\\/\\\/schema.org\",\"@graph\":[{\"@type\":[\"WebPage\",\"ItemPage\"],\"@id\":\"https:\\\/\\\/www.loopkinglaces.com\\\/pt-br\\\/products\\\/cadarcos-de-couro-rosa-claro-de-luxo-com-pontas-douradas\\\/\",\"url\":\"https:\\\/\\\/www.loopkinglaces.com\\\/pt-br\\\/products\\\/cadarcos-de-couro-rosa-claro-de-luxo-com-pontas-douradas\\\/\",\"name\":\"Cadar\u00e7os de couro rosa claro de luxo com pontas douradas - da Loop King\",\"isPartOf\":{\"@id\":\"https:\\\/\\\/www.loopkinglaces.com\\\/pt-br\\\/#website\"},\"primaryImageOfPage\":{\"@id\":\"https:\\\/\\\/www.loopkinglaces.com\\\/pt-br\\\/products\\\/cadarcos-de-couro-rosa-claro-de-luxo-com-pontas-douradas\\\/#primaryimage\"},\"image\":{\"@id\":\"https:\\\/\\\/www.loopkinglaces.com\\\/pt-br\\\/products\\\/cadarcos-de-couro-rosa-claro-de-luxo-com-pontas-douradas\\\/#primaryimage\"},\"thumbnailUrl\":\"https:\\\/\\\/www.loopkinglaces.com\\\/wp-content\\\/uploads\\\/Light-Pink-Leather-scaled.jpg\",\"datePublished\":\"2023-12-07T16:50:30+00:00\",\"description\":\"Redefina seu estilo com nossos cadar\u00e7os de couro premium, perfeitamente adequados para as principais marcas de t\u00eanis. Com eles, voc\u00ea ter\u00e1 um upgrade instant\u00e2neo de estilo.\",\"breadcrumb\":{\"@id\":\"https:\\\/\\\/www.loopkinglaces.com\\\/pt-br\\\/products\\\/cadarcos-de-couro-rosa-claro-de-luxo-com-pontas-douradas\\\/#breadcrumb\"},\"inLanguage\":\"pt-BR\",\"potentialAction\":[{\"@type\":\"ReadAction\",\"target\":[\"https:\\\/\\\/www.loopkinglaces.com\\\/pt-br\\\/products\\\/cadarcos-de-couro-rosa-claro-de-luxo-com-pontas-douradas\\\/\"]}]},{\"@type\":\"ImageObject\",\"inLanguage\":\"pt-BR\",\"@id\":\"https:\\\/\\\/www.loopkinglaces.com\\\/pt-br\\\/products\\\/cadarcos-de-couro-rosa-claro-de-luxo-com-pontas-douradas\\\/#primaryimage\",\"url\":\"https:\\\/\\\/www.loopkinglaces.com\\\/wp-content\\\/uploads\\\/Light-Pink-Leather-scaled.jpg\",\"contentUrl\":\"https:\\\/\\\/www.loopkinglaces.com\\\/wp-content\\\/uploads\\\/Light-Pink-Leather-scaled.jpg\",\"width\":2560,\"height\":2560},{\"@type\":\"BreadcrumbList\",\"@id\":\"https:\\\/\\\/www.loopkinglaces.com\\\/pt-br\\\/products\\\/cadarcos-de-couro-rosa-claro-de-luxo-com-pontas-douradas\\\/#breadcrumb\",\"itemListElement\":[{\"@type\":\"ListItem\",\"position\":1,\"name\":\"Home\",\"item\":\"https:\\\/\\\/www.loopkinglaces.com\\\/pt-br\\\/\"},{\"@type\":\"ListItem\",\"position\":2,\"name\":\"BUY LACES\",\"item\":\"https:\\\/\\\/www.loopkinglaces.com\\\/buy-laces\\\/\"},{\"@type\":\"ListItem\",\"position\":3,\"name\":\"Cadar\u00e7os de couro rosa claro de luxo com pontas douradas\"}]},{\"@type\":\"WebSite\",\"@id\":\"https:\\\/\\\/www.loopkinglaces.com\\\/pt-br\\\/#website\",\"url\":\"https:\\\/\\\/www.loopkinglaces.com\\\/pt-br\\\/\",\"name\":\"Luxury Gold Tip Shoelaces by Loop King Laces\",\"description\":\"Rope Laces, Flat Waxed Laces and Leather Laces. All With Gold Tips.\",\"publisher\":{\"@id\":\"https:\\\/\\\/www.loopkinglaces.com\\\/pt-br\\\/#organization\"},\"potentialAction\":[{\"@type\":\"SearchAction\",\"target\":{\"@type\":\"EntryPoint\",\"urlTemplate\":\"https:\\\/\\\/www.loopkinglaces.com\\\/pt-br\\\/?s={search_term_string}\"},\"query-input\":{\"@type\":\"PropertyValueSpecification\",\"valueRequired\":true,\"valueName\":\"search_term_string\"}}],\"inLanguage\":\"pt-BR\"},{\"@type\":\"Organization\",\"@id\":\"https:\\\/\\\/www.loopkinglaces.com\\\/pt-br\\\/#organization\",\"name\":\"Loop King Laces\",\"url\":\"https:\\\/\\\/www.loopkinglaces.com\\\/pt-br\\\/\",\"logo\":{\"@type\":\"ImageObject\",\"inLanguage\":\"pt-BR\",\"@id\":\"https:\\\/\\\/www.loopkinglaces.com\\\/pt-br\\\/#\\\/schema\\\/logo\\\/image\\\/\",\"url\":\"https:\\\/\\\/www.loopkinglaces.com\\\/wp-content\\\/uploads\\\/LOOP-KING-LACES.1.1-01-LOGO-HI-RES-OFFICIAL-1.png\",\"contentUrl\":\"https:\\\/\\\/www.loopkinglaces.com\\\/wp-content\\\/uploads\\\/LOOP-KING-LACES.1.1-01-LOGO-HI-RES-OFFICIAL-1.png\",\"width\":128,\"height\":91,\"caption\":\"Loop King Laces\"},\"image\":{\"@id\":\"https:\\\/\\\/www.loopkinglaces.com\\\/pt-br\\\/#\\\/schema\\\/logo\\\/image\\\/\"},\"sameAs\":[\"https:\\\/\\\/www.facebook.com\\\/LoopKingLaces\\\/\",\"https:\\\/\\\/x.com\\\/loopkinglaces\",\"https:\\\/\\\/www.instagram.com\\\/loopkinglaces\\\/\"]}]}<\/script>\n<!-- \/ Yoast SEO plugin. -->","yoast_head_json":{"title":"Cadar\u00e7os de couro rosa claro de luxo com pontas douradas - da Loop King","description":"Redefina seu estilo com nossos cadar\u00e7os de couro premium, perfeitamente adequados para as principais marcas de t\u00eanis. Com eles, voc\u00ea ter\u00e1 um upgrade instant\u00e2neo de estilo.","robots":{"index":"index","follow":"follow","max-snippet":"max-snippet:-1","max-image-preview":"max-image-preview:large","max-video-preview":"max-video-preview:-1"},"canonical":"https:\/\/www.loopkinglaces.com\/pt-br\/products\/cadarcos-de-couro-rosa-claro-de-luxo-com-pontas-douradas\/","og_locale":"pt_BR","og_type":"article","og_title":"Cadar\u00e7os de couro rosa claro de luxo com pontas douradas - da Loop King","og_description":"Redefina seu estilo com nossos cadar\u00e7os de couro premium, perfeitamente adequados para as principais marcas de t\u00eanis. Com eles, voc\u00ea ter\u00e1 um upgrade instant\u00e2neo de estilo.","og_url":"https:\/\/www.loopkinglaces.com\/pt-br\/products\/cadarcos-de-couro-rosa-claro-de-luxo-com-pontas-douradas\/","og_site_name":"Luxury Gold Tip Shoelaces by Loop King Laces","article_publisher":"https:\/\/www.facebook.com\/LoopKingLaces\/","og_image":[{"width":2560,"height":2560,"url":"https:\/\/www.loopkinglaces.com\/wp-content\/uploads\/Light-Pink-Leather-scaled.jpg","type":"image\/jpeg"}],"twitter_card":"summary_large_image","twitter_site":"@loopkinglaces","twitter_misc":{"Est. tempo de leitura":"1 minuto"},"schema":{"@context":"https:\/\/schema.org","@graph":[{"@type":["WebPage","ItemPage"],"@id":"https:\/\/www.loopkinglaces.com\/pt-br\/products\/cadarcos-de-couro-rosa-claro-de-luxo-com-pontas-douradas\/","url":"https:\/\/www.loopkinglaces.com\/pt-br\/products\/cadarcos-de-couro-rosa-claro-de-luxo-com-pontas-douradas\/","name":"Cadar\u00e7os de couro rosa claro de luxo com pontas douradas - da Loop King","isPartOf":{"@id":"https:\/\/www.loopkinglaces.com\/pt-br\/#website"},"primaryImageOfPage":{"@id":"https:\/\/www.loopkinglaces.com\/pt-br\/products\/cadarcos-de-couro-rosa-claro-de-luxo-com-pontas-douradas\/#primaryimage"},"image":{"@id":"https:\/\/www.loopkinglaces.com\/pt-br\/products\/cadarcos-de-couro-rosa-claro-de-luxo-com-pontas-douradas\/#primaryimage"},"thumbnailUrl":"https:\/\/www.loopkinglaces.com\/wp-content\/uploads\/Light-Pink-Leather-scaled.jpg","datePublished":"2023-12-07T16:50:30+00:00","description":"Redefina seu estilo com nossos cadar\u00e7os de couro premium, perfeitamente adequados para as principais marcas de t\u00eanis. Com eles, voc\u00ea ter\u00e1 um upgrade instant\u00e2neo de estilo.","breadcrumb":{"@id":"https:\/\/www.loopkinglaces.com\/pt-br\/products\/cadarcos-de-couro-rosa-claro-de-luxo-com-pontas-douradas\/#breadcrumb"},"inLanguage":"pt-BR","potentialAction":[{"@type":"ReadAction","target":["https:\/\/www.loopkinglaces.com\/pt-br\/products\/cadarcos-de-couro-rosa-claro-de-luxo-com-pontas-douradas\/"]}]},{"@type":"ImageObject","inLanguage":"pt-BR","@id":"https:\/\/www.loopkinglaces.com\/pt-br\/products\/cadarcos-de-couro-rosa-claro-de-luxo-com-pontas-douradas\/#primaryimage","url":"https:\/\/www.loopkinglaces.com\/wp-content\/uploads\/Light-Pink-Leather-scaled.jpg","contentUrl":"https:\/\/www.loopkinglaces.com\/wp-content\/uploads\/Light-Pink-Leather-scaled.jpg","width":2560,"height":2560},{"@type":"BreadcrumbList","@id":"https:\/\/www.loopkinglaces.com\/pt-br\/products\/cadarcos-de-couro-rosa-claro-de-luxo-com-pontas-douradas\/#breadcrumb","itemListElement":[{"@type":"ListItem","position":1,"name":"Home","item":"https:\/\/www.loopkinglaces.com\/pt-br\/"},{"@type":"ListItem","position":2,"name":"BUY LACES","item":"https:\/\/www.loopkinglaces.com\/buy-laces\/"},{"@type":"ListItem","position":3,"name":"Cadar\u00e7os de couro rosa claro de luxo com pontas douradas"}]},{"@type":"WebSite","@id":"https:\/\/www.loopkinglaces.com\/pt-br\/#website","url":"https:\/\/www.loopkinglaces.com\/pt-br\/","name":"Luxury Gold Tip Shoelaces by Loop King Laces","description":"Rope Laces, Flat Waxed Laces and Leather Laces. All With Gold Tips.","publisher":{"@id":"https:\/\/www.loopkinglaces.com\/pt-br\/#organization"},"potentialAction":[{"@type":"SearchAction","target":{"@type":"EntryPoint","urlTemplate":"https:\/\/www.loopkinglaces.com\/pt-br\/?s={search_term_string}"},"query-input":{"@type":"PropertyValueSpecification","valueRequired":true,"valueName":"search_term_string"}}],"inLanguage":"pt-BR"},{"@type":"Organization","@id":"https:\/\/www.loopkinglaces.com\/pt-br\/#organization","name":"Loop King Laces","url":"https:\/\/www.loopkinglaces.com\/pt-br\/","logo":{"@type":"ImageObject","inLanguage":"pt-BR","@id":"https:\/\/www.loopkinglaces.com\/pt-br\/#\/schema\/logo\/image\/","url":"https:\/\/www.loopkinglaces.com\/wp-content\/uploads\/LOOP-KING-LACES.1.1-01-LOGO-HI-RES-OFFICIAL-1.png","contentUrl":"https:\/\/www.loopkinglaces.com\/wp-content\/uploads\/LOOP-KING-LACES.1.1-01-LOGO-HI-RES-OFFICIAL-1.png","width":128,"height":91,"caption":"Loop King Laces"},"image":{"@id":"https:\/\/www.loopkinglaces.com\/pt-br\/#\/schema\/logo\/image\/"},"sameAs":["https:\/\/www.facebook.com\/LoopKingLaces\/","https:\/\/x.com\/loopkinglaces","https:\/\/www.instagram.com\/loopkinglaces\/"]}]}},"_links":{"self":[{"href":"https:\/\/www.loopkinglaces.com\/pt-br\/wp-json\/wp\/v2\/product\/77355","targetHints":{"allow":["GET"]}}],"collection":[{"href":"https:\/\/www.loopkinglaces.com\/pt-br\/wp-json\/wp\/v2\/product"}],"about":[{"href":"https:\/\/www.loopkinglaces.com\/pt-br\/wp-json\/wp\/v2\/types\/product"}],"replies":[{"embeddable":true,"href":"https:\/\/www.loopkinglaces.com\/pt-br\/wp-json\/wp\/v2\/comments?post=77355"}],"wp:featuredmedia":[{"embeddable":true,"href":"https:\/\/www.loopkinglaces.com\/pt-br\/wp-json\/wp\/v2\/media\/77357"}],"wp:attachment":[{"href":"https:\/\/www.loopkinglaces.com\/pt-br\/wp-json\/wp\/v2\/media?parent=77355"}],"wp:term":[{"taxonomy":"product_brand","embeddable":true,"href":"https:\/\/www.loopkinglaces.com\/pt-br\/wp-json\/wp\/v2\/product_brand?post=77355"},{"taxonomy":"product_cat","embeddable":true,"href":"https:\/\/www.loopkinglaces.com\/pt-br\/wp-json\/wp\/v2\/product_cat?post=77355"},{"taxonomy":"product_tag","embeddable":true,"href":"https:\/\/www.loopkinglaces.com\/pt-br\/wp-json\/wp\/v2\/product_tag?post=77355"},{"taxonomy":"woo-feed-brand","embeddable":true,"href":"https:\/\/www.loopkinglaces.com\/pt-br\/wp-json\/wp\/v2\/woo-feed-brand?post=77355"}],"curies":[{"name":"wp","href":"https:\/\/api.w.org\/{rel}","templated":true}]}}