{"id":77300,"date":"2023-12-11T19:15:32","date_gmt":"2023-12-11T19:15:32","guid":{"rendered":"https:\/\/www.loopkinglaces.com\/products\/cadarcos-de-algodao-cinza-vintage-desbotados-e-planos-com-pontas-transparentes\/"},"modified":"2023-12-11T19:15:32","modified_gmt":"2023-12-11T19:15:32","slug":"cadarcos-de-algodao-cinza-vintage-desbotados-e-planos-com-pontas-transparentes","status":"publish","type":"product","link":"https:\/\/www.loopkinglaces.com\/pt-br\/products\/cadarcos-de-algodao-cinza-vintage-desbotados-e-planos-com-pontas-transparentes\/","title":{"rendered":"Cadar\u00e7os de algod\u00e3o cinza vintage desbotados e planos com pontas transparentes"},"content":{"rendered":"<p>Combinando o charme do Velho Mundo com a resist\u00eancia contempor\u00e2nea. Esses cadar\u00e7os, criados para refinar seus cal\u00e7ados, apresentam um efeito desbotado exclusivo, dando um toque retr\u00f4 a qualquer estilo de cal\u00e7ado. Fabricados com algod\u00e3o de alta qualidade, eles oferecem conforto e desgaste duradouro. As pontas transparentes n\u00e3o apenas ampliam o apelo vintage dos cadar\u00e7os, mas tamb\u00e9m proporcionam durabilidade adicional contra o desgaste. Adequados para v\u00e1rios estilos de cal\u00e7ados, de t\u00eanis descontra\u00eddos a sapatos formais, esses cadar\u00e7os s\u00e3o vers\u00e1teis e modernos. Atualize seu estilo de cal\u00e7ados com esses cadar\u00e7os excepcionais, uma escolha ideal para quem valoriza uma mistura de eleg\u00e2ncia cl\u00e1ssica e qualidade moderna. Nossos cadar\u00e7os se adaptam a todos os tipos de t\u00eanis e marcas, inclusive Adidas, Nike, VANS, etc. Visite nosso <a href=\"\/shoelace-size-chart\/\">Guia de tamanhos<\/a>, onde voc\u00ea pode encontrar o tamanho perfeito de cadar\u00e7o para o seu cal\u00e7ado.     <\/p>\n<p>&nbsp;<\/p>\n","protected":false},"excerpt":{"rendered":"<p><strong>Cadar\u00e7os de algod\u00e3o planos desbotados, roxos claros e vintage, com pontas transparentes<\/strong><\/p>\n<p>Esses cadar\u00e7os, criados para aprimorar seus cal\u00e7ados, apresentam um design vintage desbotado distinto que acrescenta um toque retr\u00f4 a qualquer tipo de cal\u00e7ado. Fabricados em algod\u00e3o de alta qualidade, eles prometem conforto e durabilidade. As pontas transparentes n\u00e3o apenas ampliam o visual retr\u00f4 dos cadar\u00e7os, mas tamb\u00e9m os protegem contra o desgaste. Adequados para uma variedade de cal\u00e7ados, do casual ao formal, esses cadar\u00e7os s\u00e3o vers\u00e1teis e elegantes. D\u00ea uma repaginada em seus sapatos com esses cadar\u00e7os requintados, ideais para quem aprecia uma combina\u00e7\u00e3o de design atemporal e funcionalidade moderna. Veja os recursos abaixo:    <\/p>\n<ul>\n<li>Tingidos \u00e0 m\u00e3o com um toque pessoal (n\u00e3o h\u00e1 dois cadar\u00e7os exatamente iguais)<\/li>\n<li>Materiais Premium<\/li>\n<li>Dura <strong>3 vezes mais<\/strong> do que os cadar\u00e7os comuns<\/li>\n<li>Pontas de pl\u00e1stico transparente de alta qualidade<\/li>\n<li>Algod\u00e3o Poli\u00e9ster<\/li>\n<li>Embalagem de Beautiful Loop King por la\u00e7o<\/li>\n<\/ul>\n","protected":false},"featured_media":77301,"comment_status":"open","ping_status":"closed","template":"","meta":{"_acf_changed":false},"product_brand":[],"product_cat":[1958,1944,1913,1940,1899,1961,1959,1960,1931,1888,1900,1908,1861,1856],"product_tag":[1868,1904,1903,1906,1867,1870,1871],"woo-feed-brand":[],"class_list":{"0":"post-77300","1":"product","2":"type-product","3":"status-publish","4":"has-post-thumbnail","6":"product_cat-adidas-yeezy-700-laces-cordoes-da-moda","7":"product_cat-atacadores-elite-dallas-cowboys-para-voce-torcer-pelo-seu-time-favorito-com-estilo","8":"product_cat-cadarcos-balenciaga-cadarcos-de-alta-classe-e-modernos","9":"product_cat-cadarcos-de-48-polegadas","10":"product_cat-cadarcos-de-botas-de-60-polegadas-cadarcos-mais-longos-para-uma-declaracao-de-estilo-definitiva","11":"product_cat-cadarcos-de-camurca-um-divisor-de-aguas-para-seus-calcados","12":"product_cat-cadarcos-de-corda-de-luxo-da-louis-vuitton-que-complementam-sua-sofisticacao-e-estilo","13":"product_cat-cadarcos-de-sapatos-de-patins-o-heroi-desconhecido-do-rinque","14":"product_cat-cadarcos-de-sapatos-keen-dominando-a-arte-do-preto-e-do-cinza","15":"product_cat-cadarcos-de-tenis-new-balance-melhore-seu-visual","16":"product_cat-cadarcos-tie-dye-um-giro-divertido-em-calcados-classicos","17":"product_cat-descubra-o-charme-dos-cadarcos-de-algodao-planos-e-desbotados-da-loop-king-com-pontas-transparentes","18":"product_cat-os-resistentes-cadarcos-de-botas-thorogood-que-nunca-deixarao-voce-na-mao","19":"product_cat-todos-os-cadarcos","20":"product_tag-cadarcos","21":"product_tag-cadarcos-com-ponta-de-ouro","22":"product_tag-cadarcos-de-corda","23":"product_tag-cinza","24":"product_tag-loop-king-pt-br","25":"product_tag-ponta-de-metal","26":"product_tag-preto","28":"first","29":"instock","30":"taxable","31":"shipping-taxable","32":"purchasable","33":"product-type-variable"},"acf":[],"yoast_head":"<!-- This site is optimized with the Yoast SEO plugin v27.5 - https:\/\/yoast.com\/product\/yoast-seo-wordpress\/ -->\n<title>Cadar\u00e7os de algod\u00e3o cinza vintage desbotados e planos com pontas transparentes - Loop King<\/title>\n<meta name=\"description\" content=\"Aumente o charme do seu cal\u00e7ado com um cadar\u00e7o Pink Vintage Faded Shoelaces. Esses cadar\u00e7os remetem \u00e0 eleg\u00e2ncia cl\u00e1ssica, atualizada para a moda de hoje. Voc\u00ea pode comprar agora!\" \/>\n<meta name=\"robots\" content=\"index, follow, max-snippet:-1, max-image-preview:large, max-video-preview:-1\" \/>\n<link rel=\"canonical\" href=\"https:\/\/www.loopkinglaces.com\/pt-br\/products\/cadarcos-de-algodao-cinza-vintage-desbotados-e-planos-com-pontas-transparentes\/\" \/>\n<meta property=\"og:locale\" content=\"pt_BR\" \/>\n<meta property=\"og:type\" content=\"article\" \/>\n<meta property=\"og:title\" content=\"Cadar\u00e7os de algod\u00e3o cinza vintage desbotados e planos com pontas transparentes - Loop King\" \/>\n<meta property=\"og:description\" content=\"Aumente o charme do seu cal\u00e7ado com um cadar\u00e7o Pink Vintage Faded Shoelaces. Esses cadar\u00e7os remetem \u00e0 eleg\u00e2ncia cl\u00e1ssica, atualizada para a moda de hoje. Voc\u00ea pode comprar agora!\" \/>\n<meta property=\"og:url\" content=\"https:\/\/www.loopkinglaces.com\/pt-br\/products\/cadarcos-de-algodao-cinza-vintage-desbotados-e-planos-com-pontas-transparentes\/\" \/>\n<meta property=\"og:site_name\" content=\"Luxury Gold Tip Shoelaces by Loop King Laces\" \/>\n<meta property=\"article:publisher\" content=\"https:\/\/www.facebook.com\/LoopKingLaces\/\" \/>\n<meta property=\"og:image\" content=\"https:\/\/www.loopkinglaces.com\/wp-content\/uploads\/Grey-Vintage-scaled.jpg\" \/>\n\t<meta property=\"og:image:width\" content=\"2560\" \/>\n\t<meta property=\"og:image:height\" content=\"2560\" \/>\n\t<meta property=\"og:image:type\" content=\"image\/jpeg\" \/>\n<meta name=\"twitter:card\" content=\"summary_large_image\" \/>\n<meta name=\"twitter:site\" content=\"@loopkinglaces\" \/>\n<meta name=\"twitter:label1\" content=\"Est. tempo de leitura\" \/>\n\t<meta name=\"twitter:data1\" content=\"1 minuto\" \/>\n<script type=\"application\/ld+json\" class=\"yoast-schema-graph\">{\"@context\":\"https:\\\/\\\/schema.org\",\"@graph\":[{\"@type\":[\"WebPage\",\"ItemPage\"],\"@id\":\"https:\\\/\\\/www.loopkinglaces.com\\\/pt-br\\\/products\\\/cadarcos-de-algodao-cinza-vintage-desbotados-e-planos-com-pontas-transparentes\\\/\",\"url\":\"https:\\\/\\\/www.loopkinglaces.com\\\/pt-br\\\/products\\\/cadarcos-de-algodao-cinza-vintage-desbotados-e-planos-com-pontas-transparentes\\\/\",\"name\":\"Cadar\u00e7os de algod\u00e3o cinza vintage desbotados e planos com pontas transparentes - Loop King\",\"isPartOf\":{\"@id\":\"https:\\\/\\\/www.loopkinglaces.com\\\/pt-br\\\/#website\"},\"primaryImageOfPage\":{\"@id\":\"https:\\\/\\\/www.loopkinglaces.com\\\/pt-br\\\/products\\\/cadarcos-de-algodao-cinza-vintage-desbotados-e-planos-com-pontas-transparentes\\\/#primaryimage\"},\"image\":{\"@id\":\"https:\\\/\\\/www.loopkinglaces.com\\\/pt-br\\\/products\\\/cadarcos-de-algodao-cinza-vintage-desbotados-e-planos-com-pontas-transparentes\\\/#primaryimage\"},\"thumbnailUrl\":\"https:\\\/\\\/www.loopkinglaces.com\\\/wp-content\\\/uploads\\\/Grey-Vintage-scaled.jpg\",\"datePublished\":\"2023-12-11T19:15:32+00:00\",\"description\":\"Aumente o charme do seu cal\u00e7ado com um cadar\u00e7o Pink Vintage Faded Shoelaces. Esses cadar\u00e7os remetem \u00e0 eleg\u00e2ncia cl\u00e1ssica, atualizada para a moda de hoje. Voc\u00ea pode comprar agora!\",\"breadcrumb\":{\"@id\":\"https:\\\/\\\/www.loopkinglaces.com\\\/pt-br\\\/products\\\/cadarcos-de-algodao-cinza-vintage-desbotados-e-planos-com-pontas-transparentes\\\/#breadcrumb\"},\"inLanguage\":\"pt-BR\",\"potentialAction\":[{\"@type\":\"ReadAction\",\"target\":[\"https:\\\/\\\/www.loopkinglaces.com\\\/pt-br\\\/products\\\/cadarcos-de-algodao-cinza-vintage-desbotados-e-planos-com-pontas-transparentes\\\/\"]}]},{\"@type\":\"ImageObject\",\"inLanguage\":\"pt-BR\",\"@id\":\"https:\\\/\\\/www.loopkinglaces.com\\\/pt-br\\\/products\\\/cadarcos-de-algodao-cinza-vintage-desbotados-e-planos-com-pontas-transparentes\\\/#primaryimage\",\"url\":\"https:\\\/\\\/www.loopkinglaces.com\\\/wp-content\\\/uploads\\\/Grey-Vintage-scaled.jpg\",\"contentUrl\":\"https:\\\/\\\/www.loopkinglaces.com\\\/wp-content\\\/uploads\\\/Grey-Vintage-scaled.jpg\",\"width\":2560,\"height\":2560},{\"@type\":\"BreadcrumbList\",\"@id\":\"https:\\\/\\\/www.loopkinglaces.com\\\/pt-br\\\/products\\\/cadarcos-de-algodao-cinza-vintage-desbotados-e-planos-com-pontas-transparentes\\\/#breadcrumb\",\"itemListElement\":[{\"@type\":\"ListItem\",\"position\":1,\"name\":\"Home\",\"item\":\"https:\\\/\\\/www.loopkinglaces.com\\\/pt-br\\\/\"},{\"@type\":\"ListItem\",\"position\":2,\"name\":\"BUY LACES\",\"item\":\"https:\\\/\\\/www.loopkinglaces.com\\\/buy-laces\\\/\"},{\"@type\":\"ListItem\",\"position\":3,\"name\":\"Cadar\u00e7os de algod\u00e3o cinza vintage desbotados e planos com pontas transparentes\"}]},{\"@type\":\"WebSite\",\"@id\":\"https:\\\/\\\/www.loopkinglaces.com\\\/pt-br\\\/#website\",\"url\":\"https:\\\/\\\/www.loopkinglaces.com\\\/pt-br\\\/\",\"name\":\"Luxury Gold Tip Shoelaces by Loop King Laces\",\"description\":\"Rope Laces, Flat Waxed Laces and Leather Laces. All With Gold Tips.\",\"publisher\":{\"@id\":\"https:\\\/\\\/www.loopkinglaces.com\\\/pt-br\\\/#organization\"},\"potentialAction\":[{\"@type\":\"SearchAction\",\"target\":{\"@type\":\"EntryPoint\",\"urlTemplate\":\"https:\\\/\\\/www.loopkinglaces.com\\\/pt-br\\\/?s={search_term_string}\"},\"query-input\":{\"@type\":\"PropertyValueSpecification\",\"valueRequired\":true,\"valueName\":\"search_term_string\"}}],\"inLanguage\":\"pt-BR\"},{\"@type\":\"Organization\",\"@id\":\"https:\\\/\\\/www.loopkinglaces.com\\\/pt-br\\\/#organization\",\"name\":\"Loop King Laces\",\"url\":\"https:\\\/\\\/www.loopkinglaces.com\\\/pt-br\\\/\",\"logo\":{\"@type\":\"ImageObject\",\"inLanguage\":\"pt-BR\",\"@id\":\"https:\\\/\\\/www.loopkinglaces.com\\\/pt-br\\\/#\\\/schema\\\/logo\\\/image\\\/\",\"url\":\"https:\\\/\\\/www.loopkinglaces.com\\\/wp-content\\\/uploads\\\/LOOP-KING-LACES.1.1-01-LOGO-HI-RES-OFFICIAL-1.png\",\"contentUrl\":\"https:\\\/\\\/www.loopkinglaces.com\\\/wp-content\\\/uploads\\\/LOOP-KING-LACES.1.1-01-LOGO-HI-RES-OFFICIAL-1.png\",\"width\":128,\"height\":91,\"caption\":\"Loop King Laces\"},\"image\":{\"@id\":\"https:\\\/\\\/www.loopkinglaces.com\\\/pt-br\\\/#\\\/schema\\\/logo\\\/image\\\/\"},\"sameAs\":[\"https:\\\/\\\/www.facebook.com\\\/LoopKingLaces\\\/\",\"https:\\\/\\\/x.com\\\/loopkinglaces\",\"https:\\\/\\\/www.instagram.com\\\/loopkinglaces\\\/\"]}]}<\/script>\n<!-- \/ Yoast SEO plugin. -->","yoast_head_json":{"title":"Cadar\u00e7os de algod\u00e3o cinza vintage desbotados e planos com pontas transparentes - Loop King","description":"Aumente o charme do seu cal\u00e7ado com um cadar\u00e7o Pink Vintage Faded Shoelaces. Esses cadar\u00e7os remetem \u00e0 eleg\u00e2ncia cl\u00e1ssica, atualizada para a moda de hoje. Voc\u00ea pode comprar agora!","robots":{"index":"index","follow":"follow","max-snippet":"max-snippet:-1","max-image-preview":"max-image-preview:large","max-video-preview":"max-video-preview:-1"},"canonical":"https:\/\/www.loopkinglaces.com\/pt-br\/products\/cadarcos-de-algodao-cinza-vintage-desbotados-e-planos-com-pontas-transparentes\/","og_locale":"pt_BR","og_type":"article","og_title":"Cadar\u00e7os de algod\u00e3o cinza vintage desbotados e planos com pontas transparentes - Loop King","og_description":"Aumente o charme do seu cal\u00e7ado com um cadar\u00e7o Pink Vintage Faded Shoelaces. Esses cadar\u00e7os remetem \u00e0 eleg\u00e2ncia cl\u00e1ssica, atualizada para a moda de hoje. Voc\u00ea pode comprar agora!","og_url":"https:\/\/www.loopkinglaces.com\/pt-br\/products\/cadarcos-de-algodao-cinza-vintage-desbotados-e-planos-com-pontas-transparentes\/","og_site_name":"Luxury Gold Tip Shoelaces by Loop King Laces","article_publisher":"https:\/\/www.facebook.com\/LoopKingLaces\/","og_image":[{"width":2560,"height":2560,"url":"https:\/\/www.loopkinglaces.com\/wp-content\/uploads\/Grey-Vintage-scaled.jpg","type":"image\/jpeg"}],"twitter_card":"summary_large_image","twitter_site":"@loopkinglaces","twitter_misc":{"Est. tempo de leitura":"1 minuto"},"schema":{"@context":"https:\/\/schema.org","@graph":[{"@type":["WebPage","ItemPage"],"@id":"https:\/\/www.loopkinglaces.com\/pt-br\/products\/cadarcos-de-algodao-cinza-vintage-desbotados-e-planos-com-pontas-transparentes\/","url":"https:\/\/www.loopkinglaces.com\/pt-br\/products\/cadarcos-de-algodao-cinza-vintage-desbotados-e-planos-com-pontas-transparentes\/","name":"Cadar\u00e7os de algod\u00e3o cinza vintage desbotados e planos com pontas transparentes - Loop King","isPartOf":{"@id":"https:\/\/www.loopkinglaces.com\/pt-br\/#website"},"primaryImageOfPage":{"@id":"https:\/\/www.loopkinglaces.com\/pt-br\/products\/cadarcos-de-algodao-cinza-vintage-desbotados-e-planos-com-pontas-transparentes\/#primaryimage"},"image":{"@id":"https:\/\/www.loopkinglaces.com\/pt-br\/products\/cadarcos-de-algodao-cinza-vintage-desbotados-e-planos-com-pontas-transparentes\/#primaryimage"},"thumbnailUrl":"https:\/\/www.loopkinglaces.com\/wp-content\/uploads\/Grey-Vintage-scaled.jpg","datePublished":"2023-12-11T19:15:32+00:00","description":"Aumente o charme do seu cal\u00e7ado com um cadar\u00e7o Pink Vintage Faded Shoelaces. Esses cadar\u00e7os remetem \u00e0 eleg\u00e2ncia cl\u00e1ssica, atualizada para a moda de hoje. Voc\u00ea pode comprar agora!","breadcrumb":{"@id":"https:\/\/www.loopkinglaces.com\/pt-br\/products\/cadarcos-de-algodao-cinza-vintage-desbotados-e-planos-com-pontas-transparentes\/#breadcrumb"},"inLanguage":"pt-BR","potentialAction":[{"@type":"ReadAction","target":["https:\/\/www.loopkinglaces.com\/pt-br\/products\/cadarcos-de-algodao-cinza-vintage-desbotados-e-planos-com-pontas-transparentes\/"]}]},{"@type":"ImageObject","inLanguage":"pt-BR","@id":"https:\/\/www.loopkinglaces.com\/pt-br\/products\/cadarcos-de-algodao-cinza-vintage-desbotados-e-planos-com-pontas-transparentes\/#primaryimage","url":"https:\/\/www.loopkinglaces.com\/wp-content\/uploads\/Grey-Vintage-scaled.jpg","contentUrl":"https:\/\/www.loopkinglaces.com\/wp-content\/uploads\/Grey-Vintage-scaled.jpg","width":2560,"height":2560},{"@type":"BreadcrumbList","@id":"https:\/\/www.loopkinglaces.com\/pt-br\/products\/cadarcos-de-algodao-cinza-vintage-desbotados-e-planos-com-pontas-transparentes\/#breadcrumb","itemListElement":[{"@type":"ListItem","position":1,"name":"Home","item":"https:\/\/www.loopkinglaces.com\/pt-br\/"},{"@type":"ListItem","position":2,"name":"BUY LACES","item":"https:\/\/www.loopkinglaces.com\/buy-laces\/"},{"@type":"ListItem","position":3,"name":"Cadar\u00e7os de algod\u00e3o cinza vintage desbotados e planos com pontas transparentes"}]},{"@type":"WebSite","@id":"https:\/\/www.loopkinglaces.com\/pt-br\/#website","url":"https:\/\/www.loopkinglaces.com\/pt-br\/","name":"Luxury Gold Tip Shoelaces by Loop King Laces","description":"Rope Laces, Flat Waxed Laces and Leather Laces. All With Gold Tips.","publisher":{"@id":"https:\/\/www.loopkinglaces.com\/pt-br\/#organization"},"potentialAction":[{"@type":"SearchAction","target":{"@type":"EntryPoint","urlTemplate":"https:\/\/www.loopkinglaces.com\/pt-br\/?s={search_term_string}"},"query-input":{"@type":"PropertyValueSpecification","valueRequired":true,"valueName":"search_term_string"}}],"inLanguage":"pt-BR"},{"@type":"Organization","@id":"https:\/\/www.loopkinglaces.com\/pt-br\/#organization","name":"Loop King Laces","url":"https:\/\/www.loopkinglaces.com\/pt-br\/","logo":{"@type":"ImageObject","inLanguage":"pt-BR","@id":"https:\/\/www.loopkinglaces.com\/pt-br\/#\/schema\/logo\/image\/","url":"https:\/\/www.loopkinglaces.com\/wp-content\/uploads\/LOOP-KING-LACES.1.1-01-LOGO-HI-RES-OFFICIAL-1.png","contentUrl":"https:\/\/www.loopkinglaces.com\/wp-content\/uploads\/LOOP-KING-LACES.1.1-01-LOGO-HI-RES-OFFICIAL-1.png","width":128,"height":91,"caption":"Loop King Laces"},"image":{"@id":"https:\/\/www.loopkinglaces.com\/pt-br\/#\/schema\/logo\/image\/"},"sameAs":["https:\/\/www.facebook.com\/LoopKingLaces\/","https:\/\/x.com\/loopkinglaces","https:\/\/www.instagram.com\/loopkinglaces\/"]}]}},"_links":{"self":[{"href":"https:\/\/www.loopkinglaces.com\/pt-br\/wp-json\/wp\/v2\/product\/77300","targetHints":{"allow":["GET"]}}],"collection":[{"href":"https:\/\/www.loopkinglaces.com\/pt-br\/wp-json\/wp\/v2\/product"}],"about":[{"href":"https:\/\/www.loopkinglaces.com\/pt-br\/wp-json\/wp\/v2\/types\/product"}],"replies":[{"embeddable":true,"href":"https:\/\/www.loopkinglaces.com\/pt-br\/wp-json\/wp\/v2\/comments?post=77300"}],"wp:featuredmedia":[{"embeddable":true,"href":"https:\/\/www.loopkinglaces.com\/pt-br\/wp-json\/wp\/v2\/media\/77301"}],"wp:attachment":[{"href":"https:\/\/www.loopkinglaces.com\/pt-br\/wp-json\/wp\/v2\/media?parent=77300"}],"wp:term":[{"taxonomy":"product_brand","embeddable":true,"href":"https:\/\/www.loopkinglaces.com\/pt-br\/wp-json\/wp\/v2\/product_brand?post=77300"},{"taxonomy":"product_cat","embeddable":true,"href":"https:\/\/www.loopkinglaces.com\/pt-br\/wp-json\/wp\/v2\/product_cat?post=77300"},{"taxonomy":"product_tag","embeddable":true,"href":"https:\/\/www.loopkinglaces.com\/pt-br\/wp-json\/wp\/v2\/product_tag?post=77300"},{"taxonomy":"woo-feed-brand","embeddable":true,"href":"https:\/\/www.loopkinglaces.com\/pt-br\/wp-json\/wp\/v2\/woo-feed-brand?post=77300"}],"curies":[{"name":"wp","href":"https:\/\/api.w.org\/{rel}","templated":true}]}}