{"id":77292,"date":"2023-12-11T19:10:54","date_gmt":"2023-12-11T19:10:54","guid":{"rendered":"https:\/\/www.loopkinglaces.com\/products\/cadarcos-de-algodao-planos-desbotados-roxos-claros-e-vintage-com-pontas-transparentes\/"},"modified":"2023-12-11T19:10:54","modified_gmt":"2023-12-11T19:10:54","slug":"cadarcos-de-algodao-planos-desbotados-roxos-claros-e-vintage-com-pontas-transparentes","status":"publish","type":"product","link":"https:\/\/www.loopkinglaces.com\/pt-br\/products\/cadarcos-de-algodao-planos-desbotados-roxos-claros-e-vintage-com-pontas-transparentes\/","title":{"rendered":"Cadar\u00e7os de algod\u00e3o planos desbotados, roxos claros e vintage, com pontas transparentes"},"content":{"rendered":"<p>Esses cadar\u00e7os, projetados para aprimorar seus cal\u00e7ados, apresentam um visual vintage desbotado distinto, acrescentando um toque retr\u00f4 a qualquer estilo de cal\u00e7ado. Fabricados com algod\u00e3o de primeira linha, eles garantem conforto e desempenho duradouro. As pontas transparentes n\u00e3o apenas real\u00e7am a est\u00e9tica vintage dos cadar\u00e7os, mas tamb\u00e9m os fortalecem contra o desgaste. Adequados para uma variedade de cal\u00e7ados, desde t\u00eanis para o dia a dia at\u00e9 sapatos formais, esses cadar\u00e7os s\u00e3o vers\u00e1teis e elegantes. Transforme seus cal\u00e7ados com esses cadar\u00e7os excepcionais, perfeitos para quem aprecia uma fus\u00e3o de eleg\u00e2ncia cl\u00e1ssica e durabilidade contempor\u00e2nea. Nossos cadar\u00e7os se adaptam a todos os tipos de t\u00eanis e marcas, inclusive Adidas, Nike, VANS, etc. Visite nosso <a href=\"\/shoelace-size-chart\/\">Guia de tamanhos<\/a>, onde voc\u00ea pode encontrar o tamanho perfeito de cadar\u00e7o para o seu cal\u00e7ado.    <\/p>\n<p>&nbsp;<\/p>\n","protected":false},"excerpt":{"rendered":"<p><strong>Cadar\u00e7os de algod\u00e3o planos desbotados, roxos claros e vintage, com pontas transparentes<\/strong><\/p>\n<p>Esses cadar\u00e7os, projetados para melhorar o visual do seu cal\u00e7ado, apresentam uma apar\u00eancia vintage desbotada exclusiva, acrescentando um toque nost\u00e1lgico a qualquer tipo de cal\u00e7ado. Fabricados com algod\u00e3o de qualidade superior, eles garantem conforto e durabilidade. As pontas transparentes real\u00e7am a sensa\u00e7\u00e3o retr\u00f4 dos cadar\u00e7os e, ao mesmo tempo, adicionam resist\u00eancia extra contra o desgaste. Ideal para todos os tipos de cal\u00e7ados, de t\u00eanis casuais a elegantes sapatos sociais, esses cadar\u00e7os oferecem versatilidade e estilo. Eleve sua cole\u00e7\u00e3o de cal\u00e7ados com esses not\u00e1veis cadar\u00e7os, perfeitos para quem gosta de uma mistura de design atemporal e robustez moderna. Veja os recursos abaixo:    <\/p>\n<ul>\n<li>Tingidos \u00e0 m\u00e3o com um toque pessoal (n\u00e3o h\u00e1 dois cadar\u00e7os exatamente iguais)<\/li>\n<li>Materiais Premium<\/li>\n<li>Dura <strong>3 vezes mais<\/strong> do que os cadar\u00e7os comuns<\/li>\n<li>Pontas de pl\u00e1stico transparente de alta qualidade<\/li>\n<li>Poli\u00e9ster Algod\u00e3o<\/li>\n<li>Embalagem de Beautiful Loop King por la\u00e7o<\/li>\n<\/ul>\n","protected":false},"featured_media":77294,"comment_status":"open","ping_status":"closed","template":"","meta":{"_acf_changed":false},"product_brand":[],"product_cat":[1955,1957,1956,1900,1916,1908,1892,1856],"product_tag":[1868,1904,1903,1906,1867,1870,1871],"woo-feed-brand":[],"class_list":{"0":"post-77292","1":"product","2":"type-product","3":"status-publish","4":"has-post-thumbnail","6":"product_cat-cadarcos-de-malha-nike-fly","7":"product_cat-cadarcos-de-sapatos-ugg-mais-do-que-apenas-um-detalhe","8":"product_cat-cadarcos-de-tenis-esportivos-nao-e-apenas-um-jogo-de-amarrar","9":"product_cat-cadarcos-tie-dye-um-giro-divertido-em-calcados-classicos","10":"product_cat-cadarcos-vans-old-skool-de-alta-qualidade-que-sao-duraveis-e-luxuosos","11":"product_cat-descubra-o-charme-dos-cadarcos-de-algodao-planos-e-desbotados-da-loop-king-com-pontas-transparentes","12":"product_cat-escolha-entre-nossa-colecao-de-cadarcos-coloridos-de-alta-qualidade","13":"product_cat-todos-os-cadarcos","14":"product_tag-cadarcos","15":"product_tag-cadarcos-com-ponta-de-ouro","16":"product_tag-cadarcos-de-corda","17":"product_tag-cinza","18":"product_tag-loop-king-pt-br","19":"product_tag-ponta-de-metal","20":"product_tag-preto","22":"first","23":"instock","24":"taxable","25":"shipping-taxable","26":"product-type-variable"},"acf":[],"yoast_head":"<!-- This site is optimized with the Yoast SEO plugin v27.5 - https:\/\/yoast.com\/product\/yoast-seo-wordpress\/ -->\n<title>Cadar\u00e7os de algod\u00e3o lisos, desbotados, roxos claros e vintage com pontas transparentes - Loop King<\/title>\n<meta name=\"description\" content=\"Voc\u00ea pode renovar seus cal\u00e7ados com o cadar\u00e7o Light Purple Vintage Faded Shoelaces, que oferece um toque vintage elegante para um estilo contempor\u00e2neo. N\u00e3o espere mais, compre agora!\" \/>\n<meta name=\"robots\" content=\"index, follow, max-snippet:-1, max-image-preview:large, max-video-preview:-1\" \/>\n<link rel=\"canonical\" href=\"https:\/\/www.loopkinglaces.com\/pt-br\/products\/cadarcos-de-algodao-planos-desbotados-roxos-claros-e-vintage-com-pontas-transparentes\/\" \/>\n<meta property=\"og:locale\" content=\"pt_BR\" \/>\n<meta property=\"og:type\" content=\"article\" \/>\n<meta property=\"og:title\" content=\"Cadar\u00e7os de algod\u00e3o lisos, desbotados, roxos claros e vintage com pontas transparentes - Loop King\" \/>\n<meta property=\"og:description\" content=\"Voc\u00ea pode renovar seus cal\u00e7ados com o cadar\u00e7o Light Purple Vintage Faded Shoelaces, que oferece um toque vintage elegante para um estilo contempor\u00e2neo. N\u00e3o espere mais, compre agora!\" \/>\n<meta property=\"og:url\" content=\"https:\/\/www.loopkinglaces.com\/pt-br\/products\/cadarcos-de-algodao-planos-desbotados-roxos-claros-e-vintage-com-pontas-transparentes\/\" \/>\n<meta property=\"og:site_name\" content=\"Luxury Gold Tip Shoelaces by Loop King Laces\" \/>\n<meta property=\"article:publisher\" content=\"https:\/\/www.facebook.com\/LoopKingLaces\/\" \/>\n<meta property=\"og:image\" content=\"https:\/\/www.loopkinglaces.com\/wp-content\/uploads\/Light-Purple-Vintage-scaled.jpg\" \/>\n\t<meta property=\"og:image:width\" content=\"2560\" \/>\n\t<meta property=\"og:image:height\" content=\"2560\" \/>\n\t<meta property=\"og:image:type\" content=\"image\/jpeg\" \/>\n<meta name=\"twitter:card\" content=\"summary_large_image\" \/>\n<meta name=\"twitter:site\" content=\"@loopkinglaces\" \/>\n<meta name=\"twitter:label1\" content=\"Est. tempo de leitura\" \/>\n\t<meta name=\"twitter:data1\" content=\"1 minuto\" \/>\n<script type=\"application\/ld+json\" class=\"yoast-schema-graph\">{\"@context\":\"https:\\\/\\\/schema.org\",\"@graph\":[{\"@type\":[\"WebPage\",\"ItemPage\"],\"@id\":\"https:\\\/\\\/www.loopkinglaces.com\\\/pt-br\\\/products\\\/cadarcos-de-algodao-planos-desbotados-roxos-claros-e-vintage-com-pontas-transparentes\\\/\",\"url\":\"https:\\\/\\\/www.loopkinglaces.com\\\/pt-br\\\/products\\\/cadarcos-de-algodao-planos-desbotados-roxos-claros-e-vintage-com-pontas-transparentes\\\/\",\"name\":\"Cadar\u00e7os de algod\u00e3o lisos, desbotados, roxos claros e vintage com pontas transparentes - Loop King\",\"isPartOf\":{\"@id\":\"https:\\\/\\\/www.loopkinglaces.com\\\/pt-br\\\/#website\"},\"primaryImageOfPage\":{\"@id\":\"https:\\\/\\\/www.loopkinglaces.com\\\/pt-br\\\/products\\\/cadarcos-de-algodao-planos-desbotados-roxos-claros-e-vintage-com-pontas-transparentes\\\/#primaryimage\"},\"image\":{\"@id\":\"https:\\\/\\\/www.loopkinglaces.com\\\/pt-br\\\/products\\\/cadarcos-de-algodao-planos-desbotados-roxos-claros-e-vintage-com-pontas-transparentes\\\/#primaryimage\"},\"thumbnailUrl\":\"https:\\\/\\\/www.loopkinglaces.com\\\/wp-content\\\/uploads\\\/Light-Purple-Vintage-scaled.jpg\",\"datePublished\":\"2023-12-11T19:10:54+00:00\",\"description\":\"Voc\u00ea pode renovar seus cal\u00e7ados com o cadar\u00e7o Light Purple Vintage Faded Shoelaces, que oferece um toque vintage elegante para um estilo contempor\u00e2neo. N\u00e3o espere mais, compre agora!\",\"breadcrumb\":{\"@id\":\"https:\\\/\\\/www.loopkinglaces.com\\\/pt-br\\\/products\\\/cadarcos-de-algodao-planos-desbotados-roxos-claros-e-vintage-com-pontas-transparentes\\\/#breadcrumb\"},\"inLanguage\":\"pt-BR\",\"potentialAction\":[{\"@type\":\"ReadAction\",\"target\":[\"https:\\\/\\\/www.loopkinglaces.com\\\/pt-br\\\/products\\\/cadarcos-de-algodao-planos-desbotados-roxos-claros-e-vintage-com-pontas-transparentes\\\/\"]}]},{\"@type\":\"ImageObject\",\"inLanguage\":\"pt-BR\",\"@id\":\"https:\\\/\\\/www.loopkinglaces.com\\\/pt-br\\\/products\\\/cadarcos-de-algodao-planos-desbotados-roxos-claros-e-vintage-com-pontas-transparentes\\\/#primaryimage\",\"url\":\"https:\\\/\\\/www.loopkinglaces.com\\\/wp-content\\\/uploads\\\/Light-Purple-Vintage-scaled.jpg\",\"contentUrl\":\"https:\\\/\\\/www.loopkinglaces.com\\\/wp-content\\\/uploads\\\/Light-Purple-Vintage-scaled.jpg\",\"width\":2560,\"height\":2560},{\"@type\":\"BreadcrumbList\",\"@id\":\"https:\\\/\\\/www.loopkinglaces.com\\\/pt-br\\\/products\\\/cadarcos-de-algodao-planos-desbotados-roxos-claros-e-vintage-com-pontas-transparentes\\\/#breadcrumb\",\"itemListElement\":[{\"@type\":\"ListItem\",\"position\":1,\"name\":\"Home\",\"item\":\"https:\\\/\\\/www.loopkinglaces.com\\\/pt-br\\\/\"},{\"@type\":\"ListItem\",\"position\":2,\"name\":\"BUY LACES\",\"item\":\"https:\\\/\\\/www.loopkinglaces.com\\\/buy-laces\\\/\"},{\"@type\":\"ListItem\",\"position\":3,\"name\":\"Cadar\u00e7os de algod\u00e3o planos desbotados, roxos claros e vintage, com pontas transparentes\"}]},{\"@type\":\"WebSite\",\"@id\":\"https:\\\/\\\/www.loopkinglaces.com\\\/pt-br\\\/#website\",\"url\":\"https:\\\/\\\/www.loopkinglaces.com\\\/pt-br\\\/\",\"name\":\"Luxury Gold Tip Shoelaces by Loop King Laces\",\"description\":\"Rope Laces, Flat Waxed Laces and Leather Laces. All With Gold Tips.\",\"publisher\":{\"@id\":\"https:\\\/\\\/www.loopkinglaces.com\\\/pt-br\\\/#organization\"},\"potentialAction\":[{\"@type\":\"SearchAction\",\"target\":{\"@type\":\"EntryPoint\",\"urlTemplate\":\"https:\\\/\\\/www.loopkinglaces.com\\\/pt-br\\\/?s={search_term_string}\"},\"query-input\":{\"@type\":\"PropertyValueSpecification\",\"valueRequired\":true,\"valueName\":\"search_term_string\"}}],\"inLanguage\":\"pt-BR\"},{\"@type\":\"Organization\",\"@id\":\"https:\\\/\\\/www.loopkinglaces.com\\\/pt-br\\\/#organization\",\"name\":\"Loop King Laces\",\"url\":\"https:\\\/\\\/www.loopkinglaces.com\\\/pt-br\\\/\",\"logo\":{\"@type\":\"ImageObject\",\"inLanguage\":\"pt-BR\",\"@id\":\"https:\\\/\\\/www.loopkinglaces.com\\\/pt-br\\\/#\\\/schema\\\/logo\\\/image\\\/\",\"url\":\"https:\\\/\\\/www.loopkinglaces.com\\\/wp-content\\\/uploads\\\/LOOP-KING-LACES.1.1-01-LOGO-HI-RES-OFFICIAL-1.png\",\"contentUrl\":\"https:\\\/\\\/www.loopkinglaces.com\\\/wp-content\\\/uploads\\\/LOOP-KING-LACES.1.1-01-LOGO-HI-RES-OFFICIAL-1.png\",\"width\":128,\"height\":91,\"caption\":\"Loop King Laces\"},\"image\":{\"@id\":\"https:\\\/\\\/www.loopkinglaces.com\\\/pt-br\\\/#\\\/schema\\\/logo\\\/image\\\/\"},\"sameAs\":[\"https:\\\/\\\/www.facebook.com\\\/LoopKingLaces\\\/\",\"https:\\\/\\\/x.com\\\/loopkinglaces\",\"https:\\\/\\\/www.instagram.com\\\/loopkinglaces\\\/\"]}]}<\/script>\n<!-- \/ Yoast SEO plugin. -->","yoast_head_json":{"title":"Cadar\u00e7os de algod\u00e3o lisos, desbotados, roxos claros e vintage com pontas transparentes - Loop King","description":"Voc\u00ea pode renovar seus cal\u00e7ados com o cadar\u00e7o Light Purple Vintage Faded Shoelaces, que oferece um toque vintage elegante para um estilo contempor\u00e2neo. N\u00e3o espere mais, compre agora!","robots":{"index":"index","follow":"follow","max-snippet":"max-snippet:-1","max-image-preview":"max-image-preview:large","max-video-preview":"max-video-preview:-1"},"canonical":"https:\/\/www.loopkinglaces.com\/pt-br\/products\/cadarcos-de-algodao-planos-desbotados-roxos-claros-e-vintage-com-pontas-transparentes\/","og_locale":"pt_BR","og_type":"article","og_title":"Cadar\u00e7os de algod\u00e3o lisos, desbotados, roxos claros e vintage com pontas transparentes - Loop King","og_description":"Voc\u00ea pode renovar seus cal\u00e7ados com o cadar\u00e7o Light Purple Vintage Faded Shoelaces, que oferece um toque vintage elegante para um estilo contempor\u00e2neo. N\u00e3o espere mais, compre agora!","og_url":"https:\/\/www.loopkinglaces.com\/pt-br\/products\/cadarcos-de-algodao-planos-desbotados-roxos-claros-e-vintage-com-pontas-transparentes\/","og_site_name":"Luxury Gold Tip Shoelaces by Loop King Laces","article_publisher":"https:\/\/www.facebook.com\/LoopKingLaces\/","og_image":[{"width":2560,"height":2560,"url":"https:\/\/www.loopkinglaces.com\/wp-content\/uploads\/Light-Purple-Vintage-scaled.jpg","type":"image\/jpeg"}],"twitter_card":"summary_large_image","twitter_site":"@loopkinglaces","twitter_misc":{"Est. tempo de leitura":"1 minuto"},"schema":{"@context":"https:\/\/schema.org","@graph":[{"@type":["WebPage","ItemPage"],"@id":"https:\/\/www.loopkinglaces.com\/pt-br\/products\/cadarcos-de-algodao-planos-desbotados-roxos-claros-e-vintage-com-pontas-transparentes\/","url":"https:\/\/www.loopkinglaces.com\/pt-br\/products\/cadarcos-de-algodao-planos-desbotados-roxos-claros-e-vintage-com-pontas-transparentes\/","name":"Cadar\u00e7os de algod\u00e3o lisos, desbotados, roxos claros e vintage com pontas transparentes - Loop King","isPartOf":{"@id":"https:\/\/www.loopkinglaces.com\/pt-br\/#website"},"primaryImageOfPage":{"@id":"https:\/\/www.loopkinglaces.com\/pt-br\/products\/cadarcos-de-algodao-planos-desbotados-roxos-claros-e-vintage-com-pontas-transparentes\/#primaryimage"},"image":{"@id":"https:\/\/www.loopkinglaces.com\/pt-br\/products\/cadarcos-de-algodao-planos-desbotados-roxos-claros-e-vintage-com-pontas-transparentes\/#primaryimage"},"thumbnailUrl":"https:\/\/www.loopkinglaces.com\/wp-content\/uploads\/Light-Purple-Vintage-scaled.jpg","datePublished":"2023-12-11T19:10:54+00:00","description":"Voc\u00ea pode renovar seus cal\u00e7ados com o cadar\u00e7o Light Purple Vintage Faded Shoelaces, que oferece um toque vintage elegante para um estilo contempor\u00e2neo. N\u00e3o espere mais, compre agora!","breadcrumb":{"@id":"https:\/\/www.loopkinglaces.com\/pt-br\/products\/cadarcos-de-algodao-planos-desbotados-roxos-claros-e-vintage-com-pontas-transparentes\/#breadcrumb"},"inLanguage":"pt-BR","potentialAction":[{"@type":"ReadAction","target":["https:\/\/www.loopkinglaces.com\/pt-br\/products\/cadarcos-de-algodao-planos-desbotados-roxos-claros-e-vintage-com-pontas-transparentes\/"]}]},{"@type":"ImageObject","inLanguage":"pt-BR","@id":"https:\/\/www.loopkinglaces.com\/pt-br\/products\/cadarcos-de-algodao-planos-desbotados-roxos-claros-e-vintage-com-pontas-transparentes\/#primaryimage","url":"https:\/\/www.loopkinglaces.com\/wp-content\/uploads\/Light-Purple-Vintage-scaled.jpg","contentUrl":"https:\/\/www.loopkinglaces.com\/wp-content\/uploads\/Light-Purple-Vintage-scaled.jpg","width":2560,"height":2560},{"@type":"BreadcrumbList","@id":"https:\/\/www.loopkinglaces.com\/pt-br\/products\/cadarcos-de-algodao-planos-desbotados-roxos-claros-e-vintage-com-pontas-transparentes\/#breadcrumb","itemListElement":[{"@type":"ListItem","position":1,"name":"Home","item":"https:\/\/www.loopkinglaces.com\/pt-br\/"},{"@type":"ListItem","position":2,"name":"BUY LACES","item":"https:\/\/www.loopkinglaces.com\/buy-laces\/"},{"@type":"ListItem","position":3,"name":"Cadar\u00e7os de algod\u00e3o planos desbotados, roxos claros e vintage, com pontas transparentes"}]},{"@type":"WebSite","@id":"https:\/\/www.loopkinglaces.com\/pt-br\/#website","url":"https:\/\/www.loopkinglaces.com\/pt-br\/","name":"Luxury Gold Tip Shoelaces by Loop King Laces","description":"Rope Laces, Flat Waxed Laces and Leather Laces. All With Gold Tips.","publisher":{"@id":"https:\/\/www.loopkinglaces.com\/pt-br\/#organization"},"potentialAction":[{"@type":"SearchAction","target":{"@type":"EntryPoint","urlTemplate":"https:\/\/www.loopkinglaces.com\/pt-br\/?s={search_term_string}"},"query-input":{"@type":"PropertyValueSpecification","valueRequired":true,"valueName":"search_term_string"}}],"inLanguage":"pt-BR"},{"@type":"Organization","@id":"https:\/\/www.loopkinglaces.com\/pt-br\/#organization","name":"Loop King Laces","url":"https:\/\/www.loopkinglaces.com\/pt-br\/","logo":{"@type":"ImageObject","inLanguage":"pt-BR","@id":"https:\/\/www.loopkinglaces.com\/pt-br\/#\/schema\/logo\/image\/","url":"https:\/\/www.loopkinglaces.com\/wp-content\/uploads\/LOOP-KING-LACES.1.1-01-LOGO-HI-RES-OFFICIAL-1.png","contentUrl":"https:\/\/www.loopkinglaces.com\/wp-content\/uploads\/LOOP-KING-LACES.1.1-01-LOGO-HI-RES-OFFICIAL-1.png","width":128,"height":91,"caption":"Loop King Laces"},"image":{"@id":"https:\/\/www.loopkinglaces.com\/pt-br\/#\/schema\/logo\/image\/"},"sameAs":["https:\/\/www.facebook.com\/LoopKingLaces\/","https:\/\/x.com\/loopkinglaces","https:\/\/www.instagram.com\/loopkinglaces\/"]}]}},"_links":{"self":[{"href":"https:\/\/www.loopkinglaces.com\/pt-br\/wp-json\/wp\/v2\/product\/77292","targetHints":{"allow":["GET"]}}],"collection":[{"href":"https:\/\/www.loopkinglaces.com\/pt-br\/wp-json\/wp\/v2\/product"}],"about":[{"href":"https:\/\/www.loopkinglaces.com\/pt-br\/wp-json\/wp\/v2\/types\/product"}],"replies":[{"embeddable":true,"href":"https:\/\/www.loopkinglaces.com\/pt-br\/wp-json\/wp\/v2\/comments?post=77292"}],"wp:featuredmedia":[{"embeddable":true,"href":"https:\/\/www.loopkinglaces.com\/pt-br\/wp-json\/wp\/v2\/media\/77294"}],"wp:attachment":[{"href":"https:\/\/www.loopkinglaces.com\/pt-br\/wp-json\/wp\/v2\/media?parent=77292"}],"wp:term":[{"taxonomy":"product_brand","embeddable":true,"href":"https:\/\/www.loopkinglaces.com\/pt-br\/wp-json\/wp\/v2\/product_brand?post=77292"},{"taxonomy":"product_cat","embeddable":true,"href":"https:\/\/www.loopkinglaces.com\/pt-br\/wp-json\/wp\/v2\/product_cat?post=77292"},{"taxonomy":"product_tag","embeddable":true,"href":"https:\/\/www.loopkinglaces.com\/pt-br\/wp-json\/wp\/v2\/product_tag?post=77292"},{"taxonomy":"woo-feed-brand","embeddable":true,"href":"https:\/\/www.loopkinglaces.com\/pt-br\/wp-json\/wp\/v2\/woo-feed-brand?post=77292"}],"curies":[{"name":"wp","href":"https:\/\/api.w.org\/{rel}","templated":true}]}}