{"id":77269,"date":"2023-12-11T18:54:48","date_gmt":"2023-12-11T18:54:48","guid":{"rendered":"https:\/\/www.loopkinglaces.com\/products\/cadarcos-de-algodao-rosa-vintage-e-desbotado-com-pontas-transparentes\/"},"modified":"2023-12-11T18:54:48","modified_gmt":"2023-12-11T18:54:48","slug":"cadarcos-de-algodao-rosa-vintage-e-desbotado-com-pontas-transparentes","status":"publish","type":"product","link":"https:\/\/www.loopkinglaces.com\/pt-br\/products\/cadarcos-de-algodao-rosa-vintage-e-desbotado-com-pontas-transparentes\/","title":{"rendered":"Cadar\u00e7os de algod\u00e3o rosa, vintage e desbotado, com pontas transparentes"},"content":{"rendered":"<p>Voc\u00ea encontrar\u00e1 a combina\u00e7\u00e3o perfeita de charme vintage e for\u00e7a moderna com os cadar\u00e7os de algod\u00e3o planos desbotados Vintage da Loop King. Esses cadar\u00e7os, projetados para aumentar o apelo do seu cal\u00e7ado, apresentam um visual desbotado exclusivo que d\u00e1 um toque de nostalgia a qualquer estilo de cal\u00e7ado. Fabricados com algod\u00e3o de qualidade superior, eles garantem conforto e uso duradouro. As pontas transparentes real\u00e7am a est\u00e9tica do mundo antigo dos cadar\u00e7os e proporcionam durabilidade extra contra o desgaste. Adequados para todos os tipos de cal\u00e7ados, de t\u00eanis casuais a sofisticados sapatos sociais, esses cadar\u00e7os oferecem versatilidade e eleg\u00e2ncia. Revitalize sua cole\u00e7\u00e3o de cal\u00e7ados com esses excelentes cadar\u00e7os, perfeitos para quem gosta de uma mistura de beleza cl\u00e1ssica e resist\u00eancia contempor\u00e2nea. Nossos cadar\u00e7os servem para todos os tipos diferentes de t\u00eanis e marcas, incluindo Adidas, Nike, VANS e assim por diante. Visite nosso <a href=\"\/shoelace-size-chart\/\">Guia de tamanhos<\/a>, onde voc\u00ea pode encontrar o tamanho perfeito de cadar\u00e7o para o seu cal\u00e7ado.     <\/p>\n<p>&nbsp;<\/p>\n","protected":false},"excerpt":{"rendered":"<p><strong>Cadar\u00e7os de algod\u00e3o rosa vintage desbotado com pontas transparentes<\/strong><\/p>\n<p>Esses cadar\u00e7os, criados para elevar seus cal\u00e7ados, apresentam uma apar\u00eancia vintage desbotada distinta, acrescentando um elemento retr\u00f4 a qualquer cal\u00e7ado. Fabricados com o melhor algod\u00e3o, eles garantem conforto e durabilidade. As pontas transparentes n\u00e3o apenas aumentam o charme vintage dos cadar\u00e7os, mas tamb\u00e9m refor\u00e7am sua resist\u00eancia ao desgaste. Ideal para todos os tipos de cal\u00e7ados, desde t\u00eanis de uso di\u00e1rio at\u00e9 sapatos elegantes, esses cadar\u00e7os combinam adaptabilidade com moda. Melhore seu jogo de cal\u00e7ados com esses cadar\u00e7os premium, um item obrigat\u00f3rio para quem aprecia uma mistura de estilo atemporal e qualidade moderna. Veja os recursos abaixo:    <\/p>\n<ul>\n<li>Tingidos \u00e0 m\u00e3o com um toque pessoal (n\u00e3o h\u00e1 dois cadar\u00e7os exatamente iguais)<\/li>\n<li>Materiais Premium<\/li>\n<li>Dura <strong>3 vezes mais<\/strong> do que os cadar\u00e7os comuns<\/li>\n<li>Pontas de pl\u00e1stico transparente de alta qualidade<\/li>\n<li>Algod\u00e3o Poli\u00e9ster<\/li>\n<li>Embalagem de Beautiful Loop King por la\u00e7o<\/li>\n<\/ul>\n","protected":false},"featured_media":77278,"comment_status":"open","ping_status":"closed","template":"","meta":{"_acf_changed":false},"product_brand":[],"product_cat":[1952,1913,1935,1946,1951,1948,1900,1908,1879,1950,1949,1856,1865,1947],"product_tag":[1868,1904,1903,1906,1867,1870,1871],"woo-feed-brand":[],"class_list":{"0":"post-77269","1":"product","2":"type-product","3":"status-publish","4":"has-post-thumbnail","6":"product_cat-cadarcos-adidas-samba-a-mudanca-de-jogo-que-voce-nunca-pensou","7":"product_cat-cadarcos-balenciaga-cadarcos-de-alta-classe-e-modernos","8":"product_cat-cadarcos-coloridos-para-botas-que-acrescentam-estilo-conforto-e-elegancia","9":"product_cat-cadarcos-de-54-todos-os-cadarcos-sofisticados-e-de-alta-qualidade","10":"product_cat-cadarcos-legais-melhore-seu-jogo-de-calcados","11":"product_cat-cadarcos-rosa-da-nike-para-dar-um-toque-de-cor-ao-seu-tenis","12":"product_cat-cadarcos-tie-dye-um-giro-divertido-em-calcados-classicos","13":"product_cat-descubra-o-charme-dos-cadarcos-de-algodao-planos-e-desbotados-da-loop-king-com-pontas-transparentes","14":"product_cat-impressionantes-cadarcos-de-botas-timberland-que-nao-deixarao-voce-na-mao","15":"product_cat-jordan-1-mocha-pink-laces-para-um-visual-novo-e-empolgante","16":"product_cat-substituicao-de-cadarcos-de-tenis-nike-para-uma-atualizacao-visual-doentia","17":"product_cat-todos-os-cadarcos","18":"product_cat-travis-scott-laces-o-hype-o-amor-e-tudo-o-mais","19":"product_cat-uma-atualizacao-dramatica-cadarco-rosa-superior-do-jordan-1-biohack","20":"product_tag-cadarcos","21":"product_tag-cadarcos-com-ponta-de-ouro","22":"product_tag-cadarcos-de-corda","23":"product_tag-cinza","24":"product_tag-loop-king-pt-br","25":"product_tag-ponta-de-metal","26":"product_tag-preto","28":"first","29":"instock","30":"taxable","31":"shipping-taxable","32":"product-type-variable"},"acf":[],"yoast_head":"<!-- This site is optimized with the Yoast SEO plugin v27.5 - https:\/\/yoast.com\/product\/yoast-seo-wordpress\/ -->\n<title>Cadar\u00e7os de algod\u00e3o rosa, vintage e desbotado, com pontas transparentes - Loop King<\/title>\n<meta name=\"description\" content=\"Voc\u00ea pode usar o estilo dos nossos cadar\u00e7os Pink Vintage Faded, uma sofistica\u00e7\u00e3o vintage com um toque moderno. Perfeito para pessoas que gostam de estar na moda. Compre hoje mesmo!\" \/>\n<meta name=\"robots\" content=\"index, follow, max-snippet:-1, max-image-preview:large, max-video-preview:-1\" \/>\n<link rel=\"canonical\" href=\"https:\/\/www.loopkinglaces.com\/pt-br\/products\/cadarcos-de-algodao-rosa-vintage-e-desbotado-com-pontas-transparentes\/\" \/>\n<meta property=\"og:locale\" content=\"pt_BR\" \/>\n<meta property=\"og:type\" content=\"article\" \/>\n<meta property=\"og:title\" content=\"Cadar\u00e7os de algod\u00e3o rosa, vintage e desbotado, com pontas transparentes - Loop King\" \/>\n<meta property=\"og:description\" content=\"Voc\u00ea pode usar o estilo dos nossos cadar\u00e7os Pink Vintage Faded, uma sofistica\u00e7\u00e3o vintage com um toque moderno. Perfeito para pessoas que gostam de estar na moda. Compre hoje mesmo!\" \/>\n<meta property=\"og:url\" content=\"https:\/\/www.loopkinglaces.com\/pt-br\/products\/cadarcos-de-algodao-rosa-vintage-e-desbotado-com-pontas-transparentes\/\" \/>\n<meta property=\"og:site_name\" content=\"Luxury Gold Tip Shoelaces by Loop King Laces\" \/>\n<meta property=\"article:publisher\" content=\"https:\/\/www.facebook.com\/LoopKingLaces\/\" \/>\n<meta property=\"og:image\" content=\"https:\/\/www.loopkinglaces.com\/wp-content\/uploads\/Pink-Vintage-scaled.jpg\" \/>\n\t<meta property=\"og:image:width\" content=\"2560\" \/>\n\t<meta property=\"og:image:height\" content=\"2560\" \/>\n\t<meta property=\"og:image:type\" content=\"image\/jpeg\" \/>\n<meta name=\"twitter:card\" content=\"summary_large_image\" \/>\n<meta name=\"twitter:site\" content=\"@loopkinglaces\" \/>\n<meta name=\"twitter:label1\" content=\"Est. tempo de leitura\" \/>\n\t<meta name=\"twitter:data1\" content=\"1 minuto\" \/>\n<script type=\"application\/ld+json\" class=\"yoast-schema-graph\">{\"@context\":\"https:\\\/\\\/schema.org\",\"@graph\":[{\"@type\":[\"WebPage\",\"ItemPage\"],\"@id\":\"https:\\\/\\\/www.loopkinglaces.com\\\/pt-br\\\/products\\\/cadarcos-de-algodao-rosa-vintage-e-desbotado-com-pontas-transparentes\\\/\",\"url\":\"https:\\\/\\\/www.loopkinglaces.com\\\/pt-br\\\/products\\\/cadarcos-de-algodao-rosa-vintage-e-desbotado-com-pontas-transparentes\\\/\",\"name\":\"Cadar\u00e7os de algod\u00e3o rosa, vintage e desbotado, com pontas transparentes - Loop King\",\"isPartOf\":{\"@id\":\"https:\\\/\\\/www.loopkinglaces.com\\\/pt-br\\\/#website\"},\"primaryImageOfPage\":{\"@id\":\"https:\\\/\\\/www.loopkinglaces.com\\\/pt-br\\\/products\\\/cadarcos-de-algodao-rosa-vintage-e-desbotado-com-pontas-transparentes\\\/#primaryimage\"},\"image\":{\"@id\":\"https:\\\/\\\/www.loopkinglaces.com\\\/pt-br\\\/products\\\/cadarcos-de-algodao-rosa-vintage-e-desbotado-com-pontas-transparentes\\\/#primaryimage\"},\"thumbnailUrl\":\"https:\\\/\\\/www.loopkinglaces.com\\\/wp-content\\\/uploads\\\/Pink-Vintage-scaled.jpg\",\"datePublished\":\"2023-12-11T18:54:48+00:00\",\"description\":\"Voc\u00ea pode usar o estilo dos nossos cadar\u00e7os Pink Vintage Faded, uma sofistica\u00e7\u00e3o vintage com um toque moderno. Perfeito para pessoas que gostam de estar na moda. Compre hoje mesmo!\",\"breadcrumb\":{\"@id\":\"https:\\\/\\\/www.loopkinglaces.com\\\/pt-br\\\/products\\\/cadarcos-de-algodao-rosa-vintage-e-desbotado-com-pontas-transparentes\\\/#breadcrumb\"},\"inLanguage\":\"pt-BR\",\"potentialAction\":[{\"@type\":\"ReadAction\",\"target\":[\"https:\\\/\\\/www.loopkinglaces.com\\\/pt-br\\\/products\\\/cadarcos-de-algodao-rosa-vintage-e-desbotado-com-pontas-transparentes\\\/\"]}]},{\"@type\":\"ImageObject\",\"inLanguage\":\"pt-BR\",\"@id\":\"https:\\\/\\\/www.loopkinglaces.com\\\/pt-br\\\/products\\\/cadarcos-de-algodao-rosa-vintage-e-desbotado-com-pontas-transparentes\\\/#primaryimage\",\"url\":\"https:\\\/\\\/www.loopkinglaces.com\\\/wp-content\\\/uploads\\\/Pink-Vintage-scaled.jpg\",\"contentUrl\":\"https:\\\/\\\/www.loopkinglaces.com\\\/wp-content\\\/uploads\\\/Pink-Vintage-scaled.jpg\",\"width\":2560,\"height\":2560},{\"@type\":\"BreadcrumbList\",\"@id\":\"https:\\\/\\\/www.loopkinglaces.com\\\/pt-br\\\/products\\\/cadarcos-de-algodao-rosa-vintage-e-desbotado-com-pontas-transparentes\\\/#breadcrumb\",\"itemListElement\":[{\"@type\":\"ListItem\",\"position\":1,\"name\":\"Home\",\"item\":\"https:\\\/\\\/www.loopkinglaces.com\\\/pt-br\\\/\"},{\"@type\":\"ListItem\",\"position\":2,\"name\":\"BUY LACES\",\"item\":\"https:\\\/\\\/www.loopkinglaces.com\\\/buy-laces\\\/\"},{\"@type\":\"ListItem\",\"position\":3,\"name\":\"Cadar\u00e7os de algod\u00e3o rosa, vintage e desbotado, com pontas transparentes\"}]},{\"@type\":\"WebSite\",\"@id\":\"https:\\\/\\\/www.loopkinglaces.com\\\/pt-br\\\/#website\",\"url\":\"https:\\\/\\\/www.loopkinglaces.com\\\/pt-br\\\/\",\"name\":\"Luxury Gold Tip Shoelaces by Loop King Laces\",\"description\":\"Rope Laces, Flat Waxed Laces and Leather Laces. All With Gold Tips.\",\"publisher\":{\"@id\":\"https:\\\/\\\/www.loopkinglaces.com\\\/pt-br\\\/#organization\"},\"potentialAction\":[{\"@type\":\"SearchAction\",\"target\":{\"@type\":\"EntryPoint\",\"urlTemplate\":\"https:\\\/\\\/www.loopkinglaces.com\\\/pt-br\\\/?s={search_term_string}\"},\"query-input\":{\"@type\":\"PropertyValueSpecification\",\"valueRequired\":true,\"valueName\":\"search_term_string\"}}],\"inLanguage\":\"pt-BR\"},{\"@type\":\"Organization\",\"@id\":\"https:\\\/\\\/www.loopkinglaces.com\\\/pt-br\\\/#organization\",\"name\":\"Loop King Laces\",\"url\":\"https:\\\/\\\/www.loopkinglaces.com\\\/pt-br\\\/\",\"logo\":{\"@type\":\"ImageObject\",\"inLanguage\":\"pt-BR\",\"@id\":\"https:\\\/\\\/www.loopkinglaces.com\\\/pt-br\\\/#\\\/schema\\\/logo\\\/image\\\/\",\"url\":\"https:\\\/\\\/www.loopkinglaces.com\\\/wp-content\\\/uploads\\\/LOOP-KING-LACES.1.1-01-LOGO-HI-RES-OFFICIAL-1.png\",\"contentUrl\":\"https:\\\/\\\/www.loopkinglaces.com\\\/wp-content\\\/uploads\\\/LOOP-KING-LACES.1.1-01-LOGO-HI-RES-OFFICIAL-1.png\",\"width\":128,\"height\":91,\"caption\":\"Loop King Laces\"},\"image\":{\"@id\":\"https:\\\/\\\/www.loopkinglaces.com\\\/pt-br\\\/#\\\/schema\\\/logo\\\/image\\\/\"},\"sameAs\":[\"https:\\\/\\\/www.facebook.com\\\/LoopKingLaces\\\/\",\"https:\\\/\\\/x.com\\\/loopkinglaces\",\"https:\\\/\\\/www.instagram.com\\\/loopkinglaces\\\/\"]}]}<\/script>\n<!-- \/ Yoast SEO plugin. -->","yoast_head_json":{"title":"Cadar\u00e7os de algod\u00e3o rosa, vintage e desbotado, com pontas transparentes - Loop King","description":"Voc\u00ea pode usar o estilo dos nossos cadar\u00e7os Pink Vintage Faded, uma sofistica\u00e7\u00e3o vintage com um toque moderno. Perfeito para pessoas que gostam de estar na moda. Compre hoje mesmo!","robots":{"index":"index","follow":"follow","max-snippet":"max-snippet:-1","max-image-preview":"max-image-preview:large","max-video-preview":"max-video-preview:-1"},"canonical":"https:\/\/www.loopkinglaces.com\/pt-br\/products\/cadarcos-de-algodao-rosa-vintage-e-desbotado-com-pontas-transparentes\/","og_locale":"pt_BR","og_type":"article","og_title":"Cadar\u00e7os de algod\u00e3o rosa, vintage e desbotado, com pontas transparentes - Loop King","og_description":"Voc\u00ea pode usar o estilo dos nossos cadar\u00e7os Pink Vintage Faded, uma sofistica\u00e7\u00e3o vintage com um toque moderno. Perfeito para pessoas que gostam de estar na moda. Compre hoje mesmo!","og_url":"https:\/\/www.loopkinglaces.com\/pt-br\/products\/cadarcos-de-algodao-rosa-vintage-e-desbotado-com-pontas-transparentes\/","og_site_name":"Luxury Gold Tip Shoelaces by Loop King Laces","article_publisher":"https:\/\/www.facebook.com\/LoopKingLaces\/","og_image":[{"width":2560,"height":2560,"url":"https:\/\/www.loopkinglaces.com\/wp-content\/uploads\/Pink-Vintage-scaled.jpg","type":"image\/jpeg"}],"twitter_card":"summary_large_image","twitter_site":"@loopkinglaces","twitter_misc":{"Est. tempo de leitura":"1 minuto"},"schema":{"@context":"https:\/\/schema.org","@graph":[{"@type":["WebPage","ItemPage"],"@id":"https:\/\/www.loopkinglaces.com\/pt-br\/products\/cadarcos-de-algodao-rosa-vintage-e-desbotado-com-pontas-transparentes\/","url":"https:\/\/www.loopkinglaces.com\/pt-br\/products\/cadarcos-de-algodao-rosa-vintage-e-desbotado-com-pontas-transparentes\/","name":"Cadar\u00e7os de algod\u00e3o rosa, vintage e desbotado, com pontas transparentes - Loop King","isPartOf":{"@id":"https:\/\/www.loopkinglaces.com\/pt-br\/#website"},"primaryImageOfPage":{"@id":"https:\/\/www.loopkinglaces.com\/pt-br\/products\/cadarcos-de-algodao-rosa-vintage-e-desbotado-com-pontas-transparentes\/#primaryimage"},"image":{"@id":"https:\/\/www.loopkinglaces.com\/pt-br\/products\/cadarcos-de-algodao-rosa-vintage-e-desbotado-com-pontas-transparentes\/#primaryimage"},"thumbnailUrl":"https:\/\/www.loopkinglaces.com\/wp-content\/uploads\/Pink-Vintage-scaled.jpg","datePublished":"2023-12-11T18:54:48+00:00","description":"Voc\u00ea pode usar o estilo dos nossos cadar\u00e7os Pink Vintage Faded, uma sofistica\u00e7\u00e3o vintage com um toque moderno. Perfeito para pessoas que gostam de estar na moda. Compre hoje mesmo!","breadcrumb":{"@id":"https:\/\/www.loopkinglaces.com\/pt-br\/products\/cadarcos-de-algodao-rosa-vintage-e-desbotado-com-pontas-transparentes\/#breadcrumb"},"inLanguage":"pt-BR","potentialAction":[{"@type":"ReadAction","target":["https:\/\/www.loopkinglaces.com\/pt-br\/products\/cadarcos-de-algodao-rosa-vintage-e-desbotado-com-pontas-transparentes\/"]}]},{"@type":"ImageObject","inLanguage":"pt-BR","@id":"https:\/\/www.loopkinglaces.com\/pt-br\/products\/cadarcos-de-algodao-rosa-vintage-e-desbotado-com-pontas-transparentes\/#primaryimage","url":"https:\/\/www.loopkinglaces.com\/wp-content\/uploads\/Pink-Vintage-scaled.jpg","contentUrl":"https:\/\/www.loopkinglaces.com\/wp-content\/uploads\/Pink-Vintage-scaled.jpg","width":2560,"height":2560},{"@type":"BreadcrumbList","@id":"https:\/\/www.loopkinglaces.com\/pt-br\/products\/cadarcos-de-algodao-rosa-vintage-e-desbotado-com-pontas-transparentes\/#breadcrumb","itemListElement":[{"@type":"ListItem","position":1,"name":"Home","item":"https:\/\/www.loopkinglaces.com\/pt-br\/"},{"@type":"ListItem","position":2,"name":"BUY LACES","item":"https:\/\/www.loopkinglaces.com\/buy-laces\/"},{"@type":"ListItem","position":3,"name":"Cadar\u00e7os de algod\u00e3o rosa, vintage e desbotado, com pontas transparentes"}]},{"@type":"WebSite","@id":"https:\/\/www.loopkinglaces.com\/pt-br\/#website","url":"https:\/\/www.loopkinglaces.com\/pt-br\/","name":"Luxury Gold Tip Shoelaces by Loop King Laces","description":"Rope Laces, Flat Waxed Laces and Leather Laces. All With Gold Tips.","publisher":{"@id":"https:\/\/www.loopkinglaces.com\/pt-br\/#organization"},"potentialAction":[{"@type":"SearchAction","target":{"@type":"EntryPoint","urlTemplate":"https:\/\/www.loopkinglaces.com\/pt-br\/?s={search_term_string}"},"query-input":{"@type":"PropertyValueSpecification","valueRequired":true,"valueName":"search_term_string"}}],"inLanguage":"pt-BR"},{"@type":"Organization","@id":"https:\/\/www.loopkinglaces.com\/pt-br\/#organization","name":"Loop King Laces","url":"https:\/\/www.loopkinglaces.com\/pt-br\/","logo":{"@type":"ImageObject","inLanguage":"pt-BR","@id":"https:\/\/www.loopkinglaces.com\/pt-br\/#\/schema\/logo\/image\/","url":"https:\/\/www.loopkinglaces.com\/wp-content\/uploads\/LOOP-KING-LACES.1.1-01-LOGO-HI-RES-OFFICIAL-1.png","contentUrl":"https:\/\/www.loopkinglaces.com\/wp-content\/uploads\/LOOP-KING-LACES.1.1-01-LOGO-HI-RES-OFFICIAL-1.png","width":128,"height":91,"caption":"Loop King Laces"},"image":{"@id":"https:\/\/www.loopkinglaces.com\/pt-br\/#\/schema\/logo\/image\/"},"sameAs":["https:\/\/www.facebook.com\/LoopKingLaces\/","https:\/\/x.com\/loopkinglaces","https:\/\/www.instagram.com\/loopkinglaces\/"]}]}},"_links":{"self":[{"href":"https:\/\/www.loopkinglaces.com\/pt-br\/wp-json\/wp\/v2\/product\/77269","targetHints":{"allow":["GET"]}}],"collection":[{"href":"https:\/\/www.loopkinglaces.com\/pt-br\/wp-json\/wp\/v2\/product"}],"about":[{"href":"https:\/\/www.loopkinglaces.com\/pt-br\/wp-json\/wp\/v2\/types\/product"}],"replies":[{"embeddable":true,"href":"https:\/\/www.loopkinglaces.com\/pt-br\/wp-json\/wp\/v2\/comments?post=77269"}],"wp:featuredmedia":[{"embeddable":true,"href":"https:\/\/www.loopkinglaces.com\/pt-br\/wp-json\/wp\/v2\/media\/77278"}],"wp:attachment":[{"href":"https:\/\/www.loopkinglaces.com\/pt-br\/wp-json\/wp\/v2\/media?parent=77269"}],"wp:term":[{"taxonomy":"product_brand","embeddable":true,"href":"https:\/\/www.loopkinglaces.com\/pt-br\/wp-json\/wp\/v2\/product_brand?post=77269"},{"taxonomy":"product_cat","embeddable":true,"href":"https:\/\/www.loopkinglaces.com\/pt-br\/wp-json\/wp\/v2\/product_cat?post=77269"},{"taxonomy":"product_tag","embeddable":true,"href":"https:\/\/www.loopkinglaces.com\/pt-br\/wp-json\/wp\/v2\/product_tag?post=77269"},{"taxonomy":"woo-feed-brand","embeddable":true,"href":"https:\/\/www.loopkinglaces.com\/pt-br\/wp-json\/wp\/v2\/woo-feed-brand?post=77269"}],"curies":[{"name":"wp","href":"https:\/\/api.w.org\/{rel}","templated":true}]}}