{"id":77258,"date":"2023-12-11T18:50:24","date_gmt":"2023-12-11T18:50:24","guid":{"rendered":"https:\/\/www.loopkinglaces.com\/products\/cadarcos-de-algodao-azul-claro-vintage-e-desbotado-com-pontas-transparentes\/"},"modified":"2023-12-11T18:50:24","modified_gmt":"2023-12-11T18:50:24","slug":"cadarcos-de-algodao-azul-claro-vintage-e-desbotado-com-pontas-transparentes","status":"publish","type":"product","link":"https:\/\/www.loopkinglaces.com\/pt-br\/products\/cadarcos-de-algodao-azul-claro-vintage-e-desbotado-com-pontas-transparentes\/","title":{"rendered":"Cadar\u00e7os de algod\u00e3o azul claro, vintage e desbotado, com pontas transparentes"},"content":{"rendered":"<p>Descubra a combina\u00e7\u00e3o \u00fanica de charme nost\u00e1lgico e resili\u00eancia contempor\u00e2nea com os cadar\u00e7os de algod\u00e3o plano Vintage Faded da Loop King. Esses cadar\u00e7os, projetados para incrementar seu cal\u00e7ado, apresentam um efeito vintage desbotado exclusivo que d\u00e1 um toque de nostalgia a qualquer estilo de cal\u00e7ado. Fabricados com algod\u00e3o de alto calibre, eles prometem conforto e durabilidade. As pontas transparentes n\u00e3o apenas ampliam o apelo vintage dos cadar\u00e7os, mas tamb\u00e9m oferecem resist\u00eancia adicional contra o desgaste. Perfeitos para todos os tipos de cal\u00e7ados, de t\u00eanis casuais a sapatos formais, esses cadar\u00e7os oferecem versatilidade e eleg\u00e2ncia. Melhore seu jogo de cal\u00e7ados com esses cadar\u00e7os requintados, ideais para quem gosta de uma combina\u00e7\u00e3o de beleza cl\u00e1ssica e robustez contempor\u00e2nea. Nossos cadar\u00e7os se adaptam a todos os tipos de t\u00eanis e marcas, inclusive Adidas, Nike, VANS, etc. Visite nosso <a href=\"\/shoelace-size-chart\/\">Guia de tamanhos<\/a>, onde voc\u00ea pode encontrar o tamanho perfeito de cadar\u00e7o para o seu cal\u00e7ado.     <\/p>\n<p>&nbsp;<\/p>\n","protected":false},"excerpt":{"rendered":"<p><strong>Cadar\u00e7os de algod\u00e3o azul claro, vintage e desbotado, com pontas transparentes<\/strong><\/p>\n<p>Os cadar\u00e7os de algod\u00e3o Vintage Faded Flat Shoelaces da Loop King oferecem a combina\u00e7\u00e3o perfeita de charme retr\u00f4 e durabilidade moderna. Esses cadar\u00e7os, projetados para aprimorar seus cal\u00e7ados, apresentam uma apar\u00eancia vintage desbotada distinta, acrescentando um toque do passado a qualquer design de cal\u00e7ado. Fabricados com algod\u00e3o de qualidade superior, eles garantem conforto e uso duradouro. As pontas transparentes n\u00e3o apenas aumentam o apelo retr\u00f4 dos cadar\u00e7os, mas tamb\u00e9m proporcionam durabilidade extra:   <\/p>\n<ul>\n<li>Tingidos \u00e0 m\u00e3o com um toque pessoal (n\u00e3o h\u00e1 dois cadar\u00e7os exatamente iguais)<\/li>\n<li>Materiais Premium<\/li>\n<li>Dura <strong>3 vezes mais<\/strong> do que os cadar\u00e7os comuns<\/li>\n<li>Pontas de pl\u00e1stico transparente de alta qualidade<\/li>\n<li>Algod\u00e3o Poli\u00e9ster<\/li>\n<li>Embalagem de Beautiful Loop King por la\u00e7o<\/li>\n<\/ul>\n","protected":false},"featured_media":77263,"comment_status":"open","ping_status":"closed","template":"","meta":{"_acf_changed":false},"product_brand":[],"product_cat":[1944,1900,1945,1920,1908,1892,1912,1856],"product_tag":[1868,1904,1903,1906,1867,1870,1871],"woo-feed-brand":[],"class_list":{"0":"post-77258","1":"product","2":"type-product","3":"status-publish","4":"has-post-thumbnail","6":"product_cat-atacadores-elite-dallas-cowboys-para-voce-torcer-pelo-seu-time-favorito-com-estilo","7":"product_cat-cadarcos-tie-dye-um-giro-divertido-em-calcados-classicos","8":"product_cat-cadarcos-veja-quando-os-sapatos-falam","9":"product_cat-cordoes-de-30-polegadas-todos-os-cordoes-sao-modernos-e-de-alta-qualidade","10":"product_cat-descubra-o-charme-dos-cadarcos-de-algodao-planos-e-desbotados-da-loop-king-com-pontas-transparentes","11":"product_cat-escolha-entre-nossa-colecao-de-cadarcos-coloridos-de-alta-qualidade","12":"product_cat-sala-de-trofeus-de-alto-nivel-jordan-1-blue-laces-para-voce-ficar-incrivel","13":"product_cat-todos-os-cadarcos","14":"product_tag-cadarcos","15":"product_tag-cadarcos-com-ponta-de-ouro","16":"product_tag-cadarcos-de-corda","17":"product_tag-cinza","18":"product_tag-loop-king-pt-br","19":"product_tag-ponta-de-metal","20":"product_tag-preto","22":"first","23":"instock","24":"taxable","25":"shipping-taxable","26":"product-type-variable"},"acf":[],"yoast_head":"<!-- This site is optimized with the Yoast SEO plugin v27.5 - https:\/\/yoast.com\/product\/yoast-seo-wordpress\/ -->\n<title>Cadar\u00e7os de algod\u00e3o azul claro com pontas transparentes - Loop King<\/title>\n<meta name=\"description\" content=\"Revitalize seus cal\u00e7ados com um toque de nostalgia usando nossos cadar\u00e7os Light Blue Faded Shoelaces. Eles s\u00e3o a escolha ideal para que voc\u00ea tenha um visual vintage e moderno.\" \/>\n<meta name=\"robots\" content=\"index, follow, max-snippet:-1, max-image-preview:large, max-video-preview:-1\" \/>\n<link rel=\"canonical\" href=\"https:\/\/www.loopkinglaces.com\/pt-br\/products\/cadarcos-de-algodao-azul-claro-vintage-e-desbotado-com-pontas-transparentes\/\" \/>\n<meta property=\"og:locale\" content=\"pt_BR\" \/>\n<meta property=\"og:type\" content=\"article\" \/>\n<meta property=\"og:title\" content=\"Cadar\u00e7os de algod\u00e3o azul claro com pontas transparentes - Loop King\" \/>\n<meta property=\"og:description\" content=\"Revitalize seus cal\u00e7ados com um toque de nostalgia usando nossos cadar\u00e7os Light Blue Faded Shoelaces. Eles s\u00e3o a escolha ideal para que voc\u00ea tenha um visual vintage e moderno.\" \/>\n<meta property=\"og:url\" content=\"https:\/\/www.loopkinglaces.com\/pt-br\/products\/cadarcos-de-algodao-azul-claro-vintage-e-desbotado-com-pontas-transparentes\/\" \/>\n<meta property=\"og:site_name\" content=\"Luxury Gold Tip Shoelaces by Loop King Laces\" \/>\n<meta property=\"article:publisher\" content=\"https:\/\/www.facebook.com\/LoopKingLaces\/\" \/>\n<meta property=\"og:image\" content=\"https:\/\/www.loopkinglaces.com\/wp-content\/uploads\/Light-Blue-Vintage-scaled.jpg\" \/>\n\t<meta property=\"og:image:width\" content=\"2560\" \/>\n\t<meta property=\"og:image:height\" content=\"2560\" \/>\n\t<meta property=\"og:image:type\" content=\"image\/jpeg\" \/>\n<meta name=\"twitter:card\" content=\"summary_large_image\" \/>\n<meta name=\"twitter:site\" content=\"@loopkinglaces\" \/>\n<meta name=\"twitter:label1\" content=\"Est. tempo de leitura\" \/>\n\t<meta name=\"twitter:data1\" content=\"1 minuto\" \/>\n<script type=\"application\/ld+json\" class=\"yoast-schema-graph\">{\"@context\":\"https:\\\/\\\/schema.org\",\"@graph\":[{\"@type\":[\"WebPage\",\"ItemPage\"],\"@id\":\"https:\\\/\\\/www.loopkinglaces.com\\\/pt-br\\\/products\\\/cadarcos-de-algodao-azul-claro-vintage-e-desbotado-com-pontas-transparentes\\\/\",\"url\":\"https:\\\/\\\/www.loopkinglaces.com\\\/pt-br\\\/products\\\/cadarcos-de-algodao-azul-claro-vintage-e-desbotado-com-pontas-transparentes\\\/\",\"name\":\"Cadar\u00e7os de algod\u00e3o azul claro com pontas transparentes - Loop King\",\"isPartOf\":{\"@id\":\"https:\\\/\\\/www.loopkinglaces.com\\\/pt-br\\\/#website\"},\"primaryImageOfPage\":{\"@id\":\"https:\\\/\\\/www.loopkinglaces.com\\\/pt-br\\\/products\\\/cadarcos-de-algodao-azul-claro-vintage-e-desbotado-com-pontas-transparentes\\\/#primaryimage\"},\"image\":{\"@id\":\"https:\\\/\\\/www.loopkinglaces.com\\\/pt-br\\\/products\\\/cadarcos-de-algodao-azul-claro-vintage-e-desbotado-com-pontas-transparentes\\\/#primaryimage\"},\"thumbnailUrl\":\"https:\\\/\\\/www.loopkinglaces.com\\\/wp-content\\\/uploads\\\/Light-Blue-Vintage-scaled.jpg\",\"datePublished\":\"2023-12-11T18:50:24+00:00\",\"description\":\"Revitalize seus cal\u00e7ados com um toque de nostalgia usando nossos cadar\u00e7os Light Blue Faded Shoelaces. Eles s\u00e3o a escolha ideal para que voc\u00ea tenha um visual vintage e moderno.\",\"breadcrumb\":{\"@id\":\"https:\\\/\\\/www.loopkinglaces.com\\\/pt-br\\\/products\\\/cadarcos-de-algodao-azul-claro-vintage-e-desbotado-com-pontas-transparentes\\\/#breadcrumb\"},\"inLanguage\":\"pt-BR\",\"potentialAction\":[{\"@type\":\"ReadAction\",\"target\":[\"https:\\\/\\\/www.loopkinglaces.com\\\/pt-br\\\/products\\\/cadarcos-de-algodao-azul-claro-vintage-e-desbotado-com-pontas-transparentes\\\/\"]}]},{\"@type\":\"ImageObject\",\"inLanguage\":\"pt-BR\",\"@id\":\"https:\\\/\\\/www.loopkinglaces.com\\\/pt-br\\\/products\\\/cadarcos-de-algodao-azul-claro-vintage-e-desbotado-com-pontas-transparentes\\\/#primaryimage\",\"url\":\"https:\\\/\\\/www.loopkinglaces.com\\\/wp-content\\\/uploads\\\/Light-Blue-Vintage-scaled.jpg\",\"contentUrl\":\"https:\\\/\\\/www.loopkinglaces.com\\\/wp-content\\\/uploads\\\/Light-Blue-Vintage-scaled.jpg\",\"width\":2560,\"height\":2560},{\"@type\":\"BreadcrumbList\",\"@id\":\"https:\\\/\\\/www.loopkinglaces.com\\\/pt-br\\\/products\\\/cadarcos-de-algodao-azul-claro-vintage-e-desbotado-com-pontas-transparentes\\\/#breadcrumb\",\"itemListElement\":[{\"@type\":\"ListItem\",\"position\":1,\"name\":\"Home\",\"item\":\"https:\\\/\\\/www.loopkinglaces.com\\\/pt-br\\\/\"},{\"@type\":\"ListItem\",\"position\":2,\"name\":\"BUY LACES\",\"item\":\"https:\\\/\\\/www.loopkinglaces.com\\\/buy-laces\\\/\"},{\"@type\":\"ListItem\",\"position\":3,\"name\":\"Cadar\u00e7os de algod\u00e3o azul claro, vintage e desbotado, com pontas transparentes\"}]},{\"@type\":\"WebSite\",\"@id\":\"https:\\\/\\\/www.loopkinglaces.com\\\/pt-br\\\/#website\",\"url\":\"https:\\\/\\\/www.loopkinglaces.com\\\/pt-br\\\/\",\"name\":\"Luxury Gold Tip Shoelaces by Loop King Laces\",\"description\":\"Rope Laces, Flat Waxed Laces and Leather Laces. All With Gold Tips.\",\"publisher\":{\"@id\":\"https:\\\/\\\/www.loopkinglaces.com\\\/pt-br\\\/#organization\"},\"potentialAction\":[{\"@type\":\"SearchAction\",\"target\":{\"@type\":\"EntryPoint\",\"urlTemplate\":\"https:\\\/\\\/www.loopkinglaces.com\\\/pt-br\\\/?s={search_term_string}\"},\"query-input\":{\"@type\":\"PropertyValueSpecification\",\"valueRequired\":true,\"valueName\":\"search_term_string\"}}],\"inLanguage\":\"pt-BR\"},{\"@type\":\"Organization\",\"@id\":\"https:\\\/\\\/www.loopkinglaces.com\\\/pt-br\\\/#organization\",\"name\":\"Loop King Laces\",\"url\":\"https:\\\/\\\/www.loopkinglaces.com\\\/pt-br\\\/\",\"logo\":{\"@type\":\"ImageObject\",\"inLanguage\":\"pt-BR\",\"@id\":\"https:\\\/\\\/www.loopkinglaces.com\\\/pt-br\\\/#\\\/schema\\\/logo\\\/image\\\/\",\"url\":\"https:\\\/\\\/www.loopkinglaces.com\\\/wp-content\\\/uploads\\\/LOOP-KING-LACES.1.1-01-LOGO-HI-RES-OFFICIAL-1.png\",\"contentUrl\":\"https:\\\/\\\/www.loopkinglaces.com\\\/wp-content\\\/uploads\\\/LOOP-KING-LACES.1.1-01-LOGO-HI-RES-OFFICIAL-1.png\",\"width\":128,\"height\":91,\"caption\":\"Loop King Laces\"},\"image\":{\"@id\":\"https:\\\/\\\/www.loopkinglaces.com\\\/pt-br\\\/#\\\/schema\\\/logo\\\/image\\\/\"},\"sameAs\":[\"https:\\\/\\\/www.facebook.com\\\/LoopKingLaces\\\/\",\"https:\\\/\\\/x.com\\\/loopkinglaces\",\"https:\\\/\\\/www.instagram.com\\\/loopkinglaces\\\/\"]}]}<\/script>\n<!-- \/ Yoast SEO plugin. -->","yoast_head_json":{"title":"Cadar\u00e7os de algod\u00e3o azul claro com pontas transparentes - Loop King","description":"Revitalize seus cal\u00e7ados com um toque de nostalgia usando nossos cadar\u00e7os Light Blue Faded Shoelaces. Eles s\u00e3o a escolha ideal para que voc\u00ea tenha um visual vintage e moderno.","robots":{"index":"index","follow":"follow","max-snippet":"max-snippet:-1","max-image-preview":"max-image-preview:large","max-video-preview":"max-video-preview:-1"},"canonical":"https:\/\/www.loopkinglaces.com\/pt-br\/products\/cadarcos-de-algodao-azul-claro-vintage-e-desbotado-com-pontas-transparentes\/","og_locale":"pt_BR","og_type":"article","og_title":"Cadar\u00e7os de algod\u00e3o azul claro com pontas transparentes - Loop King","og_description":"Revitalize seus cal\u00e7ados com um toque de nostalgia usando nossos cadar\u00e7os Light Blue Faded Shoelaces. Eles s\u00e3o a escolha ideal para que voc\u00ea tenha um visual vintage e moderno.","og_url":"https:\/\/www.loopkinglaces.com\/pt-br\/products\/cadarcos-de-algodao-azul-claro-vintage-e-desbotado-com-pontas-transparentes\/","og_site_name":"Luxury Gold Tip Shoelaces by Loop King Laces","article_publisher":"https:\/\/www.facebook.com\/LoopKingLaces\/","og_image":[{"width":2560,"height":2560,"url":"https:\/\/www.loopkinglaces.com\/wp-content\/uploads\/Light-Blue-Vintage-scaled.jpg","type":"image\/jpeg"}],"twitter_card":"summary_large_image","twitter_site":"@loopkinglaces","twitter_misc":{"Est. tempo de leitura":"1 minuto"},"schema":{"@context":"https:\/\/schema.org","@graph":[{"@type":["WebPage","ItemPage"],"@id":"https:\/\/www.loopkinglaces.com\/pt-br\/products\/cadarcos-de-algodao-azul-claro-vintage-e-desbotado-com-pontas-transparentes\/","url":"https:\/\/www.loopkinglaces.com\/pt-br\/products\/cadarcos-de-algodao-azul-claro-vintage-e-desbotado-com-pontas-transparentes\/","name":"Cadar\u00e7os de algod\u00e3o azul claro com pontas transparentes - Loop King","isPartOf":{"@id":"https:\/\/www.loopkinglaces.com\/pt-br\/#website"},"primaryImageOfPage":{"@id":"https:\/\/www.loopkinglaces.com\/pt-br\/products\/cadarcos-de-algodao-azul-claro-vintage-e-desbotado-com-pontas-transparentes\/#primaryimage"},"image":{"@id":"https:\/\/www.loopkinglaces.com\/pt-br\/products\/cadarcos-de-algodao-azul-claro-vintage-e-desbotado-com-pontas-transparentes\/#primaryimage"},"thumbnailUrl":"https:\/\/www.loopkinglaces.com\/wp-content\/uploads\/Light-Blue-Vintage-scaled.jpg","datePublished":"2023-12-11T18:50:24+00:00","description":"Revitalize seus cal\u00e7ados com um toque de nostalgia usando nossos cadar\u00e7os Light Blue Faded Shoelaces. Eles s\u00e3o a escolha ideal para que voc\u00ea tenha um visual vintage e moderno.","breadcrumb":{"@id":"https:\/\/www.loopkinglaces.com\/pt-br\/products\/cadarcos-de-algodao-azul-claro-vintage-e-desbotado-com-pontas-transparentes\/#breadcrumb"},"inLanguage":"pt-BR","potentialAction":[{"@type":"ReadAction","target":["https:\/\/www.loopkinglaces.com\/pt-br\/products\/cadarcos-de-algodao-azul-claro-vintage-e-desbotado-com-pontas-transparentes\/"]}]},{"@type":"ImageObject","inLanguage":"pt-BR","@id":"https:\/\/www.loopkinglaces.com\/pt-br\/products\/cadarcos-de-algodao-azul-claro-vintage-e-desbotado-com-pontas-transparentes\/#primaryimage","url":"https:\/\/www.loopkinglaces.com\/wp-content\/uploads\/Light-Blue-Vintage-scaled.jpg","contentUrl":"https:\/\/www.loopkinglaces.com\/wp-content\/uploads\/Light-Blue-Vintage-scaled.jpg","width":2560,"height":2560},{"@type":"BreadcrumbList","@id":"https:\/\/www.loopkinglaces.com\/pt-br\/products\/cadarcos-de-algodao-azul-claro-vintage-e-desbotado-com-pontas-transparentes\/#breadcrumb","itemListElement":[{"@type":"ListItem","position":1,"name":"Home","item":"https:\/\/www.loopkinglaces.com\/pt-br\/"},{"@type":"ListItem","position":2,"name":"BUY LACES","item":"https:\/\/www.loopkinglaces.com\/buy-laces\/"},{"@type":"ListItem","position":3,"name":"Cadar\u00e7os de algod\u00e3o azul claro, vintage e desbotado, com pontas transparentes"}]},{"@type":"WebSite","@id":"https:\/\/www.loopkinglaces.com\/pt-br\/#website","url":"https:\/\/www.loopkinglaces.com\/pt-br\/","name":"Luxury Gold Tip Shoelaces by Loop King Laces","description":"Rope Laces, Flat Waxed Laces and Leather Laces. All With Gold Tips.","publisher":{"@id":"https:\/\/www.loopkinglaces.com\/pt-br\/#organization"},"potentialAction":[{"@type":"SearchAction","target":{"@type":"EntryPoint","urlTemplate":"https:\/\/www.loopkinglaces.com\/pt-br\/?s={search_term_string}"},"query-input":{"@type":"PropertyValueSpecification","valueRequired":true,"valueName":"search_term_string"}}],"inLanguage":"pt-BR"},{"@type":"Organization","@id":"https:\/\/www.loopkinglaces.com\/pt-br\/#organization","name":"Loop King Laces","url":"https:\/\/www.loopkinglaces.com\/pt-br\/","logo":{"@type":"ImageObject","inLanguage":"pt-BR","@id":"https:\/\/www.loopkinglaces.com\/pt-br\/#\/schema\/logo\/image\/","url":"https:\/\/www.loopkinglaces.com\/wp-content\/uploads\/LOOP-KING-LACES.1.1-01-LOGO-HI-RES-OFFICIAL-1.png","contentUrl":"https:\/\/www.loopkinglaces.com\/wp-content\/uploads\/LOOP-KING-LACES.1.1-01-LOGO-HI-RES-OFFICIAL-1.png","width":128,"height":91,"caption":"Loop King Laces"},"image":{"@id":"https:\/\/www.loopkinglaces.com\/pt-br\/#\/schema\/logo\/image\/"},"sameAs":["https:\/\/www.facebook.com\/LoopKingLaces\/","https:\/\/x.com\/loopkinglaces","https:\/\/www.instagram.com\/loopkinglaces\/"]}]}},"_links":{"self":[{"href":"https:\/\/www.loopkinglaces.com\/pt-br\/wp-json\/wp\/v2\/product\/77258","targetHints":{"allow":["GET"]}}],"collection":[{"href":"https:\/\/www.loopkinglaces.com\/pt-br\/wp-json\/wp\/v2\/product"}],"about":[{"href":"https:\/\/www.loopkinglaces.com\/pt-br\/wp-json\/wp\/v2\/types\/product"}],"replies":[{"embeddable":true,"href":"https:\/\/www.loopkinglaces.com\/pt-br\/wp-json\/wp\/v2\/comments?post=77258"}],"wp:featuredmedia":[{"embeddable":true,"href":"https:\/\/www.loopkinglaces.com\/pt-br\/wp-json\/wp\/v2\/media\/77263"}],"wp:attachment":[{"href":"https:\/\/www.loopkinglaces.com\/pt-br\/wp-json\/wp\/v2\/media?parent=77258"}],"wp:term":[{"taxonomy":"product_brand","embeddable":true,"href":"https:\/\/www.loopkinglaces.com\/pt-br\/wp-json\/wp\/v2\/product_brand?post=77258"},{"taxonomy":"product_cat","embeddable":true,"href":"https:\/\/www.loopkinglaces.com\/pt-br\/wp-json\/wp\/v2\/product_cat?post=77258"},{"taxonomy":"product_tag","embeddable":true,"href":"https:\/\/www.loopkinglaces.com\/pt-br\/wp-json\/wp\/v2\/product_tag?post=77258"},{"taxonomy":"woo-feed-brand","embeddable":true,"href":"https:\/\/www.loopkinglaces.com\/pt-br\/wp-json\/wp\/v2\/woo-feed-brand?post=77258"}],"curies":[{"name":"wp","href":"https:\/\/api.w.org\/{rel}","templated":true}]}}