{"id":77246,"date":"2023-12-11T18:43:31","date_gmt":"2023-12-11T18:43:31","guid":{"rendered":"https:\/\/www.loopkinglaces.com\/products\/cadarcos-de-algodao-azul-royal-vintage-desbotados-e-planos-com-pontas-transparentes\/"},"modified":"2023-12-11T18:43:31","modified_gmt":"2023-12-11T18:43:31","slug":"cadarcos-de-algodao-azul-royal-vintage-desbotados-e-planos-com-pontas-transparentes","status":"publish","type":"product","link":"https:\/\/www.loopkinglaces.com\/pt-br\/products\/cadarcos-de-algodao-azul-royal-vintage-desbotados-e-planos-com-pontas-transparentes\/","title":{"rendered":"Cadar\u00e7os de algod\u00e3o azul royal vintage desbotados e planos com pontas transparentes"},"content":{"rendered":"<p>Os cadar\u00e7os de algod\u00e3o plano Vintage Faded da Loop King combinam o charme hist\u00f3rico com a resili\u00eancia moderna. Esses cadar\u00e7os, feitos sob medida para elevar seus cal\u00e7ados, apresentam um estilo vintage desbotado distinto, acrescentando uma ess\u00eancia retr\u00f4 a qualquer tipo de cal\u00e7ado. Fabricados com algod\u00e3o de alta qualidade, eles oferecem conforto e uso duradouro. As pontas transparentes n\u00e3o s\u00f3 aumentam o apelo envelhecido dos cadar\u00e7os, mas tamb\u00e9m adicionam resist\u00eancia extra contra o desgaste. Ideais para todos os tipos de cal\u00e7ados, desde t\u00eanis descontra\u00eddos at\u00e9 sapatos formais, eles proporcionam versatilidade e eleg\u00e2ncia. Atualize a moda de seus cal\u00e7ados com esses cadar\u00e7os excepcionais, perfeitos para quem valoriza uma combina\u00e7\u00e3o de est\u00e9tica sem idade e durabilidade moderna. Nossos cadar\u00e7os se adaptam a todos os tipos diferentes de t\u00eanis e marcas, inclusive Adidas, Nike, VANS e assim por diante. Visite nosso <a href=\"\/shoelace-size-chart\/\">Guia de tamanhos<\/a>, onde voc\u00ea pode encontrar o tamanho perfeito de cadar\u00e7o para o seu cal\u00e7ado.     <\/p>\n<p>&nbsp;<\/p>\n","protected":false},"excerpt":{"rendered":"<p><strong>Cadar\u00e7os de algod\u00e3o azul royal vintage desbotados e planos com pontas transparentes<\/strong><\/p>\n<p>Voc\u00ea pode usar a combina\u00e7\u00e3o perfeita de charme vintage e robustez atual com os cadar\u00e7os de algod\u00e3o Vintage Faded Flat Shoelaces da Loop King. Esses cadar\u00e7os, criados para elevar seus cal\u00e7ados, apresentam um visual desbotado distinto que lembra uma \u00e9poca passada. Feitos de algod\u00e3o premium, eles garantem conforto e uso prolongado. As pontas transparentes n\u00e3o apenas aumentam o charme retr\u00f4 dos cadar\u00e7os, mas tamb\u00e9m oferecem maior longevidade contra o desgaste. Adequados para uma grande variedade de cal\u00e7ados, desde os casuais at\u00e9 os formais, esses cadar\u00e7os oferecem adaptabilidade e sofistica\u00e7\u00e3o. Melhore seu conjunto de cal\u00e7ados com esses cadar\u00e7os de qualidade superior, uma escolha ideal para quem aprecia a harmonia do design cl\u00e1ssico e da qualidade moderna. Veja os recursos abaixo:  <\/p>\n<ul>\n<li>Tingidos \u00e0 m\u00e3o com um toque pessoal (n\u00e3o h\u00e1 dois cadar\u00e7os exatamente iguais)<\/li>\n<li>Materiais Premium<\/li>\n<li>Dura <strong>3 vezes mais<\/strong> do que os cadar\u00e7os comuns<\/li>\n<li>Pontas de pl\u00e1stico transparente de alta qualidade<\/li>\n<li>Algod\u00e3o Poli\u00e9ster<\/li>\n<li>Embalagem de Beautiful Loop King por la\u00e7o<\/li>\n<\/ul>\n","protected":false},"featured_media":77252,"comment_status":"open","ping_status":"closed","template":"","meta":{"_acf_changed":false},"product_brand":[],"product_cat":[1895,1937,1938,1900,1939,1908,1936,1912,1856],"product_tag":[1868,1904,1903,1906,1867,1870,1871],"woo-feed-brand":[],"class_list":{"0":"post-77246","1":"product","2":"type-product","3":"status-publish","4":"has-post-thumbnail","6":"product_cat-amarrando-os-cadarcos-divertidos-um-mergulho-em-cadarcos-empolgantes","7":"product_cat-cadarcos-brooks-um-toque-sutil-para-elevar-seu-jogo-com-os-pes","8":"product_cat-cadarcos-sperry-pequenos-detalhes-para-resultados-diferentes","9":"product_cat-cadarcos-tie-dye-um-giro-divertido-em-calcados-classicos","10":"product_cat-cordas-de-sapato-na-nuvem-elevando-os-calcados-um-cadarco-de-cada-vez","11":"product_cat-descubra-o-charme-dos-cadarcos-de-algodao-planos-e-desbotados-da-loop-king-com-pontas-transparentes","12":"product_cat-excelentes-cadarcos-jordan-para-voce-renovar-seus-chutes-em-varias-cores","13":"product_cat-sala-de-trofeus-de-alto-nivel-jordan-1-blue-laces-para-voce-ficar-incrivel","14":"product_cat-todos-os-cadarcos","15":"product_tag-cadarcos","16":"product_tag-cadarcos-com-ponta-de-ouro","17":"product_tag-cadarcos-de-corda","18":"product_tag-cinza","19":"product_tag-loop-king-pt-br","20":"product_tag-ponta-de-metal","21":"product_tag-preto","23":"first","24":"instock","25":"taxable","26":"shipping-taxable","27":"product-type-variable"},"acf":[],"yoast_head":"<!-- This site is optimized with the Yoast SEO plugin v27.5 - https:\/\/yoast.com\/product\/yoast-seo-wordpress\/ -->\n<title>Cadar\u00e7os de algod\u00e3o azul royal vintage desbotados e planos com pontas transparentes - Loop King<\/title>\n<meta name=\"description\" content=\"D\u00ea aos seus cal\u00e7ados um toque retr\u00f4 chique com nossos cadar\u00e7os Royal Blue Vintage Faded. Ideal para quem gosta de uma mistura de estilos tradicionais e modernos.\" \/>\n<meta name=\"robots\" content=\"index, follow, max-snippet:-1, max-image-preview:large, max-video-preview:-1\" \/>\n<link rel=\"canonical\" href=\"https:\/\/www.loopkinglaces.com\/pt-br\/products\/cadarcos-de-algodao-azul-royal-vintage-desbotados-e-planos-com-pontas-transparentes\/\" \/>\n<meta property=\"og:locale\" content=\"pt_BR\" \/>\n<meta property=\"og:type\" content=\"article\" \/>\n<meta property=\"og:title\" content=\"Cadar\u00e7os de algod\u00e3o azul royal vintage desbotados e planos com pontas transparentes - Loop King\" \/>\n<meta property=\"og:description\" content=\"D\u00ea aos seus cal\u00e7ados um toque retr\u00f4 chique com nossos cadar\u00e7os Royal Blue Vintage Faded. Ideal para quem gosta de uma mistura de estilos tradicionais e modernos.\" \/>\n<meta property=\"og:url\" content=\"https:\/\/www.loopkinglaces.com\/pt-br\/products\/cadarcos-de-algodao-azul-royal-vintage-desbotados-e-planos-com-pontas-transparentes\/\" \/>\n<meta property=\"og:site_name\" content=\"Luxury Gold Tip Shoelaces by Loop King Laces\" \/>\n<meta property=\"article:publisher\" content=\"https:\/\/www.facebook.com\/LoopKingLaces\/\" \/>\n<meta property=\"og:image\" content=\"https:\/\/www.loopkinglaces.com\/wp-content\/uploads\/Royal-Blue-Vintage-scaled.jpg\" \/>\n\t<meta property=\"og:image:width\" content=\"2560\" \/>\n\t<meta property=\"og:image:height\" content=\"2560\" \/>\n\t<meta property=\"og:image:type\" content=\"image\/jpeg\" \/>\n<meta name=\"twitter:card\" content=\"summary_large_image\" \/>\n<meta name=\"twitter:site\" content=\"@loopkinglaces\" \/>\n<meta name=\"twitter:label1\" content=\"Est. tempo de leitura\" \/>\n\t<meta name=\"twitter:data1\" content=\"1 minuto\" \/>\n<script type=\"application\/ld+json\" class=\"yoast-schema-graph\">{\"@context\":\"https:\\\/\\\/schema.org\",\"@graph\":[{\"@type\":[\"WebPage\",\"ItemPage\"],\"@id\":\"https:\\\/\\\/www.loopkinglaces.com\\\/pt-br\\\/products\\\/cadarcos-de-algodao-azul-royal-vintage-desbotados-e-planos-com-pontas-transparentes\\\/\",\"url\":\"https:\\\/\\\/www.loopkinglaces.com\\\/pt-br\\\/products\\\/cadarcos-de-algodao-azul-royal-vintage-desbotados-e-planos-com-pontas-transparentes\\\/\",\"name\":\"Cadar\u00e7os de algod\u00e3o azul royal vintage desbotados e planos com pontas transparentes - Loop King\",\"isPartOf\":{\"@id\":\"https:\\\/\\\/www.loopkinglaces.com\\\/pt-br\\\/#website\"},\"primaryImageOfPage\":{\"@id\":\"https:\\\/\\\/www.loopkinglaces.com\\\/pt-br\\\/products\\\/cadarcos-de-algodao-azul-royal-vintage-desbotados-e-planos-com-pontas-transparentes\\\/#primaryimage\"},\"image\":{\"@id\":\"https:\\\/\\\/www.loopkinglaces.com\\\/pt-br\\\/products\\\/cadarcos-de-algodao-azul-royal-vintage-desbotados-e-planos-com-pontas-transparentes\\\/#primaryimage\"},\"thumbnailUrl\":\"https:\\\/\\\/www.loopkinglaces.com\\\/wp-content\\\/uploads\\\/Royal-Blue-Vintage-scaled.jpg\",\"datePublished\":\"2023-12-11T18:43:31+00:00\",\"description\":\"D\u00ea aos seus cal\u00e7ados um toque retr\u00f4 chique com nossos cadar\u00e7os Royal Blue Vintage Faded. Ideal para quem gosta de uma mistura de estilos tradicionais e modernos.\",\"breadcrumb\":{\"@id\":\"https:\\\/\\\/www.loopkinglaces.com\\\/pt-br\\\/products\\\/cadarcos-de-algodao-azul-royal-vintage-desbotados-e-planos-com-pontas-transparentes\\\/#breadcrumb\"},\"inLanguage\":\"pt-BR\",\"potentialAction\":[{\"@type\":\"ReadAction\",\"target\":[\"https:\\\/\\\/www.loopkinglaces.com\\\/pt-br\\\/products\\\/cadarcos-de-algodao-azul-royal-vintage-desbotados-e-planos-com-pontas-transparentes\\\/\"]}]},{\"@type\":\"ImageObject\",\"inLanguage\":\"pt-BR\",\"@id\":\"https:\\\/\\\/www.loopkinglaces.com\\\/pt-br\\\/products\\\/cadarcos-de-algodao-azul-royal-vintage-desbotados-e-planos-com-pontas-transparentes\\\/#primaryimage\",\"url\":\"https:\\\/\\\/www.loopkinglaces.com\\\/wp-content\\\/uploads\\\/Royal-Blue-Vintage-scaled.jpg\",\"contentUrl\":\"https:\\\/\\\/www.loopkinglaces.com\\\/wp-content\\\/uploads\\\/Royal-Blue-Vintage-scaled.jpg\",\"width\":2560,\"height\":2560},{\"@type\":\"BreadcrumbList\",\"@id\":\"https:\\\/\\\/www.loopkinglaces.com\\\/pt-br\\\/products\\\/cadarcos-de-algodao-azul-royal-vintage-desbotados-e-planos-com-pontas-transparentes\\\/#breadcrumb\",\"itemListElement\":[{\"@type\":\"ListItem\",\"position\":1,\"name\":\"Home\",\"item\":\"https:\\\/\\\/www.loopkinglaces.com\\\/pt-br\\\/\"},{\"@type\":\"ListItem\",\"position\":2,\"name\":\"BUY LACES\",\"item\":\"https:\\\/\\\/www.loopkinglaces.com\\\/buy-laces\\\/\"},{\"@type\":\"ListItem\",\"position\":3,\"name\":\"Cadar\u00e7os de algod\u00e3o azul royal vintage desbotados e planos com pontas transparentes\"}]},{\"@type\":\"WebSite\",\"@id\":\"https:\\\/\\\/www.loopkinglaces.com\\\/pt-br\\\/#website\",\"url\":\"https:\\\/\\\/www.loopkinglaces.com\\\/pt-br\\\/\",\"name\":\"Luxury Gold Tip Shoelaces by Loop King Laces\",\"description\":\"Rope Laces, Flat Waxed Laces and Leather Laces. All With Gold Tips.\",\"publisher\":{\"@id\":\"https:\\\/\\\/www.loopkinglaces.com\\\/pt-br\\\/#organization\"},\"potentialAction\":[{\"@type\":\"SearchAction\",\"target\":{\"@type\":\"EntryPoint\",\"urlTemplate\":\"https:\\\/\\\/www.loopkinglaces.com\\\/pt-br\\\/?s={search_term_string}\"},\"query-input\":{\"@type\":\"PropertyValueSpecification\",\"valueRequired\":true,\"valueName\":\"search_term_string\"}}],\"inLanguage\":\"pt-BR\"},{\"@type\":\"Organization\",\"@id\":\"https:\\\/\\\/www.loopkinglaces.com\\\/pt-br\\\/#organization\",\"name\":\"Loop King Laces\",\"url\":\"https:\\\/\\\/www.loopkinglaces.com\\\/pt-br\\\/\",\"logo\":{\"@type\":\"ImageObject\",\"inLanguage\":\"pt-BR\",\"@id\":\"https:\\\/\\\/www.loopkinglaces.com\\\/pt-br\\\/#\\\/schema\\\/logo\\\/image\\\/\",\"url\":\"https:\\\/\\\/www.loopkinglaces.com\\\/wp-content\\\/uploads\\\/LOOP-KING-LACES.1.1-01-LOGO-HI-RES-OFFICIAL-1.png\",\"contentUrl\":\"https:\\\/\\\/www.loopkinglaces.com\\\/wp-content\\\/uploads\\\/LOOP-KING-LACES.1.1-01-LOGO-HI-RES-OFFICIAL-1.png\",\"width\":128,\"height\":91,\"caption\":\"Loop King Laces\"},\"image\":{\"@id\":\"https:\\\/\\\/www.loopkinglaces.com\\\/pt-br\\\/#\\\/schema\\\/logo\\\/image\\\/\"},\"sameAs\":[\"https:\\\/\\\/www.facebook.com\\\/LoopKingLaces\\\/\",\"https:\\\/\\\/x.com\\\/loopkinglaces\",\"https:\\\/\\\/www.instagram.com\\\/loopkinglaces\\\/\"]}]}<\/script>\n<!-- \/ Yoast SEO plugin. -->","yoast_head_json":{"title":"Cadar\u00e7os de algod\u00e3o azul royal vintage desbotados e planos com pontas transparentes - Loop King","description":"D\u00ea aos seus cal\u00e7ados um toque retr\u00f4 chique com nossos cadar\u00e7os Royal Blue Vintage Faded. Ideal para quem gosta de uma mistura de estilos tradicionais e modernos.","robots":{"index":"index","follow":"follow","max-snippet":"max-snippet:-1","max-image-preview":"max-image-preview:large","max-video-preview":"max-video-preview:-1"},"canonical":"https:\/\/www.loopkinglaces.com\/pt-br\/products\/cadarcos-de-algodao-azul-royal-vintage-desbotados-e-planos-com-pontas-transparentes\/","og_locale":"pt_BR","og_type":"article","og_title":"Cadar\u00e7os de algod\u00e3o azul royal vintage desbotados e planos com pontas transparentes - Loop King","og_description":"D\u00ea aos seus cal\u00e7ados um toque retr\u00f4 chique com nossos cadar\u00e7os Royal Blue Vintage Faded. Ideal para quem gosta de uma mistura de estilos tradicionais e modernos.","og_url":"https:\/\/www.loopkinglaces.com\/pt-br\/products\/cadarcos-de-algodao-azul-royal-vintage-desbotados-e-planos-com-pontas-transparentes\/","og_site_name":"Luxury Gold Tip Shoelaces by Loop King Laces","article_publisher":"https:\/\/www.facebook.com\/LoopKingLaces\/","og_image":[{"width":2560,"height":2560,"url":"https:\/\/www.loopkinglaces.com\/wp-content\/uploads\/Royal-Blue-Vintage-scaled.jpg","type":"image\/jpeg"}],"twitter_card":"summary_large_image","twitter_site":"@loopkinglaces","twitter_misc":{"Est. tempo de leitura":"1 minuto"},"schema":{"@context":"https:\/\/schema.org","@graph":[{"@type":["WebPage","ItemPage"],"@id":"https:\/\/www.loopkinglaces.com\/pt-br\/products\/cadarcos-de-algodao-azul-royal-vintage-desbotados-e-planos-com-pontas-transparentes\/","url":"https:\/\/www.loopkinglaces.com\/pt-br\/products\/cadarcos-de-algodao-azul-royal-vintage-desbotados-e-planos-com-pontas-transparentes\/","name":"Cadar\u00e7os de algod\u00e3o azul royal vintage desbotados e planos com pontas transparentes - Loop King","isPartOf":{"@id":"https:\/\/www.loopkinglaces.com\/pt-br\/#website"},"primaryImageOfPage":{"@id":"https:\/\/www.loopkinglaces.com\/pt-br\/products\/cadarcos-de-algodao-azul-royal-vintage-desbotados-e-planos-com-pontas-transparentes\/#primaryimage"},"image":{"@id":"https:\/\/www.loopkinglaces.com\/pt-br\/products\/cadarcos-de-algodao-azul-royal-vintage-desbotados-e-planos-com-pontas-transparentes\/#primaryimage"},"thumbnailUrl":"https:\/\/www.loopkinglaces.com\/wp-content\/uploads\/Royal-Blue-Vintage-scaled.jpg","datePublished":"2023-12-11T18:43:31+00:00","description":"D\u00ea aos seus cal\u00e7ados um toque retr\u00f4 chique com nossos cadar\u00e7os Royal Blue Vintage Faded. Ideal para quem gosta de uma mistura de estilos tradicionais e modernos.","breadcrumb":{"@id":"https:\/\/www.loopkinglaces.com\/pt-br\/products\/cadarcos-de-algodao-azul-royal-vintage-desbotados-e-planos-com-pontas-transparentes\/#breadcrumb"},"inLanguage":"pt-BR","potentialAction":[{"@type":"ReadAction","target":["https:\/\/www.loopkinglaces.com\/pt-br\/products\/cadarcos-de-algodao-azul-royal-vintage-desbotados-e-planos-com-pontas-transparentes\/"]}]},{"@type":"ImageObject","inLanguage":"pt-BR","@id":"https:\/\/www.loopkinglaces.com\/pt-br\/products\/cadarcos-de-algodao-azul-royal-vintage-desbotados-e-planos-com-pontas-transparentes\/#primaryimage","url":"https:\/\/www.loopkinglaces.com\/wp-content\/uploads\/Royal-Blue-Vintage-scaled.jpg","contentUrl":"https:\/\/www.loopkinglaces.com\/wp-content\/uploads\/Royal-Blue-Vintage-scaled.jpg","width":2560,"height":2560},{"@type":"BreadcrumbList","@id":"https:\/\/www.loopkinglaces.com\/pt-br\/products\/cadarcos-de-algodao-azul-royal-vintage-desbotados-e-planos-com-pontas-transparentes\/#breadcrumb","itemListElement":[{"@type":"ListItem","position":1,"name":"Home","item":"https:\/\/www.loopkinglaces.com\/pt-br\/"},{"@type":"ListItem","position":2,"name":"BUY LACES","item":"https:\/\/www.loopkinglaces.com\/buy-laces\/"},{"@type":"ListItem","position":3,"name":"Cadar\u00e7os de algod\u00e3o azul royal vintage desbotados e planos com pontas transparentes"}]},{"@type":"WebSite","@id":"https:\/\/www.loopkinglaces.com\/pt-br\/#website","url":"https:\/\/www.loopkinglaces.com\/pt-br\/","name":"Luxury Gold Tip Shoelaces by Loop King Laces","description":"Rope Laces, Flat Waxed Laces and Leather Laces. All With Gold Tips.","publisher":{"@id":"https:\/\/www.loopkinglaces.com\/pt-br\/#organization"},"potentialAction":[{"@type":"SearchAction","target":{"@type":"EntryPoint","urlTemplate":"https:\/\/www.loopkinglaces.com\/pt-br\/?s={search_term_string}"},"query-input":{"@type":"PropertyValueSpecification","valueRequired":true,"valueName":"search_term_string"}}],"inLanguage":"pt-BR"},{"@type":"Organization","@id":"https:\/\/www.loopkinglaces.com\/pt-br\/#organization","name":"Loop King Laces","url":"https:\/\/www.loopkinglaces.com\/pt-br\/","logo":{"@type":"ImageObject","inLanguage":"pt-BR","@id":"https:\/\/www.loopkinglaces.com\/pt-br\/#\/schema\/logo\/image\/","url":"https:\/\/www.loopkinglaces.com\/wp-content\/uploads\/LOOP-KING-LACES.1.1-01-LOGO-HI-RES-OFFICIAL-1.png","contentUrl":"https:\/\/www.loopkinglaces.com\/wp-content\/uploads\/LOOP-KING-LACES.1.1-01-LOGO-HI-RES-OFFICIAL-1.png","width":128,"height":91,"caption":"Loop King Laces"},"image":{"@id":"https:\/\/www.loopkinglaces.com\/pt-br\/#\/schema\/logo\/image\/"},"sameAs":["https:\/\/www.facebook.com\/LoopKingLaces\/","https:\/\/x.com\/loopkinglaces","https:\/\/www.instagram.com\/loopkinglaces\/"]}]}},"_links":{"self":[{"href":"https:\/\/www.loopkinglaces.com\/pt-br\/wp-json\/wp\/v2\/product\/77246","targetHints":{"allow":["GET"]}}],"collection":[{"href":"https:\/\/www.loopkinglaces.com\/pt-br\/wp-json\/wp\/v2\/product"}],"about":[{"href":"https:\/\/www.loopkinglaces.com\/pt-br\/wp-json\/wp\/v2\/types\/product"}],"replies":[{"embeddable":true,"href":"https:\/\/www.loopkinglaces.com\/pt-br\/wp-json\/wp\/v2\/comments?post=77246"}],"wp:featuredmedia":[{"embeddable":true,"href":"https:\/\/www.loopkinglaces.com\/pt-br\/wp-json\/wp\/v2\/media\/77252"}],"wp:attachment":[{"href":"https:\/\/www.loopkinglaces.com\/pt-br\/wp-json\/wp\/v2\/media?parent=77246"}],"wp:term":[{"taxonomy":"product_brand","embeddable":true,"href":"https:\/\/www.loopkinglaces.com\/pt-br\/wp-json\/wp\/v2\/product_brand?post=77246"},{"taxonomy":"product_cat","embeddable":true,"href":"https:\/\/www.loopkinglaces.com\/pt-br\/wp-json\/wp\/v2\/product_cat?post=77246"},{"taxonomy":"product_tag","embeddable":true,"href":"https:\/\/www.loopkinglaces.com\/pt-br\/wp-json\/wp\/v2\/product_tag?post=77246"},{"taxonomy":"woo-feed-brand","embeddable":true,"href":"https:\/\/www.loopkinglaces.com\/pt-br\/wp-json\/wp\/v2\/woo-feed-brand?post=77246"}],"curies":[{"name":"wp","href":"https:\/\/api.w.org\/{rel}","templated":true}]}}