{"id":77235,"date":"2023-12-08T19:12:06","date_gmt":"2023-12-08T19:12:06","guid":{"rendered":"https:\/\/www.loopkinglaces.com\/products\/cadarcos-de-corda-fina-roxa-com-pontas-transparentes\/"},"modified":"2023-12-08T19:12:06","modified_gmt":"2023-12-08T19:12:06","slug":"cadarcos-de-corda-fina-roxa-com-pontas-transparentes","status":"publish","type":"product","link":"https:\/\/www.loopkinglaces.com\/pt-br\/products\/cadarcos-de-corda-fina-roxa-com-pontas-transparentes\/","title":{"rendered":"Cadar\u00e7os de corda fina roxa com pontas transparentes"},"content":{"rendered":"<h3><a href=\"https:\/\/www.loopkinglaces.com\/\">Cadar\u00e7os de t\u00eanis de luxo<\/a><\/h3>\n<p>Melhore o desempenho do seu cal\u00e7ado com o Loop King Laces. Os cadar\u00e7os de corda fina, equipados com pontas de pl\u00e1stico transparente, s\u00e3o feitos de materiais superiores. Eles oferecem uma vida \u00fatil tr\u00eas vezes maior do que a dos cadar\u00e7os comuns. Nossos cadar\u00e7os se adaptam a todos os tipos de t\u00eanis e marcas, inclusive Adidas, Nike, VANS, etc. Visite nosso <a href=\"\/shoelace-size-chart\/\">Guia de tamanhos<\/a>, onde voc\u00ea pode encontrar o tamanho perfeito de cadar\u00e7o para o seu cal\u00e7ado.  <\/p>\n<p>&nbsp;<\/p>\n","protected":false},"excerpt":{"rendered":"<p><strong>Cadar\u00e7os de corda fina roxa com pontas transparentes<\/strong><\/p>\n<p>Eleve a moda de seus cal\u00e7ados com os cadar\u00e7os Loop King. Nossos cadar\u00e7os de corda fina, completos com pontas de pl\u00e1stico transparente resistente, s\u00e3o produzidos com materiais da mais alta qualidade. Projetados para uma durabilidade duradoura, esses cadar\u00e7os duram tr\u00eas vezes mais do que os cadar\u00e7os comuns. Explore seus recursos abrangentes abaixo:   <\/p>\n<ul>\n<li>Largura de 2,5 a 3 mm (redondo)<\/li>\n<li>Materiais Premium<\/li>\n<li>Dura <strong>3 vezes mais<\/strong> do que os cadar\u00e7os comuns<\/li>\n<li>Pontas de pl\u00e1stico transparente de alta qualidade<\/li>\n<li>100% algod\u00e3o de fibra longa<\/li>\n<li>Embalagem de Beautiful Loop King por la\u00e7o<\/li>\n<\/ul>\n","protected":false},"featured_media":77242,"comment_status":"open","ping_status":"closed","template":"","meta":{"_acf_changed":false},"product_brand":[],"product_cat":[1935,1909,1893,1934,1891,1897,1932,1901,1910,1856],"product_tag":[1868,1904,1903,1906,1867,1870,1871],"woo-feed-brand":[],"class_list":{"0":"post-77235","1":"product","2":"type-product","3":"status-publish","4":"has-post-thumbnail","6":"product_cat-cadarcos-coloridos-para-botas-que-acrescentam-estilo-conforto-e-elegancia","7":"product_cat-cadarcos-de-futebol-premium-duraveis-e-elegantes","8":"product_cat-cadarcos-de-golfe-elegantes-e-duraveis-para-voce-brilhar-no-campo","9":"product_cat-cadarcos-de-sapato-roxos-que-se-destacam-ficam-otimos-e-deixam-os-outros-com-inveja","10":"product_cat-cadarcos-de-sapatos-elegantes-para-voce-sair-na-cidade-com-estilo","11":"product_cat-cadarcos-finos-uma-pequena-reviravolta-em-seu-visual-classico","12":"product_cat-cadarcos-para-botas-de-snowboard-um-passo-a-frente-em-seu-jogo-de-pilotagem","13":"product_cat-descubra-a-elegancia-dos-cadarcos-finos-de-corda-com-pontas-de-plastico-transparente-duraveis","14":"product_cat-opcoes-de-substituicao-de-renda-premium-que-sao-otimas-e-duram-muito-tempo","15":"product_cat-todos-os-cadarcos","16":"product_tag-cadarcos","17":"product_tag-cadarcos-com-ponta-de-ouro","18":"product_tag-cadarcos-de-corda","19":"product_tag-cinza","20":"product_tag-loop-king-pt-br","21":"product_tag-ponta-de-metal","22":"product_tag-preto","24":"first","25":"instock","26":"taxable","27":"shipping-taxable","28":"purchasable","29":"product-type-variable"},"acf":[],"yoast_head":"<!-- This site is optimized with the Yoast SEO plugin v27.5 - https:\/\/yoast.com\/product\/yoast-seo-wordpress\/ -->\n<title>Cadar\u00e7os de corda fina roxa com pontas transparentes - da Loop King<\/title>\n<meta name=\"description\" content=\"Eleve o n\u00edvel de seus cal\u00e7ados com os cadar\u00e7os de corda fina roxa da Loop King. Elegante, dur\u00e1vel e com pontas transparentes para que voc\u00ea tenha um toque exclusivo. Perfeito para qualquer tipo de cal\u00e7ado!\" \/>\n<meta name=\"robots\" content=\"index, follow, max-snippet:-1, max-image-preview:large, max-video-preview:-1\" \/>\n<link rel=\"canonical\" href=\"https:\/\/www.loopkinglaces.com\/pt-br\/products\/cadarcos-de-corda-fina-roxa-com-pontas-transparentes\/\" \/>\n<meta property=\"og:locale\" content=\"pt_BR\" \/>\n<meta property=\"og:type\" content=\"article\" \/>\n<meta property=\"og:title\" content=\"Cadar\u00e7os de corda fina roxa com pontas transparentes - da Loop King\" \/>\n<meta property=\"og:description\" content=\"Eleve o n\u00edvel de seus cal\u00e7ados com os cadar\u00e7os de corda fina roxa da Loop King. Elegante, dur\u00e1vel e com pontas transparentes para que voc\u00ea tenha um toque exclusivo. Perfeito para qualquer tipo de cal\u00e7ado!\" \/>\n<meta property=\"og:url\" content=\"https:\/\/www.loopkinglaces.com\/pt-br\/products\/cadarcos-de-corda-fina-roxa-com-pontas-transparentes\/\" \/>\n<meta property=\"og:site_name\" content=\"Luxury Gold Tip Shoelaces by Loop King Laces\" \/>\n<meta property=\"article:publisher\" content=\"https:\/\/www.facebook.com\/LoopKingLaces\/\" \/>\n<meta property=\"og:image\" content=\"https:\/\/www.loopkinglaces.com\/wp-content\/uploads\/Purple-Thin-Rope-800x800.jpg\" \/>\n\t<meta property=\"og:image:width\" content=\"800\" \/>\n\t<meta property=\"og:image:height\" content=\"800\" \/>\n\t<meta property=\"og:image:type\" content=\"image\/jpeg\" \/>\n<meta name=\"twitter:card\" content=\"summary_large_image\" \/>\n<meta name=\"twitter:site\" content=\"@loopkinglaces\" \/>\n<script type=\"application\/ld+json\" class=\"yoast-schema-graph\">{\"@context\":\"https:\\\/\\\/schema.org\",\"@graph\":[{\"@type\":[\"WebPage\",\"ItemPage\"],\"@id\":\"https:\\\/\\\/www.loopkinglaces.com\\\/pt-br\\\/products\\\/cadarcos-de-corda-fina-roxa-com-pontas-transparentes\\\/\",\"url\":\"https:\\\/\\\/www.loopkinglaces.com\\\/pt-br\\\/products\\\/cadarcos-de-corda-fina-roxa-com-pontas-transparentes\\\/\",\"name\":\"Cadar\u00e7os de corda fina roxa com pontas transparentes - da Loop King\",\"isPartOf\":{\"@id\":\"https:\\\/\\\/www.loopkinglaces.com\\\/pt-br\\\/#website\"},\"primaryImageOfPage\":{\"@id\":\"https:\\\/\\\/www.loopkinglaces.com\\\/pt-br\\\/products\\\/cadarcos-de-corda-fina-roxa-com-pontas-transparentes\\\/#primaryimage\"},\"image\":{\"@id\":\"https:\\\/\\\/www.loopkinglaces.com\\\/pt-br\\\/products\\\/cadarcos-de-corda-fina-roxa-com-pontas-transparentes\\\/#primaryimage\"},\"thumbnailUrl\":\"https:\\\/\\\/www.loopkinglaces.com\\\/wp-content\\\/uploads\\\/Purple-Thin-Rope.jpg\",\"datePublished\":\"2023-12-08T19:12:06+00:00\",\"description\":\"Eleve o n\u00edvel de seus cal\u00e7ados com os cadar\u00e7os de corda fina roxa da Loop King. Elegante, dur\u00e1vel e com pontas transparentes para que voc\u00ea tenha um toque exclusivo. Perfeito para qualquer tipo de cal\u00e7ado!\",\"breadcrumb\":{\"@id\":\"https:\\\/\\\/www.loopkinglaces.com\\\/pt-br\\\/products\\\/cadarcos-de-corda-fina-roxa-com-pontas-transparentes\\\/#breadcrumb\"},\"inLanguage\":\"pt-BR\",\"potentialAction\":[{\"@type\":\"ReadAction\",\"target\":[\"https:\\\/\\\/www.loopkinglaces.com\\\/pt-br\\\/products\\\/cadarcos-de-corda-fina-roxa-com-pontas-transparentes\\\/\"]}]},{\"@type\":\"ImageObject\",\"inLanguage\":\"pt-BR\",\"@id\":\"https:\\\/\\\/www.loopkinglaces.com\\\/pt-br\\\/products\\\/cadarcos-de-corda-fina-roxa-com-pontas-transparentes\\\/#primaryimage\",\"url\":\"https:\\\/\\\/www.loopkinglaces.com\\\/wp-content\\\/uploads\\\/Purple-Thin-Rope.jpg\",\"contentUrl\":\"https:\\\/\\\/www.loopkinglaces.com\\\/wp-content\\\/uploads\\\/Purple-Thin-Rope.jpg\",\"width\":2474,\"height\":2475},{\"@type\":\"BreadcrumbList\",\"@id\":\"https:\\\/\\\/www.loopkinglaces.com\\\/pt-br\\\/products\\\/cadarcos-de-corda-fina-roxa-com-pontas-transparentes\\\/#breadcrumb\",\"itemListElement\":[{\"@type\":\"ListItem\",\"position\":1,\"name\":\"Home\",\"item\":\"https:\\\/\\\/www.loopkinglaces.com\\\/pt-br\\\/\"},{\"@type\":\"ListItem\",\"position\":2,\"name\":\"BUY LACES\",\"item\":\"https:\\\/\\\/www.loopkinglaces.com\\\/buy-laces\\\/\"},{\"@type\":\"ListItem\",\"position\":3,\"name\":\"Cadar\u00e7os de corda fina roxa com pontas transparentes\"}]},{\"@type\":\"WebSite\",\"@id\":\"https:\\\/\\\/www.loopkinglaces.com\\\/pt-br\\\/#website\",\"url\":\"https:\\\/\\\/www.loopkinglaces.com\\\/pt-br\\\/\",\"name\":\"Luxury Gold Tip Shoelaces by Loop King Laces\",\"description\":\"Rope Laces, Flat Waxed Laces and Leather Laces. All With Gold Tips.\",\"publisher\":{\"@id\":\"https:\\\/\\\/www.loopkinglaces.com\\\/pt-br\\\/#organization\"},\"potentialAction\":[{\"@type\":\"SearchAction\",\"target\":{\"@type\":\"EntryPoint\",\"urlTemplate\":\"https:\\\/\\\/www.loopkinglaces.com\\\/pt-br\\\/?s={search_term_string}\"},\"query-input\":{\"@type\":\"PropertyValueSpecification\",\"valueRequired\":true,\"valueName\":\"search_term_string\"}}],\"inLanguage\":\"pt-BR\"},{\"@type\":\"Organization\",\"@id\":\"https:\\\/\\\/www.loopkinglaces.com\\\/pt-br\\\/#organization\",\"name\":\"Loop King Laces\",\"url\":\"https:\\\/\\\/www.loopkinglaces.com\\\/pt-br\\\/\",\"logo\":{\"@type\":\"ImageObject\",\"inLanguage\":\"pt-BR\",\"@id\":\"https:\\\/\\\/www.loopkinglaces.com\\\/pt-br\\\/#\\\/schema\\\/logo\\\/image\\\/\",\"url\":\"https:\\\/\\\/www.loopkinglaces.com\\\/wp-content\\\/uploads\\\/LOOP-KING-LACES.1.1-01-LOGO-HI-RES-OFFICIAL-1.png\",\"contentUrl\":\"https:\\\/\\\/www.loopkinglaces.com\\\/wp-content\\\/uploads\\\/LOOP-KING-LACES.1.1-01-LOGO-HI-RES-OFFICIAL-1.png\",\"width\":128,\"height\":91,\"caption\":\"Loop King Laces\"},\"image\":{\"@id\":\"https:\\\/\\\/www.loopkinglaces.com\\\/pt-br\\\/#\\\/schema\\\/logo\\\/image\\\/\"},\"sameAs\":[\"https:\\\/\\\/www.facebook.com\\\/LoopKingLaces\\\/\",\"https:\\\/\\\/x.com\\\/loopkinglaces\",\"https:\\\/\\\/www.instagram.com\\\/loopkinglaces\\\/\"]}]}<\/script>\n<!-- \/ Yoast SEO plugin. -->","yoast_head_json":{"title":"Cadar\u00e7os de corda fina roxa com pontas transparentes - da Loop King","description":"Eleve o n\u00edvel de seus cal\u00e7ados com os cadar\u00e7os de corda fina roxa da Loop King. Elegante, dur\u00e1vel e com pontas transparentes para que voc\u00ea tenha um toque exclusivo. Perfeito para qualquer tipo de cal\u00e7ado!","robots":{"index":"index","follow":"follow","max-snippet":"max-snippet:-1","max-image-preview":"max-image-preview:large","max-video-preview":"max-video-preview:-1"},"canonical":"https:\/\/www.loopkinglaces.com\/pt-br\/products\/cadarcos-de-corda-fina-roxa-com-pontas-transparentes\/","og_locale":"pt_BR","og_type":"article","og_title":"Cadar\u00e7os de corda fina roxa com pontas transparentes - da Loop King","og_description":"Eleve o n\u00edvel de seus cal\u00e7ados com os cadar\u00e7os de corda fina roxa da Loop King. Elegante, dur\u00e1vel e com pontas transparentes para que voc\u00ea tenha um toque exclusivo. Perfeito para qualquer tipo de cal\u00e7ado!","og_url":"https:\/\/www.loopkinglaces.com\/pt-br\/products\/cadarcos-de-corda-fina-roxa-com-pontas-transparentes\/","og_site_name":"Luxury Gold Tip Shoelaces by Loop King Laces","article_publisher":"https:\/\/www.facebook.com\/LoopKingLaces\/","og_image":[{"width":800,"height":800,"url":"https:\/\/www.loopkinglaces.com\/wp-content\/uploads\/Purple-Thin-Rope-800x800.jpg","type":"image\/jpeg"}],"twitter_card":"summary_large_image","twitter_site":"@loopkinglaces","schema":{"@context":"https:\/\/schema.org","@graph":[{"@type":["WebPage","ItemPage"],"@id":"https:\/\/www.loopkinglaces.com\/pt-br\/products\/cadarcos-de-corda-fina-roxa-com-pontas-transparentes\/","url":"https:\/\/www.loopkinglaces.com\/pt-br\/products\/cadarcos-de-corda-fina-roxa-com-pontas-transparentes\/","name":"Cadar\u00e7os de corda fina roxa com pontas transparentes - da Loop King","isPartOf":{"@id":"https:\/\/www.loopkinglaces.com\/pt-br\/#website"},"primaryImageOfPage":{"@id":"https:\/\/www.loopkinglaces.com\/pt-br\/products\/cadarcos-de-corda-fina-roxa-com-pontas-transparentes\/#primaryimage"},"image":{"@id":"https:\/\/www.loopkinglaces.com\/pt-br\/products\/cadarcos-de-corda-fina-roxa-com-pontas-transparentes\/#primaryimage"},"thumbnailUrl":"https:\/\/www.loopkinglaces.com\/wp-content\/uploads\/Purple-Thin-Rope.jpg","datePublished":"2023-12-08T19:12:06+00:00","description":"Eleve o n\u00edvel de seus cal\u00e7ados com os cadar\u00e7os de corda fina roxa da Loop King. Elegante, dur\u00e1vel e com pontas transparentes para que voc\u00ea tenha um toque exclusivo. Perfeito para qualquer tipo de cal\u00e7ado!","breadcrumb":{"@id":"https:\/\/www.loopkinglaces.com\/pt-br\/products\/cadarcos-de-corda-fina-roxa-com-pontas-transparentes\/#breadcrumb"},"inLanguage":"pt-BR","potentialAction":[{"@type":"ReadAction","target":["https:\/\/www.loopkinglaces.com\/pt-br\/products\/cadarcos-de-corda-fina-roxa-com-pontas-transparentes\/"]}]},{"@type":"ImageObject","inLanguage":"pt-BR","@id":"https:\/\/www.loopkinglaces.com\/pt-br\/products\/cadarcos-de-corda-fina-roxa-com-pontas-transparentes\/#primaryimage","url":"https:\/\/www.loopkinglaces.com\/wp-content\/uploads\/Purple-Thin-Rope.jpg","contentUrl":"https:\/\/www.loopkinglaces.com\/wp-content\/uploads\/Purple-Thin-Rope.jpg","width":2474,"height":2475},{"@type":"BreadcrumbList","@id":"https:\/\/www.loopkinglaces.com\/pt-br\/products\/cadarcos-de-corda-fina-roxa-com-pontas-transparentes\/#breadcrumb","itemListElement":[{"@type":"ListItem","position":1,"name":"Home","item":"https:\/\/www.loopkinglaces.com\/pt-br\/"},{"@type":"ListItem","position":2,"name":"BUY LACES","item":"https:\/\/www.loopkinglaces.com\/buy-laces\/"},{"@type":"ListItem","position":3,"name":"Cadar\u00e7os de corda fina roxa com pontas transparentes"}]},{"@type":"WebSite","@id":"https:\/\/www.loopkinglaces.com\/pt-br\/#website","url":"https:\/\/www.loopkinglaces.com\/pt-br\/","name":"Luxury Gold Tip Shoelaces by Loop King Laces","description":"Rope Laces, Flat Waxed Laces and Leather Laces. All With Gold Tips.","publisher":{"@id":"https:\/\/www.loopkinglaces.com\/pt-br\/#organization"},"potentialAction":[{"@type":"SearchAction","target":{"@type":"EntryPoint","urlTemplate":"https:\/\/www.loopkinglaces.com\/pt-br\/?s={search_term_string}"},"query-input":{"@type":"PropertyValueSpecification","valueRequired":true,"valueName":"search_term_string"}}],"inLanguage":"pt-BR"},{"@type":"Organization","@id":"https:\/\/www.loopkinglaces.com\/pt-br\/#organization","name":"Loop King Laces","url":"https:\/\/www.loopkinglaces.com\/pt-br\/","logo":{"@type":"ImageObject","inLanguage":"pt-BR","@id":"https:\/\/www.loopkinglaces.com\/pt-br\/#\/schema\/logo\/image\/","url":"https:\/\/www.loopkinglaces.com\/wp-content\/uploads\/LOOP-KING-LACES.1.1-01-LOGO-HI-RES-OFFICIAL-1.png","contentUrl":"https:\/\/www.loopkinglaces.com\/wp-content\/uploads\/LOOP-KING-LACES.1.1-01-LOGO-HI-RES-OFFICIAL-1.png","width":128,"height":91,"caption":"Loop King Laces"},"image":{"@id":"https:\/\/www.loopkinglaces.com\/pt-br\/#\/schema\/logo\/image\/"},"sameAs":["https:\/\/www.facebook.com\/LoopKingLaces\/","https:\/\/x.com\/loopkinglaces","https:\/\/www.instagram.com\/loopkinglaces\/"]}]}},"_links":{"self":[{"href":"https:\/\/www.loopkinglaces.com\/pt-br\/wp-json\/wp\/v2\/product\/77235","targetHints":{"allow":["GET"]}}],"collection":[{"href":"https:\/\/www.loopkinglaces.com\/pt-br\/wp-json\/wp\/v2\/product"}],"about":[{"href":"https:\/\/www.loopkinglaces.com\/pt-br\/wp-json\/wp\/v2\/types\/product"}],"replies":[{"embeddable":true,"href":"https:\/\/www.loopkinglaces.com\/pt-br\/wp-json\/wp\/v2\/comments?post=77235"}],"wp:featuredmedia":[{"embeddable":true,"href":"https:\/\/www.loopkinglaces.com\/pt-br\/wp-json\/wp\/v2\/media\/77242"}],"wp:attachment":[{"href":"https:\/\/www.loopkinglaces.com\/pt-br\/wp-json\/wp\/v2\/media?parent=77235"}],"wp:term":[{"taxonomy":"product_brand","embeddable":true,"href":"https:\/\/www.loopkinglaces.com\/pt-br\/wp-json\/wp\/v2\/product_brand?post=77235"},{"taxonomy":"product_cat","embeddable":true,"href":"https:\/\/www.loopkinglaces.com\/pt-br\/wp-json\/wp\/v2\/product_cat?post=77235"},{"taxonomy":"product_tag","embeddable":true,"href":"https:\/\/www.loopkinglaces.com\/pt-br\/wp-json\/wp\/v2\/product_tag?post=77235"},{"taxonomy":"woo-feed-brand","embeddable":true,"href":"https:\/\/www.loopkinglaces.com\/pt-br\/wp-json\/wp\/v2\/woo-feed-brand?post=77235"}],"curies":[{"name":"wp","href":"https:\/\/api.w.org\/{rel}","templated":true}]}}