{"id":77214,"date":"2023-12-11T18:13:05","date_gmt":"2023-12-11T18:13:05","guid":{"rendered":"https:\/\/www.loopkinglaces.com\/products\/cadarcos-de-algodao-planos-desbotados-e-vintage-com-pontas-transparentes\/"},"modified":"2023-12-11T18:13:05","modified_gmt":"2023-12-11T18:13:05","slug":"cadarcos-de-algodao-planos-desbotados-e-vintage-com-pontas-transparentes","status":"publish","type":"product","link":"https:\/\/www.loopkinglaces.com\/pt-br\/products\/cadarcos-de-algodao-planos-desbotados-e-vintage-com-pontas-transparentes\/","title":{"rendered":"Cadar\u00e7os de algod\u00e3o planos, desbotados e vintage, com pontas transparentes"},"content":{"rendered":"<p>Os cadar\u00e7os de algod\u00e3o plano Vintage Faded da Loop King combinam o charme atemporal com a resili\u00eancia moderna. Projetados para os entusiastas da moda, esses cadar\u00e7os apresentam um efeito vintage desbotado distinto, trazendo um elemento de nostalgia a qualquer cal\u00e7ado. Fabricados com algod\u00e3o de qualidade superior, eles garantem conforto e resist\u00eancia. As pontas transparentes n\u00e3o apenas acentuam o visual retr\u00f4, mas tamb\u00e9m oferecem maior resist\u00eancia ao desfiamento. Perfeitas para tudo, desde t\u00eanis da moda at\u00e9 elegantes sapatos sociais, elas proporcionam adaptabilidade e estilo. Aprimore sua cole\u00e7\u00e3o de cal\u00e7ados com esses cadar\u00e7os premium, um item obrigat\u00f3rio para quem valoriza uma mistura de eleg\u00e2ncia do velho mundo e funcionalidade moderna. Nossos cadar\u00e7os se adaptam a todos os tipos de t\u00eanis e marcas, incluindo Adidas, Nike, VANS e outros. Visite nosso <a href=\"\/shoelace-size-chart\/\">Guia de tamanhos<\/a>, onde voc\u00ea pode encontrar o tamanho perfeito de cadar\u00e7o para o seu cal\u00e7ado.     <\/p>\n<p>&nbsp;<\/p>\n","protected":false},"excerpt":{"rendered":"<p><strong>Cadar\u00e7os de algod\u00e3o planos, desbotados e vintage, com pontas transparentes<\/strong><\/p>\n<p>Os cadar\u00e7os de algod\u00e3o plano Vintage Faded da Loop King s\u00e3o a op\u00e7\u00e3o ideal para voc\u00ea combinar o charme do passado com a durabilidade atual. Esses cadar\u00e7os, com sua exclusiva apar\u00eancia vintage desbotada, d\u00e3o um toque retr\u00f4 a qualquer cal\u00e7ado. Fabricados com algod\u00e3o de alta qualidade, eles garantem conforto e durabilidade duradoura. As pontas transparentes aumentam o apelo antigo dos cadar\u00e7os e tamb\u00e9m evitam o desgaste. Adequados para uma variedade de cal\u00e7ados, desde t\u00eanis para o dia a dia at\u00e9 sapatos sofisticados, esses cadar\u00e7os s\u00e3o vers\u00e1teis e elegantes. Eleve sua cole\u00e7\u00e3o de cal\u00e7ados com esses cadar\u00e7os excepcionais, perfeitos para quem gosta de uma mistura de design tradicional e qualidade moderna. Veja os recursos abaixo:  <\/p>\n<ul>\n<li>Tingidos \u00e0 m\u00e3o com um toque pessoal (n\u00e3o h\u00e1 dois cadar\u00e7os exatamente iguais)<\/li>\n<li>Materiais Premium<\/li>\n<li>Dura <strong>3 vezes mais<\/strong> do que os cadar\u00e7os comuns<\/li>\n<li>Pontas de pl\u00e1stico transparente de alta qualidade<\/li>\n<li>Algod\u00e3o Poli\u00e9ster<\/li>\n<li>Embalagem de Beautiful Loop King por la\u00e7o<\/li>\n<\/ul>\n","protected":false},"featured_media":77221,"comment_status":"open","ping_status":"closed","template":"","meta":{"_acf_changed":false},"product_brand":[],"product_cat":[1895,1913,1919,1917,1900,1916,1908,1914,1918,1856,1911],"product_tag":[1868,1904,1903,1906,1867,1870,1871],"woo-feed-brand":[],"class_list":{"0":"post-77214","1":"product","2":"type-product","3":"status-publish","4":"has-post-thumbnail","6":"product_cat-amarrando-os-cadarcos-divertidos-um-mergulho-em-cadarcos-empolgantes","7":"product_cat-cadarcos-balenciaga-cadarcos-de-alta-classe-e-modernos","8":"product_cat-cadarcos-de-80-polegadas-o-segredo-dos-passos-elegantes","9":"product_cat-cadarcos-de-vela-que-dao-um-toque-retro-a-qualquer-par-de-tenis","10":"product_cat-cadarcos-tie-dye-um-giro-divertido-em-calcados-classicos","11":"product_cat-cadarcos-vans-old-skool-de-alta-qualidade-que-sao-duraveis-e-luxuosos","12":"product_cat-descubra-o-charme-dos-cadarcos-de-algodao-planos-e-desbotados-da-loop-king-com-pontas-transparentes","13":"product_cat-jordan-1-de-nivel-de-elite-com-cadarcos-brancos-bordo-que-parecem-luxuosos","14":"product_cat-lindos-cadarcos-em-creme-para-voce-reinventar-seus-calcados-favoritos","15":"product_cat-todos-os-cadarcos","16":"product_cat-vans-sk8-hi-laces-cadarcos-de-alta-qualidade","17":"product_tag-cadarcos","18":"product_tag-cadarcos-com-ponta-de-ouro","19":"product_tag-cadarcos-de-corda","20":"product_tag-cinza","21":"product_tag-loop-king-pt-br","22":"product_tag-ponta-de-metal","23":"product_tag-preto","25":"first","26":"instock","27":"taxable","28":"shipping-taxable","29":"product-type-variable"},"acf":[],"yoast_head":"<!-- This site is optimized with the Yoast SEO plugin v27.5 - https:\/\/yoast.com\/product\/yoast-seo-wordpress\/ -->\n<title>Cadar\u00e7os de algod\u00e3o planos, desbotados e vintage, com pontas transparentes - Loop King<\/title>\n<meta name=\"description\" content=\"Eleve o n\u00edvel dos seus cal\u00e7ados com os cadar\u00e7os Sail Vintage Faded da Loop King, que combinam charme atemporal e estilo moderno. Perfeito para um visual sofisticado e atualizado.\" \/>\n<meta name=\"robots\" content=\"index, follow, max-snippet:-1, max-image-preview:large, max-video-preview:-1\" \/>\n<link rel=\"canonical\" href=\"https:\/\/www.loopkinglaces.com\/pt-br\/products\/cadarcos-de-algodao-planos-desbotados-e-vintage-com-pontas-transparentes\/\" \/>\n<meta property=\"og:locale\" content=\"pt_BR\" \/>\n<meta property=\"og:type\" content=\"article\" \/>\n<meta property=\"og:title\" content=\"Cadar\u00e7os de algod\u00e3o planos, desbotados e vintage, com pontas transparentes - Loop King\" \/>\n<meta property=\"og:description\" content=\"Eleve o n\u00edvel dos seus cal\u00e7ados com os cadar\u00e7os Sail Vintage Faded da Loop King, que combinam charme atemporal e estilo moderno. Perfeito para um visual sofisticado e atualizado.\" \/>\n<meta property=\"og:url\" content=\"https:\/\/www.loopkinglaces.com\/pt-br\/products\/cadarcos-de-algodao-planos-desbotados-e-vintage-com-pontas-transparentes\/\" \/>\n<meta property=\"og:site_name\" content=\"Luxury Gold Tip Shoelaces by Loop King Laces\" \/>\n<meta property=\"article:publisher\" content=\"https:\/\/www.facebook.com\/LoopKingLaces\/\" \/>\n<meta property=\"og:image\" content=\"https:\/\/www.loopkinglaces.com\/wp-content\/uploads\/Sail-Vintage-800x800.jpg\" \/>\n\t<meta property=\"og:image:width\" content=\"800\" \/>\n\t<meta property=\"og:image:height\" content=\"800\" \/>\n\t<meta property=\"og:image:type\" content=\"image\/jpeg\" \/>\n<meta name=\"twitter:card\" content=\"summary_large_image\" \/>\n<meta name=\"twitter:site\" content=\"@loopkinglaces\" \/>\n<meta name=\"twitter:label1\" content=\"Est. tempo de leitura\" \/>\n\t<meta name=\"twitter:data1\" content=\"1 minuto\" \/>\n<script type=\"application\/ld+json\" class=\"yoast-schema-graph\">{\"@context\":\"https:\\\/\\\/schema.org\",\"@graph\":[{\"@type\":[\"WebPage\",\"ItemPage\"],\"@id\":\"https:\\\/\\\/www.loopkinglaces.com\\\/pt-br\\\/products\\\/cadarcos-de-algodao-planos-desbotados-e-vintage-com-pontas-transparentes\\\/\",\"url\":\"https:\\\/\\\/www.loopkinglaces.com\\\/pt-br\\\/products\\\/cadarcos-de-algodao-planos-desbotados-e-vintage-com-pontas-transparentes\\\/\",\"name\":\"Cadar\u00e7os de algod\u00e3o planos, desbotados e vintage, com pontas transparentes - Loop King\",\"isPartOf\":{\"@id\":\"https:\\\/\\\/www.loopkinglaces.com\\\/pt-br\\\/#website\"},\"primaryImageOfPage\":{\"@id\":\"https:\\\/\\\/www.loopkinglaces.com\\\/pt-br\\\/products\\\/cadarcos-de-algodao-planos-desbotados-e-vintage-com-pontas-transparentes\\\/#primaryimage\"},\"image\":{\"@id\":\"https:\\\/\\\/www.loopkinglaces.com\\\/pt-br\\\/products\\\/cadarcos-de-algodao-planos-desbotados-e-vintage-com-pontas-transparentes\\\/#primaryimage\"},\"thumbnailUrl\":\"https:\\\/\\\/www.loopkinglaces.com\\\/wp-content\\\/uploads\\\/Sail-Vintage.jpg\",\"datePublished\":\"2023-12-11T18:13:05+00:00\",\"description\":\"Eleve o n\u00edvel dos seus cal\u00e7ados com os cadar\u00e7os Sail Vintage Faded da Loop King, que combinam charme atemporal e estilo moderno. Perfeito para um visual sofisticado e atualizado.\",\"breadcrumb\":{\"@id\":\"https:\\\/\\\/www.loopkinglaces.com\\\/pt-br\\\/products\\\/cadarcos-de-algodao-planos-desbotados-e-vintage-com-pontas-transparentes\\\/#breadcrumb\"},\"inLanguage\":\"pt-BR\",\"potentialAction\":[{\"@type\":\"ReadAction\",\"target\":[\"https:\\\/\\\/www.loopkinglaces.com\\\/pt-br\\\/products\\\/cadarcos-de-algodao-planos-desbotados-e-vintage-com-pontas-transparentes\\\/\"]}]},{\"@type\":\"ImageObject\",\"inLanguage\":\"pt-BR\",\"@id\":\"https:\\\/\\\/www.loopkinglaces.com\\\/pt-br\\\/products\\\/cadarcos-de-algodao-planos-desbotados-e-vintage-com-pontas-transparentes\\\/#primaryimage\",\"url\":\"https:\\\/\\\/www.loopkinglaces.com\\\/wp-content\\\/uploads\\\/Sail-Vintage.jpg\",\"contentUrl\":\"https:\\\/\\\/www.loopkinglaces.com\\\/wp-content\\\/uploads\\\/Sail-Vintage.jpg\",\"width\":2456,\"height\":2456},{\"@type\":\"BreadcrumbList\",\"@id\":\"https:\\\/\\\/www.loopkinglaces.com\\\/pt-br\\\/products\\\/cadarcos-de-algodao-planos-desbotados-e-vintage-com-pontas-transparentes\\\/#breadcrumb\",\"itemListElement\":[{\"@type\":\"ListItem\",\"position\":1,\"name\":\"Home\",\"item\":\"https:\\\/\\\/www.loopkinglaces.com\\\/pt-br\\\/\"},{\"@type\":\"ListItem\",\"position\":2,\"name\":\"BUY LACES\",\"item\":\"https:\\\/\\\/www.loopkinglaces.com\\\/buy-laces\\\/\"},{\"@type\":\"ListItem\",\"position\":3,\"name\":\"Cadar\u00e7os de algod\u00e3o planos, desbotados e vintage, com pontas transparentes\"}]},{\"@type\":\"WebSite\",\"@id\":\"https:\\\/\\\/www.loopkinglaces.com\\\/pt-br\\\/#website\",\"url\":\"https:\\\/\\\/www.loopkinglaces.com\\\/pt-br\\\/\",\"name\":\"Luxury Gold Tip Shoelaces by Loop King Laces\",\"description\":\"Rope Laces, Flat Waxed Laces and Leather Laces. All With Gold Tips.\",\"publisher\":{\"@id\":\"https:\\\/\\\/www.loopkinglaces.com\\\/pt-br\\\/#organization\"},\"potentialAction\":[{\"@type\":\"SearchAction\",\"target\":{\"@type\":\"EntryPoint\",\"urlTemplate\":\"https:\\\/\\\/www.loopkinglaces.com\\\/pt-br\\\/?s={search_term_string}\"},\"query-input\":{\"@type\":\"PropertyValueSpecification\",\"valueRequired\":true,\"valueName\":\"search_term_string\"}}],\"inLanguage\":\"pt-BR\"},{\"@type\":\"Organization\",\"@id\":\"https:\\\/\\\/www.loopkinglaces.com\\\/pt-br\\\/#organization\",\"name\":\"Loop King Laces\",\"url\":\"https:\\\/\\\/www.loopkinglaces.com\\\/pt-br\\\/\",\"logo\":{\"@type\":\"ImageObject\",\"inLanguage\":\"pt-BR\",\"@id\":\"https:\\\/\\\/www.loopkinglaces.com\\\/pt-br\\\/#\\\/schema\\\/logo\\\/image\\\/\",\"url\":\"https:\\\/\\\/www.loopkinglaces.com\\\/wp-content\\\/uploads\\\/LOOP-KING-LACES.1.1-01-LOGO-HI-RES-OFFICIAL-1.png\",\"contentUrl\":\"https:\\\/\\\/www.loopkinglaces.com\\\/wp-content\\\/uploads\\\/LOOP-KING-LACES.1.1-01-LOGO-HI-RES-OFFICIAL-1.png\",\"width\":128,\"height\":91,\"caption\":\"Loop King Laces\"},\"image\":{\"@id\":\"https:\\\/\\\/www.loopkinglaces.com\\\/pt-br\\\/#\\\/schema\\\/logo\\\/image\\\/\"},\"sameAs\":[\"https:\\\/\\\/www.facebook.com\\\/LoopKingLaces\\\/\",\"https:\\\/\\\/x.com\\\/loopkinglaces\",\"https:\\\/\\\/www.instagram.com\\\/loopkinglaces\\\/\"]}]}<\/script>\n<!-- \/ Yoast SEO plugin. -->","yoast_head_json":{"title":"Cadar\u00e7os de algod\u00e3o planos, desbotados e vintage, com pontas transparentes - Loop King","description":"Eleve o n\u00edvel dos seus cal\u00e7ados com os cadar\u00e7os Sail Vintage Faded da Loop King, que combinam charme atemporal e estilo moderno. Perfeito para um visual sofisticado e atualizado.","robots":{"index":"index","follow":"follow","max-snippet":"max-snippet:-1","max-image-preview":"max-image-preview:large","max-video-preview":"max-video-preview:-1"},"canonical":"https:\/\/www.loopkinglaces.com\/pt-br\/products\/cadarcos-de-algodao-planos-desbotados-e-vintage-com-pontas-transparentes\/","og_locale":"pt_BR","og_type":"article","og_title":"Cadar\u00e7os de algod\u00e3o planos, desbotados e vintage, com pontas transparentes - Loop King","og_description":"Eleve o n\u00edvel dos seus cal\u00e7ados com os cadar\u00e7os Sail Vintage Faded da Loop King, que combinam charme atemporal e estilo moderno. Perfeito para um visual sofisticado e atualizado.","og_url":"https:\/\/www.loopkinglaces.com\/pt-br\/products\/cadarcos-de-algodao-planos-desbotados-e-vintage-com-pontas-transparentes\/","og_site_name":"Luxury Gold Tip Shoelaces by Loop King Laces","article_publisher":"https:\/\/www.facebook.com\/LoopKingLaces\/","og_image":[{"width":800,"height":800,"url":"https:\/\/www.loopkinglaces.com\/wp-content\/uploads\/Sail-Vintage-800x800.jpg","type":"image\/jpeg"}],"twitter_card":"summary_large_image","twitter_site":"@loopkinglaces","twitter_misc":{"Est. tempo de leitura":"1 minuto"},"schema":{"@context":"https:\/\/schema.org","@graph":[{"@type":["WebPage","ItemPage"],"@id":"https:\/\/www.loopkinglaces.com\/pt-br\/products\/cadarcos-de-algodao-planos-desbotados-e-vintage-com-pontas-transparentes\/","url":"https:\/\/www.loopkinglaces.com\/pt-br\/products\/cadarcos-de-algodao-planos-desbotados-e-vintage-com-pontas-transparentes\/","name":"Cadar\u00e7os de algod\u00e3o planos, desbotados e vintage, com pontas transparentes - Loop King","isPartOf":{"@id":"https:\/\/www.loopkinglaces.com\/pt-br\/#website"},"primaryImageOfPage":{"@id":"https:\/\/www.loopkinglaces.com\/pt-br\/products\/cadarcos-de-algodao-planos-desbotados-e-vintage-com-pontas-transparentes\/#primaryimage"},"image":{"@id":"https:\/\/www.loopkinglaces.com\/pt-br\/products\/cadarcos-de-algodao-planos-desbotados-e-vintage-com-pontas-transparentes\/#primaryimage"},"thumbnailUrl":"https:\/\/www.loopkinglaces.com\/wp-content\/uploads\/Sail-Vintage.jpg","datePublished":"2023-12-11T18:13:05+00:00","description":"Eleve o n\u00edvel dos seus cal\u00e7ados com os cadar\u00e7os Sail Vintage Faded da Loop King, que combinam charme atemporal e estilo moderno. Perfeito para um visual sofisticado e atualizado.","breadcrumb":{"@id":"https:\/\/www.loopkinglaces.com\/pt-br\/products\/cadarcos-de-algodao-planos-desbotados-e-vintage-com-pontas-transparentes\/#breadcrumb"},"inLanguage":"pt-BR","potentialAction":[{"@type":"ReadAction","target":["https:\/\/www.loopkinglaces.com\/pt-br\/products\/cadarcos-de-algodao-planos-desbotados-e-vintage-com-pontas-transparentes\/"]}]},{"@type":"ImageObject","inLanguage":"pt-BR","@id":"https:\/\/www.loopkinglaces.com\/pt-br\/products\/cadarcos-de-algodao-planos-desbotados-e-vintage-com-pontas-transparentes\/#primaryimage","url":"https:\/\/www.loopkinglaces.com\/wp-content\/uploads\/Sail-Vintage.jpg","contentUrl":"https:\/\/www.loopkinglaces.com\/wp-content\/uploads\/Sail-Vintage.jpg","width":2456,"height":2456},{"@type":"BreadcrumbList","@id":"https:\/\/www.loopkinglaces.com\/pt-br\/products\/cadarcos-de-algodao-planos-desbotados-e-vintage-com-pontas-transparentes\/#breadcrumb","itemListElement":[{"@type":"ListItem","position":1,"name":"Home","item":"https:\/\/www.loopkinglaces.com\/pt-br\/"},{"@type":"ListItem","position":2,"name":"BUY LACES","item":"https:\/\/www.loopkinglaces.com\/buy-laces\/"},{"@type":"ListItem","position":3,"name":"Cadar\u00e7os de algod\u00e3o planos, desbotados e vintage, com pontas transparentes"}]},{"@type":"WebSite","@id":"https:\/\/www.loopkinglaces.com\/pt-br\/#website","url":"https:\/\/www.loopkinglaces.com\/pt-br\/","name":"Luxury Gold Tip Shoelaces by Loop King Laces","description":"Rope Laces, Flat Waxed Laces and Leather Laces. All With Gold Tips.","publisher":{"@id":"https:\/\/www.loopkinglaces.com\/pt-br\/#organization"},"potentialAction":[{"@type":"SearchAction","target":{"@type":"EntryPoint","urlTemplate":"https:\/\/www.loopkinglaces.com\/pt-br\/?s={search_term_string}"},"query-input":{"@type":"PropertyValueSpecification","valueRequired":true,"valueName":"search_term_string"}}],"inLanguage":"pt-BR"},{"@type":"Organization","@id":"https:\/\/www.loopkinglaces.com\/pt-br\/#organization","name":"Loop King Laces","url":"https:\/\/www.loopkinglaces.com\/pt-br\/","logo":{"@type":"ImageObject","inLanguage":"pt-BR","@id":"https:\/\/www.loopkinglaces.com\/pt-br\/#\/schema\/logo\/image\/","url":"https:\/\/www.loopkinglaces.com\/wp-content\/uploads\/LOOP-KING-LACES.1.1-01-LOGO-HI-RES-OFFICIAL-1.png","contentUrl":"https:\/\/www.loopkinglaces.com\/wp-content\/uploads\/LOOP-KING-LACES.1.1-01-LOGO-HI-RES-OFFICIAL-1.png","width":128,"height":91,"caption":"Loop King Laces"},"image":{"@id":"https:\/\/www.loopkinglaces.com\/pt-br\/#\/schema\/logo\/image\/"},"sameAs":["https:\/\/www.facebook.com\/LoopKingLaces\/","https:\/\/x.com\/loopkinglaces","https:\/\/www.instagram.com\/loopkinglaces\/"]}]}},"_links":{"self":[{"href":"https:\/\/www.loopkinglaces.com\/pt-br\/wp-json\/wp\/v2\/product\/77214","targetHints":{"allow":["GET"]}}],"collection":[{"href":"https:\/\/www.loopkinglaces.com\/pt-br\/wp-json\/wp\/v2\/product"}],"about":[{"href":"https:\/\/www.loopkinglaces.com\/pt-br\/wp-json\/wp\/v2\/types\/product"}],"replies":[{"embeddable":true,"href":"https:\/\/www.loopkinglaces.com\/pt-br\/wp-json\/wp\/v2\/comments?post=77214"}],"wp:featuredmedia":[{"embeddable":true,"href":"https:\/\/www.loopkinglaces.com\/pt-br\/wp-json\/wp\/v2\/media\/77221"}],"wp:attachment":[{"href":"https:\/\/www.loopkinglaces.com\/pt-br\/wp-json\/wp\/v2\/media?parent=77214"}],"wp:term":[{"taxonomy":"product_brand","embeddable":true,"href":"https:\/\/www.loopkinglaces.com\/pt-br\/wp-json\/wp\/v2\/product_brand?post=77214"},{"taxonomy":"product_cat","embeddable":true,"href":"https:\/\/www.loopkinglaces.com\/pt-br\/wp-json\/wp\/v2\/product_cat?post=77214"},{"taxonomy":"product_tag","embeddable":true,"href":"https:\/\/www.loopkinglaces.com\/pt-br\/wp-json\/wp\/v2\/product_tag?post=77214"},{"taxonomy":"woo-feed-brand","embeddable":true,"href":"https:\/\/www.loopkinglaces.com\/pt-br\/wp-json\/wp\/v2\/woo-feed-brand?post=77214"}],"curies":[{"name":"wp","href":"https:\/\/api.w.org\/{rel}","templated":true}]}}