{"id":77200,"date":"2023-12-11T16:32:01","date_gmt":"2023-12-11T16:32:01","guid":{"rendered":"https:\/\/www.loopkinglaces.com\/products\/cadarcos-de-algodao-planos-vermelhos-e-desbotados-com-pontas-transparentes\/"},"modified":"2023-12-11T16:32:01","modified_gmt":"2023-12-11T16:32:01","slug":"cadarcos-de-algodao-planos-vermelhos-e-desbotados-com-pontas-transparentes","status":"publish","type":"product","link":"https:\/\/www.loopkinglaces.com\/pt-br\/products\/cadarcos-de-algodao-planos-vermelhos-e-desbotados-com-pontas-transparentes\/","title":{"rendered":"Cadar\u00e7os de algod\u00e3o planos, vermelhos e desbotados, com pontas transparentes"},"content":{"rendered":"<p>Descubra a combina\u00e7\u00e3o perfeita entre o charme retr\u00f4 e a durabilidade moderna com os cadar\u00e7os de algod\u00e3o plano Vintage Faded da Loop King. Esses cadar\u00e7os, projetados para elevar seus cal\u00e7ados, apresentam um visual vintage desbotado exclusivo que acrescenta um toque de nostalgia a qualquer estilo de cal\u00e7ado. Feitos de algod\u00e3o de alta qualidade, eles prometem conforto e uso duradouro. As pontas transparentes n\u00e3o apenas aumentam o apelo vintage dos cadar\u00e7os, mas tamb\u00e9m garantem durabilidade extra contra o desgaste. Adequados para todos os tipos de cal\u00e7ados, de t\u00eanis casuais a sapatos formais, esses cadar\u00e7os oferecem versatilidade e estilo. Melhore seu jogo de sapatos com esses cadar\u00e7os requintados, ideais para quem aprecia uma fus\u00e3o de est\u00e9tica cl\u00e1ssica e qualidade contempor\u00e2nea. Nossos cadar\u00e7os se adaptam a todos os tipos de t\u00eanis e marcas, inclusive Adidas, Nike, VANS, etc. Visite nosso <a href=\"\/shoelace-size-chart\/\">Guia de tamanhos<\/a>, onde voc\u00ea pode encontrar o tamanho perfeito de cadar\u00e7o para o seu cal\u00e7ado.     <\/p>\n<p>&nbsp;<\/p>\n","protected":false},"excerpt":{"rendered":"<p><strong>Cadar\u00e7os de algod\u00e3o planos, vermelhos e desbotados, com pontas transparentes<\/strong><\/p>\n<p>Entre em um mundo em que o estilo cl\u00e1ssico e o artesanato moderno convergem com os cadar\u00e7os de algod\u00e3o plano Vintage Faded da Loop King. Esses cadar\u00e7os, criados para quem gosta de moda, apresentam um design desbotado diferenciado, dando aos seus cal\u00e7ados um toque vintage exclusivo. O material de algod\u00e3o de alta qualidade garante que eles n\u00e3o sejam apenas estilosos, mas tamb\u00e9m resistentes e confort\u00e1veis para o uso di\u00e1rio. Acentuados com pontas transparentes inovadoras, esses cadar\u00e7os resistem ao desgaste, garantindo que seus sapatos fiquem impec\u00e1veis por mais tempo. Se voc\u00ea quiser rejuvenescer seus cal\u00e7ados favoritos ou dar um toque especial a novas compras, esses cadar\u00e7os s\u00e3o a escolha ideal para um visual elegante e polido. Se voc\u00ea quiser rejuvenescer seus sapatos favoritos ou dar um toque especial a novas compras, esses cadar\u00e7os s\u00e3o a escolha ideal para um visual elegante e polido. Veja os recursos abaixo:  <\/p>\n<ul>\n<li>Tingidos \u00e0 m\u00e3o com um toque pessoal (n\u00e3o h\u00e1 dois cadar\u00e7os exatamente iguais)<\/li>\n<li>Materiais Premium<\/li>\n<li>Dura <strong>3 vezes mais<\/strong> do que os cadar\u00e7os comuns<\/li>\n<li>Pontas de pl\u00e1stico transparente de alta qualidade<\/li>\n<li>Algod\u00e3o Poli\u00e9ster<\/li>\n<li>Embalagem de Beautiful Loop King por la\u00e7o<\/li>\n<\/ul>\n","protected":false},"featured_media":77207,"comment_status":"open","ping_status":"closed","template":"","meta":{"_acf_changed":false},"product_brand":[],"product_cat":[1877,1907,1896,1888,1902,1890,1894,1900,1898,1908,1892,1905,1887,1856],"product_tag":[1868,1904,1903,1906,1867,1870,1871],"woo-feed-brand":[],"class_list":{"0":"post-77200","1":"product","2":"type-product","3":"status-publish","4":"has-post-thumbnail","6":"product_cat-cadarcos-de-52-polegadas","7":"product_cat-cadarcos-de-63-polegadas-a-melhor-maneira-de-mudar-o-jogo-dos-cadarcos","8":"product_cat-cadarcos-de-sapatos-masculinos-que-sao-melhores-do-que-os-originais","9":"product_cat-cadarcos-de-tenis-new-balance-melhore-seu-visual","10":"product_cat-cadarcos-em-espiral-um-toque-divertido-na-moda-cotidiana-dos-calcados","11":"product_cat-cadarcos-reebok-renove-seu-calcado","12":"product_cat-cadarcos-resistentes-para-botas-que-tem-um-visual-incrivel-e-duram-muito-tempo","13":"product_cat-cadarcos-tie-dye-um-giro-divertido-em-calcados-classicos","14":"product_cat-cadarcos-vermelhos-exuberantes-para-botas-de-caminhada-que-resistem-a-elementos-severos","15":"product_cat-descubra-o-charme-dos-cadarcos-de-algodao-planos-e-desbotados-da-loop-king-com-pontas-transparentes","16":"product_cat-escolha-entre-nossa-colecao-de-cadarcos-coloridos-de-alta-qualidade","17":"product_cat-por-que-os-cadarcos-de-corrida-sao-mais-importantes-do-que-voce-pensa","18":"product_cat-seus-novos-cadarcos-do-jordan-1-materiais-de-luxo-e-de-alta-qualidade","19":"product_cat-todos-os-cadarcos","20":"product_tag-cadarcos","21":"product_tag-cadarcos-com-ponta-de-ouro","22":"product_tag-cadarcos-de-corda","23":"product_tag-cinza","24":"product_tag-loop-king-pt-br","25":"product_tag-ponta-de-metal","26":"product_tag-preto","28":"first","29":"instock","30":"taxable","31":"shipping-taxable","32":"purchasable","33":"product-type-variable"},"acf":[],"yoast_head":"<!-- This site is optimized with the Yoast SEO plugin v27.5 - https:\/\/yoast.com\/product\/yoast-seo-wordpress\/ -->\n<title>Cadar\u00e7os de algod\u00e3o planos, vermelhos e desbotados, com pontas transparentes - Loop King<\/title>\n<meta name=\"description\" content=\"D\u00ea um toque de eleg\u00e2ncia vintage aos seus cal\u00e7ados com os cadar\u00e7os Loop King&#039;s Red Vintage Faded Shoelaces. Ideal para um estilo cl\u00e1ssico e contempor\u00e2neo. Compre agora!\" \/>\n<meta name=\"robots\" content=\"index, follow, max-snippet:-1, max-image-preview:large, max-video-preview:-1\" \/>\n<link rel=\"canonical\" href=\"https:\/\/www.loopkinglaces.com\/pt-br\/products\/cadarcos-de-algodao-planos-vermelhos-e-desbotados-com-pontas-transparentes\/\" \/>\n<meta property=\"og:locale\" content=\"pt_BR\" \/>\n<meta property=\"og:type\" content=\"article\" \/>\n<meta property=\"og:title\" content=\"Cadar\u00e7os de algod\u00e3o planos, vermelhos e desbotados, com pontas transparentes - Loop King\" \/>\n<meta property=\"og:description\" content=\"D\u00ea um toque de eleg\u00e2ncia vintage aos seus cal\u00e7ados com os cadar\u00e7os Loop King&#039;s Red Vintage Faded Shoelaces. Ideal para um estilo cl\u00e1ssico e contempor\u00e2neo. Compre agora!\" \/>\n<meta property=\"og:url\" content=\"https:\/\/www.loopkinglaces.com\/pt-br\/products\/cadarcos-de-algodao-planos-vermelhos-e-desbotados-com-pontas-transparentes\/\" \/>\n<meta property=\"og:site_name\" content=\"Luxury Gold Tip Shoelaces by Loop King Laces\" \/>\n<meta property=\"article:publisher\" content=\"https:\/\/www.facebook.com\/LoopKingLaces\/\" \/>\n<meta property=\"og:image\" content=\"https:\/\/www.loopkinglaces.com\/wp-content\/uploads\/IMG_9926-scaled.jpg\" \/>\n\t<meta property=\"og:image:width\" content=\"2560\" \/>\n\t<meta property=\"og:image:height\" content=\"2560\" \/>\n\t<meta property=\"og:image:type\" content=\"image\/jpeg\" \/>\n<meta name=\"twitter:card\" content=\"summary_large_image\" \/>\n<meta name=\"twitter:site\" content=\"@loopkinglaces\" \/>\n<meta name=\"twitter:label1\" content=\"Est. tempo de leitura\" \/>\n\t<meta name=\"twitter:data1\" content=\"1 minuto\" \/>\n<script type=\"application\/ld+json\" class=\"yoast-schema-graph\">{\"@context\":\"https:\\\/\\\/schema.org\",\"@graph\":[{\"@type\":[\"WebPage\",\"ItemPage\"],\"@id\":\"https:\\\/\\\/www.loopkinglaces.com\\\/pt-br\\\/products\\\/cadarcos-de-algodao-planos-vermelhos-e-desbotados-com-pontas-transparentes\\\/\",\"url\":\"https:\\\/\\\/www.loopkinglaces.com\\\/pt-br\\\/products\\\/cadarcos-de-algodao-planos-vermelhos-e-desbotados-com-pontas-transparentes\\\/\",\"name\":\"Cadar\u00e7os de algod\u00e3o planos, vermelhos e desbotados, com pontas transparentes - Loop King\",\"isPartOf\":{\"@id\":\"https:\\\/\\\/www.loopkinglaces.com\\\/pt-br\\\/#website\"},\"primaryImageOfPage\":{\"@id\":\"https:\\\/\\\/www.loopkinglaces.com\\\/pt-br\\\/products\\\/cadarcos-de-algodao-planos-vermelhos-e-desbotados-com-pontas-transparentes\\\/#primaryimage\"},\"image\":{\"@id\":\"https:\\\/\\\/www.loopkinglaces.com\\\/pt-br\\\/products\\\/cadarcos-de-algodao-planos-vermelhos-e-desbotados-com-pontas-transparentes\\\/#primaryimage\"},\"thumbnailUrl\":\"https:\\\/\\\/www.loopkinglaces.com\\\/wp-content\\\/uploads\\\/IMG_9926-scaled.jpg\",\"datePublished\":\"2023-12-11T16:32:01+00:00\",\"description\":\"D\u00ea um toque de eleg\u00e2ncia vintage aos seus cal\u00e7ados com os cadar\u00e7os Loop King's Red Vintage Faded Shoelaces. Ideal para um estilo cl\u00e1ssico e contempor\u00e2neo. Compre agora!\",\"breadcrumb\":{\"@id\":\"https:\\\/\\\/www.loopkinglaces.com\\\/pt-br\\\/products\\\/cadarcos-de-algodao-planos-vermelhos-e-desbotados-com-pontas-transparentes\\\/#breadcrumb\"},\"inLanguage\":\"pt-BR\",\"potentialAction\":[{\"@type\":\"ReadAction\",\"target\":[\"https:\\\/\\\/www.loopkinglaces.com\\\/pt-br\\\/products\\\/cadarcos-de-algodao-planos-vermelhos-e-desbotados-com-pontas-transparentes\\\/\"]}]},{\"@type\":\"ImageObject\",\"inLanguage\":\"pt-BR\",\"@id\":\"https:\\\/\\\/www.loopkinglaces.com\\\/pt-br\\\/products\\\/cadarcos-de-algodao-planos-vermelhos-e-desbotados-com-pontas-transparentes\\\/#primaryimage\",\"url\":\"https:\\\/\\\/www.loopkinglaces.com\\\/wp-content\\\/uploads\\\/IMG_9926-scaled.jpg\",\"contentUrl\":\"https:\\\/\\\/www.loopkinglaces.com\\\/wp-content\\\/uploads\\\/IMG_9926-scaled.jpg\",\"width\":2560,\"height\":2560},{\"@type\":\"BreadcrumbList\",\"@id\":\"https:\\\/\\\/www.loopkinglaces.com\\\/pt-br\\\/products\\\/cadarcos-de-algodao-planos-vermelhos-e-desbotados-com-pontas-transparentes\\\/#breadcrumb\",\"itemListElement\":[{\"@type\":\"ListItem\",\"position\":1,\"name\":\"Home\",\"item\":\"https:\\\/\\\/www.loopkinglaces.com\\\/pt-br\\\/\"},{\"@type\":\"ListItem\",\"position\":2,\"name\":\"BUY LACES\",\"item\":\"https:\\\/\\\/www.loopkinglaces.com\\\/buy-laces\\\/\"},{\"@type\":\"ListItem\",\"position\":3,\"name\":\"Cadar\u00e7os de algod\u00e3o planos, vermelhos e desbotados, com pontas transparentes\"}]},{\"@type\":\"WebSite\",\"@id\":\"https:\\\/\\\/www.loopkinglaces.com\\\/pt-br\\\/#website\",\"url\":\"https:\\\/\\\/www.loopkinglaces.com\\\/pt-br\\\/\",\"name\":\"Luxury Gold Tip Shoelaces by Loop King Laces\",\"description\":\"Rope Laces, Flat Waxed Laces and Leather Laces. All With Gold Tips.\",\"publisher\":{\"@id\":\"https:\\\/\\\/www.loopkinglaces.com\\\/pt-br\\\/#organization\"},\"potentialAction\":[{\"@type\":\"SearchAction\",\"target\":{\"@type\":\"EntryPoint\",\"urlTemplate\":\"https:\\\/\\\/www.loopkinglaces.com\\\/pt-br\\\/?s={search_term_string}\"},\"query-input\":{\"@type\":\"PropertyValueSpecification\",\"valueRequired\":true,\"valueName\":\"search_term_string\"}}],\"inLanguage\":\"pt-BR\"},{\"@type\":\"Organization\",\"@id\":\"https:\\\/\\\/www.loopkinglaces.com\\\/pt-br\\\/#organization\",\"name\":\"Loop King Laces\",\"url\":\"https:\\\/\\\/www.loopkinglaces.com\\\/pt-br\\\/\",\"logo\":{\"@type\":\"ImageObject\",\"inLanguage\":\"pt-BR\",\"@id\":\"https:\\\/\\\/www.loopkinglaces.com\\\/pt-br\\\/#\\\/schema\\\/logo\\\/image\\\/\",\"url\":\"https:\\\/\\\/www.loopkinglaces.com\\\/wp-content\\\/uploads\\\/LOOP-KING-LACES.1.1-01-LOGO-HI-RES-OFFICIAL-1.png\",\"contentUrl\":\"https:\\\/\\\/www.loopkinglaces.com\\\/wp-content\\\/uploads\\\/LOOP-KING-LACES.1.1-01-LOGO-HI-RES-OFFICIAL-1.png\",\"width\":128,\"height\":91,\"caption\":\"Loop King Laces\"},\"image\":{\"@id\":\"https:\\\/\\\/www.loopkinglaces.com\\\/pt-br\\\/#\\\/schema\\\/logo\\\/image\\\/\"},\"sameAs\":[\"https:\\\/\\\/www.facebook.com\\\/LoopKingLaces\\\/\",\"https:\\\/\\\/x.com\\\/loopkinglaces\",\"https:\\\/\\\/www.instagram.com\\\/loopkinglaces\\\/\"]}]}<\/script>\n<!-- \/ Yoast SEO plugin. -->","yoast_head_json":{"title":"Cadar\u00e7os de algod\u00e3o planos, vermelhos e desbotados, com pontas transparentes - Loop King","description":"D\u00ea um toque de eleg\u00e2ncia vintage aos seus cal\u00e7ados com os cadar\u00e7os Loop King's Red Vintage Faded Shoelaces. Ideal para um estilo cl\u00e1ssico e contempor\u00e2neo. Compre agora!","robots":{"index":"index","follow":"follow","max-snippet":"max-snippet:-1","max-image-preview":"max-image-preview:large","max-video-preview":"max-video-preview:-1"},"canonical":"https:\/\/www.loopkinglaces.com\/pt-br\/products\/cadarcos-de-algodao-planos-vermelhos-e-desbotados-com-pontas-transparentes\/","og_locale":"pt_BR","og_type":"article","og_title":"Cadar\u00e7os de algod\u00e3o planos, vermelhos e desbotados, com pontas transparentes - Loop King","og_description":"D\u00ea um toque de eleg\u00e2ncia vintage aos seus cal\u00e7ados com os cadar\u00e7os Loop King's Red Vintage Faded Shoelaces. Ideal para um estilo cl\u00e1ssico e contempor\u00e2neo. Compre agora!","og_url":"https:\/\/www.loopkinglaces.com\/pt-br\/products\/cadarcos-de-algodao-planos-vermelhos-e-desbotados-com-pontas-transparentes\/","og_site_name":"Luxury Gold Tip Shoelaces by Loop King Laces","article_publisher":"https:\/\/www.facebook.com\/LoopKingLaces\/","og_image":[{"width":2560,"height":2560,"url":"https:\/\/www.loopkinglaces.com\/wp-content\/uploads\/IMG_9926-scaled.jpg","type":"image\/jpeg"}],"twitter_card":"summary_large_image","twitter_site":"@loopkinglaces","twitter_misc":{"Est. tempo de leitura":"1 minuto"},"schema":{"@context":"https:\/\/schema.org","@graph":[{"@type":["WebPage","ItemPage"],"@id":"https:\/\/www.loopkinglaces.com\/pt-br\/products\/cadarcos-de-algodao-planos-vermelhos-e-desbotados-com-pontas-transparentes\/","url":"https:\/\/www.loopkinglaces.com\/pt-br\/products\/cadarcos-de-algodao-planos-vermelhos-e-desbotados-com-pontas-transparentes\/","name":"Cadar\u00e7os de algod\u00e3o planos, vermelhos e desbotados, com pontas transparentes - Loop King","isPartOf":{"@id":"https:\/\/www.loopkinglaces.com\/pt-br\/#website"},"primaryImageOfPage":{"@id":"https:\/\/www.loopkinglaces.com\/pt-br\/products\/cadarcos-de-algodao-planos-vermelhos-e-desbotados-com-pontas-transparentes\/#primaryimage"},"image":{"@id":"https:\/\/www.loopkinglaces.com\/pt-br\/products\/cadarcos-de-algodao-planos-vermelhos-e-desbotados-com-pontas-transparentes\/#primaryimage"},"thumbnailUrl":"https:\/\/www.loopkinglaces.com\/wp-content\/uploads\/IMG_9926-scaled.jpg","datePublished":"2023-12-11T16:32:01+00:00","description":"D\u00ea um toque de eleg\u00e2ncia vintage aos seus cal\u00e7ados com os cadar\u00e7os Loop King's Red Vintage Faded Shoelaces. Ideal para um estilo cl\u00e1ssico e contempor\u00e2neo. Compre agora!","breadcrumb":{"@id":"https:\/\/www.loopkinglaces.com\/pt-br\/products\/cadarcos-de-algodao-planos-vermelhos-e-desbotados-com-pontas-transparentes\/#breadcrumb"},"inLanguage":"pt-BR","potentialAction":[{"@type":"ReadAction","target":["https:\/\/www.loopkinglaces.com\/pt-br\/products\/cadarcos-de-algodao-planos-vermelhos-e-desbotados-com-pontas-transparentes\/"]}]},{"@type":"ImageObject","inLanguage":"pt-BR","@id":"https:\/\/www.loopkinglaces.com\/pt-br\/products\/cadarcos-de-algodao-planos-vermelhos-e-desbotados-com-pontas-transparentes\/#primaryimage","url":"https:\/\/www.loopkinglaces.com\/wp-content\/uploads\/IMG_9926-scaled.jpg","contentUrl":"https:\/\/www.loopkinglaces.com\/wp-content\/uploads\/IMG_9926-scaled.jpg","width":2560,"height":2560},{"@type":"BreadcrumbList","@id":"https:\/\/www.loopkinglaces.com\/pt-br\/products\/cadarcos-de-algodao-planos-vermelhos-e-desbotados-com-pontas-transparentes\/#breadcrumb","itemListElement":[{"@type":"ListItem","position":1,"name":"Home","item":"https:\/\/www.loopkinglaces.com\/pt-br\/"},{"@type":"ListItem","position":2,"name":"BUY LACES","item":"https:\/\/www.loopkinglaces.com\/buy-laces\/"},{"@type":"ListItem","position":3,"name":"Cadar\u00e7os de algod\u00e3o planos, vermelhos e desbotados, com pontas transparentes"}]},{"@type":"WebSite","@id":"https:\/\/www.loopkinglaces.com\/pt-br\/#website","url":"https:\/\/www.loopkinglaces.com\/pt-br\/","name":"Luxury Gold Tip Shoelaces by Loop King Laces","description":"Rope Laces, Flat Waxed Laces and Leather Laces. All With Gold Tips.","publisher":{"@id":"https:\/\/www.loopkinglaces.com\/pt-br\/#organization"},"potentialAction":[{"@type":"SearchAction","target":{"@type":"EntryPoint","urlTemplate":"https:\/\/www.loopkinglaces.com\/pt-br\/?s={search_term_string}"},"query-input":{"@type":"PropertyValueSpecification","valueRequired":true,"valueName":"search_term_string"}}],"inLanguage":"pt-BR"},{"@type":"Organization","@id":"https:\/\/www.loopkinglaces.com\/pt-br\/#organization","name":"Loop King Laces","url":"https:\/\/www.loopkinglaces.com\/pt-br\/","logo":{"@type":"ImageObject","inLanguage":"pt-BR","@id":"https:\/\/www.loopkinglaces.com\/pt-br\/#\/schema\/logo\/image\/","url":"https:\/\/www.loopkinglaces.com\/wp-content\/uploads\/LOOP-KING-LACES.1.1-01-LOGO-HI-RES-OFFICIAL-1.png","contentUrl":"https:\/\/www.loopkinglaces.com\/wp-content\/uploads\/LOOP-KING-LACES.1.1-01-LOGO-HI-RES-OFFICIAL-1.png","width":128,"height":91,"caption":"Loop King Laces"},"image":{"@id":"https:\/\/www.loopkinglaces.com\/pt-br\/#\/schema\/logo\/image\/"},"sameAs":["https:\/\/www.facebook.com\/LoopKingLaces\/","https:\/\/x.com\/loopkinglaces","https:\/\/www.instagram.com\/loopkinglaces\/"]}]}},"_links":{"self":[{"href":"https:\/\/www.loopkinglaces.com\/pt-br\/wp-json\/wp\/v2\/product\/77200","targetHints":{"allow":["GET"]}}],"collection":[{"href":"https:\/\/www.loopkinglaces.com\/pt-br\/wp-json\/wp\/v2\/product"}],"about":[{"href":"https:\/\/www.loopkinglaces.com\/pt-br\/wp-json\/wp\/v2\/types\/product"}],"replies":[{"embeddable":true,"href":"https:\/\/www.loopkinglaces.com\/pt-br\/wp-json\/wp\/v2\/comments?post=77200"}],"wp:featuredmedia":[{"embeddable":true,"href":"https:\/\/www.loopkinglaces.com\/pt-br\/wp-json\/wp\/v2\/media\/77207"}],"wp:attachment":[{"href":"https:\/\/www.loopkinglaces.com\/pt-br\/wp-json\/wp\/v2\/media?parent=77200"}],"wp:term":[{"taxonomy":"product_brand","embeddable":true,"href":"https:\/\/www.loopkinglaces.com\/pt-br\/wp-json\/wp\/v2\/product_brand?post=77200"},{"taxonomy":"product_cat","embeddable":true,"href":"https:\/\/www.loopkinglaces.com\/pt-br\/wp-json\/wp\/v2\/product_cat?post=77200"},{"taxonomy":"product_tag","embeddable":true,"href":"https:\/\/www.loopkinglaces.com\/pt-br\/wp-json\/wp\/v2\/product_tag?post=77200"},{"taxonomy":"woo-feed-brand","embeddable":true,"href":"https:\/\/www.loopkinglaces.com\/pt-br\/wp-json\/wp\/v2\/woo-feed-brand?post=77200"}],"curies":[{"name":"wp","href":"https:\/\/api.w.org\/{rel}","templated":true}]}}