{"id":76600,"date":"2023-12-07T16:30:49","date_gmt":"2023-12-07T16:30:49","guid":{"rendered":"https:\/\/www.loopkinglaces.com\/products\/cadarcos-de-couro-verde-kelly-de-luxo-com-pontas-douradas\/"},"modified":"2023-12-07T16:30:49","modified_gmt":"2023-12-07T16:30:49","slug":"cadarcos-de-couro-verde-kelly-de-luxo-com-pontas-douradas","status":"publish","type":"product","link":"https:\/\/www.loopkinglaces.com\/pt-br\/products\/cadarcos-de-couro-verde-kelly-de-luxo-com-pontas-douradas\/","title":{"rendered":"Cadar\u00e7os de couro verde Kelly de luxo com pontas douradas"},"content":{"rendered":"<h3><a href=\"https:\/\/www.loopkinglaces.com\/\">Cadar\u00e7os de t\u00eanis de luxo<\/a><\/h3>\n<p>Reconhecendo que cadar\u00e7os mais grossos e mais largos costumam parecer mais sofisticados, os cadar\u00e7os de couro da Loop King s\u00e3o intencionalmente criados para serem robustos, aumentando seu apelo luxuoso. A espessura substancial destaca ainda mais o couro premium que usamos. A qualidade \u00e9 nosso mantra e seguimos padr\u00f5es rigorosos para nossos materiais, o que torna nossos cadar\u00e7os notavelmente mais dur\u00e1veis. Em compara\u00e7\u00e3o com outras marcas, os nossos duram at\u00e9 tr\u00eas vezes mais. Opte pelos cadar\u00e7os de couro Loop King para evitar substitui\u00e7\u00f5es frequentes.    <\/p>\n","protected":false},"excerpt":{"rendered":"<p><strong>Cadar\u00e7os de couro verde Kelly de luxo com pontas douradas<\/strong><\/p>\n<p>\u00c9 amplamente reconhecido que cadar\u00e7os mais grossos e lisos t\u00eam uma apar\u00eancia mais sofisticada e cara. Os cadar\u00e7os de couro da Loop King s\u00e3o feitos para incorporar esse princ\u00edpio, com uma constru\u00e7\u00e3o robusta que ressalta sua natureza de luxo. A espessura n\u00e3o apenas destaca o couro fino, mas tamb\u00e9m reflete nosso compromisso com a qualidade. Usando materiais de primeira qualidade, nossos cadar\u00e7os s\u00e3o extremamente dur\u00e1veis, muitas vezes durando tr\u00eas vezes mais que os outros. Os cadar\u00e7os de couro da Loop King s\u00e3o a solu\u00e7\u00e3o que voc\u00ea precisa para ter uma eleg\u00e2ncia duradoura. Os principais recursos incluem: <\/p>\n<ul>\n<li>6 mm de largura (plano)<\/li>\n<li>Couro fino<\/li>\n<li>Pontas de agulhas douradas em relevo com o nome Loop King<\/li>\n<li>Serve para a maioria das principais marcas de cal\u00e7ados (Nike, Adidas, Reebok, Vans, Converse, etc.)<\/li>\n<li>Durar\u00e1 mais do que outras marcas de cadar\u00e7os 3x<\/li>\n<li>Embalagem de Beautiful Loop King por la\u00e7o<\/li>\n<\/ul>\n","protected":false},"featured_media":76601,"comment_status":"open","ping_status":"closed","template":"","meta":{"_acf_changed":false},"product_brand":[],"product_cat":[1858,1877,1883,1878,1855,1881,1876,1880,1873,1874,1872,1863,1884,1882,1879,1875,1885,1862,1856],"product_tag":[1868,1866,1869,1867,1870,1871],"woo-feed-brand":[],"class_list":{"0":"post-76600","1":"product","2":"type-product","3":"status-publish","4":"has-post-thumbnail","6":"product_cat-cadarcos-com-ponta-de-ouro","7":"product_cat-cadarcos-de-52-polegadas","8":"product_cat-cadarcos-de-botas-de-72-polegadas-para-voce-arrasar-no-seu-estilo","9":"product_cat-cadarcos-de-calcados-skechers-de-alto-nivel-que-adicionam-intriga-valor-e-conforto","10":"product_cat-cadarcos-de-couro-de-luxo","11":"product_cat-cadarcos-de-sapatos-allen-edmonds-um-passo-acima-do-comum","12":"product_cat-cadarcos-nike-sb-modernos-e-de-primeira-linha","13":"product_cat-cadarcos-para-sapatos-ecco-acabamento-perfeito-para-seus-calcados-marcantes","14":"product_cat-cadarcos-stan-smith-elegantes-e-modernos","15":"product_cat-cadarcos-vans-fantasticos-para-seus-tenis","16":"product_cat-cadarcos-verdes-premium-para-melhorar-seus-calcados","17":"product_cat-eleve-sua-experiencia-hoka-nao-apenas-cadarcos-mas-declaracoes-em-tons-neutros","18":"product_cat-encontrando-a-combinacao-perfeita-a-revolucao-dos-cadarcos-de-72-polegadas","19":"product_cat-encontrando-o-cadarco-perfeito-de-60-polegadas-uma-aventura-no-mundo-real","20":"product_cat-impressionantes-cadarcos-de-botas-timberland-que-nao-deixarao-voce-na-mao","21":"product_cat-lacos-da-raca-humana","22":"product_cat-melhore-seu-jogo-de-sapatos-com-cadarcos-de-botas-de-54-polegadas","23":"product_cat-reposicao-de-cadarcos-golden-goose-para-seus-calcados-mais-queridos","24":"product_cat-todos-os-cadarcos","25":"product_tag-cadarcos","26":"product_tag-calcados","27":"product_tag-cordoes-de-couro","28":"product_tag-loop-king-pt-br","29":"product_tag-ponta-de-metal","30":"product_tag-preto","32":"first","33":"instock","34":"taxable","35":"shipping-taxable","36":"purchasable","37":"product-type-variable"},"acf":[],"yoast_head":"<!-- This site is optimized with the Yoast SEO plugin v27.5 - https:\/\/yoast.com\/product\/yoast-seo-wordpress\/ -->\n<title>Cadar\u00e7os de couro verde Kelly de luxo com pontas douradas - da Loop King<\/title>\n<meta name=\"description\" content=\"Transforme seus t\u00eanis com nossos cadar\u00e7os de couro de alta qualidade. Eles foram projetados para dar um toque de eleg\u00e2ncia aos seus pares favoritos. Confira nossa sele\u00e7\u00e3o hoje mesmo.\" \/>\n<meta name=\"robots\" content=\"index, follow, max-snippet:-1, max-image-preview:large, max-video-preview:-1\" \/>\n<link rel=\"canonical\" href=\"https:\/\/www.loopkinglaces.com\/pt-br\/products\/cadarcos-de-couro-verde-kelly-de-luxo-com-pontas-douradas\/\" \/>\n<meta property=\"og:locale\" content=\"pt_BR\" \/>\n<meta property=\"og:type\" content=\"article\" \/>\n<meta property=\"og:title\" content=\"Cadar\u00e7os de couro verde Kelly de luxo com pontas douradas - da Loop King\" \/>\n<meta property=\"og:description\" content=\"Transforme seus t\u00eanis com nossos cadar\u00e7os de couro de alta qualidade. Eles foram projetados para dar um toque de eleg\u00e2ncia aos seus pares favoritos. Confira nossa sele\u00e7\u00e3o hoje mesmo.\" \/>\n<meta property=\"og:url\" content=\"https:\/\/www.loopkinglaces.com\/pt-br\/products\/cadarcos-de-couro-verde-kelly-de-luxo-com-pontas-douradas\/\" \/>\n<meta property=\"og:site_name\" content=\"Luxury Gold Tip Shoelaces by Loop King Laces\" \/>\n<meta property=\"article:publisher\" content=\"https:\/\/www.facebook.com\/LoopKingLaces\/\" \/>\n<meta property=\"og:image\" content=\"https:\/\/www.loopkinglaces.com\/wp-content\/uploads\/Kelly-Green-Leather-scaled.jpg\" \/>\n\t<meta property=\"og:image:width\" content=\"2560\" \/>\n\t<meta property=\"og:image:height\" content=\"2560\" \/>\n\t<meta property=\"og:image:type\" content=\"image\/jpeg\" \/>\n<meta name=\"twitter:card\" content=\"summary_large_image\" \/>\n<meta name=\"twitter:site\" content=\"@loopkinglaces\" \/>\n<script type=\"application\/ld+json\" class=\"yoast-schema-graph\">{\"@context\":\"https:\\\/\\\/schema.org\",\"@graph\":[{\"@type\":[\"WebPage\",\"ItemPage\"],\"@id\":\"https:\\\/\\\/www.loopkinglaces.com\\\/pt-br\\\/products\\\/cadarcos-de-couro-verde-kelly-de-luxo-com-pontas-douradas\\\/\",\"url\":\"https:\\\/\\\/www.loopkinglaces.com\\\/pt-br\\\/products\\\/cadarcos-de-couro-verde-kelly-de-luxo-com-pontas-douradas\\\/\",\"name\":\"Cadar\u00e7os de couro verde Kelly de luxo com pontas douradas - da Loop King\",\"isPartOf\":{\"@id\":\"https:\\\/\\\/www.loopkinglaces.com\\\/pt-br\\\/#website\"},\"primaryImageOfPage\":{\"@id\":\"https:\\\/\\\/www.loopkinglaces.com\\\/pt-br\\\/products\\\/cadarcos-de-couro-verde-kelly-de-luxo-com-pontas-douradas\\\/#primaryimage\"},\"image\":{\"@id\":\"https:\\\/\\\/www.loopkinglaces.com\\\/pt-br\\\/products\\\/cadarcos-de-couro-verde-kelly-de-luxo-com-pontas-douradas\\\/#primaryimage\"},\"thumbnailUrl\":\"https:\\\/\\\/www.loopkinglaces.com\\\/wp-content\\\/uploads\\\/Kelly-Green-Leather-scaled.jpg\",\"datePublished\":\"2023-12-07T16:30:49+00:00\",\"description\":\"Transforme seus t\u00eanis com nossos cadar\u00e7os de couro de alta qualidade. Eles foram projetados para dar um toque de eleg\u00e2ncia aos seus pares favoritos. Confira nossa sele\u00e7\u00e3o hoje mesmo.\",\"breadcrumb\":{\"@id\":\"https:\\\/\\\/www.loopkinglaces.com\\\/pt-br\\\/products\\\/cadarcos-de-couro-verde-kelly-de-luxo-com-pontas-douradas\\\/#breadcrumb\"},\"inLanguage\":\"pt-BR\",\"potentialAction\":[{\"@type\":\"ReadAction\",\"target\":[\"https:\\\/\\\/www.loopkinglaces.com\\\/pt-br\\\/products\\\/cadarcos-de-couro-verde-kelly-de-luxo-com-pontas-douradas\\\/\"]}]},{\"@type\":\"ImageObject\",\"inLanguage\":\"pt-BR\",\"@id\":\"https:\\\/\\\/www.loopkinglaces.com\\\/pt-br\\\/products\\\/cadarcos-de-couro-verde-kelly-de-luxo-com-pontas-douradas\\\/#primaryimage\",\"url\":\"https:\\\/\\\/www.loopkinglaces.com\\\/wp-content\\\/uploads\\\/Kelly-Green-Leather-scaled.jpg\",\"contentUrl\":\"https:\\\/\\\/www.loopkinglaces.com\\\/wp-content\\\/uploads\\\/Kelly-Green-Leather-scaled.jpg\",\"width\":2560,\"height\":2560},{\"@type\":\"BreadcrumbList\",\"@id\":\"https:\\\/\\\/www.loopkinglaces.com\\\/pt-br\\\/products\\\/cadarcos-de-couro-verde-kelly-de-luxo-com-pontas-douradas\\\/#breadcrumb\",\"itemListElement\":[{\"@type\":\"ListItem\",\"position\":1,\"name\":\"Home\",\"item\":\"https:\\\/\\\/www.loopkinglaces.com\\\/pt-br\\\/\"},{\"@type\":\"ListItem\",\"position\":2,\"name\":\"BUY LACES\",\"item\":\"https:\\\/\\\/www.loopkinglaces.com\\\/buy-laces\\\/\"},{\"@type\":\"ListItem\",\"position\":3,\"name\":\"Cadar\u00e7os de couro verde Kelly de luxo com pontas douradas\"}]},{\"@type\":\"WebSite\",\"@id\":\"https:\\\/\\\/www.loopkinglaces.com\\\/pt-br\\\/#website\",\"url\":\"https:\\\/\\\/www.loopkinglaces.com\\\/pt-br\\\/\",\"name\":\"Luxury Gold Tip Shoelaces by Loop King Laces\",\"description\":\"Rope Laces, Flat Waxed Laces and Leather Laces. All With Gold Tips.\",\"publisher\":{\"@id\":\"https:\\\/\\\/www.loopkinglaces.com\\\/pt-br\\\/#organization\"},\"potentialAction\":[{\"@type\":\"SearchAction\",\"target\":{\"@type\":\"EntryPoint\",\"urlTemplate\":\"https:\\\/\\\/www.loopkinglaces.com\\\/pt-br\\\/?s={search_term_string}\"},\"query-input\":{\"@type\":\"PropertyValueSpecification\",\"valueRequired\":true,\"valueName\":\"search_term_string\"}}],\"inLanguage\":\"pt-BR\"},{\"@type\":\"Organization\",\"@id\":\"https:\\\/\\\/www.loopkinglaces.com\\\/pt-br\\\/#organization\",\"name\":\"Loop King Laces\",\"url\":\"https:\\\/\\\/www.loopkinglaces.com\\\/pt-br\\\/\",\"logo\":{\"@type\":\"ImageObject\",\"inLanguage\":\"pt-BR\",\"@id\":\"https:\\\/\\\/www.loopkinglaces.com\\\/pt-br\\\/#\\\/schema\\\/logo\\\/image\\\/\",\"url\":\"https:\\\/\\\/www.loopkinglaces.com\\\/wp-content\\\/uploads\\\/LOOP-KING-LACES.1.1-01-LOGO-HI-RES-OFFICIAL-1.png\",\"contentUrl\":\"https:\\\/\\\/www.loopkinglaces.com\\\/wp-content\\\/uploads\\\/LOOP-KING-LACES.1.1-01-LOGO-HI-RES-OFFICIAL-1.png\",\"width\":128,\"height\":91,\"caption\":\"Loop King Laces\"},\"image\":{\"@id\":\"https:\\\/\\\/www.loopkinglaces.com\\\/pt-br\\\/#\\\/schema\\\/logo\\\/image\\\/\"},\"sameAs\":[\"https:\\\/\\\/www.facebook.com\\\/LoopKingLaces\\\/\",\"https:\\\/\\\/x.com\\\/loopkinglaces\",\"https:\\\/\\\/www.instagram.com\\\/loopkinglaces\\\/\"]}]}<\/script>\n<!-- \/ Yoast SEO plugin. -->","yoast_head_json":{"title":"Cadar\u00e7os de couro verde Kelly de luxo com pontas douradas - da Loop King","description":"Transforme seus t\u00eanis com nossos cadar\u00e7os de couro de alta qualidade. Eles foram projetados para dar um toque de eleg\u00e2ncia aos seus pares favoritos. Confira nossa sele\u00e7\u00e3o hoje mesmo.","robots":{"index":"index","follow":"follow","max-snippet":"max-snippet:-1","max-image-preview":"max-image-preview:large","max-video-preview":"max-video-preview:-1"},"canonical":"https:\/\/www.loopkinglaces.com\/pt-br\/products\/cadarcos-de-couro-verde-kelly-de-luxo-com-pontas-douradas\/","og_locale":"pt_BR","og_type":"article","og_title":"Cadar\u00e7os de couro verde Kelly de luxo com pontas douradas - da Loop King","og_description":"Transforme seus t\u00eanis com nossos cadar\u00e7os de couro de alta qualidade. Eles foram projetados para dar um toque de eleg\u00e2ncia aos seus pares favoritos. Confira nossa sele\u00e7\u00e3o hoje mesmo.","og_url":"https:\/\/www.loopkinglaces.com\/pt-br\/products\/cadarcos-de-couro-verde-kelly-de-luxo-com-pontas-douradas\/","og_site_name":"Luxury Gold Tip Shoelaces by Loop King Laces","article_publisher":"https:\/\/www.facebook.com\/LoopKingLaces\/","og_image":[{"width":2560,"height":2560,"url":"https:\/\/www.loopkinglaces.com\/wp-content\/uploads\/Kelly-Green-Leather-scaled.jpg","type":"image\/jpeg"}],"twitter_card":"summary_large_image","twitter_site":"@loopkinglaces","schema":{"@context":"https:\/\/schema.org","@graph":[{"@type":["WebPage","ItemPage"],"@id":"https:\/\/www.loopkinglaces.com\/pt-br\/products\/cadarcos-de-couro-verde-kelly-de-luxo-com-pontas-douradas\/","url":"https:\/\/www.loopkinglaces.com\/pt-br\/products\/cadarcos-de-couro-verde-kelly-de-luxo-com-pontas-douradas\/","name":"Cadar\u00e7os de couro verde Kelly de luxo com pontas douradas - da Loop King","isPartOf":{"@id":"https:\/\/www.loopkinglaces.com\/pt-br\/#website"},"primaryImageOfPage":{"@id":"https:\/\/www.loopkinglaces.com\/pt-br\/products\/cadarcos-de-couro-verde-kelly-de-luxo-com-pontas-douradas\/#primaryimage"},"image":{"@id":"https:\/\/www.loopkinglaces.com\/pt-br\/products\/cadarcos-de-couro-verde-kelly-de-luxo-com-pontas-douradas\/#primaryimage"},"thumbnailUrl":"https:\/\/www.loopkinglaces.com\/wp-content\/uploads\/Kelly-Green-Leather-scaled.jpg","datePublished":"2023-12-07T16:30:49+00:00","description":"Transforme seus t\u00eanis com nossos cadar\u00e7os de couro de alta qualidade. Eles foram projetados para dar um toque de eleg\u00e2ncia aos seus pares favoritos. Confira nossa sele\u00e7\u00e3o hoje mesmo.","breadcrumb":{"@id":"https:\/\/www.loopkinglaces.com\/pt-br\/products\/cadarcos-de-couro-verde-kelly-de-luxo-com-pontas-douradas\/#breadcrumb"},"inLanguage":"pt-BR","potentialAction":[{"@type":"ReadAction","target":["https:\/\/www.loopkinglaces.com\/pt-br\/products\/cadarcos-de-couro-verde-kelly-de-luxo-com-pontas-douradas\/"]}]},{"@type":"ImageObject","inLanguage":"pt-BR","@id":"https:\/\/www.loopkinglaces.com\/pt-br\/products\/cadarcos-de-couro-verde-kelly-de-luxo-com-pontas-douradas\/#primaryimage","url":"https:\/\/www.loopkinglaces.com\/wp-content\/uploads\/Kelly-Green-Leather-scaled.jpg","contentUrl":"https:\/\/www.loopkinglaces.com\/wp-content\/uploads\/Kelly-Green-Leather-scaled.jpg","width":2560,"height":2560},{"@type":"BreadcrumbList","@id":"https:\/\/www.loopkinglaces.com\/pt-br\/products\/cadarcos-de-couro-verde-kelly-de-luxo-com-pontas-douradas\/#breadcrumb","itemListElement":[{"@type":"ListItem","position":1,"name":"Home","item":"https:\/\/www.loopkinglaces.com\/pt-br\/"},{"@type":"ListItem","position":2,"name":"BUY LACES","item":"https:\/\/www.loopkinglaces.com\/buy-laces\/"},{"@type":"ListItem","position":3,"name":"Cadar\u00e7os de couro verde Kelly de luxo com pontas douradas"}]},{"@type":"WebSite","@id":"https:\/\/www.loopkinglaces.com\/pt-br\/#website","url":"https:\/\/www.loopkinglaces.com\/pt-br\/","name":"Luxury Gold Tip Shoelaces by Loop King Laces","description":"Rope Laces, Flat Waxed Laces and Leather Laces. All With Gold Tips.","publisher":{"@id":"https:\/\/www.loopkinglaces.com\/pt-br\/#organization"},"potentialAction":[{"@type":"SearchAction","target":{"@type":"EntryPoint","urlTemplate":"https:\/\/www.loopkinglaces.com\/pt-br\/?s={search_term_string}"},"query-input":{"@type":"PropertyValueSpecification","valueRequired":true,"valueName":"search_term_string"}}],"inLanguage":"pt-BR"},{"@type":"Organization","@id":"https:\/\/www.loopkinglaces.com\/pt-br\/#organization","name":"Loop King Laces","url":"https:\/\/www.loopkinglaces.com\/pt-br\/","logo":{"@type":"ImageObject","inLanguage":"pt-BR","@id":"https:\/\/www.loopkinglaces.com\/pt-br\/#\/schema\/logo\/image\/","url":"https:\/\/www.loopkinglaces.com\/wp-content\/uploads\/LOOP-KING-LACES.1.1-01-LOGO-HI-RES-OFFICIAL-1.png","contentUrl":"https:\/\/www.loopkinglaces.com\/wp-content\/uploads\/LOOP-KING-LACES.1.1-01-LOGO-HI-RES-OFFICIAL-1.png","width":128,"height":91,"caption":"Loop King Laces"},"image":{"@id":"https:\/\/www.loopkinglaces.com\/pt-br\/#\/schema\/logo\/image\/"},"sameAs":["https:\/\/www.facebook.com\/LoopKingLaces\/","https:\/\/x.com\/loopkinglaces","https:\/\/www.instagram.com\/loopkinglaces\/"]}]}},"_links":{"self":[{"href":"https:\/\/www.loopkinglaces.com\/pt-br\/wp-json\/wp\/v2\/product\/76600","targetHints":{"allow":["GET"]}}],"collection":[{"href":"https:\/\/www.loopkinglaces.com\/pt-br\/wp-json\/wp\/v2\/product"}],"about":[{"href":"https:\/\/www.loopkinglaces.com\/pt-br\/wp-json\/wp\/v2\/types\/product"}],"replies":[{"embeddable":true,"href":"https:\/\/www.loopkinglaces.com\/pt-br\/wp-json\/wp\/v2\/comments?post=76600"}],"wp:featuredmedia":[{"embeddable":true,"href":"https:\/\/www.loopkinglaces.com\/pt-br\/wp-json\/wp\/v2\/media\/76601"}],"wp:attachment":[{"href":"https:\/\/www.loopkinglaces.com\/pt-br\/wp-json\/wp\/v2\/media?parent=76600"}],"wp:term":[{"taxonomy":"product_brand","embeddable":true,"href":"https:\/\/www.loopkinglaces.com\/pt-br\/wp-json\/wp\/v2\/product_brand?post=76600"},{"taxonomy":"product_cat","embeddable":true,"href":"https:\/\/www.loopkinglaces.com\/pt-br\/wp-json\/wp\/v2\/product_cat?post=76600"},{"taxonomy":"product_tag","embeddable":true,"href":"https:\/\/www.loopkinglaces.com\/pt-br\/wp-json\/wp\/v2\/product_tag?post=76600"},{"taxonomy":"woo-feed-brand","embeddable":true,"href":"https:\/\/www.loopkinglaces.com\/pt-br\/wp-json\/wp\/v2\/woo-feed-brand?post=76600"}],"curies":[{"name":"wp","href":"https:\/\/api.w.org\/{rel}","templated":true}]}}