{"id":76591,"date":"2023-12-07T14:48:34","date_gmt":"2023-12-07T14:48:34","guid":{"rendered":"https:\/\/www.loopkinglaces.com\/products\/cadarcos-de-couro-marrom-de-luxo-com-pontas-douradas\/"},"modified":"2023-12-07T14:48:34","modified_gmt":"2023-12-07T14:48:34","slug":"cadarcos-de-couro-marrom-de-luxo-com-pontas-douradas","status":"publish","type":"product","link":"https:\/\/www.loopkinglaces.com\/pt-br\/products\/cadarcos-de-couro-marrom-de-luxo-com-pontas-douradas\/","title":{"rendered":"Cadar\u00e7os de couro marrom de luxo com pontas douradas"},"content":{"rendered":"<h3><a href=\"https:\/\/www.loopkinglaces.com\/\">Cadar\u00e7os de t\u00eanis de luxo<\/a><\/h3>\n<p>Voc\u00ea n\u00e3o pode subestimar o fasc\u00ednio de cadar\u00e7os planos e substanciais; eles exalam um ar de luxo. \u00c9 exatamente por isso que os cadar\u00e7os de couro da Loop King s\u00e3o fabricados com uma espessura robusta, demonstrando sua qualidade premium. A espessura not\u00e1vel n\u00e3o apenas destaca a qualidade superior do couro usado, mas tamb\u00e9m demonstra nosso compromisso inabal\u00e1vel com a excel\u00eancia. Nossa escolha de materiais de primeira linha garante que esses cadar\u00e7os durem mais do que os outros, muitas vezes por um fator de tr\u00eas. Para voc\u00ea que deseja evitar substitui\u00e7\u00f5es frequentes de cadar\u00e7os, os cadar\u00e7os de couro da Loop King s\u00e3o a escolha ideal, pois apresentam os principais recursos.    <\/p>\n","protected":false},"excerpt":{"rendered":"<p><strong>Cadar\u00e7os de couro marrom de luxo com pontas douradas<\/strong><\/p>\n<p>N\u00e3o h\u00e1 como negar que cadar\u00e7os mais largos e mais grossos t\u00eam uma apar\u00eancia mais luxuosa e cara. A Loop King entende isso, e \u00e9 por isso que nossos cadar\u00e7os de couro s\u00e3o projetados para serem grossos e elegantes, real\u00e7ando o couro de alta qualidade. Damos grande import\u00e2ncia \u00e0 qualidade, usando apenas os melhores materiais. Isso resulta em cadar\u00e7os que n\u00e3o s\u00e3o apenas visualmente atraentes, mas tamb\u00e9m incrivelmente dur\u00e1veis, muitas vezes superando em tr\u00eas vezes os cadar\u00e7os dos concorrentes. Escolha os cadar\u00e7os de couro Loop King se voc\u00ea estiver procurando uma combina\u00e7\u00e3o de estilo e longevidade. Seus principais recursos incluem: <\/p>\n<ul>\n<li>6 mm de largura (plano)<\/li>\n<li>Couro fino<\/li>\n<li>Pontas de agulhas douradas em relevo com o nome Loop King<\/li>\n<li>Serve para a maioria das principais marcas de cal\u00e7ados (Nike, Adidas, Reebok, Vans, Converse, etc.)<\/li>\n<li>Durar\u00e1 mais do que outras marcas de cadar\u00e7os 3x<\/li>\n<li>Embalagem de Beautiful Loop King por la\u00e7o<\/li>\n<\/ul>\n","protected":false},"featured_media":76592,"comment_status":"open","ping_status":"closed","template":"","meta":{"_acf_changed":false},"product_brand":[],"product_cat":[1858,1855,1864,1857,1859,1863,1860,1861,1862,1856,1865],"product_tag":[1868,1866,1869,1867,1870,1871],"woo-feed-brand":[],"class_list":{"0":"post-76591","1":"product","2":"type-product","3":"status-publish","4":"has-post-thumbnail","6":"product_cat-cadarcos-com-ponta-de-ouro","7":"product_cat-cadarcos-de-couro-de-luxo","8":"product_cat-cadarcos-extra-longos-mais-do-que-apenas-uma-tendencia-eles-sao-um-estilo-de-vida","9":"product_cat-cadarcos-marrons-para-aprimorar-seu-estilo","10":"product_cat-como-amarrar-o-air-max-97-guia-de-tamanhos-e-opcoes-de-cadarcos","11":"product_cat-eleve-sua-experiencia-hoka-nao-apenas-cadarcos-mas-declaracoes-em-tons-neutros","12":"product_cat-os-melhores-cadarcos-alexander-mcqueen-para-seus-tenis-de-ponta","13":"product_cat-os-resistentes-cadarcos-de-botas-thorogood-que-nunca-deixarao-voce-na-mao","14":"product_cat-reposicao-de-cadarcos-golden-goose-para-seus-calcados-mais-queridos","15":"product_cat-todos-os-cadarcos","16":"product_cat-travis-scott-laces-o-hype-o-amor-e-tudo-o-mais","17":"product_tag-cadarcos","18":"product_tag-calcados","19":"product_tag-cordoes-de-couro","20":"product_tag-loop-king-pt-br","21":"product_tag-ponta-de-metal","22":"product_tag-preto","24":"first","25":"instock","26":"taxable","27":"shipping-taxable","28":"purchasable","29":"product-type-variable"},"acf":[],"yoast_head":"<!-- This site is optimized with the Yoast SEO plugin v27.5 - https:\/\/yoast.com\/product\/yoast-seo-wordpress\/ -->\n<title>Cadar\u00e7os de couro marrom de luxo com pontas douradas - da Loop King<\/title>\n<meta name=\"description\" content=\"D\u00ea \u00e0 sua cole\u00e7\u00e3o de cal\u00e7ados uma r\u00e1pida atualiza\u00e7\u00e3o com nossos cadar\u00e7os de couro premium. Eles s\u00e3o a combina\u00e7\u00e3o perfeita para Nike Dunks e uma grande variedade de marcas de t\u00eanis.\" \/>\n<meta name=\"robots\" content=\"index, follow, max-snippet:-1, max-image-preview:large, max-video-preview:-1\" \/>\n<link rel=\"canonical\" href=\"https:\/\/www.loopkinglaces.com\/pt-br\/products\/cadarcos-de-couro-marrom-de-luxo-com-pontas-douradas\/\" \/>\n<meta property=\"og:locale\" content=\"pt_BR\" \/>\n<meta property=\"og:type\" content=\"article\" \/>\n<meta property=\"og:title\" content=\"Cadar\u00e7os de couro marrom de luxo com pontas douradas - da Loop King\" \/>\n<meta property=\"og:description\" content=\"D\u00ea \u00e0 sua cole\u00e7\u00e3o de cal\u00e7ados uma r\u00e1pida atualiza\u00e7\u00e3o com nossos cadar\u00e7os de couro premium. Eles s\u00e3o a combina\u00e7\u00e3o perfeita para Nike Dunks e uma grande variedade de marcas de t\u00eanis.\" \/>\n<meta property=\"og:url\" content=\"https:\/\/www.loopkinglaces.com\/pt-br\/products\/cadarcos-de-couro-marrom-de-luxo-com-pontas-douradas\/\" \/>\n<meta property=\"og:site_name\" content=\"Luxury Gold Tip Shoelaces by Loop King Laces\" \/>\n<meta property=\"article:publisher\" content=\"https:\/\/www.facebook.com\/LoopKingLaces\/\" \/>\n<meta property=\"og:image\" content=\"https:\/\/www.loopkinglaces.com\/wp-content\/uploads\/Brown-Leather-scaled.jpg\" \/>\n\t<meta property=\"og:image:width\" content=\"2560\" \/>\n\t<meta property=\"og:image:height\" content=\"2560\" \/>\n\t<meta property=\"og:image:type\" content=\"image\/jpeg\" \/>\n<meta name=\"twitter:card\" content=\"summary_large_image\" \/>\n<meta name=\"twitter:site\" content=\"@loopkinglaces\" \/>\n<meta name=\"twitter:label1\" content=\"Est. tempo de leitura\" \/>\n\t<meta name=\"twitter:data1\" content=\"1 minuto\" \/>\n<script type=\"application\/ld+json\" class=\"yoast-schema-graph\">{\"@context\":\"https:\\\/\\\/schema.org\",\"@graph\":[{\"@type\":[\"WebPage\",\"ItemPage\"],\"@id\":\"https:\\\/\\\/www.loopkinglaces.com\\\/pt-br\\\/products\\\/cadarcos-de-couro-marrom-de-luxo-com-pontas-douradas\\\/\",\"url\":\"https:\\\/\\\/www.loopkinglaces.com\\\/pt-br\\\/products\\\/cadarcos-de-couro-marrom-de-luxo-com-pontas-douradas\\\/\",\"name\":\"Cadar\u00e7os de couro marrom de luxo com pontas douradas - da Loop King\",\"isPartOf\":{\"@id\":\"https:\\\/\\\/www.loopkinglaces.com\\\/pt-br\\\/#website\"},\"primaryImageOfPage\":{\"@id\":\"https:\\\/\\\/www.loopkinglaces.com\\\/pt-br\\\/products\\\/cadarcos-de-couro-marrom-de-luxo-com-pontas-douradas\\\/#primaryimage\"},\"image\":{\"@id\":\"https:\\\/\\\/www.loopkinglaces.com\\\/pt-br\\\/products\\\/cadarcos-de-couro-marrom-de-luxo-com-pontas-douradas\\\/#primaryimage\"},\"thumbnailUrl\":\"https:\\\/\\\/www.loopkinglaces.com\\\/wp-content\\\/uploads\\\/Brown-Leather-scaled.jpg\",\"datePublished\":\"2023-12-07T14:48:34+00:00\",\"description\":\"D\u00ea \u00e0 sua cole\u00e7\u00e3o de cal\u00e7ados uma r\u00e1pida atualiza\u00e7\u00e3o com nossos cadar\u00e7os de couro premium. Eles s\u00e3o a combina\u00e7\u00e3o perfeita para Nike Dunks e uma grande variedade de marcas de t\u00eanis.\",\"breadcrumb\":{\"@id\":\"https:\\\/\\\/www.loopkinglaces.com\\\/pt-br\\\/products\\\/cadarcos-de-couro-marrom-de-luxo-com-pontas-douradas\\\/#breadcrumb\"},\"inLanguage\":\"pt-BR\",\"potentialAction\":[{\"@type\":\"ReadAction\",\"target\":[\"https:\\\/\\\/www.loopkinglaces.com\\\/pt-br\\\/products\\\/cadarcos-de-couro-marrom-de-luxo-com-pontas-douradas\\\/\"]}]},{\"@type\":\"ImageObject\",\"inLanguage\":\"pt-BR\",\"@id\":\"https:\\\/\\\/www.loopkinglaces.com\\\/pt-br\\\/products\\\/cadarcos-de-couro-marrom-de-luxo-com-pontas-douradas\\\/#primaryimage\",\"url\":\"https:\\\/\\\/www.loopkinglaces.com\\\/wp-content\\\/uploads\\\/Brown-Leather-scaled.jpg\",\"contentUrl\":\"https:\\\/\\\/www.loopkinglaces.com\\\/wp-content\\\/uploads\\\/Brown-Leather-scaled.jpg\",\"width\":2560,\"height\":2560},{\"@type\":\"BreadcrumbList\",\"@id\":\"https:\\\/\\\/www.loopkinglaces.com\\\/pt-br\\\/products\\\/cadarcos-de-couro-marrom-de-luxo-com-pontas-douradas\\\/#breadcrumb\",\"itemListElement\":[{\"@type\":\"ListItem\",\"position\":1,\"name\":\"Home\",\"item\":\"https:\\\/\\\/www.loopkinglaces.com\\\/pt-br\\\/\"},{\"@type\":\"ListItem\",\"position\":2,\"name\":\"BUY LACES\",\"item\":\"https:\\\/\\\/www.loopkinglaces.com\\\/buy-laces\\\/\"},{\"@type\":\"ListItem\",\"position\":3,\"name\":\"Cadar\u00e7os de couro marrom de luxo com pontas douradas\"}]},{\"@type\":\"WebSite\",\"@id\":\"https:\\\/\\\/www.loopkinglaces.com\\\/pt-br\\\/#website\",\"url\":\"https:\\\/\\\/www.loopkinglaces.com\\\/pt-br\\\/\",\"name\":\"Luxury Gold Tip Shoelaces by Loop King Laces\",\"description\":\"Rope Laces, Flat Waxed Laces and Leather Laces. All With Gold Tips.\",\"publisher\":{\"@id\":\"https:\\\/\\\/www.loopkinglaces.com\\\/pt-br\\\/#organization\"},\"potentialAction\":[{\"@type\":\"SearchAction\",\"target\":{\"@type\":\"EntryPoint\",\"urlTemplate\":\"https:\\\/\\\/www.loopkinglaces.com\\\/pt-br\\\/?s={search_term_string}\"},\"query-input\":{\"@type\":\"PropertyValueSpecification\",\"valueRequired\":true,\"valueName\":\"search_term_string\"}}],\"inLanguage\":\"pt-BR\"},{\"@type\":\"Organization\",\"@id\":\"https:\\\/\\\/www.loopkinglaces.com\\\/pt-br\\\/#organization\",\"name\":\"Loop King Laces\",\"url\":\"https:\\\/\\\/www.loopkinglaces.com\\\/pt-br\\\/\",\"logo\":{\"@type\":\"ImageObject\",\"inLanguage\":\"pt-BR\",\"@id\":\"https:\\\/\\\/www.loopkinglaces.com\\\/pt-br\\\/#\\\/schema\\\/logo\\\/image\\\/\",\"url\":\"https:\\\/\\\/www.loopkinglaces.com\\\/wp-content\\\/uploads\\\/LOOP-KING-LACES.1.1-01-LOGO-HI-RES-OFFICIAL-1.png\",\"contentUrl\":\"https:\\\/\\\/www.loopkinglaces.com\\\/wp-content\\\/uploads\\\/LOOP-KING-LACES.1.1-01-LOGO-HI-RES-OFFICIAL-1.png\",\"width\":128,\"height\":91,\"caption\":\"Loop King Laces\"},\"image\":{\"@id\":\"https:\\\/\\\/www.loopkinglaces.com\\\/pt-br\\\/#\\\/schema\\\/logo\\\/image\\\/\"},\"sameAs\":[\"https:\\\/\\\/www.facebook.com\\\/LoopKingLaces\\\/\",\"https:\\\/\\\/x.com\\\/loopkinglaces\",\"https:\\\/\\\/www.instagram.com\\\/loopkinglaces\\\/\"]}]}<\/script>\n<!-- \/ Yoast SEO plugin. -->","yoast_head_json":{"title":"Cadar\u00e7os de couro marrom de luxo com pontas douradas - da Loop King","description":"D\u00ea \u00e0 sua cole\u00e7\u00e3o de cal\u00e7ados uma r\u00e1pida atualiza\u00e7\u00e3o com nossos cadar\u00e7os de couro premium. Eles s\u00e3o a combina\u00e7\u00e3o perfeita para Nike Dunks e uma grande variedade de marcas de t\u00eanis.","robots":{"index":"index","follow":"follow","max-snippet":"max-snippet:-1","max-image-preview":"max-image-preview:large","max-video-preview":"max-video-preview:-1"},"canonical":"https:\/\/www.loopkinglaces.com\/pt-br\/products\/cadarcos-de-couro-marrom-de-luxo-com-pontas-douradas\/","og_locale":"pt_BR","og_type":"article","og_title":"Cadar\u00e7os de couro marrom de luxo com pontas douradas - da Loop King","og_description":"D\u00ea \u00e0 sua cole\u00e7\u00e3o de cal\u00e7ados uma r\u00e1pida atualiza\u00e7\u00e3o com nossos cadar\u00e7os de couro premium. Eles s\u00e3o a combina\u00e7\u00e3o perfeita para Nike Dunks e uma grande variedade de marcas de t\u00eanis.","og_url":"https:\/\/www.loopkinglaces.com\/pt-br\/products\/cadarcos-de-couro-marrom-de-luxo-com-pontas-douradas\/","og_site_name":"Luxury Gold Tip Shoelaces by Loop King Laces","article_publisher":"https:\/\/www.facebook.com\/LoopKingLaces\/","og_image":[{"width":2560,"height":2560,"url":"https:\/\/www.loopkinglaces.com\/wp-content\/uploads\/Brown-Leather-scaled.jpg","type":"image\/jpeg"}],"twitter_card":"summary_large_image","twitter_site":"@loopkinglaces","twitter_misc":{"Est. tempo de leitura":"1 minuto"},"schema":{"@context":"https:\/\/schema.org","@graph":[{"@type":["WebPage","ItemPage"],"@id":"https:\/\/www.loopkinglaces.com\/pt-br\/products\/cadarcos-de-couro-marrom-de-luxo-com-pontas-douradas\/","url":"https:\/\/www.loopkinglaces.com\/pt-br\/products\/cadarcos-de-couro-marrom-de-luxo-com-pontas-douradas\/","name":"Cadar\u00e7os de couro marrom de luxo com pontas douradas - da Loop King","isPartOf":{"@id":"https:\/\/www.loopkinglaces.com\/pt-br\/#website"},"primaryImageOfPage":{"@id":"https:\/\/www.loopkinglaces.com\/pt-br\/products\/cadarcos-de-couro-marrom-de-luxo-com-pontas-douradas\/#primaryimage"},"image":{"@id":"https:\/\/www.loopkinglaces.com\/pt-br\/products\/cadarcos-de-couro-marrom-de-luxo-com-pontas-douradas\/#primaryimage"},"thumbnailUrl":"https:\/\/www.loopkinglaces.com\/wp-content\/uploads\/Brown-Leather-scaled.jpg","datePublished":"2023-12-07T14:48:34+00:00","description":"D\u00ea \u00e0 sua cole\u00e7\u00e3o de cal\u00e7ados uma r\u00e1pida atualiza\u00e7\u00e3o com nossos cadar\u00e7os de couro premium. Eles s\u00e3o a combina\u00e7\u00e3o perfeita para Nike Dunks e uma grande variedade de marcas de t\u00eanis.","breadcrumb":{"@id":"https:\/\/www.loopkinglaces.com\/pt-br\/products\/cadarcos-de-couro-marrom-de-luxo-com-pontas-douradas\/#breadcrumb"},"inLanguage":"pt-BR","potentialAction":[{"@type":"ReadAction","target":["https:\/\/www.loopkinglaces.com\/pt-br\/products\/cadarcos-de-couro-marrom-de-luxo-com-pontas-douradas\/"]}]},{"@type":"ImageObject","inLanguage":"pt-BR","@id":"https:\/\/www.loopkinglaces.com\/pt-br\/products\/cadarcos-de-couro-marrom-de-luxo-com-pontas-douradas\/#primaryimage","url":"https:\/\/www.loopkinglaces.com\/wp-content\/uploads\/Brown-Leather-scaled.jpg","contentUrl":"https:\/\/www.loopkinglaces.com\/wp-content\/uploads\/Brown-Leather-scaled.jpg","width":2560,"height":2560},{"@type":"BreadcrumbList","@id":"https:\/\/www.loopkinglaces.com\/pt-br\/products\/cadarcos-de-couro-marrom-de-luxo-com-pontas-douradas\/#breadcrumb","itemListElement":[{"@type":"ListItem","position":1,"name":"Home","item":"https:\/\/www.loopkinglaces.com\/pt-br\/"},{"@type":"ListItem","position":2,"name":"BUY LACES","item":"https:\/\/www.loopkinglaces.com\/buy-laces\/"},{"@type":"ListItem","position":3,"name":"Cadar\u00e7os de couro marrom de luxo com pontas douradas"}]},{"@type":"WebSite","@id":"https:\/\/www.loopkinglaces.com\/pt-br\/#website","url":"https:\/\/www.loopkinglaces.com\/pt-br\/","name":"Luxury Gold Tip Shoelaces by Loop King Laces","description":"Rope Laces, Flat Waxed Laces and Leather Laces. All With Gold Tips.","publisher":{"@id":"https:\/\/www.loopkinglaces.com\/pt-br\/#organization"},"potentialAction":[{"@type":"SearchAction","target":{"@type":"EntryPoint","urlTemplate":"https:\/\/www.loopkinglaces.com\/pt-br\/?s={search_term_string}"},"query-input":{"@type":"PropertyValueSpecification","valueRequired":true,"valueName":"search_term_string"}}],"inLanguage":"pt-BR"},{"@type":"Organization","@id":"https:\/\/www.loopkinglaces.com\/pt-br\/#organization","name":"Loop King Laces","url":"https:\/\/www.loopkinglaces.com\/pt-br\/","logo":{"@type":"ImageObject","inLanguage":"pt-BR","@id":"https:\/\/www.loopkinglaces.com\/pt-br\/#\/schema\/logo\/image\/","url":"https:\/\/www.loopkinglaces.com\/wp-content\/uploads\/LOOP-KING-LACES.1.1-01-LOGO-HI-RES-OFFICIAL-1.png","contentUrl":"https:\/\/www.loopkinglaces.com\/wp-content\/uploads\/LOOP-KING-LACES.1.1-01-LOGO-HI-RES-OFFICIAL-1.png","width":128,"height":91,"caption":"Loop King Laces"},"image":{"@id":"https:\/\/www.loopkinglaces.com\/pt-br\/#\/schema\/logo\/image\/"},"sameAs":["https:\/\/www.facebook.com\/LoopKingLaces\/","https:\/\/x.com\/loopkinglaces","https:\/\/www.instagram.com\/loopkinglaces\/"]}]}},"_links":{"self":[{"href":"https:\/\/www.loopkinglaces.com\/pt-br\/wp-json\/wp\/v2\/product\/76591","targetHints":{"allow":["GET"]}}],"collection":[{"href":"https:\/\/www.loopkinglaces.com\/pt-br\/wp-json\/wp\/v2\/product"}],"about":[{"href":"https:\/\/www.loopkinglaces.com\/pt-br\/wp-json\/wp\/v2\/types\/product"}],"replies":[{"embeddable":true,"href":"https:\/\/www.loopkinglaces.com\/pt-br\/wp-json\/wp\/v2\/comments?post=76591"}],"wp:featuredmedia":[{"embeddable":true,"href":"https:\/\/www.loopkinglaces.com\/pt-br\/wp-json\/wp\/v2\/media\/76592"}],"wp:attachment":[{"href":"https:\/\/www.loopkinglaces.com\/pt-br\/wp-json\/wp\/v2\/media?parent=76591"}],"wp:term":[{"taxonomy":"product_brand","embeddable":true,"href":"https:\/\/www.loopkinglaces.com\/pt-br\/wp-json\/wp\/v2\/product_brand?post=76591"},{"taxonomy":"product_cat","embeddable":true,"href":"https:\/\/www.loopkinglaces.com\/pt-br\/wp-json\/wp\/v2\/product_cat?post=76591"},{"taxonomy":"product_tag","embeddable":true,"href":"https:\/\/www.loopkinglaces.com\/pt-br\/wp-json\/wp\/v2\/product_tag?post=76591"},{"taxonomy":"woo-feed-brand","embeddable":true,"href":"https:\/\/www.loopkinglaces.com\/pt-br\/wp-json\/wp\/v2\/woo-feed-brand?post=76591"}],"curies":[{"name":"wp","href":"https:\/\/api.w.org\/{rel}","templated":true}]}}