{"id":82464,"date":"2024-05-10T14:33:25","date_gmt":"2024-05-10T14:33:25","guid":{"rendered":"https:\/\/www.loopkinglaces.com\/products\/plaskie-bawelniane-sznurowadla-ze-zlotymi-koncowkami\/"},"modified":"2024-05-10T14:33:25","modified_gmt":"2024-05-10T14:33:25","slug":"plaskie-bawelniane-sznurowadla-ze-zlotymi-koncowkami","status":"publish","type":"product","link":"https:\/\/www.loopkinglaces.com\/pl\/products\/plaskie-bawelniane-sznurowadla-ze-zlotymi-koncowkami\/","title":{"rendered":"P\u0142askie bawe\u0142niane sznurowad\u0142a ze z\u0142otymi ko\u0144c\u00f3wkami"},"content":{"rendered":"<p>Zachowaj styl i mobilno\u015b\u0107 dzi\u0119ki naszym p\u0142askim bawe\u0142nianym z\u0142otym sznurowad\u0142om ze z\u0142otymi ko\u0144c\u00f3wkami.<br \/>\nWykonane z mi\u0119kkiej bawe\u0142ny premium, te wszechstronne cienkie sznurowad\u0142a uzupe\u0142ni\u0105 Twoje buty, sukienki, trampki i nie tylko.<br \/>\nBez wysi\u0142ku zmieniaj je mi\u0119dzy parami i krocz pewnie!  <\/p>\n","protected":false},"excerpt":{"rendered":"<p><strong>P\u0142askie bawe\u0142niane sznurowad\u0142a ze z\u0142otymi ko\u0144c\u00f3wkami<\/strong><\/p>\n<p>Podkr\u0119\u0107 swoj\u0105 gr\u0119 dzi\u0119ki naszym efektownym p\u0142askim bawe\u0142nianym z\u0142otym sznurowad\u0142om ze z\u0142otymi ko\u0144c\u00f3wkami. Te wszechstronne cienkie sznurowad\u0142a, wykonane z mi\u0119kkiej w dotyku bawe\u0142ny premium, dodadz\u0105 odrobiny luksusu Twoim butom, sukienkom, sneakersom i nie tylko. Z \u0142atwo\u015bci\u0105 wymieniaj je mi\u0119dzy parami i poruszaj si\u0119 w dobrym stylu! Kluczowe cechy obejmuj\u0105:  <\/p>\n<ul>\n<li style=\"font-weight: 400;\" aria-level=\"1\">Materia\u0142y najwy\u017cszej jako\u015bci<\/li>\n<li style=\"font-weight: 400;\" aria-level=\"1\">Zapiecz\u0119towane i wspania\u0142e opakowanie<\/li>\n<li style=\"font-weight: 400;\" aria-level=\"1\">Dost\u0119pne s\u0105 r\u00f3\u017cne d\u0142ugo\u015bci<\/li>\n<li style=\"font-weight: 400;\" aria-level=\"1\">Pasuje do wszystkich g\u0142\u00f3wnych marek (Nike, Adidas, Reebok, Converse, Vans)<\/li>\n<li style=\"font-weight: 400;\" aria-level=\"1\">Wyt\u0142aczane z\u0142ote ko\u0144c\u00f3wki<\/li>\n<\/ul>\n","protected":false},"featured_media":82466,"comment_status":"open","ping_status":"closed","template":"","meta":{"_acf_changed":false},"product_brand":[],"product_cat":[2318,2306,2310,2317,2252,2276,2036,2035],"product_tag":[2056,2051,2055,2312,2313,2053,2059,2314],"woo-feed-brand":[],"class_list":{"0":"post-82464","1":"product","2":"type-product","3":"status-publish","4":"has-post-thumbnail","6":"product_cat-40-calowe-sznurowadla","7":"product_cat-modne-kolorowe-sznurowadla-do-trampek","8":"product_cat-najwyzszej-jakosci-bawelniane-sznurowadla-ktore-pod-kazdym-wzgledem-przewyzszaja-inne-marki","9":"product_cat-niesamowita-kolekcja-sznurowek-nmd","10":"product_cat-sznurowadla-ecco-idealne-wykonczenie-twoich-butow","11":"product_cat-sznurowadla-lanvin-podnies-kazdy-swoj-krok","12":"product_cat-sznurowadla-ze-zlota-koncowka","13":"product_cat-wszystkie-sznurowadla","14":"product_tag-czarny","15":"product_tag-loop-king-pl","16":"product_tag-metalowa-koncowka","17":"product_tag-plaska-woskowana","18":"product_tag-plaski","19":"product_tag-sznurowadla","20":"product_tag-sznurowadla-ze-zlota-koncowka","21":"product_tag-woskowany","23":"first","24":"instock","25":"taxable","26":"shipping-taxable","27":"purchasable","28":"product-type-variable"},"acf":[],"yoast_head":"<!-- This site is optimized with the Yoast SEO plugin v27.4 - https:\/\/yoast.com\/product\/yoast-seo-wordpress\/ -->\n<title>P\u0142askie bawe\u0142niane sznurowad\u0142a ze z\u0142otymi ko\u0144c\u00f3wkami<\/title>\n<meta name=\"description\" content=\"Podnie\u015b sw\u00f3j styl dzi\u0119ki naszym p\u0142askim bawe\u0142nianym z\u0142otym sznurowad\u0142om. Wykonane z najwy\u017cszej jako\u015bci materia\u0142\u00f3w, te przyci\u0105gaj\u0105ce wzrok sznurowad\u0142a oferuj\u0105 3-krotn\u0105 trwa\u0142o\u015b\u0107.\" \/>\n<meta name=\"robots\" content=\"index, follow, max-snippet:-1, max-image-preview:large, max-video-preview:-1\" \/>\n<link rel=\"canonical\" href=\"https:\/\/www.loopkinglaces.com\/pl\/products\/plaskie-bawelniane-sznurowadla-ze-zlotymi-koncowkami\/\" \/>\n<meta property=\"og:locale\" content=\"pl_PL\" \/>\n<meta property=\"og:type\" content=\"article\" \/>\n<meta property=\"og:title\" content=\"P\u0142askie bawe\u0142niane sznurowad\u0142a ze z\u0142otymi ko\u0144c\u00f3wkami\" \/>\n<meta property=\"og:description\" content=\"Podnie\u015b sw\u00f3j styl dzi\u0119ki naszym p\u0142askim bawe\u0142nianym z\u0142otym sznurowad\u0142om. Wykonane z najwy\u017cszej jako\u015bci materia\u0142\u00f3w, te przyci\u0105gaj\u0105ce wzrok sznurowad\u0142a oferuj\u0105 3-krotn\u0105 trwa\u0142o\u015b\u0107.\" \/>\n<meta property=\"og:url\" content=\"https:\/\/www.loopkinglaces.com\/pl\/products\/plaskie-bawelniane-sznurowadla-ze-zlotymi-koncowkami\/\" \/>\n<meta property=\"og:site_name\" content=\"Luxury Gold Tip Shoelaces by Loop King Laces\" \/>\n<meta property=\"article:publisher\" content=\"https:\/\/www.facebook.com\/LoopKingLaces\/\" \/>\n<meta property=\"og:image\" content=\"https:\/\/www.loopkinglaces.com\/wp-content\/uploads\/0415A-16-scaled.jpg\" \/>\n\t<meta property=\"og:image:width\" content=\"2560\" \/>\n\t<meta property=\"og:image:height\" content=\"1707\" \/>\n\t<meta property=\"og:image:type\" content=\"image\/jpeg\" \/>\n<meta name=\"twitter:card\" content=\"summary_large_image\" \/>\n<meta name=\"twitter:site\" content=\"@loopkinglaces\" \/>\n<script type=\"application\/ld+json\" class=\"yoast-schema-graph\">{\"@context\":\"https:\\\/\\\/schema.org\",\"@graph\":[{\"@type\":[\"WebPage\",\"ItemPage\"],\"@id\":\"https:\\\/\\\/www.loopkinglaces.com\\\/pl\\\/products\\\/plaskie-bawelniane-sznurowadla-ze-zlotymi-koncowkami\\\/\",\"url\":\"https:\\\/\\\/www.loopkinglaces.com\\\/pl\\\/products\\\/plaskie-bawelniane-sznurowadla-ze-zlotymi-koncowkami\\\/\",\"name\":\"P\u0142askie bawe\u0142niane sznurowad\u0142a ze z\u0142otymi ko\u0144c\u00f3wkami\",\"isPartOf\":{\"@id\":\"https:\\\/\\\/www.loopkinglaces.com\\\/pl\\\/#website\"},\"primaryImageOfPage\":{\"@id\":\"https:\\\/\\\/www.loopkinglaces.com\\\/pl\\\/products\\\/plaskie-bawelniane-sznurowadla-ze-zlotymi-koncowkami\\\/#primaryimage\"},\"image\":{\"@id\":\"https:\\\/\\\/www.loopkinglaces.com\\\/pl\\\/products\\\/plaskie-bawelniane-sznurowadla-ze-zlotymi-koncowkami\\\/#primaryimage\"},\"thumbnailUrl\":\"https:\\\/\\\/www.loopkinglaces.com\\\/wp-content\\\/uploads\\\/0415A-16-scaled.jpg\",\"datePublished\":\"2024-05-10T14:33:25+00:00\",\"description\":\"Podnie\u015b sw\u00f3j styl dzi\u0119ki naszym p\u0142askim bawe\u0142nianym z\u0142otym sznurowad\u0142om. Wykonane z najwy\u017cszej jako\u015bci materia\u0142\u00f3w, te przyci\u0105gaj\u0105ce wzrok sznurowad\u0142a oferuj\u0105 3-krotn\u0105 trwa\u0142o\u015b\u0107.\",\"breadcrumb\":{\"@id\":\"https:\\\/\\\/www.loopkinglaces.com\\\/pl\\\/products\\\/plaskie-bawelniane-sznurowadla-ze-zlotymi-koncowkami\\\/#breadcrumb\"},\"inLanguage\":\"pl-PL\",\"potentialAction\":[{\"@type\":\"ReadAction\",\"target\":[\"https:\\\/\\\/www.loopkinglaces.com\\\/pl\\\/products\\\/plaskie-bawelniane-sznurowadla-ze-zlotymi-koncowkami\\\/\"]}]},{\"@type\":\"ImageObject\",\"inLanguage\":\"pl-PL\",\"@id\":\"https:\\\/\\\/www.loopkinglaces.com\\\/pl\\\/products\\\/plaskie-bawelniane-sznurowadla-ze-zlotymi-koncowkami\\\/#primaryimage\",\"url\":\"https:\\\/\\\/www.loopkinglaces.com\\\/wp-content\\\/uploads\\\/0415A-16-scaled.jpg\",\"contentUrl\":\"https:\\\/\\\/www.loopkinglaces.com\\\/wp-content\\\/uploads\\\/0415A-16-scaled.jpg\",\"width\":2560,\"height\":1707},{\"@type\":\"BreadcrumbList\",\"@id\":\"https:\\\/\\\/www.loopkinglaces.com\\\/pl\\\/products\\\/plaskie-bawelniane-sznurowadla-ze-zlotymi-koncowkami\\\/#breadcrumb\",\"itemListElement\":[{\"@type\":\"ListItem\",\"position\":1,\"name\":\"Home\",\"item\":\"https:\\\/\\\/www.loopkinglaces.com\\\/pl\\\/\"},{\"@type\":\"ListItem\",\"position\":2,\"name\":\"BUY LACES\",\"item\":\"https:\\\/\\\/www.loopkinglaces.com\\\/buy-laces\\\/\"},{\"@type\":\"ListItem\",\"position\":3,\"name\":\"P\u0142askie bawe\u0142niane sznurowad\u0142a ze z\u0142otymi ko\u0144c\u00f3wkami\"}]},{\"@type\":\"WebSite\",\"@id\":\"https:\\\/\\\/www.loopkinglaces.com\\\/pl\\\/#website\",\"url\":\"https:\\\/\\\/www.loopkinglaces.com\\\/pl\\\/\",\"name\":\"Luxury Gold Tip Shoelaces by Loop King Laces\",\"description\":\"Rope Laces, Flat Waxed Laces and Leather Laces. All With Gold Tips.\",\"publisher\":{\"@id\":\"https:\\\/\\\/www.loopkinglaces.com\\\/pl\\\/#organization\"},\"potentialAction\":[{\"@type\":\"SearchAction\",\"target\":{\"@type\":\"EntryPoint\",\"urlTemplate\":\"https:\\\/\\\/www.loopkinglaces.com\\\/pl\\\/?s={search_term_string}\"},\"query-input\":{\"@type\":\"PropertyValueSpecification\",\"valueRequired\":true,\"valueName\":\"search_term_string\"}}],\"inLanguage\":\"pl-PL\"},{\"@type\":\"Organization\",\"@id\":\"https:\\\/\\\/www.loopkinglaces.com\\\/pl\\\/#organization\",\"name\":\"Loop King Laces\",\"url\":\"https:\\\/\\\/www.loopkinglaces.com\\\/pl\\\/\",\"logo\":{\"@type\":\"ImageObject\",\"inLanguage\":\"pl-PL\",\"@id\":\"https:\\\/\\\/www.loopkinglaces.com\\\/pl\\\/#\\\/schema\\\/logo\\\/image\\\/\",\"url\":\"https:\\\/\\\/www.loopkinglaces.com\\\/wp-content\\\/uploads\\\/LOOP-KING-LACES.1.1-01-LOGO-HI-RES-OFFICIAL-1.png\",\"contentUrl\":\"https:\\\/\\\/www.loopkinglaces.com\\\/wp-content\\\/uploads\\\/LOOP-KING-LACES.1.1-01-LOGO-HI-RES-OFFICIAL-1.png\",\"width\":128,\"height\":91,\"caption\":\"Loop King Laces\"},\"image\":{\"@id\":\"https:\\\/\\\/www.loopkinglaces.com\\\/pl\\\/#\\\/schema\\\/logo\\\/image\\\/\"},\"sameAs\":[\"https:\\\/\\\/www.facebook.com\\\/LoopKingLaces\\\/\",\"https:\\\/\\\/x.com\\\/loopkinglaces\",\"https:\\\/\\\/www.instagram.com\\\/loopkinglaces\\\/\"]}]}<\/script>\n<!-- \/ Yoast SEO plugin. -->","yoast_head_json":{"title":"P\u0142askie bawe\u0142niane sznurowad\u0142a ze z\u0142otymi ko\u0144c\u00f3wkami","description":"Podnie\u015b sw\u00f3j styl dzi\u0119ki naszym p\u0142askim bawe\u0142nianym z\u0142otym sznurowad\u0142om. Wykonane z najwy\u017cszej jako\u015bci materia\u0142\u00f3w, te przyci\u0105gaj\u0105ce wzrok sznurowad\u0142a oferuj\u0105 3-krotn\u0105 trwa\u0142o\u015b\u0107.","robots":{"index":"index","follow":"follow","max-snippet":"max-snippet:-1","max-image-preview":"max-image-preview:large","max-video-preview":"max-video-preview:-1"},"canonical":"https:\/\/www.loopkinglaces.com\/pl\/products\/plaskie-bawelniane-sznurowadla-ze-zlotymi-koncowkami\/","og_locale":"pl_PL","og_type":"article","og_title":"P\u0142askie bawe\u0142niane sznurowad\u0142a ze z\u0142otymi ko\u0144c\u00f3wkami","og_description":"Podnie\u015b sw\u00f3j styl dzi\u0119ki naszym p\u0142askim bawe\u0142nianym z\u0142otym sznurowad\u0142om. Wykonane z najwy\u017cszej jako\u015bci materia\u0142\u00f3w, te przyci\u0105gaj\u0105ce wzrok sznurowad\u0142a oferuj\u0105 3-krotn\u0105 trwa\u0142o\u015b\u0107.","og_url":"https:\/\/www.loopkinglaces.com\/pl\/products\/plaskie-bawelniane-sznurowadla-ze-zlotymi-koncowkami\/","og_site_name":"Luxury Gold Tip Shoelaces by Loop King Laces","article_publisher":"https:\/\/www.facebook.com\/LoopKingLaces\/","og_image":[{"width":2560,"height":1707,"url":"https:\/\/www.loopkinglaces.com\/wp-content\/uploads\/0415A-16-scaled.jpg","type":"image\/jpeg"}],"twitter_card":"summary_large_image","twitter_site":"@loopkinglaces","schema":{"@context":"https:\/\/schema.org","@graph":[{"@type":["WebPage","ItemPage"],"@id":"https:\/\/www.loopkinglaces.com\/pl\/products\/plaskie-bawelniane-sznurowadla-ze-zlotymi-koncowkami\/","url":"https:\/\/www.loopkinglaces.com\/pl\/products\/plaskie-bawelniane-sznurowadla-ze-zlotymi-koncowkami\/","name":"P\u0142askie bawe\u0142niane sznurowad\u0142a ze z\u0142otymi ko\u0144c\u00f3wkami","isPartOf":{"@id":"https:\/\/www.loopkinglaces.com\/pl\/#website"},"primaryImageOfPage":{"@id":"https:\/\/www.loopkinglaces.com\/pl\/products\/plaskie-bawelniane-sznurowadla-ze-zlotymi-koncowkami\/#primaryimage"},"image":{"@id":"https:\/\/www.loopkinglaces.com\/pl\/products\/plaskie-bawelniane-sznurowadla-ze-zlotymi-koncowkami\/#primaryimage"},"thumbnailUrl":"https:\/\/www.loopkinglaces.com\/wp-content\/uploads\/0415A-16-scaled.jpg","datePublished":"2024-05-10T14:33:25+00:00","description":"Podnie\u015b sw\u00f3j styl dzi\u0119ki naszym p\u0142askim bawe\u0142nianym z\u0142otym sznurowad\u0142om. Wykonane z najwy\u017cszej jako\u015bci materia\u0142\u00f3w, te przyci\u0105gaj\u0105ce wzrok sznurowad\u0142a oferuj\u0105 3-krotn\u0105 trwa\u0142o\u015b\u0107.","breadcrumb":{"@id":"https:\/\/www.loopkinglaces.com\/pl\/products\/plaskie-bawelniane-sznurowadla-ze-zlotymi-koncowkami\/#breadcrumb"},"inLanguage":"pl-PL","potentialAction":[{"@type":"ReadAction","target":["https:\/\/www.loopkinglaces.com\/pl\/products\/plaskie-bawelniane-sznurowadla-ze-zlotymi-koncowkami\/"]}]},{"@type":"ImageObject","inLanguage":"pl-PL","@id":"https:\/\/www.loopkinglaces.com\/pl\/products\/plaskie-bawelniane-sznurowadla-ze-zlotymi-koncowkami\/#primaryimage","url":"https:\/\/www.loopkinglaces.com\/wp-content\/uploads\/0415A-16-scaled.jpg","contentUrl":"https:\/\/www.loopkinglaces.com\/wp-content\/uploads\/0415A-16-scaled.jpg","width":2560,"height":1707},{"@type":"BreadcrumbList","@id":"https:\/\/www.loopkinglaces.com\/pl\/products\/plaskie-bawelniane-sznurowadla-ze-zlotymi-koncowkami\/#breadcrumb","itemListElement":[{"@type":"ListItem","position":1,"name":"Home","item":"https:\/\/www.loopkinglaces.com\/pl\/"},{"@type":"ListItem","position":2,"name":"BUY LACES","item":"https:\/\/www.loopkinglaces.com\/buy-laces\/"},{"@type":"ListItem","position":3,"name":"P\u0142askie bawe\u0142niane sznurowad\u0142a ze z\u0142otymi ko\u0144c\u00f3wkami"}]},{"@type":"WebSite","@id":"https:\/\/www.loopkinglaces.com\/pl\/#website","url":"https:\/\/www.loopkinglaces.com\/pl\/","name":"Luxury Gold Tip Shoelaces by Loop King Laces","description":"Rope Laces, Flat Waxed Laces and Leather Laces. All With Gold Tips.","publisher":{"@id":"https:\/\/www.loopkinglaces.com\/pl\/#organization"},"potentialAction":[{"@type":"SearchAction","target":{"@type":"EntryPoint","urlTemplate":"https:\/\/www.loopkinglaces.com\/pl\/?s={search_term_string}"},"query-input":{"@type":"PropertyValueSpecification","valueRequired":true,"valueName":"search_term_string"}}],"inLanguage":"pl-PL"},{"@type":"Organization","@id":"https:\/\/www.loopkinglaces.com\/pl\/#organization","name":"Loop King Laces","url":"https:\/\/www.loopkinglaces.com\/pl\/","logo":{"@type":"ImageObject","inLanguage":"pl-PL","@id":"https:\/\/www.loopkinglaces.com\/pl\/#\/schema\/logo\/image\/","url":"https:\/\/www.loopkinglaces.com\/wp-content\/uploads\/LOOP-KING-LACES.1.1-01-LOGO-HI-RES-OFFICIAL-1.png","contentUrl":"https:\/\/www.loopkinglaces.com\/wp-content\/uploads\/LOOP-KING-LACES.1.1-01-LOGO-HI-RES-OFFICIAL-1.png","width":128,"height":91,"caption":"Loop King Laces"},"image":{"@id":"https:\/\/www.loopkinglaces.com\/pl\/#\/schema\/logo\/image\/"},"sameAs":["https:\/\/www.facebook.com\/LoopKingLaces\/","https:\/\/x.com\/loopkinglaces","https:\/\/www.instagram.com\/loopkinglaces\/"]}]}},"_links":{"self":[{"href":"https:\/\/www.loopkinglaces.com\/pl\/wp-json\/wp\/v2\/product\/82464","targetHints":{"allow":["GET"]}}],"collection":[{"href":"https:\/\/www.loopkinglaces.com\/pl\/wp-json\/wp\/v2\/product"}],"about":[{"href":"https:\/\/www.loopkinglaces.com\/pl\/wp-json\/wp\/v2\/types\/product"}],"replies":[{"embeddable":true,"href":"https:\/\/www.loopkinglaces.com\/pl\/wp-json\/wp\/v2\/comments?post=82464"}],"wp:featuredmedia":[{"embeddable":true,"href":"https:\/\/www.loopkinglaces.com\/pl\/wp-json\/wp\/v2\/media\/82466"}],"wp:attachment":[{"href":"https:\/\/www.loopkinglaces.com\/pl\/wp-json\/wp\/v2\/media?parent=82464"}],"wp:term":[{"taxonomy":"product_brand","embeddable":true,"href":"https:\/\/www.loopkinglaces.com\/pl\/wp-json\/wp\/v2\/product_brand?post=82464"},{"taxonomy":"product_cat","embeddable":true,"href":"https:\/\/www.loopkinglaces.com\/pl\/wp-json\/wp\/v2\/product_cat?post=82464"},{"taxonomy":"product_tag","embeddable":true,"href":"https:\/\/www.loopkinglaces.com\/pl\/wp-json\/wp\/v2\/product_tag?post=82464"},{"taxonomy":"woo-feed-brand","embeddable":true,"href":"https:\/\/www.loopkinglaces.com\/pl\/wp-json\/wp\/v2\/woo-feed-brand?post=82464"}],"curies":[{"name":"wp","href":"https:\/\/api.w.org\/{rel}","templated":true}]}}