{"id":82432,"date":"2024-05-10T14:18:13","date_gmt":"2024-05-10T14:18:13","guid":{"rendered":"https:\/\/www.loopkinglaces.com\/products\/plaskie-bawelniane-zolte-sznurowadla-ze-zlotymi-koncowkami\/"},"modified":"2024-05-10T14:18:13","modified_gmt":"2024-05-10T14:18:13","slug":"plaskie-bawelniane-zolte-sznurowadla-ze-zlotymi-koncowkami","status":"publish","type":"product","link":"https:\/\/www.loopkinglaces.com\/pl\/products\/plaskie-bawelniane-zolte-sznurowadla-ze-zlotymi-koncowkami\/","title":{"rendered":"P\u0142askie bawe\u0142niane \u017c\u00f3\u0142te sznurowad\u0142a ze z\u0142otymi ko\u0144c\u00f3wkami"},"content":{"rendered":"<p>Chod\u017a pewnie w naszych p\u0142askich bawe\u0142nianych \u017c\u00f3\u0142tych sznurowad\u0142ach z wyrafinowanymi z\u0142otymi ko\u0144c\u00f3wkami.<br \/>\nWykonane z mi\u0119kkiej bawe\u0142ny premium, te cienkie sznurowad\u0142a bez wysi\u0142ku uzupe\u0142ni\u0105 Twoje buty, sukienki, trampki i inne obuwie wiod\u0105cych marek.<br \/>\nWymieniaj je p\u0142ynnie i poruszaj si\u0119 w dobrym stylu!  <\/p>\n","protected":false},"excerpt":{"rendered":"<p><strong>P\u0142askie bawe\u0142niane \u017c\u00f3\u0142te sznurowad\u0142a ze z\u0142otymi ko\u0144c\u00f3wkami<\/strong><\/p>\n<p>Poruszaj si\u0119 stylowo dzi\u0119ki naszym eleganckim p\u0142askim bawe\u0142nianym \u017c\u00f3\u0142tym sznurowad\u0142om z luksusowymi z\u0142otymi ko\u0144c\u00f3wkami. Wykonane z najwy\u017cszej jako\u015bci mi\u0119kkiej w dotyku bawe\u0142ny, te wszechstronne cienkie sznurowad\u0142a podnios\u0105 jako\u015b\u0107 Twoich but\u00f3w, sukienek, trampek i nie tylko. \u0141atwo prze\u0142\u0105czaj je mi\u0119dzy ulubionymi parami i wychod\u017a z pewno\u015bci\u0105 siebie! Kluczowe cechy obejmuj\u0105:  <\/p>\n<ul>\n<li style=\"font-weight: 400;\" aria-level=\"1\">Materia\u0142y najwy\u017cszej jako\u015bci<\/li>\n<li style=\"font-weight: 400;\" aria-level=\"1\">Zapiecz\u0119towane i wspania\u0142e opakowanie<\/li>\n<li style=\"font-weight: 400;\" aria-level=\"1\">Dost\u0119pne s\u0105 r\u00f3\u017cne d\u0142ugo\u015bci<\/li>\n<li style=\"font-weight: 400;\" aria-level=\"1\">Pasuje do wszystkich g\u0142\u00f3wnych marek (Nike, Adidas, Reebok, Converse, Vans)<\/li>\n<li style=\"font-weight: 400;\" aria-level=\"1\">Wyt\u0142aczane z\u0142ote ko\u0144c\u00f3wki<\/li>\n<\/ul>\n","protected":false},"featured_media":82439,"comment_status":"open","ping_status":"closed","template":"","meta":{"_acf_changed":false},"product_brand":[],"product_cat":[2309,2149,2306,2191,2310,2209,2216,2276,2036,2311,2035,2143,2305,2206,2307,2308],"product_tag":[2056,2051,2055,2312,2313,2053,2059,2314],"woo-feed-brand":[],"class_list":{"0":"post-82432","1":"product","2":"type-product","3":"status-publish","4":"has-post-thumbnail","6":"product_cat-czarno-zolte-sznurowadla-premium-idealne-do-kazdego-stylu","7":"product_cat-doskonale-sznurowki-jordan-ktore-odswieza-twoje-kicksy-w-wielu-kolorach","8":"product_cat-modne-kolorowe-sznurowadla-do-trampek","9":"product_cat-najlepsze-sznurowadla-alexander-mcqueen-dla-twoich-sneakersow-z-najwyzszej-polki","10":"product_cat-najwyzszej-jakosci-bawelniane-sznurowadla-ktore-pod-kazdym-wzgledem-przewyzszaja-inne-marki","11":"product_cat-nowoczesne-i-najlepsze-sznurowadla-nike-sb","12":"product_cat-sportowe-sznurowadla-nie-tylko-zabawa-w-wiazanie","13":"product_cat-sznurowadla-lanvin-podnies-kazdy-swoj-krok","14":"product_cat-sznurowadla-ze-zlota-koncowka","15":"product_cat-sznurowki-kiwi-wiecej-niz-tylko-trend","16":"product_cat-wszystkie-sznurowadla","17":"product_cat-wybierz-z-naszej-wysokiej-klasy-kolekcji-kolorowych-sznurowadel","18":"product_cat-wysokiej-klasy-sznurowadla-adidas-ktore-poprawia-twoj-wyglad","19":"product_cat-wytrzymale-sznurowadla-do-butow-thorogood-ktore-nigdy-cie-nie-zawioda","20":"product_cat-zolte-sznurowadla-do-butow-ktore-przycmiewaja-reszte-i-idealnie-pasuja","21":"product_cat-zolte-sznurowki-ktore-dodadza-blasku-twojemu-obuwiu","22":"product_tag-czarny","23":"product_tag-loop-king-pl","24":"product_tag-metalowa-koncowka","25":"product_tag-plaska-woskowana","26":"product_tag-plaski","27":"product_tag-sznurowadla","28":"product_tag-sznurowadla-ze-zlota-koncowka","29":"product_tag-woskowany","31":"first","32":"instock","33":"taxable","34":"shipping-taxable","35":"purchasable","36":"product-type-variable"},"acf":[],"yoast_head":"<!-- This site is optimized with the Yoast SEO plugin v27.4 - https:\/\/yoast.com\/product\/yoast-seo-wordpress\/ -->\n<title>P\u0142askie bawe\u0142niane \u017c\u00f3\u0142te sznurowad\u0142a ze z\u0142otymi ko\u0144c\u00f3wkami<\/title>\n<meta name=\"description\" content=\"Ulepsz swoje buty dzi\u0119ki naszym p\u0142askim bawe\u0142nianym \u017c\u00f3\u0142tym sznurowad\u0142om ze z\u0142otymi ko\u0144c\u00f3wkami. Wykonane z najwy\u017cszej jako\u015bci materia\u0142\u00f3w, te stylowe sznurowad\u0142a zapewniaj\u0105 3-krotn\u0105 trwa\u0142o\u015b\u0107.\" \/>\n<meta name=\"robots\" content=\"index, follow, max-snippet:-1, max-image-preview:large, max-video-preview:-1\" \/>\n<link rel=\"canonical\" href=\"https:\/\/www.loopkinglaces.com\/pl\/products\/plaskie-bawelniane-zolte-sznurowadla-ze-zlotymi-koncowkami\/\" \/>\n<meta property=\"og:locale\" content=\"pl_PL\" \/>\n<meta property=\"og:type\" content=\"article\" \/>\n<meta property=\"og:title\" content=\"P\u0142askie bawe\u0142niane \u017c\u00f3\u0142te sznurowad\u0142a ze z\u0142otymi ko\u0144c\u00f3wkami\" \/>\n<meta property=\"og:description\" content=\"Ulepsz swoje buty dzi\u0119ki naszym p\u0142askim bawe\u0142nianym \u017c\u00f3\u0142tym sznurowad\u0142om ze z\u0142otymi ko\u0144c\u00f3wkami. Wykonane z najwy\u017cszej jako\u015bci materia\u0142\u00f3w, te stylowe sznurowad\u0142a zapewniaj\u0105 3-krotn\u0105 trwa\u0142o\u015b\u0107.\" \/>\n<meta property=\"og:url\" content=\"https:\/\/www.loopkinglaces.com\/pl\/products\/plaskie-bawelniane-zolte-sznurowadla-ze-zlotymi-koncowkami\/\" \/>\n<meta property=\"og:site_name\" content=\"Luxury Gold Tip Shoelaces by Loop King Laces\" \/>\n<meta property=\"article:publisher\" content=\"https:\/\/www.facebook.com\/LoopKingLaces\/\" \/>\n<meta property=\"og:image\" content=\"https:\/\/www.loopkinglaces.com\/wp-content\/uploads\/0415A-17-scaled.jpg\" \/>\n\t<meta property=\"og:image:width\" content=\"2560\" \/>\n\t<meta property=\"og:image:height\" content=\"1707\" \/>\n\t<meta property=\"og:image:type\" content=\"image\/jpeg\" \/>\n<meta name=\"twitter:card\" content=\"summary_large_image\" \/>\n<meta name=\"twitter:site\" content=\"@loopkinglaces\" \/>\n<script type=\"application\/ld+json\" class=\"yoast-schema-graph\">{\"@context\":\"https:\\\/\\\/schema.org\",\"@graph\":[{\"@type\":[\"WebPage\",\"ItemPage\"],\"@id\":\"https:\\\/\\\/www.loopkinglaces.com\\\/pl\\\/products\\\/plaskie-bawelniane-zolte-sznurowadla-ze-zlotymi-koncowkami\\\/\",\"url\":\"https:\\\/\\\/www.loopkinglaces.com\\\/pl\\\/products\\\/plaskie-bawelniane-zolte-sznurowadla-ze-zlotymi-koncowkami\\\/\",\"name\":\"P\u0142askie bawe\u0142niane \u017c\u00f3\u0142te sznurowad\u0142a ze z\u0142otymi ko\u0144c\u00f3wkami\",\"isPartOf\":{\"@id\":\"https:\\\/\\\/www.loopkinglaces.com\\\/pl\\\/#website\"},\"primaryImageOfPage\":{\"@id\":\"https:\\\/\\\/www.loopkinglaces.com\\\/pl\\\/products\\\/plaskie-bawelniane-zolte-sznurowadla-ze-zlotymi-koncowkami\\\/#primaryimage\"},\"image\":{\"@id\":\"https:\\\/\\\/www.loopkinglaces.com\\\/pl\\\/products\\\/plaskie-bawelniane-zolte-sznurowadla-ze-zlotymi-koncowkami\\\/#primaryimage\"},\"thumbnailUrl\":\"https:\\\/\\\/www.loopkinglaces.com\\\/wp-content\\\/uploads\\\/0415A-17-scaled.jpg\",\"datePublished\":\"2024-05-10T14:18:13+00:00\",\"description\":\"Ulepsz swoje buty dzi\u0119ki naszym p\u0142askim bawe\u0142nianym \u017c\u00f3\u0142tym sznurowad\u0142om ze z\u0142otymi ko\u0144c\u00f3wkami. Wykonane z najwy\u017cszej jako\u015bci materia\u0142\u00f3w, te stylowe sznurowad\u0142a zapewniaj\u0105 3-krotn\u0105 trwa\u0142o\u015b\u0107.\",\"breadcrumb\":{\"@id\":\"https:\\\/\\\/www.loopkinglaces.com\\\/pl\\\/products\\\/plaskie-bawelniane-zolte-sznurowadla-ze-zlotymi-koncowkami\\\/#breadcrumb\"},\"inLanguage\":\"pl-PL\",\"potentialAction\":[{\"@type\":\"ReadAction\",\"target\":[\"https:\\\/\\\/www.loopkinglaces.com\\\/pl\\\/products\\\/plaskie-bawelniane-zolte-sznurowadla-ze-zlotymi-koncowkami\\\/\"]}]},{\"@type\":\"ImageObject\",\"inLanguage\":\"pl-PL\",\"@id\":\"https:\\\/\\\/www.loopkinglaces.com\\\/pl\\\/products\\\/plaskie-bawelniane-zolte-sznurowadla-ze-zlotymi-koncowkami\\\/#primaryimage\",\"url\":\"https:\\\/\\\/www.loopkinglaces.com\\\/wp-content\\\/uploads\\\/0415A-17-scaled.jpg\",\"contentUrl\":\"https:\\\/\\\/www.loopkinglaces.com\\\/wp-content\\\/uploads\\\/0415A-17-scaled.jpg\",\"width\":2560,\"height\":1707},{\"@type\":\"BreadcrumbList\",\"@id\":\"https:\\\/\\\/www.loopkinglaces.com\\\/pl\\\/products\\\/plaskie-bawelniane-zolte-sznurowadla-ze-zlotymi-koncowkami\\\/#breadcrumb\",\"itemListElement\":[{\"@type\":\"ListItem\",\"position\":1,\"name\":\"Home\",\"item\":\"https:\\\/\\\/www.loopkinglaces.com\\\/pl\\\/\"},{\"@type\":\"ListItem\",\"position\":2,\"name\":\"BUY LACES\",\"item\":\"https:\\\/\\\/www.loopkinglaces.com\\\/buy-laces\\\/\"},{\"@type\":\"ListItem\",\"position\":3,\"name\":\"P\u0142askie bawe\u0142niane \u017c\u00f3\u0142te sznurowad\u0142a ze z\u0142otymi ko\u0144c\u00f3wkami\"}]},{\"@type\":\"WebSite\",\"@id\":\"https:\\\/\\\/www.loopkinglaces.com\\\/pl\\\/#website\",\"url\":\"https:\\\/\\\/www.loopkinglaces.com\\\/pl\\\/\",\"name\":\"Luxury Gold Tip Shoelaces by Loop King Laces\",\"description\":\"Rope Laces, Flat Waxed Laces and Leather Laces. All With Gold Tips.\",\"publisher\":{\"@id\":\"https:\\\/\\\/www.loopkinglaces.com\\\/pl\\\/#organization\"},\"potentialAction\":[{\"@type\":\"SearchAction\",\"target\":{\"@type\":\"EntryPoint\",\"urlTemplate\":\"https:\\\/\\\/www.loopkinglaces.com\\\/pl\\\/?s={search_term_string}\"},\"query-input\":{\"@type\":\"PropertyValueSpecification\",\"valueRequired\":true,\"valueName\":\"search_term_string\"}}],\"inLanguage\":\"pl-PL\"},{\"@type\":\"Organization\",\"@id\":\"https:\\\/\\\/www.loopkinglaces.com\\\/pl\\\/#organization\",\"name\":\"Loop King Laces\",\"url\":\"https:\\\/\\\/www.loopkinglaces.com\\\/pl\\\/\",\"logo\":{\"@type\":\"ImageObject\",\"inLanguage\":\"pl-PL\",\"@id\":\"https:\\\/\\\/www.loopkinglaces.com\\\/pl\\\/#\\\/schema\\\/logo\\\/image\\\/\",\"url\":\"https:\\\/\\\/www.loopkinglaces.com\\\/wp-content\\\/uploads\\\/LOOP-KING-LACES.1.1-01-LOGO-HI-RES-OFFICIAL-1.png\",\"contentUrl\":\"https:\\\/\\\/www.loopkinglaces.com\\\/wp-content\\\/uploads\\\/LOOP-KING-LACES.1.1-01-LOGO-HI-RES-OFFICIAL-1.png\",\"width\":128,\"height\":91,\"caption\":\"Loop King Laces\"},\"image\":{\"@id\":\"https:\\\/\\\/www.loopkinglaces.com\\\/pl\\\/#\\\/schema\\\/logo\\\/image\\\/\"},\"sameAs\":[\"https:\\\/\\\/www.facebook.com\\\/LoopKingLaces\\\/\",\"https:\\\/\\\/x.com\\\/loopkinglaces\",\"https:\\\/\\\/www.instagram.com\\\/loopkinglaces\\\/\"]}]}<\/script>\n<!-- \/ Yoast SEO plugin. -->","yoast_head_json":{"title":"P\u0142askie bawe\u0142niane \u017c\u00f3\u0142te sznurowad\u0142a ze z\u0142otymi ko\u0144c\u00f3wkami","description":"Ulepsz swoje buty dzi\u0119ki naszym p\u0142askim bawe\u0142nianym \u017c\u00f3\u0142tym sznurowad\u0142om ze z\u0142otymi ko\u0144c\u00f3wkami. Wykonane z najwy\u017cszej jako\u015bci materia\u0142\u00f3w, te stylowe sznurowad\u0142a zapewniaj\u0105 3-krotn\u0105 trwa\u0142o\u015b\u0107.","robots":{"index":"index","follow":"follow","max-snippet":"max-snippet:-1","max-image-preview":"max-image-preview:large","max-video-preview":"max-video-preview:-1"},"canonical":"https:\/\/www.loopkinglaces.com\/pl\/products\/plaskie-bawelniane-zolte-sznurowadla-ze-zlotymi-koncowkami\/","og_locale":"pl_PL","og_type":"article","og_title":"P\u0142askie bawe\u0142niane \u017c\u00f3\u0142te sznurowad\u0142a ze z\u0142otymi ko\u0144c\u00f3wkami","og_description":"Ulepsz swoje buty dzi\u0119ki naszym p\u0142askim bawe\u0142nianym \u017c\u00f3\u0142tym sznurowad\u0142om ze z\u0142otymi ko\u0144c\u00f3wkami. Wykonane z najwy\u017cszej jako\u015bci materia\u0142\u00f3w, te stylowe sznurowad\u0142a zapewniaj\u0105 3-krotn\u0105 trwa\u0142o\u015b\u0107.","og_url":"https:\/\/www.loopkinglaces.com\/pl\/products\/plaskie-bawelniane-zolte-sznurowadla-ze-zlotymi-koncowkami\/","og_site_name":"Luxury Gold Tip Shoelaces by Loop King Laces","article_publisher":"https:\/\/www.facebook.com\/LoopKingLaces\/","og_image":[{"width":2560,"height":1707,"url":"https:\/\/www.loopkinglaces.com\/wp-content\/uploads\/0415A-17-scaled.jpg","type":"image\/jpeg"}],"twitter_card":"summary_large_image","twitter_site":"@loopkinglaces","schema":{"@context":"https:\/\/schema.org","@graph":[{"@type":["WebPage","ItemPage"],"@id":"https:\/\/www.loopkinglaces.com\/pl\/products\/plaskie-bawelniane-zolte-sznurowadla-ze-zlotymi-koncowkami\/","url":"https:\/\/www.loopkinglaces.com\/pl\/products\/plaskie-bawelniane-zolte-sznurowadla-ze-zlotymi-koncowkami\/","name":"P\u0142askie bawe\u0142niane \u017c\u00f3\u0142te sznurowad\u0142a ze z\u0142otymi ko\u0144c\u00f3wkami","isPartOf":{"@id":"https:\/\/www.loopkinglaces.com\/pl\/#website"},"primaryImageOfPage":{"@id":"https:\/\/www.loopkinglaces.com\/pl\/products\/plaskie-bawelniane-zolte-sznurowadla-ze-zlotymi-koncowkami\/#primaryimage"},"image":{"@id":"https:\/\/www.loopkinglaces.com\/pl\/products\/plaskie-bawelniane-zolte-sznurowadla-ze-zlotymi-koncowkami\/#primaryimage"},"thumbnailUrl":"https:\/\/www.loopkinglaces.com\/wp-content\/uploads\/0415A-17-scaled.jpg","datePublished":"2024-05-10T14:18:13+00:00","description":"Ulepsz swoje buty dzi\u0119ki naszym p\u0142askim bawe\u0142nianym \u017c\u00f3\u0142tym sznurowad\u0142om ze z\u0142otymi ko\u0144c\u00f3wkami. Wykonane z najwy\u017cszej jako\u015bci materia\u0142\u00f3w, te stylowe sznurowad\u0142a zapewniaj\u0105 3-krotn\u0105 trwa\u0142o\u015b\u0107.","breadcrumb":{"@id":"https:\/\/www.loopkinglaces.com\/pl\/products\/plaskie-bawelniane-zolte-sznurowadla-ze-zlotymi-koncowkami\/#breadcrumb"},"inLanguage":"pl-PL","potentialAction":[{"@type":"ReadAction","target":["https:\/\/www.loopkinglaces.com\/pl\/products\/plaskie-bawelniane-zolte-sznurowadla-ze-zlotymi-koncowkami\/"]}]},{"@type":"ImageObject","inLanguage":"pl-PL","@id":"https:\/\/www.loopkinglaces.com\/pl\/products\/plaskie-bawelniane-zolte-sznurowadla-ze-zlotymi-koncowkami\/#primaryimage","url":"https:\/\/www.loopkinglaces.com\/wp-content\/uploads\/0415A-17-scaled.jpg","contentUrl":"https:\/\/www.loopkinglaces.com\/wp-content\/uploads\/0415A-17-scaled.jpg","width":2560,"height":1707},{"@type":"BreadcrumbList","@id":"https:\/\/www.loopkinglaces.com\/pl\/products\/plaskie-bawelniane-zolte-sznurowadla-ze-zlotymi-koncowkami\/#breadcrumb","itemListElement":[{"@type":"ListItem","position":1,"name":"Home","item":"https:\/\/www.loopkinglaces.com\/pl\/"},{"@type":"ListItem","position":2,"name":"BUY LACES","item":"https:\/\/www.loopkinglaces.com\/buy-laces\/"},{"@type":"ListItem","position":3,"name":"P\u0142askie bawe\u0142niane \u017c\u00f3\u0142te sznurowad\u0142a ze z\u0142otymi ko\u0144c\u00f3wkami"}]},{"@type":"WebSite","@id":"https:\/\/www.loopkinglaces.com\/pl\/#website","url":"https:\/\/www.loopkinglaces.com\/pl\/","name":"Luxury Gold Tip Shoelaces by Loop King Laces","description":"Rope Laces, Flat Waxed Laces and Leather Laces. All With Gold Tips.","publisher":{"@id":"https:\/\/www.loopkinglaces.com\/pl\/#organization"},"potentialAction":[{"@type":"SearchAction","target":{"@type":"EntryPoint","urlTemplate":"https:\/\/www.loopkinglaces.com\/pl\/?s={search_term_string}"},"query-input":{"@type":"PropertyValueSpecification","valueRequired":true,"valueName":"search_term_string"}}],"inLanguage":"pl-PL"},{"@type":"Organization","@id":"https:\/\/www.loopkinglaces.com\/pl\/#organization","name":"Loop King Laces","url":"https:\/\/www.loopkinglaces.com\/pl\/","logo":{"@type":"ImageObject","inLanguage":"pl-PL","@id":"https:\/\/www.loopkinglaces.com\/pl\/#\/schema\/logo\/image\/","url":"https:\/\/www.loopkinglaces.com\/wp-content\/uploads\/LOOP-KING-LACES.1.1-01-LOGO-HI-RES-OFFICIAL-1.png","contentUrl":"https:\/\/www.loopkinglaces.com\/wp-content\/uploads\/LOOP-KING-LACES.1.1-01-LOGO-HI-RES-OFFICIAL-1.png","width":128,"height":91,"caption":"Loop King Laces"},"image":{"@id":"https:\/\/www.loopkinglaces.com\/pl\/#\/schema\/logo\/image\/"},"sameAs":["https:\/\/www.facebook.com\/LoopKingLaces\/","https:\/\/x.com\/loopkinglaces","https:\/\/www.instagram.com\/loopkinglaces\/"]}]}},"_links":{"self":[{"href":"https:\/\/www.loopkinglaces.com\/pl\/wp-json\/wp\/v2\/product\/82432","targetHints":{"allow":["GET"]}}],"collection":[{"href":"https:\/\/www.loopkinglaces.com\/pl\/wp-json\/wp\/v2\/product"}],"about":[{"href":"https:\/\/www.loopkinglaces.com\/pl\/wp-json\/wp\/v2\/types\/product"}],"replies":[{"embeddable":true,"href":"https:\/\/www.loopkinglaces.com\/pl\/wp-json\/wp\/v2\/comments?post=82432"}],"wp:featuredmedia":[{"embeddable":true,"href":"https:\/\/www.loopkinglaces.com\/pl\/wp-json\/wp\/v2\/media\/82439"}],"wp:attachment":[{"href":"https:\/\/www.loopkinglaces.com\/pl\/wp-json\/wp\/v2\/media?parent=82432"}],"wp:term":[{"taxonomy":"product_brand","embeddable":true,"href":"https:\/\/www.loopkinglaces.com\/pl\/wp-json\/wp\/v2\/product_brand?post=82432"},{"taxonomy":"product_cat","embeddable":true,"href":"https:\/\/www.loopkinglaces.com\/pl\/wp-json\/wp\/v2\/product_cat?post=82432"},{"taxonomy":"product_tag","embeddable":true,"href":"https:\/\/www.loopkinglaces.com\/pl\/wp-json\/wp\/v2\/product_tag?post=82432"},{"taxonomy":"woo-feed-brand","embeddable":true,"href":"https:\/\/www.loopkinglaces.com\/pl\/wp-json\/wp\/v2\/woo-feed-brand?post=82432"}],"curies":[{"name":"wp","href":"https:\/\/api.w.org\/{rel}","templated":true}]}}