{"id":81574,"date":"2023-12-07T18:29:45","date_gmt":"2023-12-07T18:29:45","guid":{"rendered":"https:\/\/www.loopkinglaces.com\/products\/czerwone-odblaskowe-sznurowadla-z-przezroczystymi-koncowkami\/"},"modified":"2023-12-07T18:29:45","modified_gmt":"2023-12-07T18:29:45","slug":"czerwone-odblaskowe-sznurowadla-z-przezroczystymi-koncowkami","status":"publish","type":"product","link":"https:\/\/www.loopkinglaces.com\/pl\/products\/czerwone-odblaskowe-sznurowadla-z-przezroczystymi-koncowkami\/","title":{"rendered":"Czerwone odblaskowe sznurowad\u0142a z przezroczystymi ko\u0144c\u00f3wkami"},"content":{"rendered":"<h3><a href=\"https:\/\/www.loopkinglaces.com\/\">Luksusowe sznur\u00f3wki do trampek<\/a><\/h3>\n<p>Wkrocz w luksus z Loop King Laces. Nasze sznurowad\u0142a Luxury Rope, zako\u0144czone przezroczystym plastikiem dla wyrafinowanego akcentu, sk\u0142adaj\u0105 si\u0119 z najlepszych materia\u0142\u00f3w. Zaprojektowane z my\u015bl\u0105 o d\u0142u\u017cszej \u017cywotno\u015bci, nasze sznurowad\u0142a gwarantuj\u0105 trzykrotnie d\u0142u\u017csz\u0105 \u017cywotno\u015b\u0107 ni\u017c tradycyjne sznurowad\u0142a. Nasze sznurowad\u0142a pasuj\u0105 do wszystkich rodzaj\u00f3w sneakers\u00f3w i marek, w tym Adidas, Nike, VANS i tak dalej, odwied\u017a nasz <a href=\"\/shoelace-size-chart\/\">Przewodnik po rozmiarach<\/a>, gdzie mo\u017cesz znale\u017a\u0107 idealny rozmiar sznurowade\u0142 pasuj\u0105cy do twoich but\u00f3w.  <\/p>\n<p>&nbsp;<\/p>\n","protected":false},"excerpt":{"rendered":"<p><strong>Czerwone odblaskowe sznurowad\u0142a z przezroczystymi ko\u0144c\u00f3wkami<\/strong><\/p>\n<p>Podnie\u015b jako\u015b\u0107 swojego obuwia dzi\u0119ki sznurowad\u0142om Loop King. Nasze sznurowad\u0142a Luxury Rope, ozdobione stylowymi przezroczystymi plastikowymi ko\u0144c\u00f3wkami, s\u0105 wykonane z najwy\u017cszej jako\u015bci materia\u0142\u00f3w. Dostosowane do d\u0142ugowieczno\u015bci, te sznurowad\u0142a obiecuj\u0105 trzykrotnie d\u0142u\u017csz\u0105 \u017cywotno\u015b\u0107 ni\u017c standardowe sznurowad\u0142a. Odkryj ich wszechstronne w\u0142a\u015bciwo\u015bci poni\u017cej:   <\/p>\n<ul>\n<li>Szeroko\u015b\u0107 4 mm (okr\u0105g\u0142y)<\/li>\n<li>Materia\u0142y premium<\/li>\n<li>Wytrzymuj\u0105 <strong>3 razy d\u0142u\u017cej<\/strong> ni\u017c zwyk\u0142e sznur\u00f3wki<\/li>\n<li>Przezroczyste plastikowe ko\u0144c\u00f3wki<\/li>\n<li>Pi\u0119kne opakowanie Loop King na koronk\u0119<\/li>\n<\/ul>\n","protected":false},"featured_media":81586,"comment_status":"open","ping_status":"closed","template":"","meta":{"_acf_changed":false},"product_brand":[],"product_cat":[2118,2125,2147,2291,2075,2124,2126,2284,2292,2204,2293,2282,2035,2189,2279],"product_tag":[2056,2051,2055,2061,2053,2058,2059],"woo-feed-brand":[],"class_list":{"0":"post-81574","1":"product","2":"type-product","3":"status-publish","4":"has-post-thumbnail","6":"product_cat-63-calowe-sznurowadla-sznurowadla-ktore-zmieniaja-wszystko","7":"product_cat-bujne-czerwone-sznurowki-do-butow-turystycznych-ktore-wytrzymuja-trudne-warunki-pogodowe","8":"product_cat-dlaczego-sznurowadla-do-biegania-maja-wieksze-znaczenie-niz-myslisz","9":"product_cat-najwyzszej-jakosci-sznurowadla-do-butow-fat-shoe","10":"product_cat-najwyzszej-jakosci-sznurowadla-pilkarskie-trwale-i-fantazyjne","11":"product_cat-oszalamiajace-czerwone-sznurowki-yeezy-380-pepper-ktore-wygladaja-znakomicie","12":"product_cat-pine-green-jordan-1-red-laces-aby-wyroznic-sie-z-tlumu","13":"product_cat-podkrec-swoj-styl-dzieki-dwukolorowym-sznurowadlom","14":"product_cat-sznurowadla-red-wing-sa-wystarczajaco-wytrzymale-na-najtrudniejsze-warunki","15":"product_cat-sznurowki-adidas-yeezy-700-modne-sznurowki","16":"product_cat-sznurowki-ricka-owensa-niespodziewany-bohater-mody","17":"product_cat-wojskowe-sznurowadla-sznuruj-jak-profesjonalista","18":"product_cat-wszystkie-sznurowadla","19":"product_cat-zastepcze-sznurowadla-nike-dla-lepszego-wygladu","20":"product_cat-znakomite-odblaskowe-sznurowadla-do-biegania-noca-na-imprezy-lub-po-prostu-do-stylowego-wygladu","21":"product_tag-czarny","22":"product_tag-loop-king-pl","23":"product_tag-metalowa-koncowka","24":"product_tag-szary","25":"product_tag-sznurowadla","26":"product_tag-sznurowadla-pl","27":"product_tag-sznurowadla-ze-zlota-koncowka","29":"first","30":"instock","31":"taxable","32":"shipping-taxable","33":"product-type-variable"},"acf":[],"yoast_head":"<!-- This site is optimized with the Yoast SEO plugin v27.4 - https:\/\/yoast.com\/product\/yoast-seo-wordpress\/ -->\n<title>Odblaskowe czerwone sznurowad\u0142a z przezroczystymi ko\u0144c\u00f3wkami - od Loop King<\/title>\n<meta name=\"description\" content=\"Odmie\u0144 swoje buty dzi\u0119ki naszym luksusowym sznurowad\u0142om, kt\u00f3re s\u0105 nie tylko atrakcyjne wizualnie dzi\u0119ki przezroczystym plastikowym ko\u0144c\u00f3wkom, ale tak\u017ce wyj\u0105tkowo trwa\u0142e.\" \/>\n<meta name=\"robots\" content=\"index, follow, max-snippet:-1, max-image-preview:large, max-video-preview:-1\" \/>\n<link rel=\"canonical\" href=\"https:\/\/www.loopkinglaces.com\/pl\/products\/czerwone-odblaskowe-sznurowadla-z-przezroczystymi-koncowkami\/\" \/>\n<meta property=\"og:locale\" content=\"pl_PL\" \/>\n<meta property=\"og:type\" content=\"article\" \/>\n<meta property=\"og:title\" content=\"Odblaskowe czerwone sznurowad\u0142a z przezroczystymi ko\u0144c\u00f3wkami - od Loop King\" \/>\n<meta property=\"og:description\" content=\"Odmie\u0144 swoje buty dzi\u0119ki naszym luksusowym sznurowad\u0142om, kt\u00f3re s\u0105 nie tylko atrakcyjne wizualnie dzi\u0119ki przezroczystym plastikowym ko\u0144c\u00f3wkom, ale tak\u017ce wyj\u0105tkowo trwa\u0142e.\" \/>\n<meta property=\"og:url\" content=\"https:\/\/www.loopkinglaces.com\/pl\/products\/czerwone-odblaskowe-sznurowadla-z-przezroczystymi-koncowkami\/\" \/>\n<meta property=\"og:site_name\" content=\"Luxury Gold Tip Shoelaces by Loop King Laces\" \/>\n<meta property=\"article:publisher\" content=\"https:\/\/www.facebook.com\/LoopKingLaces\/\" \/>\n<meta property=\"og:image\" content=\"https:\/\/www.loopkinglaces.com\/wp-content\/uploads\/Red-Rope-Reflective.jpg\" \/>\n\t<meta property=\"og:image:width\" content=\"2480\" \/>\n\t<meta property=\"og:image:height\" content=\"2481\" \/>\n\t<meta property=\"og:image:type\" content=\"image\/jpeg\" \/>\n<meta name=\"twitter:card\" content=\"summary_large_image\" \/>\n<meta name=\"twitter:site\" content=\"@loopkinglaces\" \/>\n<script type=\"application\/ld+json\" class=\"yoast-schema-graph\">{\"@context\":\"https:\\\/\\\/schema.org\",\"@graph\":[{\"@type\":[\"WebPage\",\"ItemPage\"],\"@id\":\"https:\\\/\\\/www.loopkinglaces.com\\\/pl\\\/products\\\/czerwone-odblaskowe-sznurowadla-z-przezroczystymi-koncowkami\\\/\",\"url\":\"https:\\\/\\\/www.loopkinglaces.com\\\/pl\\\/products\\\/czerwone-odblaskowe-sznurowadla-z-przezroczystymi-koncowkami\\\/\",\"name\":\"Odblaskowe czerwone sznurowad\u0142a z przezroczystymi ko\u0144c\u00f3wkami - od Loop King\",\"isPartOf\":{\"@id\":\"https:\\\/\\\/www.loopkinglaces.com\\\/pl\\\/#website\"},\"primaryImageOfPage\":{\"@id\":\"https:\\\/\\\/www.loopkinglaces.com\\\/pl\\\/products\\\/czerwone-odblaskowe-sznurowadla-z-przezroczystymi-koncowkami\\\/#primaryimage\"},\"image\":{\"@id\":\"https:\\\/\\\/www.loopkinglaces.com\\\/pl\\\/products\\\/czerwone-odblaskowe-sznurowadla-z-przezroczystymi-koncowkami\\\/#primaryimage\"},\"thumbnailUrl\":\"https:\\\/\\\/www.loopkinglaces.com\\\/wp-content\\\/uploads\\\/Red-Rope-Reflective.jpg\",\"datePublished\":\"2023-12-07T18:29:45+00:00\",\"description\":\"Odmie\u0144 swoje buty dzi\u0119ki naszym luksusowym sznurowad\u0142om, kt\u00f3re s\u0105 nie tylko atrakcyjne wizualnie dzi\u0119ki przezroczystym plastikowym ko\u0144c\u00f3wkom, ale tak\u017ce wyj\u0105tkowo trwa\u0142e.\",\"breadcrumb\":{\"@id\":\"https:\\\/\\\/www.loopkinglaces.com\\\/pl\\\/products\\\/czerwone-odblaskowe-sznurowadla-z-przezroczystymi-koncowkami\\\/#breadcrumb\"},\"inLanguage\":\"pl-PL\",\"potentialAction\":[{\"@type\":\"ReadAction\",\"target\":[\"https:\\\/\\\/www.loopkinglaces.com\\\/pl\\\/products\\\/czerwone-odblaskowe-sznurowadla-z-przezroczystymi-koncowkami\\\/\"]}]},{\"@type\":\"ImageObject\",\"inLanguage\":\"pl-PL\",\"@id\":\"https:\\\/\\\/www.loopkinglaces.com\\\/pl\\\/products\\\/czerwone-odblaskowe-sznurowadla-z-przezroczystymi-koncowkami\\\/#primaryimage\",\"url\":\"https:\\\/\\\/www.loopkinglaces.com\\\/wp-content\\\/uploads\\\/Red-Rope-Reflective.jpg\",\"contentUrl\":\"https:\\\/\\\/www.loopkinglaces.com\\\/wp-content\\\/uploads\\\/Red-Rope-Reflective.jpg\",\"width\":2480,\"height\":2481},{\"@type\":\"BreadcrumbList\",\"@id\":\"https:\\\/\\\/www.loopkinglaces.com\\\/pl\\\/products\\\/czerwone-odblaskowe-sznurowadla-z-przezroczystymi-koncowkami\\\/#breadcrumb\",\"itemListElement\":[{\"@type\":\"ListItem\",\"position\":1,\"name\":\"Home\",\"item\":\"https:\\\/\\\/www.loopkinglaces.com\\\/pl\\\/\"},{\"@type\":\"ListItem\",\"position\":2,\"name\":\"BUY LACES\",\"item\":\"https:\\\/\\\/www.loopkinglaces.com\\\/buy-laces\\\/\"},{\"@type\":\"ListItem\",\"position\":3,\"name\":\"Czerwone odblaskowe sznurowad\u0142a z przezroczystymi ko\u0144c\u00f3wkami\"}]},{\"@type\":\"WebSite\",\"@id\":\"https:\\\/\\\/www.loopkinglaces.com\\\/pl\\\/#website\",\"url\":\"https:\\\/\\\/www.loopkinglaces.com\\\/pl\\\/\",\"name\":\"Luxury Gold Tip Shoelaces by Loop King Laces\",\"description\":\"Rope Laces, Flat Waxed Laces and Leather Laces. All With Gold Tips.\",\"publisher\":{\"@id\":\"https:\\\/\\\/www.loopkinglaces.com\\\/pl\\\/#organization\"},\"potentialAction\":[{\"@type\":\"SearchAction\",\"target\":{\"@type\":\"EntryPoint\",\"urlTemplate\":\"https:\\\/\\\/www.loopkinglaces.com\\\/pl\\\/?s={search_term_string}\"},\"query-input\":{\"@type\":\"PropertyValueSpecification\",\"valueRequired\":true,\"valueName\":\"search_term_string\"}}],\"inLanguage\":\"pl-PL\"},{\"@type\":\"Organization\",\"@id\":\"https:\\\/\\\/www.loopkinglaces.com\\\/pl\\\/#organization\",\"name\":\"Loop King Laces\",\"url\":\"https:\\\/\\\/www.loopkinglaces.com\\\/pl\\\/\",\"logo\":{\"@type\":\"ImageObject\",\"inLanguage\":\"pl-PL\",\"@id\":\"https:\\\/\\\/www.loopkinglaces.com\\\/pl\\\/#\\\/schema\\\/logo\\\/image\\\/\",\"url\":\"https:\\\/\\\/www.loopkinglaces.com\\\/wp-content\\\/uploads\\\/LOOP-KING-LACES.1.1-01-LOGO-HI-RES-OFFICIAL-1.png\",\"contentUrl\":\"https:\\\/\\\/www.loopkinglaces.com\\\/wp-content\\\/uploads\\\/LOOP-KING-LACES.1.1-01-LOGO-HI-RES-OFFICIAL-1.png\",\"width\":128,\"height\":91,\"caption\":\"Loop King Laces\"},\"image\":{\"@id\":\"https:\\\/\\\/www.loopkinglaces.com\\\/pl\\\/#\\\/schema\\\/logo\\\/image\\\/\"},\"sameAs\":[\"https:\\\/\\\/www.facebook.com\\\/LoopKingLaces\\\/\",\"https:\\\/\\\/x.com\\\/loopkinglaces\",\"https:\\\/\\\/www.instagram.com\\\/loopkinglaces\\\/\"]}]}<\/script>\n<!-- \/ Yoast SEO plugin. -->","yoast_head_json":{"title":"Odblaskowe czerwone sznurowad\u0142a z przezroczystymi ko\u0144c\u00f3wkami - od Loop King","description":"Odmie\u0144 swoje buty dzi\u0119ki naszym luksusowym sznurowad\u0142om, kt\u00f3re s\u0105 nie tylko atrakcyjne wizualnie dzi\u0119ki przezroczystym plastikowym ko\u0144c\u00f3wkom, ale tak\u017ce wyj\u0105tkowo trwa\u0142e.","robots":{"index":"index","follow":"follow","max-snippet":"max-snippet:-1","max-image-preview":"max-image-preview:large","max-video-preview":"max-video-preview:-1"},"canonical":"https:\/\/www.loopkinglaces.com\/pl\/products\/czerwone-odblaskowe-sznurowadla-z-przezroczystymi-koncowkami\/","og_locale":"pl_PL","og_type":"article","og_title":"Odblaskowe czerwone sznurowad\u0142a z przezroczystymi ko\u0144c\u00f3wkami - od Loop King","og_description":"Odmie\u0144 swoje buty dzi\u0119ki naszym luksusowym sznurowad\u0142om, kt\u00f3re s\u0105 nie tylko atrakcyjne wizualnie dzi\u0119ki przezroczystym plastikowym ko\u0144c\u00f3wkom, ale tak\u017ce wyj\u0105tkowo trwa\u0142e.","og_url":"https:\/\/www.loopkinglaces.com\/pl\/products\/czerwone-odblaskowe-sznurowadla-z-przezroczystymi-koncowkami\/","og_site_name":"Luxury Gold Tip Shoelaces by Loop King Laces","article_publisher":"https:\/\/www.facebook.com\/LoopKingLaces\/","og_image":[{"width":2480,"height":2481,"url":"https:\/\/www.loopkinglaces.com\/wp-content\/uploads\/Red-Rope-Reflective.jpg","type":"image\/jpeg"}],"twitter_card":"summary_large_image","twitter_site":"@loopkinglaces","schema":{"@context":"https:\/\/schema.org","@graph":[{"@type":["WebPage","ItemPage"],"@id":"https:\/\/www.loopkinglaces.com\/pl\/products\/czerwone-odblaskowe-sznurowadla-z-przezroczystymi-koncowkami\/","url":"https:\/\/www.loopkinglaces.com\/pl\/products\/czerwone-odblaskowe-sznurowadla-z-przezroczystymi-koncowkami\/","name":"Odblaskowe czerwone sznurowad\u0142a z przezroczystymi ko\u0144c\u00f3wkami - od Loop King","isPartOf":{"@id":"https:\/\/www.loopkinglaces.com\/pl\/#website"},"primaryImageOfPage":{"@id":"https:\/\/www.loopkinglaces.com\/pl\/products\/czerwone-odblaskowe-sznurowadla-z-przezroczystymi-koncowkami\/#primaryimage"},"image":{"@id":"https:\/\/www.loopkinglaces.com\/pl\/products\/czerwone-odblaskowe-sznurowadla-z-przezroczystymi-koncowkami\/#primaryimage"},"thumbnailUrl":"https:\/\/www.loopkinglaces.com\/wp-content\/uploads\/Red-Rope-Reflective.jpg","datePublished":"2023-12-07T18:29:45+00:00","description":"Odmie\u0144 swoje buty dzi\u0119ki naszym luksusowym sznurowad\u0142om, kt\u00f3re s\u0105 nie tylko atrakcyjne wizualnie dzi\u0119ki przezroczystym plastikowym ko\u0144c\u00f3wkom, ale tak\u017ce wyj\u0105tkowo trwa\u0142e.","breadcrumb":{"@id":"https:\/\/www.loopkinglaces.com\/pl\/products\/czerwone-odblaskowe-sznurowadla-z-przezroczystymi-koncowkami\/#breadcrumb"},"inLanguage":"pl-PL","potentialAction":[{"@type":"ReadAction","target":["https:\/\/www.loopkinglaces.com\/pl\/products\/czerwone-odblaskowe-sznurowadla-z-przezroczystymi-koncowkami\/"]}]},{"@type":"ImageObject","inLanguage":"pl-PL","@id":"https:\/\/www.loopkinglaces.com\/pl\/products\/czerwone-odblaskowe-sznurowadla-z-przezroczystymi-koncowkami\/#primaryimage","url":"https:\/\/www.loopkinglaces.com\/wp-content\/uploads\/Red-Rope-Reflective.jpg","contentUrl":"https:\/\/www.loopkinglaces.com\/wp-content\/uploads\/Red-Rope-Reflective.jpg","width":2480,"height":2481},{"@type":"BreadcrumbList","@id":"https:\/\/www.loopkinglaces.com\/pl\/products\/czerwone-odblaskowe-sznurowadla-z-przezroczystymi-koncowkami\/#breadcrumb","itemListElement":[{"@type":"ListItem","position":1,"name":"Home","item":"https:\/\/www.loopkinglaces.com\/pl\/"},{"@type":"ListItem","position":2,"name":"BUY LACES","item":"https:\/\/www.loopkinglaces.com\/buy-laces\/"},{"@type":"ListItem","position":3,"name":"Czerwone odblaskowe sznurowad\u0142a z przezroczystymi ko\u0144c\u00f3wkami"}]},{"@type":"WebSite","@id":"https:\/\/www.loopkinglaces.com\/pl\/#website","url":"https:\/\/www.loopkinglaces.com\/pl\/","name":"Luxury Gold Tip Shoelaces by Loop King Laces","description":"Rope Laces, Flat Waxed Laces and Leather Laces. All With Gold Tips.","publisher":{"@id":"https:\/\/www.loopkinglaces.com\/pl\/#organization"},"potentialAction":[{"@type":"SearchAction","target":{"@type":"EntryPoint","urlTemplate":"https:\/\/www.loopkinglaces.com\/pl\/?s={search_term_string}"},"query-input":{"@type":"PropertyValueSpecification","valueRequired":true,"valueName":"search_term_string"}}],"inLanguage":"pl-PL"},{"@type":"Organization","@id":"https:\/\/www.loopkinglaces.com\/pl\/#organization","name":"Loop King Laces","url":"https:\/\/www.loopkinglaces.com\/pl\/","logo":{"@type":"ImageObject","inLanguage":"pl-PL","@id":"https:\/\/www.loopkinglaces.com\/pl\/#\/schema\/logo\/image\/","url":"https:\/\/www.loopkinglaces.com\/wp-content\/uploads\/LOOP-KING-LACES.1.1-01-LOGO-HI-RES-OFFICIAL-1.png","contentUrl":"https:\/\/www.loopkinglaces.com\/wp-content\/uploads\/LOOP-KING-LACES.1.1-01-LOGO-HI-RES-OFFICIAL-1.png","width":128,"height":91,"caption":"Loop King Laces"},"image":{"@id":"https:\/\/www.loopkinglaces.com\/pl\/#\/schema\/logo\/image\/"},"sameAs":["https:\/\/www.facebook.com\/LoopKingLaces\/","https:\/\/x.com\/loopkinglaces","https:\/\/www.instagram.com\/loopkinglaces\/"]}]}},"_links":{"self":[{"href":"https:\/\/www.loopkinglaces.com\/pl\/wp-json\/wp\/v2\/product\/81574","targetHints":{"allow":["GET"]}}],"collection":[{"href":"https:\/\/www.loopkinglaces.com\/pl\/wp-json\/wp\/v2\/product"}],"about":[{"href":"https:\/\/www.loopkinglaces.com\/pl\/wp-json\/wp\/v2\/types\/product"}],"replies":[{"embeddable":true,"href":"https:\/\/www.loopkinglaces.com\/pl\/wp-json\/wp\/v2\/comments?post=81574"}],"wp:featuredmedia":[{"embeddable":true,"href":"https:\/\/www.loopkinglaces.com\/pl\/wp-json\/wp\/v2\/media\/81586"}],"wp:attachment":[{"href":"https:\/\/www.loopkinglaces.com\/pl\/wp-json\/wp\/v2\/media?parent=81574"}],"wp:term":[{"taxonomy":"product_brand","embeddable":true,"href":"https:\/\/www.loopkinglaces.com\/pl\/wp-json\/wp\/v2\/product_brand?post=81574"},{"taxonomy":"product_cat","embeddable":true,"href":"https:\/\/www.loopkinglaces.com\/pl\/wp-json\/wp\/v2\/product_cat?post=81574"},{"taxonomy":"product_tag","embeddable":true,"href":"https:\/\/www.loopkinglaces.com\/pl\/wp-json\/wp\/v2\/product_tag?post=81574"},{"taxonomy":"woo-feed-brand","embeddable":true,"href":"https:\/\/www.loopkinglaces.com\/pl\/wp-json\/wp\/v2\/woo-feed-brand?post=81574"}],"curies":[{"name":"wp","href":"https:\/\/api.w.org\/{rel}","templated":true}]}}