{"id":81527,"date":"2023-12-07T16:50:30","date_gmt":"2023-12-07T16:50:30","guid":{"rendered":"https:\/\/www.loopkinglaces.com\/products\/luksusowe-jasnorozowe-skorzane-sznurowadla-ze-zlotymi-koncowkami\/"},"modified":"2023-12-07T16:50:30","modified_gmt":"2023-12-07T16:50:30","slug":"luksusowe-jasnorozowe-skorzane-sznurowadla-ze-zlotymi-koncowkami","status":"publish","type":"product","link":"https:\/\/www.loopkinglaces.com\/pl\/products\/luksusowe-jasnorozowe-skorzane-sznurowadla-ze-zlotymi-koncowkami\/","title":{"rendered":"Luksusowe jasnor\u00f3\u017cowe sk\u00f3rzane sznurowad\u0142a ze z\u0142otymi ko\u0144c\u00f3wkami"},"content":{"rendered":"<h3><a href=\"https:\/\/www.loopkinglaces.com\/\">Luksusowe sznur\u00f3wki do trampek<\/a><\/h3>\n<p>Atrakcyjno\u015b\u0107 grubych, p\u0142askich sznurowade\u0142 jest dobrze znanym faktem, cz\u0119sto kojarzonym z drogim wygl\u0105dem. Sk\u00f3rzane sznurowad\u0142a Loop King s\u0105 wykonane tak, aby uchwyci\u0107 t\u0119 istot\u0119, ze znaczn\u0105 grubo\u015bci\u0105, kt\u00f3ra podkre\u015bla wysokiej jako\u015bci sk\u00f3r\u0119. Nasze zaanga\u017cowanie w jako\u015b\u0107 jest niezachwiane, co wida\u0107 w naszym wyborze doskona\u0142ych materia\u0142\u00f3w. Te sznurowad\u0142a zosta\u0142y zaprojektowane z my\u015bl\u0105 o d\u0142ugowieczno\u015bci, zazwyczaj trzykrotnie przewy\u017cszaj\u0105c inne marki. Dla tych, kt\u00f3rzy chc\u0105 unikn\u0105\u0107 regularnej wymiany sznurowade\u0142, sk\u00f3rzane sznur\u00f3wki Loop King s\u0105 idealnym rozwi\u0105zaniem.    <\/p>\n","protected":false},"excerpt":{"rendered":"<p><strong>Luksusowe jasnor\u00f3\u017cowe sk\u00f3rzane sznurowad\u0142a ze z\u0142otymi ko\u0144c\u00f3wkami<\/strong><\/p>\n<p>Zrozumia\u0142e jest, \u017ce grubsze, bardziej p\u0142askie sznurowad\u0142a cz\u0119sto wygl\u0105daj\u0105 bardziej ekskluzywnie i drogo. W Loop King jest to g\u0142\u00f3wna zasada przy projektowaniu naszych sk\u00f3rzanych sznurowade\u0142, kt\u00f3re s\u0105 grube i solidne, podkre\u015blaj\u0105c najwy\u017cszej jako\u015bci sk\u00f3r\u0119. Skupiamy si\u0119 na jako\u015bci, poniewa\u017c wybieramy tylko najlepsze materia\u0142y. W rezultacie otrzymujesz sznurowad\u0142a, kt\u00f3re s\u0105 nie tylko atrakcyjne wizualnie, ale tak\u017ce niezwykle trwa\u0142e, cz\u0119sto wytrzymuj\u0105c trzy razy d\u0142u\u017cej ni\u017c konkurencja. Aby unikn\u0105\u0107 cz\u0119stej wymiany sznurowade\u0142, wybierz sk\u00f3rzane sznurowad\u0142a Loop King. Kluczowe cechy obejmuj\u0105: <\/p>\n<ul>\n<li>Szeroko\u015b\u0107 6 mm (p\u0142aska)<\/li>\n<li>Cienka sk\u00f3ra<\/li>\n<li>Wyt\u0142oczone z\u0142ote ko\u0144c\u00f3wki z nazw\u0105 Loop King<\/li>\n<li>Pasuje do wi\u0119kszo\u015bci g\u0142\u00f3wnych marek obuwia (Nike, Adidas, Reebok, Vans, Converse itp.).<\/li>\n<li>Wytrzyma 3x d\u0142u\u017cej ni\u017c sznurowad\u0142a innych marek<\/li>\n<li>Pi\u0119kne opakowanie Loop King na koronk\u0119<\/li>\n<\/ul>\n","protected":false},"featured_media":81533,"comment_status":"open","ping_status":"closed","template":"","meta":{"_acf_changed":false},"product_brand":[],"product_cat":[2184,2278,2190,2223,2272,2186,2274,2270,2084,2276,2091,2036,2035,2189],"product_tag":[2056,2051,2055,2238,2239,2053],"woo-feed-brand":[],"class_list":{"0":"post-81527","1":"product","2":"type-product","3":"status-publish","4":"has-post-thumbnail","6":"product_cat-dramatyczna-aktualizacja-rozowe-sznurowki-superior-jordan-1-biohack","7":"product_cat-grube-sznurowki-nieznani-bohaterowie-mody-obuwniczej","8":"product_cat-jordan-1-mocha-pink-rozowe-sznurowki-dla-nowego-ekscytujacego-wygladu","9":"product_cat-luksusowe-skorzane-sznurowadla","10":"product_cat-piekne-sznurowadla-air-max-270-ktore-swietnie-pasuja-i-sa-trwale","11":"product_cat-rozowe-sznurowadla-nike-nadadza-twoim-butom-odrobine-koloru","12":"product_cat-rozowe-sznurowadla-travisa-scotta-dla-ozywienia-obuwia","13":"product_cat-rozowe-sznurowki-do-butow","14":"product_cat-sznurowadla-cole-haan-luksusowa-pielegnacja-twoich-butow","15":"product_cat-sznurowadla-lanvin-podnies-kazdy-swoj-krok","16":"product_cat-sznurowadla-pilkarskie-ktore-sa-czyms-wiecej-niz-tylko-zapieciem","17":"product_cat-sznurowadla-ze-zlota-koncowka","18":"product_cat-wszystkie-sznurowadla","19":"product_cat-zastepcze-sznurowadla-nike-dla-lepszego-wygladu","20":"product_tag-czarny","21":"product_tag-loop-king-pl","22":"product_tag-metalowa-koncowka","23":"product_tag-obuwie","24":"product_tag-skorzane-sznurowadla","25":"product_tag-sznurowadla","27":"first","28":"instock","29":"taxable","30":"shipping-taxable","31":"purchasable","32":"product-type-variable"},"acf":[],"yoast_head":"<!-- This site is optimized with the Yoast SEO plugin v27.4 - https:\/\/yoast.com\/product\/yoast-seo-wordpress\/ -->\n<title>Luksusowe jasnor\u00f3\u017cowe sk\u00f3rzane sznurowad\u0142a ze z\u0142otymi ko\u0144c\u00f3wkami - od Loop King<\/title>\n<meta name=\"description\" content=\"Zdefiniuj na nowo sw\u00f3j styl dzi\u0119ki naszym wysokiej jako\u015bci sk\u00f3rzanym sznurowad\u0142om, idealnie dopasowanym do wiod\u0105cych marek sneakers\u00f3w. To Twoja przepustka do natychmiastowej poprawy stylu.\" \/>\n<meta name=\"robots\" content=\"index, follow, max-snippet:-1, max-image-preview:large, max-video-preview:-1\" \/>\n<link rel=\"canonical\" href=\"https:\/\/www.loopkinglaces.com\/pl\/products\/luksusowe-jasnorozowe-skorzane-sznurowadla-ze-zlotymi-koncowkami\/\" \/>\n<meta property=\"og:locale\" content=\"pl_PL\" \/>\n<meta property=\"og:type\" content=\"article\" \/>\n<meta property=\"og:title\" content=\"Luksusowe jasnor\u00f3\u017cowe sk\u00f3rzane sznurowad\u0142a ze z\u0142otymi ko\u0144c\u00f3wkami - od Loop King\" \/>\n<meta property=\"og:description\" content=\"Zdefiniuj na nowo sw\u00f3j styl dzi\u0119ki naszym wysokiej jako\u015bci sk\u00f3rzanym sznurowad\u0142om, idealnie dopasowanym do wiod\u0105cych marek sneakers\u00f3w. To Twoja przepustka do natychmiastowej poprawy stylu.\" \/>\n<meta property=\"og:url\" content=\"https:\/\/www.loopkinglaces.com\/pl\/products\/luksusowe-jasnorozowe-skorzane-sznurowadla-ze-zlotymi-koncowkami\/\" \/>\n<meta property=\"og:site_name\" content=\"Luxury Gold Tip Shoelaces by Loop King Laces\" \/>\n<meta property=\"article:publisher\" content=\"https:\/\/www.facebook.com\/LoopKingLaces\/\" \/>\n<meta property=\"og:image\" content=\"https:\/\/www.loopkinglaces.com\/wp-content\/uploads\/Light-Pink-Leather-scaled.jpg\" \/>\n\t<meta property=\"og:image:width\" content=\"2560\" \/>\n\t<meta property=\"og:image:height\" content=\"2560\" \/>\n\t<meta property=\"og:image:type\" content=\"image\/jpeg\" \/>\n<meta name=\"twitter:card\" content=\"summary_large_image\" \/>\n<meta name=\"twitter:site\" content=\"@loopkinglaces\" \/>\n<meta name=\"twitter:label1\" content=\"Szacowany czas czytania\" \/>\n\t<meta name=\"twitter:data1\" content=\"1 minuta\" \/>\n<script type=\"application\/ld+json\" class=\"yoast-schema-graph\">{\"@context\":\"https:\\\/\\\/schema.org\",\"@graph\":[{\"@type\":[\"WebPage\",\"ItemPage\"],\"@id\":\"https:\\\/\\\/www.loopkinglaces.com\\\/pl\\\/products\\\/luksusowe-jasnorozowe-skorzane-sznurowadla-ze-zlotymi-koncowkami\\\/\",\"url\":\"https:\\\/\\\/www.loopkinglaces.com\\\/pl\\\/products\\\/luksusowe-jasnorozowe-skorzane-sznurowadla-ze-zlotymi-koncowkami\\\/\",\"name\":\"Luksusowe jasnor\u00f3\u017cowe sk\u00f3rzane sznurowad\u0142a ze z\u0142otymi ko\u0144c\u00f3wkami - od Loop King\",\"isPartOf\":{\"@id\":\"https:\\\/\\\/www.loopkinglaces.com\\\/pl\\\/#website\"},\"primaryImageOfPage\":{\"@id\":\"https:\\\/\\\/www.loopkinglaces.com\\\/pl\\\/products\\\/luksusowe-jasnorozowe-skorzane-sznurowadla-ze-zlotymi-koncowkami\\\/#primaryimage\"},\"image\":{\"@id\":\"https:\\\/\\\/www.loopkinglaces.com\\\/pl\\\/products\\\/luksusowe-jasnorozowe-skorzane-sznurowadla-ze-zlotymi-koncowkami\\\/#primaryimage\"},\"thumbnailUrl\":\"https:\\\/\\\/www.loopkinglaces.com\\\/wp-content\\\/uploads\\\/Light-Pink-Leather-scaled.jpg\",\"datePublished\":\"2023-12-07T16:50:30+00:00\",\"description\":\"Zdefiniuj na nowo sw\u00f3j styl dzi\u0119ki naszym wysokiej jako\u015bci sk\u00f3rzanym sznurowad\u0142om, idealnie dopasowanym do wiod\u0105cych marek sneakers\u00f3w. To Twoja przepustka do natychmiastowej poprawy stylu.\",\"breadcrumb\":{\"@id\":\"https:\\\/\\\/www.loopkinglaces.com\\\/pl\\\/products\\\/luksusowe-jasnorozowe-skorzane-sznurowadla-ze-zlotymi-koncowkami\\\/#breadcrumb\"},\"inLanguage\":\"pl-PL\",\"potentialAction\":[{\"@type\":\"ReadAction\",\"target\":[\"https:\\\/\\\/www.loopkinglaces.com\\\/pl\\\/products\\\/luksusowe-jasnorozowe-skorzane-sznurowadla-ze-zlotymi-koncowkami\\\/\"]}]},{\"@type\":\"ImageObject\",\"inLanguage\":\"pl-PL\",\"@id\":\"https:\\\/\\\/www.loopkinglaces.com\\\/pl\\\/products\\\/luksusowe-jasnorozowe-skorzane-sznurowadla-ze-zlotymi-koncowkami\\\/#primaryimage\",\"url\":\"https:\\\/\\\/www.loopkinglaces.com\\\/wp-content\\\/uploads\\\/Light-Pink-Leather-scaled.jpg\",\"contentUrl\":\"https:\\\/\\\/www.loopkinglaces.com\\\/wp-content\\\/uploads\\\/Light-Pink-Leather-scaled.jpg\",\"width\":2560,\"height\":2560},{\"@type\":\"BreadcrumbList\",\"@id\":\"https:\\\/\\\/www.loopkinglaces.com\\\/pl\\\/products\\\/luksusowe-jasnorozowe-skorzane-sznurowadla-ze-zlotymi-koncowkami\\\/#breadcrumb\",\"itemListElement\":[{\"@type\":\"ListItem\",\"position\":1,\"name\":\"Home\",\"item\":\"https:\\\/\\\/www.loopkinglaces.com\\\/pl\\\/\"},{\"@type\":\"ListItem\",\"position\":2,\"name\":\"BUY LACES\",\"item\":\"https:\\\/\\\/www.loopkinglaces.com\\\/buy-laces\\\/\"},{\"@type\":\"ListItem\",\"position\":3,\"name\":\"Luksusowe jasnor\u00f3\u017cowe sk\u00f3rzane sznurowad\u0142a ze z\u0142otymi ko\u0144c\u00f3wkami\"}]},{\"@type\":\"WebSite\",\"@id\":\"https:\\\/\\\/www.loopkinglaces.com\\\/pl\\\/#website\",\"url\":\"https:\\\/\\\/www.loopkinglaces.com\\\/pl\\\/\",\"name\":\"Luxury Gold Tip Shoelaces by Loop King Laces\",\"description\":\"Rope Laces, Flat Waxed Laces and Leather Laces. All With Gold Tips.\",\"publisher\":{\"@id\":\"https:\\\/\\\/www.loopkinglaces.com\\\/pl\\\/#organization\"},\"potentialAction\":[{\"@type\":\"SearchAction\",\"target\":{\"@type\":\"EntryPoint\",\"urlTemplate\":\"https:\\\/\\\/www.loopkinglaces.com\\\/pl\\\/?s={search_term_string}\"},\"query-input\":{\"@type\":\"PropertyValueSpecification\",\"valueRequired\":true,\"valueName\":\"search_term_string\"}}],\"inLanguage\":\"pl-PL\"},{\"@type\":\"Organization\",\"@id\":\"https:\\\/\\\/www.loopkinglaces.com\\\/pl\\\/#organization\",\"name\":\"Loop King Laces\",\"url\":\"https:\\\/\\\/www.loopkinglaces.com\\\/pl\\\/\",\"logo\":{\"@type\":\"ImageObject\",\"inLanguage\":\"pl-PL\",\"@id\":\"https:\\\/\\\/www.loopkinglaces.com\\\/pl\\\/#\\\/schema\\\/logo\\\/image\\\/\",\"url\":\"https:\\\/\\\/www.loopkinglaces.com\\\/wp-content\\\/uploads\\\/LOOP-KING-LACES.1.1-01-LOGO-HI-RES-OFFICIAL-1.png\",\"contentUrl\":\"https:\\\/\\\/www.loopkinglaces.com\\\/wp-content\\\/uploads\\\/LOOP-KING-LACES.1.1-01-LOGO-HI-RES-OFFICIAL-1.png\",\"width\":128,\"height\":91,\"caption\":\"Loop King Laces\"},\"image\":{\"@id\":\"https:\\\/\\\/www.loopkinglaces.com\\\/pl\\\/#\\\/schema\\\/logo\\\/image\\\/\"},\"sameAs\":[\"https:\\\/\\\/www.facebook.com\\\/LoopKingLaces\\\/\",\"https:\\\/\\\/x.com\\\/loopkinglaces\",\"https:\\\/\\\/www.instagram.com\\\/loopkinglaces\\\/\"]}]}<\/script>\n<!-- \/ Yoast SEO plugin. -->","yoast_head_json":{"title":"Luksusowe jasnor\u00f3\u017cowe sk\u00f3rzane sznurowad\u0142a ze z\u0142otymi ko\u0144c\u00f3wkami - od Loop King","description":"Zdefiniuj na nowo sw\u00f3j styl dzi\u0119ki naszym wysokiej jako\u015bci sk\u00f3rzanym sznurowad\u0142om, idealnie dopasowanym do wiod\u0105cych marek sneakers\u00f3w. To Twoja przepustka do natychmiastowej poprawy stylu.","robots":{"index":"index","follow":"follow","max-snippet":"max-snippet:-1","max-image-preview":"max-image-preview:large","max-video-preview":"max-video-preview:-1"},"canonical":"https:\/\/www.loopkinglaces.com\/pl\/products\/luksusowe-jasnorozowe-skorzane-sznurowadla-ze-zlotymi-koncowkami\/","og_locale":"pl_PL","og_type":"article","og_title":"Luksusowe jasnor\u00f3\u017cowe sk\u00f3rzane sznurowad\u0142a ze z\u0142otymi ko\u0144c\u00f3wkami - od Loop King","og_description":"Zdefiniuj na nowo sw\u00f3j styl dzi\u0119ki naszym wysokiej jako\u015bci sk\u00f3rzanym sznurowad\u0142om, idealnie dopasowanym do wiod\u0105cych marek sneakers\u00f3w. To Twoja przepustka do natychmiastowej poprawy stylu.","og_url":"https:\/\/www.loopkinglaces.com\/pl\/products\/luksusowe-jasnorozowe-skorzane-sznurowadla-ze-zlotymi-koncowkami\/","og_site_name":"Luxury Gold Tip Shoelaces by Loop King Laces","article_publisher":"https:\/\/www.facebook.com\/LoopKingLaces\/","og_image":[{"width":2560,"height":2560,"url":"https:\/\/www.loopkinglaces.com\/wp-content\/uploads\/Light-Pink-Leather-scaled.jpg","type":"image\/jpeg"}],"twitter_card":"summary_large_image","twitter_site":"@loopkinglaces","twitter_misc":{"Szacowany czas czytania":"1 minuta"},"schema":{"@context":"https:\/\/schema.org","@graph":[{"@type":["WebPage","ItemPage"],"@id":"https:\/\/www.loopkinglaces.com\/pl\/products\/luksusowe-jasnorozowe-skorzane-sznurowadla-ze-zlotymi-koncowkami\/","url":"https:\/\/www.loopkinglaces.com\/pl\/products\/luksusowe-jasnorozowe-skorzane-sznurowadla-ze-zlotymi-koncowkami\/","name":"Luksusowe jasnor\u00f3\u017cowe sk\u00f3rzane sznurowad\u0142a ze z\u0142otymi ko\u0144c\u00f3wkami - od Loop King","isPartOf":{"@id":"https:\/\/www.loopkinglaces.com\/pl\/#website"},"primaryImageOfPage":{"@id":"https:\/\/www.loopkinglaces.com\/pl\/products\/luksusowe-jasnorozowe-skorzane-sznurowadla-ze-zlotymi-koncowkami\/#primaryimage"},"image":{"@id":"https:\/\/www.loopkinglaces.com\/pl\/products\/luksusowe-jasnorozowe-skorzane-sznurowadla-ze-zlotymi-koncowkami\/#primaryimage"},"thumbnailUrl":"https:\/\/www.loopkinglaces.com\/wp-content\/uploads\/Light-Pink-Leather-scaled.jpg","datePublished":"2023-12-07T16:50:30+00:00","description":"Zdefiniuj na nowo sw\u00f3j styl dzi\u0119ki naszym wysokiej jako\u015bci sk\u00f3rzanym sznurowad\u0142om, idealnie dopasowanym do wiod\u0105cych marek sneakers\u00f3w. To Twoja przepustka do natychmiastowej poprawy stylu.","breadcrumb":{"@id":"https:\/\/www.loopkinglaces.com\/pl\/products\/luksusowe-jasnorozowe-skorzane-sznurowadla-ze-zlotymi-koncowkami\/#breadcrumb"},"inLanguage":"pl-PL","potentialAction":[{"@type":"ReadAction","target":["https:\/\/www.loopkinglaces.com\/pl\/products\/luksusowe-jasnorozowe-skorzane-sznurowadla-ze-zlotymi-koncowkami\/"]}]},{"@type":"ImageObject","inLanguage":"pl-PL","@id":"https:\/\/www.loopkinglaces.com\/pl\/products\/luksusowe-jasnorozowe-skorzane-sznurowadla-ze-zlotymi-koncowkami\/#primaryimage","url":"https:\/\/www.loopkinglaces.com\/wp-content\/uploads\/Light-Pink-Leather-scaled.jpg","contentUrl":"https:\/\/www.loopkinglaces.com\/wp-content\/uploads\/Light-Pink-Leather-scaled.jpg","width":2560,"height":2560},{"@type":"BreadcrumbList","@id":"https:\/\/www.loopkinglaces.com\/pl\/products\/luksusowe-jasnorozowe-skorzane-sznurowadla-ze-zlotymi-koncowkami\/#breadcrumb","itemListElement":[{"@type":"ListItem","position":1,"name":"Home","item":"https:\/\/www.loopkinglaces.com\/pl\/"},{"@type":"ListItem","position":2,"name":"BUY LACES","item":"https:\/\/www.loopkinglaces.com\/buy-laces\/"},{"@type":"ListItem","position":3,"name":"Luksusowe jasnor\u00f3\u017cowe sk\u00f3rzane sznurowad\u0142a ze z\u0142otymi ko\u0144c\u00f3wkami"}]},{"@type":"WebSite","@id":"https:\/\/www.loopkinglaces.com\/pl\/#website","url":"https:\/\/www.loopkinglaces.com\/pl\/","name":"Luxury Gold Tip Shoelaces by Loop King Laces","description":"Rope Laces, Flat Waxed Laces and Leather Laces. All With Gold Tips.","publisher":{"@id":"https:\/\/www.loopkinglaces.com\/pl\/#organization"},"potentialAction":[{"@type":"SearchAction","target":{"@type":"EntryPoint","urlTemplate":"https:\/\/www.loopkinglaces.com\/pl\/?s={search_term_string}"},"query-input":{"@type":"PropertyValueSpecification","valueRequired":true,"valueName":"search_term_string"}}],"inLanguage":"pl-PL"},{"@type":"Organization","@id":"https:\/\/www.loopkinglaces.com\/pl\/#organization","name":"Loop King Laces","url":"https:\/\/www.loopkinglaces.com\/pl\/","logo":{"@type":"ImageObject","inLanguage":"pl-PL","@id":"https:\/\/www.loopkinglaces.com\/pl\/#\/schema\/logo\/image\/","url":"https:\/\/www.loopkinglaces.com\/wp-content\/uploads\/LOOP-KING-LACES.1.1-01-LOGO-HI-RES-OFFICIAL-1.png","contentUrl":"https:\/\/www.loopkinglaces.com\/wp-content\/uploads\/LOOP-KING-LACES.1.1-01-LOGO-HI-RES-OFFICIAL-1.png","width":128,"height":91,"caption":"Loop King Laces"},"image":{"@id":"https:\/\/www.loopkinglaces.com\/pl\/#\/schema\/logo\/image\/"},"sameAs":["https:\/\/www.facebook.com\/LoopKingLaces\/","https:\/\/x.com\/loopkinglaces","https:\/\/www.instagram.com\/loopkinglaces\/"]}]}},"_links":{"self":[{"href":"https:\/\/www.loopkinglaces.com\/pl\/wp-json\/wp\/v2\/product\/81527","targetHints":{"allow":["GET"]}}],"collection":[{"href":"https:\/\/www.loopkinglaces.com\/pl\/wp-json\/wp\/v2\/product"}],"about":[{"href":"https:\/\/www.loopkinglaces.com\/pl\/wp-json\/wp\/v2\/types\/product"}],"replies":[{"embeddable":true,"href":"https:\/\/www.loopkinglaces.com\/pl\/wp-json\/wp\/v2\/comments?post=81527"}],"wp:featuredmedia":[{"embeddable":true,"href":"https:\/\/www.loopkinglaces.com\/pl\/wp-json\/wp\/v2\/media\/81533"}],"wp:attachment":[{"href":"https:\/\/www.loopkinglaces.com\/pl\/wp-json\/wp\/v2\/media?parent=81527"}],"wp:term":[{"taxonomy":"product_brand","embeddable":true,"href":"https:\/\/www.loopkinglaces.com\/pl\/wp-json\/wp\/v2\/product_brand?post=81527"},{"taxonomy":"product_cat","embeddable":true,"href":"https:\/\/www.loopkinglaces.com\/pl\/wp-json\/wp\/v2\/product_cat?post=81527"},{"taxonomy":"product_tag","embeddable":true,"href":"https:\/\/www.loopkinglaces.com\/pl\/wp-json\/wp\/v2\/product_tag?post=81527"},{"taxonomy":"woo-feed-brand","embeddable":true,"href":"https:\/\/www.loopkinglaces.com\/pl\/wp-json\/wp\/v2\/woo-feed-brand?post=81527"}],"curies":[{"name":"wp","href":"https:\/\/api.w.org\/{rel}","templated":true}]}}