{"id":81509,"date":"2023-12-07T16:30:49","date_gmt":"2023-12-07T16:30:49","guid":{"rendered":"https:\/\/www.loopkinglaces.com\/products\/luksusowe-skorzane-sznurowadla-kelly-green-ze-zlotymi-koncowkami\/"},"modified":"2023-12-07T16:30:49","modified_gmt":"2023-12-07T16:30:49","slug":"luksusowe-skorzane-sznurowadla-kelly-green-ze-zlotymi-koncowkami","status":"publish","type":"product","link":"https:\/\/www.loopkinglaces.com\/pl\/products\/luksusowe-skorzane-sznurowadla-kelly-green-ze-zlotymi-koncowkami\/","title":{"rendered":"Luksusowe sk\u00f3rzane sznurowad\u0142a Kelly Green ze z\u0142otymi ko\u0144c\u00f3wkami"},"content":{"rendered":"<h3><a href=\"https:\/\/www.loopkinglaces.com\/\">Luksusowe sznur\u00f3wki do trampek<\/a><\/h3>\n<p>Zdaj\u0105c sobie spraw\u0119, \u017ce grubsze, szersze sznurowad\u0142a cz\u0119sto wygl\u0105daj\u0105 bardziej ekskluzywnie, sk\u00f3rzane sznurowad\u0142a Loop King s\u0105 celowo wykonane tak, aby by\u0142y solidne, co zwi\u0119ksza ich luksusowy wygl\u0105d. Znaczna grubo\u015b\u0107 dodatkowo podkre\u015bla wysokiej jako\u015bci sk\u00f3r\u0119, kt\u00f3rej u\u017cywamy. Jako\u015b\u0107 jest nasz\u0105 mantr\u0105 i przestrzegamy surowych standard\u00f3w dotycz\u0105cych naszych materia\u0142\u00f3w, dzi\u0119ki czemu nasze sznurowad\u0142a s\u0105 znacznie trwalsze. W por\u00f3wnaniu do innych marek, nasze wytrzymuj\u0105 nawet 3 razy d\u0142u\u017cej. Wybierz sk\u00f3rzane sznurowad\u0142a Loop King, aby unikn\u0105\u0107 cz\u0119stych wymian.    <\/p>\n","protected":false},"excerpt":{"rendered":"<p><strong>Luksusowe sk\u00f3rzane sznurowad\u0142a Kelly Green ze z\u0142otymi ko\u0144c\u00f3wkami<\/strong><\/p>\n<p>Powszechnie wiadomo, \u017ce grubsze, bardziej p\u0142askie sznurowad\u0142a maj\u0105 bardziej wyrafinowany i kosztowny wygl\u0105d. Sk\u00f3rzane sznurowad\u0142a Loop King s\u0105 wykonane zgodnie z t\u0105 zasad\u0105, a ich solidna konstrukcja podkre\u015bla ich luksusowy charakter. Grubo\u015b\u0107 nie tylko eksponuje szlachetn\u0105 sk\u00f3r\u0119, ale tak\u017ce odzwierciedla nasze zaanga\u017cowanie w jako\u015b\u0107. Dzi\u0119ki zastosowaniu najwy\u017cszej jako\u015bci materia\u0142\u00f3w, nasze sznurowad\u0142a s\u0105 niezwykle trwa\u0142e, cz\u0119sto wytrzymuj\u0105c trzy razy d\u0142u\u017cej ni\u017c inne. Sk\u00f3rzane sznurowad\u0142a Loop King to Twoje rozwi\u0105zanie dla nieprzemijaj\u0105cej elegancji. Kluczowe cechy obejmuj\u0105: <\/p>\n<ul>\n<li>Szeroko\u015b\u0107 6 mm (p\u0142aska)<\/li>\n<li>Cienka sk\u00f3ra<\/li>\n<li>Wyt\u0142oczone z\u0142ote ko\u0144c\u00f3wki z nazw\u0105 Loop King<\/li>\n<li>Pasuje do wi\u0119kszo\u015bci g\u0142\u00f3wnych marek obuwia (Nike, Adidas, Reebok, Vans, Converse itp.).<\/li>\n<li>Wytrzyma 3x d\u0142u\u017cej ni\u017c sznurowad\u0142a innych marek<\/li>\n<li>Pi\u0119kne opakowanie Loop King na koronk\u0119<\/li>\n<\/ul>\n","protected":false},"featured_media":81515,"comment_status":"open","ping_status":"closed","template":"","meta":{"_acf_changed":false},"product_brand":[],"product_cat":[2142,2081,2223,2250,2209,2183,2269,2232,2043,2252,2036,2264,2266,2262,2035,2243,2259,2267,2236],"product_tag":[2056,2051,2055,2238,2239,2053],"woo-feed-brand":[],"class_list":{"0":"post-81509","1":"product","2":"type-product","3":"status-publish","4":"has-post-thumbnail","6":"product_cat-52-calowe-sznurowadla","7":"product_cat-72-calowe-sznurowadla-do-butow-ktore-uwolnia-twoj-styl","8":"product_cat-luksusowe-skorzane-sznurowadla","9":"product_cat-najwyzszej-jakosci-sznurowadla-do-butow-skechers-ktore-dodaja-intrygi-wartosci-i-komfortu","10":"product_cat-nowoczesne-i-najlepsze-sznurowadla-nike-sb","11":"product_cat-oszalamiajace-sznurowadla-do-butow-timberland-ktore-cie-nie-zawioda","12":"product_cat-podkrec-swoja-gre-z-54-calowymi-sznurowadlami-do-butow","13":"product_cat-podnies-swoje-doswiadczenie-z-hoka-nie-tylko-sznurowadla-ale-takze-neutralne-odcienie","14":"product_cat-sznurowadla-allen-edmonds-krok-ponad-przecietnosc","15":"product_cat-sznurowadla-ecco-idealne-wykonczenie-twoich-butow","16":"product_cat-sznurowadla-ze-zlota-koncowka","17":"product_cat-sznurowki-do-butow-vans-fantastyczne-dla-twoich-sneakersow","18":"product_cat-sznurowki-human-race","19":"product_cat-sznurowki-stan-smith-fantazyjne-i-modne","20":"product_cat-wszystkie-sznurowadla","21":"product_cat-zamienniki-sznurowadel-golden-goose-dla-twojego-ukochanego-obuwia","22":"product_cat-zielone-sznurowadla-premium-ktore-ulepsza-twoje-buty","23":"product_cat-znajdz-idealne-60-calowe-sznurowadla-prawdziwa-przygoda","24":"product_cat-znajdz-idealne-dopasowanie-rewolucja-72-calowych-sznurowadel","25":"product_tag-czarny","26":"product_tag-loop-king-pl","27":"product_tag-metalowa-koncowka","28":"product_tag-obuwie","29":"product_tag-skorzane-sznurowadla","30":"product_tag-sznurowadla","32":"first","33":"instock","34":"taxable","35":"shipping-taxable","36":"purchasable","37":"product-type-variable"},"acf":[],"yoast_head":"<!-- This site is optimized with the Yoast SEO plugin v27.4 - https:\/\/yoast.com\/product\/yoast-seo-wordpress\/ -->\n<title>Luksusowe sk\u00f3rzane sznurowad\u0142a Kelly Green ze z\u0142otymi ko\u0144c\u00f3wkami - od Loop King<\/title>\n<meta name=\"description\" content=\"Odmie\u0144 swoje sneakersy dzi\u0119ki naszym najwy\u017cszej jako\u015bci sk\u00f3rzanym sznurowad\u0142om. Zosta\u0142y one zaprojektowane, aby doda\u0107 elegancji Twoim ulubionym parom. Sprawd\u017a nasz\u0105 ofert\u0119 ju\u017c dzi\u015b.\" \/>\n<meta name=\"robots\" content=\"index, follow, max-snippet:-1, max-image-preview:large, max-video-preview:-1\" \/>\n<link rel=\"canonical\" href=\"https:\/\/www.loopkinglaces.com\/pl\/products\/luksusowe-skorzane-sznurowadla-kelly-green-ze-zlotymi-koncowkami\/\" \/>\n<meta property=\"og:locale\" content=\"pl_PL\" \/>\n<meta property=\"og:type\" content=\"article\" \/>\n<meta property=\"og:title\" content=\"Luksusowe sk\u00f3rzane sznurowad\u0142a Kelly Green ze z\u0142otymi ko\u0144c\u00f3wkami - od Loop King\" \/>\n<meta property=\"og:description\" content=\"Odmie\u0144 swoje sneakersy dzi\u0119ki naszym najwy\u017cszej jako\u015bci sk\u00f3rzanym sznurowad\u0142om. Zosta\u0142y one zaprojektowane, aby doda\u0107 elegancji Twoim ulubionym parom. Sprawd\u017a nasz\u0105 ofert\u0119 ju\u017c dzi\u015b.\" \/>\n<meta property=\"og:url\" content=\"https:\/\/www.loopkinglaces.com\/pl\/products\/luksusowe-skorzane-sznurowadla-kelly-green-ze-zlotymi-koncowkami\/\" \/>\n<meta property=\"og:site_name\" content=\"Luxury Gold Tip Shoelaces by Loop King Laces\" \/>\n<meta property=\"article:publisher\" content=\"https:\/\/www.facebook.com\/LoopKingLaces\/\" \/>\n<meta property=\"og:image\" content=\"https:\/\/www.loopkinglaces.com\/wp-content\/uploads\/Kelly-Green-Leather-scaled.jpg\" \/>\n\t<meta property=\"og:image:width\" content=\"2560\" \/>\n\t<meta property=\"og:image:height\" content=\"2560\" \/>\n\t<meta property=\"og:image:type\" content=\"image\/jpeg\" \/>\n<meta name=\"twitter:card\" content=\"summary_large_image\" \/>\n<meta name=\"twitter:site\" content=\"@loopkinglaces\" \/>\n<meta name=\"twitter:label1\" content=\"Szacowany czas czytania\" \/>\n\t<meta name=\"twitter:data1\" content=\"1 minuta\" \/>\n<script type=\"application\/ld+json\" class=\"yoast-schema-graph\">{\"@context\":\"https:\\\/\\\/schema.org\",\"@graph\":[{\"@type\":[\"WebPage\",\"ItemPage\"],\"@id\":\"https:\\\/\\\/www.loopkinglaces.com\\\/pl\\\/products\\\/luksusowe-skorzane-sznurowadla-kelly-green-ze-zlotymi-koncowkami\\\/\",\"url\":\"https:\\\/\\\/www.loopkinglaces.com\\\/pl\\\/products\\\/luksusowe-skorzane-sznurowadla-kelly-green-ze-zlotymi-koncowkami\\\/\",\"name\":\"Luksusowe sk\u00f3rzane sznurowad\u0142a Kelly Green ze z\u0142otymi ko\u0144c\u00f3wkami - od Loop King\",\"isPartOf\":{\"@id\":\"https:\\\/\\\/www.loopkinglaces.com\\\/pl\\\/#website\"},\"primaryImageOfPage\":{\"@id\":\"https:\\\/\\\/www.loopkinglaces.com\\\/pl\\\/products\\\/luksusowe-skorzane-sznurowadla-kelly-green-ze-zlotymi-koncowkami\\\/#primaryimage\"},\"image\":{\"@id\":\"https:\\\/\\\/www.loopkinglaces.com\\\/pl\\\/products\\\/luksusowe-skorzane-sznurowadla-kelly-green-ze-zlotymi-koncowkami\\\/#primaryimage\"},\"thumbnailUrl\":\"https:\\\/\\\/www.loopkinglaces.com\\\/wp-content\\\/uploads\\\/Kelly-Green-Leather-scaled.jpg\",\"datePublished\":\"2023-12-07T16:30:49+00:00\",\"description\":\"Odmie\u0144 swoje sneakersy dzi\u0119ki naszym najwy\u017cszej jako\u015bci sk\u00f3rzanym sznurowad\u0142om. Zosta\u0142y one zaprojektowane, aby doda\u0107 elegancji Twoim ulubionym parom. Sprawd\u017a nasz\u0105 ofert\u0119 ju\u017c dzi\u015b.\",\"breadcrumb\":{\"@id\":\"https:\\\/\\\/www.loopkinglaces.com\\\/pl\\\/products\\\/luksusowe-skorzane-sznurowadla-kelly-green-ze-zlotymi-koncowkami\\\/#breadcrumb\"},\"inLanguage\":\"pl-PL\",\"potentialAction\":[{\"@type\":\"ReadAction\",\"target\":[\"https:\\\/\\\/www.loopkinglaces.com\\\/pl\\\/products\\\/luksusowe-skorzane-sznurowadla-kelly-green-ze-zlotymi-koncowkami\\\/\"]}]},{\"@type\":\"ImageObject\",\"inLanguage\":\"pl-PL\",\"@id\":\"https:\\\/\\\/www.loopkinglaces.com\\\/pl\\\/products\\\/luksusowe-skorzane-sznurowadla-kelly-green-ze-zlotymi-koncowkami\\\/#primaryimage\",\"url\":\"https:\\\/\\\/www.loopkinglaces.com\\\/wp-content\\\/uploads\\\/Kelly-Green-Leather-scaled.jpg\",\"contentUrl\":\"https:\\\/\\\/www.loopkinglaces.com\\\/wp-content\\\/uploads\\\/Kelly-Green-Leather-scaled.jpg\",\"width\":2560,\"height\":2560},{\"@type\":\"BreadcrumbList\",\"@id\":\"https:\\\/\\\/www.loopkinglaces.com\\\/pl\\\/products\\\/luksusowe-skorzane-sznurowadla-kelly-green-ze-zlotymi-koncowkami\\\/#breadcrumb\",\"itemListElement\":[{\"@type\":\"ListItem\",\"position\":1,\"name\":\"Home\",\"item\":\"https:\\\/\\\/www.loopkinglaces.com\\\/pl\\\/\"},{\"@type\":\"ListItem\",\"position\":2,\"name\":\"BUY LACES\",\"item\":\"https:\\\/\\\/www.loopkinglaces.com\\\/buy-laces\\\/\"},{\"@type\":\"ListItem\",\"position\":3,\"name\":\"Luksusowe sk\u00f3rzane sznurowad\u0142a Kelly Green ze z\u0142otymi ko\u0144c\u00f3wkami\"}]},{\"@type\":\"WebSite\",\"@id\":\"https:\\\/\\\/www.loopkinglaces.com\\\/pl\\\/#website\",\"url\":\"https:\\\/\\\/www.loopkinglaces.com\\\/pl\\\/\",\"name\":\"Luxury Gold Tip Shoelaces by Loop King Laces\",\"description\":\"Rope Laces, Flat Waxed Laces and Leather Laces. All With Gold Tips.\",\"publisher\":{\"@id\":\"https:\\\/\\\/www.loopkinglaces.com\\\/pl\\\/#organization\"},\"potentialAction\":[{\"@type\":\"SearchAction\",\"target\":{\"@type\":\"EntryPoint\",\"urlTemplate\":\"https:\\\/\\\/www.loopkinglaces.com\\\/pl\\\/?s={search_term_string}\"},\"query-input\":{\"@type\":\"PropertyValueSpecification\",\"valueRequired\":true,\"valueName\":\"search_term_string\"}}],\"inLanguage\":\"pl-PL\"},{\"@type\":\"Organization\",\"@id\":\"https:\\\/\\\/www.loopkinglaces.com\\\/pl\\\/#organization\",\"name\":\"Loop King Laces\",\"url\":\"https:\\\/\\\/www.loopkinglaces.com\\\/pl\\\/\",\"logo\":{\"@type\":\"ImageObject\",\"inLanguage\":\"pl-PL\",\"@id\":\"https:\\\/\\\/www.loopkinglaces.com\\\/pl\\\/#\\\/schema\\\/logo\\\/image\\\/\",\"url\":\"https:\\\/\\\/www.loopkinglaces.com\\\/wp-content\\\/uploads\\\/LOOP-KING-LACES.1.1-01-LOGO-HI-RES-OFFICIAL-1.png\",\"contentUrl\":\"https:\\\/\\\/www.loopkinglaces.com\\\/wp-content\\\/uploads\\\/LOOP-KING-LACES.1.1-01-LOGO-HI-RES-OFFICIAL-1.png\",\"width\":128,\"height\":91,\"caption\":\"Loop King Laces\"},\"image\":{\"@id\":\"https:\\\/\\\/www.loopkinglaces.com\\\/pl\\\/#\\\/schema\\\/logo\\\/image\\\/\"},\"sameAs\":[\"https:\\\/\\\/www.facebook.com\\\/LoopKingLaces\\\/\",\"https:\\\/\\\/x.com\\\/loopkinglaces\",\"https:\\\/\\\/www.instagram.com\\\/loopkinglaces\\\/\"]}]}<\/script>\n<!-- \/ Yoast SEO plugin. -->","yoast_head_json":{"title":"Luksusowe sk\u00f3rzane sznurowad\u0142a Kelly Green ze z\u0142otymi ko\u0144c\u00f3wkami - od Loop King","description":"Odmie\u0144 swoje sneakersy dzi\u0119ki naszym najwy\u017cszej jako\u015bci sk\u00f3rzanym sznurowad\u0142om. Zosta\u0142y one zaprojektowane, aby doda\u0107 elegancji Twoim ulubionym parom. Sprawd\u017a nasz\u0105 ofert\u0119 ju\u017c dzi\u015b.","robots":{"index":"index","follow":"follow","max-snippet":"max-snippet:-1","max-image-preview":"max-image-preview:large","max-video-preview":"max-video-preview:-1"},"canonical":"https:\/\/www.loopkinglaces.com\/pl\/products\/luksusowe-skorzane-sznurowadla-kelly-green-ze-zlotymi-koncowkami\/","og_locale":"pl_PL","og_type":"article","og_title":"Luksusowe sk\u00f3rzane sznurowad\u0142a Kelly Green ze z\u0142otymi ko\u0144c\u00f3wkami - od Loop King","og_description":"Odmie\u0144 swoje sneakersy dzi\u0119ki naszym najwy\u017cszej jako\u015bci sk\u00f3rzanym sznurowad\u0142om. Zosta\u0142y one zaprojektowane, aby doda\u0107 elegancji Twoim ulubionym parom. Sprawd\u017a nasz\u0105 ofert\u0119 ju\u017c dzi\u015b.","og_url":"https:\/\/www.loopkinglaces.com\/pl\/products\/luksusowe-skorzane-sznurowadla-kelly-green-ze-zlotymi-koncowkami\/","og_site_name":"Luxury Gold Tip Shoelaces by Loop King Laces","article_publisher":"https:\/\/www.facebook.com\/LoopKingLaces\/","og_image":[{"width":2560,"height":2560,"url":"https:\/\/www.loopkinglaces.com\/wp-content\/uploads\/Kelly-Green-Leather-scaled.jpg","type":"image\/jpeg"}],"twitter_card":"summary_large_image","twitter_site":"@loopkinglaces","twitter_misc":{"Szacowany czas czytania":"1 minuta"},"schema":{"@context":"https:\/\/schema.org","@graph":[{"@type":["WebPage","ItemPage"],"@id":"https:\/\/www.loopkinglaces.com\/pl\/products\/luksusowe-skorzane-sznurowadla-kelly-green-ze-zlotymi-koncowkami\/","url":"https:\/\/www.loopkinglaces.com\/pl\/products\/luksusowe-skorzane-sznurowadla-kelly-green-ze-zlotymi-koncowkami\/","name":"Luksusowe sk\u00f3rzane sznurowad\u0142a Kelly Green ze z\u0142otymi ko\u0144c\u00f3wkami - od Loop King","isPartOf":{"@id":"https:\/\/www.loopkinglaces.com\/pl\/#website"},"primaryImageOfPage":{"@id":"https:\/\/www.loopkinglaces.com\/pl\/products\/luksusowe-skorzane-sznurowadla-kelly-green-ze-zlotymi-koncowkami\/#primaryimage"},"image":{"@id":"https:\/\/www.loopkinglaces.com\/pl\/products\/luksusowe-skorzane-sznurowadla-kelly-green-ze-zlotymi-koncowkami\/#primaryimage"},"thumbnailUrl":"https:\/\/www.loopkinglaces.com\/wp-content\/uploads\/Kelly-Green-Leather-scaled.jpg","datePublished":"2023-12-07T16:30:49+00:00","description":"Odmie\u0144 swoje sneakersy dzi\u0119ki naszym najwy\u017cszej jako\u015bci sk\u00f3rzanym sznurowad\u0142om. Zosta\u0142y one zaprojektowane, aby doda\u0107 elegancji Twoim ulubionym parom. Sprawd\u017a nasz\u0105 ofert\u0119 ju\u017c dzi\u015b.","breadcrumb":{"@id":"https:\/\/www.loopkinglaces.com\/pl\/products\/luksusowe-skorzane-sznurowadla-kelly-green-ze-zlotymi-koncowkami\/#breadcrumb"},"inLanguage":"pl-PL","potentialAction":[{"@type":"ReadAction","target":["https:\/\/www.loopkinglaces.com\/pl\/products\/luksusowe-skorzane-sznurowadla-kelly-green-ze-zlotymi-koncowkami\/"]}]},{"@type":"ImageObject","inLanguage":"pl-PL","@id":"https:\/\/www.loopkinglaces.com\/pl\/products\/luksusowe-skorzane-sznurowadla-kelly-green-ze-zlotymi-koncowkami\/#primaryimage","url":"https:\/\/www.loopkinglaces.com\/wp-content\/uploads\/Kelly-Green-Leather-scaled.jpg","contentUrl":"https:\/\/www.loopkinglaces.com\/wp-content\/uploads\/Kelly-Green-Leather-scaled.jpg","width":2560,"height":2560},{"@type":"BreadcrumbList","@id":"https:\/\/www.loopkinglaces.com\/pl\/products\/luksusowe-skorzane-sznurowadla-kelly-green-ze-zlotymi-koncowkami\/#breadcrumb","itemListElement":[{"@type":"ListItem","position":1,"name":"Home","item":"https:\/\/www.loopkinglaces.com\/pl\/"},{"@type":"ListItem","position":2,"name":"BUY LACES","item":"https:\/\/www.loopkinglaces.com\/buy-laces\/"},{"@type":"ListItem","position":3,"name":"Luksusowe sk\u00f3rzane sznurowad\u0142a Kelly Green ze z\u0142otymi ko\u0144c\u00f3wkami"}]},{"@type":"WebSite","@id":"https:\/\/www.loopkinglaces.com\/pl\/#website","url":"https:\/\/www.loopkinglaces.com\/pl\/","name":"Luxury Gold Tip Shoelaces by Loop King Laces","description":"Rope Laces, Flat Waxed Laces and Leather Laces. All With Gold Tips.","publisher":{"@id":"https:\/\/www.loopkinglaces.com\/pl\/#organization"},"potentialAction":[{"@type":"SearchAction","target":{"@type":"EntryPoint","urlTemplate":"https:\/\/www.loopkinglaces.com\/pl\/?s={search_term_string}"},"query-input":{"@type":"PropertyValueSpecification","valueRequired":true,"valueName":"search_term_string"}}],"inLanguage":"pl-PL"},{"@type":"Organization","@id":"https:\/\/www.loopkinglaces.com\/pl\/#organization","name":"Loop King Laces","url":"https:\/\/www.loopkinglaces.com\/pl\/","logo":{"@type":"ImageObject","inLanguage":"pl-PL","@id":"https:\/\/www.loopkinglaces.com\/pl\/#\/schema\/logo\/image\/","url":"https:\/\/www.loopkinglaces.com\/wp-content\/uploads\/LOOP-KING-LACES.1.1-01-LOGO-HI-RES-OFFICIAL-1.png","contentUrl":"https:\/\/www.loopkinglaces.com\/wp-content\/uploads\/LOOP-KING-LACES.1.1-01-LOGO-HI-RES-OFFICIAL-1.png","width":128,"height":91,"caption":"Loop King Laces"},"image":{"@id":"https:\/\/www.loopkinglaces.com\/pl\/#\/schema\/logo\/image\/"},"sameAs":["https:\/\/www.facebook.com\/LoopKingLaces\/","https:\/\/x.com\/loopkinglaces","https:\/\/www.instagram.com\/loopkinglaces\/"]}]}},"_links":{"self":[{"href":"https:\/\/www.loopkinglaces.com\/pl\/wp-json\/wp\/v2\/product\/81509","targetHints":{"allow":["GET"]}}],"collection":[{"href":"https:\/\/www.loopkinglaces.com\/pl\/wp-json\/wp\/v2\/product"}],"about":[{"href":"https:\/\/www.loopkinglaces.com\/pl\/wp-json\/wp\/v2\/types\/product"}],"replies":[{"embeddable":true,"href":"https:\/\/www.loopkinglaces.com\/pl\/wp-json\/wp\/v2\/comments?post=81509"}],"wp:featuredmedia":[{"embeddable":true,"href":"https:\/\/www.loopkinglaces.com\/pl\/wp-json\/wp\/v2\/media\/81515"}],"wp:attachment":[{"href":"https:\/\/www.loopkinglaces.com\/pl\/wp-json\/wp\/v2\/media?parent=81509"}],"wp:term":[{"taxonomy":"product_brand","embeddable":true,"href":"https:\/\/www.loopkinglaces.com\/pl\/wp-json\/wp\/v2\/product_brand?post=81509"},{"taxonomy":"product_cat","embeddable":true,"href":"https:\/\/www.loopkinglaces.com\/pl\/wp-json\/wp\/v2\/product_cat?post=81509"},{"taxonomy":"product_tag","embeddable":true,"href":"https:\/\/www.loopkinglaces.com\/pl\/wp-json\/wp\/v2\/product_tag?post=81509"},{"taxonomy":"woo-feed-brand","embeddable":true,"href":"https:\/\/www.loopkinglaces.com\/pl\/wp-json\/wp\/v2\/woo-feed-brand?post=81509"}],"curies":[{"name":"wp","href":"https:\/\/api.w.org\/{rel}","templated":true}]}}