{"id":81463,"date":"2023-12-07T14:48:34","date_gmt":"2023-12-07T14:48:34","guid":{"rendered":"https:\/\/www.loopkinglaces.com\/products\/luksusowe-brazowe-skorzane-sznurowadla-ze-zlotymi-koncowkami\/"},"modified":"2023-12-07T14:48:34","modified_gmt":"2023-12-07T14:48:34","slug":"luksusowe-brazowe-skorzane-sznurowadla-ze-zlotymi-koncowkami","status":"publish","type":"product","link":"https:\/\/www.loopkinglaces.com\/pl\/products\/luksusowe-brazowe-skorzane-sznurowadla-ze-zlotymi-koncowkami\/","title":{"rendered":"Luksusowe br\u0105zowe sk\u00f3rzane sznurowad\u0142a ze z\u0142otymi ko\u0144c\u00f3wkami"},"content":{"rendered":"<h3><a href=\"https:\/\/www.loopkinglaces.com\/\">Luksusowe sznur\u00f3wki do trampek<\/a><\/h3>\n<p>Urok p\u0142askich, solidnych sznurowade\u0142 jest nie do przecenienia; emanuj\u0105 one atmosfer\u0105 luksusu. W\u0142a\u015bnie dlatego sk\u00f3rzane sznurowad\u0142a Loop King maj\u0105 solidn\u0105 grubo\u015b\u0107, podkre\u015blaj\u0105c\u0105 ich najwy\u017csz\u0105 jako\u015b\u0107. Znaczna grubo\u015b\u0107 nie tylko podkre\u015bla najwy\u017csz\u0105 jako\u015b\u0107 u\u017cytej sk\u00f3ry, ale tak\u017ce \u015bwiadczy o naszym niezachwianym zaanga\u017cowaniu w doskona\u0142o\u015b\u0107. Nasz wyb\u00f3r najwy\u017cszej jako\u015bci materia\u0142\u00f3w zapewnia, \u017ce te sznurowad\u0142a przetrwaj\u0105 d\u0142u\u017cej ni\u017c inne, cz\u0119sto trzykrotnie. Dla tych, kt\u00f3rzy chc\u0105 unikn\u0105\u0107 cz\u0119stej wymiany sznurowade\u0142, sk\u00f3rzane sznurowad\u0142a Loop King s\u0105 idealnym wyborem, posiadaj\u0105cym kluczowe cechy.    <\/p>\n","protected":false},"excerpt":{"rendered":"<p><strong>Luksusowe br\u0105zowe sk\u00f3rzane sznurowad\u0142a ze z\u0142otymi ko\u0144c\u00f3wkami<\/strong><\/p>\n<p>Nie mo\u017cna zaprzeczy\u0107, \u017ce szersze, grubsze sznurowad\u0142a maj\u0105 bardziej luksusowy i dro\u017cszy wygl\u0105d. Loop King to rozumie, dlatego nasze sk\u00f3rzane sznurowad\u0142a s\u0105 zaprojektowane tak, aby by\u0142y zar\u00f3wno grube, jak i stylowe, podkre\u015blaj\u0105c wysokiej jako\u015bci sk\u00f3r\u0119. Przyk\u0142adamy ogromn\u0105 wag\u0119 do jako\u015bci, u\u017cywaj\u0105c tylko najlepszych materia\u0142\u00f3w. W rezultacie otrzymujesz sznurowad\u0142a, kt\u00f3re s\u0105 nie tylko atrakcyjne wizualnie, ale tak\u017ce niezwykle trwa\u0142e, cz\u0119sto trzykrotnie d\u0142u\u017csze ni\u017c sznurowad\u0142a konkurencji. Wybierz sk\u00f3rzane sznurowad\u0142a Loop King, je\u015bli szukasz po\u0142\u0105czenia stylu i trwa\u0142o\u015bci. Ich kluczowe cechy obejmuj\u0105: <\/p>\n<ul>\n<li>Szeroko\u015b\u0107 6 mm (p\u0142aska)<\/li>\n<li>Cienka sk\u00f3ra<\/li>\n<li>Wyt\u0142oczone z\u0142ote ko\u0144c\u00f3wki z nazw\u0105 Loop King<\/li>\n<li>Pasuje do wi\u0119kszo\u015bci g\u0142\u00f3wnych marek obuwia (Nike, Adidas, Reebok, Vans, Converse itp.).<\/li>\n<li>Wytrzyma 3x d\u0142u\u017cej ni\u017c sznurowad\u0142a innych marek<\/li>\n<li>Pi\u0119kne opakowanie Loop King na koronk\u0119<\/li>\n<\/ul>\n","protected":false},"featured_media":81465,"comment_status":"open","ping_status":"closed","template":"","meta":{"_acf_changed":false},"product_brand":[],"product_cat":[2233,2037,2240,2223,2191,2232,2036,2194,2035,2206,2243],"product_tag":[2056,2051,2055,2238,2239,2053],"woo-feed-brand":[],"class_list":{"0":"post-81463","1":"product","2":"type-product","3":"status-publish","4":"has-post-thumbnail","6":"product_cat-bardzo-dlugie-sznurowadla-to-cos-wiecej-niz-tylko-trend-to-styl-zycia","7":"product_cat-brazowe-sznurowadla-ktore-podkresla-twoj-styl","8":"product_cat-jak-sznurowac-air-max-97-przewodnik-po-rozmiarach-i-opcje-sznurowadel","9":"product_cat-luksusowe-skorzane-sznurowadla","10":"product_cat-najlepsze-sznurowadla-alexander-mcqueen-dla-twoich-sneakersow-z-najwyzszej-polki","11":"product_cat-podnies-swoje-doswiadczenie-z-hoka-nie-tylko-sznurowadla-ale-takze-neutralne-odcienie","12":"product_cat-sznurowadla-ze-zlota-koncowka","13":"product_cat-travis-scott-laces-hype-milosc-i-caly-ten-jazz","14":"product_cat-wszystkie-sznurowadla","15":"product_cat-wytrzymale-sznurowadla-do-butow-thorogood-ktore-nigdy-cie-nie-zawioda","16":"product_cat-zamienniki-sznurowadel-golden-goose-dla-twojego-ukochanego-obuwia","17":"product_tag-czarny","18":"product_tag-loop-king-pl","19":"product_tag-metalowa-koncowka","20":"product_tag-obuwie","21":"product_tag-skorzane-sznurowadla","22":"product_tag-sznurowadla","24":"first","25":"instock","26":"taxable","27":"shipping-taxable","28":"purchasable","29":"product-type-variable"},"acf":[],"yoast_head":"<!-- This site is optimized with the Yoast SEO plugin v27.5 - https:\/\/yoast.com\/product\/yoast-seo-wordpress\/ -->\n<title>Luksusowe br\u0105zowe sk\u00f3rzane sznurowad\u0142a ze z\u0142otymi ko\u0144c\u00f3wkami - od Loop King<\/title>\n<meta name=\"description\" content=\"Podaruj swojej kolekcji obuwia szybkie ulepszenie dzi\u0119ki naszym wysokiej jako\u015bci sk\u00f3rzanym sznurowad\u0142om. Idealnie pasuj\u0105 do but\u00f3w Nike Dunks i wielu innych marek sneakers\u00f3w.\" \/>\n<meta name=\"robots\" content=\"index, follow, max-snippet:-1, max-image-preview:large, max-video-preview:-1\" \/>\n<link rel=\"canonical\" href=\"https:\/\/www.loopkinglaces.com\/pl\/products\/luksusowe-brazowe-skorzane-sznurowadla-ze-zlotymi-koncowkami\/\" \/>\n<meta property=\"og:locale\" content=\"pl_PL\" \/>\n<meta property=\"og:type\" content=\"article\" \/>\n<meta property=\"og:title\" content=\"Luksusowe br\u0105zowe sk\u00f3rzane sznurowad\u0142a ze z\u0142otymi ko\u0144c\u00f3wkami - od Loop King\" \/>\n<meta property=\"og:description\" content=\"Podaruj swojej kolekcji obuwia szybkie ulepszenie dzi\u0119ki naszym wysokiej jako\u015bci sk\u00f3rzanym sznurowad\u0142om. Idealnie pasuj\u0105 do but\u00f3w Nike Dunks i wielu innych marek sneakers\u00f3w.\" \/>\n<meta property=\"og:url\" content=\"https:\/\/www.loopkinglaces.com\/pl\/products\/luksusowe-brazowe-skorzane-sznurowadla-ze-zlotymi-koncowkami\/\" \/>\n<meta property=\"og:site_name\" content=\"Luxury Gold Tip Shoelaces by Loop King Laces\" \/>\n<meta property=\"article:publisher\" content=\"https:\/\/www.facebook.com\/LoopKingLaces\/\" \/>\n<meta property=\"og:image\" content=\"https:\/\/www.loopkinglaces.com\/wp-content\/uploads\/Brown-Leather-scaled.jpg\" \/>\n\t<meta property=\"og:image:width\" content=\"2560\" \/>\n\t<meta property=\"og:image:height\" content=\"2560\" \/>\n\t<meta property=\"og:image:type\" content=\"image\/jpeg\" \/>\n<meta name=\"twitter:card\" content=\"summary_large_image\" \/>\n<meta name=\"twitter:site\" content=\"@loopkinglaces\" \/>\n<meta name=\"twitter:label1\" content=\"Szacowany czas czytania\" \/>\n\t<meta name=\"twitter:data1\" content=\"1 minuta\" \/>\n<script type=\"application\/ld+json\" class=\"yoast-schema-graph\">{\"@context\":\"https:\\\/\\\/schema.org\",\"@graph\":[{\"@type\":[\"WebPage\",\"ItemPage\"],\"@id\":\"https:\\\/\\\/www.loopkinglaces.com\\\/pl\\\/products\\\/luksusowe-brazowe-skorzane-sznurowadla-ze-zlotymi-koncowkami\\\/\",\"url\":\"https:\\\/\\\/www.loopkinglaces.com\\\/pl\\\/products\\\/luksusowe-brazowe-skorzane-sznurowadla-ze-zlotymi-koncowkami\\\/\",\"name\":\"Luksusowe br\u0105zowe sk\u00f3rzane sznurowad\u0142a ze z\u0142otymi ko\u0144c\u00f3wkami - od Loop King\",\"isPartOf\":{\"@id\":\"https:\\\/\\\/www.loopkinglaces.com\\\/pl\\\/#website\"},\"primaryImageOfPage\":{\"@id\":\"https:\\\/\\\/www.loopkinglaces.com\\\/pl\\\/products\\\/luksusowe-brazowe-skorzane-sznurowadla-ze-zlotymi-koncowkami\\\/#primaryimage\"},\"image\":{\"@id\":\"https:\\\/\\\/www.loopkinglaces.com\\\/pl\\\/products\\\/luksusowe-brazowe-skorzane-sznurowadla-ze-zlotymi-koncowkami\\\/#primaryimage\"},\"thumbnailUrl\":\"https:\\\/\\\/www.loopkinglaces.com\\\/wp-content\\\/uploads\\\/Brown-Leather-scaled.jpg\",\"datePublished\":\"2023-12-07T14:48:34+00:00\",\"description\":\"Podaruj swojej kolekcji obuwia szybkie ulepszenie dzi\u0119ki naszym wysokiej jako\u015bci sk\u00f3rzanym sznurowad\u0142om. Idealnie pasuj\u0105 do but\u00f3w Nike Dunks i wielu innych marek sneakers\u00f3w.\",\"breadcrumb\":{\"@id\":\"https:\\\/\\\/www.loopkinglaces.com\\\/pl\\\/products\\\/luksusowe-brazowe-skorzane-sznurowadla-ze-zlotymi-koncowkami\\\/#breadcrumb\"},\"inLanguage\":\"pl-PL\",\"potentialAction\":[{\"@type\":\"ReadAction\",\"target\":[\"https:\\\/\\\/www.loopkinglaces.com\\\/pl\\\/products\\\/luksusowe-brazowe-skorzane-sznurowadla-ze-zlotymi-koncowkami\\\/\"]}]},{\"@type\":\"ImageObject\",\"inLanguage\":\"pl-PL\",\"@id\":\"https:\\\/\\\/www.loopkinglaces.com\\\/pl\\\/products\\\/luksusowe-brazowe-skorzane-sznurowadla-ze-zlotymi-koncowkami\\\/#primaryimage\",\"url\":\"https:\\\/\\\/www.loopkinglaces.com\\\/wp-content\\\/uploads\\\/Brown-Leather-scaled.jpg\",\"contentUrl\":\"https:\\\/\\\/www.loopkinglaces.com\\\/wp-content\\\/uploads\\\/Brown-Leather-scaled.jpg\",\"width\":2560,\"height\":2560},{\"@type\":\"BreadcrumbList\",\"@id\":\"https:\\\/\\\/www.loopkinglaces.com\\\/pl\\\/products\\\/luksusowe-brazowe-skorzane-sznurowadla-ze-zlotymi-koncowkami\\\/#breadcrumb\",\"itemListElement\":[{\"@type\":\"ListItem\",\"position\":1,\"name\":\"Home\",\"item\":\"https:\\\/\\\/www.loopkinglaces.com\\\/pl\\\/\"},{\"@type\":\"ListItem\",\"position\":2,\"name\":\"BUY LACES\",\"item\":\"https:\\\/\\\/www.loopkinglaces.com\\\/buy-laces\\\/\"},{\"@type\":\"ListItem\",\"position\":3,\"name\":\"Luksusowe br\u0105zowe sk\u00f3rzane sznurowad\u0142a ze z\u0142otymi ko\u0144c\u00f3wkami\"}]},{\"@type\":\"WebSite\",\"@id\":\"https:\\\/\\\/www.loopkinglaces.com\\\/pl\\\/#website\",\"url\":\"https:\\\/\\\/www.loopkinglaces.com\\\/pl\\\/\",\"name\":\"Luxury Gold Tip Shoelaces by Loop King Laces\",\"description\":\"Rope Laces, Flat Waxed Laces and Leather Laces. All With Gold Tips.\",\"publisher\":{\"@id\":\"https:\\\/\\\/www.loopkinglaces.com\\\/pl\\\/#organization\"},\"potentialAction\":[{\"@type\":\"SearchAction\",\"target\":{\"@type\":\"EntryPoint\",\"urlTemplate\":\"https:\\\/\\\/www.loopkinglaces.com\\\/pl\\\/?s={search_term_string}\"},\"query-input\":{\"@type\":\"PropertyValueSpecification\",\"valueRequired\":true,\"valueName\":\"search_term_string\"}}],\"inLanguage\":\"pl-PL\"},{\"@type\":\"Organization\",\"@id\":\"https:\\\/\\\/www.loopkinglaces.com\\\/pl\\\/#organization\",\"name\":\"Loop King Laces\",\"url\":\"https:\\\/\\\/www.loopkinglaces.com\\\/pl\\\/\",\"logo\":{\"@type\":\"ImageObject\",\"inLanguage\":\"pl-PL\",\"@id\":\"https:\\\/\\\/www.loopkinglaces.com\\\/pl\\\/#\\\/schema\\\/logo\\\/image\\\/\",\"url\":\"https:\\\/\\\/www.loopkinglaces.com\\\/wp-content\\\/uploads\\\/LOOP-KING-LACES.1.1-01-LOGO-HI-RES-OFFICIAL-1.png\",\"contentUrl\":\"https:\\\/\\\/www.loopkinglaces.com\\\/wp-content\\\/uploads\\\/LOOP-KING-LACES.1.1-01-LOGO-HI-RES-OFFICIAL-1.png\",\"width\":128,\"height\":91,\"caption\":\"Loop King Laces\"},\"image\":{\"@id\":\"https:\\\/\\\/www.loopkinglaces.com\\\/pl\\\/#\\\/schema\\\/logo\\\/image\\\/\"},\"sameAs\":[\"https:\\\/\\\/www.facebook.com\\\/LoopKingLaces\\\/\",\"https:\\\/\\\/x.com\\\/loopkinglaces\",\"https:\\\/\\\/www.instagram.com\\\/loopkinglaces\\\/\"]}]}<\/script>\n<!-- \/ Yoast SEO plugin. -->","yoast_head_json":{"title":"Luksusowe br\u0105zowe sk\u00f3rzane sznurowad\u0142a ze z\u0142otymi ko\u0144c\u00f3wkami - od Loop King","description":"Podaruj swojej kolekcji obuwia szybkie ulepszenie dzi\u0119ki naszym wysokiej jako\u015bci sk\u00f3rzanym sznurowad\u0142om. Idealnie pasuj\u0105 do but\u00f3w Nike Dunks i wielu innych marek sneakers\u00f3w.","robots":{"index":"index","follow":"follow","max-snippet":"max-snippet:-1","max-image-preview":"max-image-preview:large","max-video-preview":"max-video-preview:-1"},"canonical":"https:\/\/www.loopkinglaces.com\/pl\/products\/luksusowe-brazowe-skorzane-sznurowadla-ze-zlotymi-koncowkami\/","og_locale":"pl_PL","og_type":"article","og_title":"Luksusowe br\u0105zowe sk\u00f3rzane sznurowad\u0142a ze z\u0142otymi ko\u0144c\u00f3wkami - od Loop King","og_description":"Podaruj swojej kolekcji obuwia szybkie ulepszenie dzi\u0119ki naszym wysokiej jako\u015bci sk\u00f3rzanym sznurowad\u0142om. Idealnie pasuj\u0105 do but\u00f3w Nike Dunks i wielu innych marek sneakers\u00f3w.","og_url":"https:\/\/www.loopkinglaces.com\/pl\/products\/luksusowe-brazowe-skorzane-sznurowadla-ze-zlotymi-koncowkami\/","og_site_name":"Luxury Gold Tip Shoelaces by Loop King Laces","article_publisher":"https:\/\/www.facebook.com\/LoopKingLaces\/","og_image":[{"width":2560,"height":2560,"url":"https:\/\/www.loopkinglaces.com\/wp-content\/uploads\/Brown-Leather-scaled.jpg","type":"image\/jpeg"}],"twitter_card":"summary_large_image","twitter_site":"@loopkinglaces","twitter_misc":{"Szacowany czas czytania":"1 minuta"},"schema":{"@context":"https:\/\/schema.org","@graph":[{"@type":["WebPage","ItemPage"],"@id":"https:\/\/www.loopkinglaces.com\/pl\/products\/luksusowe-brazowe-skorzane-sznurowadla-ze-zlotymi-koncowkami\/","url":"https:\/\/www.loopkinglaces.com\/pl\/products\/luksusowe-brazowe-skorzane-sznurowadla-ze-zlotymi-koncowkami\/","name":"Luksusowe br\u0105zowe sk\u00f3rzane sznurowad\u0142a ze z\u0142otymi ko\u0144c\u00f3wkami - od Loop King","isPartOf":{"@id":"https:\/\/www.loopkinglaces.com\/pl\/#website"},"primaryImageOfPage":{"@id":"https:\/\/www.loopkinglaces.com\/pl\/products\/luksusowe-brazowe-skorzane-sznurowadla-ze-zlotymi-koncowkami\/#primaryimage"},"image":{"@id":"https:\/\/www.loopkinglaces.com\/pl\/products\/luksusowe-brazowe-skorzane-sznurowadla-ze-zlotymi-koncowkami\/#primaryimage"},"thumbnailUrl":"https:\/\/www.loopkinglaces.com\/wp-content\/uploads\/Brown-Leather-scaled.jpg","datePublished":"2023-12-07T14:48:34+00:00","description":"Podaruj swojej kolekcji obuwia szybkie ulepszenie dzi\u0119ki naszym wysokiej jako\u015bci sk\u00f3rzanym sznurowad\u0142om. Idealnie pasuj\u0105 do but\u00f3w Nike Dunks i wielu innych marek sneakers\u00f3w.","breadcrumb":{"@id":"https:\/\/www.loopkinglaces.com\/pl\/products\/luksusowe-brazowe-skorzane-sznurowadla-ze-zlotymi-koncowkami\/#breadcrumb"},"inLanguage":"pl-PL","potentialAction":[{"@type":"ReadAction","target":["https:\/\/www.loopkinglaces.com\/pl\/products\/luksusowe-brazowe-skorzane-sznurowadla-ze-zlotymi-koncowkami\/"]}]},{"@type":"ImageObject","inLanguage":"pl-PL","@id":"https:\/\/www.loopkinglaces.com\/pl\/products\/luksusowe-brazowe-skorzane-sznurowadla-ze-zlotymi-koncowkami\/#primaryimage","url":"https:\/\/www.loopkinglaces.com\/wp-content\/uploads\/Brown-Leather-scaled.jpg","contentUrl":"https:\/\/www.loopkinglaces.com\/wp-content\/uploads\/Brown-Leather-scaled.jpg","width":2560,"height":2560},{"@type":"BreadcrumbList","@id":"https:\/\/www.loopkinglaces.com\/pl\/products\/luksusowe-brazowe-skorzane-sznurowadla-ze-zlotymi-koncowkami\/#breadcrumb","itemListElement":[{"@type":"ListItem","position":1,"name":"Home","item":"https:\/\/www.loopkinglaces.com\/pl\/"},{"@type":"ListItem","position":2,"name":"BUY LACES","item":"https:\/\/www.loopkinglaces.com\/buy-laces\/"},{"@type":"ListItem","position":3,"name":"Luksusowe br\u0105zowe sk\u00f3rzane sznurowad\u0142a ze z\u0142otymi ko\u0144c\u00f3wkami"}]},{"@type":"WebSite","@id":"https:\/\/www.loopkinglaces.com\/pl\/#website","url":"https:\/\/www.loopkinglaces.com\/pl\/","name":"Luxury Gold Tip Shoelaces by Loop King Laces","description":"Rope Laces, Flat Waxed Laces and Leather Laces. All With Gold Tips.","publisher":{"@id":"https:\/\/www.loopkinglaces.com\/pl\/#organization"},"potentialAction":[{"@type":"SearchAction","target":{"@type":"EntryPoint","urlTemplate":"https:\/\/www.loopkinglaces.com\/pl\/?s={search_term_string}"},"query-input":{"@type":"PropertyValueSpecification","valueRequired":true,"valueName":"search_term_string"}}],"inLanguage":"pl-PL"},{"@type":"Organization","@id":"https:\/\/www.loopkinglaces.com\/pl\/#organization","name":"Loop King Laces","url":"https:\/\/www.loopkinglaces.com\/pl\/","logo":{"@type":"ImageObject","inLanguage":"pl-PL","@id":"https:\/\/www.loopkinglaces.com\/pl\/#\/schema\/logo\/image\/","url":"https:\/\/www.loopkinglaces.com\/wp-content\/uploads\/LOOP-KING-LACES.1.1-01-LOGO-HI-RES-OFFICIAL-1.png","contentUrl":"https:\/\/www.loopkinglaces.com\/wp-content\/uploads\/LOOP-KING-LACES.1.1-01-LOGO-HI-RES-OFFICIAL-1.png","width":128,"height":91,"caption":"Loop King Laces"},"image":{"@id":"https:\/\/www.loopkinglaces.com\/pl\/#\/schema\/logo\/image\/"},"sameAs":["https:\/\/www.facebook.com\/LoopKingLaces\/","https:\/\/x.com\/loopkinglaces","https:\/\/www.instagram.com\/loopkinglaces\/"]}]}},"_links":{"self":[{"href":"https:\/\/www.loopkinglaces.com\/pl\/wp-json\/wp\/v2\/product\/81463","targetHints":{"allow":["GET"]}}],"collection":[{"href":"https:\/\/www.loopkinglaces.com\/pl\/wp-json\/wp\/v2\/product"}],"about":[{"href":"https:\/\/www.loopkinglaces.com\/pl\/wp-json\/wp\/v2\/types\/product"}],"replies":[{"embeddable":true,"href":"https:\/\/www.loopkinglaces.com\/pl\/wp-json\/wp\/v2\/comments?post=81463"}],"wp:featuredmedia":[{"embeddable":true,"href":"https:\/\/www.loopkinglaces.com\/pl\/wp-json\/wp\/v2\/media\/81465"}],"wp:attachment":[{"href":"https:\/\/www.loopkinglaces.com\/pl\/wp-json\/wp\/v2\/media?parent=81463"}],"wp:term":[{"taxonomy":"product_brand","embeddable":true,"href":"https:\/\/www.loopkinglaces.com\/pl\/wp-json\/wp\/v2\/product_brand?post=81463"},{"taxonomy":"product_cat","embeddable":true,"href":"https:\/\/www.loopkinglaces.com\/pl\/wp-json\/wp\/v2\/product_cat?post=81463"},{"taxonomy":"product_tag","embeddable":true,"href":"https:\/\/www.loopkinglaces.com\/pl\/wp-json\/wp\/v2\/product_tag?post=81463"},{"taxonomy":"woo-feed-brand","embeddable":true,"href":"https:\/\/www.loopkinglaces.com\/pl\/wp-json\/wp\/v2\/woo-feed-brand?post=81463"}],"curies":[{"name":"wp","href":"https:\/\/api.w.org\/{rel}","templated":true}]}}