{"id":81203,"date":"2023-12-11T19:10:54","date_gmt":"2023-12-11T19:10:54","guid":{"rendered":"https:\/\/www.loopkinglaces.com\/products\/jasnofioletowe-wyblakle-plaskie-bawelniane-sznurowadla-z-przezroczystymi-koncowkami\/"},"modified":"2023-12-11T19:10:54","modified_gmt":"2023-12-11T19:10:54","slug":"jasnofioletowe-wyblakle-plaskie-bawelniane-sznurowadla-z-przezroczystymi-koncowkami","status":"publish","type":"product","link":"https:\/\/www.loopkinglaces.com\/pl\/products\/jasnofioletowe-wyblakle-plaskie-bawelniane-sznurowadla-z-przezroczystymi-koncowkami\/","title":{"rendered":"Jasnofioletowe, wyblak\u0142e, p\u0142askie bawe\u0142niane sznurowad\u0142a z przezroczystymi ko\u0144c\u00f3wkami"},"content":{"rendered":"<p>Te sznurowad\u0142a, zaprojektowane z my\u015bl\u0105 o ulepszeniu Twojego obuwia, maj\u0105 charakterystyczny, wyblak\u0142y wygl\u0105d vintage, dodaj\u0105c odrobin\u0119 retro do ka\u017cdego stylu obuwia. Wykonane z najwy\u017cszej jako\u015bci bawe\u0142ny, zapewniaj\u0105 zar\u00f3wno komfort, jak i d\u0142ugotrwa\u0142\u0105 wydajno\u015b\u0107. Przezroczyste ko\u0144c\u00f3wki nie tylko podkre\u015blaj\u0105 estetyk\u0119 vintage sznurowade\u0142, ale tak\u017ce wzmacniaj\u0105 je przed strz\u0119pieniem. Sznurowad\u0142a te nadaj\u0105 si\u0119 do r\u00f3\u017cnych but\u00f3w, od codziennych sneakers\u00f3w po formalne buty wizytowe, s\u0105 wszechstronne i stylowe. Odmie\u0144 swoje obuwie dzi\u0119ki tym wyj\u0105tkowym sznurowad\u0142om, idealnym dla tych, kt\u00f3rzy ceni\u0105 po\u0142\u0105czenie klasycznej elegancji i wsp\u00f3\u0142czesnej trwa\u0142o\u015bci. Nasze sznurowad\u0142a pasuj\u0105 do wszystkich rodzaj\u00f3w sneakers\u00f3w i marek, w tym Adidas, Nike, VANS i tak dalej, odwied\u017a nasz <a href=\"\/shoelace-size-chart\/\">przewodnik po rozmiarach<\/a>, gdzie mo\u017cesz znale\u017a\u0107 idealny rozmiar sznurowade\u0142 pasuj\u0105cy do twoich but\u00f3w.    <\/p>\n<p>&nbsp;<\/p>\n","protected":false},"excerpt":{"rendered":"<p><strong>Jasnofioletowe, wyblak\u0142e, p\u0142askie bawe\u0142niane sznurowad\u0142a z przezroczystymi ko\u0144c\u00f3wkami<\/strong><\/p>\n<p>Te sznurowad\u0142a, zaprojektowane, aby poprawi\u0107 wygl\u0105d Twojego obuwia, maj\u0105 unikalny, wyblak\u0142y wygl\u0105d vintage, dodaj\u0105c nostalgiczny akcent do ka\u017cdego rodzaju but\u00f3w. Wykonane z najwy\u017cszej jako\u015bci bawe\u0142ny, zapewniaj\u0105 zar\u00f3wno wygod\u0119, jak i trwa\u0142o\u015b\u0107. Przezroczyste ko\u0144c\u00f3wki podkre\u015blaj\u0105 retro charakter sznurowade\u0142, jednocze\u015bnie zwi\u0119kszaj\u0105c ich odporno\u015b\u0107 na strz\u0119pienie. Idealne do wszystkich rodzaj\u00f3w but\u00f3w, od zwyk\u0142ych trampek po eleganckie buty wizytowe, te sznurowad\u0142a oferuj\u0105 zar\u00f3wno wszechstronno\u015b\u0107, jak i styl. Podnie\u015b swoj\u0105 kolekcj\u0119 but\u00f3w dzi\u0119ki tym niezwyk\u0142ym sznurowad\u0142om, idealnym dla tych, kt\u00f3rzy kochaj\u0105 po\u0142\u0105czenie ponadczasowego designu i nowoczesnej solidno\u015bci. Zobacz cechy poni\u017cej:    <\/p>\n<ul>\n<li>R\u0119cznie barwione z osobistym akcentem (nie ma dw\u00f3ch takich samych sznur\u00f3wek)<\/li>\n<li>Materia\u0142y premium<\/li>\n<li>Wytrzymuj\u0105 <strong>3 razy d\u0142u\u017cej<\/strong> ni\u017c zwyk\u0142e sznur\u00f3wki<\/li>\n<li>Wysokiej jako\u015bci przezroczyste plastikowe ko\u0144c\u00f3wki<\/li>\n<li>Poliester Bawe\u0142na<\/li>\n<li>Pi\u0119kne opakowanie Loop King na koronk\u0119<\/li>\n<\/ul>\n","protected":false},"featured_media":81206,"comment_status":"open","ping_status":"closed","template":"","meta":{"_acf_changed":false},"product_brand":[],"product_cat":[2148,2216,2217,2215,2145,2035,2143,2161],"product_tag":[2056,2051,2055,2061,2053,2058,2059],"woo-feed-brand":[],"class_list":{"0":"post-81203","1":"product","2":"type-product","3":"status-publish","4":"has-post-thumbnail","6":"product_cat-odkryj-urok-plaskich-bawelnianych-sznurowadel-loop-king-vintage-faded-z-przezroczystymi-koncowkami","7":"product_cat-sportowe-sznurowadla-nie-tylko-zabawa-w-wiazanie","8":"product_cat-sznurowadla-do-butow-ugg-wiecej-niz-szczegol","9":"product_cat-sznurowki-nike-fly-knit","10":"product_cat-sznurowki-tie-dye-zabawne-spojrzenie-na-klasyczne-obuwie","11":"product_cat-wszystkie-sznurowadla","12":"product_cat-wybierz-z-naszej-wysokiej-klasy-kolekcji-kolorowych-sznurowadel","13":"product_cat-wysokiej-klasy-sznurowki-vans-old-skool-ktore-sa-trwale-i-luksusowe","14":"product_tag-czarny","15":"product_tag-loop-king-pl","16":"product_tag-metalowa-koncowka","17":"product_tag-szary","18":"product_tag-sznurowadla","19":"product_tag-sznurowadla-pl","20":"product_tag-sznurowadla-ze-zlota-koncowka","22":"first","23":"instock","24":"taxable","25":"shipping-taxable","26":"product-type-variable"},"acf":[],"yoast_head":"<!-- This site is optimized with the Yoast SEO plugin v27.4 - https:\/\/yoast.com\/product\/yoast-seo-wordpress\/ -->\n<title>Jasnofioletowe, wyblak\u0142e, p\u0142askie bawe\u0142niane sznurowad\u0142a z przezroczystymi ko\u0144c\u00f3wkami - Loop King<\/title>\n<meta name=\"description\" content=\"Od\u015bwie\u017c swoje buty dzi\u0119ki sznurowad\u0142om Light Purple Vintage Faded Shoelaces, oferuj\u0105cym elegancki styl vintage w nowoczesnym stylu. Nie czekaj, kup teraz!\" \/>\n<meta name=\"robots\" content=\"index, follow, max-snippet:-1, max-image-preview:large, max-video-preview:-1\" \/>\n<link rel=\"canonical\" href=\"https:\/\/www.loopkinglaces.com\/pl\/products\/jasnofioletowe-wyblakle-plaskie-bawelniane-sznurowadla-z-przezroczystymi-koncowkami\/\" \/>\n<meta property=\"og:locale\" content=\"pl_PL\" \/>\n<meta property=\"og:type\" content=\"article\" \/>\n<meta property=\"og:title\" content=\"Jasnofioletowe, wyblak\u0142e, p\u0142askie bawe\u0142niane sznurowad\u0142a z przezroczystymi ko\u0144c\u00f3wkami - Loop King\" \/>\n<meta property=\"og:description\" content=\"Od\u015bwie\u017c swoje buty dzi\u0119ki sznurowad\u0142om Light Purple Vintage Faded Shoelaces, oferuj\u0105cym elegancki styl vintage w nowoczesnym stylu. Nie czekaj, kup teraz!\" \/>\n<meta property=\"og:url\" content=\"https:\/\/www.loopkinglaces.com\/pl\/products\/jasnofioletowe-wyblakle-plaskie-bawelniane-sznurowadla-z-przezroczystymi-koncowkami\/\" \/>\n<meta property=\"og:site_name\" content=\"Luxury Gold Tip Shoelaces by Loop King Laces\" \/>\n<meta property=\"article:publisher\" content=\"https:\/\/www.facebook.com\/LoopKingLaces\/\" \/>\n<meta property=\"og:image\" content=\"https:\/\/www.loopkinglaces.com\/wp-content\/uploads\/Light-Purple-Vintage-scaled.jpg\" \/>\n\t<meta property=\"og:image:width\" content=\"2560\" \/>\n\t<meta property=\"og:image:height\" content=\"2560\" \/>\n\t<meta property=\"og:image:type\" content=\"image\/jpeg\" \/>\n<meta name=\"twitter:card\" content=\"summary_large_image\" \/>\n<meta name=\"twitter:site\" content=\"@loopkinglaces\" \/>\n<meta name=\"twitter:label1\" content=\"Szacowany czas czytania\" \/>\n\t<meta name=\"twitter:data1\" content=\"1 minuta\" \/>\n<script type=\"application\/ld+json\" class=\"yoast-schema-graph\">{\"@context\":\"https:\\\/\\\/schema.org\",\"@graph\":[{\"@type\":[\"WebPage\",\"ItemPage\"],\"@id\":\"https:\\\/\\\/www.loopkinglaces.com\\\/pl\\\/products\\\/jasnofioletowe-wyblakle-plaskie-bawelniane-sznurowadla-z-przezroczystymi-koncowkami\\\/\",\"url\":\"https:\\\/\\\/www.loopkinglaces.com\\\/pl\\\/products\\\/jasnofioletowe-wyblakle-plaskie-bawelniane-sznurowadla-z-przezroczystymi-koncowkami\\\/\",\"name\":\"Jasnofioletowe, wyblak\u0142e, p\u0142askie bawe\u0142niane sznurowad\u0142a z przezroczystymi ko\u0144c\u00f3wkami - Loop King\",\"isPartOf\":{\"@id\":\"https:\\\/\\\/www.loopkinglaces.com\\\/pl\\\/#website\"},\"primaryImageOfPage\":{\"@id\":\"https:\\\/\\\/www.loopkinglaces.com\\\/pl\\\/products\\\/jasnofioletowe-wyblakle-plaskie-bawelniane-sznurowadla-z-przezroczystymi-koncowkami\\\/#primaryimage\"},\"image\":{\"@id\":\"https:\\\/\\\/www.loopkinglaces.com\\\/pl\\\/products\\\/jasnofioletowe-wyblakle-plaskie-bawelniane-sznurowadla-z-przezroczystymi-koncowkami\\\/#primaryimage\"},\"thumbnailUrl\":\"https:\\\/\\\/www.loopkinglaces.com\\\/wp-content\\\/uploads\\\/Light-Purple-Vintage-scaled.jpg\",\"datePublished\":\"2023-12-11T19:10:54+00:00\",\"description\":\"Od\u015bwie\u017c swoje buty dzi\u0119ki sznurowad\u0142om Light Purple Vintage Faded Shoelaces, oferuj\u0105cym elegancki styl vintage w nowoczesnym stylu. Nie czekaj, kup teraz!\",\"breadcrumb\":{\"@id\":\"https:\\\/\\\/www.loopkinglaces.com\\\/pl\\\/products\\\/jasnofioletowe-wyblakle-plaskie-bawelniane-sznurowadla-z-przezroczystymi-koncowkami\\\/#breadcrumb\"},\"inLanguage\":\"pl-PL\",\"potentialAction\":[{\"@type\":\"ReadAction\",\"target\":[\"https:\\\/\\\/www.loopkinglaces.com\\\/pl\\\/products\\\/jasnofioletowe-wyblakle-plaskie-bawelniane-sznurowadla-z-przezroczystymi-koncowkami\\\/\"]}]},{\"@type\":\"ImageObject\",\"inLanguage\":\"pl-PL\",\"@id\":\"https:\\\/\\\/www.loopkinglaces.com\\\/pl\\\/products\\\/jasnofioletowe-wyblakle-plaskie-bawelniane-sznurowadla-z-przezroczystymi-koncowkami\\\/#primaryimage\",\"url\":\"https:\\\/\\\/www.loopkinglaces.com\\\/wp-content\\\/uploads\\\/Light-Purple-Vintage-scaled.jpg\",\"contentUrl\":\"https:\\\/\\\/www.loopkinglaces.com\\\/wp-content\\\/uploads\\\/Light-Purple-Vintage-scaled.jpg\",\"width\":2560,\"height\":2560},{\"@type\":\"BreadcrumbList\",\"@id\":\"https:\\\/\\\/www.loopkinglaces.com\\\/pl\\\/products\\\/jasnofioletowe-wyblakle-plaskie-bawelniane-sznurowadla-z-przezroczystymi-koncowkami\\\/#breadcrumb\",\"itemListElement\":[{\"@type\":\"ListItem\",\"position\":1,\"name\":\"Home\",\"item\":\"https:\\\/\\\/www.loopkinglaces.com\\\/pl\\\/\"},{\"@type\":\"ListItem\",\"position\":2,\"name\":\"BUY LACES\",\"item\":\"https:\\\/\\\/www.loopkinglaces.com\\\/buy-laces\\\/\"},{\"@type\":\"ListItem\",\"position\":3,\"name\":\"Jasnofioletowe, wyblak\u0142e, p\u0142askie bawe\u0142niane sznurowad\u0142a z przezroczystymi ko\u0144c\u00f3wkami\"}]},{\"@type\":\"WebSite\",\"@id\":\"https:\\\/\\\/www.loopkinglaces.com\\\/pl\\\/#website\",\"url\":\"https:\\\/\\\/www.loopkinglaces.com\\\/pl\\\/\",\"name\":\"Luxury Gold Tip Shoelaces by Loop King Laces\",\"description\":\"Rope Laces, Flat Waxed Laces and Leather Laces. All With Gold Tips.\",\"publisher\":{\"@id\":\"https:\\\/\\\/www.loopkinglaces.com\\\/pl\\\/#organization\"},\"potentialAction\":[{\"@type\":\"SearchAction\",\"target\":{\"@type\":\"EntryPoint\",\"urlTemplate\":\"https:\\\/\\\/www.loopkinglaces.com\\\/pl\\\/?s={search_term_string}\"},\"query-input\":{\"@type\":\"PropertyValueSpecification\",\"valueRequired\":true,\"valueName\":\"search_term_string\"}}],\"inLanguage\":\"pl-PL\"},{\"@type\":\"Organization\",\"@id\":\"https:\\\/\\\/www.loopkinglaces.com\\\/pl\\\/#organization\",\"name\":\"Loop King Laces\",\"url\":\"https:\\\/\\\/www.loopkinglaces.com\\\/pl\\\/\",\"logo\":{\"@type\":\"ImageObject\",\"inLanguage\":\"pl-PL\",\"@id\":\"https:\\\/\\\/www.loopkinglaces.com\\\/pl\\\/#\\\/schema\\\/logo\\\/image\\\/\",\"url\":\"https:\\\/\\\/www.loopkinglaces.com\\\/wp-content\\\/uploads\\\/LOOP-KING-LACES.1.1-01-LOGO-HI-RES-OFFICIAL-1.png\",\"contentUrl\":\"https:\\\/\\\/www.loopkinglaces.com\\\/wp-content\\\/uploads\\\/LOOP-KING-LACES.1.1-01-LOGO-HI-RES-OFFICIAL-1.png\",\"width\":128,\"height\":91,\"caption\":\"Loop King Laces\"},\"image\":{\"@id\":\"https:\\\/\\\/www.loopkinglaces.com\\\/pl\\\/#\\\/schema\\\/logo\\\/image\\\/\"},\"sameAs\":[\"https:\\\/\\\/www.facebook.com\\\/LoopKingLaces\\\/\",\"https:\\\/\\\/x.com\\\/loopkinglaces\",\"https:\\\/\\\/www.instagram.com\\\/loopkinglaces\\\/\"]}]}<\/script>\n<!-- \/ Yoast SEO plugin. -->","yoast_head_json":{"title":"Jasnofioletowe, wyblak\u0142e, p\u0142askie bawe\u0142niane sznurowad\u0142a z przezroczystymi ko\u0144c\u00f3wkami - Loop King","description":"Od\u015bwie\u017c swoje buty dzi\u0119ki sznurowad\u0142om Light Purple Vintage Faded Shoelaces, oferuj\u0105cym elegancki styl vintage w nowoczesnym stylu. Nie czekaj, kup teraz!","robots":{"index":"index","follow":"follow","max-snippet":"max-snippet:-1","max-image-preview":"max-image-preview:large","max-video-preview":"max-video-preview:-1"},"canonical":"https:\/\/www.loopkinglaces.com\/pl\/products\/jasnofioletowe-wyblakle-plaskie-bawelniane-sznurowadla-z-przezroczystymi-koncowkami\/","og_locale":"pl_PL","og_type":"article","og_title":"Jasnofioletowe, wyblak\u0142e, p\u0142askie bawe\u0142niane sznurowad\u0142a z przezroczystymi ko\u0144c\u00f3wkami - Loop King","og_description":"Od\u015bwie\u017c swoje buty dzi\u0119ki sznurowad\u0142om Light Purple Vintage Faded Shoelaces, oferuj\u0105cym elegancki styl vintage w nowoczesnym stylu. Nie czekaj, kup teraz!","og_url":"https:\/\/www.loopkinglaces.com\/pl\/products\/jasnofioletowe-wyblakle-plaskie-bawelniane-sznurowadla-z-przezroczystymi-koncowkami\/","og_site_name":"Luxury Gold Tip Shoelaces by Loop King Laces","article_publisher":"https:\/\/www.facebook.com\/LoopKingLaces\/","og_image":[{"width":2560,"height":2560,"url":"https:\/\/www.loopkinglaces.com\/wp-content\/uploads\/Light-Purple-Vintage-scaled.jpg","type":"image\/jpeg"}],"twitter_card":"summary_large_image","twitter_site":"@loopkinglaces","twitter_misc":{"Szacowany czas czytania":"1 minuta"},"schema":{"@context":"https:\/\/schema.org","@graph":[{"@type":["WebPage","ItemPage"],"@id":"https:\/\/www.loopkinglaces.com\/pl\/products\/jasnofioletowe-wyblakle-plaskie-bawelniane-sznurowadla-z-przezroczystymi-koncowkami\/","url":"https:\/\/www.loopkinglaces.com\/pl\/products\/jasnofioletowe-wyblakle-plaskie-bawelniane-sznurowadla-z-przezroczystymi-koncowkami\/","name":"Jasnofioletowe, wyblak\u0142e, p\u0142askie bawe\u0142niane sznurowad\u0142a z przezroczystymi ko\u0144c\u00f3wkami - Loop King","isPartOf":{"@id":"https:\/\/www.loopkinglaces.com\/pl\/#website"},"primaryImageOfPage":{"@id":"https:\/\/www.loopkinglaces.com\/pl\/products\/jasnofioletowe-wyblakle-plaskie-bawelniane-sznurowadla-z-przezroczystymi-koncowkami\/#primaryimage"},"image":{"@id":"https:\/\/www.loopkinglaces.com\/pl\/products\/jasnofioletowe-wyblakle-plaskie-bawelniane-sznurowadla-z-przezroczystymi-koncowkami\/#primaryimage"},"thumbnailUrl":"https:\/\/www.loopkinglaces.com\/wp-content\/uploads\/Light-Purple-Vintage-scaled.jpg","datePublished":"2023-12-11T19:10:54+00:00","description":"Od\u015bwie\u017c swoje buty dzi\u0119ki sznurowad\u0142om Light Purple Vintage Faded Shoelaces, oferuj\u0105cym elegancki styl vintage w nowoczesnym stylu. Nie czekaj, kup teraz!","breadcrumb":{"@id":"https:\/\/www.loopkinglaces.com\/pl\/products\/jasnofioletowe-wyblakle-plaskie-bawelniane-sznurowadla-z-przezroczystymi-koncowkami\/#breadcrumb"},"inLanguage":"pl-PL","potentialAction":[{"@type":"ReadAction","target":["https:\/\/www.loopkinglaces.com\/pl\/products\/jasnofioletowe-wyblakle-plaskie-bawelniane-sznurowadla-z-przezroczystymi-koncowkami\/"]}]},{"@type":"ImageObject","inLanguage":"pl-PL","@id":"https:\/\/www.loopkinglaces.com\/pl\/products\/jasnofioletowe-wyblakle-plaskie-bawelniane-sznurowadla-z-przezroczystymi-koncowkami\/#primaryimage","url":"https:\/\/www.loopkinglaces.com\/wp-content\/uploads\/Light-Purple-Vintage-scaled.jpg","contentUrl":"https:\/\/www.loopkinglaces.com\/wp-content\/uploads\/Light-Purple-Vintage-scaled.jpg","width":2560,"height":2560},{"@type":"BreadcrumbList","@id":"https:\/\/www.loopkinglaces.com\/pl\/products\/jasnofioletowe-wyblakle-plaskie-bawelniane-sznurowadla-z-przezroczystymi-koncowkami\/#breadcrumb","itemListElement":[{"@type":"ListItem","position":1,"name":"Home","item":"https:\/\/www.loopkinglaces.com\/pl\/"},{"@type":"ListItem","position":2,"name":"BUY LACES","item":"https:\/\/www.loopkinglaces.com\/buy-laces\/"},{"@type":"ListItem","position":3,"name":"Jasnofioletowe, wyblak\u0142e, p\u0142askie bawe\u0142niane sznurowad\u0142a z przezroczystymi ko\u0144c\u00f3wkami"}]},{"@type":"WebSite","@id":"https:\/\/www.loopkinglaces.com\/pl\/#website","url":"https:\/\/www.loopkinglaces.com\/pl\/","name":"Luxury Gold Tip Shoelaces by Loop King Laces","description":"Rope Laces, Flat Waxed Laces and Leather Laces. All With Gold Tips.","publisher":{"@id":"https:\/\/www.loopkinglaces.com\/pl\/#organization"},"potentialAction":[{"@type":"SearchAction","target":{"@type":"EntryPoint","urlTemplate":"https:\/\/www.loopkinglaces.com\/pl\/?s={search_term_string}"},"query-input":{"@type":"PropertyValueSpecification","valueRequired":true,"valueName":"search_term_string"}}],"inLanguage":"pl-PL"},{"@type":"Organization","@id":"https:\/\/www.loopkinglaces.com\/pl\/#organization","name":"Loop King Laces","url":"https:\/\/www.loopkinglaces.com\/pl\/","logo":{"@type":"ImageObject","inLanguage":"pl-PL","@id":"https:\/\/www.loopkinglaces.com\/pl\/#\/schema\/logo\/image\/","url":"https:\/\/www.loopkinglaces.com\/wp-content\/uploads\/LOOP-KING-LACES.1.1-01-LOGO-HI-RES-OFFICIAL-1.png","contentUrl":"https:\/\/www.loopkinglaces.com\/wp-content\/uploads\/LOOP-KING-LACES.1.1-01-LOGO-HI-RES-OFFICIAL-1.png","width":128,"height":91,"caption":"Loop King Laces"},"image":{"@id":"https:\/\/www.loopkinglaces.com\/pl\/#\/schema\/logo\/image\/"},"sameAs":["https:\/\/www.facebook.com\/LoopKingLaces\/","https:\/\/x.com\/loopkinglaces","https:\/\/www.instagram.com\/loopkinglaces\/"]}]}},"_links":{"self":[{"href":"https:\/\/www.loopkinglaces.com\/pl\/wp-json\/wp\/v2\/product\/81203","targetHints":{"allow":["GET"]}}],"collection":[{"href":"https:\/\/www.loopkinglaces.com\/pl\/wp-json\/wp\/v2\/product"}],"about":[{"href":"https:\/\/www.loopkinglaces.com\/pl\/wp-json\/wp\/v2\/types\/product"}],"replies":[{"embeddable":true,"href":"https:\/\/www.loopkinglaces.com\/pl\/wp-json\/wp\/v2\/comments?post=81203"}],"wp:featuredmedia":[{"embeddable":true,"href":"https:\/\/www.loopkinglaces.com\/pl\/wp-json\/wp\/v2\/media\/81206"}],"wp:attachment":[{"href":"https:\/\/www.loopkinglaces.com\/pl\/wp-json\/wp\/v2\/media?parent=81203"}],"wp:term":[{"taxonomy":"product_brand","embeddable":true,"href":"https:\/\/www.loopkinglaces.com\/pl\/wp-json\/wp\/v2\/product_brand?post=81203"},{"taxonomy":"product_cat","embeddable":true,"href":"https:\/\/www.loopkinglaces.com\/pl\/wp-json\/wp\/v2\/product_cat?post=81203"},{"taxonomy":"product_tag","embeddable":true,"href":"https:\/\/www.loopkinglaces.com\/pl\/wp-json\/wp\/v2\/product_tag?post=81203"},{"taxonomy":"woo-feed-brand","embeddable":true,"href":"https:\/\/www.loopkinglaces.com\/pl\/wp-json\/wp\/v2\/woo-feed-brand?post=81203"}],"curies":[{"name":"wp","href":"https:\/\/api.w.org\/{rel}","templated":true}]}}