{"id":81148,"date":"2023-12-11T18:54:48","date_gmt":"2023-12-11T18:54:48","guid":{"rendered":"https:\/\/www.loopkinglaces.com\/products\/rozowe-plaskie-bawelniane-sznurowadla-w-stylu-vintage-z-przezroczystymi-koncowkami\/"},"modified":"2023-12-11T18:54:48","modified_gmt":"2023-12-11T18:54:48","slug":"rozowe-plaskie-bawelniane-sznurowadla-w-stylu-vintage-z-przezroczystymi-koncowkami","status":"publish","type":"product","link":"https:\/\/www.loopkinglaces.com\/pl\/products\/rozowe-plaskie-bawelniane-sznurowadla-w-stylu-vintage-z-przezroczystymi-koncowkami\/","title":{"rendered":"R\u00f3\u017cowe p\u0142askie bawe\u0142niane sznurowad\u0142a w stylu vintage z przezroczystymi ko\u0144c\u00f3wkami"},"content":{"rendered":"<p>Znajd\u017a idealne po\u0142\u0105czenie zabytkowego uroku i nowoczesnej wytrzyma\u0142o\u015bci dzi\u0119ki bawe\u0142nianym sznurowad\u0142om Loop King Vintage Faded Flat. Te sznurowad\u0142a, zaprojektowane w celu zwi\u0119kszenia atrakcyjno\u015bci Twojego obuwia, maj\u0105 unikalny, wyblak\u0142y wygl\u0105d, kt\u00f3ry wnosi odrobin\u0119 nostalgii do ka\u017cdego stylu obuwia. Wykonane z najwy\u017cszej jako\u015bci bawe\u0142ny, zapewniaj\u0105 zar\u00f3wno wygod\u0119, jak i d\u0142ugotrwa\u0142e u\u017cytkowanie. Przezroczyste ko\u0144c\u00f3wki podkre\u015blaj\u0105 staro\u015bwieck\u0105 estetyk\u0119 sznurowade\u0142, zapewniaj\u0105c jednocze\u015bnie dodatkow\u0105 trwa\u0142o\u015b\u0107 przed strz\u0119pieniem. Sznurowad\u0142a te pasuj\u0105 do wszystkich rodzaj\u00f3w obuwia, od zwyk\u0142ych trampek po wyrafinowane buty wizytowe, oferuj\u0105c zar\u00f3wno wszechstronno\u015b\u0107, jak i elegancj\u0119. O\u017cyw swoj\u0105 kolekcj\u0119 but\u00f3w dzi\u0119ki tym wyj\u0105tkowym sznurowad\u0142om, idealnym dla tych, kt\u00f3rzy kochaj\u0105 po\u0142\u0105czenie klasycznego pi\u0119kna i wsp\u00f3\u0142czesnej odporno\u015bci. Nasze sznurowad\u0142a pasuj\u0105 do wszystkich rodzaj\u00f3w sneakers\u00f3w i marek, w tym Adidas, Nike, VANS i tak dalej, odwied\u017a nasz <a href=\"\/shoelace-size-chart\/\">Przewodnik po rozmiarach<\/a>, gdzie mo\u017cesz znale\u017a\u0107 idealny rozmiar sznurowade\u0142 pasuj\u0105cy do twoich but\u00f3w.     <\/p>\n<p>&nbsp;<\/p>\n","protected":false},"excerpt":{"rendered":"<p><strong>R\u00f3\u017cowe p\u0142askie bawe\u0142niane sznurowad\u0142a w stylu vintage z przezroczystymi ko\u0144c\u00f3wkami<\/strong><\/p>\n<p>Te sznurowad\u0142a, stworzone, aby podnie\u015b\u0107 jako\u015b\u0107 Twoich but\u00f3w, maj\u0105 wyra\u017any, wyblak\u0142y wygl\u0105d vintage, dodaj\u0105c element retro do ka\u017cdego obuwia. Wykonane z najlepszej bawe\u0142ny, zapewniaj\u0105 zar\u00f3wno wygod\u0119, jak i trwa\u0142o\u015b\u0107. Przezroczyste ko\u0144c\u00f3wki nie tylko dodaj\u0105 sznurowad\u0142om uroku vintage, ale tak\u017ce zwi\u0119kszaj\u0105 ich wytrzyma\u0142o\u015b\u0107 na zu\u017cycie. Idealne do ka\u017cdego rodzaju obuwia, od codziennych sneakers\u00f3w po eleganckie sukienki, te sznurowad\u0142a \u0142\u0105cz\u0105 w sobie mo\u017cliwo\u015b\u0107 adaptacji z mod\u0105. Ulepsz swoj\u0105 gr\u0119 obuwnicz\u0105 dzi\u0119ki tym sznurowad\u0142om premium, niezb\u0119dnym dla tych, kt\u00f3rzy ceni\u0105 po\u0142\u0105czenie ponadczasowego stylu i nowoczesnej jako\u015bci. Zobacz cechy poni\u017cej:    <\/p>\n<ul>\n<li>R\u0119cznie barwione z osobistym akcentem (nie ma dw\u00f3ch takich samych sznur\u00f3wek)<\/li>\n<li>Materia\u0142y premium<\/li>\n<li>Wytrzymuj\u0105 <strong>3 razy d\u0142u\u017cej<\/strong> ni\u017c zwyk\u0142e sznur\u00f3wki<\/li>\n<li>Wysokiej jako\u015bci przezroczyste plastikowe ko\u0144c\u00f3wki<\/li>\n<li>Poliester Bawe\u0142na<\/li>\n<li>Pi\u0119kne opakowanie Loop King na koronk\u0119<\/li>\n<\/ul>\n","protected":false},"featured_media":81152,"comment_status":"open","ping_status":"closed","template":"","meta":{"_acf_changed":false},"product_brand":[],"product_cat":[2184,2192,2190,2112,2148,2183,2186,2102,2196,2160,2145,2194,2035,2189],"product_tag":[2056,2051,2055,2061,2053,2058,2059],"woo-feed-brand":[],"class_list":{"0":"post-81148","1":"product","2":"type-product","3":"status-publish","4":"has-post-thumbnail","6":"product_cat-dramatyczna-aktualizacja-rozowe-sznurowki-superior-jordan-1-biohack","7":"product_cat-fajne-sznurowadla-podnies-poziom-swojego-obuwia","8":"product_cat-jordan-1-mocha-pink-rozowe-sznurowki-dla-nowego-ekscytujacego-wygladu","9":"product_cat-kolorowe-sznurowadla-do-butow-ktore-dodaja-stylu-komfortu-i-elegancji","10":"product_cat-odkryj-urok-plaskich-bawelnianych-sznurowadel-loop-king-vintage-faded-z-przezroczystymi-koncowkami","11":"product_cat-oszalamiajace-sznurowadla-do-butow-timberland-ktore-cie-nie-zawioda","12":"product_cat-rozowe-sznurowadla-nike-nadadza-twoim-butom-odrobine-koloru","13":"product_cat-sznurowadla-54-wszystkie-fantazyjne-i-najwyzszej-jakosci-sznurowadla","14":"product_cat-sznurowki-adidas-samba-zmiana-gry-o-ktorej-nigdy-nie-myslales","15":"product_cat-sznurowki-balenciaga-wysokiej-klasy-i-modne-sznurowki","16":"product_cat-sznurowki-tie-dye-zabawne-spojrzenie-na-klasyczne-obuwie","17":"product_cat-travis-scott-laces-hype-milosc-i-caly-ten-jazz","18":"product_cat-wszystkie-sznurowadla","19":"product_cat-zastepcze-sznurowadla-nike-dla-lepszego-wygladu","20":"product_tag-czarny","21":"product_tag-loop-king-pl","22":"product_tag-metalowa-koncowka","23":"product_tag-szary","24":"product_tag-sznurowadla","25":"product_tag-sznurowadla-pl","26":"product_tag-sznurowadla-ze-zlota-koncowka","28":"first","29":"instock","30":"taxable","31":"shipping-taxable","32":"product-type-variable"},"acf":[],"yoast_head":"<!-- This site is optimized with the Yoast SEO plugin v27.4 - https:\/\/yoast.com\/product\/yoast-seo-wordpress\/ -->\n<title>R\u00f3\u017cowe p\u0142askie bawe\u0142niane sznurowad\u0142a z przezroczystymi ko\u0144c\u00f3wkami - Loop King<\/title>\n<meta name=\"description\" content=\"Podnie\u015b sw\u00f3j styl dzi\u0119ki naszym r\u00f3\u017cowym sznurowad\u0142om Vintage Faded, wyrafinowanym w stylu vintage z nowoczesnym akcentem. Idealne dla os\u00f3b zorientowanych na mod\u0119. Zr\u00f3b zakupy ju\u017c dzi\u015b!\" \/>\n<meta name=\"robots\" content=\"index, follow, max-snippet:-1, max-image-preview:large, max-video-preview:-1\" \/>\n<link rel=\"canonical\" href=\"https:\/\/www.loopkinglaces.com\/pl\/products\/rozowe-plaskie-bawelniane-sznurowadla-w-stylu-vintage-z-przezroczystymi-koncowkami\/\" \/>\n<meta property=\"og:locale\" content=\"pl_PL\" \/>\n<meta property=\"og:type\" content=\"article\" \/>\n<meta property=\"og:title\" content=\"R\u00f3\u017cowe p\u0142askie bawe\u0142niane sznurowad\u0142a z przezroczystymi ko\u0144c\u00f3wkami - Loop King\" \/>\n<meta property=\"og:description\" content=\"Podnie\u015b sw\u00f3j styl dzi\u0119ki naszym r\u00f3\u017cowym sznurowad\u0142om Vintage Faded, wyrafinowanym w stylu vintage z nowoczesnym akcentem. Idealne dla os\u00f3b zorientowanych na mod\u0119. Zr\u00f3b zakupy ju\u017c dzi\u015b!\" \/>\n<meta property=\"og:url\" content=\"https:\/\/www.loopkinglaces.com\/pl\/products\/rozowe-plaskie-bawelniane-sznurowadla-w-stylu-vintage-z-przezroczystymi-koncowkami\/\" \/>\n<meta property=\"og:site_name\" content=\"Luxury Gold Tip Shoelaces by Loop King Laces\" \/>\n<meta property=\"article:publisher\" content=\"https:\/\/www.facebook.com\/LoopKingLaces\/\" \/>\n<meta property=\"og:image\" content=\"https:\/\/www.loopkinglaces.com\/wp-content\/uploads\/Pink-Vintage-scaled.jpg\" \/>\n\t<meta property=\"og:image:width\" content=\"2560\" \/>\n\t<meta property=\"og:image:height\" content=\"2560\" \/>\n\t<meta property=\"og:image:type\" content=\"image\/jpeg\" \/>\n<meta name=\"twitter:card\" content=\"summary_large_image\" \/>\n<meta name=\"twitter:site\" content=\"@loopkinglaces\" \/>\n<meta name=\"twitter:label1\" content=\"Szacowany czas czytania\" \/>\n\t<meta name=\"twitter:data1\" content=\"1 minuta\" \/>\n<script type=\"application\/ld+json\" class=\"yoast-schema-graph\">{\"@context\":\"https:\\\/\\\/schema.org\",\"@graph\":[{\"@type\":[\"WebPage\",\"ItemPage\"],\"@id\":\"https:\\\/\\\/www.loopkinglaces.com\\\/pl\\\/products\\\/rozowe-plaskie-bawelniane-sznurowadla-w-stylu-vintage-z-przezroczystymi-koncowkami\\\/\",\"url\":\"https:\\\/\\\/www.loopkinglaces.com\\\/pl\\\/products\\\/rozowe-plaskie-bawelniane-sznurowadla-w-stylu-vintage-z-przezroczystymi-koncowkami\\\/\",\"name\":\"R\u00f3\u017cowe p\u0142askie bawe\u0142niane sznurowad\u0142a z przezroczystymi ko\u0144c\u00f3wkami - Loop King\",\"isPartOf\":{\"@id\":\"https:\\\/\\\/www.loopkinglaces.com\\\/pl\\\/#website\"},\"primaryImageOfPage\":{\"@id\":\"https:\\\/\\\/www.loopkinglaces.com\\\/pl\\\/products\\\/rozowe-plaskie-bawelniane-sznurowadla-w-stylu-vintage-z-przezroczystymi-koncowkami\\\/#primaryimage\"},\"image\":{\"@id\":\"https:\\\/\\\/www.loopkinglaces.com\\\/pl\\\/products\\\/rozowe-plaskie-bawelniane-sznurowadla-w-stylu-vintage-z-przezroczystymi-koncowkami\\\/#primaryimage\"},\"thumbnailUrl\":\"https:\\\/\\\/www.loopkinglaces.com\\\/wp-content\\\/uploads\\\/Pink-Vintage-scaled.jpg\",\"datePublished\":\"2023-12-11T18:54:48+00:00\",\"description\":\"Podnie\u015b sw\u00f3j styl dzi\u0119ki naszym r\u00f3\u017cowym sznurowad\u0142om Vintage Faded, wyrafinowanym w stylu vintage z nowoczesnym akcentem. Idealne dla os\u00f3b zorientowanych na mod\u0119. Zr\u00f3b zakupy ju\u017c dzi\u015b!\",\"breadcrumb\":{\"@id\":\"https:\\\/\\\/www.loopkinglaces.com\\\/pl\\\/products\\\/rozowe-plaskie-bawelniane-sznurowadla-w-stylu-vintage-z-przezroczystymi-koncowkami\\\/#breadcrumb\"},\"inLanguage\":\"pl-PL\",\"potentialAction\":[{\"@type\":\"ReadAction\",\"target\":[\"https:\\\/\\\/www.loopkinglaces.com\\\/pl\\\/products\\\/rozowe-plaskie-bawelniane-sznurowadla-w-stylu-vintage-z-przezroczystymi-koncowkami\\\/\"]}]},{\"@type\":\"ImageObject\",\"inLanguage\":\"pl-PL\",\"@id\":\"https:\\\/\\\/www.loopkinglaces.com\\\/pl\\\/products\\\/rozowe-plaskie-bawelniane-sznurowadla-w-stylu-vintage-z-przezroczystymi-koncowkami\\\/#primaryimage\",\"url\":\"https:\\\/\\\/www.loopkinglaces.com\\\/wp-content\\\/uploads\\\/Pink-Vintage-scaled.jpg\",\"contentUrl\":\"https:\\\/\\\/www.loopkinglaces.com\\\/wp-content\\\/uploads\\\/Pink-Vintage-scaled.jpg\",\"width\":2560,\"height\":2560},{\"@type\":\"BreadcrumbList\",\"@id\":\"https:\\\/\\\/www.loopkinglaces.com\\\/pl\\\/products\\\/rozowe-plaskie-bawelniane-sznurowadla-w-stylu-vintage-z-przezroczystymi-koncowkami\\\/#breadcrumb\",\"itemListElement\":[{\"@type\":\"ListItem\",\"position\":1,\"name\":\"Home\",\"item\":\"https:\\\/\\\/www.loopkinglaces.com\\\/pl\\\/\"},{\"@type\":\"ListItem\",\"position\":2,\"name\":\"BUY LACES\",\"item\":\"https:\\\/\\\/www.loopkinglaces.com\\\/buy-laces\\\/\"},{\"@type\":\"ListItem\",\"position\":3,\"name\":\"R\u00f3\u017cowe p\u0142askie bawe\u0142niane sznurowad\u0142a w stylu vintage z przezroczystymi ko\u0144c\u00f3wkami\"}]},{\"@type\":\"WebSite\",\"@id\":\"https:\\\/\\\/www.loopkinglaces.com\\\/pl\\\/#website\",\"url\":\"https:\\\/\\\/www.loopkinglaces.com\\\/pl\\\/\",\"name\":\"Luxury Gold Tip Shoelaces by Loop King Laces\",\"description\":\"Rope Laces, Flat Waxed Laces and Leather Laces. All With Gold Tips.\",\"publisher\":{\"@id\":\"https:\\\/\\\/www.loopkinglaces.com\\\/pl\\\/#organization\"},\"potentialAction\":[{\"@type\":\"SearchAction\",\"target\":{\"@type\":\"EntryPoint\",\"urlTemplate\":\"https:\\\/\\\/www.loopkinglaces.com\\\/pl\\\/?s={search_term_string}\"},\"query-input\":{\"@type\":\"PropertyValueSpecification\",\"valueRequired\":true,\"valueName\":\"search_term_string\"}}],\"inLanguage\":\"pl-PL\"},{\"@type\":\"Organization\",\"@id\":\"https:\\\/\\\/www.loopkinglaces.com\\\/pl\\\/#organization\",\"name\":\"Loop King Laces\",\"url\":\"https:\\\/\\\/www.loopkinglaces.com\\\/pl\\\/\",\"logo\":{\"@type\":\"ImageObject\",\"inLanguage\":\"pl-PL\",\"@id\":\"https:\\\/\\\/www.loopkinglaces.com\\\/pl\\\/#\\\/schema\\\/logo\\\/image\\\/\",\"url\":\"https:\\\/\\\/www.loopkinglaces.com\\\/wp-content\\\/uploads\\\/LOOP-KING-LACES.1.1-01-LOGO-HI-RES-OFFICIAL-1.png\",\"contentUrl\":\"https:\\\/\\\/www.loopkinglaces.com\\\/wp-content\\\/uploads\\\/LOOP-KING-LACES.1.1-01-LOGO-HI-RES-OFFICIAL-1.png\",\"width\":128,\"height\":91,\"caption\":\"Loop King Laces\"},\"image\":{\"@id\":\"https:\\\/\\\/www.loopkinglaces.com\\\/pl\\\/#\\\/schema\\\/logo\\\/image\\\/\"},\"sameAs\":[\"https:\\\/\\\/www.facebook.com\\\/LoopKingLaces\\\/\",\"https:\\\/\\\/x.com\\\/loopkinglaces\",\"https:\\\/\\\/www.instagram.com\\\/loopkinglaces\\\/\"]}]}<\/script>\n<!-- \/ Yoast SEO plugin. -->","yoast_head_json":{"title":"R\u00f3\u017cowe p\u0142askie bawe\u0142niane sznurowad\u0142a z przezroczystymi ko\u0144c\u00f3wkami - Loop King","description":"Podnie\u015b sw\u00f3j styl dzi\u0119ki naszym r\u00f3\u017cowym sznurowad\u0142om Vintage Faded, wyrafinowanym w stylu vintage z nowoczesnym akcentem. Idealne dla os\u00f3b zorientowanych na mod\u0119. Zr\u00f3b zakupy ju\u017c dzi\u015b!","robots":{"index":"index","follow":"follow","max-snippet":"max-snippet:-1","max-image-preview":"max-image-preview:large","max-video-preview":"max-video-preview:-1"},"canonical":"https:\/\/www.loopkinglaces.com\/pl\/products\/rozowe-plaskie-bawelniane-sznurowadla-w-stylu-vintage-z-przezroczystymi-koncowkami\/","og_locale":"pl_PL","og_type":"article","og_title":"R\u00f3\u017cowe p\u0142askie bawe\u0142niane sznurowad\u0142a z przezroczystymi ko\u0144c\u00f3wkami - Loop King","og_description":"Podnie\u015b sw\u00f3j styl dzi\u0119ki naszym r\u00f3\u017cowym sznurowad\u0142om Vintage Faded, wyrafinowanym w stylu vintage z nowoczesnym akcentem. Idealne dla os\u00f3b zorientowanych na mod\u0119. Zr\u00f3b zakupy ju\u017c dzi\u015b!","og_url":"https:\/\/www.loopkinglaces.com\/pl\/products\/rozowe-plaskie-bawelniane-sznurowadla-w-stylu-vintage-z-przezroczystymi-koncowkami\/","og_site_name":"Luxury Gold Tip Shoelaces by Loop King Laces","article_publisher":"https:\/\/www.facebook.com\/LoopKingLaces\/","og_image":[{"width":2560,"height":2560,"url":"https:\/\/www.loopkinglaces.com\/wp-content\/uploads\/Pink-Vintage-scaled.jpg","type":"image\/jpeg"}],"twitter_card":"summary_large_image","twitter_site":"@loopkinglaces","twitter_misc":{"Szacowany czas czytania":"1 minuta"},"schema":{"@context":"https:\/\/schema.org","@graph":[{"@type":["WebPage","ItemPage"],"@id":"https:\/\/www.loopkinglaces.com\/pl\/products\/rozowe-plaskie-bawelniane-sznurowadla-w-stylu-vintage-z-przezroczystymi-koncowkami\/","url":"https:\/\/www.loopkinglaces.com\/pl\/products\/rozowe-plaskie-bawelniane-sznurowadla-w-stylu-vintage-z-przezroczystymi-koncowkami\/","name":"R\u00f3\u017cowe p\u0142askie bawe\u0142niane sznurowad\u0142a z przezroczystymi ko\u0144c\u00f3wkami - Loop King","isPartOf":{"@id":"https:\/\/www.loopkinglaces.com\/pl\/#website"},"primaryImageOfPage":{"@id":"https:\/\/www.loopkinglaces.com\/pl\/products\/rozowe-plaskie-bawelniane-sznurowadla-w-stylu-vintage-z-przezroczystymi-koncowkami\/#primaryimage"},"image":{"@id":"https:\/\/www.loopkinglaces.com\/pl\/products\/rozowe-plaskie-bawelniane-sznurowadla-w-stylu-vintage-z-przezroczystymi-koncowkami\/#primaryimage"},"thumbnailUrl":"https:\/\/www.loopkinglaces.com\/wp-content\/uploads\/Pink-Vintage-scaled.jpg","datePublished":"2023-12-11T18:54:48+00:00","description":"Podnie\u015b sw\u00f3j styl dzi\u0119ki naszym r\u00f3\u017cowym sznurowad\u0142om Vintage Faded, wyrafinowanym w stylu vintage z nowoczesnym akcentem. Idealne dla os\u00f3b zorientowanych na mod\u0119. Zr\u00f3b zakupy ju\u017c dzi\u015b!","breadcrumb":{"@id":"https:\/\/www.loopkinglaces.com\/pl\/products\/rozowe-plaskie-bawelniane-sznurowadla-w-stylu-vintage-z-przezroczystymi-koncowkami\/#breadcrumb"},"inLanguage":"pl-PL","potentialAction":[{"@type":"ReadAction","target":["https:\/\/www.loopkinglaces.com\/pl\/products\/rozowe-plaskie-bawelniane-sznurowadla-w-stylu-vintage-z-przezroczystymi-koncowkami\/"]}]},{"@type":"ImageObject","inLanguage":"pl-PL","@id":"https:\/\/www.loopkinglaces.com\/pl\/products\/rozowe-plaskie-bawelniane-sznurowadla-w-stylu-vintage-z-przezroczystymi-koncowkami\/#primaryimage","url":"https:\/\/www.loopkinglaces.com\/wp-content\/uploads\/Pink-Vintage-scaled.jpg","contentUrl":"https:\/\/www.loopkinglaces.com\/wp-content\/uploads\/Pink-Vintage-scaled.jpg","width":2560,"height":2560},{"@type":"BreadcrumbList","@id":"https:\/\/www.loopkinglaces.com\/pl\/products\/rozowe-plaskie-bawelniane-sznurowadla-w-stylu-vintage-z-przezroczystymi-koncowkami\/#breadcrumb","itemListElement":[{"@type":"ListItem","position":1,"name":"Home","item":"https:\/\/www.loopkinglaces.com\/pl\/"},{"@type":"ListItem","position":2,"name":"BUY LACES","item":"https:\/\/www.loopkinglaces.com\/buy-laces\/"},{"@type":"ListItem","position":3,"name":"R\u00f3\u017cowe p\u0142askie bawe\u0142niane sznurowad\u0142a w stylu vintage z przezroczystymi ko\u0144c\u00f3wkami"}]},{"@type":"WebSite","@id":"https:\/\/www.loopkinglaces.com\/pl\/#website","url":"https:\/\/www.loopkinglaces.com\/pl\/","name":"Luxury Gold Tip Shoelaces by Loop King Laces","description":"Rope Laces, Flat Waxed Laces and Leather Laces. All With Gold Tips.","publisher":{"@id":"https:\/\/www.loopkinglaces.com\/pl\/#organization"},"potentialAction":[{"@type":"SearchAction","target":{"@type":"EntryPoint","urlTemplate":"https:\/\/www.loopkinglaces.com\/pl\/?s={search_term_string}"},"query-input":{"@type":"PropertyValueSpecification","valueRequired":true,"valueName":"search_term_string"}}],"inLanguage":"pl-PL"},{"@type":"Organization","@id":"https:\/\/www.loopkinglaces.com\/pl\/#organization","name":"Loop King Laces","url":"https:\/\/www.loopkinglaces.com\/pl\/","logo":{"@type":"ImageObject","inLanguage":"pl-PL","@id":"https:\/\/www.loopkinglaces.com\/pl\/#\/schema\/logo\/image\/","url":"https:\/\/www.loopkinglaces.com\/wp-content\/uploads\/LOOP-KING-LACES.1.1-01-LOGO-HI-RES-OFFICIAL-1.png","contentUrl":"https:\/\/www.loopkinglaces.com\/wp-content\/uploads\/LOOP-KING-LACES.1.1-01-LOGO-HI-RES-OFFICIAL-1.png","width":128,"height":91,"caption":"Loop King Laces"},"image":{"@id":"https:\/\/www.loopkinglaces.com\/pl\/#\/schema\/logo\/image\/"},"sameAs":["https:\/\/www.facebook.com\/LoopKingLaces\/","https:\/\/x.com\/loopkinglaces","https:\/\/www.instagram.com\/loopkinglaces\/"]}]}},"_links":{"self":[{"href":"https:\/\/www.loopkinglaces.com\/pl\/wp-json\/wp\/v2\/product\/81148","targetHints":{"allow":["GET"]}}],"collection":[{"href":"https:\/\/www.loopkinglaces.com\/pl\/wp-json\/wp\/v2\/product"}],"about":[{"href":"https:\/\/www.loopkinglaces.com\/pl\/wp-json\/wp\/v2\/types\/product"}],"replies":[{"embeddable":true,"href":"https:\/\/www.loopkinglaces.com\/pl\/wp-json\/wp\/v2\/comments?post=81148"}],"wp:featuredmedia":[{"embeddable":true,"href":"https:\/\/www.loopkinglaces.com\/pl\/wp-json\/wp\/v2\/media\/81152"}],"wp:attachment":[{"href":"https:\/\/www.loopkinglaces.com\/pl\/wp-json\/wp\/v2\/media?parent=81148"}],"wp:term":[{"taxonomy":"product_brand","embeddable":true,"href":"https:\/\/www.loopkinglaces.com\/pl\/wp-json\/wp\/v2\/product_brand?post=81148"},{"taxonomy":"product_cat","embeddable":true,"href":"https:\/\/www.loopkinglaces.com\/pl\/wp-json\/wp\/v2\/product_cat?post=81148"},{"taxonomy":"product_tag","embeddable":true,"href":"https:\/\/www.loopkinglaces.com\/pl\/wp-json\/wp\/v2\/product_tag?post=81148"},{"taxonomy":"woo-feed-brand","embeddable":true,"href":"https:\/\/www.loopkinglaces.com\/pl\/wp-json\/wp\/v2\/woo-feed-brand?post=81148"}],"curies":[{"name":"wp","href":"https:\/\/api.w.org\/{rel}","templated":true}]}}