{"id":81121,"date":"2023-12-11T18:50:24","date_gmt":"2023-12-11T18:50:24","guid":{"rendered":"https:\/\/www.loopkinglaces.com\/products\/jasnoniebieskie-wyblakle-plaskie-bawelniane-sznurowadla-z-przezroczystymi-koncowkami\/"},"modified":"2023-12-11T18:50:24","modified_gmt":"2023-12-11T18:50:24","slug":"jasnoniebieskie-wyblakle-plaskie-bawelniane-sznurowadla-z-przezroczystymi-koncowkami","status":"publish","type":"product","link":"https:\/\/www.loopkinglaces.com\/pl\/products\/jasnoniebieskie-wyblakle-plaskie-bawelniane-sznurowadla-z-przezroczystymi-koncowkami\/","title":{"rendered":"Jasnoniebieskie, wyblak\u0142e, p\u0142askie bawe\u0142niane sznurowad\u0142a z przezroczystymi ko\u0144c\u00f3wkami"},"content":{"rendered":"<p>Odkryj unikalne po\u0142\u0105czenie nostalgicznego uroku i wsp\u00f3\u0142czesnej odporno\u015bci dzi\u0119ki bawe\u0142nianym sznurowad\u0142om Vintage Faded Flat marki Loop King. Sznurowad\u0142a te, zaprojektowane z my\u015bl\u0105 o wzbogaceniu Twojego obuwia, charakteryzuj\u0105 si\u0119 wyj\u0105tkowym efektem wyblakni\u0119cia w stylu vintage, kt\u00f3ry wnosi nut\u0119 nostalgii do ka\u017cdego stylu obuwia. Wykonane z wysokiej jako\u015bci bawe\u0142ny, zapewniaj\u0105 wygod\u0119 i trwa\u0142o\u015b\u0107. Przezroczyste ko\u0144c\u00f3wki nie tylko podkre\u015blaj\u0105 klasyczny wygl\u0105d sznurowade\u0142, ale tak\u017ce zapewniaj\u0105 dodatkow\u0105 ochron\u0119 przed strz\u0119pieniem. Idealne do wszystkich rodzaj\u00f3w but\u00f3w, od zwyk\u0142ych trampek po formalne buty wizytowe, te sznurowad\u0142a oferuj\u0105 zar\u00f3wno wszechstronno\u015b\u0107, jak i elegancj\u0119. Wzboga\u0107 swoj\u0105 gr\u0119 obuwnicz\u0105 o te wykwintne sznurowad\u0142a, idealnie nadaj\u0105ce si\u0119 dla tych, kt\u00f3rzy kochaj\u0105 po\u0142\u0105czenie klasycznego pi\u0119kna i wsp\u00f3\u0142czesnej solidno\u015bci. Nasze sznurowad\u0142a pasuj\u0105 do wszystkich rodzaj\u00f3w sneakers\u00f3w i marek, w tym Adidas, Nike, VANS i tak dalej, odwied\u017a nasz <a href=\"\/shoelace-size-chart\/\">Przewodnik po rozmiarach<\/a>, gdzie mo\u017cesz znale\u017a\u0107 idealny rozmiar sznurowade\u0142 pasuj\u0105cy do twoich but\u00f3w.     <\/p>\n<p>&nbsp;<\/p>\n","protected":false},"excerpt":{"rendered":"<p><strong>Jasnoniebieskie, wyblak\u0142e, p\u0142askie bawe\u0142niane sznurowad\u0142a z przezroczystymi ko\u0144c\u00f3wkami<\/strong><\/p>\n<p>Bawe\u0142niane sznurowad\u0142a Loop King Vintage Faded Flat to idealne po\u0142\u0105czenie uroku retro i nowoczesnej trwa\u0142o\u015bci. Te sznurowad\u0142a, zaprojektowane z my\u015bl\u0105 o ulepszeniu Twojego obuwia, maj\u0105 wyra\u017any, wyblak\u0142y wygl\u0105d w stylu vintage, dodaj\u0105c odrobin\u0119 przesz\u0142o\u015bci do ka\u017cdego projektu buta. Wykonane z najwy\u017cszej jako\u015bci bawe\u0142ny, zapewniaj\u0105 zar\u00f3wno komfort, jak i d\u0142ugotrwa\u0142e u\u017cytkowanie. Przezroczyste ko\u0144c\u00f3wki nie tylko zwi\u0119kszaj\u0105 atrakcyjno\u015b\u0107 sznurowade\u0142 w stylu retro, ale tak\u017ce zapewniaj\u0105 dodatkow\u0105 trwa\u0142o\u015b\u0107 Zobacz cechy poni\u017cej:   <\/p>\n<ul>\n<li>R\u0119cznie barwione z osobistym akcentem (nie ma dw\u00f3ch takich samych sznur\u00f3wek)<\/li>\n<li>Materia\u0142y premium<\/li>\n<li>Wytrzymuj\u0105 <strong>3 razy d\u0142u\u017cej<\/strong> ni\u017c zwyk\u0142e sznur\u00f3wki<\/li>\n<li>Wysokiej jako\u015bci przezroczyste plastikowe ko\u0144c\u00f3wki<\/li>\n<li>Poliester Bawe\u0142na<\/li>\n<li>Pi\u0119kne opakowanie Loop King na koronk\u0119<\/li>\n<\/ul>\n","protected":false},"featured_media":81125,"comment_status":"open","ping_status":"closed","template":"","meta":{"_acf_changed":false},"product_brand":[],"product_cat":[2099,2163,2148,2145,2165,2116,2035,2143],"product_tag":[2056,2051,2055,2061,2053,2058,2059],"woo-feed-brand":[],"class_list":{"0":"post-81121","1":"product","2":"type-product","3":"status-publish","4":"has-post-thumbnail","6":"product_cat-30-calowe-sznurowadla-wszystkie-nowoczesne-i-wysokiej-jakosci-sznurowadla","7":"product_cat-elitarne-sznurowadla-do-butow-dallas-cowboys-ktore-pozwola-ci-stylowo-wspierac-ulubiona-druzyne","8":"product_cat-odkryj-urok-plaskich-bawelnianych-sznurowadel-loop-king-vintage-faded-z-przezroczystymi-koncowkami","9":"product_cat-sznurowki-tie-dye-zabawne-spojrzenie-na-klasyczne-obuwie","10":"product_cat-sznurowki-veja-kiedy-buty-mowia","11":"product_cat-top-tier-trophy-room-jordan-1-blue-laces-aby-wygladac-niesamowicie","12":"product_cat-wszystkie-sznurowadla","13":"product_cat-wybierz-z-naszej-wysokiej-klasy-kolekcji-kolorowych-sznurowadel","14":"product_tag-czarny","15":"product_tag-loop-king-pl","16":"product_tag-metalowa-koncowka","17":"product_tag-szary","18":"product_tag-sznurowadla","19":"product_tag-sznurowadla-pl","20":"product_tag-sznurowadla-ze-zlota-koncowka","22":"first","23":"instock","24":"taxable","25":"shipping-taxable","26":"product-type-variable"},"acf":[],"yoast_head":"<!-- This site is optimized with the Yoast SEO plugin v27.4 - https:\/\/yoast.com\/product\/yoast-seo-wordpress\/ -->\n<title>Jasnoniebieskie p\u0142askie bawe\u0142niane sznurowad\u0142a z przezroczystymi ko\u0144c\u00f3wkami - Loop King<\/title>\n<meta name=\"description\" content=\"O\u017cyw swoje obuwie nutk\u0105 nostalgii dzi\u0119ki naszym jasnoniebieskim sznurowad\u0142om Faded Shoelaces. To idealny wyb\u00f3r, je\u015bli chcesz uzyska\u0107 modny wygl\u0105d w stylu vintage.\" \/>\n<meta name=\"robots\" content=\"index, follow, max-snippet:-1, max-image-preview:large, max-video-preview:-1\" \/>\n<link rel=\"canonical\" href=\"https:\/\/www.loopkinglaces.com\/pl\/products\/jasnoniebieskie-wyblakle-plaskie-bawelniane-sznurowadla-z-przezroczystymi-koncowkami\/\" \/>\n<meta property=\"og:locale\" content=\"pl_PL\" \/>\n<meta property=\"og:type\" content=\"article\" \/>\n<meta property=\"og:title\" content=\"Jasnoniebieskie p\u0142askie bawe\u0142niane sznurowad\u0142a z przezroczystymi ko\u0144c\u00f3wkami - Loop King\" \/>\n<meta property=\"og:description\" content=\"O\u017cyw swoje obuwie nutk\u0105 nostalgii dzi\u0119ki naszym jasnoniebieskim sznurowad\u0142om Faded Shoelaces. To idealny wyb\u00f3r, je\u015bli chcesz uzyska\u0107 modny wygl\u0105d w stylu vintage.\" \/>\n<meta property=\"og:url\" content=\"https:\/\/www.loopkinglaces.com\/pl\/products\/jasnoniebieskie-wyblakle-plaskie-bawelniane-sznurowadla-z-przezroczystymi-koncowkami\/\" \/>\n<meta property=\"og:site_name\" content=\"Luxury Gold Tip Shoelaces by Loop King Laces\" \/>\n<meta property=\"article:publisher\" content=\"https:\/\/www.facebook.com\/LoopKingLaces\/\" \/>\n<meta property=\"og:image\" content=\"https:\/\/www.loopkinglaces.com\/wp-content\/uploads\/Light-Blue-Vintage-scaled.jpg\" \/>\n\t<meta property=\"og:image:width\" content=\"2560\" \/>\n\t<meta property=\"og:image:height\" content=\"2560\" \/>\n\t<meta property=\"og:image:type\" content=\"image\/jpeg\" \/>\n<meta name=\"twitter:card\" content=\"summary_large_image\" \/>\n<meta name=\"twitter:site\" content=\"@loopkinglaces\" \/>\n<meta name=\"twitter:label1\" content=\"Szacowany czas czytania\" \/>\n\t<meta name=\"twitter:data1\" content=\"1 minuta\" \/>\n<script type=\"application\/ld+json\" class=\"yoast-schema-graph\">{\"@context\":\"https:\\\/\\\/schema.org\",\"@graph\":[{\"@type\":[\"WebPage\",\"ItemPage\"],\"@id\":\"https:\\\/\\\/www.loopkinglaces.com\\\/pl\\\/products\\\/jasnoniebieskie-wyblakle-plaskie-bawelniane-sznurowadla-z-przezroczystymi-koncowkami\\\/\",\"url\":\"https:\\\/\\\/www.loopkinglaces.com\\\/pl\\\/products\\\/jasnoniebieskie-wyblakle-plaskie-bawelniane-sznurowadla-z-przezroczystymi-koncowkami\\\/\",\"name\":\"Jasnoniebieskie p\u0142askie bawe\u0142niane sznurowad\u0142a z przezroczystymi ko\u0144c\u00f3wkami - Loop King\",\"isPartOf\":{\"@id\":\"https:\\\/\\\/www.loopkinglaces.com\\\/pl\\\/#website\"},\"primaryImageOfPage\":{\"@id\":\"https:\\\/\\\/www.loopkinglaces.com\\\/pl\\\/products\\\/jasnoniebieskie-wyblakle-plaskie-bawelniane-sznurowadla-z-przezroczystymi-koncowkami\\\/#primaryimage\"},\"image\":{\"@id\":\"https:\\\/\\\/www.loopkinglaces.com\\\/pl\\\/products\\\/jasnoniebieskie-wyblakle-plaskie-bawelniane-sznurowadla-z-przezroczystymi-koncowkami\\\/#primaryimage\"},\"thumbnailUrl\":\"https:\\\/\\\/www.loopkinglaces.com\\\/wp-content\\\/uploads\\\/Light-Blue-Vintage-scaled.jpg\",\"datePublished\":\"2023-12-11T18:50:24+00:00\",\"description\":\"O\u017cyw swoje obuwie nutk\u0105 nostalgii dzi\u0119ki naszym jasnoniebieskim sznurowad\u0142om Faded Shoelaces. To idealny wyb\u00f3r, je\u015bli chcesz uzyska\u0107 modny wygl\u0105d w stylu vintage.\",\"breadcrumb\":{\"@id\":\"https:\\\/\\\/www.loopkinglaces.com\\\/pl\\\/products\\\/jasnoniebieskie-wyblakle-plaskie-bawelniane-sznurowadla-z-przezroczystymi-koncowkami\\\/#breadcrumb\"},\"inLanguage\":\"pl-PL\",\"potentialAction\":[{\"@type\":\"ReadAction\",\"target\":[\"https:\\\/\\\/www.loopkinglaces.com\\\/pl\\\/products\\\/jasnoniebieskie-wyblakle-plaskie-bawelniane-sznurowadla-z-przezroczystymi-koncowkami\\\/\"]}]},{\"@type\":\"ImageObject\",\"inLanguage\":\"pl-PL\",\"@id\":\"https:\\\/\\\/www.loopkinglaces.com\\\/pl\\\/products\\\/jasnoniebieskie-wyblakle-plaskie-bawelniane-sznurowadla-z-przezroczystymi-koncowkami\\\/#primaryimage\",\"url\":\"https:\\\/\\\/www.loopkinglaces.com\\\/wp-content\\\/uploads\\\/Light-Blue-Vintage-scaled.jpg\",\"contentUrl\":\"https:\\\/\\\/www.loopkinglaces.com\\\/wp-content\\\/uploads\\\/Light-Blue-Vintage-scaled.jpg\",\"width\":2560,\"height\":2560},{\"@type\":\"BreadcrumbList\",\"@id\":\"https:\\\/\\\/www.loopkinglaces.com\\\/pl\\\/products\\\/jasnoniebieskie-wyblakle-plaskie-bawelniane-sznurowadla-z-przezroczystymi-koncowkami\\\/#breadcrumb\",\"itemListElement\":[{\"@type\":\"ListItem\",\"position\":1,\"name\":\"Home\",\"item\":\"https:\\\/\\\/www.loopkinglaces.com\\\/pl\\\/\"},{\"@type\":\"ListItem\",\"position\":2,\"name\":\"BUY LACES\",\"item\":\"https:\\\/\\\/www.loopkinglaces.com\\\/buy-laces\\\/\"},{\"@type\":\"ListItem\",\"position\":3,\"name\":\"Jasnoniebieskie, wyblak\u0142e, p\u0142askie bawe\u0142niane sznurowad\u0142a z przezroczystymi ko\u0144c\u00f3wkami\"}]},{\"@type\":\"WebSite\",\"@id\":\"https:\\\/\\\/www.loopkinglaces.com\\\/pl\\\/#website\",\"url\":\"https:\\\/\\\/www.loopkinglaces.com\\\/pl\\\/\",\"name\":\"Luxury Gold Tip Shoelaces by Loop King Laces\",\"description\":\"Rope Laces, Flat Waxed Laces and Leather Laces. All With Gold Tips.\",\"publisher\":{\"@id\":\"https:\\\/\\\/www.loopkinglaces.com\\\/pl\\\/#organization\"},\"potentialAction\":[{\"@type\":\"SearchAction\",\"target\":{\"@type\":\"EntryPoint\",\"urlTemplate\":\"https:\\\/\\\/www.loopkinglaces.com\\\/pl\\\/?s={search_term_string}\"},\"query-input\":{\"@type\":\"PropertyValueSpecification\",\"valueRequired\":true,\"valueName\":\"search_term_string\"}}],\"inLanguage\":\"pl-PL\"},{\"@type\":\"Organization\",\"@id\":\"https:\\\/\\\/www.loopkinglaces.com\\\/pl\\\/#organization\",\"name\":\"Loop King Laces\",\"url\":\"https:\\\/\\\/www.loopkinglaces.com\\\/pl\\\/\",\"logo\":{\"@type\":\"ImageObject\",\"inLanguage\":\"pl-PL\",\"@id\":\"https:\\\/\\\/www.loopkinglaces.com\\\/pl\\\/#\\\/schema\\\/logo\\\/image\\\/\",\"url\":\"https:\\\/\\\/www.loopkinglaces.com\\\/wp-content\\\/uploads\\\/LOOP-KING-LACES.1.1-01-LOGO-HI-RES-OFFICIAL-1.png\",\"contentUrl\":\"https:\\\/\\\/www.loopkinglaces.com\\\/wp-content\\\/uploads\\\/LOOP-KING-LACES.1.1-01-LOGO-HI-RES-OFFICIAL-1.png\",\"width\":128,\"height\":91,\"caption\":\"Loop King Laces\"},\"image\":{\"@id\":\"https:\\\/\\\/www.loopkinglaces.com\\\/pl\\\/#\\\/schema\\\/logo\\\/image\\\/\"},\"sameAs\":[\"https:\\\/\\\/www.facebook.com\\\/LoopKingLaces\\\/\",\"https:\\\/\\\/x.com\\\/loopkinglaces\",\"https:\\\/\\\/www.instagram.com\\\/loopkinglaces\\\/\"]}]}<\/script>\n<!-- \/ Yoast SEO plugin. -->","yoast_head_json":{"title":"Jasnoniebieskie p\u0142askie bawe\u0142niane sznurowad\u0142a z przezroczystymi ko\u0144c\u00f3wkami - Loop King","description":"O\u017cyw swoje obuwie nutk\u0105 nostalgii dzi\u0119ki naszym jasnoniebieskim sznurowad\u0142om Faded Shoelaces. To idealny wyb\u00f3r, je\u015bli chcesz uzyska\u0107 modny wygl\u0105d w stylu vintage.","robots":{"index":"index","follow":"follow","max-snippet":"max-snippet:-1","max-image-preview":"max-image-preview:large","max-video-preview":"max-video-preview:-1"},"canonical":"https:\/\/www.loopkinglaces.com\/pl\/products\/jasnoniebieskie-wyblakle-plaskie-bawelniane-sznurowadla-z-przezroczystymi-koncowkami\/","og_locale":"pl_PL","og_type":"article","og_title":"Jasnoniebieskie p\u0142askie bawe\u0142niane sznurowad\u0142a z przezroczystymi ko\u0144c\u00f3wkami - Loop King","og_description":"O\u017cyw swoje obuwie nutk\u0105 nostalgii dzi\u0119ki naszym jasnoniebieskim sznurowad\u0142om Faded Shoelaces. To idealny wyb\u00f3r, je\u015bli chcesz uzyska\u0107 modny wygl\u0105d w stylu vintage.","og_url":"https:\/\/www.loopkinglaces.com\/pl\/products\/jasnoniebieskie-wyblakle-plaskie-bawelniane-sznurowadla-z-przezroczystymi-koncowkami\/","og_site_name":"Luxury Gold Tip Shoelaces by Loop King Laces","article_publisher":"https:\/\/www.facebook.com\/LoopKingLaces\/","og_image":[{"width":2560,"height":2560,"url":"https:\/\/www.loopkinglaces.com\/wp-content\/uploads\/Light-Blue-Vintage-scaled.jpg","type":"image\/jpeg"}],"twitter_card":"summary_large_image","twitter_site":"@loopkinglaces","twitter_misc":{"Szacowany czas czytania":"1 minuta"},"schema":{"@context":"https:\/\/schema.org","@graph":[{"@type":["WebPage","ItemPage"],"@id":"https:\/\/www.loopkinglaces.com\/pl\/products\/jasnoniebieskie-wyblakle-plaskie-bawelniane-sznurowadla-z-przezroczystymi-koncowkami\/","url":"https:\/\/www.loopkinglaces.com\/pl\/products\/jasnoniebieskie-wyblakle-plaskie-bawelniane-sznurowadla-z-przezroczystymi-koncowkami\/","name":"Jasnoniebieskie p\u0142askie bawe\u0142niane sznurowad\u0142a z przezroczystymi ko\u0144c\u00f3wkami - Loop King","isPartOf":{"@id":"https:\/\/www.loopkinglaces.com\/pl\/#website"},"primaryImageOfPage":{"@id":"https:\/\/www.loopkinglaces.com\/pl\/products\/jasnoniebieskie-wyblakle-plaskie-bawelniane-sznurowadla-z-przezroczystymi-koncowkami\/#primaryimage"},"image":{"@id":"https:\/\/www.loopkinglaces.com\/pl\/products\/jasnoniebieskie-wyblakle-plaskie-bawelniane-sznurowadla-z-przezroczystymi-koncowkami\/#primaryimage"},"thumbnailUrl":"https:\/\/www.loopkinglaces.com\/wp-content\/uploads\/Light-Blue-Vintage-scaled.jpg","datePublished":"2023-12-11T18:50:24+00:00","description":"O\u017cyw swoje obuwie nutk\u0105 nostalgii dzi\u0119ki naszym jasnoniebieskim sznurowad\u0142om Faded Shoelaces. To idealny wyb\u00f3r, je\u015bli chcesz uzyska\u0107 modny wygl\u0105d w stylu vintage.","breadcrumb":{"@id":"https:\/\/www.loopkinglaces.com\/pl\/products\/jasnoniebieskie-wyblakle-plaskie-bawelniane-sznurowadla-z-przezroczystymi-koncowkami\/#breadcrumb"},"inLanguage":"pl-PL","potentialAction":[{"@type":"ReadAction","target":["https:\/\/www.loopkinglaces.com\/pl\/products\/jasnoniebieskie-wyblakle-plaskie-bawelniane-sznurowadla-z-przezroczystymi-koncowkami\/"]}]},{"@type":"ImageObject","inLanguage":"pl-PL","@id":"https:\/\/www.loopkinglaces.com\/pl\/products\/jasnoniebieskie-wyblakle-plaskie-bawelniane-sznurowadla-z-przezroczystymi-koncowkami\/#primaryimage","url":"https:\/\/www.loopkinglaces.com\/wp-content\/uploads\/Light-Blue-Vintage-scaled.jpg","contentUrl":"https:\/\/www.loopkinglaces.com\/wp-content\/uploads\/Light-Blue-Vintage-scaled.jpg","width":2560,"height":2560},{"@type":"BreadcrumbList","@id":"https:\/\/www.loopkinglaces.com\/pl\/products\/jasnoniebieskie-wyblakle-plaskie-bawelniane-sznurowadla-z-przezroczystymi-koncowkami\/#breadcrumb","itemListElement":[{"@type":"ListItem","position":1,"name":"Home","item":"https:\/\/www.loopkinglaces.com\/pl\/"},{"@type":"ListItem","position":2,"name":"BUY LACES","item":"https:\/\/www.loopkinglaces.com\/buy-laces\/"},{"@type":"ListItem","position":3,"name":"Jasnoniebieskie, wyblak\u0142e, p\u0142askie bawe\u0142niane sznurowad\u0142a z przezroczystymi ko\u0144c\u00f3wkami"}]},{"@type":"WebSite","@id":"https:\/\/www.loopkinglaces.com\/pl\/#website","url":"https:\/\/www.loopkinglaces.com\/pl\/","name":"Luxury Gold Tip Shoelaces by Loop King Laces","description":"Rope Laces, Flat Waxed Laces and Leather Laces. All With Gold Tips.","publisher":{"@id":"https:\/\/www.loopkinglaces.com\/pl\/#organization"},"potentialAction":[{"@type":"SearchAction","target":{"@type":"EntryPoint","urlTemplate":"https:\/\/www.loopkinglaces.com\/pl\/?s={search_term_string}"},"query-input":{"@type":"PropertyValueSpecification","valueRequired":true,"valueName":"search_term_string"}}],"inLanguage":"pl-PL"},{"@type":"Organization","@id":"https:\/\/www.loopkinglaces.com\/pl\/#organization","name":"Loop King Laces","url":"https:\/\/www.loopkinglaces.com\/pl\/","logo":{"@type":"ImageObject","inLanguage":"pl-PL","@id":"https:\/\/www.loopkinglaces.com\/pl\/#\/schema\/logo\/image\/","url":"https:\/\/www.loopkinglaces.com\/wp-content\/uploads\/LOOP-KING-LACES.1.1-01-LOGO-HI-RES-OFFICIAL-1.png","contentUrl":"https:\/\/www.loopkinglaces.com\/wp-content\/uploads\/LOOP-KING-LACES.1.1-01-LOGO-HI-RES-OFFICIAL-1.png","width":128,"height":91,"caption":"Loop King Laces"},"image":{"@id":"https:\/\/www.loopkinglaces.com\/pl\/#\/schema\/logo\/image\/"},"sameAs":["https:\/\/www.facebook.com\/LoopKingLaces\/","https:\/\/x.com\/loopkinglaces","https:\/\/www.instagram.com\/loopkinglaces\/"]}]}},"_links":{"self":[{"href":"https:\/\/www.loopkinglaces.com\/pl\/wp-json\/wp\/v2\/product\/81121","targetHints":{"allow":["GET"]}}],"collection":[{"href":"https:\/\/www.loopkinglaces.com\/pl\/wp-json\/wp\/v2\/product"}],"about":[{"href":"https:\/\/www.loopkinglaces.com\/pl\/wp-json\/wp\/v2\/types\/product"}],"replies":[{"embeddable":true,"href":"https:\/\/www.loopkinglaces.com\/pl\/wp-json\/wp\/v2\/comments?post=81121"}],"wp:featuredmedia":[{"embeddable":true,"href":"https:\/\/www.loopkinglaces.com\/pl\/wp-json\/wp\/v2\/media\/81125"}],"wp:attachment":[{"href":"https:\/\/www.loopkinglaces.com\/pl\/wp-json\/wp\/v2\/media?parent=81121"}],"wp:term":[{"taxonomy":"product_brand","embeddable":true,"href":"https:\/\/www.loopkinglaces.com\/pl\/wp-json\/wp\/v2\/product_brand?post=81121"},{"taxonomy":"product_cat","embeddable":true,"href":"https:\/\/www.loopkinglaces.com\/pl\/wp-json\/wp\/v2\/product_cat?post=81121"},{"taxonomy":"product_tag","embeddable":true,"href":"https:\/\/www.loopkinglaces.com\/pl\/wp-json\/wp\/v2\/product_tag?post=81121"},{"taxonomy":"woo-feed-brand","embeddable":true,"href":"https:\/\/www.loopkinglaces.com\/pl\/wp-json\/wp\/v2\/woo-feed-brand?post=81121"}],"curies":[{"name":"wp","href":"https:\/\/api.w.org\/{rel}","templated":true}]}}