{"id":81116,"date":"2023-12-11T18:13:05","date_gmt":"2023-12-11T18:13:05","guid":{"rendered":"https:\/\/www.loopkinglaces.com\/products\/plaskie-bawelniane-sznurowadla-sail-vintage-faded-z-przezroczystymi-koncowkami\/"},"modified":"2023-12-11T18:13:05","modified_gmt":"2023-12-11T18:13:05","slug":"plaskie-bawelniane-sznurowadla-sail-vintage-faded-z-przezroczystymi-koncowkami","status":"publish","type":"product","link":"https:\/\/www.loopkinglaces.com\/pl\/products\/plaskie-bawelniane-sznurowadla-sail-vintage-faded-z-przezroczystymi-koncowkami\/","title":{"rendered":"P\u0142askie bawe\u0142niane sznurowad\u0142a Sail Vintage Faded z przezroczystymi ko\u0144c\u00f3wkami"},"content":{"rendered":"<p>Bawe\u0142niane sznurowad\u0142a Loop King Vintage Faded Flat \u0142\u0105cz\u0105 ponadczasowy urok z nowoczesn\u0105 wytrzyma\u0142o\u015bci\u0105. Zaprojektowane dla entuzjast\u00f3w mody, te sznurowad\u0142a prezentuj\u0105 charakterystyczny wyblak\u0142y efekt vintage, wnosz\u0105c element nostalgii do ka\u017cdego buta. Wykonane z najwy\u017cszej jako\u015bci bawe\u0142ny, zapewniaj\u0105 zar\u00f3wno wygod\u0119, jak i wytrzyma\u0142o\u015b\u0107. Przezroczyste ko\u0144c\u00f3wki nie tylko podkre\u015blaj\u0105 ich retro wygl\u0105d, ale tak\u017ce zapewniaj\u0105 zwi\u0119kszon\u0105 odporno\u015b\u0107 na strz\u0119pienie. Idealne do wszystkiego, od modnych sneakers\u00f3w po eleganckie buty wizytowe, zapewniaj\u0105 elastyczno\u015b\u0107 i styl. Wzboga\u0107 swoj\u0105 kolekcj\u0119 obuwia o te najwy\u017cszej jako\u015bci sznurowad\u0142a, niezb\u0119dne dla tych, kt\u00f3rzy ceni\u0105 sobie po\u0142\u0105czenie elegancji starego \u015bwiata i nowoczesnej funkcjonalno\u015bci. Nasze sznurowad\u0142a pasuj\u0105 do wszystkich rodzaj\u00f3w sneakers\u00f3w i marek, w tym Adidas, Nike, VANS i tak dalej, odwied\u017a nasz <a href=\"\/shoelace-size-chart\/\">przewodnik po rozmiarach<\/a>, w kt\u00f3rym znajdziesz idealny rozmiar sznurowade\u0142 pasuj\u0105cy do twoich but\u00f3w.     <\/p>\n<p>&nbsp;<\/p>\n","protected":false},"excerpt":{"rendered":"<p><strong>P\u0142askie bawe\u0142niane sznurowad\u0142a Sail Vintage Faded z przezroczystymi ko\u0144c\u00f3wkami<\/strong><\/p>\n<p>Bawe\u0142niane sznurowad\u0142a Loop King Vintage Faded Flat to Tw\u00f3j spos\u00f3b na po\u0142\u0105czenie uroku minionej epoki z dzisiejsz\u0105 trwa\u0142o\u015bci\u0105. Te sznurowad\u0142a o wyj\u0105tkowym, wyblak\u0142ym wygl\u0105dzie w stylu vintage dodadz\u0105 klimatu retro ka\u017cdemu obuwiu. Wykonane z najwy\u017cszej jako\u015bci bawe\u0142ny, gwarantuj\u0105 wygod\u0119 i trwa\u0142o\u015b\u0107. Przezroczyste ko\u0144c\u00f3wki zwi\u0119kszaj\u0105 antyczny wygl\u0105d sznurowade\u0142, jednocze\u015bnie zapobiegaj\u0105c ich zu\u017cyciu. Nadaj\u0105 si\u0119 do r\u00f3\u017cnych rodzaj\u00f3w obuwia, od codziennych trampek po wyrafinowane buty wizytowe, te sznurowad\u0142a to wszechstronno\u015b\u0107 i szykowny styl. Podnie\u015b swoj\u0105 kolekcj\u0119 but\u00f3w dzi\u0119ki tym wyj\u0105tkowym sznurowad\u0142om, idealnym dla tych, kt\u00f3rzy lubi\u0105 po\u0142\u0105czenie tradycyjnego wzornictwa i nowoczesnej jako\u015bci. Zobacz cechy poni\u017cej:  <\/p>\n<ul>\n<li>R\u0119cznie barwione z osobistym akcentem (nie ma dw\u00f3ch takich samych sznur\u00f3wek)<\/li>\n<li>Materia\u0142y premium<\/li>\n<li>Wytrzymuj\u0105 <strong>3 razy d\u0142u\u017cej<\/strong> ni\u017c zwyk\u0142e sznur\u00f3wki<\/li>\n<li>Wysokiej jako\u015bci przezroczyste plastikowe ko\u0144c\u00f3wki<\/li>\n<li>Poliester Bawe\u0142na<\/li>\n<li>Pi\u0119kne opakowanie Loop King na koronk\u0119<\/li>\n<\/ul>\n","protected":false},"featured_media":81122,"comment_status":"open","ping_status":"closed","template":"","meta":{"_acf_changed":false},"product_brand":[],"product_cat":[2105,2103,2148,2164,2162,2107,2160,2145,2159,2035,2161],"product_tag":[2056,2051,2055,2061,2058,2053,2059],"woo-feed-brand":[],"class_list":{"0":"post-81116","1":"product","2":"type-product","3":"status-publish","4":"has-post-thumbnail","6":"product_cat-80-calowe-sznurowadla-sekret-eleganckich-krokow","7":"product_cat-elite-level-jordan-1-bordeaux-biale-sznurowki-ktore-wygladaja-luksusowo","8":"product_cat-odkryj-urok-plaskich-bawelnianych-sznurowadel-loop-king-vintage-faded-z-przezroczystymi-koncowkami","9":"product_cat-piekne-kremowe-sznurowadla-ktore-odmienia-twoje-ulubione-obuwie","10":"product_cat-sznurowadla-ktore-dodadza-stylu-retro-kazdej-parze-sneakersow","11":"product_cat-sznurowanie-zabawnych-sznurowadel-zanurz-sie-w-ekscytujacych-sznurowadlach","12":"product_cat-sznurowki-balenciaga-wysokiej-klasy-i-modne-sznurowki","13":"product_cat-sznurowki-tie-dye-zabawne-spojrzenie-na-klasyczne-obuwie","14":"product_cat-sznurowki-vans-sk8-hi-wysokiej-jakosci-sznurowadla","15":"product_cat-wszystkie-sznurowadla","16":"product_cat-wysokiej-klasy-sznurowki-vans-old-skool-ktore-sa-trwale-i-luksusowe","17":"product_tag-czarny","18":"product_tag-loop-king-pl","19":"product_tag-metalowa-koncowka","20":"product_tag-szary","21":"product_tag-sznurowadla-pl","22":"product_tag-sznurowadla","23":"product_tag-sznurowadla-ze-zlota-koncowka","25":"first","26":"instock","27":"taxable","28":"shipping-taxable","29":"product-type-variable"},"acf":[],"yoast_head":"<!-- This site is optimized with the Yoast SEO plugin v27.4 - https:\/\/yoast.com\/product\/yoast-seo-wordpress\/ -->\n<title>P\u0142askie bawe\u0142niane sznurowad\u0142a Sail Vintage Faded z przezroczystymi ko\u0144c\u00f3wkami - Loop King<\/title>\n<meta name=\"description\" content=\"Ulepsz swoje obuwie dzi\u0119ki sznurowad\u0142om Loop King&#039;s Sail Vintage Faded Shoelaces, \u0142\u0105cz\u0105cym ponadczasowy urok i nowoczesny styl. Idealne dla wyrafinowanego, od\u015bwie\u017conego wygl\u0105du.\" \/>\n<meta name=\"robots\" content=\"index, follow, max-snippet:-1, max-image-preview:large, max-video-preview:-1\" \/>\n<link rel=\"canonical\" href=\"https:\/\/www.loopkinglaces.com\/pl\/products\/plaskie-bawelniane-sznurowadla-sail-vintage-faded-z-przezroczystymi-koncowkami\/\" \/>\n<meta property=\"og:locale\" content=\"pl_PL\" \/>\n<meta property=\"og:type\" content=\"article\" \/>\n<meta property=\"og:title\" content=\"P\u0142askie bawe\u0142niane sznurowad\u0142a Sail Vintage Faded z przezroczystymi ko\u0144c\u00f3wkami - Loop King\" \/>\n<meta property=\"og:description\" content=\"Ulepsz swoje obuwie dzi\u0119ki sznurowad\u0142om Loop King&#039;s Sail Vintage Faded Shoelaces, \u0142\u0105cz\u0105cym ponadczasowy urok i nowoczesny styl. Idealne dla wyrafinowanego, od\u015bwie\u017conego wygl\u0105du.\" \/>\n<meta property=\"og:url\" content=\"https:\/\/www.loopkinglaces.com\/pl\/products\/plaskie-bawelniane-sznurowadla-sail-vintage-faded-z-przezroczystymi-koncowkami\/\" \/>\n<meta property=\"og:site_name\" content=\"Luxury Gold Tip Shoelaces by Loop King Laces\" \/>\n<meta property=\"article:publisher\" content=\"https:\/\/www.facebook.com\/LoopKingLaces\/\" \/>\n<meta property=\"og:image\" content=\"https:\/\/www.loopkinglaces.com\/wp-content\/uploads\/Sail-Vintage-800x800.jpg\" \/>\n\t<meta property=\"og:image:width\" content=\"800\" \/>\n\t<meta property=\"og:image:height\" content=\"800\" \/>\n\t<meta property=\"og:image:type\" content=\"image\/jpeg\" \/>\n<meta name=\"twitter:card\" content=\"summary_large_image\" \/>\n<meta name=\"twitter:site\" content=\"@loopkinglaces\" \/>\n<meta name=\"twitter:label1\" content=\"Szacowany czas czytania\" \/>\n\t<meta name=\"twitter:data1\" content=\"1 minuta\" \/>\n<script type=\"application\/ld+json\" class=\"yoast-schema-graph\">{\"@context\":\"https:\\\/\\\/schema.org\",\"@graph\":[{\"@type\":[\"WebPage\",\"ItemPage\"],\"@id\":\"https:\\\/\\\/www.loopkinglaces.com\\\/pl\\\/products\\\/plaskie-bawelniane-sznurowadla-sail-vintage-faded-z-przezroczystymi-koncowkami\\\/\",\"url\":\"https:\\\/\\\/www.loopkinglaces.com\\\/pl\\\/products\\\/plaskie-bawelniane-sznurowadla-sail-vintage-faded-z-przezroczystymi-koncowkami\\\/\",\"name\":\"P\u0142askie bawe\u0142niane sznurowad\u0142a Sail Vintage Faded z przezroczystymi ko\u0144c\u00f3wkami - Loop King\",\"isPartOf\":{\"@id\":\"https:\\\/\\\/www.loopkinglaces.com\\\/pl\\\/#website\"},\"primaryImageOfPage\":{\"@id\":\"https:\\\/\\\/www.loopkinglaces.com\\\/pl\\\/products\\\/plaskie-bawelniane-sznurowadla-sail-vintage-faded-z-przezroczystymi-koncowkami\\\/#primaryimage\"},\"image\":{\"@id\":\"https:\\\/\\\/www.loopkinglaces.com\\\/pl\\\/products\\\/plaskie-bawelniane-sznurowadla-sail-vintage-faded-z-przezroczystymi-koncowkami\\\/#primaryimage\"},\"thumbnailUrl\":\"https:\\\/\\\/www.loopkinglaces.com\\\/wp-content\\\/uploads\\\/Sail-Vintage.jpg\",\"datePublished\":\"2023-12-11T18:13:05+00:00\",\"description\":\"Ulepsz swoje obuwie dzi\u0119ki sznurowad\u0142om Loop King's Sail Vintage Faded Shoelaces, \u0142\u0105cz\u0105cym ponadczasowy urok i nowoczesny styl. Idealne dla wyrafinowanego, od\u015bwie\u017conego wygl\u0105du.\",\"breadcrumb\":{\"@id\":\"https:\\\/\\\/www.loopkinglaces.com\\\/pl\\\/products\\\/plaskie-bawelniane-sznurowadla-sail-vintage-faded-z-przezroczystymi-koncowkami\\\/#breadcrumb\"},\"inLanguage\":\"pl-PL\",\"potentialAction\":[{\"@type\":\"ReadAction\",\"target\":[\"https:\\\/\\\/www.loopkinglaces.com\\\/pl\\\/products\\\/plaskie-bawelniane-sznurowadla-sail-vintage-faded-z-przezroczystymi-koncowkami\\\/\"]}]},{\"@type\":\"ImageObject\",\"inLanguage\":\"pl-PL\",\"@id\":\"https:\\\/\\\/www.loopkinglaces.com\\\/pl\\\/products\\\/plaskie-bawelniane-sznurowadla-sail-vintage-faded-z-przezroczystymi-koncowkami\\\/#primaryimage\",\"url\":\"https:\\\/\\\/www.loopkinglaces.com\\\/wp-content\\\/uploads\\\/Sail-Vintage.jpg\",\"contentUrl\":\"https:\\\/\\\/www.loopkinglaces.com\\\/wp-content\\\/uploads\\\/Sail-Vintage.jpg\",\"width\":2456,\"height\":2456},{\"@type\":\"BreadcrumbList\",\"@id\":\"https:\\\/\\\/www.loopkinglaces.com\\\/pl\\\/products\\\/plaskie-bawelniane-sznurowadla-sail-vintage-faded-z-przezroczystymi-koncowkami\\\/#breadcrumb\",\"itemListElement\":[{\"@type\":\"ListItem\",\"position\":1,\"name\":\"Home\",\"item\":\"https:\\\/\\\/www.loopkinglaces.com\\\/pl\\\/\"},{\"@type\":\"ListItem\",\"position\":2,\"name\":\"BUY LACES\",\"item\":\"https:\\\/\\\/www.loopkinglaces.com\\\/buy-laces\\\/\"},{\"@type\":\"ListItem\",\"position\":3,\"name\":\"P\u0142askie bawe\u0142niane sznurowad\u0142a Sail Vintage Faded z przezroczystymi ko\u0144c\u00f3wkami\"}]},{\"@type\":\"WebSite\",\"@id\":\"https:\\\/\\\/www.loopkinglaces.com\\\/pl\\\/#website\",\"url\":\"https:\\\/\\\/www.loopkinglaces.com\\\/pl\\\/\",\"name\":\"Luxury Gold Tip Shoelaces by Loop King Laces\",\"description\":\"Rope Laces, Flat Waxed Laces and Leather Laces. All With Gold Tips.\",\"publisher\":{\"@id\":\"https:\\\/\\\/www.loopkinglaces.com\\\/pl\\\/#organization\"},\"potentialAction\":[{\"@type\":\"SearchAction\",\"target\":{\"@type\":\"EntryPoint\",\"urlTemplate\":\"https:\\\/\\\/www.loopkinglaces.com\\\/pl\\\/?s={search_term_string}\"},\"query-input\":{\"@type\":\"PropertyValueSpecification\",\"valueRequired\":true,\"valueName\":\"search_term_string\"}}],\"inLanguage\":\"pl-PL\"},{\"@type\":\"Organization\",\"@id\":\"https:\\\/\\\/www.loopkinglaces.com\\\/pl\\\/#organization\",\"name\":\"Loop King Laces\",\"url\":\"https:\\\/\\\/www.loopkinglaces.com\\\/pl\\\/\",\"logo\":{\"@type\":\"ImageObject\",\"inLanguage\":\"pl-PL\",\"@id\":\"https:\\\/\\\/www.loopkinglaces.com\\\/pl\\\/#\\\/schema\\\/logo\\\/image\\\/\",\"url\":\"https:\\\/\\\/www.loopkinglaces.com\\\/wp-content\\\/uploads\\\/LOOP-KING-LACES.1.1-01-LOGO-HI-RES-OFFICIAL-1.png\",\"contentUrl\":\"https:\\\/\\\/www.loopkinglaces.com\\\/wp-content\\\/uploads\\\/LOOP-KING-LACES.1.1-01-LOGO-HI-RES-OFFICIAL-1.png\",\"width\":128,\"height\":91,\"caption\":\"Loop King Laces\"},\"image\":{\"@id\":\"https:\\\/\\\/www.loopkinglaces.com\\\/pl\\\/#\\\/schema\\\/logo\\\/image\\\/\"},\"sameAs\":[\"https:\\\/\\\/www.facebook.com\\\/LoopKingLaces\\\/\",\"https:\\\/\\\/x.com\\\/loopkinglaces\",\"https:\\\/\\\/www.instagram.com\\\/loopkinglaces\\\/\"]}]}<\/script>\n<!-- \/ Yoast SEO plugin. -->","yoast_head_json":{"title":"P\u0142askie bawe\u0142niane sznurowad\u0142a Sail Vintage Faded z przezroczystymi ko\u0144c\u00f3wkami - Loop King","description":"Ulepsz swoje obuwie dzi\u0119ki sznurowad\u0142om Loop King's Sail Vintage Faded Shoelaces, \u0142\u0105cz\u0105cym ponadczasowy urok i nowoczesny styl. Idealne dla wyrafinowanego, od\u015bwie\u017conego wygl\u0105du.","robots":{"index":"index","follow":"follow","max-snippet":"max-snippet:-1","max-image-preview":"max-image-preview:large","max-video-preview":"max-video-preview:-1"},"canonical":"https:\/\/www.loopkinglaces.com\/pl\/products\/plaskie-bawelniane-sznurowadla-sail-vintage-faded-z-przezroczystymi-koncowkami\/","og_locale":"pl_PL","og_type":"article","og_title":"P\u0142askie bawe\u0142niane sznurowad\u0142a Sail Vintage Faded z przezroczystymi ko\u0144c\u00f3wkami - Loop King","og_description":"Ulepsz swoje obuwie dzi\u0119ki sznurowad\u0142om Loop King's Sail Vintage Faded Shoelaces, \u0142\u0105cz\u0105cym ponadczasowy urok i nowoczesny styl. Idealne dla wyrafinowanego, od\u015bwie\u017conego wygl\u0105du.","og_url":"https:\/\/www.loopkinglaces.com\/pl\/products\/plaskie-bawelniane-sznurowadla-sail-vintage-faded-z-przezroczystymi-koncowkami\/","og_site_name":"Luxury Gold Tip Shoelaces by Loop King Laces","article_publisher":"https:\/\/www.facebook.com\/LoopKingLaces\/","og_image":[{"width":800,"height":800,"url":"https:\/\/www.loopkinglaces.com\/wp-content\/uploads\/Sail-Vintage-800x800.jpg","type":"image\/jpeg"}],"twitter_card":"summary_large_image","twitter_site":"@loopkinglaces","twitter_misc":{"Szacowany czas czytania":"1 minuta"},"schema":{"@context":"https:\/\/schema.org","@graph":[{"@type":["WebPage","ItemPage"],"@id":"https:\/\/www.loopkinglaces.com\/pl\/products\/plaskie-bawelniane-sznurowadla-sail-vintage-faded-z-przezroczystymi-koncowkami\/","url":"https:\/\/www.loopkinglaces.com\/pl\/products\/plaskie-bawelniane-sznurowadla-sail-vintage-faded-z-przezroczystymi-koncowkami\/","name":"P\u0142askie bawe\u0142niane sznurowad\u0142a Sail Vintage Faded z przezroczystymi ko\u0144c\u00f3wkami - Loop King","isPartOf":{"@id":"https:\/\/www.loopkinglaces.com\/pl\/#website"},"primaryImageOfPage":{"@id":"https:\/\/www.loopkinglaces.com\/pl\/products\/plaskie-bawelniane-sznurowadla-sail-vintage-faded-z-przezroczystymi-koncowkami\/#primaryimage"},"image":{"@id":"https:\/\/www.loopkinglaces.com\/pl\/products\/plaskie-bawelniane-sznurowadla-sail-vintage-faded-z-przezroczystymi-koncowkami\/#primaryimage"},"thumbnailUrl":"https:\/\/www.loopkinglaces.com\/wp-content\/uploads\/Sail-Vintage.jpg","datePublished":"2023-12-11T18:13:05+00:00","description":"Ulepsz swoje obuwie dzi\u0119ki sznurowad\u0142om Loop King's Sail Vintage Faded Shoelaces, \u0142\u0105cz\u0105cym ponadczasowy urok i nowoczesny styl. Idealne dla wyrafinowanego, od\u015bwie\u017conego wygl\u0105du.","breadcrumb":{"@id":"https:\/\/www.loopkinglaces.com\/pl\/products\/plaskie-bawelniane-sznurowadla-sail-vintage-faded-z-przezroczystymi-koncowkami\/#breadcrumb"},"inLanguage":"pl-PL","potentialAction":[{"@type":"ReadAction","target":["https:\/\/www.loopkinglaces.com\/pl\/products\/plaskie-bawelniane-sznurowadla-sail-vintage-faded-z-przezroczystymi-koncowkami\/"]}]},{"@type":"ImageObject","inLanguage":"pl-PL","@id":"https:\/\/www.loopkinglaces.com\/pl\/products\/plaskie-bawelniane-sznurowadla-sail-vintage-faded-z-przezroczystymi-koncowkami\/#primaryimage","url":"https:\/\/www.loopkinglaces.com\/wp-content\/uploads\/Sail-Vintage.jpg","contentUrl":"https:\/\/www.loopkinglaces.com\/wp-content\/uploads\/Sail-Vintage.jpg","width":2456,"height":2456},{"@type":"BreadcrumbList","@id":"https:\/\/www.loopkinglaces.com\/pl\/products\/plaskie-bawelniane-sznurowadla-sail-vintage-faded-z-przezroczystymi-koncowkami\/#breadcrumb","itemListElement":[{"@type":"ListItem","position":1,"name":"Home","item":"https:\/\/www.loopkinglaces.com\/pl\/"},{"@type":"ListItem","position":2,"name":"BUY LACES","item":"https:\/\/www.loopkinglaces.com\/buy-laces\/"},{"@type":"ListItem","position":3,"name":"P\u0142askie bawe\u0142niane sznurowad\u0142a Sail Vintage Faded z przezroczystymi ko\u0144c\u00f3wkami"}]},{"@type":"WebSite","@id":"https:\/\/www.loopkinglaces.com\/pl\/#website","url":"https:\/\/www.loopkinglaces.com\/pl\/","name":"Luxury Gold Tip Shoelaces by Loop King Laces","description":"Rope Laces, Flat Waxed Laces and Leather Laces. All With Gold Tips.","publisher":{"@id":"https:\/\/www.loopkinglaces.com\/pl\/#organization"},"potentialAction":[{"@type":"SearchAction","target":{"@type":"EntryPoint","urlTemplate":"https:\/\/www.loopkinglaces.com\/pl\/?s={search_term_string}"},"query-input":{"@type":"PropertyValueSpecification","valueRequired":true,"valueName":"search_term_string"}}],"inLanguage":"pl-PL"},{"@type":"Organization","@id":"https:\/\/www.loopkinglaces.com\/pl\/#organization","name":"Loop King Laces","url":"https:\/\/www.loopkinglaces.com\/pl\/","logo":{"@type":"ImageObject","inLanguage":"pl-PL","@id":"https:\/\/www.loopkinglaces.com\/pl\/#\/schema\/logo\/image\/","url":"https:\/\/www.loopkinglaces.com\/wp-content\/uploads\/LOOP-KING-LACES.1.1-01-LOGO-HI-RES-OFFICIAL-1.png","contentUrl":"https:\/\/www.loopkinglaces.com\/wp-content\/uploads\/LOOP-KING-LACES.1.1-01-LOGO-HI-RES-OFFICIAL-1.png","width":128,"height":91,"caption":"Loop King Laces"},"image":{"@id":"https:\/\/www.loopkinglaces.com\/pl\/#\/schema\/logo\/image\/"},"sameAs":["https:\/\/www.facebook.com\/LoopKingLaces\/","https:\/\/x.com\/loopkinglaces","https:\/\/www.instagram.com\/loopkinglaces\/"]}]}},"_links":{"self":[{"href":"https:\/\/www.loopkinglaces.com\/pl\/wp-json\/wp\/v2\/product\/81116","targetHints":{"allow":["GET"]}}],"collection":[{"href":"https:\/\/www.loopkinglaces.com\/pl\/wp-json\/wp\/v2\/product"}],"about":[{"href":"https:\/\/www.loopkinglaces.com\/pl\/wp-json\/wp\/v2\/types\/product"}],"replies":[{"embeddable":true,"href":"https:\/\/www.loopkinglaces.com\/pl\/wp-json\/wp\/v2\/comments?post=81116"}],"wp:featuredmedia":[{"embeddable":true,"href":"https:\/\/www.loopkinglaces.com\/pl\/wp-json\/wp\/v2\/media\/81122"}],"wp:attachment":[{"href":"https:\/\/www.loopkinglaces.com\/pl\/wp-json\/wp\/v2\/media?parent=81116"}],"wp:term":[{"taxonomy":"product_brand","embeddable":true,"href":"https:\/\/www.loopkinglaces.com\/pl\/wp-json\/wp\/v2\/product_brand?post=81116"},{"taxonomy":"product_cat","embeddable":true,"href":"https:\/\/www.loopkinglaces.com\/pl\/wp-json\/wp\/v2\/product_cat?post=81116"},{"taxonomy":"product_tag","embeddable":true,"href":"https:\/\/www.loopkinglaces.com\/pl\/wp-json\/wp\/v2\/product_tag?post=81116"},{"taxonomy":"woo-feed-brand","embeddable":true,"href":"https:\/\/www.loopkinglaces.com\/pl\/wp-json\/wp\/v2\/woo-feed-brand?post=81116"}],"curies":[{"name":"wp","href":"https:\/\/api.w.org\/{rel}","templated":true}]}}