{"id":81099,"date":"2023-12-11T18:43:31","date_gmt":"2023-12-11T18:43:31","guid":{"rendered":"https:\/\/www.loopkinglaces.com\/products\/plaskie-bawelniane-sznurowadla-royal-blue-vintage-faded-z-przezroczystymi-koncowkami\/"},"modified":"2023-12-11T18:43:31","modified_gmt":"2023-12-11T18:43:31","slug":"plaskie-bawelniane-sznurowadla-royal-blue-vintage-faded-z-przezroczystymi-koncowkami","status":"publish","type":"product","link":"https:\/\/www.loopkinglaces.com\/pl\/products\/plaskie-bawelniane-sznurowadla-royal-blue-vintage-faded-z-przezroczystymi-koncowkami\/","title":{"rendered":"P\u0142askie bawe\u0142niane sznurowad\u0142a Royal Blue Vintage Faded z przezroczystymi ko\u0144c\u00f3wkami"},"content":{"rendered":"<p>Bawe\u0142niane sznurowad\u0142a Loop King Vintage Faded Flat \u0142\u0105cz\u0105 historyczny urok z nowoczesn\u0105 wytrzyma\u0142o\u015bci\u0105. Te sznurowad\u0142a, dopasowane do Twojego obuwia, maj\u0105 charakterystyczny wyblak\u0142y styl vintage, dodaj\u0105c esencj\u0119 retro do ka\u017cdego rodzaju but\u00f3w. Wykonane z najwy\u017cszej jako\u015bci bawe\u0142ny, zapewniaj\u0105 zar\u00f3wno wygod\u0119, jak i d\u0142ugotrwa\u0142e u\u017cytkowanie. Przezroczyste ko\u0144c\u00f3wki nie tylko podkre\u015blaj\u0105 starzej\u0105cy si\u0119 wygl\u0105d sznurowade\u0142, ale tak\u017ce zwi\u0119kszaj\u0105 ich wytrzyma\u0142o\u015b\u0107 na zu\u017cycie. Idealne do wszystkich rodzaj\u00f3w obuwia, od lu\u017anych trampek po formalne buty wizytowe, zapewniaj\u0105 wszechstronno\u015b\u0107 i elegancj\u0119. Ulepsz swoj\u0105 mod\u0119 obuwnicz\u0105 dzi\u0119ki tym wyj\u0105tkowym sznurowad\u0142om, idealnym dla tych, kt\u00f3rzy ceni\u0105 sobie po\u0142\u0105czenie ponadczasowej estetyki i nowoczesnej trwa\u0142o\u015bci. Nasze sznurowad\u0142a pasuj\u0105 do wszystkich rodzaj\u00f3w sneakers\u00f3w i marek, w tym Adidas, Nike, VANS i tak dalej, odwied\u017a nasz <a href=\"\/shoelace-size-chart\/\">Przewodnik po rozmiarach<\/a>, gdzie mo\u017cesz znale\u017a\u0107 idealny rozmiar sznurowade\u0142 pasuj\u0105cy do twoich but\u00f3w.     <\/p>\n<p>&nbsp;<\/p>\n","protected":false},"excerpt":{"rendered":"<p><strong>P\u0142askie bawe\u0142niane sznurowad\u0142a Royal Blue Vintage Faded z przezroczystymi ko\u0144c\u00f3wkami<\/strong><\/p>\n<p>Ciesz si\u0119 doskona\u0142ym po\u0142\u0105czeniem zabytkowego uroku i wsp\u00f3\u0142czesnej wytrzyma\u0142o\u015bci dzi\u0119ki bawe\u0142nianym sznurowad\u0142om Vintage Faded Flat marki Loop King. Te sznurowad\u0142a, wykonane z my\u015bl\u0105 o podniesieniu jako\u015bci Twojego obuwia, maj\u0105 charakterystyczny wyblak\u0142y wygl\u0105d przypominaj\u0105cy minion\u0105 epok\u0119. Wykonane z najwy\u017cszej jako\u015bci bawe\u0142ny, zapewniaj\u0105 zar\u00f3wno komfort, jak i d\u0142ugotrwa\u0142e u\u017cytkowanie. Przezroczyste ko\u0144c\u00f3wki nie tylko dodaj\u0105 sznurowad\u0142om uroku retro, ale tak\u017ce zapewniaj\u0105 zwi\u0119kszon\u0105 trwa\u0142o\u015b\u0107 przed strz\u0119pieniem. Nadaj\u0105 si\u0119 do szerokiej gamy but\u00f3w, od codziennych po formalne, te sznurowad\u0142a oferuj\u0105 zar\u00f3wno zdolno\u015b\u0107 adaptacji, jak i wyrafinowanie. Wzboga\u0107 sw\u00f3j zestaw but\u00f3w tymi doskona\u0142ymi sznurowad\u0142ami, idealnym wyborem dla tych, kt\u00f3rzy ceni\u0105 harmoni\u0119 klasycznego wzornictwa i nowoczesnej jako\u015bci. Zobacz cechy poni\u017cej:  <\/p>\n<ul>\n<li>R\u0119cznie barwione z osobistym akcentem (nie ma dw\u00f3ch takich samych sznur\u00f3wek)<\/li>\n<li>Materia\u0142y premium<\/li>\n<li>Wytrzymuj\u0105 <strong>3 razy d\u0142u\u017cej<\/strong> ni\u017c zwyk\u0142e sznur\u00f3wki<\/li>\n<li>Wysokiej jako\u015bci przezroczyste plastikowe ko\u0144c\u00f3wki<\/li>\n<li>Poliester Bawe\u0142na<\/li>\n<li>Pi\u0119kne opakowanie Loop King na koronk\u0119<\/li>\n<\/ul>\n","protected":false},"featured_media":81101,"comment_status":"open","ping_status":"closed","template":"","meta":{"_acf_changed":false},"product_brand":[],"product_cat":[2149,2148,2151,2150,2107,2040,2145,2116,2035],"product_tag":[2056,2051,2055,2061,2053,2058,2059],"woo-feed-brand":[],"class_list":{"0":"post-81099","1":"product","2":"type-product","3":"status-publish","4":"has-post-thumbnail","6":"product_cat-doskonale-sznurowki-jordan-ktore-odswieza-twoje-kicksy-w-wielu-kolorach","7":"product_cat-odkryj-urok-plaskich-bawelnianych-sznurowadel-loop-king-vintage-faded-z-przezroczystymi-koncowkami","8":"product_cat-on-cloud-shoe-strings-ulepszanie-obuwia-jedna-koronka-na-raz","9":"product_cat-sznurowadla-brooks-subtelny-dotyk-ktory-poprawi-twoja-gre-na-stopach","10":"product_cat-sznurowanie-zabawnych-sznurowadel-zanurz-sie-w-ekscytujacych-sznurowadlach","11":"product_cat-sznurowki-sperry-drobne-szczegoly-dla-roznych-rezultatow","12":"product_cat-sznurowki-tie-dye-zabawne-spojrzenie-na-klasyczne-obuwie","13":"product_cat-top-tier-trophy-room-jordan-1-blue-laces-aby-wygladac-niesamowicie","14":"product_cat-wszystkie-sznurowadla","15":"product_tag-czarny","16":"product_tag-loop-king-pl","17":"product_tag-metalowa-koncowka","18":"product_tag-szary","19":"product_tag-sznurowadla","20":"product_tag-sznurowadla-pl","21":"product_tag-sznurowadla-ze-zlota-koncowka","23":"first","24":"instock","25":"taxable","26":"shipping-taxable","27":"product-type-variable"},"acf":[],"yoast_head":"<!-- This site is optimized with the Yoast SEO plugin v27.4 - https:\/\/yoast.com\/product\/yoast-seo-wordpress\/ -->\n<title>P\u0142askie bawe\u0142niane sznurowad\u0142a Royal Blue Vintage Faded z przezroczystymi ko\u0144c\u00f3wkami - Loop King<\/title>\n<meta name=\"description\" content=\"Nadaj swoim butom szyku w stylu retro dzi\u0119ki naszym sznurowad\u0142om Royal Blue Vintage Faded Shoelaces. Idealne dla tych, kt\u00f3rzy kochaj\u0105 po\u0142\u0105czenie tradycyjnego i nowoczesnego stylu.\" \/>\n<meta name=\"robots\" content=\"index, follow, max-snippet:-1, max-image-preview:large, max-video-preview:-1\" \/>\n<link rel=\"canonical\" href=\"https:\/\/www.loopkinglaces.com\/pl\/products\/plaskie-bawelniane-sznurowadla-royal-blue-vintage-faded-z-przezroczystymi-koncowkami\/\" \/>\n<meta property=\"og:locale\" content=\"pl_PL\" \/>\n<meta property=\"og:type\" content=\"article\" \/>\n<meta property=\"og:title\" content=\"P\u0142askie bawe\u0142niane sznurowad\u0142a Royal Blue Vintage Faded z przezroczystymi ko\u0144c\u00f3wkami - Loop King\" \/>\n<meta property=\"og:description\" content=\"Nadaj swoim butom szyku w stylu retro dzi\u0119ki naszym sznurowad\u0142om Royal Blue Vintage Faded Shoelaces. Idealne dla tych, kt\u00f3rzy kochaj\u0105 po\u0142\u0105czenie tradycyjnego i nowoczesnego stylu.\" \/>\n<meta property=\"og:url\" content=\"https:\/\/www.loopkinglaces.com\/pl\/products\/plaskie-bawelniane-sznurowadla-royal-blue-vintage-faded-z-przezroczystymi-koncowkami\/\" \/>\n<meta property=\"og:site_name\" content=\"Luxury Gold Tip Shoelaces by Loop King Laces\" \/>\n<meta property=\"article:publisher\" content=\"https:\/\/www.facebook.com\/LoopKingLaces\/\" \/>\n<meta property=\"og:image\" content=\"https:\/\/www.loopkinglaces.com\/wp-content\/uploads\/Royal-Blue-Vintage-scaled.jpg\" \/>\n\t<meta property=\"og:image:width\" content=\"2560\" \/>\n\t<meta property=\"og:image:height\" content=\"2560\" \/>\n\t<meta property=\"og:image:type\" content=\"image\/jpeg\" \/>\n<meta name=\"twitter:card\" content=\"summary_large_image\" \/>\n<meta name=\"twitter:site\" content=\"@loopkinglaces\" \/>\n<meta name=\"twitter:label1\" content=\"Szacowany czas czytania\" \/>\n\t<meta name=\"twitter:data1\" content=\"1 minuta\" \/>\n<script type=\"application\/ld+json\" class=\"yoast-schema-graph\">{\"@context\":\"https:\\\/\\\/schema.org\",\"@graph\":[{\"@type\":[\"WebPage\",\"ItemPage\"],\"@id\":\"https:\\\/\\\/www.loopkinglaces.com\\\/pl\\\/products\\\/plaskie-bawelniane-sznurowadla-royal-blue-vintage-faded-z-przezroczystymi-koncowkami\\\/\",\"url\":\"https:\\\/\\\/www.loopkinglaces.com\\\/pl\\\/products\\\/plaskie-bawelniane-sznurowadla-royal-blue-vintage-faded-z-przezroczystymi-koncowkami\\\/\",\"name\":\"P\u0142askie bawe\u0142niane sznurowad\u0142a Royal Blue Vintage Faded z przezroczystymi ko\u0144c\u00f3wkami - Loop King\",\"isPartOf\":{\"@id\":\"https:\\\/\\\/www.loopkinglaces.com\\\/pl\\\/#website\"},\"primaryImageOfPage\":{\"@id\":\"https:\\\/\\\/www.loopkinglaces.com\\\/pl\\\/products\\\/plaskie-bawelniane-sznurowadla-royal-blue-vintage-faded-z-przezroczystymi-koncowkami\\\/#primaryimage\"},\"image\":{\"@id\":\"https:\\\/\\\/www.loopkinglaces.com\\\/pl\\\/products\\\/plaskie-bawelniane-sznurowadla-royal-blue-vintage-faded-z-przezroczystymi-koncowkami\\\/#primaryimage\"},\"thumbnailUrl\":\"https:\\\/\\\/www.loopkinglaces.com\\\/wp-content\\\/uploads\\\/Royal-Blue-Vintage-scaled.jpg\",\"datePublished\":\"2023-12-11T18:43:31+00:00\",\"description\":\"Nadaj swoim butom szyku w stylu retro dzi\u0119ki naszym sznurowad\u0142om Royal Blue Vintage Faded Shoelaces. Idealne dla tych, kt\u00f3rzy kochaj\u0105 po\u0142\u0105czenie tradycyjnego i nowoczesnego stylu.\",\"breadcrumb\":{\"@id\":\"https:\\\/\\\/www.loopkinglaces.com\\\/pl\\\/products\\\/plaskie-bawelniane-sznurowadla-royal-blue-vintage-faded-z-przezroczystymi-koncowkami\\\/#breadcrumb\"},\"inLanguage\":\"pl-PL\",\"potentialAction\":[{\"@type\":\"ReadAction\",\"target\":[\"https:\\\/\\\/www.loopkinglaces.com\\\/pl\\\/products\\\/plaskie-bawelniane-sznurowadla-royal-blue-vintage-faded-z-przezroczystymi-koncowkami\\\/\"]}]},{\"@type\":\"ImageObject\",\"inLanguage\":\"pl-PL\",\"@id\":\"https:\\\/\\\/www.loopkinglaces.com\\\/pl\\\/products\\\/plaskie-bawelniane-sznurowadla-royal-blue-vintage-faded-z-przezroczystymi-koncowkami\\\/#primaryimage\",\"url\":\"https:\\\/\\\/www.loopkinglaces.com\\\/wp-content\\\/uploads\\\/Royal-Blue-Vintage-scaled.jpg\",\"contentUrl\":\"https:\\\/\\\/www.loopkinglaces.com\\\/wp-content\\\/uploads\\\/Royal-Blue-Vintage-scaled.jpg\",\"width\":2560,\"height\":2560},{\"@type\":\"BreadcrumbList\",\"@id\":\"https:\\\/\\\/www.loopkinglaces.com\\\/pl\\\/products\\\/plaskie-bawelniane-sznurowadla-royal-blue-vintage-faded-z-przezroczystymi-koncowkami\\\/#breadcrumb\",\"itemListElement\":[{\"@type\":\"ListItem\",\"position\":1,\"name\":\"Home\",\"item\":\"https:\\\/\\\/www.loopkinglaces.com\\\/pl\\\/\"},{\"@type\":\"ListItem\",\"position\":2,\"name\":\"BUY LACES\",\"item\":\"https:\\\/\\\/www.loopkinglaces.com\\\/buy-laces\\\/\"},{\"@type\":\"ListItem\",\"position\":3,\"name\":\"P\u0142askie bawe\u0142niane sznurowad\u0142a Royal Blue Vintage Faded z przezroczystymi ko\u0144c\u00f3wkami\"}]},{\"@type\":\"WebSite\",\"@id\":\"https:\\\/\\\/www.loopkinglaces.com\\\/pl\\\/#website\",\"url\":\"https:\\\/\\\/www.loopkinglaces.com\\\/pl\\\/\",\"name\":\"Luxury Gold Tip Shoelaces by Loop King Laces\",\"description\":\"Rope Laces, Flat Waxed Laces and Leather Laces. All With Gold Tips.\",\"publisher\":{\"@id\":\"https:\\\/\\\/www.loopkinglaces.com\\\/pl\\\/#organization\"},\"potentialAction\":[{\"@type\":\"SearchAction\",\"target\":{\"@type\":\"EntryPoint\",\"urlTemplate\":\"https:\\\/\\\/www.loopkinglaces.com\\\/pl\\\/?s={search_term_string}\"},\"query-input\":{\"@type\":\"PropertyValueSpecification\",\"valueRequired\":true,\"valueName\":\"search_term_string\"}}],\"inLanguage\":\"pl-PL\"},{\"@type\":\"Organization\",\"@id\":\"https:\\\/\\\/www.loopkinglaces.com\\\/pl\\\/#organization\",\"name\":\"Loop King Laces\",\"url\":\"https:\\\/\\\/www.loopkinglaces.com\\\/pl\\\/\",\"logo\":{\"@type\":\"ImageObject\",\"inLanguage\":\"pl-PL\",\"@id\":\"https:\\\/\\\/www.loopkinglaces.com\\\/pl\\\/#\\\/schema\\\/logo\\\/image\\\/\",\"url\":\"https:\\\/\\\/www.loopkinglaces.com\\\/wp-content\\\/uploads\\\/LOOP-KING-LACES.1.1-01-LOGO-HI-RES-OFFICIAL-1.png\",\"contentUrl\":\"https:\\\/\\\/www.loopkinglaces.com\\\/wp-content\\\/uploads\\\/LOOP-KING-LACES.1.1-01-LOGO-HI-RES-OFFICIAL-1.png\",\"width\":128,\"height\":91,\"caption\":\"Loop King Laces\"},\"image\":{\"@id\":\"https:\\\/\\\/www.loopkinglaces.com\\\/pl\\\/#\\\/schema\\\/logo\\\/image\\\/\"},\"sameAs\":[\"https:\\\/\\\/www.facebook.com\\\/LoopKingLaces\\\/\",\"https:\\\/\\\/x.com\\\/loopkinglaces\",\"https:\\\/\\\/www.instagram.com\\\/loopkinglaces\\\/\"]}]}<\/script>\n<!-- \/ Yoast SEO plugin. -->","yoast_head_json":{"title":"P\u0142askie bawe\u0142niane sznurowad\u0142a Royal Blue Vintage Faded z przezroczystymi ko\u0144c\u00f3wkami - Loop King","description":"Nadaj swoim butom szyku w stylu retro dzi\u0119ki naszym sznurowad\u0142om Royal Blue Vintage Faded Shoelaces. Idealne dla tych, kt\u00f3rzy kochaj\u0105 po\u0142\u0105czenie tradycyjnego i nowoczesnego stylu.","robots":{"index":"index","follow":"follow","max-snippet":"max-snippet:-1","max-image-preview":"max-image-preview:large","max-video-preview":"max-video-preview:-1"},"canonical":"https:\/\/www.loopkinglaces.com\/pl\/products\/plaskie-bawelniane-sznurowadla-royal-blue-vintage-faded-z-przezroczystymi-koncowkami\/","og_locale":"pl_PL","og_type":"article","og_title":"P\u0142askie bawe\u0142niane sznurowad\u0142a Royal Blue Vintage Faded z przezroczystymi ko\u0144c\u00f3wkami - Loop King","og_description":"Nadaj swoim butom szyku w stylu retro dzi\u0119ki naszym sznurowad\u0142om Royal Blue Vintage Faded Shoelaces. Idealne dla tych, kt\u00f3rzy kochaj\u0105 po\u0142\u0105czenie tradycyjnego i nowoczesnego stylu.","og_url":"https:\/\/www.loopkinglaces.com\/pl\/products\/plaskie-bawelniane-sznurowadla-royal-blue-vintage-faded-z-przezroczystymi-koncowkami\/","og_site_name":"Luxury Gold Tip Shoelaces by Loop King Laces","article_publisher":"https:\/\/www.facebook.com\/LoopKingLaces\/","og_image":[{"width":2560,"height":2560,"url":"https:\/\/www.loopkinglaces.com\/wp-content\/uploads\/Royal-Blue-Vintage-scaled.jpg","type":"image\/jpeg"}],"twitter_card":"summary_large_image","twitter_site":"@loopkinglaces","twitter_misc":{"Szacowany czas czytania":"1 minuta"},"schema":{"@context":"https:\/\/schema.org","@graph":[{"@type":["WebPage","ItemPage"],"@id":"https:\/\/www.loopkinglaces.com\/pl\/products\/plaskie-bawelniane-sznurowadla-royal-blue-vintage-faded-z-przezroczystymi-koncowkami\/","url":"https:\/\/www.loopkinglaces.com\/pl\/products\/plaskie-bawelniane-sznurowadla-royal-blue-vintage-faded-z-przezroczystymi-koncowkami\/","name":"P\u0142askie bawe\u0142niane sznurowad\u0142a Royal Blue Vintage Faded z przezroczystymi ko\u0144c\u00f3wkami - Loop King","isPartOf":{"@id":"https:\/\/www.loopkinglaces.com\/pl\/#website"},"primaryImageOfPage":{"@id":"https:\/\/www.loopkinglaces.com\/pl\/products\/plaskie-bawelniane-sznurowadla-royal-blue-vintage-faded-z-przezroczystymi-koncowkami\/#primaryimage"},"image":{"@id":"https:\/\/www.loopkinglaces.com\/pl\/products\/plaskie-bawelniane-sznurowadla-royal-blue-vintage-faded-z-przezroczystymi-koncowkami\/#primaryimage"},"thumbnailUrl":"https:\/\/www.loopkinglaces.com\/wp-content\/uploads\/Royal-Blue-Vintage-scaled.jpg","datePublished":"2023-12-11T18:43:31+00:00","description":"Nadaj swoim butom szyku w stylu retro dzi\u0119ki naszym sznurowad\u0142om Royal Blue Vintage Faded Shoelaces. Idealne dla tych, kt\u00f3rzy kochaj\u0105 po\u0142\u0105czenie tradycyjnego i nowoczesnego stylu.","breadcrumb":{"@id":"https:\/\/www.loopkinglaces.com\/pl\/products\/plaskie-bawelniane-sznurowadla-royal-blue-vintage-faded-z-przezroczystymi-koncowkami\/#breadcrumb"},"inLanguage":"pl-PL","potentialAction":[{"@type":"ReadAction","target":["https:\/\/www.loopkinglaces.com\/pl\/products\/plaskie-bawelniane-sznurowadla-royal-blue-vintage-faded-z-przezroczystymi-koncowkami\/"]}]},{"@type":"ImageObject","inLanguage":"pl-PL","@id":"https:\/\/www.loopkinglaces.com\/pl\/products\/plaskie-bawelniane-sznurowadla-royal-blue-vintage-faded-z-przezroczystymi-koncowkami\/#primaryimage","url":"https:\/\/www.loopkinglaces.com\/wp-content\/uploads\/Royal-Blue-Vintage-scaled.jpg","contentUrl":"https:\/\/www.loopkinglaces.com\/wp-content\/uploads\/Royal-Blue-Vintage-scaled.jpg","width":2560,"height":2560},{"@type":"BreadcrumbList","@id":"https:\/\/www.loopkinglaces.com\/pl\/products\/plaskie-bawelniane-sznurowadla-royal-blue-vintage-faded-z-przezroczystymi-koncowkami\/#breadcrumb","itemListElement":[{"@type":"ListItem","position":1,"name":"Home","item":"https:\/\/www.loopkinglaces.com\/pl\/"},{"@type":"ListItem","position":2,"name":"BUY LACES","item":"https:\/\/www.loopkinglaces.com\/buy-laces\/"},{"@type":"ListItem","position":3,"name":"P\u0142askie bawe\u0142niane sznurowad\u0142a Royal Blue Vintage Faded z przezroczystymi ko\u0144c\u00f3wkami"}]},{"@type":"WebSite","@id":"https:\/\/www.loopkinglaces.com\/pl\/#website","url":"https:\/\/www.loopkinglaces.com\/pl\/","name":"Luxury Gold Tip Shoelaces by Loop King Laces","description":"Rope Laces, Flat Waxed Laces and Leather Laces. All With Gold Tips.","publisher":{"@id":"https:\/\/www.loopkinglaces.com\/pl\/#organization"},"potentialAction":[{"@type":"SearchAction","target":{"@type":"EntryPoint","urlTemplate":"https:\/\/www.loopkinglaces.com\/pl\/?s={search_term_string}"},"query-input":{"@type":"PropertyValueSpecification","valueRequired":true,"valueName":"search_term_string"}}],"inLanguage":"pl-PL"},{"@type":"Organization","@id":"https:\/\/www.loopkinglaces.com\/pl\/#organization","name":"Loop King Laces","url":"https:\/\/www.loopkinglaces.com\/pl\/","logo":{"@type":"ImageObject","inLanguage":"pl-PL","@id":"https:\/\/www.loopkinglaces.com\/pl\/#\/schema\/logo\/image\/","url":"https:\/\/www.loopkinglaces.com\/wp-content\/uploads\/LOOP-KING-LACES.1.1-01-LOGO-HI-RES-OFFICIAL-1.png","contentUrl":"https:\/\/www.loopkinglaces.com\/wp-content\/uploads\/LOOP-KING-LACES.1.1-01-LOGO-HI-RES-OFFICIAL-1.png","width":128,"height":91,"caption":"Loop King Laces"},"image":{"@id":"https:\/\/www.loopkinglaces.com\/pl\/#\/schema\/logo\/image\/"},"sameAs":["https:\/\/www.facebook.com\/LoopKingLaces\/","https:\/\/x.com\/loopkinglaces","https:\/\/www.instagram.com\/loopkinglaces\/"]}]}},"_links":{"self":[{"href":"https:\/\/www.loopkinglaces.com\/pl\/wp-json\/wp\/v2\/product\/81099","targetHints":{"allow":["GET"]}}],"collection":[{"href":"https:\/\/www.loopkinglaces.com\/pl\/wp-json\/wp\/v2\/product"}],"about":[{"href":"https:\/\/www.loopkinglaces.com\/pl\/wp-json\/wp\/v2\/types\/product"}],"replies":[{"embeddable":true,"href":"https:\/\/www.loopkinglaces.com\/pl\/wp-json\/wp\/v2\/comments?post=81099"}],"wp:featuredmedia":[{"embeddable":true,"href":"https:\/\/www.loopkinglaces.com\/pl\/wp-json\/wp\/v2\/media\/81101"}],"wp:attachment":[{"href":"https:\/\/www.loopkinglaces.com\/pl\/wp-json\/wp\/v2\/media?parent=81099"}],"wp:term":[{"taxonomy":"product_brand","embeddable":true,"href":"https:\/\/www.loopkinglaces.com\/pl\/wp-json\/wp\/v2\/product_brand?post=81099"},{"taxonomy":"product_cat","embeddable":true,"href":"https:\/\/www.loopkinglaces.com\/pl\/wp-json\/wp\/v2\/product_cat?post=81099"},{"taxonomy":"product_tag","embeddable":true,"href":"https:\/\/www.loopkinglaces.com\/pl\/wp-json\/wp\/v2\/product_tag?post=81099"},{"taxonomy":"woo-feed-brand","embeddable":true,"href":"https:\/\/www.loopkinglaces.com\/pl\/wp-json\/wp\/v2\/woo-feed-brand?post=81099"}],"curies":[{"name":"wp","href":"https:\/\/api.w.org\/{rel}","templated":true}]}}